{"id":34325,"date":"2024-02-27T08:20:58","date_gmt":"2024-02-27T07:20:58","guid":{"rendered":"https:\/\/www.alternatievemiddelen.nl\/?post_type=product&#038;p=34325"},"modified":"2025-02-19T02:17:00","modified_gmt":"2025-02-19T01:17:00","slug":"aqua-aurora-ademvitaliser","status":"publish","type":"product","link":"https:\/\/www.alternatievemiddelen.nl\/es\/productos\/aqua-aurora-vitalizador-del-aliento\/","title":{"rendered":"Aqua Aurora Vitalizador del aliento"},"content":{"rendered":"<p>El Vitalizador Respiratorio Aqua Aurora proporciona m\u00e1s energ\u00eda y posiblemente sea eficaz para problemas pulmonares como la EPOC y el asma. Aumenta la captaci\u00f3n de ox\u00edgeno en la sangre, lo que quiz\u00e1 tenga un efecto positivo en la enfermedad de Lyme, entre otras. Hace que el aire recupere su vibraci\u00f3n natural. El vitalizador funciona en la frecuencia de la piedra caliza de concha. Esto elimina las frecuencias no naturales de radiaci\u00f3n y las cargas energ\u00e9ticas de otras sustancias t\u00f3xicas. Las personas, las plantas y los animales responden inmediatamente y se vuelven m\u00e1s vitales. El resultado son menos problemas de salud en las personas y menos enfermedades y fallos en plantas y animales.<br \/>\n&nbsp;<\/p>\n<h3>Vitalizador respiratorio Aqua Aurora<\/h3>\n<p>Inhalando a trav\u00e9s del vitalizador unas 5 veces al d\u00eda de tres a cinco veces, los pulmones reciben m\u00e1s ox\u00edgeno. Todos los dem\u00e1s \u00f3rganos tambi\u00e9n reciben m\u00e1s energ\u00eda inmediatamente. Para ello, coloque el lado estrecho en la boca. El <a href=\"https:\/\/www.alternatievemiddelen.nl\/es\/productos\/vitalizador-de-griferia-aqua-aurora\/\">vitalizador de grifos<\/a> y el <a href=\"https:\/\/www.alternatievemiddelen.nl\/es\/productos\/vitalizador-de-viaje-aqua-aurora-con-2-conexiones-gardena\/\">vitalizador de viaje<\/a> tambi\u00e9n pueden utilizarse como vitalizadores del aliento. El <a href=\"https:\/\/www.alternatievemiddelen.nl\/es\/productos\/vitalizador-de-griferia-aqua-aurora\/\">vitalizador de grifos<\/a> es probablemente el m\u00e1s f\u00e1cil de usar para esto. Enrosque firmemente el acoplamiento combinado del vitalizador de grifos en el grifo y, a continuaci\u00f3n, apriete el vitalizador en \u00e9l con media vuelta. De este modo, podr\u00e1 desconectarlo para respirar en un abrir y cerrar de ojos y volver a colocarlo r\u00e1pidamente.<\/p>\n<p>El funcionamiento de un Vitalizador Respiratorio Aqua Aurora es sencillo. El vitalizador consta de un tubo de acero inoxidable por el que circula aire. El tubo de doble pared que transporta el agua es de acero inoxidable 316, certificado para la industria alimentaria. El vitalizador se llena de materia en la que se almacena la frecuencia deseada (cal de concha). Emite esta frecuencia al aire que pasa. El vitalizador borra las frecuencias incriminatorias y las sustituye por la frecuencia de la materia (cal de concha) en el vitalizador.<br \/>\n&nbsp;<\/p>\n<h3>Vitalise<\/h3>\n<p>Al vitalizar con el Vitalizador Respiratorio Aqua Aurora, se transfiere una frecuencia. En el caso de los vitalizadores Aqua Aurora, al contrario que en otros vitalizadores, se utilizan frecuencias basadas en la piedra caliza de concha (esto sigue estando muy cerca de la informaci\u00f3n primigenia original de nuestra tierra, por as\u00ed decirlo de la vibraci\u00f3n de la madre tierra). Esto hace que estos vitalizadores sean \u00fanicos en comparaci\u00f3n con otros vitalizadores. Los vitalizadores pueden borrar la informaci\u00f3n incriminatoria y sustituirla por las frecuencias de la piedra caliza de concha. Por ejemplo, el aire o el agua recuperan su energ\u00eda original y se borran las frecuencias negativas. Adem\u00e1s de m\u00e1s energ\u00eda, los vitalizadores tambi\u00e9n pueden transferir informaci\u00f3n.<br \/>\n&nbsp;<\/p>\n<h3>Aplicaciones<\/h3>\n<p>No s\u00f3lo se puede vitalizar el agua, sino tambi\u00e9n otros l\u00edquidos, gases y s\u00f3lidos. Al vitalizar el aire, se ve aumentar el contenido de ox\u00edgeno y, en el caso de las semillas y las pl\u00e1ntulas, se ve aumentar el poder germinativo, mejorar la calidad y aumentar el rendimiento. Los niveles de ox\u00edgeno en la sangre tambi\u00e9n aumentan al respirar, por ejemplo, a trav\u00e9s de este vitalizador del aliento. Los vitalizadores de cal de concha son de aplicaci\u00f3n universal y una inversi\u00f3n muy eficaz tanto para los consumidores como para las empresas. Son buenos para la salud, en todo tipo de procesos y para el medio ambiente.<\/p>\n<p>Para todos los vitalizadores de cal de concha Aqua Aurora, consulte nuestra gama, <a href=\"https:\/\/www.alternatievemiddelen.nl\/es\/categoria-de-productos\/vitalizadores-y-placas-energeticas\/\">la p\u00e1gina de resumen<\/a>.<br \/>\n&nbsp;<\/p>\n<h3>Especificaciones del vitalizador del aliento Aqua Aurora<\/h3>\n<p><u>Informaci\u00f3n general<\/u><br \/>\nAplicaci\u00f3n: para obtener m\u00e1s energ\u00eda y puede ayudar en problemas pulmonares como EPOC y asma. Para una mayor captaci\u00f3n de ox\u00edgeno en la sangre, lo que puede tener un efecto positivo en la enfermedad de Lyme.<br \/>\n\u25cf Mantenimiento: ninguno<br \/>\n\u25cf Vida \u00fatil: con un uso normal, duran toda la vida.<br \/>\nGarant\u00eda del material: 5 a\u00f1os<br \/>\n\u25cf \u00a1Que el agua y el aire fluyan siempre por el vitalizador desde el lado grueso hacia el lado fino!<br \/>\n<u>Especificaciones t\u00e9cnicas<\/u><br \/>\n\u25cf Material: acero inoxidable 316 (cumple los requisitos de la industria alimentaria).<br \/>\n\u25cf Paso: 10 mm<br \/>\n\u25cf Conexi\u00f3n: 3\/8 pulgadas<br \/>\n<u>Dimensiones exteriores<\/u><br \/>\n\u25cf Longitud: aprox. 70 mm<br \/>\n\u25cf Anchura: aprox. 40 mm<br \/>\nClase de presi\u00f3n: PN 10<br \/>\n\u25cf Direcci\u00f3n de flujo de entrada: lado obtuso<br \/>\n\u25cf Salida del sentido de flujo: lado c\u00f3nico<br \/>\n&nbsp;<\/p>\n<h3>Instrucciones de uso del Vitalizador Respiratorio Aqua Aurora<\/h3>\n<p>Inhale en el extremo estrecho del vitalizador de la respiraci\u00f3n. Realice esta operaci\u00f3n de 3 a 5 veces al d\u00eda, al menos 5 veces seguidas. Tambi\u00e9n se puede tomar el vitalizador en la mano e inspirar con la boca contra la mano.<\/p>","protected":false},"excerpt":{"rendered":"<p>Aqua Aurora Vitalizador del aliento (a base de cal de concha), aumenta la energ\u00eda y la oxigenaci\u00f3n de la sangre.<\/p>","protected":false},"featured_media":31403,"comment_status":"open","ping_status":"closed","template":"","meta":[],"product_brand":[],"product_cat":[2870,3469],"product_tag":[2872,2873,2874,2875,2876,2877,2878,2879,2880,2881,2882,2883,2884,2885,2886],"merk":[3447],"class_list":{"0":"post-34325","1":"product","2":"type-product","3":"status-publish","4":"has-post-thumbnail","6":"product_cat-vitalisers-en-energetische-platen","7":"product_cat-ademvitaliser","8":"product_tag-adem","9":"product_tag-ademvitaliser","10":"product_tag-frequentie","11":"product_tag-gezondheid","12":"product_tag-lucht","13":"product_tag-moeder-aarde","14":"product_tag-natuur","15":"product_tag-roestvrij-staal","16":"product_tag-rvs","17":"product_tag-schelpkalk","18":"product_tag-trilling","19":"product_tag-vitaal","20":"product_tag-vitaliseren","21":"product_tag-water","22":"product_tag-zuurstof","23":"merk-aqua-aurora","25":"first","26":"instock","27":"taxable","28":"shipping-taxable","29":"purchasable","30":"product-type-simple"},"bundled_by":[],"bundle_stock_status":"instock","bundle_stock_quantity":null,"bundle_virtual":false,"bundle_layout":"","bundle_add_to_cart_form_location":"","bundle_editable_in_cart":false,"bundle_sold_individually_context":"","bundle_item_grouping":"","bundle_min_size":"","bundle_max_size":"","bundle_price":[],"bundled_items":[],"bundle_sell_ids":[44176,34326,34327,34350,34336],"yoast_head":"<!-- This site is optimized with the Yoast SEO plugin v26.1 - https:\/\/yoast.com\/wordpress\/plugins\/seo\/ -->\n<title>Aqua Aurora Ademvitaliser - Alternatievemiddelen.nl<\/title>\n<meta name=\"description\" content=\"Aqua Aurora Ademvitaliser (o.b.v. schelpkalk), zorgt voor het verkrijgen van meer energie en meer zuurstofopname in het bloed.\" \/>\n<meta name=\"robots\" content=\"index, follow, max-snippet:-1, max-image-preview:large, max-video-preview:-1\" \/>\n<link rel=\"canonical\" href=\"https:\/\/www.alternatievemiddelen.nl\/es\/wp-json\/wp\/v2\/product\/34325\" \/>\n<meta property=\"og:locale\" content=\"es_ES\" \/>\n<meta property=\"og:type\" content=\"article\" \/>\n<meta property=\"og:title\" content=\"Aqua Aurora Ademvitaliser - Alternatievemiddelen.nl\" \/>\n<meta property=\"og:description\" content=\"Aqua Aurora Ademvitaliser (o.b.v. schelpkalk), zorgt voor het verkrijgen van meer energie en meer zuurstofopname in het bloed.\" \/>\n<meta property=\"og:url\" content=\"https:\/\/www.alternatievemiddelen.nl\/es\/productos\/aqua-aurora-vitalizador-del-aliento\/\" \/>\n<meta property=\"og:site_name\" content=\"Alternatievemiddelen.nl\" \/>\n<meta property=\"article:publisher\" content=\"https:\/\/www.facebook.com\/alternatievemiddelen\" \/>\n<meta property=\"article:modified_time\" content=\"2025-02-19T01:17:00+00:00\" \/>\n<meta property=\"og:image\" content=\"\/wp-content\/uploads\/2023\/12\/Aqua-Aurora-Ademvitaliser-4.jpg\" \/>\n\t<meta property=\"og:image:width\" content=\"1200\" \/>\n\t<meta property=\"og:image:height\" content=\"1600\" \/>\n\t<meta property=\"og:image:type\" content=\"image\/jpeg\" \/>\n<meta name=\"twitter:card\" content=\"summary_large_image\" \/>\n<meta name=\"twitter:label1\" content=\"Tiempo de lectura\" \/>\n\t<meta name=\"twitter:data1\" content=\"4 minutos\" \/>\n<script type=\"application\/ld+json\" class=\"yoast-schema-graph\">{\"@context\":\"https:\/\/schema.org\",\"@graph\":[{\"@type\":[\"WebPage\",\"ItemPage\"],\"@id\":\"https:\/\/www.alternatievemiddelen.nl\/producten\/aqua-aurora-ademvitaliser\/\",\"url\":\"https:\/\/www.alternatievemiddelen.nl\/producten\/aqua-aurora-ademvitaliser\/\",\"name\":\"Aqua Aurora Ademvitaliser - Alternatievemiddelen.nl\",\"isPartOf\":{\"@id\":\"https:\/\/www.alternatievemiddelen.nl\/#website\"},\"primaryImageOfPage\":{\"@id\":\"https:\/\/www.alternatievemiddelen.nl\/producten\/aqua-aurora-ademvitaliser\/#primaryimage\"},\"image\":{\"@id\":\"https:\/\/www.alternatievemiddelen.nl\/producten\/aqua-aurora-ademvitaliser\/#primaryimage\"},\"thumbnailUrl\":\"https:\/\/www.alternatievemiddelen.nl\/wp-content\/uploads\/2023\/12\/Aqua-Aurora-Ademvitaliser-4.jpg\",\"datePublished\":\"2024-02-27T07:20:58+00:00\",\"dateModified\":\"2025-02-19T01:17:00+00:00\",\"description\":\"Aqua Aurora Ademvitaliser (o.b.v. schelpkalk), zorgt voor het verkrijgen van meer energie en meer zuurstofopname in het bloed.\",\"breadcrumb\":{\"@id\":\"https:\/\/www.alternatievemiddelen.nl\/producten\/aqua-aurora-ademvitaliser\/#breadcrumb\"},\"inLanguage\":\"es\",\"potentialAction\":[{\"@type\":\"ReadAction\",\"target\":[\"https:\/\/www.alternatievemiddelen.nl\/producten\/aqua-aurora-ademvitaliser\/\"]}]},{\"@type\":\"ImageObject\",\"inLanguage\":\"es\",\"@id\":\"https:\/\/www.alternatievemiddelen.nl\/producten\/aqua-aurora-ademvitaliser\/#primaryimage\",\"url\":\"https:\/\/www.alternatievemiddelen.nl\/wp-content\/uploads\/2023\/12\/Aqua-Aurora-Ademvitaliser-4.jpg\",\"contentUrl\":\"https:\/\/www.alternatievemiddelen.nl\/wp-content\/uploads\/2023\/12\/Aqua-Aurora-Ademvitaliser-4.jpg\",\"width\":1200,\"height\":1600,\"caption\":\"ademvitaliser Aqua Aurora\"},{\"@type\":\"BreadcrumbList\",\"@id\":\"https:\/\/www.alternatievemiddelen.nl\/producten\/aqua-aurora-ademvitaliser\/#breadcrumb\",\"itemListElement\":[{\"@type\":\"ListItem\",\"position\":1,\"name\":\"Home\",\"item\":\"https:\/\/www.alternatievemiddelen.nl\/\"},{\"@type\":\"ListItem\",\"position\":2,\"name\":\"Producten\",\"item\":\"https:\/\/www.alternatievemiddelen.nl\/producten\/\"},{\"@type\":\"ListItem\",\"position\":3,\"name\":\"Aqua Aurora Ademvitaliser\"}]},{\"@type\":\"WebSite\",\"@id\":\"https:\/\/www.alternatievemiddelen.nl\/#website\",\"url\":\"https:\/\/www.alternatievemiddelen.nl\/\",\"name\":\"Alternatievemiddelen.nl\",\"description\":\"Webshop met gezonde, duurzame en ecologische alternatieve mogelijkheden in de hedendaagse levenstijl. Alles uit eigen ervaring.\",\"publisher\":{\"@id\":\"https:\/\/www.alternatievemiddelen.nl\/#organization\"},\"alternateName\":\"Alternatieve Middelen\",\"potentialAction\":[{\"@type\":\"SearchAction\",\"target\":{\"@type\":\"EntryPoint\",\"urlTemplate\":\"https:\/\/www.alternatievemiddelen.nl\/?s={search_term_string}\"},\"query-input\":{\"@type\":\"PropertyValueSpecification\",\"valueRequired\":true,\"valueName\":\"search_term_string\"}}],\"inLanguage\":\"es\"},{\"@type\":\"Organization\",\"@id\":\"https:\/\/www.alternatievemiddelen.nl\/#organization\",\"name\":\"Alternatievemiddelen.nl\",\"alternateName\":\"Alternatieve Middelen\",\"url\":\"https:\/\/www.alternatievemiddelen.nl\/\",\"logo\":{\"@type\":\"ImageObject\",\"inLanguage\":\"es\",\"@id\":\"https:\/\/www.alternatievemiddelen.nl\/#\/schema\/logo\/image\/\",\"url\":\"https:\/\/www.alternatievemiddelen.nl\/wp-content\/uploads\/2023\/10\/alternatievemiddelen-PNG-logo.png\",\"contentUrl\":\"https:\/\/www.alternatievemiddelen.nl\/wp-content\/uploads\/2023\/10\/alternatievemiddelen-PNG-logo.png\",\"width\":6400,\"height\":3062,\"caption\":\"Alternatievemiddelen.nl\"},\"image\":{\"@id\":\"https:\/\/www.alternatievemiddelen.nl\/#\/schema\/logo\/image\/\"},\"sameAs\":[\"https:\/\/www.facebook.com\/alternatievemiddelen\",\"https:\/\/www.instagram.com\/alternatievemiddelen.nl\/\"]}]}<\/script>\n<!-- \/ Yoast SEO plugin. -->","yoast_head_json":{"title":"Aqua Aurora Ademvitaliser - Alternatievemiddelen.nl","description":"Aqua Aurora Ademvitaliser (o.b.v. schelpkalk), zorgt voor het verkrijgen van meer energie en meer zuurstofopname in het bloed.","robots":{"index":"index","follow":"follow","max-snippet":"max-snippet:-1","max-image-preview":"max-image-preview:large","max-video-preview":"max-video-preview:-1"},"canonical":"https:\/\/www.alternatievemiddelen.nl\/es\/wp-json\/wp\/v2\/product\/34325","og_locale":"es_ES","og_type":"article","og_title":"Aqua Aurora Ademvitaliser - Alternatievemiddelen.nl","og_description":"Aqua Aurora Ademvitaliser (o.b.v. schelpkalk), zorgt voor het verkrijgen van meer energie en meer zuurstofopname in het bloed.","og_url":"https:\/\/www.alternatievemiddelen.nl\/es\/productos\/aqua-aurora-vitalizador-del-aliento\/","og_site_name":"Alternatievemiddelen.nl","article_publisher":"https:\/\/www.facebook.com\/alternatievemiddelen","article_modified_time":"2025-02-19T01:17:00+00:00","og_image":[{"width":1200,"height":1600,"url":"\/wp-content\/uploads\/2023\/12\/Aqua-Aurora-Ademvitaliser-4.jpg","type":"image\/jpeg"}],"twitter_card":"summary_large_image","twitter_misc":{"Tiempo de lectura":"4 minutos"},"schema":{"@context":"https:\/\/schema.org","@graph":[{"@type":["WebPage","ItemPage"],"@id":"https:\/\/www.alternatievemiddelen.nl\/producten\/aqua-aurora-ademvitaliser\/","url":"https:\/\/www.alternatievemiddelen.nl\/producten\/aqua-aurora-ademvitaliser\/","name":"Aqua Aurora Ademvitaliser - Alternatievemiddelen.nl","isPartOf":{"@id":"https:\/\/www.alternatievemiddelen.nl\/#website"},"primaryImageOfPage":{"@id":"https:\/\/www.alternatievemiddelen.nl\/producten\/aqua-aurora-ademvitaliser\/#primaryimage"},"image":{"@id":"https:\/\/www.alternatievemiddelen.nl\/producten\/aqua-aurora-ademvitaliser\/#primaryimage"},"thumbnailUrl":"https:\/\/www.alternatievemiddelen.nl\/wp-content\/uploads\/2023\/12\/Aqua-Aurora-Ademvitaliser-4.jpg","datePublished":"2024-02-27T07:20:58+00:00","dateModified":"2025-02-19T01:17:00+00:00","description":"Aqua Aurora Ademvitaliser (o.b.v. schelpkalk), zorgt voor het verkrijgen van meer energie en meer zuurstofopname in het bloed.","breadcrumb":{"@id":"https:\/\/www.alternatievemiddelen.nl\/producten\/aqua-aurora-ademvitaliser\/#breadcrumb"},"inLanguage":"es","potentialAction":[{"@type":"ReadAction","target":["https:\/\/www.alternatievemiddelen.nl\/producten\/aqua-aurora-ademvitaliser\/"]}]},{"@type":"ImageObject","inLanguage":"es","@id":"https:\/\/www.alternatievemiddelen.nl\/producten\/aqua-aurora-ademvitaliser\/#primaryimage","url":"https:\/\/www.alternatievemiddelen.nl\/wp-content\/uploads\/2023\/12\/Aqua-Aurora-Ademvitaliser-4.jpg","contentUrl":"https:\/\/www.alternatievemiddelen.nl\/wp-content\/uploads\/2023\/12\/Aqua-Aurora-Ademvitaliser-4.jpg","width":1200,"height":1600,"caption":"ademvitaliser Aqua Aurora"},{"@type":"BreadcrumbList","@id":"https:\/\/www.alternatievemiddelen.nl\/producten\/aqua-aurora-ademvitaliser\/#breadcrumb","itemListElement":[{"@type":"ListItem","position":1,"name":"Home","item":"https:\/\/www.alternatievemiddelen.nl\/"},{"@type":"ListItem","position":2,"name":"Producten","item":"https:\/\/www.alternatievemiddelen.nl\/producten\/"},{"@type":"ListItem","position":3,"name":"Aqua Aurora Ademvitaliser"}]},{"@type":"WebSite","@id":"https:\/\/www.alternatievemiddelen.nl\/#website","url":"https:\/\/www.alternatievemiddelen.nl\/","name":"Alternatievemiddelen.nl","description":"Webshop met gezonde, duurzame en ecologische alternatieve mogelijkheden in de hedendaagse levenstijl. Alles uit eigen ervaring.","publisher":{"@id":"https:\/\/www.alternatievemiddelen.nl\/#organization"},"alternateName":"Alternatieve Middelen","potentialAction":[{"@type":"SearchAction","target":{"@type":"EntryPoint","urlTemplate":"https:\/\/www.alternatievemiddelen.nl\/?s={search_term_string}"},"query-input":{"@type":"PropertyValueSpecification","valueRequired":true,"valueName":"search_term_string"}}],"inLanguage":"es"},{"@type":"Organization","@id":"https:\/\/www.alternatievemiddelen.nl\/#organization","name":"Alternatievemiddelen.nl","alternateName":"Alternatieve Middelen","url":"https:\/\/www.alternatievemiddelen.nl\/","logo":{"@type":"ImageObject","inLanguage":"es","@id":"https:\/\/www.alternatievemiddelen.nl\/#\/schema\/logo\/image\/","url":"https:\/\/www.alternatievemiddelen.nl\/wp-content\/uploads\/2023\/10\/alternatievemiddelen-PNG-logo.png","contentUrl":"https:\/\/www.alternatievemiddelen.nl\/wp-content\/uploads\/2023\/10\/alternatievemiddelen-PNG-logo.png","width":6400,"height":3062,"caption":"Alternatievemiddelen.nl"},"image":{"@id":"https:\/\/www.alternatievemiddelen.nl\/#\/schema\/logo\/image\/"},"sameAs":["https:\/\/www.facebook.com\/alternatievemiddelen","https:\/\/www.instagram.com\/alternatievemiddelen.nl\/"]}]}},"_links":{"self":[{"href":"https:\/\/www.alternatievemiddelen.nl\/es\/wp-json\/wp\/v2\/product\/34325","targetHints":{"allow":["GET"]}}],"collection":[{"href":"https:\/\/www.alternatievemiddelen.nl\/es\/wp-json\/wp\/v2\/product"}],"about":[{"href":"https:\/\/www.alternatievemiddelen.nl\/es\/wp-json\/wp\/v2\/types\/product"}],"replies":[{"embeddable":true,"href":"https:\/\/www.alternatievemiddelen.nl\/es\/wp-json\/wp\/v2\/comments?post=34325"}],"wp:featuredmedia":[{"embeddable":true,"href":"https:\/\/www.alternatievemiddelen.nl\/es\/wp-json\/wp\/v2\/media\/31403"}],"wp:attachment":[{"href":"https:\/\/www.alternatievemiddelen.nl\/es\/wp-json\/wp\/v2\/media?parent=34325"}],"wp:term":[{"taxonomy":"product_brand","embeddable":true,"href":"https:\/\/www.alternatievemiddelen.nl\/es\/wp-json\/wp\/v2\/product_brand?post=34325"},{"taxonomy":"product_cat","embeddable":true,"href":"https:\/\/www.alternatievemiddelen.nl\/es\/wp-json\/wp\/v2\/product_cat?post=34325"},{"taxonomy":"product_tag","embeddable":true,"href":"https:\/\/www.alternatievemiddelen.nl\/es\/wp-json\/wp\/v2\/product_tag?post=34325"},{"taxonomy":"merk","embeddable":true,"href":"https:\/\/www.alternatievemiddelen.nl\/es\/wp-json\/wp\/v2\/merk?post=34325"}],"curies":[{"name":"wp","href":"https:\/\/api.w.org\/{rel}","templated":true}]}}