{"id":34329,"date":"2024-02-27T08:21:03","date_gmt":"2024-02-27T07:21:03","guid":{"rendered":"https:\/\/www.alternatievemiddelen.nl\/?post_type=product&#038;p=34329"},"modified":"2026-03-15T12:56:58","modified_gmt":"2026-03-15T11:56:58","slug":"aqua-aurora-ob-massa-schelpkalk-vitaliser-1-duims","status":"publish","type":"product","link":"https:\/\/www.alternatievemiddelen.nl\/es\/productos\/aqua-aurora-ob-masa-caliza-vitalizante-1-pulgada\/","title":{"rendered":"Aqua Aurora OB Vitalizador de cal de concha maciza 1 pulgada"},"content":{"rendered":"<p>El vitalizador de cal viva Aqua Aurora OB Mass devuelve al agua su vibraci\u00f3n natural. El vitalizador trabaja en la frecuencia de la cal de concha. Esto elimina las frecuencias antinaturales de la radiaci\u00f3n y las cargas energ\u00e9ticas de otras sustancias t\u00f3xicas. Las personas, las plantas y los animales responden inmediatamente y se vuelven m\u00e1s vitales. El resultado son menos problemas de salud en las personas y menos enfermedades y fallos en plantas y animales.<br \/>\n&nbsp;<\/p>\n<h3>Vitalizador de cal Aqua Aurora OB Mass Shell<\/h3>\n<p>El funcionamiento del vitalizador de cal Aqua Aurora OB Mass Shell es sencillo. El vitalizador consta de un tubo de acero inoxidable por el que circula agua. El tubo de doble pared que transporta el agua es de acero inoxidable 316, certificado para la industria alimentaria. El vitalizador se llena de materia en la que se almacena la frecuencia deseada (cal de concha). Libera esta frecuencia al agua que pasa. El vitalizador borra las frecuencias incriminatorias y las sustituye por la frecuencia de la materia (cal de concha) en el vitalizador.<\/p>\n<p>Despu\u00e9s de vitalizar con el vitalizador Aqua Aurora OB Mass Shell Lime, observar\u00e1 a grandes rasgos los siguientes efectos:<br \/>\n1) El agua es mucho m\u00e1s suave y sabe mucho mejor.<br \/>\n2) Hay menos incrustaciones en cristaler\u00edas y azulejos, la biopel\u00edcula en tuber\u00edas y electrodom\u00e9sticos disminuye o a veces desaparece por completo.<br \/>\n3) El agua es mucho m\u00e1s saludable, los nutrientes y minerales son m\u00e1s absorbibles y el sistema inmunitario se ve afectado positivamente.<\/p>\n<p>El vitalizador hace que la cal del agua del grifo pase de una estructura de calcita a otra de aragonito. Esto hace que el agua sea menos agresiva, m\u00e1s blanda y garantiza que la cal se adhiera menos y permanezca m\u00e1s soluble en el agua. Sin embargo, es importante se\u00f1alar que la calcita no puede atravesar la pared celular, pero el aragonito s\u00ed. De repente, en lugar de ser una sustancia t\u00f3xica, la cal se convierte en un componente b\u00e1sico para los organismos. El cuerpo se beneficia de ello.<br \/>\n&nbsp;<\/p>\n<h3>Agua vitalizante<\/h3>\n<p>Al vitalizar el agua con el vitalizador Aqua Aurora OB Mass Shell Lime, se transfiere una frecuencia. En el caso de los vitalizadores Aqua Aurora, a diferencia de otros vitalizadores, se utilizan frecuencias basadas en la caliza de concha (\u00e9sta sigue estando muy pr\u00f3xima a la informaci\u00f3n primigenia original de nuestra tierra, por as\u00ed decirlo, a la vibraci\u00f3n de la madre tierra). Esto hace que estos vitalizadores sean \u00fanicos en comparaci\u00f3n con otros vitalizadores. Adem\u00e1s de m\u00e1s energ\u00eda, los vitalizadores tambi\u00e9n pueden transmitir informaci\u00f3n.<\/p>\n<p>El agua que sale hoy de nuestros grifos est\u00e1 muy influida por su entorno antinatural. El agua se purifica qu\u00edmicamente y luego se transporta a los consumidores a trav\u00e9s de elaborados sistemas de tuber\u00edas. Durante este proceso, el agua pierde su fuerza original y absorbe todo tipo de informaci\u00f3n gravosa. Por ejemplo, sabemos que el agua est\u00e1 cargada de radiaciones procedentes de l\u00edneas el\u00e9ctricas, torres de transmisi\u00f3n y generadores. Pero tambi\u00e9n sabemos que cuando el agua se limpia qu\u00edmicamente, las cargas siguen presentes energ\u00e9ticamente. Los vitalizadores pueden borrar estas cargas y sustituirlas por las frecuencias de la cal de concha. As\u00ed, el agua recupera su energ\u00eda original y se borran las frecuencias negativas.<br \/>\n&nbsp;<\/p>\n<h3>Aplicaciones<\/h3>\n<p>No s\u00f3lo se puede vitalizar el agua, sino tambi\u00e9n otros l\u00edquidos, gases y tambi\u00e9n s\u00f3lidos. Cuando se vitaliza el aire, se observa que aumenta el contenido de ox\u00edgeno y, en el caso de las semillas y las pl\u00e1ntulas, aumenta el \u00edndice de germinaci\u00f3n, mejora la calidad y aumenta el rendimiento. El contenido de ox\u00edgeno de la sangre tambi\u00e9n aumenta cuando se pasa por una <a href=\"https:\/\/www.alternatievemiddelen.nl\/es\/productos\/aqua-aurora-vitalizador-del-aliento\/\">vitalizador del aliento<\/a> respirar. Los vitalizantes de cal Shell son de aplicaci\u00f3n universal y una inversi\u00f3n muy eficaz tanto para los consumidores como para las empresas. Buenos para nuestra salud, en todo tipo de procesos y para nuestro medio ambiente.<\/p>\n<p>Para todos los vitalizadores de cal de concha Aqua Aurora, consulte nuestra gama, <a href=\"https:\/\/www.alternatievemiddelen.nl\/es\/categoria-de-productos\/vitalizadores-y-placas-energeticas\/\">la p\u00e1gina de resumen<\/a>.<br \/>\n&nbsp;<\/p>\n<h3>Especificaciones del vitalizador de cal Aqua Aurora OB Mass Shell<\/h3>\n<p><u>Informaci\u00f3n general<\/u><br \/>\nAplicaci\u00f3n: trabajos pesados<br \/>\n\u25cf Mantenimiento: ninguno<br \/>\n\u25cf Vida \u00fatil: con un uso normal, duran toda la vida.<br \/>\nGarant\u00eda del material: 5 a\u00f1os<br \/>\n\u25cf \u00a1Que el agua fluya siempre por el vitalizador desde el lado grueso hacia el lado fino!<br \/>\n<u>Especificaciones t\u00e9cnicas<\/u><br \/>\n\u25cf Material: tubo acu\u00edfero de acero inoxidable 316 de 22 mm \/ A carcasa de acero inoxidable con relleno de mortero de cal de c\u00e1scara.<br \/>\n\u25cf Paso: 22 mm<br \/>\nConexi\u00f3n: rosca exterior de 28 mm<br \/>\n<u>Dimensiones exteriores<\/u><br \/>\n\u25cf Longitud: 400 mm aprox.<br \/>\n\u25cf Anchura: aprox. 80 mm<br \/>\nClase de presi\u00f3n: PN 10<br \/>\n\u25cf Direcci\u00f3n de flujo de entrada: lado obtuso<br \/>\n\u25cf Salida del sentido de flujo: lado c\u00f3nico<br \/>\n\u25cf Materiales de conexi\u00f3n: adecuados para acero inoxidable, por ejemplo, pl\u00e1stico, lat\u00f3n o acero inoxidable.<br \/>\n&nbsp;<\/p>\n<h3>Instrucciones de montaje y funcionamiento del vitalizador de cal Aqua Aurora OB Mass Shell<\/h3>\n<p>El vitalizador m\u00e1sico Aqua Aurora OB debe colocarse inmediatamente despu\u00e9s del grifo principal\/medidor de agua, antes del primer punto de ramificaci\u00f3n, para que se trate toda el agua. La direcci\u00f3n del flujo de agua debe ser desde el lado grueso hacia el lado fino. Preferiblemente, el vitalizador debe colocarse verticalmente con el lado grueso en la parte inferior. La tuber\u00eda de agua del vitalizador es de acero inoxidable 316 con rosca exterior. Las conexiones de las tuber\u00edas deben realizarse con materiales adecuados para el acero inoxidable, como acero inoxidable\/bronce o pl\u00e1stico. Utilice materiales de sellado adecuados. Fije el vitalizador a la pared con soportes o ap\u00f3yelo en el suelo. Consulte a un fontanero si tiene alguna duda sobre la instalaci\u00f3n.<\/p>","protected":false},"excerpt":{"rendered":"<p>Aqua Aurora OB Vitalizador de cal de concha Mass, \u00a1vitaliza el agua de la red e influye positivamente en su sistema inmunol\u00f3gico!<\/p>","protected":false},"featured_media":31437,"comment_status":"open","ping_status":"closed","template":"","meta":[],"product_brand":[],"product_cat":[2870,3461],"product_tag":[2874,2875,2912,2890,2877,2878,2913,2879,2880,2881,2882,2883,2891,2884,2885],"merk":[3447],"class_list":{"0":"post-34329","1":"product","2":"type-product","3":"status-publish","4":"has-post-thumbnail","6":"product_cat-vitalisers-en-energetische-platen","7":"product_cat-watervitalisers","8":"product_tag-frequentie","9":"product_tag-gezondheid","10":"product_tag-hoofdkraan","11":"product_tag-kraan","12":"product_tag-moeder-aarde","13":"product_tag-natuur","14":"product_tag-ob-massa-schelpkalk-vitaliser","15":"product_tag-roestvrij-staal","16":"product_tag-rvs","17":"product_tag-schelpkalk","18":"product_tag-trilling","19":"product_tag-vitaal","20":"product_tag-vitaal-water","21":"product_tag-vitaliseren","22":"product_tag-water","23":"merk-aqua-aurora","25":"first","26":"onbackorder","27":"taxable","28":"shipping-taxable","29":"purchasable","30":"product-type-simple"},"bundled_by":[],"bundle_stock_status":"onbackorder","bundle_stock_quantity":null,"bundle_virtual":false,"bundle_layout":"","bundle_add_to_cart_form_location":"","bundle_editable_in_cart":false,"bundle_sold_individually_context":"","bundle_item_grouping":"","bundle_min_size":"","bundle_max_size":"","bundle_price":[],"bundled_items":[],"bundle_sell_ids":[44176,34325,34326,34327,34350],"yoast_head":"<!-- This site is optimized with the Yoast SEO plugin v26.1 - https:\/\/yoast.com\/wordpress\/plugins\/seo\/ -->\n<title>Aqua Aurora OB Massa Schelpkalk Vitaliser 1 duims - Alternatievemiddelen.nl<\/title>\n<meta name=\"description\" content=\"Aqua Aurora OB Massa Schelpkalk Vitaliser, je vitaliseert water vanaf de hoofdleiding en be\u00efnvloed jouw immuunsysteem positief!\" \/>\n<meta name=\"robots\" content=\"index, follow, max-snippet:-1, max-image-preview:large, max-video-preview:-1\" \/>\n<link rel=\"canonical\" href=\"https:\/\/www.alternatievemiddelen.nl\/es\/wp-json\/wp\/v2\/product\/34329\" \/>\n<meta property=\"og:locale\" content=\"es_ES\" \/>\n<meta property=\"og:type\" content=\"article\" \/>\n<meta property=\"og:title\" content=\"Aqua Aurora OB Massa Schelpkalk Vitaliser 1 duims - Alternatievemiddelen.nl\" \/>\n<meta property=\"og:description\" content=\"Aqua Aurora OB Massa Schelpkalk Vitaliser, je vitaliseert water vanaf de hoofdleiding en be\u00efnvloed jouw immuunsysteem positief!\" \/>\n<meta property=\"og:url\" content=\"https:\/\/www.alternatievemiddelen.nl\/es\/productos\/aqua-aurora-ob-masa-caliza-vitalizante-1-pulgada\/\" \/>\n<meta property=\"og:site_name\" content=\"Alternatievemiddelen.nl\" \/>\n<meta property=\"article:modified_time\" content=\"2026-03-15T11:56:58+00:00\" \/>\n<meta property=\"og:image\" content=\"\/wp-content\/uploads\/2023\/12\/OB-Massa-Schelpkalk-Vitaliser.jpg\" \/>\n\t<meta property=\"og:image:width\" content=\"1200\" \/>\n\t<meta property=\"og:image:height\" content=\"1600\" \/>\n\t<meta property=\"og:image:type\" content=\"image\/jpeg\" \/>\n<meta name=\"twitter:card\" content=\"summary_large_image\" \/>\n<meta name=\"twitter:label1\" content=\"Tiempo de lectura\" \/>\n\t<meta name=\"twitter:data1\" content=\"5 minutos\" \/>\n<script type=\"application\/ld+json\" class=\"yoast-schema-graph\">{\"@context\":\"https:\/\/schema.org\",\"@graph\":[{\"@type\":[\"WebPage\",\"ItemPage\"],\"@id\":\"https:\/\/www.alternatievemiddelen.nl\/producten\/aqua-aurora-ob-massa-schelpkalk-vitaliser-1-duims\/\",\"url\":\"https:\/\/www.alternatievemiddelen.nl\/producten\/aqua-aurora-ob-massa-schelpkalk-vitaliser-1-duims\/\",\"name\":\"Aqua Aurora OB Massa Schelpkalk Vitaliser 1 duims - Alternatievemiddelen.nl\",\"isPartOf\":{\"@id\":\"https:\/\/www.alternatievemiddelen.nl\/#website\"},\"primaryImageOfPage\":{\"@id\":\"https:\/\/www.alternatievemiddelen.nl\/producten\/aqua-aurora-ob-massa-schelpkalk-vitaliser-1-duims\/#primaryimage\"},\"image\":{\"@id\":\"https:\/\/www.alternatievemiddelen.nl\/producten\/aqua-aurora-ob-massa-schelpkalk-vitaliser-1-duims\/#primaryimage\"},\"thumbnailUrl\":\"https:\/\/www.alternatievemiddelen.nl\/wp-content\/uploads\/2023\/12\/OB-Massa-Schelpkalk-Vitaliser.jpg\",\"datePublished\":\"2024-02-27T07:21:03+00:00\",\"dateModified\":\"2026-03-15T11:56:58+00:00\",\"description\":\"Aqua Aurora OB Massa Schelpkalk Vitaliser, je vitaliseert water vanaf de hoofdleiding en be\u00efnvloed jouw immuunsysteem positief!\",\"breadcrumb\":{\"@id\":\"https:\/\/www.alternatievemiddelen.nl\/producten\/aqua-aurora-ob-massa-schelpkalk-vitaliser-1-duims\/#breadcrumb\"},\"inLanguage\":\"es\",\"potentialAction\":[{\"@type\":\"ReadAction\",\"target\":[\"https:\/\/www.alternatievemiddelen.nl\/producten\/aqua-aurora-ob-massa-schelpkalk-vitaliser-1-duims\/\"]}]},{\"@type\":\"ImageObject\",\"inLanguage\":\"es\",\"@id\":\"https:\/\/www.alternatievemiddelen.nl\/producten\/aqua-aurora-ob-massa-schelpkalk-vitaliser-1-duims\/#primaryimage\",\"url\":\"https:\/\/www.alternatievemiddelen.nl\/wp-content\/uploads\/2023\/12\/OB-Massa-Schelpkalk-Vitaliser.jpg\",\"contentUrl\":\"https:\/\/www.alternatievemiddelen.nl\/wp-content\/uploads\/2023\/12\/OB-Massa-Schelpkalk-Vitaliser.jpg\",\"width\":1200,\"height\":1600,\"caption\":\"schelpkalk vitaliser Aqua Aurora\"},{\"@type\":\"BreadcrumbList\",\"@id\":\"https:\/\/www.alternatievemiddelen.nl\/producten\/aqua-aurora-ob-massa-schelpkalk-vitaliser-1-duims\/#breadcrumb\",\"itemListElement\":[{\"@type\":\"ListItem\",\"position\":1,\"name\":\"Home\",\"item\":\"https:\/\/www.alternatievemiddelen.nl\/\"},{\"@type\":\"ListItem\",\"position\":2,\"name\":\"Producten\",\"item\":\"https:\/\/www.alternatievemiddelen.nl\/producten\/\"},{\"@type\":\"ListItem\",\"position\":3,\"name\":\"Aqua Aurora OB Massa Schelpkalk Vitaliser 1 duims\"}]},{\"@type\":\"WebSite\",\"@id\":\"https:\/\/www.alternatievemiddelen.nl\/#website\",\"url\":\"https:\/\/www.alternatievemiddelen.nl\/\",\"name\":\"Alternatievemiddelen.nl\",\"description\":\"Webshop met gezonde, duurzame en ecologische alternatieve mogelijkheden in de hedendaagse levenstijl. Alles uit eigen ervaring.\",\"publisher\":{\"@id\":\"https:\/\/www.alternatievemiddelen.nl\/#organization\"},\"potentialAction\":[{\"@type\":\"SearchAction\",\"target\":{\"@type\":\"EntryPoint\",\"urlTemplate\":\"https:\/\/www.alternatievemiddelen.nl\/?s={search_term_string}\"},\"query-input\":{\"@type\":\"PropertyValueSpecification\",\"valueRequired\":true,\"valueName\":\"search_term_string\"}}],\"inLanguage\":\"es\"},{\"@type\":\"Organization\",\"@id\":\"https:\/\/www.alternatievemiddelen.nl\/#organization\",\"name\":\"Alternatievemiddelen.nl\",\"url\":\"https:\/\/www.alternatievemiddelen.nl\/\",\"logo\":{\"@type\":\"ImageObject\",\"inLanguage\":\"es\",\"@id\":\"https:\/\/www.alternatievemiddelen.nl\/#\/schema\/logo\/image\/\",\"url\":\"https:\/\/www.alternatievemiddelen.nl\/wp-content\/uploads\/2023\/10\/alternatievemiddelen-PNG-logo.png\",\"contentUrl\":\"https:\/\/www.alternatievemiddelen.nl\/wp-content\/uploads\/2023\/10\/alternatievemiddelen-PNG-logo.png\",\"width\":6400,\"height\":3062,\"caption\":\"Alternatievemiddelen.nl\"},\"image\":{\"@id\":\"https:\/\/www.alternatievemiddelen.nl\/#\/schema\/logo\/image\/\"}}]}<\/script>\n<!-- \/ Yoast SEO plugin. -->","yoast_head_json":{"title":"Aqua Aurora OB Massa Schelpkalk Vitaliser 1 duims - Alternatievemiddelen.nl","description":"Aqua Aurora OB Massa Schelpkalk Vitaliser, je vitaliseert water vanaf de hoofdleiding en be\u00efnvloed jouw immuunsysteem positief!","robots":{"index":"index","follow":"follow","max-snippet":"max-snippet:-1","max-image-preview":"max-image-preview:large","max-video-preview":"max-video-preview:-1"},"canonical":"https:\/\/www.alternatievemiddelen.nl\/es\/wp-json\/wp\/v2\/product\/34329","og_locale":"es_ES","og_type":"article","og_title":"Aqua Aurora OB Massa Schelpkalk Vitaliser 1 duims - Alternatievemiddelen.nl","og_description":"Aqua Aurora OB Massa Schelpkalk Vitaliser, je vitaliseert water vanaf de hoofdleiding en be\u00efnvloed jouw immuunsysteem positief!","og_url":"https:\/\/www.alternatievemiddelen.nl\/es\/productos\/aqua-aurora-ob-masa-caliza-vitalizante-1-pulgada\/","og_site_name":"Alternatievemiddelen.nl","article_modified_time":"2026-03-15T11:56:58+00:00","og_image":[{"width":1200,"height":1600,"url":"\/wp-content\/uploads\/2023\/12\/OB-Massa-Schelpkalk-Vitaliser.jpg","type":"image\/jpeg"}],"twitter_card":"summary_large_image","twitter_misc":{"Tiempo de lectura":"5 minutos"},"schema":{"@context":"https:\/\/schema.org","@graph":[{"@type":["WebPage","ItemPage"],"@id":"https:\/\/www.alternatievemiddelen.nl\/producten\/aqua-aurora-ob-massa-schelpkalk-vitaliser-1-duims\/","url":"https:\/\/www.alternatievemiddelen.nl\/producten\/aqua-aurora-ob-massa-schelpkalk-vitaliser-1-duims\/","name":"Aqua Aurora OB Massa Schelpkalk Vitaliser 1 duims - Alternatievemiddelen.nl","isPartOf":{"@id":"https:\/\/www.alternatievemiddelen.nl\/#website"},"primaryImageOfPage":{"@id":"https:\/\/www.alternatievemiddelen.nl\/producten\/aqua-aurora-ob-massa-schelpkalk-vitaliser-1-duims\/#primaryimage"},"image":{"@id":"https:\/\/www.alternatievemiddelen.nl\/producten\/aqua-aurora-ob-massa-schelpkalk-vitaliser-1-duims\/#primaryimage"},"thumbnailUrl":"https:\/\/www.alternatievemiddelen.nl\/wp-content\/uploads\/2023\/12\/OB-Massa-Schelpkalk-Vitaliser.jpg","datePublished":"2024-02-27T07:21:03+00:00","dateModified":"2026-03-15T11:56:58+00:00","description":"Aqua Aurora OB Massa Schelpkalk Vitaliser, je vitaliseert water vanaf de hoofdleiding en be\u00efnvloed jouw immuunsysteem positief!","breadcrumb":{"@id":"https:\/\/www.alternatievemiddelen.nl\/producten\/aqua-aurora-ob-massa-schelpkalk-vitaliser-1-duims\/#breadcrumb"},"inLanguage":"es","potentialAction":[{"@type":"ReadAction","target":["https:\/\/www.alternatievemiddelen.nl\/producten\/aqua-aurora-ob-massa-schelpkalk-vitaliser-1-duims\/"]}]},{"@type":"ImageObject","inLanguage":"es","@id":"https:\/\/www.alternatievemiddelen.nl\/producten\/aqua-aurora-ob-massa-schelpkalk-vitaliser-1-duims\/#primaryimage","url":"https:\/\/www.alternatievemiddelen.nl\/wp-content\/uploads\/2023\/12\/OB-Massa-Schelpkalk-Vitaliser.jpg","contentUrl":"https:\/\/www.alternatievemiddelen.nl\/wp-content\/uploads\/2023\/12\/OB-Massa-Schelpkalk-Vitaliser.jpg","width":1200,"height":1600,"caption":"schelpkalk vitaliser Aqua Aurora"},{"@type":"BreadcrumbList","@id":"https:\/\/www.alternatievemiddelen.nl\/producten\/aqua-aurora-ob-massa-schelpkalk-vitaliser-1-duims\/#breadcrumb","itemListElement":[{"@type":"ListItem","position":1,"name":"Home","item":"https:\/\/www.alternatievemiddelen.nl\/"},{"@type":"ListItem","position":2,"name":"Producten","item":"https:\/\/www.alternatievemiddelen.nl\/producten\/"},{"@type":"ListItem","position":3,"name":"Aqua Aurora OB Massa Schelpkalk Vitaliser 1 duims"}]},{"@type":"WebSite","@id":"https:\/\/www.alternatievemiddelen.nl\/#website","url":"https:\/\/www.alternatievemiddelen.nl\/","name":"Alternatievemiddelen.nl","description":"Webshop met gezonde, duurzame en ecologische alternatieve mogelijkheden in de hedendaagse levenstijl. Alles uit eigen ervaring.","publisher":{"@id":"https:\/\/www.alternatievemiddelen.nl\/#organization"},"potentialAction":[{"@type":"SearchAction","target":{"@type":"EntryPoint","urlTemplate":"https:\/\/www.alternatievemiddelen.nl\/?s={search_term_string}"},"query-input":{"@type":"PropertyValueSpecification","valueRequired":true,"valueName":"search_term_string"}}],"inLanguage":"es"},{"@type":"Organization","@id":"https:\/\/www.alternatievemiddelen.nl\/#organization","name":"Alternatievemiddelen.nl","url":"https:\/\/www.alternatievemiddelen.nl\/","logo":{"@type":"ImageObject","inLanguage":"es","@id":"https:\/\/www.alternatievemiddelen.nl\/#\/schema\/logo\/image\/","url":"https:\/\/www.alternatievemiddelen.nl\/wp-content\/uploads\/2023\/10\/alternatievemiddelen-PNG-logo.png","contentUrl":"https:\/\/www.alternatievemiddelen.nl\/wp-content\/uploads\/2023\/10\/alternatievemiddelen-PNG-logo.png","width":6400,"height":3062,"caption":"Alternatievemiddelen.nl"},"image":{"@id":"https:\/\/www.alternatievemiddelen.nl\/#\/schema\/logo\/image\/"}}]}},"_links":{"self":[{"href":"https:\/\/www.alternatievemiddelen.nl\/es\/wp-json\/wp\/v2\/product\/34329","targetHints":{"allow":["GET"]}}],"collection":[{"href":"https:\/\/www.alternatievemiddelen.nl\/es\/wp-json\/wp\/v2\/product"}],"about":[{"href":"https:\/\/www.alternatievemiddelen.nl\/es\/wp-json\/wp\/v2\/types\/product"}],"replies":[{"embeddable":true,"href":"https:\/\/www.alternatievemiddelen.nl\/es\/wp-json\/wp\/v2\/comments?post=34329"}],"wp:featuredmedia":[{"embeddable":true,"href":"https:\/\/www.alternatievemiddelen.nl\/es\/wp-json\/wp\/v2\/media\/31437"}],"wp:attachment":[{"href":"https:\/\/www.alternatievemiddelen.nl\/es\/wp-json\/wp\/v2\/media?parent=34329"}],"wp:term":[{"taxonomy":"product_brand","embeddable":true,"href":"https:\/\/www.alternatievemiddelen.nl\/es\/wp-json\/wp\/v2\/product_brand?post=34329"},{"taxonomy":"product_cat","embeddable":true,"href":"https:\/\/www.alternatievemiddelen.nl\/es\/wp-json\/wp\/v2\/product_cat?post=34329"},{"taxonomy":"product_tag","embeddable":true,"href":"https:\/\/www.alternatievemiddelen.nl\/es\/wp-json\/wp\/v2\/product_tag?post=34329"},{"taxonomy":"merk","embeddable":true,"href":"https:\/\/www.alternatievemiddelen.nl\/es\/wp-json\/wp\/v2\/merk?post=34329"}],"curies":[{"name":"wp","href":"https:\/\/api.w.org\/{rel}","templated":true}]}}