{"id":34333,"date":"2024-02-27T08:21:06","date_gmt":"2024-02-27T07:21:06","guid":{"rendered":"https:\/\/www.alternatievemiddelen.nl\/?post_type=product&#038;p=34333"},"modified":"2025-10-05T07:06:14","modified_gmt":"2025-10-05T05:06:14","slug":"deodorant-creme-tausendschon-grapefruit-zonder-aluminium","status":"publish","type":"product","link":"https:\/\/www.alternatievemiddelen.nl\/es\/productos\/crema-desodorante-tausendschon-grapefruit-sin-aluminio\/","title":{"rendered":"Desodorante Creme Tausendsch\u00f6n Pomelo (sin aluminio) 50 ml"},"content":{"rendered":"<p>El Desodorante Crema Tausendsch\u00f6n Pomelo de i+m Naturkosmetik Berlin en tarro de cristal ecol\u00f3gico desodoriza suave pero eficazmente con una composici\u00f3n de zinc, natr\u00f3n y coco. Evita durante horas los olores corporales no deseados sin afectar a la regulaci\u00f3n natural de la transpiraci\u00f3n de la piel y sin utilizar alcohol, aluminio ni alumbre.<br \/>\n&nbsp;<\/p>\n<h3>Zinc, almendra y oliva<\/h3>\n<p>El \u00f3xido de zinc relaja la piel sensible de las axilas, especialmente despu\u00e9s del afeitado. El aceite de almendras y el aceite de oliva ecol\u00f3gicos de comercio justo garantizan una piel suave y aterciopelada.<\/p>\n<p>El aroma afrutado y fresco del pomelo refresca el cuerpo y la mente. Desodorante Creme Tausendsch\u00f6n Pomelo es un gran compa\u00f1ero para todos los d\u00edas.<br \/>\n&nbsp;<\/p>\n<h3>Desodorante en crema Tausendsch\u00f6n Pomelo informaci\u00f3n<\/h3>\n<p><u>Uso:<\/u> Aplique una cantidad del tama\u00f1o de un guisante de Crema Desodorante de Pomelo bajo las axilas seg\u00fan sea necesario y disfrute del frescor natural.<\/p>\n<p><b>Una ventaja adicional<\/b><br \/>\nEl desodorante en crema Tausendsch\u00f6n Pomelo neutraliza al instante el olor corporal existente. De este modo, siempre dispondr\u00e1 de los primeros auxilios para los olores, incluso sobre la marcha.<\/p>\n<p><u>Contenido:<\/u> 50 ml<\/p>\n<p><strong>Tausendsch\u00f6n<\/strong><br \/>\n\u00a1Mil veces m\u00e1s hermoso!<br \/>\nLa margarita, tambi\u00e9n llamada Tausendsch\u00f6n en alem\u00e1n (traducci\u00f3n directa: mil veces bella), que crece en entornos naturales y urbanos, inspir\u00f3 a i+m para crear esta l\u00ednea de cuidado corporal. Con preciosos extractos de margarita y equin\u00e1cea. Para una sensaci\u00f3n de piel relajada, tierna y suave.<\/p>\n<p><u>Ingredientes (en ingl\u00e9s):<\/u> ACEITE DE COCO NUCIFERA* (<strong>COCONUT*<\/strong>), \u00d3XIDO DE CINC, ACEITE DE COLZA HIDROGENADO (<strong>RAPESEED<\/strong>), ACEITE DE PRUNUS AMYGDALUS DULCIS* (<strong>ALMENDRA<\/strong>), ACEITE DEL FRUTO DE OLEA EUROPAEA* (<strong>OLIVA<\/strong>), TRIGLIC\u00c9RIDO CAPR\u00cdLICO\/C\u00c1PRICO, LAURATO DE ISOAMILO, BICARBONATO S\u00d3DICO, RICINOLEATO DE ZINC, ALMID\u00d3N DE TAPIOCA*, LIMONENO**, \u00c1CIDO POLIHIDROXIESTE\u00c1RICO, POLIRRICINOLEATO DE POLIGLICERILO-3, ACEITE DE C\u00c1SCARA DE CITRUS GRANDIS (<strong>FRUTOS DE UVA<\/strong>), TOCOFEROL (<strong>VITAMINA E<\/strong>), CAPRILATO DE GLICERILO, ACEITE DE SEMILLAS DE HELIANTHUS ANNUUS* (<strong>GIRASOL<\/strong>), CITRAL**, LINALOOL**, PINENO**, BETA-CARIOFILENO**.<br \/>\n<i>* agricultura ecol\u00f3gica controlada ** a partir de aceites esenciales naturales<\/i><br \/>\n&nbsp;<\/p>\n<h4>Acerca de i+m Naturkosmetik Berlin<\/h4>\n<p>Somos los buenos: maestros en la creaci\u00f3n de los mejores cosm\u00e9ticos naturales, pioneros org\u00e1nicos, rebeldes de la cosm\u00e9tica vegana, fairplayers, expertos en energ\u00eda vegetal, usuarios respetuosos de recursos preciosos, buenas personas, ecologistas clim\u00e1ticamente neutros, fans de la individualidad, berlineses desde el 78, dedicados a evitar residuos y galardonados con el Premio Alem\u00e1n de Sostenibilidad 2019 y 2020.<br \/>\n&nbsp;<\/p>\n<h4>M\u00e1s informaci\u00f3n:<\/h4>\n<p><b>Desodorantes en crema frente a desodorantes de aluminio:<\/b> Los desodorantes convencionales que contienen sales de aluminio\/cloruro de aluminio o alumbre constri\u00f1en y cierran los poros sudor\u00edparos. De este modo, suprimen la formaci\u00f3n natural de sudor, impidiendo el enfriamiento del cuerpo. Con los desodorantes de i+m Naturkosmetik Berlin, el sistema de aire acondicionado del cuerpo puede seguir funcionando, s\u00f3lo se evita el olor.<br \/>\n<b>Paciencia en el cambio:<\/b> Al cambiar de un desodorante convencional a un desodorante cosm\u00e9tico natural, puede producirse inicialmente un aumento de la sudoraci\u00f3n. Sin embargo, esta se regula de nuevo a un nivel natural una vez que los poros sudor\u00edparos se han acostumbrado a su recuperada libertad.<\/p>","protected":false},"excerpt":{"rendered":"<p>El desodorante en crema Tausendsch\u00f6n Grapefruit desodoriza suave y eficazmente con una mezcla de zinc, natr\u00f3n y coco. Sin alcohol, aluminio ni alumbre.<\/p>","protected":false},"featured_media":31289,"comment_status":"open","ping_status":"closed","template":"","meta":[],"product_brand":[],"product_cat":[2945,3174],"product_tag":[3175,3176,3177,3178,3179,3180,3182,3183,3205,3184,3185,3186,3187,3188,3189,3190,3204,3206,3060,3191,3192,3193,3194,3195,3196],"merk":[3454],"class_list":{"0":"post-34333","1":"product","2":"type-product","3":"status-publish","4":"has-post-thumbnail","6":"product_cat-natuurlijke-verzorging","7":"product_cat-deodorant","8":"product_tag-alcoholvrij","9":"product_tag-aluminiumvrij","10":"product_tag-bio","11":"product_tag-deodorant","12":"product_tag-deodorant-creme","13":"product_tag-dierproefvrij","14":"product_tag-fairtrade","15":"product_tag-glutenvrij","16":"product_tag-grapefruit","17":"product_tag-im","18":"product_tag-im-naturkosmetik-berlin","19":"product_tag-kleurstofvrij","20":"product_tag-lactosevrij","21":"product_tag-organisch","22":"product_tag-peg-vrij","23":"product_tag-siliconenvrij","24":"product_tag-tausendschon","25":"product_tag-tausendschon-grapefruit","26":"product_tag-vegan","27":"product_tag-veganistisch","28":"product_tag-vrij-van-minerale-olien","29":"product_tag-vrij-van-nanodeeltjes","30":"product_tag-vrij-van-parabenen","31":"product_tag-vrij-van-paraffine","32":"product_tag-zonder-aluminium","33":"merk-im-naturkosmetik-berlin","35":"first","36":"instock","37":"taxable","38":"shipping-taxable","39":"purchasable","40":"product-type-simple"},"bundled_by":[],"bundle_stock_status":"instock","bundle_stock_quantity":null,"bundle_virtual":false,"bundle_layout":"","bundle_add_to_cart_form_location":"","bundle_editable_in_cart":false,"bundle_sold_individually_context":"","bundle_item_grouping":"","bundle_min_size":"","bundle_max_size":"","bundle_price":[],"bundled_items":[],"bundle_sell_ids":[44176,35331,34410,34388,34380,34366,34364,34360],"yoast_head":"<!-- This site is optimized with the Yoast SEO plugin v26.1 - https:\/\/yoast.com\/wordpress\/plugins\/seo\/ -->\n<title>Deodorant Creme Tausendsch\u00f6n Grapefruit (zonder aluminium) 50 ml - Alternatievemiddelen.nl<\/title>\n<meta name=\"description\" content=\"Deodorant Creme Tausendsch\u00f6n Grapefruit ontgeurt zacht en effectief met een mix van zink, natron en kokos. Volledig zonder alcohol, aluminium of aluin.\" \/>\n<meta name=\"robots\" content=\"index, follow, max-snippet:-1, max-image-preview:large, max-video-preview:-1\" \/>\n<link rel=\"canonical\" href=\"https:\/\/www.alternatievemiddelen.nl\/es\/wp-json\/wp\/v2\/product\/34333\" \/>\n<meta property=\"og:locale\" content=\"es_ES\" \/>\n<meta property=\"og:type\" content=\"article\" \/>\n<meta property=\"og:title\" content=\"Deodorant Creme Tausendsch\u00f6n Grapefruit (zonder aluminium) 50 ml - Alternatievemiddelen.nl\" \/>\n<meta property=\"og:description\" content=\"Deodorant Creme Tausendsch\u00f6n Grapefruit ontgeurt zacht en effectief met een mix van zink, natron en kokos. Volledig zonder alcohol, aluminium of aluin.\" \/>\n<meta property=\"og:url\" content=\"https:\/\/www.alternatievemiddelen.nl\/es\/productos\/crema-desodorante-tausendschon-grapefruit-sin-aluminio\/\" \/>\n<meta property=\"og:site_name\" content=\"Alternatievemiddelen.nl\" \/>\n<meta property=\"article:modified_time\" content=\"2025-10-05T05:06:14+00:00\" \/>\n<meta property=\"og:image\" content=\"\/wp-content\/uploads\/2023\/12\/Tausendschon-Deodorant-Creme.jpg\" \/>\n\t<meta property=\"og:image:width\" content=\"1200\" \/>\n\t<meta property=\"og:image:height\" content=\"1600\" \/>\n\t<meta property=\"og:image:type\" content=\"image\/jpeg\" \/>\n<meta name=\"twitter:card\" content=\"summary_large_image\" \/>\n<meta name=\"twitter:label1\" content=\"Tiempo de lectura\" \/>\n\t<meta name=\"twitter:data1\" content=\"3 minutos\" \/>\n<script type=\"application\/ld+json\" class=\"yoast-schema-graph\">{\"@context\":\"https:\/\/schema.org\",\"@graph\":[{\"@type\":[\"WebPage\",\"ItemPage\"],\"@id\":\"https:\/\/www.alternatievemiddelen.nl\/producten\/deodorant-creme-tausendschon-grapefruit-zonder-aluminium\/\",\"url\":\"https:\/\/www.alternatievemiddelen.nl\/producten\/deodorant-creme-tausendschon-grapefruit-zonder-aluminium\/\",\"name\":\"Deodorant Creme Tausendsch\u00f6n Grapefruit (zonder aluminium) 50 ml - Alternatievemiddelen.nl\",\"isPartOf\":{\"@id\":\"https:\/\/www.alternatievemiddelen.nl\/#website\"},\"primaryImageOfPage\":{\"@id\":\"https:\/\/www.alternatievemiddelen.nl\/producten\/deodorant-creme-tausendschon-grapefruit-zonder-aluminium\/#primaryimage\"},\"image\":{\"@id\":\"https:\/\/www.alternatievemiddelen.nl\/producten\/deodorant-creme-tausendschon-grapefruit-zonder-aluminium\/#primaryimage\"},\"thumbnailUrl\":\"https:\/\/www.alternatievemiddelen.nl\/wp-content\/uploads\/2023\/12\/Tausendschon-Deodorant-Creme.jpg\",\"datePublished\":\"2024-02-27T07:21:06+00:00\",\"dateModified\":\"2025-10-05T05:06:14+00:00\",\"description\":\"Deodorant Creme Tausendsch\u00f6n Grapefruit ontgeurt zacht en effectief met een mix van zink, natron en kokos. Volledig zonder alcohol, aluminium of aluin.\",\"breadcrumb\":{\"@id\":\"https:\/\/www.alternatievemiddelen.nl\/producten\/deodorant-creme-tausendschon-grapefruit-zonder-aluminium\/#breadcrumb\"},\"inLanguage\":\"es\",\"potentialAction\":[{\"@type\":\"ReadAction\",\"target\":[\"https:\/\/www.alternatievemiddelen.nl\/producten\/deodorant-creme-tausendschon-grapefruit-zonder-aluminium\/\"]}]},{\"@type\":\"ImageObject\",\"inLanguage\":\"es\",\"@id\":\"https:\/\/www.alternatievemiddelen.nl\/producten\/deodorant-creme-tausendschon-grapefruit-zonder-aluminium\/#primaryimage\",\"url\":\"https:\/\/www.alternatievemiddelen.nl\/wp-content\/uploads\/2023\/12\/Tausendschon-Deodorant-Creme.jpg\",\"contentUrl\":\"https:\/\/www.alternatievemiddelen.nl\/wp-content\/uploads\/2023\/12\/Tausendschon-Deodorant-Creme.jpg\",\"width\":1200,\"height\":1600,\"caption\":\"i+m Tausendsch\u00f6n Deodorant Creme Grapefruit 50 ml\"},{\"@type\":\"BreadcrumbList\",\"@id\":\"https:\/\/www.alternatievemiddelen.nl\/producten\/deodorant-creme-tausendschon-grapefruit-zonder-aluminium\/#breadcrumb\",\"itemListElement\":[{\"@type\":\"ListItem\",\"position\":1,\"name\":\"Home\",\"item\":\"https:\/\/www.alternatievemiddelen.nl\/\"},{\"@type\":\"ListItem\",\"position\":2,\"name\":\"Producten\",\"item\":\"https:\/\/www.alternatievemiddelen.nl\/producten\/\"},{\"@type\":\"ListItem\",\"position\":3,\"name\":\"Deodorant Creme Tausendsch\u00f6n Grapefruit (zonder aluminium) 50 ml\"}]},{\"@type\":\"WebSite\",\"@id\":\"https:\/\/www.alternatievemiddelen.nl\/#website\",\"url\":\"https:\/\/www.alternatievemiddelen.nl\/\",\"name\":\"Alternatievemiddelen.nl\",\"description\":\"Webshop met gezonde, duurzame en ecologische alternatieve mogelijkheden in de hedendaagse levenstijl. Alles uit eigen ervaring.\",\"publisher\":{\"@id\":\"https:\/\/www.alternatievemiddelen.nl\/#organization\"},\"potentialAction\":[{\"@type\":\"SearchAction\",\"target\":{\"@type\":\"EntryPoint\",\"urlTemplate\":\"https:\/\/www.alternatievemiddelen.nl\/?s={search_term_string}\"},\"query-input\":{\"@type\":\"PropertyValueSpecification\",\"valueRequired\":true,\"valueName\":\"search_term_string\"}}],\"inLanguage\":\"es\"},{\"@type\":\"Organization\",\"@id\":\"https:\/\/www.alternatievemiddelen.nl\/#organization\",\"name\":\"Alternatievemiddelen.nl\",\"url\":\"https:\/\/www.alternatievemiddelen.nl\/\",\"logo\":{\"@type\":\"ImageObject\",\"inLanguage\":\"es\",\"@id\":\"https:\/\/www.alternatievemiddelen.nl\/#\/schema\/logo\/image\/\",\"url\":\"https:\/\/www.alternatievemiddelen.nl\/wp-content\/uploads\/2023\/10\/alternatievemiddelen-PNG-logo.png\",\"contentUrl\":\"https:\/\/www.alternatievemiddelen.nl\/wp-content\/uploads\/2023\/10\/alternatievemiddelen-PNG-logo.png\",\"width\":6400,\"height\":3062,\"caption\":\"Alternatievemiddelen.nl\"},\"image\":{\"@id\":\"https:\/\/www.alternatievemiddelen.nl\/#\/schema\/logo\/image\/\"}}]}<\/script>\n<!-- \/ Yoast SEO plugin. -->","yoast_head_json":{"title":"Deodorant Creme Tausendsch\u00f6n Grapefruit (zonder aluminium) 50 ml - Alternatievemiddelen.nl","description":"Deodorant Creme Tausendsch\u00f6n Grapefruit ontgeurt zacht en effectief met een mix van zink, natron en kokos. Volledig zonder alcohol, aluminium of aluin.","robots":{"index":"index","follow":"follow","max-snippet":"max-snippet:-1","max-image-preview":"max-image-preview:large","max-video-preview":"max-video-preview:-1"},"canonical":"https:\/\/www.alternatievemiddelen.nl\/es\/wp-json\/wp\/v2\/product\/34333","og_locale":"es_ES","og_type":"article","og_title":"Deodorant Creme Tausendsch\u00f6n Grapefruit (zonder aluminium) 50 ml - Alternatievemiddelen.nl","og_description":"Deodorant Creme Tausendsch\u00f6n Grapefruit ontgeurt zacht en effectief met een mix van zink, natron en kokos. Volledig zonder alcohol, aluminium of aluin.","og_url":"https:\/\/www.alternatievemiddelen.nl\/es\/productos\/crema-desodorante-tausendschon-grapefruit-sin-aluminio\/","og_site_name":"Alternatievemiddelen.nl","article_modified_time":"2025-10-05T05:06:14+00:00","og_image":[{"width":1200,"height":1600,"url":"\/wp-content\/uploads\/2023\/12\/Tausendschon-Deodorant-Creme.jpg","type":"image\/jpeg"}],"twitter_card":"summary_large_image","twitter_misc":{"Tiempo de lectura":"3 minutos"},"schema":{"@context":"https:\/\/schema.org","@graph":[{"@type":["WebPage","ItemPage"],"@id":"https:\/\/www.alternatievemiddelen.nl\/producten\/deodorant-creme-tausendschon-grapefruit-zonder-aluminium\/","url":"https:\/\/www.alternatievemiddelen.nl\/producten\/deodorant-creme-tausendschon-grapefruit-zonder-aluminium\/","name":"Deodorant Creme Tausendsch\u00f6n Grapefruit (zonder aluminium) 50 ml - Alternatievemiddelen.nl","isPartOf":{"@id":"https:\/\/www.alternatievemiddelen.nl\/#website"},"primaryImageOfPage":{"@id":"https:\/\/www.alternatievemiddelen.nl\/producten\/deodorant-creme-tausendschon-grapefruit-zonder-aluminium\/#primaryimage"},"image":{"@id":"https:\/\/www.alternatievemiddelen.nl\/producten\/deodorant-creme-tausendschon-grapefruit-zonder-aluminium\/#primaryimage"},"thumbnailUrl":"https:\/\/www.alternatievemiddelen.nl\/wp-content\/uploads\/2023\/12\/Tausendschon-Deodorant-Creme.jpg","datePublished":"2024-02-27T07:21:06+00:00","dateModified":"2025-10-05T05:06:14+00:00","description":"Deodorant Creme Tausendsch\u00f6n Grapefruit ontgeurt zacht en effectief met een mix van zink, natron en kokos. Volledig zonder alcohol, aluminium of aluin.","breadcrumb":{"@id":"https:\/\/www.alternatievemiddelen.nl\/producten\/deodorant-creme-tausendschon-grapefruit-zonder-aluminium\/#breadcrumb"},"inLanguage":"es","potentialAction":[{"@type":"ReadAction","target":["https:\/\/www.alternatievemiddelen.nl\/producten\/deodorant-creme-tausendschon-grapefruit-zonder-aluminium\/"]}]},{"@type":"ImageObject","inLanguage":"es","@id":"https:\/\/www.alternatievemiddelen.nl\/producten\/deodorant-creme-tausendschon-grapefruit-zonder-aluminium\/#primaryimage","url":"https:\/\/www.alternatievemiddelen.nl\/wp-content\/uploads\/2023\/12\/Tausendschon-Deodorant-Creme.jpg","contentUrl":"https:\/\/www.alternatievemiddelen.nl\/wp-content\/uploads\/2023\/12\/Tausendschon-Deodorant-Creme.jpg","width":1200,"height":1600,"caption":"i+m Tausendsch\u00f6n Deodorant Creme Grapefruit 50 ml"},{"@type":"BreadcrumbList","@id":"https:\/\/www.alternatievemiddelen.nl\/producten\/deodorant-creme-tausendschon-grapefruit-zonder-aluminium\/#breadcrumb","itemListElement":[{"@type":"ListItem","position":1,"name":"Home","item":"https:\/\/www.alternatievemiddelen.nl\/"},{"@type":"ListItem","position":2,"name":"Producten","item":"https:\/\/www.alternatievemiddelen.nl\/producten\/"},{"@type":"ListItem","position":3,"name":"Deodorant Creme Tausendsch\u00f6n Grapefruit (zonder aluminium) 50 ml"}]},{"@type":"WebSite","@id":"https:\/\/www.alternatievemiddelen.nl\/#website","url":"https:\/\/www.alternatievemiddelen.nl\/","name":"Alternatievemiddelen.nl","description":"Webshop met gezonde, duurzame en ecologische alternatieve mogelijkheden in de hedendaagse levenstijl. Alles uit eigen ervaring.","publisher":{"@id":"https:\/\/www.alternatievemiddelen.nl\/#organization"},"potentialAction":[{"@type":"SearchAction","target":{"@type":"EntryPoint","urlTemplate":"https:\/\/www.alternatievemiddelen.nl\/?s={search_term_string}"},"query-input":{"@type":"PropertyValueSpecification","valueRequired":true,"valueName":"search_term_string"}}],"inLanguage":"es"},{"@type":"Organization","@id":"https:\/\/www.alternatievemiddelen.nl\/#organization","name":"Alternatievemiddelen.nl","url":"https:\/\/www.alternatievemiddelen.nl\/","logo":{"@type":"ImageObject","inLanguage":"es","@id":"https:\/\/www.alternatievemiddelen.nl\/#\/schema\/logo\/image\/","url":"https:\/\/www.alternatievemiddelen.nl\/wp-content\/uploads\/2023\/10\/alternatievemiddelen-PNG-logo.png","contentUrl":"https:\/\/www.alternatievemiddelen.nl\/wp-content\/uploads\/2023\/10\/alternatievemiddelen-PNG-logo.png","width":6400,"height":3062,"caption":"Alternatievemiddelen.nl"},"image":{"@id":"https:\/\/www.alternatievemiddelen.nl\/#\/schema\/logo\/image\/"}}]}},"_links":{"self":[{"href":"https:\/\/www.alternatievemiddelen.nl\/es\/wp-json\/wp\/v2\/product\/34333","targetHints":{"allow":["GET"]}}],"collection":[{"href":"https:\/\/www.alternatievemiddelen.nl\/es\/wp-json\/wp\/v2\/product"}],"about":[{"href":"https:\/\/www.alternatievemiddelen.nl\/es\/wp-json\/wp\/v2\/types\/product"}],"replies":[{"embeddable":true,"href":"https:\/\/www.alternatievemiddelen.nl\/es\/wp-json\/wp\/v2\/comments?post=34333"}],"wp:featuredmedia":[{"embeddable":true,"href":"https:\/\/www.alternatievemiddelen.nl\/es\/wp-json\/wp\/v2\/media\/31289"}],"wp:attachment":[{"href":"https:\/\/www.alternatievemiddelen.nl\/es\/wp-json\/wp\/v2\/media?parent=34333"}],"wp:term":[{"taxonomy":"product_brand","embeddable":true,"href":"https:\/\/www.alternatievemiddelen.nl\/es\/wp-json\/wp\/v2\/product_brand?post=34333"},{"taxonomy":"product_cat","embeddable":true,"href":"https:\/\/www.alternatievemiddelen.nl\/es\/wp-json\/wp\/v2\/product_cat?post=34333"},{"taxonomy":"product_tag","embeddable":true,"href":"https:\/\/www.alternatievemiddelen.nl\/es\/wp-json\/wp\/v2\/product_tag?post=34333"},{"taxonomy":"merk","embeddable":true,"href":"https:\/\/www.alternatievemiddelen.nl\/es\/wp-json\/wp\/v2\/merk?post=34333"}],"curies":[{"name":"wp","href":"https:\/\/api.w.org\/{rel}","templated":true}]}}