{"id":34336,"date":"2024-02-27T08:21:07","date_gmt":"2024-02-27T07:21:07","guid":{"rendered":"https:\/\/www.alternatievemiddelen.nl\/?post_type=product&#038;p=34336"},"modified":"2026-04-15T17:22:17","modified_gmt":"2026-04-15T15:22:17","slug":"aqua-aurora-douchevitaliser","status":"publish","type":"product","link":"https:\/\/www.alternatievemiddelen.nl\/es\/productos\/aqua-aurora-vitalizador-de-ducha\/","title":{"rendered":"Aqua Aurora Vitalizador de ducha con conectores"},"content":{"rendered":"<p>El vitalizador de ducha Aqua Aurora devuelve al agua su vibraci\u00f3n natural. El vitalizador trabaja en la frecuencia de la piedra caliza de concha. Esto elimina las frecuencias no naturales de radiaci\u00f3n y las cargas energ\u00e9ticas de otras sustancias t\u00f3xicas. Las personas, las plantas y los animales responden inmediatamente y se vuelven m\u00e1s vitales. El resultado son menos problemas de salud en las personas y menos enfermedades y fallos en plantas y animales.<br \/>\n&nbsp;<\/p>\n<h3>El vitrificador Aqua Aurora<\/h3>\n<p>Conecte el vitalizador al grifo mezclador de su ducha o ba\u00f1era para poder conectarle el flexo de ducha.<\/p>\n<p>Se suministra con los accesorios necesarios y cinta de instalaci\u00f3n para sellar las conexiones roscadas en las que no se ha aplicado caucho.<\/p>\n<p>El funcionamiento de un vitalizador de ducha Aqua Aurora es sencillo. El vitalizador consta de un tubo de acero inoxidable por el que circula agua. El tubo de doble pared que transporta el agua es de acero inoxidable 316, certificado para la industria alimentaria. El vitalizador est\u00e1 lleno de materia en la que se almacena la frecuencia deseada (cal de concha). Libera esta frecuencia al agua que pasa. El vitalizador borra las frecuencias incriminatorias y las sustituye por la frecuencia de la materia (cal de concha) en el vitalizador.<br \/>\n&nbsp;<\/p>\n<h3>Agua vitalizante<\/h3>\n<p>Al vitalizar el agua con el Vitalizador de Ducha Aqua Aurora, se transfiere una frecuencia. En el caso de los vitalizadores Aqua Aurora, al contrario que en otros vitalizadores, se utilizan frecuencias basadas en la piedra caliza de concha (esto sigue estando muy cerca de la informaci\u00f3n primigenia original de nuestra tierra, por as\u00ed decirlo de la vibraci\u00f3n de la madre tierra). Esto hace que estos vitalizadores sean \u00fanicos en comparaci\u00f3n con otros vitalizadores. Adem\u00e1s de m\u00e1s energ\u00eda, los vitalizadores tambi\u00e9n pueden transmitir informaci\u00f3n.<\/p>\n<p>El agua que sale hoy de nuestros grifos est\u00e1 muy influida por su entorno antinatural. El agua se purifica qu\u00edmicamente y luego se transporta a los consumidores a trav\u00e9s de elaborados sistemas de tuber\u00edas. Durante este proceso, el agua pierde su fuerza original y absorbe todo tipo de informaci\u00f3n gravosa. Por ejemplo, sabemos que el agua est\u00e1 cargada de radiaciones procedentes de l\u00edneas el\u00e9ctricas, torres de transmisi\u00f3n y generadores. Pero tambi\u00e9n sabemos que cuando el agua se limpia qu\u00edmicamente, las cargas siguen presentes energ\u00e9ticamente. Los vitalizadores pueden borrar estas cargas y sustituirlas por las frecuencias de la cal de concha. As\u00ed, el agua recupera su energ\u00eda original y se borran las frecuencias negativas.<br \/>\n&nbsp;<\/p>\n<h3>Aplicaciones<\/h3>\n<p>No s\u00f3lo se puede vitalizar el agua, sino tambi\u00e9n otros l\u00edquidos, gases y tambi\u00e9n s\u00f3lidos. Cuando se vitaliza el aire, se observa que aumenta el contenido de ox\u00edgeno y, en el caso de las semillas y las pl\u00e1ntulas, aumenta el \u00edndice de germinaci\u00f3n, mejora la calidad y aumenta el rendimiento. El contenido de ox\u00edgeno de la sangre tambi\u00e9n aumenta cuando se pasa por una <a href=\"https:\/\/www.alternatievemiddelen.nl\/es\/productos\/aqua-aurora-vitalizador-del-aliento\/\">vitalizador del aliento<\/a> respirar. Los vitalizantes de cal Shell son de aplicaci\u00f3n universal y una inversi\u00f3n muy eficaz tanto para los consumidores como para las empresas. Buenos para nuestra salud, en todo tipo de procesos y para nuestro medio ambiente.<\/p>\n<p>Para todos los vitalizadores de cal de concha Aqua Aurora, consulte nuestra gama, <a href=\"https:\/\/www.alternatievemiddelen.nl\/es\/categoria-de-productos\/vitalizadores-y-placas-energeticas\/\">la p\u00e1gina de resumen<\/a>.<br \/>\n&nbsp;<\/p>\n<h3>Especificaciones del vitalizador de ducha Aqua Aurora<\/h3>\n<p><u>Informaci\u00f3n general<\/u><br \/>\n\u25cf Aplicaci\u00f3n: como prolongaci\u00f3n en el grifo mezclador.<br \/>\n\u25cf Mantenimiento: ninguno<br \/>\n\u25cf Vida \u00fatil: con un uso normal, duran toda la vida.<br \/>\nGarant\u00eda del material: 5 a\u00f1os<br \/>\n\u25cf \u00a1Que el agua y el aire fluyan siempre por el vitalizador desde el lado grueso hacia el lado fino!<br \/>\n<u>Especificaciones t\u00e9cnicas<\/u><br \/>\n\u25cf Material: acero inoxidable 316 (cumple los requisitos de la industria alimentaria).<br \/>\n\u25cf Paso: 10 mm<br \/>\n\u25cf Conexi\u00f3n: 3\/8 pulgadas<br \/>\n<u>Dimensiones exteriores<\/u><br \/>\n\u25cf Longitud: aprox. 70 mm<br \/>\n\u25cf Anchura: aprox. 40 mm<br \/>\nClase de presi\u00f3n: PN 10<br \/>\n\u25cf Direcci\u00f3n de flujo de entrada: lado obtuso<br \/>\n\u25cf Salida del sentido de flujo: lado c\u00f3nico<br \/>\nMateriales de conexi\u00f3n: mediante acoplamiento combinado suministrado, rosca interior y exterior<br \/>\n&nbsp;<\/p>\n<h3>Instrucciones de montaje y uso del vitalizador de ducha Aqua Aurora<\/h3>\n<p>Desmonte el flexo de ducha del grifo mezclador. Coloque el manguito reductor suministrado en el grifo mezclador y, a continuaci\u00f3n, coloque la boquilla reductora suministrada en el lado c\u00f3nico del vitalizador. Conecte el vitalizador de ducha al manguito reductor. Vuelva a conectar la manguera de la ducha al manguito reductor. Utilice cinta selladora para el montaje.<\/p>","protected":false},"excerpt":{"rendered":"<p>Aqua Aurora Vitalizador de ducha (a base de cal de c\u00e1scara) incl. racores de conexi\u00f3n, para conexi\u00f3n directa al grifo mezclador de la ducha. \u00a1Agua vital!<\/p>","protected":false},"featured_media":31400,"comment_status":"open","ping_status":"closed","template":"","meta":[],"product_brand":[],"product_cat":[2870,3461,2971,2887],"product_tag":[2888,2889,2874,2875,2890,2877,2878,2879,2880,2881,2882,2883,2891,2884,2885],"merk":[3447],"class_list":{"0":"post-34336","1":"product","2":"type-product","3":"status-publish","4":"has-post-thumbnail","6":"product_cat-vitalisers-en-energetische-platen","7":"product_cat-watervitalisers","8":"product_cat-waterfilters","9":"product_cat-douchefilters","10":"product_tag-douche","11":"product_tag-douchevitaliser","12":"product_tag-frequentie","13":"product_tag-gezondheid","14":"product_tag-kraan","15":"product_tag-moeder-aarde","16":"product_tag-natuur","17":"product_tag-roestvrij-staal","18":"product_tag-rvs","19":"product_tag-schelpkalk","20":"product_tag-trilling","21":"product_tag-vitaal","22":"product_tag-vitaal-water","23":"product_tag-vitaliseren","24":"product_tag-water","25":"merk-aqua-aurora","27":"first","28":"instock","29":"taxable","30":"shipping-taxable","31":"purchasable","32":"product-type-simple"},"bundled_by":[],"bundle_stock_status":"instock","bundle_stock_quantity":null,"bundle_virtual":false,"bundle_layout":"","bundle_add_to_cart_form_location":"","bundle_editable_in_cart":false,"bundle_sold_individually_context":"","bundle_item_grouping":"","bundle_min_size":"","bundle_max_size":"","bundle_price":[],"bundled_items":[],"bundle_sell_ids":[44176,51536,34326,34327,34350],"yoast_head":"<!-- This site is optimized with the Yoast SEO plugin v26.1 - https:\/\/yoast.com\/wordpress\/plugins\/seo\/ -->\n<title>Aqua Aurora Douchevitaliser met aansluitstukken - Alternatievemiddelen.nl<\/title>\n<meta name=\"description\" content=\"Aqua Aurora Douchevitaliser (o.b.v. schelpkalk) incl. aansluitstukken, om direct aan te sluiten op de mengkraan van de douche. Vitaal water!\" \/>\n<meta name=\"robots\" content=\"index, follow, max-snippet:-1, max-image-preview:large, max-video-preview:-1\" \/>\n<link rel=\"canonical\" href=\"https:\/\/www.alternatievemiddelen.nl\/es\/wp-json\/wp\/v2\/product\/34336\" \/>\n<meta property=\"og:locale\" content=\"es_ES\" \/>\n<meta property=\"og:type\" content=\"article\" \/>\n<meta property=\"og:title\" content=\"Aqua Aurora Douchevitaliser met aansluitstukken - Alternatievemiddelen.nl\" \/>\n<meta property=\"og:description\" content=\"Aqua Aurora Douchevitaliser (o.b.v. schelpkalk) incl. aansluitstukken, om direct aan te sluiten op de mengkraan van de douche. Vitaal water!\" \/>\n<meta property=\"og:url\" content=\"https:\/\/www.alternatievemiddelen.nl\/es\/productos\/aqua-aurora-vitalizador-de-ducha\/\" \/>\n<meta property=\"og:site_name\" content=\"Alternatievemiddelen.nl\" \/>\n<meta property=\"article:modified_time\" content=\"2026-04-15T15:22:17+00:00\" \/>\n<meta property=\"og:image\" content=\"\/wp-content\/uploads\/2023\/12\/Aqua-Aurora-Douchevitaliser.jpg\" \/>\n\t<meta property=\"og:image:width\" content=\"1200\" \/>\n\t<meta property=\"og:image:height\" content=\"1600\" \/>\n\t<meta property=\"og:image:type\" content=\"image\/jpeg\" \/>\n<meta name=\"twitter:card\" content=\"summary_large_image\" \/>\n<meta name=\"twitter:label1\" content=\"Tiempo de lectura\" \/>\n\t<meta name=\"twitter:data1\" content=\"4 minutos\" \/>\n<script type=\"application\/ld+json\" class=\"yoast-schema-graph\">{\"@context\":\"https:\/\/schema.org\",\"@graph\":[{\"@type\":[\"WebPage\",\"ItemPage\"],\"@id\":\"https:\/\/www.alternatievemiddelen.nl\/producten\/aqua-aurora-douchevitaliser\/\",\"url\":\"https:\/\/www.alternatievemiddelen.nl\/producten\/aqua-aurora-douchevitaliser\/\",\"name\":\"Aqua Aurora Douchevitaliser met aansluitstukken - Alternatievemiddelen.nl\",\"isPartOf\":{\"@id\":\"https:\/\/www.alternatievemiddelen.nl\/#website\"},\"primaryImageOfPage\":{\"@id\":\"https:\/\/www.alternatievemiddelen.nl\/producten\/aqua-aurora-douchevitaliser\/#primaryimage\"},\"image\":{\"@id\":\"https:\/\/www.alternatievemiddelen.nl\/producten\/aqua-aurora-douchevitaliser\/#primaryimage\"},\"thumbnailUrl\":\"https:\/\/www.alternatievemiddelen.nl\/wp-content\/uploads\/2023\/12\/Aqua-Aurora-Douchevitaliser.jpg\",\"datePublished\":\"2024-02-27T07:21:07+00:00\",\"dateModified\":\"2026-04-15T15:22:17+00:00\",\"description\":\"Aqua Aurora Douchevitaliser (o.b.v. schelpkalk) incl. aansluitstukken, om direct aan te sluiten op de mengkraan van de douche. Vitaal water!\",\"breadcrumb\":{\"@id\":\"https:\/\/www.alternatievemiddelen.nl\/producten\/aqua-aurora-douchevitaliser\/#breadcrumb\"},\"inLanguage\":\"es\",\"potentialAction\":[{\"@type\":\"ReadAction\",\"target\":[\"https:\/\/www.alternatievemiddelen.nl\/producten\/aqua-aurora-douchevitaliser\/\"]}]},{\"@type\":\"ImageObject\",\"inLanguage\":\"es\",\"@id\":\"https:\/\/www.alternatievemiddelen.nl\/producten\/aqua-aurora-douchevitaliser\/#primaryimage\",\"url\":\"https:\/\/www.alternatievemiddelen.nl\/wp-content\/uploads\/2023\/12\/Aqua-Aurora-Douchevitaliser.jpg\",\"contentUrl\":\"https:\/\/www.alternatievemiddelen.nl\/wp-content\/uploads\/2023\/12\/Aqua-Aurora-Douchevitaliser.jpg\",\"width\":1200,\"height\":1600,\"caption\":\"douchevitaliser Aqua Aurora\"},{\"@type\":\"BreadcrumbList\",\"@id\":\"https:\/\/www.alternatievemiddelen.nl\/producten\/aqua-aurora-douchevitaliser\/#breadcrumb\",\"itemListElement\":[{\"@type\":\"ListItem\",\"position\":1,\"name\":\"Home\",\"item\":\"https:\/\/www.alternatievemiddelen.nl\/\"},{\"@type\":\"ListItem\",\"position\":2,\"name\":\"Producten\",\"item\":\"https:\/\/www.alternatievemiddelen.nl\/producten\/\"},{\"@type\":\"ListItem\",\"position\":3,\"name\":\"Aqua Aurora Douchevitaliser met aansluitstukken\"}]},{\"@type\":\"WebSite\",\"@id\":\"https:\/\/www.alternatievemiddelen.nl\/#website\",\"url\":\"https:\/\/www.alternatievemiddelen.nl\/\",\"name\":\"Alternatievemiddelen.nl\",\"description\":\"Webshop met gezonde, duurzame en ecologische alternatieve mogelijkheden in de hedendaagse levenstijl. Alles uit eigen ervaring.\",\"publisher\":{\"@id\":\"https:\/\/www.alternatievemiddelen.nl\/#organization\"},\"potentialAction\":[{\"@type\":\"SearchAction\",\"target\":{\"@type\":\"EntryPoint\",\"urlTemplate\":\"https:\/\/www.alternatievemiddelen.nl\/?s={search_term_string}\"},\"query-input\":{\"@type\":\"PropertyValueSpecification\",\"valueRequired\":true,\"valueName\":\"search_term_string\"}}],\"inLanguage\":\"es\"},{\"@type\":\"Organization\",\"@id\":\"https:\/\/www.alternatievemiddelen.nl\/#organization\",\"name\":\"Alternatievemiddelen.nl\",\"url\":\"https:\/\/www.alternatievemiddelen.nl\/\",\"logo\":{\"@type\":\"ImageObject\",\"inLanguage\":\"es\",\"@id\":\"https:\/\/www.alternatievemiddelen.nl\/#\/schema\/logo\/image\/\",\"url\":\"https:\/\/www.alternatievemiddelen.nl\/wp-content\/uploads\/2023\/10\/alternatievemiddelen-PNG-logo.png\",\"contentUrl\":\"https:\/\/www.alternatievemiddelen.nl\/wp-content\/uploads\/2023\/10\/alternatievemiddelen-PNG-logo.png\",\"width\":6400,\"height\":3062,\"caption\":\"Alternatievemiddelen.nl\"},\"image\":{\"@id\":\"https:\/\/www.alternatievemiddelen.nl\/#\/schema\/logo\/image\/\"}}]}<\/script>\n<!-- \/ Yoast SEO plugin. -->","yoast_head_json":{"title":"Aqua Aurora Douchevitaliser met aansluitstukken - Alternatievemiddelen.nl","description":"Aqua Aurora Douchevitaliser (o.b.v. schelpkalk) incl. aansluitstukken, om direct aan te sluiten op de mengkraan van de douche. Vitaal water!","robots":{"index":"index","follow":"follow","max-snippet":"max-snippet:-1","max-image-preview":"max-image-preview:large","max-video-preview":"max-video-preview:-1"},"canonical":"https:\/\/www.alternatievemiddelen.nl\/es\/wp-json\/wp\/v2\/product\/34336","og_locale":"es_ES","og_type":"article","og_title":"Aqua Aurora Douchevitaliser met aansluitstukken - Alternatievemiddelen.nl","og_description":"Aqua Aurora Douchevitaliser (o.b.v. schelpkalk) incl. aansluitstukken, om direct aan te sluiten op de mengkraan van de douche. Vitaal water!","og_url":"https:\/\/www.alternatievemiddelen.nl\/es\/productos\/aqua-aurora-vitalizador-de-ducha\/","og_site_name":"Alternatievemiddelen.nl","article_modified_time":"2026-04-15T15:22:17+00:00","og_image":[{"width":1200,"height":1600,"url":"\/wp-content\/uploads\/2023\/12\/Aqua-Aurora-Douchevitaliser.jpg","type":"image\/jpeg"}],"twitter_card":"summary_large_image","twitter_misc":{"Tiempo de lectura":"4 minutos"},"schema":{"@context":"https:\/\/schema.org","@graph":[{"@type":["WebPage","ItemPage"],"@id":"https:\/\/www.alternatievemiddelen.nl\/producten\/aqua-aurora-douchevitaliser\/","url":"https:\/\/www.alternatievemiddelen.nl\/producten\/aqua-aurora-douchevitaliser\/","name":"Aqua Aurora Douchevitaliser met aansluitstukken - Alternatievemiddelen.nl","isPartOf":{"@id":"https:\/\/www.alternatievemiddelen.nl\/#website"},"primaryImageOfPage":{"@id":"https:\/\/www.alternatievemiddelen.nl\/producten\/aqua-aurora-douchevitaliser\/#primaryimage"},"image":{"@id":"https:\/\/www.alternatievemiddelen.nl\/producten\/aqua-aurora-douchevitaliser\/#primaryimage"},"thumbnailUrl":"https:\/\/www.alternatievemiddelen.nl\/wp-content\/uploads\/2023\/12\/Aqua-Aurora-Douchevitaliser.jpg","datePublished":"2024-02-27T07:21:07+00:00","dateModified":"2026-04-15T15:22:17+00:00","description":"Aqua Aurora Douchevitaliser (o.b.v. schelpkalk) incl. aansluitstukken, om direct aan te sluiten op de mengkraan van de douche. Vitaal water!","breadcrumb":{"@id":"https:\/\/www.alternatievemiddelen.nl\/producten\/aqua-aurora-douchevitaliser\/#breadcrumb"},"inLanguage":"es","potentialAction":[{"@type":"ReadAction","target":["https:\/\/www.alternatievemiddelen.nl\/producten\/aqua-aurora-douchevitaliser\/"]}]},{"@type":"ImageObject","inLanguage":"es","@id":"https:\/\/www.alternatievemiddelen.nl\/producten\/aqua-aurora-douchevitaliser\/#primaryimage","url":"https:\/\/www.alternatievemiddelen.nl\/wp-content\/uploads\/2023\/12\/Aqua-Aurora-Douchevitaliser.jpg","contentUrl":"https:\/\/www.alternatievemiddelen.nl\/wp-content\/uploads\/2023\/12\/Aqua-Aurora-Douchevitaliser.jpg","width":1200,"height":1600,"caption":"douchevitaliser Aqua Aurora"},{"@type":"BreadcrumbList","@id":"https:\/\/www.alternatievemiddelen.nl\/producten\/aqua-aurora-douchevitaliser\/#breadcrumb","itemListElement":[{"@type":"ListItem","position":1,"name":"Home","item":"https:\/\/www.alternatievemiddelen.nl\/"},{"@type":"ListItem","position":2,"name":"Producten","item":"https:\/\/www.alternatievemiddelen.nl\/producten\/"},{"@type":"ListItem","position":3,"name":"Aqua Aurora Douchevitaliser met aansluitstukken"}]},{"@type":"WebSite","@id":"https:\/\/www.alternatievemiddelen.nl\/#website","url":"https:\/\/www.alternatievemiddelen.nl\/","name":"Alternatievemiddelen.nl","description":"Webshop met gezonde, duurzame en ecologische alternatieve mogelijkheden in de hedendaagse levenstijl. Alles uit eigen ervaring.","publisher":{"@id":"https:\/\/www.alternatievemiddelen.nl\/#organization"},"potentialAction":[{"@type":"SearchAction","target":{"@type":"EntryPoint","urlTemplate":"https:\/\/www.alternatievemiddelen.nl\/?s={search_term_string}"},"query-input":{"@type":"PropertyValueSpecification","valueRequired":true,"valueName":"search_term_string"}}],"inLanguage":"es"},{"@type":"Organization","@id":"https:\/\/www.alternatievemiddelen.nl\/#organization","name":"Alternatievemiddelen.nl","url":"https:\/\/www.alternatievemiddelen.nl\/","logo":{"@type":"ImageObject","inLanguage":"es","@id":"https:\/\/www.alternatievemiddelen.nl\/#\/schema\/logo\/image\/","url":"https:\/\/www.alternatievemiddelen.nl\/wp-content\/uploads\/2023\/10\/alternatievemiddelen-PNG-logo.png","contentUrl":"https:\/\/www.alternatievemiddelen.nl\/wp-content\/uploads\/2023\/10\/alternatievemiddelen-PNG-logo.png","width":6400,"height":3062,"caption":"Alternatievemiddelen.nl"},"image":{"@id":"https:\/\/www.alternatievemiddelen.nl\/#\/schema\/logo\/image\/"}}]}},"_links":{"self":[{"href":"https:\/\/www.alternatievemiddelen.nl\/es\/wp-json\/wp\/v2\/product\/34336","targetHints":{"allow":["GET"]}}],"collection":[{"href":"https:\/\/www.alternatievemiddelen.nl\/es\/wp-json\/wp\/v2\/product"}],"about":[{"href":"https:\/\/www.alternatievemiddelen.nl\/es\/wp-json\/wp\/v2\/types\/product"}],"replies":[{"embeddable":true,"href":"https:\/\/www.alternatievemiddelen.nl\/es\/wp-json\/wp\/v2\/comments?post=34336"}],"wp:featuredmedia":[{"embeddable":true,"href":"https:\/\/www.alternatievemiddelen.nl\/es\/wp-json\/wp\/v2\/media\/31400"}],"wp:attachment":[{"href":"https:\/\/www.alternatievemiddelen.nl\/es\/wp-json\/wp\/v2\/media?parent=34336"}],"wp:term":[{"taxonomy":"product_brand","embeddable":true,"href":"https:\/\/www.alternatievemiddelen.nl\/es\/wp-json\/wp\/v2\/product_brand?post=34336"},{"taxonomy":"product_cat","embeddable":true,"href":"https:\/\/www.alternatievemiddelen.nl\/es\/wp-json\/wp\/v2\/product_cat?post=34336"},{"taxonomy":"product_tag","embeddable":true,"href":"https:\/\/www.alternatievemiddelen.nl\/es\/wp-json\/wp\/v2\/product_tag?post=34336"},{"taxonomy":"merk","embeddable":true,"href":"https:\/\/www.alternatievemiddelen.nl\/es\/wp-json\/wp\/v2\/merk?post=34336"}],"curies":[{"name":"wp","href":"https:\/\/api.w.org\/{rel}","templated":true}]}}