{"id":34339,"date":"2024-02-27T08:21:08","date_gmt":"2024-02-27T07:21:08","guid":{"rendered":"https:\/\/www.alternatievemiddelen.nl\/?post_type=product&#038;p=34339"},"modified":"2025-12-09T14:30:12","modified_gmt":"2025-12-09T13:30:12","slug":"berkey-rvs-kraantje-met-aqua-aurora-vitaliser","status":"publish","type":"product","link":"https:\/\/www.alternatievemiddelen.nl\/es\/productos\/grifo-de-acero-inoxidable-berkey-con-vitalizador-aqua-aurora\/","title":{"rendered":"Grifo de acero inoxidable con vitalizador Aqua Aurora para filtro de agua"},"content":{"rendered":"<p>\u00a1Lo mejor de dos mundos! El grifo de acero inoxidable con vitalizador Aqua Aurora para filtros de agua, \u00a1vitaliza el agua filtrada durante el vaciado y despu\u00e9s usted utiliza agua deliciosamente filtrada y vitalizada! El complemento perfecto para su filtro de agua Berkey, BOROUX o Pure Filters.<\/p>\n<p>Este grifo de acero inoxidable con vitalizador Aqua Aurora es de alta calidad y tiene un bonito acabado. Completa su filtro de agua. Se adapta a todos los grifos de acero inoxidable <a href=\"https:\/\/www.alternatievemiddelen.nl\/es\/categoria-de-productos\/filtros-de-agua\/filtro-de-agua\/filtrar-resultados\/berkey-3\/\">Filtros de agua Berkey (no en el Berkey Light)<\/a> e incluso en el acero inoxidable <a href=\"https:\/\/www.alternatievemiddelen.nl\/es\/categoria-de-productos\/filtros-de-agua\/filtro-de-agua\/filtrar-resultados\/boroux\/\">Sistemas de filtrado de agua BOROUX<\/a> y el <a href=\"https:\/\/www.alternatievemiddelen.nl\/es\/categoria-de-productos\/filtros-de-agua\/filtro-de-agua\/filtrar-resultados\/filtros-puros\/\">Sistemas de filtrado de agua Pure Filters<\/a>.<br \/>\n&nbsp;<\/p>\n<h2>Vitalizador con v\u00e1lvula de acero inoxidable con vitalizador Aqua Aurora<\/h2>\n<p>El agua que sale hoy de nuestros grifos est\u00e1 muy influida por su entorno antinatural. El agua se purifica qu\u00edmicamente y luego se transporta a los consumidores a trav\u00e9s de elaborados sistemas de tuber\u00edas. Durante este proceso, el agua pierde su fuerza original y absorbe todo tipo de informaci\u00f3n gravosa. Por ejemplo, sabemos que el agua est\u00e1 cargada de radiaciones procedentes de l\u00edneas el\u00e9ctricas, torres de transmisi\u00f3n y generadores. Pero tambi\u00e9n sabemos que cuando el agua se limpia qu\u00edmicamente, las cargas siguen presentes energ\u00e9ticamente. Los vitalizadores pueden borrar estas cargas y sustituirlas por las frecuencias de la cal de concha. As\u00ed, el agua recupera su energ\u00eda original y se borran las frecuencias negativas. Un filtro de agua Berkey, BOROUX o Pure Filters purifica el agua, pero no la vitaliza. Con esta combinaci\u00f3n, \u00a1el proceso est\u00e1 completo!<\/p>\n<p>De este modo, el grifo de acero inoxidable con vitalizador Aqua Aurora devuelve al agua su vibraci\u00f3n natural. El vitalizador trabaja en la frecuencia de la piedra caliza de concha. De este modo se eliminan las frecuencias antinaturales de la radiaci\u00f3n y las cargas energ\u00e9ticas de otras sustancias t\u00f3xicas. Las personas, las plantas y los animales responden inmediatamente y se vuelven m\u00e1s vitales. El resultado son menos problemas de salud en las personas y menos enfermedades y fallos en plantas y animales.<\/p>\n<p>El funcionamiento de un vitalizador Aqua Aurora es sencillo. El vitalizador consta de un tubo de acero inoxidable por el que circula agua. El tubo de doble pared que transporta el agua es de acero inoxidable 316, certificado para la industria alimentaria. El vitalizador se llena de materia en la que se almacena la frecuencia deseada (cal de concha). Libera esta frecuencia al agua que pasa. El vitalizador borra las frecuencias incriminatorias y las sustituye por la frecuencia de la materia (cal de concha) en el vitalizador. En el caso de los vitalizadores Aqua Aurora, al contrario que en otros vitalizadores, se utilizan principalmente frecuencias basadas en la caliza de concha (esto sigue estando muy cerca de la informaci\u00f3n primigenia original de nuestra tierra, por as\u00ed decirlo de la vibraci\u00f3n de la madre tierra). Esto hace que estos vitalizadores sean \u00fanicos en comparaci\u00f3n con otros vitalizadores.<br \/>\n&nbsp;<\/p>\n<h3>Dispone de grifo de acero inoxidable con vitalizador Aqua Aurora:<\/h3>\n<ul>\n<li>Fabricado en acero inoxidable de alta calidad<\/li>\n<li>Bonito acabado pulido<\/li>\n<li>El conjunto sobresale aproximadamente 17 cm del filtro de agua<\/li>\n<li>Amplia abertura de boquilla<\/li>\n<li>Posici\u00f3n de la empu\u00f1adura f\u00e1cil de encender y apagar<\/li>\n<li>Llena un vaso de 250 ml en segundos<\/li>\n<li>Incluye todos los suministros como una tuerca, placa de cubierta, anillos de sellado de silicona y (si es necesario) cinta de sellado. Todo lo necesario para una instalaci\u00f3n sencilla.<\/li>\n<li>Totalmente montado y probado de antemano. Todo lo que tienes que hacer es montar<\/li>\n<\/ul>\n<p>&nbsp;<\/p>\n<h3>Complemento de su filtro de agua Berkey, BOROUX o Pure Filters<\/h3>\n<p>As\u00ed que p\u00eddalo f\u00e1cilmente con su acero inoxidable <a href=\"https:\/\/www.alternatievemiddelen.nl\/es\/categoria-de-productos\/filtros-de-agua\/filtro-de-agua\/filtrar-resultados\/berkey-3\/\">Filtro de agua Berkey<\/a>, <a href=\"https:\/\/www.alternatievemiddelen.nl\/es\/categoria-de-productos\/filtros-de-agua\/filtro-de-agua\/filtrar-resultados\/boroux\/\">Filtro de agua BOROUX<\/a> o <a href=\"https:\/\/www.alternatievemiddelen.nl\/es\/categoria-de-productos\/filtros-de-agua\/filtro-de-agua\/filtrar-resultados\/filtros-puros\/\">Filtro de agua Pure Filters<\/a>. En <a href=\"https:\/\/www.alternatievemiddelen.nl\/es\/productos\/grifo-de-acero-inoxidable-sistemas-berkey\/\">Berkey grifo de acero inoxidable<\/a> ya es un complemento popular para un filtro de agua, \u00a1pero ahora este grifo de acero inoxidable con vitalizador Aqua Aurora completa el proceso!<br \/>\n&nbsp;<\/p>\n<h3>Montaje<\/h3>\n<p>El montaje es muy sencillo. El grifo est\u00e1 totalmente montado y probado de antemano. Viene con una composici\u00f3n de un grifo de acero inoxidable con 1 vitalizadorTP22T, 1 tubo de tuerca, 1 placa de cubierta de acero inoxidable, 1 junta de estanqueidad de caucho negro y 1 junta de estanqueidad de silicona blanca.<br \/>\nIntroduzca el grifo por el orificio de la c\u00e1mara inferior del filtro de agua. Aseg\u00farese de que el anillo de sellado de caucho negro (ya en la rosca) est\u00e1 en el exterior. Deslice el anillo de sellado de silicona blanca en la rosca por el interior, seguido de la otra placa de cubierta de acero inoxidable. V\u00e9ase la imagen siguiente.<br \/>\nA continuaci\u00f3n, enrosca el tubo de la tuerca en la rosca del grifo (en la parte interior del filtro de agua) y apri\u00e9talo bien (hasta que no puedas m\u00e1s). A continuaci\u00f3n, sujeta el tubo de tuerca por la parte interior y empieza a girar el grifo por la parte exterior. Notar\u00e1s que se aprieta a\u00fan m\u00e1s. Haz esto hasta que no puedas m\u00e1s. Entonces, si el grifo no est\u00e1 recto, haz lo siguiente: suelta el tubo de la tuerca por dentro y gira el grifo s\u00f3lo por fuera hasta que est\u00e9 recto. De este modo, el grifo girar\u00e1 por completo. Si accidentalmente lo ha girado demasiado, NO lo vuelva a girar. Se aflojar\u00e1 de nuevo. Por lo tanto, si ha girado demasiado, g\u00edrelo de nuevo en su totalidad hasta que vuelva a estar recto.<br \/>\nYa est\u00e1 listo para usar y puede extraer agua del filtro de agua.<\/p>","protected":false},"excerpt":{"rendered":"<p>El grifo de acero inoxidable con vitalizador Aqua Aurora para filtro de agua. Vitalice su agua filtrada en el grifo para obtener un agua deliciosamente filtrada y vitalizada.<\/p>","protected":false},"featured_media":31601,"comment_status":"open","ping_status":"closed","template":"","meta":[],"product_brand":[],"product_cat":[2870,3461,2871,3013],"product_tag":[3007,2961,3008,2890,3009,3010,2879,2880,3011,2884,2979,3012,2980],"merk":[3447,3432,3702,3630],"class_list":{"0":"post-34339","1":"product","2":"type-product","3":"status-publish","4":"has-post-thumbnail","6":"product_cat-vitalisers-en-energetische-platen","7":"product_cat-watervitalisers","8":"product_cat-vitaliserend-rvs-kraantje-voor-waterfilter","9":"product_cat-waterfilter-accessoires","10":"product_tag-aqua-aurora","11":"product_tag-berkey","12":"product_tag-drinkwater","13":"product_tag-kraan","14":"product_tag-kraantje","15":"product_tag-roestvrij","16":"product_tag-roestvrij-staal","17":"product_tag-rvs","18":"product_tag-vitaliser","19":"product_tag-vitaliseren","20":"product_tag-waterfilter","21":"product_tag-waterfilters","22":"product_tag-waterzuivering","23":"merk-aqua-aurora","24":"merk-berkey","25":"merk-boroux","26":"merk-pure-filters","28":"first","29":"instock","30":"taxable","31":"shipping-taxable","32":"purchasable","33":"product-type-simple"},"bundled_by":["34363","34413"],"bundle_stock_status":"instock","bundle_stock_quantity":null,"bundle_virtual":false,"bundle_layout":"","bundle_add_to_cart_form_location":"","bundle_editable_in_cart":false,"bundle_sold_individually_context":"","bundle_item_grouping":"","bundle_min_size":"","bundle_max_size":"","bundle_price":[],"bundled_items":[],"bundle_sell_ids":[44176],"yoast_head":"<!-- This site is optimized with the Yoast SEO plugin v26.1 - https:\/\/yoast.com\/wordpress\/plugins\/seo\/ -->\n<title>RVS Kraantje met Aqua Aurora vitaliser voor waterfilter - Alternatievemiddelen.nl<\/title>\n<meta name=\"description\" content=\"Het RVS Kraantje met Aqua Aurora vitaliser voor waterfilter. Vitaliseer je gefilterde water bij het aftappen voor heerlijk gefilterd en gevitaliseerd water!\" \/>\n<meta name=\"robots\" content=\"index, follow, max-snippet:-1, max-image-preview:large, max-video-preview:-1\" \/>\n<link rel=\"canonical\" href=\"https:\/\/www.alternatievemiddelen.nl\/es\/wp-json\/wp\/v2\/product\/34339\" \/>\n<meta property=\"og:locale\" content=\"es_ES\" \/>\n<meta property=\"og:type\" content=\"article\" \/>\n<meta property=\"og:title\" content=\"RVS Kraantje met Aqua Aurora vitaliser voor waterfilter - Alternatievemiddelen.nl\" \/>\n<meta property=\"og:description\" content=\"Het RVS Kraantje met Aqua Aurora vitaliser voor waterfilter. Vitaliseer je gefilterde water bij het aftappen voor heerlijk gefilterd en gevitaliseerd water!\" \/>\n<meta property=\"og:url\" content=\"https:\/\/www.alternatievemiddelen.nl\/es\/productos\/grifo-de-acero-inoxidable-berkey-con-vitalizador-aqua-aurora\/\" \/>\n<meta property=\"og:site_name\" content=\"Alternatievemiddelen.nl\" \/>\n<meta property=\"article:modified_time\" content=\"2025-12-09T13:30:12+00:00\" \/>\n<meta property=\"og:image\" content=\"\/wp-content\/uploads\/2023\/12\/Berkey-vitaliser-kraantje-3.jpg\" \/>\n\t<meta property=\"og:image:width\" content=\"600\" \/>\n\t<meta property=\"og:image:height\" content=\"800\" \/>\n\t<meta property=\"og:image:type\" content=\"image\/jpeg\" \/>\n<meta name=\"twitter:card\" content=\"summary_large_image\" \/>\n<meta name=\"twitter:label1\" content=\"Tiempo de lectura\" \/>\n\t<meta name=\"twitter:data1\" content=\"5 minutos\" \/>\n<script type=\"application\/ld+json\" class=\"yoast-schema-graph\">{\"@context\":\"https:\/\/schema.org\",\"@graph\":[{\"@type\":[\"WebPage\",\"ItemPage\"],\"@id\":\"https:\/\/www.alternatievemiddelen.nl\/producten\/berkey-rvs-kraantje-met-aqua-aurora-vitaliser\/\",\"url\":\"https:\/\/www.alternatievemiddelen.nl\/producten\/berkey-rvs-kraantje-met-aqua-aurora-vitaliser\/\",\"name\":\"RVS Kraantje met Aqua Aurora vitaliser voor waterfilter - Alternatievemiddelen.nl\",\"isPartOf\":{\"@id\":\"https:\/\/www.alternatievemiddelen.nl\/#website\"},\"primaryImageOfPage\":{\"@id\":\"https:\/\/www.alternatievemiddelen.nl\/producten\/berkey-rvs-kraantje-met-aqua-aurora-vitaliser\/#primaryimage\"},\"image\":{\"@id\":\"https:\/\/www.alternatievemiddelen.nl\/producten\/berkey-rvs-kraantje-met-aqua-aurora-vitaliser\/#primaryimage\"},\"thumbnailUrl\":\"https:\/\/www.alternatievemiddelen.nl\/wp-content\/uploads\/2023\/12\/Berkey-vitaliser-kraantje-3.jpg\",\"datePublished\":\"2024-02-27T07:21:08+00:00\",\"dateModified\":\"2025-12-09T13:30:12+00:00\",\"description\":\"Het RVS Kraantje met Aqua Aurora vitaliser voor waterfilter. Vitaliseer je gefilterde water bij het aftappen voor heerlijk gefilterd en gevitaliseerd water!\",\"breadcrumb\":{\"@id\":\"https:\/\/www.alternatievemiddelen.nl\/producten\/berkey-rvs-kraantje-met-aqua-aurora-vitaliser\/#breadcrumb\"},\"inLanguage\":\"es\",\"potentialAction\":[{\"@type\":\"ReadAction\",\"target\":[\"https:\/\/www.alternatievemiddelen.nl\/producten\/berkey-rvs-kraantje-met-aqua-aurora-vitaliser\/\"]}]},{\"@type\":\"ImageObject\",\"inLanguage\":\"es\",\"@id\":\"https:\/\/www.alternatievemiddelen.nl\/producten\/berkey-rvs-kraantje-met-aqua-aurora-vitaliser\/#primaryimage\",\"url\":\"https:\/\/www.alternatievemiddelen.nl\/wp-content\/uploads\/2023\/12\/Berkey-vitaliser-kraantje-3.jpg\",\"contentUrl\":\"https:\/\/www.alternatievemiddelen.nl\/wp-content\/uploads\/2023\/12\/Berkey-vitaliser-kraantje-3.jpg\",\"width\":600,\"height\":800,\"caption\":\"Waterfilter met kraantje en vitaliser\"},{\"@type\":\"BreadcrumbList\",\"@id\":\"https:\/\/www.alternatievemiddelen.nl\/producten\/berkey-rvs-kraantje-met-aqua-aurora-vitaliser\/#breadcrumb\",\"itemListElement\":[{\"@type\":\"ListItem\",\"position\":1,\"name\":\"Home\",\"item\":\"https:\/\/www.alternatievemiddelen.nl\/\"},{\"@type\":\"ListItem\",\"position\":2,\"name\":\"Producten\",\"item\":\"https:\/\/www.alternatievemiddelen.nl\/producten\/\"},{\"@type\":\"ListItem\",\"position\":3,\"name\":\"RVS Kraantje met Aqua Aurora vitaliser voor waterfilter\"}]},{\"@type\":\"WebSite\",\"@id\":\"https:\/\/www.alternatievemiddelen.nl\/#website\",\"url\":\"https:\/\/www.alternatievemiddelen.nl\/\",\"name\":\"Alternatievemiddelen.nl\",\"description\":\"Webshop met gezonde, duurzame en ecologische alternatieve mogelijkheden in de hedendaagse levenstijl. Alles uit eigen ervaring.\",\"publisher\":{\"@id\":\"https:\/\/www.alternatievemiddelen.nl\/#organization\"},\"potentialAction\":[{\"@type\":\"SearchAction\",\"target\":{\"@type\":\"EntryPoint\",\"urlTemplate\":\"https:\/\/www.alternatievemiddelen.nl\/?s={search_term_string}\"},\"query-input\":{\"@type\":\"PropertyValueSpecification\",\"valueRequired\":true,\"valueName\":\"search_term_string\"}}],\"inLanguage\":\"es\"},{\"@type\":\"Organization\",\"@id\":\"https:\/\/www.alternatievemiddelen.nl\/#organization\",\"name\":\"Alternatievemiddelen.nl\",\"url\":\"https:\/\/www.alternatievemiddelen.nl\/\",\"logo\":{\"@type\":\"ImageObject\",\"inLanguage\":\"es\",\"@id\":\"https:\/\/www.alternatievemiddelen.nl\/#\/schema\/logo\/image\/\",\"url\":\"https:\/\/www.alternatievemiddelen.nl\/wp-content\/uploads\/2023\/10\/alternatievemiddelen-PNG-logo.png\",\"contentUrl\":\"https:\/\/www.alternatievemiddelen.nl\/wp-content\/uploads\/2023\/10\/alternatievemiddelen-PNG-logo.png\",\"width\":6400,\"height\":3062,\"caption\":\"Alternatievemiddelen.nl\"},\"image\":{\"@id\":\"https:\/\/www.alternatievemiddelen.nl\/#\/schema\/logo\/image\/\"}}]}<\/script>\n<!-- \/ Yoast SEO plugin. -->","yoast_head_json":{"title":"RVS Kraantje met Aqua Aurora vitaliser voor waterfilter - Alternatievemiddelen.nl","description":"Het RVS Kraantje met Aqua Aurora vitaliser voor waterfilter. Vitaliseer je gefilterde water bij het aftappen voor heerlijk gefilterd en gevitaliseerd water!","robots":{"index":"index","follow":"follow","max-snippet":"max-snippet:-1","max-image-preview":"max-image-preview:large","max-video-preview":"max-video-preview:-1"},"canonical":"https:\/\/www.alternatievemiddelen.nl\/es\/wp-json\/wp\/v2\/product\/34339","og_locale":"es_ES","og_type":"article","og_title":"RVS Kraantje met Aqua Aurora vitaliser voor waterfilter - Alternatievemiddelen.nl","og_description":"Het RVS Kraantje met Aqua Aurora vitaliser voor waterfilter. Vitaliseer je gefilterde water bij het aftappen voor heerlijk gefilterd en gevitaliseerd water!","og_url":"https:\/\/www.alternatievemiddelen.nl\/es\/productos\/grifo-de-acero-inoxidable-berkey-con-vitalizador-aqua-aurora\/","og_site_name":"Alternatievemiddelen.nl","article_modified_time":"2025-12-09T13:30:12+00:00","og_image":[{"width":600,"height":800,"url":"\/wp-content\/uploads\/2023\/12\/Berkey-vitaliser-kraantje-3.jpg","type":"image\/jpeg"}],"twitter_card":"summary_large_image","twitter_misc":{"Tiempo de lectura":"5 minutos"},"schema":{"@context":"https:\/\/schema.org","@graph":[{"@type":["WebPage","ItemPage"],"@id":"https:\/\/www.alternatievemiddelen.nl\/producten\/berkey-rvs-kraantje-met-aqua-aurora-vitaliser\/","url":"https:\/\/www.alternatievemiddelen.nl\/producten\/berkey-rvs-kraantje-met-aqua-aurora-vitaliser\/","name":"RVS Kraantje met Aqua Aurora vitaliser voor waterfilter - Alternatievemiddelen.nl","isPartOf":{"@id":"https:\/\/www.alternatievemiddelen.nl\/#website"},"primaryImageOfPage":{"@id":"https:\/\/www.alternatievemiddelen.nl\/producten\/berkey-rvs-kraantje-met-aqua-aurora-vitaliser\/#primaryimage"},"image":{"@id":"https:\/\/www.alternatievemiddelen.nl\/producten\/berkey-rvs-kraantje-met-aqua-aurora-vitaliser\/#primaryimage"},"thumbnailUrl":"https:\/\/www.alternatievemiddelen.nl\/wp-content\/uploads\/2023\/12\/Berkey-vitaliser-kraantje-3.jpg","datePublished":"2024-02-27T07:21:08+00:00","dateModified":"2025-12-09T13:30:12+00:00","description":"Het RVS Kraantje met Aqua Aurora vitaliser voor waterfilter. Vitaliseer je gefilterde water bij het aftappen voor heerlijk gefilterd en gevitaliseerd water!","breadcrumb":{"@id":"https:\/\/www.alternatievemiddelen.nl\/producten\/berkey-rvs-kraantje-met-aqua-aurora-vitaliser\/#breadcrumb"},"inLanguage":"es","potentialAction":[{"@type":"ReadAction","target":["https:\/\/www.alternatievemiddelen.nl\/producten\/berkey-rvs-kraantje-met-aqua-aurora-vitaliser\/"]}]},{"@type":"ImageObject","inLanguage":"es","@id":"https:\/\/www.alternatievemiddelen.nl\/producten\/berkey-rvs-kraantje-met-aqua-aurora-vitaliser\/#primaryimage","url":"https:\/\/www.alternatievemiddelen.nl\/wp-content\/uploads\/2023\/12\/Berkey-vitaliser-kraantje-3.jpg","contentUrl":"https:\/\/www.alternatievemiddelen.nl\/wp-content\/uploads\/2023\/12\/Berkey-vitaliser-kraantje-3.jpg","width":600,"height":800,"caption":"Waterfilter met kraantje en vitaliser"},{"@type":"BreadcrumbList","@id":"https:\/\/www.alternatievemiddelen.nl\/producten\/berkey-rvs-kraantje-met-aqua-aurora-vitaliser\/#breadcrumb","itemListElement":[{"@type":"ListItem","position":1,"name":"Home","item":"https:\/\/www.alternatievemiddelen.nl\/"},{"@type":"ListItem","position":2,"name":"Producten","item":"https:\/\/www.alternatievemiddelen.nl\/producten\/"},{"@type":"ListItem","position":3,"name":"RVS Kraantje met Aqua Aurora vitaliser voor waterfilter"}]},{"@type":"WebSite","@id":"https:\/\/www.alternatievemiddelen.nl\/#website","url":"https:\/\/www.alternatievemiddelen.nl\/","name":"Alternatievemiddelen.nl","description":"Webshop met gezonde, duurzame en ecologische alternatieve mogelijkheden in de hedendaagse levenstijl. Alles uit eigen ervaring.","publisher":{"@id":"https:\/\/www.alternatievemiddelen.nl\/#organization"},"potentialAction":[{"@type":"SearchAction","target":{"@type":"EntryPoint","urlTemplate":"https:\/\/www.alternatievemiddelen.nl\/?s={search_term_string}"},"query-input":{"@type":"PropertyValueSpecification","valueRequired":true,"valueName":"search_term_string"}}],"inLanguage":"es"},{"@type":"Organization","@id":"https:\/\/www.alternatievemiddelen.nl\/#organization","name":"Alternatievemiddelen.nl","url":"https:\/\/www.alternatievemiddelen.nl\/","logo":{"@type":"ImageObject","inLanguage":"es","@id":"https:\/\/www.alternatievemiddelen.nl\/#\/schema\/logo\/image\/","url":"https:\/\/www.alternatievemiddelen.nl\/wp-content\/uploads\/2023\/10\/alternatievemiddelen-PNG-logo.png","contentUrl":"https:\/\/www.alternatievemiddelen.nl\/wp-content\/uploads\/2023\/10\/alternatievemiddelen-PNG-logo.png","width":6400,"height":3062,"caption":"Alternatievemiddelen.nl"},"image":{"@id":"https:\/\/www.alternatievemiddelen.nl\/#\/schema\/logo\/image\/"}}]}},"_links":{"self":[{"href":"https:\/\/www.alternatievemiddelen.nl\/es\/wp-json\/wp\/v2\/product\/34339","targetHints":{"allow":["GET"]}}],"collection":[{"href":"https:\/\/www.alternatievemiddelen.nl\/es\/wp-json\/wp\/v2\/product"}],"about":[{"href":"https:\/\/www.alternatievemiddelen.nl\/es\/wp-json\/wp\/v2\/types\/product"}],"replies":[{"embeddable":true,"href":"https:\/\/www.alternatievemiddelen.nl\/es\/wp-json\/wp\/v2\/comments?post=34339"}],"wp:featuredmedia":[{"embeddable":true,"href":"https:\/\/www.alternatievemiddelen.nl\/es\/wp-json\/wp\/v2\/media\/31601"}],"wp:attachment":[{"href":"https:\/\/www.alternatievemiddelen.nl\/es\/wp-json\/wp\/v2\/media?parent=34339"}],"wp:term":[{"taxonomy":"product_brand","embeddable":true,"href":"https:\/\/www.alternatievemiddelen.nl\/es\/wp-json\/wp\/v2\/product_brand?post=34339"},{"taxonomy":"product_cat","embeddable":true,"href":"https:\/\/www.alternatievemiddelen.nl\/es\/wp-json\/wp\/v2\/product_cat?post=34339"},{"taxonomy":"product_tag","embeddable":true,"href":"https:\/\/www.alternatievemiddelen.nl\/es\/wp-json\/wp\/v2\/product_tag?post=34339"},{"taxonomy":"merk","embeddable":true,"href":"https:\/\/www.alternatievemiddelen.nl\/es\/wp-json\/wp\/v2\/merk?post=34339"}],"curies":[{"name":"wp","href":"https:\/\/api.w.org\/{rel}","templated":true}]}}