{"id":34341,"date":"2024-02-27T08:21:09","date_gmt":"2024-02-27T07:21:09","guid":{"rendered":"https:\/\/www.alternatievemiddelen.nl\/?post_type=product&#038;p=34341"},"modified":"2026-02-24T15:13:38","modified_gmt":"2026-02-24T14:13:38","slug":"black-berkey-waterfilter-elementen","status":"publish","type":"product","link":"https:\/\/www.alternatievemiddelen.nl\/es\/productos\/elementos-filtrantes-de-agua-black-berkey\/","title":{"rendered":"Elementos de filtro de agua Berkey negros (2 piezas)"},"content":{"rendered":"<p>Elementos filtrantes de agua negros Berkey - Berkey es una de las marcas de filtros de agua y sistemas de purificaci\u00f3n m\u00e1s vendidas en todo el mundo y est\u00e1 recomendada por varias revistas de salud, laboratorios y sitios web de salud independientes. Cuenta con millones de clientes satisfechos en todo el mundo.<\/p>\n<p>Los filtros de agua Berkey filtran m\u00e1s del 99,9% de cloro, virus, bacterias, quistes, residuos de medicamentos, par\u00e1sitos y contaminantes qu\u00edmicos peligrosos.  Los metales pesados se filtran durante 95% (hasta 100% incluso con\u00a0<a href=\"https:\/\/www.alternatievemiddelen.nl\/es\/productos\/elementos-filtrantes-de-fluor-y-arsenico\/\">filtros de fl\u00faor y ars\u00e9nico<\/a>). Esto preserva los minerales esenciales que su cuerpo necesita.<\/p>\n<p><b>Como distribuidor oficial de Berkey, s\u00f3lo vendemos los elementos filtrantes originales Black Berkey.<\/b><br \/>\n&nbsp;<\/p>\n<h4>Los elementos filtrantes negros Berkey son \u00fanicos<\/h4>\n<p>Estos elementos filtrantes utilizan los \u00faltimos avances tecnol\u00f3gicos en purificaci\u00f3n de agua. Por ello, los filtros de agua Berkey se consideran los mejores y m\u00e1s duraderos sistemas de filtraci\u00f3n de agua del mercado y son los filtros de agua port\u00e1tiles con mejores prestaciones.<\/p>\n<p>El filtro de agua Berkey viene de serie con 2 elementos filtrantes negros originales Berkey. Por supuesto, puede pedirlos por separado para ampliar su filtro de agua Berkey a 4, 6 u 8 elementos filtrantes, si es necesario. As\u00ed que incluso si sus elementos actuales necesitan ser reemplazados, \u00e9stos se pueden pedir por separado.<\/p>\n<p>Los elementos filtrantes de agua Black Berkey son uno de los mejores elementos filtrantes por gravedad del mundo. Los sistemas Berkey con estos elementos eliminan mucho m\u00e1s que los filtros de agua est\u00e1ndar. Un robusto bloque de carb\u00f3n hecho de c\u00e1scara de coco natural, los microporos en los elementos Black Berkey son tan peque\u00f1os que las bacterias simplemente no pueden pasar a trav\u00e9s de ellos. Tambi\u00e9n son tan potentes que pueden eliminar los colorantes rojos del agua sin eliminar los minerales beneficiosos que su cuerpo necesita.<\/p>\n<p>Los elementos filtrantes Black Berkey tambi\u00e9n eliminan o reducen virus, quistes pat\u00f3genos, par\u00e1sitos, productos qu\u00edmicos nocivos o no deseados como herbicidas y pesticidas, COV, detergentes, disolventes org\u00e1nicos, turbidez, trihalometanos, lodos, sedimentos, metales pesados, sabores y olores finos, pero dejan atr\u00e1s los minerales sanos y buenos que su cuerpo necesita. Han sido probados por un laboratorio independiente de acuerdo con las normas NSF\/ANSI 42 y 53. Consulte el <a href=\"https:\/\/www.alternatievemiddelen.nl\/wp-content\/uploads\/2023\/07\/Testrapport-Black-Berkey-filterelementen.pdf\" target=\"_blank\" rel=\"noopener\">informe de laboratorio<\/a> para m\u00e1s detalles.<\/p>\n<p>Cada elemento Black Berkey filtra hasta 11.350 litros de agua. Con 2 filtros, un uso medio y un mantenimiento adecuado del filtro, tendr\u00e1 una vida \u00fatil de entre 5 y 10 a\u00f1os. Sin embargo, recomendamos sustituir los filtros Black Berkey cada 3 a\u00f1os como m\u00e1ximo. Esto se debe a que ahora vivimos en tiempos diferentes a los de hace unos a\u00f1os. El n\u00famero de contaminantes no ha hecho m\u00e1s que aumentar y son cada vez m\u00e1s graves (pensemos en los PFAS, por ejemplo, o en el fuerte aumento de residuos de medicamentos, pesticidas, etc.). Esto afecta enormemente a los filtros, por lo que es mejor sustituirlos un poco antes.<br \/>\n&nbsp;<\/p>\n<h4>La caja de los elementos filtrantes Black Berkey contiene las siguientes piezas:<\/h4>\n<p>\u25cf 2x Elementos filtrantes negros Berkey<br \/>\n\u25cf 2x <a href=\"https:\/\/www.alternatievemiddelen.nl\/es\/productos\/anillo-para-elementos-filtrantes-black-berkey\/\">Anillos de goma negros<\/a>para entre el elemento filtrante y el recipiente de acero inoxidable<br \/>\n\u25cf 2x <a href=\"https:\/\/www.alternatievemiddelen.nl\/es\/productos\/tuerca-de-mariposa-para-elementos-filtrantes-berkey-negros\/\">Tuercas de mariposa<\/a>para apretar el elemento filtrante<br \/>\n\u25cf 1x <a href=\"https:\/\/www.alternatievemiddelen.nl\/es\/productos\/boton-de-cebado-black-berkey-elements\/\">Bot\u00f3n de cebado<\/a>: anillo de goma marr\u00f3n para cebar los elementos filtrantes con el grifo<br \/>\n\u25cf 1x <a href=\"https:\/\/www.alternatievemiddelen.nl\/es\/productos\/berkey-primerrite-universal-primer-pf-2-adapter\/\">Berkey Imprimaci\u00f3n PrimeRite Universal + adaptador PF-2<\/a>Accesorio de goma azul para el grifo para cebar los elementos filtrantes con un adaptador para cebar tambi\u00e9n el <a href=\"https:\/\/www.alternatievemiddelen.nl\/es\/productos\/elementos-filtrantes-de-fluor-y-arsenico\/\">Filtros de fl\u00faor y ars\u00e9nico<\/a> para poder cebar<br \/>\n\u25cf 1x manual en ingl\u00e9s<br \/>\n&nbsp;<br \/>\n<u><b>Preparaci\u00f3n para su uso<\/b><\/u><br \/>\nEl primer paso es cebar los elementos filtrantes Black Berkey. Es importante que esto se haga correctamente, de lo contrario la purificaci\u00f3n del agua llevar\u00e1 mucho tiempo. Para toda la informaci\u00f3n sobre los filtros de agua Berkey, consulte nuestro <a href=\"https:\/\/www.alternatievemiddelen.nl\/es\/la-biblioteca\/\">biblioteca<\/a>que incluye manuales, v\u00eddeos de instrucciones y respuestas a las preguntas m\u00e1s frecuentes. Si falla el cebado con el grifo <a href=\"https:\/\/www.alternatievemiddelen.nl\/es\/productos\/bomba-automatica-de-cebado-de-filtro-boroux\/\">bomba autom\u00e1tica de cebado<\/a> o <a href=\"https:\/\/www.alternatievemiddelen.nl\/es\/productos\/black-berkey-primer\/\">bomba de cebado manual<\/a> nos haga un pedido.<br \/>\n&nbsp;<br \/>\n<strong><\/p>\n<h4>-&gt; Tambi\u00e9n puede colocar estos elementos filtrantes en el filtro de agua ProOne<\/a> y\/o en un filtro de agua British Berkefeld.<\/strong><\/h4>","protected":false},"excerpt":{"rendered":"<p>Los elementos filtrantes negros Berkey utilizan los \u00faltimos avances tecnol\u00f3gicos en el tratamiento del agua. Pedir por juego de 2.<\/p>","protected":false},"featured_media":44055,"comment_status":"open","ping_status":"closed","template":"","meta":[],"product_brand":[],"product_cat":[2971,3099],"product_tag":[2961,2974,3008,3100,2976,2967,2885,2979,3012,2980,3101],"merk":[3432],"class_list":{"0":"post-34341","1":"product","2":"type-product","3":"status-publish","4":"has-post-thumbnail","6":"product_cat-waterfilters","7":"product_cat-waterfilter-elementen","8":"product_tag-berkey","9":"product_tag-black-berkey","10":"product_tag-drinkwater","11":"product_tag-elementen","12":"product_tag-filterelement","13":"product_tag-schoon","14":"product_tag-water","15":"product_tag-waterfilter","16":"product_tag-waterfilters","17":"product_tag-waterzuivering","18":"product_tag-zuiverelementen","19":"merk-berkey","21":"first","22":"outofstock","23":"taxable","24":"shipping-taxable","25":"purchasable","26":"product-type-simple"},"bundled_by":["34363","34412"],"bundle_stock_status":"outofstock","bundle_stock_quantity":0,"bundle_virtual":false,"bundle_layout":"","bundle_add_to_cart_form_location":"","bundle_editable_in_cart":false,"bundle_sold_individually_context":"","bundle_item_grouping":"","bundle_min_size":"","bundle_max_size":"","bundle_price":[],"bundled_items":[],"bundle_sell_ids":[44176,34415,48794,48825,48681,34414,34416],"yoast_head":"<!-- This site is optimized with the Yoast SEO plugin v26.1 - https:\/\/yoast.com\/wordpress\/plugins\/seo\/ -->\n<title>Black Berkey Waterfilter Elementen (2 stuks) - Alternatievemiddelen.nl<\/title>\n<meta name=\"description\" content=\"Black Berkey filerelementen maken gebruik van de nieuwste technologische ontwikkelingen in waterzuivering. Per set van 2 te bestellen.\" \/>\n<meta name=\"robots\" content=\"index, follow, max-snippet:-1, max-image-preview:large, max-video-preview:-1\" \/>\n<link rel=\"canonical\" href=\"https:\/\/www.alternatievemiddelen.nl\/es\/wp-json\/wp\/v2\/product\/34341\" \/>\n<meta property=\"og:locale\" content=\"es_ES\" \/>\n<meta property=\"og:type\" content=\"article\" \/>\n<meta property=\"og:title\" content=\"Black Berkey Waterfilter Elementen (2 stuks) - Alternatievemiddelen.nl\" \/>\n<meta property=\"og:description\" content=\"Black Berkey filerelementen maken gebruik van de nieuwste technologische ontwikkelingen in waterzuivering. Per set van 2 te bestellen.\" \/>\n<meta property=\"og:url\" content=\"https:\/\/www.alternatievemiddelen.nl\/es\/productos\/elementos-filtrantes-de-agua-black-berkey\/\" \/>\n<meta property=\"og:site_name\" content=\"Alternatievemiddelen.nl\" \/>\n<meta property=\"article:publisher\" content=\"https:\/\/www.facebook.com\/alternatievemiddelen\" \/>\n<meta property=\"article:modified_time\" content=\"2026-02-24T14:13:38+00:00\" \/>\n<meta property=\"og:image\" content=\"\/wp-content\/uploads\/2024\/02\/Black-Berkey-filterelementen-met-accessoires-1.jpg\" \/>\n\t<meta property=\"og:image:width\" content=\"1200\" \/>\n\t<meta property=\"og:image:height\" content=\"1600\" \/>\n\t<meta property=\"og:image:type\" content=\"image\/jpeg\" \/>\n<meta name=\"twitter:card\" content=\"summary_large_image\" \/>\n<meta name=\"twitter:label1\" content=\"Tiempo de lectura\" \/>\n\t<meta name=\"twitter:data1\" content=\"4 minutos\" \/>\n<script type=\"application\/ld+json\" class=\"yoast-schema-graph\">{\"@context\":\"https:\/\/schema.org\",\"@graph\":[{\"@type\":[\"WebPage\",\"ItemPage\"],\"@id\":\"https:\/\/www.alternatievemiddelen.nl\/producten\/black-berkey-waterfilter-elementen\/\",\"url\":\"https:\/\/www.alternatievemiddelen.nl\/producten\/black-berkey-waterfilter-elementen\/\",\"name\":\"Black Berkey Waterfilter Elementen (2 stuks) - Alternatievemiddelen.nl\",\"isPartOf\":{\"@id\":\"https:\/\/www.alternatievemiddelen.nl\/#website\"},\"primaryImageOfPage\":{\"@id\":\"https:\/\/www.alternatievemiddelen.nl\/producten\/black-berkey-waterfilter-elementen\/#primaryimage\"},\"image\":{\"@id\":\"https:\/\/www.alternatievemiddelen.nl\/producten\/black-berkey-waterfilter-elementen\/#primaryimage\"},\"thumbnailUrl\":\"https:\/\/www.alternatievemiddelen.nl\/wp-content\/uploads\/2024\/02\/Black-Berkey-filterelementen-met-accessoires-1.jpg\",\"datePublished\":\"2024-02-27T07:21:09+00:00\",\"dateModified\":\"2026-02-24T14:13:38+00:00\",\"description\":\"Black Berkey filerelementen maken gebruik van de nieuwste technologische ontwikkelingen in waterzuivering. Per set van 2 te bestellen.\",\"breadcrumb\":{\"@id\":\"https:\/\/www.alternatievemiddelen.nl\/producten\/black-berkey-waterfilter-elementen\/#breadcrumb\"},\"inLanguage\":\"es\",\"potentialAction\":[{\"@type\":\"ReadAction\",\"target\":[\"https:\/\/www.alternatievemiddelen.nl\/producten\/black-berkey-waterfilter-elementen\/\"]}]},{\"@type\":\"ImageObject\",\"inLanguage\":\"es\",\"@id\":\"https:\/\/www.alternatievemiddelen.nl\/producten\/black-berkey-waterfilter-elementen\/#primaryimage\",\"url\":\"https:\/\/www.alternatievemiddelen.nl\/wp-content\/uploads\/2024\/02\/Black-Berkey-filterelementen-met-accessoires-1.jpg\",\"contentUrl\":\"https:\/\/www.alternatievemiddelen.nl\/wp-content\/uploads\/2024\/02\/Black-Berkey-filterelementen-met-accessoires-1.jpg\",\"width\":1200,\"height\":1600,\"caption\":\"Black Berkey filterelementen met priming accessoires\"},{\"@type\":\"BreadcrumbList\",\"@id\":\"https:\/\/www.alternatievemiddelen.nl\/producten\/black-berkey-waterfilter-elementen\/#breadcrumb\",\"itemListElement\":[{\"@type\":\"ListItem\",\"position\":1,\"name\":\"Home\",\"item\":\"https:\/\/www.alternatievemiddelen.nl\/\"},{\"@type\":\"ListItem\",\"position\":2,\"name\":\"Producten\",\"item\":\"https:\/\/www.alternatievemiddelen.nl\/producten\/\"},{\"@type\":\"ListItem\",\"position\":3,\"name\":\"Black Berkey Waterfilter Elementen (2 stuks)\"}]},{\"@type\":\"WebSite\",\"@id\":\"https:\/\/www.alternatievemiddelen.nl\/#website\",\"url\":\"https:\/\/www.alternatievemiddelen.nl\/\",\"name\":\"Alternatievemiddelen.nl\",\"description\":\"Webshop met gezonde, duurzame en ecologische alternatieve mogelijkheden in de hedendaagse levenstijl. Alles uit eigen ervaring.\",\"publisher\":{\"@id\":\"https:\/\/www.alternatievemiddelen.nl\/#organization\"},\"alternateName\":\"Alternatieve Middelen\",\"potentialAction\":[{\"@type\":\"SearchAction\",\"target\":{\"@type\":\"EntryPoint\",\"urlTemplate\":\"https:\/\/www.alternatievemiddelen.nl\/?s={search_term_string}\"},\"query-input\":{\"@type\":\"PropertyValueSpecification\",\"valueRequired\":true,\"valueName\":\"search_term_string\"}}],\"inLanguage\":\"es\"},{\"@type\":\"Organization\",\"@id\":\"https:\/\/www.alternatievemiddelen.nl\/#organization\",\"name\":\"Alternatievemiddelen.nl\",\"alternateName\":\"Alternatieve Middelen\",\"url\":\"https:\/\/www.alternatievemiddelen.nl\/\",\"logo\":{\"@type\":\"ImageObject\",\"inLanguage\":\"es\",\"@id\":\"https:\/\/www.alternatievemiddelen.nl\/#\/schema\/logo\/image\/\",\"url\":\"https:\/\/www.alternatievemiddelen.nl\/wp-content\/uploads\/2023\/10\/alternatievemiddelen-PNG-logo.png\",\"contentUrl\":\"https:\/\/www.alternatievemiddelen.nl\/wp-content\/uploads\/2023\/10\/alternatievemiddelen-PNG-logo.png\",\"width\":6400,\"height\":3062,\"caption\":\"Alternatievemiddelen.nl\"},\"image\":{\"@id\":\"https:\/\/www.alternatievemiddelen.nl\/#\/schema\/logo\/image\/\"},\"sameAs\":[\"https:\/\/www.facebook.com\/alternatievemiddelen\",\"https:\/\/www.instagram.com\/alternatievemiddelen.nl\/\"]}]}<\/script>\n<!-- \/ Yoast SEO plugin. -->","yoast_head_json":{"title":"Black Berkey Waterfilter Elementen (2 stuks) - Alternatievemiddelen.nl","description":"Black Berkey filerelementen maken gebruik van de nieuwste technologische ontwikkelingen in waterzuivering. Per set van 2 te bestellen.","robots":{"index":"index","follow":"follow","max-snippet":"max-snippet:-1","max-image-preview":"max-image-preview:large","max-video-preview":"max-video-preview:-1"},"canonical":"https:\/\/www.alternatievemiddelen.nl\/es\/wp-json\/wp\/v2\/product\/34341","og_locale":"es_ES","og_type":"article","og_title":"Black Berkey Waterfilter Elementen (2 stuks) - Alternatievemiddelen.nl","og_description":"Black Berkey filerelementen maken gebruik van de nieuwste technologische ontwikkelingen in waterzuivering. Per set van 2 te bestellen.","og_url":"https:\/\/www.alternatievemiddelen.nl\/es\/productos\/elementos-filtrantes-de-agua-black-berkey\/","og_site_name":"Alternatievemiddelen.nl","article_publisher":"https:\/\/www.facebook.com\/alternatievemiddelen","article_modified_time":"2026-02-24T14:13:38+00:00","og_image":[{"width":1200,"height":1600,"url":"\/wp-content\/uploads\/2024\/02\/Black-Berkey-filterelementen-met-accessoires-1.jpg","type":"image\/jpeg"}],"twitter_card":"summary_large_image","twitter_misc":{"Tiempo de lectura":"4 minutos"},"schema":{"@context":"https:\/\/schema.org","@graph":[{"@type":["WebPage","ItemPage"],"@id":"https:\/\/www.alternatievemiddelen.nl\/producten\/black-berkey-waterfilter-elementen\/","url":"https:\/\/www.alternatievemiddelen.nl\/producten\/black-berkey-waterfilter-elementen\/","name":"Black Berkey Waterfilter Elementen (2 stuks) - Alternatievemiddelen.nl","isPartOf":{"@id":"https:\/\/www.alternatievemiddelen.nl\/#website"},"primaryImageOfPage":{"@id":"https:\/\/www.alternatievemiddelen.nl\/producten\/black-berkey-waterfilter-elementen\/#primaryimage"},"image":{"@id":"https:\/\/www.alternatievemiddelen.nl\/producten\/black-berkey-waterfilter-elementen\/#primaryimage"},"thumbnailUrl":"https:\/\/www.alternatievemiddelen.nl\/wp-content\/uploads\/2024\/02\/Black-Berkey-filterelementen-met-accessoires-1.jpg","datePublished":"2024-02-27T07:21:09+00:00","dateModified":"2026-02-24T14:13:38+00:00","description":"Black Berkey filerelementen maken gebruik van de nieuwste technologische ontwikkelingen in waterzuivering. Per set van 2 te bestellen.","breadcrumb":{"@id":"https:\/\/www.alternatievemiddelen.nl\/producten\/black-berkey-waterfilter-elementen\/#breadcrumb"},"inLanguage":"es","potentialAction":[{"@type":"ReadAction","target":["https:\/\/www.alternatievemiddelen.nl\/producten\/black-berkey-waterfilter-elementen\/"]}]},{"@type":"ImageObject","inLanguage":"es","@id":"https:\/\/www.alternatievemiddelen.nl\/producten\/black-berkey-waterfilter-elementen\/#primaryimage","url":"https:\/\/www.alternatievemiddelen.nl\/wp-content\/uploads\/2024\/02\/Black-Berkey-filterelementen-met-accessoires-1.jpg","contentUrl":"https:\/\/www.alternatievemiddelen.nl\/wp-content\/uploads\/2024\/02\/Black-Berkey-filterelementen-met-accessoires-1.jpg","width":1200,"height":1600,"caption":"Black Berkey filterelementen met priming accessoires"},{"@type":"BreadcrumbList","@id":"https:\/\/www.alternatievemiddelen.nl\/producten\/black-berkey-waterfilter-elementen\/#breadcrumb","itemListElement":[{"@type":"ListItem","position":1,"name":"Home","item":"https:\/\/www.alternatievemiddelen.nl\/"},{"@type":"ListItem","position":2,"name":"Producten","item":"https:\/\/www.alternatievemiddelen.nl\/producten\/"},{"@type":"ListItem","position":3,"name":"Black Berkey Waterfilter Elementen (2 stuks)"}]},{"@type":"WebSite","@id":"https:\/\/www.alternatievemiddelen.nl\/#website","url":"https:\/\/www.alternatievemiddelen.nl\/","name":"Alternatievemiddelen.nl","description":"Webshop met gezonde, duurzame en ecologische alternatieve mogelijkheden in de hedendaagse levenstijl. Alles uit eigen ervaring.","publisher":{"@id":"https:\/\/www.alternatievemiddelen.nl\/#organization"},"alternateName":"Alternatieve Middelen","potentialAction":[{"@type":"SearchAction","target":{"@type":"EntryPoint","urlTemplate":"https:\/\/www.alternatievemiddelen.nl\/?s={search_term_string}"},"query-input":{"@type":"PropertyValueSpecification","valueRequired":true,"valueName":"search_term_string"}}],"inLanguage":"es"},{"@type":"Organization","@id":"https:\/\/www.alternatievemiddelen.nl\/#organization","name":"Alternatievemiddelen.nl","alternateName":"Alternatieve Middelen","url":"https:\/\/www.alternatievemiddelen.nl\/","logo":{"@type":"ImageObject","inLanguage":"es","@id":"https:\/\/www.alternatievemiddelen.nl\/#\/schema\/logo\/image\/","url":"https:\/\/www.alternatievemiddelen.nl\/wp-content\/uploads\/2023\/10\/alternatievemiddelen-PNG-logo.png","contentUrl":"https:\/\/www.alternatievemiddelen.nl\/wp-content\/uploads\/2023\/10\/alternatievemiddelen-PNG-logo.png","width":6400,"height":3062,"caption":"Alternatievemiddelen.nl"},"image":{"@id":"https:\/\/www.alternatievemiddelen.nl\/#\/schema\/logo\/image\/"},"sameAs":["https:\/\/www.facebook.com\/alternatievemiddelen","https:\/\/www.instagram.com\/alternatievemiddelen.nl\/"]}]}},"_links":{"self":[{"href":"https:\/\/www.alternatievemiddelen.nl\/es\/wp-json\/wp\/v2\/product\/34341","targetHints":{"allow":["GET"]}}],"collection":[{"href":"https:\/\/www.alternatievemiddelen.nl\/es\/wp-json\/wp\/v2\/product"}],"about":[{"href":"https:\/\/www.alternatievemiddelen.nl\/es\/wp-json\/wp\/v2\/types\/product"}],"replies":[{"embeddable":true,"href":"https:\/\/www.alternatievemiddelen.nl\/es\/wp-json\/wp\/v2\/comments?post=34341"}],"wp:featuredmedia":[{"embeddable":true,"href":"https:\/\/www.alternatievemiddelen.nl\/es\/wp-json\/wp\/v2\/media\/44055"}],"wp:attachment":[{"href":"https:\/\/www.alternatievemiddelen.nl\/es\/wp-json\/wp\/v2\/media?parent=34341"}],"wp:term":[{"taxonomy":"product_brand","embeddable":true,"href":"https:\/\/www.alternatievemiddelen.nl\/es\/wp-json\/wp\/v2\/product_brand?post=34341"},{"taxonomy":"product_cat","embeddable":true,"href":"https:\/\/www.alternatievemiddelen.nl\/es\/wp-json\/wp\/v2\/product_cat?post=34341"},{"taxonomy":"product_tag","embeddable":true,"href":"https:\/\/www.alternatievemiddelen.nl\/es\/wp-json\/wp\/v2\/product_tag?post=34341"},{"taxonomy":"merk","embeddable":true,"href":"https:\/\/www.alternatievemiddelen.nl\/es\/wp-json\/wp\/v2\/merk?post=34341"}],"curies":[{"name":"wp","href":"https:\/\/api.w.org\/{rel}","templated":true}]}}