{"id":34355,"date":"2024-02-27T08:21:14","date_gmt":"2024-02-27T07:21:14","guid":{"rendered":"https:\/\/www.alternatievemiddelen.nl\/?post_type=product&#038;p=34355"},"modified":"2026-01-03T10:33:47","modified_gmt":"2026-01-03T09:33:47","slug":"badger-kids-zonnebrand","status":"publish","type":"product","link":"https:\/\/www.alternatievemiddelen.nl\/es\/productos\/quemaduras-solares-de-los-ninos-tejones\/","title":{"rendered":"Badger crema solar infantil FPS 30 mandarina y vainilla 87 ml"},"content":{"rendered":"<p>Badger protector solar infantil FPS 30 mandarina y vainilla - La luz solar es importante para la buena salud de su hijo, sin embargo, una exposici\u00f3n prolongada nunca es buena. Para proteger adecuadamente a tu hijo mientras nada, juega al aire libre y est\u00e1 de vacaciones, es importante aplicarle un buen protector solar que proteja su delicada piel de los efectos nocivos del sol. El protector solar infantil Badger con factor 30 est\u00e1 elaborado a base de \u00f3xido de zinc mineral. El \u00f3xido de zinc es conocido por su potente protecci\u00f3n frente a las radiaciones UVA y UVB, lo que lo convierte en un protector de amplio espectro.<br \/>\n&nbsp;<\/p>\n<h4>\u00d3xido de zinc e ingredientes org\u00e1nicos<\/h4>\n<p>Otra ventaja es que el cuerpo pr\u00e1cticamente no absorbe el \u00f3xido de zinc, a diferencia de muchos otros protectores UV que se encuentran en protectores solares no naturales. Cuando estas sustancias sint\u00e9ticas son absorbidas por la piel, aumenta el n\u00famero de radicales libres en el organismo, y esos radicales libres incrementan el riesgo de c\u00e1ncer de piel u otras reacciones t\u00f3xicas y desequilibrios en el organismo. Por ello, los protectores solares a base de \u00f3xido de zinc mineral son una opci\u00f3n muy segura para tu hijo, que puedes aplicar con toda confianza.<\/p>\n<p>El protector solar infantil Badger SPF 30 se basa en ingredientes seguros, eficaces y ecol\u00f3gicos. Es resistente al agua durante al menos 40 minutos, biodegradable y act\u00faa r\u00e1pidamente tras su aplicaci\u00f3n. Este protector solar tiene un suave aroma a mandarina y vainilla y puede ser utilizado por toda la familia. Adem\u00e1s, no se ha probado en animales y es seguro para los arrecifes de coral y otros ecosistemas.<br \/>\n&nbsp;<\/p>\n<h4>Beneficios Badger protector solar infantil FPS 30 mandarina y vainilla:<\/h4>\n<p>\u2714 LIMPIO + BIOL\u00d3GICO: Sin OGM y hecho con s\u00f3lo 9 ingredientes simples, 98% org\u00e1nicos.<br \/>\n\u2714 EFICAZ: Probado con SPF 30, de amplio espectro y resistente al agua hasta 40 minutos - protecci\u00f3n eficaz mientras...<br \/>\n\u2714 SEGURO: Protege s\u00f3lo con \u00f3xido de zinc, hipoalerg\u00e9nico, sin gluten y suave incluso con las pieles m\u00e1s sensibles.<br \/>\n\u2714 Nutritiva: La base hidratante totalmente org\u00e1nica de aceite de girasol, jojoba y cera de abejas nutre y protege la piel.<br \/>\n\u2714 SOSTENIBLE: respetuoso con los arrecifes, sin animales, envasado en un tubo de PCR 50% y fabricado con energ\u00eda solar.<br \/>\n&nbsp;<\/p>\n<p><b><u>INGREDIENTES (EN INGL\u00c9S):<\/b><\/u> Helianthus Annuus (<b>Girasol<\/b>), \u00f3xido de zinc no recubierto, Cera Alba (<b>Cera de abejas<\/b>)*, Citrus Aurantium Dulcis (<b>Naranja<\/b>), Simmondsia Chinensis (<b>Jojoba<\/b>), Citrus Tangerina (<b>Mandarina<\/b>), tocoferol (<b>Vitamina E de girasol<\/b>), Vainilla Planifolia (<b>Vainilla<\/b>), Hippophae Rhamnoides (<b>Espino amarillo<\/b>) Extracto de frutas*.<br \/>\nLos aceites esenciales ecol\u00f3gicos contienen &gt;0,001% Citral, Limoneno, Linalool<br \/>\n* de cultivo ecol\u00f3gico<\/p>\n<p>Disponemos de 3 variantes del protector solar Badger: <a href=\"https:\/\/www.alternatievemiddelen.nl\/es\/productos\/locion-protectora-solar-badger\/\">Badger protector solar FPS 30 sin perfume<\/a>, <a href=\"https:\/\/www.alternatievemiddelen.nl\/es\/productos\/quemaduras-solares-del-bebe-tejon\/\">Badger Protector solar para beb\u00e9s FPS 30<\/a> y <a href=\"https:\/\/www.alternatievemiddelen.nl\/es\/productos\/quemaduras-solares-de-los-ninos-tejones\/\">Badger protector solar infantil FPS 30<\/a>. La protecci\u00f3n adecuada para cada situaci\u00f3n.<br \/>\n&nbsp;<\/p>\n<p><b><u>Instrucciones de uso:<\/b><\/u><br \/>\n- Amasar el tubo antes de cada uso.<br \/>\n- Para una protecci\u00f3n solar completa, aplicar generosamente por todo el cuerpo 15 minutos antes de la exposici\u00f3n al sol y masajear hasta que se absorba la bruma blanca.<br \/>\n- Para ni\u00f1os menores de 6 meses: consulte a un m\u00e9dico antes de utilizar un protector solar.<br \/>\n- Repetir la aplicaci\u00f3n al menos cada 2 horas o despu\u00e9s de 40 minutos de nataci\u00f3n\/actividad. Volver a aplicar inmediatamente despu\u00e9s del secado.<\/p>","protected":false},"excerpt":{"rendered":"<p>La crema solar infantil Badger est\u00e1 elaborada a base de \u00f3xido de zinc mineral. Es conocido por su protecci\u00f3n segura y muy potente frente a la radiaci\u00f3n UVA y UVB.<\/p>","protected":false},"featured_media":44309,"comment_status":"open","ping_status":"closed","template":"","meta":[],"product_brand":[],"product_cat":[2945,2946],"product_tag":[2949,2950,2951,2875,2958,2959,2952,2953,2954,2955,2956,2957],"merk":[3453],"class_list":{"0":"post-34355","1":"product","2":"type-product","3":"status-publish","4":"has-post-thumbnail","6":"product_cat-natuurlijke-verzorging","7":"product_cat-zonnebrand","8":"product_tag-badger","9":"product_tag-badger-balm","10":"product_tag-biologisch","11":"product_tag-gezondheid","12":"product_tag-kids","13":"product_tag-kinderen","14":"product_tag-minerale-zinkoxide","15":"product_tag-uva-straling","16":"product_tag-uvb-straling","17":"product_tag-waterbestendig","18":"product_tag-zinkoxide","19":"product_tag-zonnebrand","20":"merk-badger","22":"first","23":"instock","24":"taxable","25":"shipping-taxable","26":"purchasable","27":"product-type-simple"},"bundled_by":[],"bundle_stock_status":"instock","bundle_stock_quantity":null,"bundle_virtual":false,"bundle_layout":"","bundle_add_to_cart_form_location":"","bundle_editable_in_cart":false,"bundle_sold_individually_context":"","bundle_item_grouping":"","bundle_min_size":"","bundle_max_size":"","bundle_price":[],"bundled_items":[],"bundle_sell_ids":[44176,34362,34389,34344],"yoast_head":"<!-- This site is optimized with the Yoast SEO plugin v26.1 - https:\/\/yoast.com\/wordpress\/plugins\/seo\/ -->\n<title>Badger kids zonnebrand SPF 30 mandarijn &amp; vanille 87 ml - Alternatievemiddelen.nl<\/title>\n<meta name=\"description\" content=\"Badger kids zonnebrand is gemaakt op basis van minerale zinkoxide. Dit staat bekend om zijn veilige en zeer krachtige bescherming tegen UVA- &amp; UVB-straling.\" \/>\n<meta name=\"robots\" content=\"index, follow, max-snippet:-1, max-image-preview:large, max-video-preview:-1\" \/>\n<link rel=\"canonical\" href=\"https:\/\/www.alternatievemiddelen.nl\/es\/wp-json\/wp\/v2\/product\/34355\" \/>\n<meta property=\"og:locale\" content=\"es_ES\" \/>\n<meta property=\"og:type\" content=\"article\" \/>\n<meta property=\"og:title\" content=\"Badger kids zonnebrand SPF 30 mandarijn &amp; vanille 87 ml - Alternatievemiddelen.nl\" \/>\n<meta property=\"og:description\" content=\"Badger kids zonnebrand is gemaakt op basis van minerale zinkoxide. Dit staat bekend om zijn veilige en zeer krachtige bescherming tegen UVA- &amp; UVB-straling.\" \/>\n<meta property=\"og:url\" content=\"https:\/\/www.alternatievemiddelen.nl\/es\/productos\/quemaduras-solares-de-los-ninos-tejones\/\" \/>\n<meta property=\"og:site_name\" content=\"Alternatievemiddelen.nl\" \/>\n<meta property=\"article:modified_time\" content=\"2026-01-03T09:33:47+00:00\" \/>\n<meta property=\"og:image\" content=\"\/wp-content\/uploads\/2024\/02\/Badger-kids-zonnebrand-nieuw.jpg\" \/>\n\t<meta property=\"og:image:width\" content=\"1200\" \/>\n\t<meta property=\"og:image:height\" content=\"1600\" \/>\n\t<meta property=\"og:image:type\" content=\"image\/jpeg\" \/>\n<meta name=\"twitter:card\" content=\"summary_large_image\" \/>\n<meta name=\"twitter:label1\" content=\"Tiempo de lectura\" \/>\n\t<meta name=\"twitter:data1\" content=\"3 minutos\" \/>\n<script type=\"application\/ld+json\" class=\"yoast-schema-graph\">{\"@context\":\"https:\/\/schema.org\",\"@graph\":[{\"@type\":[\"WebPage\",\"ItemPage\"],\"@id\":\"https:\/\/www.alternatievemiddelen.nl\/producten\/badger-kids-zonnebrand\/\",\"url\":\"https:\/\/www.alternatievemiddelen.nl\/producten\/badger-kids-zonnebrand\/\",\"name\":\"Badger kids zonnebrand SPF 30 mandarijn & vanille 87 ml - Alternatievemiddelen.nl\",\"isPartOf\":{\"@id\":\"https:\/\/www.alternatievemiddelen.nl\/#website\"},\"primaryImageOfPage\":{\"@id\":\"https:\/\/www.alternatievemiddelen.nl\/producten\/badger-kids-zonnebrand\/#primaryimage\"},\"image\":{\"@id\":\"https:\/\/www.alternatievemiddelen.nl\/producten\/badger-kids-zonnebrand\/#primaryimage\"},\"thumbnailUrl\":\"https:\/\/www.alternatievemiddelen.nl\/wp-content\/uploads\/2024\/02\/Badger-kids-zonnebrand-nieuw.jpg\",\"datePublished\":\"2024-02-27T07:21:14+00:00\",\"dateModified\":\"2026-01-03T09:33:47+00:00\",\"description\":\"Badger kids zonnebrand is gemaakt op basis van minerale zinkoxide. Dit staat bekend om zijn veilige en zeer krachtige bescherming tegen UVA- & UVB-straling.\",\"breadcrumb\":{\"@id\":\"https:\/\/www.alternatievemiddelen.nl\/producten\/badger-kids-zonnebrand\/#breadcrumb\"},\"inLanguage\":\"es\",\"potentialAction\":[{\"@type\":\"ReadAction\",\"target\":[\"https:\/\/www.alternatievemiddelen.nl\/producten\/badger-kids-zonnebrand\/\"]}]},{\"@type\":\"ImageObject\",\"inLanguage\":\"es\",\"@id\":\"https:\/\/www.alternatievemiddelen.nl\/producten\/badger-kids-zonnebrand\/#primaryimage\",\"url\":\"https:\/\/www.alternatievemiddelen.nl\/wp-content\/uploads\/2024\/02\/Badger-kids-zonnebrand-nieuw.jpg\",\"contentUrl\":\"https:\/\/www.alternatievemiddelen.nl\/wp-content\/uploads\/2024\/02\/Badger-kids-zonnebrand-nieuw.jpg\",\"width\":1200,\"height\":1600,\"caption\":\"Badger kids zonnebrand\"},{\"@type\":\"BreadcrumbList\",\"@id\":\"https:\/\/www.alternatievemiddelen.nl\/producten\/badger-kids-zonnebrand\/#breadcrumb\",\"itemListElement\":[{\"@type\":\"ListItem\",\"position\":1,\"name\":\"Home\",\"item\":\"https:\/\/www.alternatievemiddelen.nl\/\"},{\"@type\":\"ListItem\",\"position\":2,\"name\":\"Producten\",\"item\":\"https:\/\/www.alternatievemiddelen.nl\/producten\/\"},{\"@type\":\"ListItem\",\"position\":3,\"name\":\"Badger kids zonnebrand SPF 30 mandarijn &#038; vanille 87 ml\"}]},{\"@type\":\"WebSite\",\"@id\":\"https:\/\/www.alternatievemiddelen.nl\/#website\",\"url\":\"https:\/\/www.alternatievemiddelen.nl\/\",\"name\":\"Alternatievemiddelen.nl\",\"description\":\"Webshop met gezonde, duurzame en ecologische alternatieve mogelijkheden in de hedendaagse levenstijl. Alles uit eigen ervaring.\",\"publisher\":{\"@id\":\"https:\/\/www.alternatievemiddelen.nl\/#organization\"},\"potentialAction\":[{\"@type\":\"SearchAction\",\"target\":{\"@type\":\"EntryPoint\",\"urlTemplate\":\"https:\/\/www.alternatievemiddelen.nl\/?s={search_term_string}\"},\"query-input\":{\"@type\":\"PropertyValueSpecification\",\"valueRequired\":true,\"valueName\":\"search_term_string\"}}],\"inLanguage\":\"es\"},{\"@type\":\"Organization\",\"@id\":\"https:\/\/www.alternatievemiddelen.nl\/#organization\",\"name\":\"Alternatievemiddelen.nl\",\"url\":\"https:\/\/www.alternatievemiddelen.nl\/\",\"logo\":{\"@type\":\"ImageObject\",\"inLanguage\":\"es\",\"@id\":\"https:\/\/www.alternatievemiddelen.nl\/#\/schema\/logo\/image\/\",\"url\":\"https:\/\/www.alternatievemiddelen.nl\/wp-content\/uploads\/2023\/10\/alternatievemiddelen-PNG-logo.png\",\"contentUrl\":\"https:\/\/www.alternatievemiddelen.nl\/wp-content\/uploads\/2023\/10\/alternatievemiddelen-PNG-logo.png\",\"width\":6400,\"height\":3062,\"caption\":\"Alternatievemiddelen.nl\"},\"image\":{\"@id\":\"https:\/\/www.alternatievemiddelen.nl\/#\/schema\/logo\/image\/\"}}]}<\/script>\n<!-- \/ Yoast SEO plugin. -->","yoast_head_json":{"title":"Badger kids zonnebrand SPF 30 mandarijn & vanille 87 ml - Alternatievemiddelen.nl","description":"Badger kids zonnebrand is gemaakt op basis van minerale zinkoxide. Dit staat bekend om zijn veilige en zeer krachtige bescherming tegen UVA- & UVB-straling.","robots":{"index":"index","follow":"follow","max-snippet":"max-snippet:-1","max-image-preview":"max-image-preview:large","max-video-preview":"max-video-preview:-1"},"canonical":"https:\/\/www.alternatievemiddelen.nl\/es\/wp-json\/wp\/v2\/product\/34355","og_locale":"es_ES","og_type":"article","og_title":"Badger kids zonnebrand SPF 30 mandarijn & vanille 87 ml - Alternatievemiddelen.nl","og_description":"Badger kids zonnebrand is gemaakt op basis van minerale zinkoxide. Dit staat bekend om zijn veilige en zeer krachtige bescherming tegen UVA- & UVB-straling.","og_url":"https:\/\/www.alternatievemiddelen.nl\/es\/productos\/quemaduras-solares-de-los-ninos-tejones\/","og_site_name":"Alternatievemiddelen.nl","article_modified_time":"2026-01-03T09:33:47+00:00","og_image":[{"width":1200,"height":1600,"url":"\/wp-content\/uploads\/2024\/02\/Badger-kids-zonnebrand-nieuw.jpg","type":"image\/jpeg"}],"twitter_card":"summary_large_image","twitter_misc":{"Tiempo de lectura":"3 minutos"},"schema":{"@context":"https:\/\/schema.org","@graph":[{"@type":["WebPage","ItemPage"],"@id":"https:\/\/www.alternatievemiddelen.nl\/producten\/badger-kids-zonnebrand\/","url":"https:\/\/www.alternatievemiddelen.nl\/producten\/badger-kids-zonnebrand\/","name":"Badger kids zonnebrand SPF 30 mandarijn & vanille 87 ml - Alternatievemiddelen.nl","isPartOf":{"@id":"https:\/\/www.alternatievemiddelen.nl\/#website"},"primaryImageOfPage":{"@id":"https:\/\/www.alternatievemiddelen.nl\/producten\/badger-kids-zonnebrand\/#primaryimage"},"image":{"@id":"https:\/\/www.alternatievemiddelen.nl\/producten\/badger-kids-zonnebrand\/#primaryimage"},"thumbnailUrl":"https:\/\/www.alternatievemiddelen.nl\/wp-content\/uploads\/2024\/02\/Badger-kids-zonnebrand-nieuw.jpg","datePublished":"2024-02-27T07:21:14+00:00","dateModified":"2026-01-03T09:33:47+00:00","description":"Badger kids zonnebrand is gemaakt op basis van minerale zinkoxide. Dit staat bekend om zijn veilige en zeer krachtige bescherming tegen UVA- & UVB-straling.","breadcrumb":{"@id":"https:\/\/www.alternatievemiddelen.nl\/producten\/badger-kids-zonnebrand\/#breadcrumb"},"inLanguage":"es","potentialAction":[{"@type":"ReadAction","target":["https:\/\/www.alternatievemiddelen.nl\/producten\/badger-kids-zonnebrand\/"]}]},{"@type":"ImageObject","inLanguage":"es","@id":"https:\/\/www.alternatievemiddelen.nl\/producten\/badger-kids-zonnebrand\/#primaryimage","url":"https:\/\/www.alternatievemiddelen.nl\/wp-content\/uploads\/2024\/02\/Badger-kids-zonnebrand-nieuw.jpg","contentUrl":"https:\/\/www.alternatievemiddelen.nl\/wp-content\/uploads\/2024\/02\/Badger-kids-zonnebrand-nieuw.jpg","width":1200,"height":1600,"caption":"Badger kids zonnebrand"},{"@type":"BreadcrumbList","@id":"https:\/\/www.alternatievemiddelen.nl\/producten\/badger-kids-zonnebrand\/#breadcrumb","itemListElement":[{"@type":"ListItem","position":1,"name":"Home","item":"https:\/\/www.alternatievemiddelen.nl\/"},{"@type":"ListItem","position":2,"name":"Producten","item":"https:\/\/www.alternatievemiddelen.nl\/producten\/"},{"@type":"ListItem","position":3,"name":"Badger kids zonnebrand SPF 30 mandarijn &#038; vanille 87 ml"}]},{"@type":"WebSite","@id":"https:\/\/www.alternatievemiddelen.nl\/#website","url":"https:\/\/www.alternatievemiddelen.nl\/","name":"Alternatievemiddelen.nl","description":"Webshop met gezonde, duurzame en ecologische alternatieve mogelijkheden in de hedendaagse levenstijl. Alles uit eigen ervaring.","publisher":{"@id":"https:\/\/www.alternatievemiddelen.nl\/#organization"},"potentialAction":[{"@type":"SearchAction","target":{"@type":"EntryPoint","urlTemplate":"https:\/\/www.alternatievemiddelen.nl\/?s={search_term_string}"},"query-input":{"@type":"PropertyValueSpecification","valueRequired":true,"valueName":"search_term_string"}}],"inLanguage":"es"},{"@type":"Organization","@id":"https:\/\/www.alternatievemiddelen.nl\/#organization","name":"Alternatievemiddelen.nl","url":"https:\/\/www.alternatievemiddelen.nl\/","logo":{"@type":"ImageObject","inLanguage":"es","@id":"https:\/\/www.alternatievemiddelen.nl\/#\/schema\/logo\/image\/","url":"https:\/\/www.alternatievemiddelen.nl\/wp-content\/uploads\/2023\/10\/alternatievemiddelen-PNG-logo.png","contentUrl":"https:\/\/www.alternatievemiddelen.nl\/wp-content\/uploads\/2023\/10\/alternatievemiddelen-PNG-logo.png","width":6400,"height":3062,"caption":"Alternatievemiddelen.nl"},"image":{"@id":"https:\/\/www.alternatievemiddelen.nl\/#\/schema\/logo\/image\/"}}]}},"_links":{"self":[{"href":"https:\/\/www.alternatievemiddelen.nl\/es\/wp-json\/wp\/v2\/product\/34355","targetHints":{"allow":["GET"]}}],"collection":[{"href":"https:\/\/www.alternatievemiddelen.nl\/es\/wp-json\/wp\/v2\/product"}],"about":[{"href":"https:\/\/www.alternatievemiddelen.nl\/es\/wp-json\/wp\/v2\/types\/product"}],"replies":[{"embeddable":true,"href":"https:\/\/www.alternatievemiddelen.nl\/es\/wp-json\/wp\/v2\/comments?post=34355"}],"wp:featuredmedia":[{"embeddable":true,"href":"https:\/\/www.alternatievemiddelen.nl\/es\/wp-json\/wp\/v2\/media\/44309"}],"wp:attachment":[{"href":"https:\/\/www.alternatievemiddelen.nl\/es\/wp-json\/wp\/v2\/media?parent=34355"}],"wp:term":[{"taxonomy":"product_brand","embeddable":true,"href":"https:\/\/www.alternatievemiddelen.nl\/es\/wp-json\/wp\/v2\/product_brand?post=34355"},{"taxonomy":"product_cat","embeddable":true,"href":"https:\/\/www.alternatievemiddelen.nl\/es\/wp-json\/wp\/v2\/product_cat?post=34355"},{"taxonomy":"product_tag","embeddable":true,"href":"https:\/\/www.alternatievemiddelen.nl\/es\/wp-json\/wp\/v2\/product_tag?post=34355"},{"taxonomy":"merk","embeddable":true,"href":"https:\/\/www.alternatievemiddelen.nl\/es\/wp-json\/wp\/v2\/merk?post=34355"}],"curies":[{"name":"wp","href":"https:\/\/api.w.org\/{rel}","templated":true}]}}