{"id":34363,"date":"2024-02-27T08:21:18","date_gmt":"2024-02-27T07:21:18","guid":{"rendered":"https:\/\/www.alternatievemiddelen.nl\/?post_type=product&#038;p=34363"},"modified":"2026-05-14T06:46:11","modified_gmt":"2026-05-14T04:46:11","slug":"big-berkey-waterfilter","status":"publish","type":"product","link":"https:\/\/www.alternatievemiddelen.nl\/es\/productos\/filtro-de-agua-big-berkey\/","title":{"rendered":"Big Berkey Filtro de agua 8,5L"},"content":{"rendered":"<p>Filtro de agua Big Berkey - Berkey es una de las marcas de filtros de agua y sistemas de purificaci\u00f3n m\u00e1s vendidas en todo el mundo y est\u00e1 recomendada por varias revistas de salud, laboratorios y sitios web de salud independientes. Cuenta con millones de clientes satisfechos en todo el mundo.<br \/>\n&nbsp;<\/p>\n<h3>Informaci\u00f3n sobre el filtro de agua Big Berkey<\/h3>\n<p>Los filtros de agua Berkey filtran m\u00e1s del 99,9% de cloro, virus, bacterias, quistes, residuos de medicamentos, par\u00e1sitos y contaminantes qu\u00edmicos peligrosos. Los metales pesados se filtran durante 95% (hasta casi 100% incluso con\u00a0<a href=\"https:\/\/www.alternatievemiddelen.nl\/es\/productos\/elementos-filtrantes-de-fluor-y-arsenico\/\">filtros de fl\u00faor y ars\u00e9nico<\/a>). Esto preserva los minerales esenciales que su cuerpo necesita.<\/p>\n<p>El filtro de agua Big Berkey se suministra con 2 originales <a href=\"https:\/\/www.alternatievemiddelen.nl\/es\/productos\/elementos-filtrantes-de-agua-black-berkey\/\">Elementos filtrantes Berkey negros<\/a> y puede ampliarse a cuatro elementos. <a href=\"https:\/\/www.alternatievemiddelen.nl\/es\/productos\/elementos-filtrantes-de-agua-black-berkey\/\">Elementos filtrantes Berkey negros<\/a> utilizan los \u00faltimos avances tecnol\u00f3gicos en purificaci\u00f3n de agua. Por ello, los filtros de agua Berkey se consideran los mejores y m\u00e1s duraderos sistemas de filtraci\u00f3n de agua del mercado y son los filtros de agua port\u00e1tiles con mejores prestaciones. Los elementos filtrantes Black Berkey han sido probados por un laboratorio independiente de acuerdo con las normas NSF\/ANSI 42 y 53. Consulte el <a href=\"https:\/\/www.alternatievemiddelen.nl\/wp-content\/uploads\/2023\/07\/Testrapport-Black-Berkey-filterelementen.pdf\" target=\"_blank\" rel=\"noopener\">informe de laboratorio<\/a> para m\u00e1s detalles.<\/p>\n<p>La unidad tiene capacidad para unos 8,5 litros de agua, m\u00e1s que suficiente para la mayor\u00eda de las necesidades. Puedes utilizar los elementos filtrantes Black Berkey durante varios a\u00f1os, lo que significa que amortizar\u00e1s r\u00e1pidamente la unidad en comparaci\u00f3n con otras marcas de filtros de agua.<\/p>\n<p>La carcasa es de acero inoxidable pulido (304), para una mayor durabilidad.<br \/>\n&nbsp;<\/p>\n<h3>Caracter\u00edsticas Big Berkey Filtro de agua<\/h3>\n<ul>\n<li>El filtro de agua ideal para el hogar. Adecuado para su uso por 1-4 personas<\/li>\n<li>Filtra virus, bacterias, quistes y par\u00e1sitos durante m\u00e1s del 99,9%<\/li>\n<li>Filtra tan bien los pesticidas y los residuos de medicamentos que ya no es medible<\/li>\n<li>Filtra metales pesados durante m\u00e1s de 95% (hasta casi 100% incluso con\u00a0<a href=\"https:\/\/www.alternatievemiddelen.nl\/es\/productos\/elementos-filtrantes-de-fluor-y-arsenico\/\">filtros de fl\u00faor y ars\u00e9nico<\/a>)<\/li>\n<li>F\u00e1cil de usar<\/li>\n<li>Capacidad para 8,5 litros<\/li>\n<li>Se suministra de serie con 2 <a href=\"https:\/\/www.alternatievemiddelen.nl\/es\/productos\/elementos-filtrantes-de-agua-black-berkey\/\">Elementos filtrantes Berkey negros<\/a><\/li>\n<li>Ampliable hasta 4\u00a0<a href=\"https:\/\/www.alternatievemiddelen.nl\/es\/productos\/elementos-filtrantes-de-agua-black-berkey\/\">Elementos filtrantes Berkey negros<\/a><\/li>\n<li>Acero inoxidable AISI 304 pulido de gran durabilidad<\/li>\n<li>Filtra 13,3 litros por hora con 2 elementos<\/li>\n<li>Filtra 26,6 litros por hora con 4 elementos<\/li>\n<li>Altura: 50 cm<\/li>\n<li>Di\u00e1metro: 21,5 cm<\/li>\n<\/ul>\n<p>&nbsp;<\/p>\n<h3>Contenido de la caja<\/h3>\n<p>La caja del filtro de agua Big Berkey incluye: 2 c\u00e1maras de acero inoxidable (superior e inferior), 2 elementos filtrantes Black Berkey, 1 tapa de acero inoxidable, 1 grifo de pl\u00e1stico (con accesorios de montaje), 2 tuercas de mariposa (para los elementos filtrantes Black Berkey), 2 arandelas (para los elementos filtrantes Black Berkey), 1 bot\u00f3n de cebado (para cebar los elementos filtrantes Black Berkey), 2 tapones de bloqueo (para rellenar los orificios libres, que pueden as\u00ed utilizarse para ampliar el filtro de agua con elementos filtrantes Black Berkey adicionales) y el <a href=\"https:\/\/www.alternatievemiddelen.nl\/es\/productos\/filtros-de-agua-berkey-kit-de-cebado\/\">Arrancador de cebado Kit<\/a>.<br \/>\n&nbsp;<\/p>\n<h3>Instalaci\u00f3n<\/h3>\n<p>Puede montar f\u00e1cilmente el Big Berkey en cuesti\u00f3n de minutos y sin herramientas. El primer paso para preparar un filtro de agua Berkey es el cebado <a href=\"https:\/\/www.alternatievemiddelen.nl\/es\/productos\/elementos-filtrantes-de-agua-black-berkey\/\">Elementos filtrantes Berkey negros<\/a>. Es importante que esto se haga correctamente, de lo contrario la purificaci\u00f3n del agua llevar\u00e1 mucho tiempo. Para toda la informaci\u00f3n sobre los filtros de agua Berkey, consulte nuestro <a href=\"https:\/\/www.alternatievemiddelen.nl\/es\/la-biblioteca\/\">biblioteca<\/a>que incluye manuales, v\u00eddeos de instrucciones y respuestas a las preguntas m\u00e1s frecuentes. Si falla el cebado con el grifo <a href=\"https:\/\/www.alternatievemiddelen.nl\/es\/productos\/bomba-automatica-de-cebado-de-filtro-boroux\/\">bomba autom\u00e1tica de cebado<\/a> o <a href=\"https:\/\/www.alternatievemiddelen.nl\/es\/productos\/black-berkey-primer\/\">bomba de cebado manual<\/a> nos haga un pedido.<\/p>","protected":false},"excerpt":{"rendered":"<p>El filtro de agua Big Berkey <b><u>con 2 elementos filtrantes originales Berkey negros<\/u><\/b>. El filtro de agua ideal para el hogar. Adecuado para su uso por 1-4 personas.<\/p>","protected":false},"featured_media":50549,"comment_status":"open","ping_status":"closed","template":"","meta":[],"product_brand":[],"product_cat":[2971,2972],"product_tag":[2961,3032,2974,2964,2976,2875,2977,3010,2879,2967,2885,2979,2980,2981],"merk":[3432],"class_list":{"0":"post-34363","1":"product","2":"type-product","3":"status-publish","4":"has-post-thumbnail","6":"product_cat-waterfilters","7":"product_cat-waterfilter","8":"product_tag-berkey","9":"product_tag-big-berkey","10":"product_tag-black-berkey","11":"product_tag-filter","12":"product_tag-filterelement","13":"product_tag-gezondheid","14":"product_tag-hormoonvrij","15":"product_tag-roestvrij","16":"product_tag-roestvrij-staal","17":"product_tag-schoon","18":"product_tag-water","19":"product_tag-waterfilter","20":"product_tag-waterzuivering","21":"product_tag-zuiver","22":"merk-berkey","24":"first","25":"instock","26":"taxable","27":"shipping-taxable","28":"purchasable","29":"product-type-simple"},"bundled_by":["34365","34436","34437"],"bundle_stock_status":"instock","bundle_stock_quantity":null,"bundle_virtual":false,"bundle_layout":"","bundle_add_to_cart_form_location":"","bundle_editable_in_cart":false,"bundle_sold_individually_context":"","bundle_item_grouping":"","bundle_min_size":"","bundle_max_size":"","bundle_price":[],"bundled_items":[],"bundle_sell_ids":[44176,34443,50681,34442,34440,34526,34441,34339,47576,34415,48681,34414],"yoast_head":"<!-- This site is optimized with the Yoast SEO plugin v26.1 - https:\/\/yoast.com\/wordpress\/plugins\/seo\/ -->\n<title>Big Berkey Waterfilter 8,5L - Alternatievemiddelen.nl<\/title>\n<meta name=\"description\" content=\"De Big Berkey waterfilter met 2 of 4 originele Black Berkey filterelementen. De ideale waterfilter voor thuis. Geschikt voor gebruik door 1-4 personen.\" \/>\n<meta name=\"robots\" content=\"index, follow, max-snippet:-1, max-image-preview:large, max-video-preview:-1\" \/>\n<link rel=\"canonical\" href=\"https:\/\/www.alternatievemiddelen.nl\/es\/wp-json\/wp\/v2\/product\/34363\" \/>\n<meta property=\"og:locale\" content=\"es_ES\" \/>\n<meta property=\"og:type\" content=\"article\" \/>\n<meta property=\"og:title\" content=\"Big Berkey Waterfilter 8,5L - Alternatievemiddelen.nl\" \/>\n<meta property=\"og:description\" content=\"De Big Berkey waterfilter met 2 of 4 originele Black Berkey filterelementen. De ideale waterfilter voor thuis. Geschikt voor gebruik door 1-4 personen.\" \/>\n<meta property=\"og:url\" content=\"https:\/\/www.alternatievemiddelen.nl\/es\/productos\/filtro-de-agua-big-berkey\/\" \/>\n<meta property=\"og:site_name\" content=\"Alternatievemiddelen.nl\" \/>\n<meta property=\"article:publisher\" content=\"https:\/\/www.facebook.com\/alternatievemiddelen\" \/>\n<meta property=\"article:modified_time\" content=\"2026-05-14T04:46:11+00:00\" \/>\n<meta property=\"og:image\" content=\"\/wp-content\/uploads\/2026\/01\/Big-Berkey-originele-black-berkey-filters.jpg\" \/>\n\t<meta property=\"og:image:width\" content=\"1200\" \/>\n\t<meta property=\"og:image:height\" content=\"1600\" \/>\n\t<meta property=\"og:image:type\" content=\"image\/jpeg\" \/>\n<meta name=\"twitter:card\" content=\"summary_large_image\" \/>\n<meta name=\"twitter:label1\" content=\"Tiempo de lectura\" \/>\n\t<meta name=\"twitter:data1\" content=\"3 minutos\" \/>\n<script type=\"application\/ld+json\" class=\"yoast-schema-graph\">{\"@context\":\"https:\/\/schema.org\",\"@graph\":[{\"@type\":[\"WebPage\",\"ItemPage\"],\"@id\":\"https:\/\/www.alternatievemiddelen.nl\/producten\/big-berkey-waterfilter\/\",\"url\":\"https:\/\/www.alternatievemiddelen.nl\/producten\/big-berkey-waterfilter\/\",\"name\":\"Big Berkey Waterfilter 8,5L - Alternatievemiddelen.nl\",\"isPartOf\":{\"@id\":\"https:\/\/www.alternatievemiddelen.nl\/#website\"},\"primaryImageOfPage\":{\"@id\":\"https:\/\/www.alternatievemiddelen.nl\/producten\/big-berkey-waterfilter\/#primaryimage\"},\"image\":{\"@id\":\"https:\/\/www.alternatievemiddelen.nl\/producten\/big-berkey-waterfilter\/#primaryimage\"},\"thumbnailUrl\":\"https:\/\/www.alternatievemiddelen.nl\/wp-content\/uploads\/2026\/01\/Big-Berkey-originele-black-berkey-filters.jpg\",\"datePublished\":\"2024-02-27T07:21:18+00:00\",\"dateModified\":\"2026-05-14T04:46:11+00:00\",\"description\":\"De Big Berkey waterfilter met 2 of 4 originele Black Berkey filterelementen. De ideale waterfilter voor thuis. Geschikt voor gebruik door 1-4 personen.\",\"breadcrumb\":{\"@id\":\"https:\/\/www.alternatievemiddelen.nl\/producten\/big-berkey-waterfilter\/#breadcrumb\"},\"inLanguage\":\"es\",\"potentialAction\":[{\"@type\":\"ReadAction\",\"target\":[\"https:\/\/www.alternatievemiddelen.nl\/producten\/big-berkey-waterfilter\/\"]}]},{\"@type\":\"ImageObject\",\"inLanguage\":\"es\",\"@id\":\"https:\/\/www.alternatievemiddelen.nl\/producten\/big-berkey-waterfilter\/#primaryimage\",\"url\":\"https:\/\/www.alternatievemiddelen.nl\/wp-content\/uploads\/2026\/01\/Big-Berkey-originele-black-berkey-filters.jpg\",\"contentUrl\":\"https:\/\/www.alternatievemiddelen.nl\/wp-content\/uploads\/2026\/01\/Big-Berkey-originele-black-berkey-filters.jpg\",\"width\":1200,\"height\":1600,\"caption\":\"Big Berkey met originele Black Berkey filters\"},{\"@type\":\"BreadcrumbList\",\"@id\":\"https:\/\/www.alternatievemiddelen.nl\/producten\/big-berkey-waterfilter\/#breadcrumb\",\"itemListElement\":[{\"@type\":\"ListItem\",\"position\":1,\"name\":\"Home\",\"item\":\"https:\/\/www.alternatievemiddelen.nl\/\"},{\"@type\":\"ListItem\",\"position\":2,\"name\":\"Producten\",\"item\":\"https:\/\/www.alternatievemiddelen.nl\/producten\/\"},{\"@type\":\"ListItem\",\"position\":3,\"name\":\"Big Berkey Waterfilter 8,5L\"}]},{\"@type\":\"WebSite\",\"@id\":\"https:\/\/www.alternatievemiddelen.nl\/#website\",\"url\":\"https:\/\/www.alternatievemiddelen.nl\/\",\"name\":\"Alternatievemiddelen.nl\",\"description\":\"Webshop met gezonde, duurzame en ecologische alternatieve mogelijkheden in de hedendaagse levenstijl. Alles uit eigen ervaring.\",\"publisher\":{\"@id\":\"https:\/\/www.alternatievemiddelen.nl\/#organization\"},\"alternateName\":\"Alternatieve Middelen\",\"potentialAction\":[{\"@type\":\"SearchAction\",\"target\":{\"@type\":\"EntryPoint\",\"urlTemplate\":\"https:\/\/www.alternatievemiddelen.nl\/?s={search_term_string}\"},\"query-input\":{\"@type\":\"PropertyValueSpecification\",\"valueRequired\":true,\"valueName\":\"search_term_string\"}}],\"inLanguage\":\"es\"},{\"@type\":\"Organization\",\"@id\":\"https:\/\/www.alternatievemiddelen.nl\/#organization\",\"name\":\"Alternatievemiddelen.nl\",\"alternateName\":\"Alternatieve Middelen\",\"url\":\"https:\/\/www.alternatievemiddelen.nl\/\",\"logo\":{\"@type\":\"ImageObject\",\"inLanguage\":\"es\",\"@id\":\"https:\/\/www.alternatievemiddelen.nl\/#\/schema\/logo\/image\/\",\"url\":\"https:\/\/www.alternatievemiddelen.nl\/wp-content\/uploads\/2023\/10\/alternatievemiddelen-PNG-logo.png\",\"contentUrl\":\"https:\/\/www.alternatievemiddelen.nl\/wp-content\/uploads\/2023\/10\/alternatievemiddelen-PNG-logo.png\",\"width\":6400,\"height\":3062,\"caption\":\"Alternatievemiddelen.nl\"},\"image\":{\"@id\":\"https:\/\/www.alternatievemiddelen.nl\/#\/schema\/logo\/image\/\"},\"sameAs\":[\"https:\/\/www.facebook.com\/alternatievemiddelen\",\"https:\/\/www.instagram.com\/alternatievemiddelen.nl\/\"]}]}<\/script>\n<!-- \/ Yoast SEO plugin. -->","yoast_head_json":{"title":"Big Berkey Waterfilter 8,5L - Alternatievemiddelen.nl","description":"De Big Berkey waterfilter met 2 of 4 originele Black Berkey filterelementen. De ideale waterfilter voor thuis. Geschikt voor gebruik door 1-4 personen.","robots":{"index":"index","follow":"follow","max-snippet":"max-snippet:-1","max-image-preview":"max-image-preview:large","max-video-preview":"max-video-preview:-1"},"canonical":"https:\/\/www.alternatievemiddelen.nl\/es\/wp-json\/wp\/v2\/product\/34363","og_locale":"es_ES","og_type":"article","og_title":"Big Berkey Waterfilter 8,5L - Alternatievemiddelen.nl","og_description":"De Big Berkey waterfilter met 2 of 4 originele Black Berkey filterelementen. De ideale waterfilter voor thuis. Geschikt voor gebruik door 1-4 personen.","og_url":"https:\/\/www.alternatievemiddelen.nl\/es\/productos\/filtro-de-agua-big-berkey\/","og_site_name":"Alternatievemiddelen.nl","article_publisher":"https:\/\/www.facebook.com\/alternatievemiddelen","article_modified_time":"2026-05-14T04:46:11+00:00","og_image":[{"width":1200,"height":1600,"url":"\/wp-content\/uploads\/2026\/01\/Big-Berkey-originele-black-berkey-filters.jpg","type":"image\/jpeg"}],"twitter_card":"summary_large_image","twitter_misc":{"Tiempo de lectura":"3 minutos"},"schema":{"@context":"https:\/\/schema.org","@graph":[{"@type":["WebPage","ItemPage"],"@id":"https:\/\/www.alternatievemiddelen.nl\/producten\/big-berkey-waterfilter\/","url":"https:\/\/www.alternatievemiddelen.nl\/producten\/big-berkey-waterfilter\/","name":"Big Berkey Waterfilter 8,5L - Alternatievemiddelen.nl","isPartOf":{"@id":"https:\/\/www.alternatievemiddelen.nl\/#website"},"primaryImageOfPage":{"@id":"https:\/\/www.alternatievemiddelen.nl\/producten\/big-berkey-waterfilter\/#primaryimage"},"image":{"@id":"https:\/\/www.alternatievemiddelen.nl\/producten\/big-berkey-waterfilter\/#primaryimage"},"thumbnailUrl":"https:\/\/www.alternatievemiddelen.nl\/wp-content\/uploads\/2026\/01\/Big-Berkey-originele-black-berkey-filters.jpg","datePublished":"2024-02-27T07:21:18+00:00","dateModified":"2026-05-14T04:46:11+00:00","description":"De Big Berkey waterfilter met 2 of 4 originele Black Berkey filterelementen. De ideale waterfilter voor thuis. Geschikt voor gebruik door 1-4 personen.","breadcrumb":{"@id":"https:\/\/www.alternatievemiddelen.nl\/producten\/big-berkey-waterfilter\/#breadcrumb"},"inLanguage":"es","potentialAction":[{"@type":"ReadAction","target":["https:\/\/www.alternatievemiddelen.nl\/producten\/big-berkey-waterfilter\/"]}]},{"@type":"ImageObject","inLanguage":"es","@id":"https:\/\/www.alternatievemiddelen.nl\/producten\/big-berkey-waterfilter\/#primaryimage","url":"https:\/\/www.alternatievemiddelen.nl\/wp-content\/uploads\/2026\/01\/Big-Berkey-originele-black-berkey-filters.jpg","contentUrl":"https:\/\/www.alternatievemiddelen.nl\/wp-content\/uploads\/2026\/01\/Big-Berkey-originele-black-berkey-filters.jpg","width":1200,"height":1600,"caption":"Big Berkey met originele Black Berkey filters"},{"@type":"BreadcrumbList","@id":"https:\/\/www.alternatievemiddelen.nl\/producten\/big-berkey-waterfilter\/#breadcrumb","itemListElement":[{"@type":"ListItem","position":1,"name":"Home","item":"https:\/\/www.alternatievemiddelen.nl\/"},{"@type":"ListItem","position":2,"name":"Producten","item":"https:\/\/www.alternatievemiddelen.nl\/producten\/"},{"@type":"ListItem","position":3,"name":"Big Berkey Waterfilter 8,5L"}]},{"@type":"WebSite","@id":"https:\/\/www.alternatievemiddelen.nl\/#website","url":"https:\/\/www.alternatievemiddelen.nl\/","name":"Alternatievemiddelen.nl","description":"Webshop met gezonde, duurzame en ecologische alternatieve mogelijkheden in de hedendaagse levenstijl. Alles uit eigen ervaring.","publisher":{"@id":"https:\/\/www.alternatievemiddelen.nl\/#organization"},"alternateName":"Alternatieve Middelen","potentialAction":[{"@type":"SearchAction","target":{"@type":"EntryPoint","urlTemplate":"https:\/\/www.alternatievemiddelen.nl\/?s={search_term_string}"},"query-input":{"@type":"PropertyValueSpecification","valueRequired":true,"valueName":"search_term_string"}}],"inLanguage":"es"},{"@type":"Organization","@id":"https:\/\/www.alternatievemiddelen.nl\/#organization","name":"Alternatievemiddelen.nl","alternateName":"Alternatieve Middelen","url":"https:\/\/www.alternatievemiddelen.nl\/","logo":{"@type":"ImageObject","inLanguage":"es","@id":"https:\/\/www.alternatievemiddelen.nl\/#\/schema\/logo\/image\/","url":"https:\/\/www.alternatievemiddelen.nl\/wp-content\/uploads\/2023\/10\/alternatievemiddelen-PNG-logo.png","contentUrl":"https:\/\/www.alternatievemiddelen.nl\/wp-content\/uploads\/2023\/10\/alternatievemiddelen-PNG-logo.png","width":6400,"height":3062,"caption":"Alternatievemiddelen.nl"},"image":{"@id":"https:\/\/www.alternatievemiddelen.nl\/#\/schema\/logo\/image\/"},"sameAs":["https:\/\/www.facebook.com\/alternatievemiddelen","https:\/\/www.instagram.com\/alternatievemiddelen.nl\/"]}]}},"_links":{"self":[{"href":"https:\/\/www.alternatievemiddelen.nl\/es\/wp-json\/wp\/v2\/product\/34363","targetHints":{"allow":["GET"]}}],"collection":[{"href":"https:\/\/www.alternatievemiddelen.nl\/es\/wp-json\/wp\/v2\/product"}],"about":[{"href":"https:\/\/www.alternatievemiddelen.nl\/es\/wp-json\/wp\/v2\/types\/product"}],"replies":[{"embeddable":true,"href":"https:\/\/www.alternatievemiddelen.nl\/es\/wp-json\/wp\/v2\/comments?post=34363"}],"wp:featuredmedia":[{"embeddable":true,"href":"https:\/\/www.alternatievemiddelen.nl\/es\/wp-json\/wp\/v2\/media\/50549"}],"wp:attachment":[{"href":"https:\/\/www.alternatievemiddelen.nl\/es\/wp-json\/wp\/v2\/media?parent=34363"}],"wp:term":[{"taxonomy":"product_brand","embeddable":true,"href":"https:\/\/www.alternatievemiddelen.nl\/es\/wp-json\/wp\/v2\/product_brand?post=34363"},{"taxonomy":"product_cat","embeddable":true,"href":"https:\/\/www.alternatievemiddelen.nl\/es\/wp-json\/wp\/v2\/product_cat?post=34363"},{"taxonomy":"product_tag","embeddable":true,"href":"https:\/\/www.alternatievemiddelen.nl\/es\/wp-json\/wp\/v2\/product_tag?post=34363"},{"taxonomy":"merk","embeddable":true,"href":"https:\/\/www.alternatievemiddelen.nl\/es\/wp-json\/wp\/v2\/merk?post=34363"}],"curies":[{"name":"wp","href":"https:\/\/api.w.org\/{rel}","templated":true}]}}