{"id":34366,"date":"2024-02-27T08:21:19","date_gmt":"2024-02-27T07:21:19","guid":{"rendered":"https:\/\/www.alternatievemiddelen.nl\/?post_type=product&#038;p=34366"},"modified":"2026-05-05T17:42:09","modified_gmt":"2026-05-05T15:42:09","slug":"deodorant-creme-spicy-energy-zonder-aluminium","status":"publish","type":"product","link":"https:\/\/www.alternatievemiddelen.nl\/es\/productos\/desodorante-en-crema-spicy-energy-sin-aluminio\/","title":{"rendered":"Desodorante Creme Spicy Energy (sin aluminio) 30 ml"},"content":{"rendered":"<p>Desodorante Creme Spicy Energy de i+m Naturkosmetik Berlin en tarro de cristal ecol\u00f3gico desodoriza suave pero eficazmente con una composici\u00f3n de coco, natr\u00f3n y zinc. Evita durante horas el olor corporal no deseado sin afectar a la regulaci\u00f3n natural de la transpiraci\u00f3n de la piel y sin utilizar alcohol, aluminio ni alumbre.<br \/>\n&nbsp;<\/p>\n<h3>Zinc, almendra y oliva<\/h3>\n<p>El \u00f3xido de zinc relaja la piel sensible de las axilas, especialmente despu\u00e9s del afeitado. El aceite de almendras y el aceite de oliva ecol\u00f3gicos de comercio justo garantizan una piel suave y aterciopelada.<\/p>\n<p>Su fragancia fresca y especiada aporta energ\u00eda al cuerpo y a la mente. Un d\u00eda perfecto comienza con Deodorant Creme Spicy Energy.<br \/>\n&nbsp;<\/p>\n<h3>Desodorante en crema Spicy Energy informaci\u00f3n<\/h3>\n<p><u>Uso:<\/u> Aplique una cantidad del tama\u00f1o de un guisante de Deodorant Creme Spicy Energy bajo las axilas seg\u00fan sea necesario y disfrute del frescor natural.<\/p>\n<p><b>Una ventaja adicional<\/b><br \/>\nEl desodorante en crema Spicy Energy neutraliza instant\u00e1neamente los olores corporales existentes. Para que siempre haya primeros auxilios para los olores, incluso sobre la marcha.<\/p>\n<p><u>Contenido:<\/u> 30 ml<\/p>\n<p><u>Ingredientes (en ingl\u00e9s):<\/u> ACEITE DE COCO NUCIFERA* (<strong>COCONUT*<\/strong>), \u00d3XIDO DE ZINC, ACEITE DE COLZA HIDROGENADO (RAPS), ACEITE DE PRUNUS AMYGDALUS DULCIS* (<strong>ALMENDRA<\/strong>), ACEITE DEL FRUTO DE OLEA EUROPAEA* (<strong>OLIVA<\/strong>), TRIGLIC\u00c9RIDO CAPR\u00cdLICO\/C\u00c1PRICO, LAURATO DE ISOAMILO, BICARBONATO S\u00d3DICO, RICINOLEATO DE ZINC, ALMID\u00d3N DE TAPIOCA*, \u00c1CIDO POLIHIDROXIESTE\u00c1RICO, PARFUM***, CAPRILATO DE GLICERILO, POLIRRICINOLEATO DE POLIGLICERILO-3, TOCOFEROL (<strong>VITAMINA E<\/strong>), ACEITE DE SEMILLAS DE HELIANTHUS ANNUUS (<strong>GIRASOL<\/strong>), VAINILLINA**, ACEITE DE C\u00c1SCARA DE CITRUS AURANTIUM**, ACEITE DE POGOSTEMON CABLIN**, ACEITE DE EUGENIA CARYOPHYLLUS**, ACEITE DE C\u00c1SCARA DE CITRUS AURANTIUM BERGAMIA**, ACEITE DE LAVANDULA HYBRIDA**, ACEITE DE C\u00c1SCARA DE CITRUS LIMON**, ACEITE DE FLORES DE PELARGONIUM GRAVEOLENS**, ACEITE\/EXTRACTO DE CANANGA ODORATA**, ALCANFOR**, PINENO**, ALCOHOL CINAM\u00cdLICO**, BETA-CARIOFILENO**, ACETATO DE EUGENILO**, CITRAL**, CITRONELOL**, CUMARINA**, EUGENOL**, GERANIOL**, LIMONENO**, LINALOL**, ACETATO DE LINALILO**.<br \/>\n<i>* agricultura ecol\u00f3gica controlada ** a partir de aceites esenciales naturales *** perfume natural<\/i><br \/>\n&nbsp;<\/p>\n<h4>Acerca de i+m Naturkosmetik Berlin<\/h4>\n<p>Somos los buenos: maestros en la creaci\u00f3n de los mejores cosm\u00e9ticos naturales, pioneros org\u00e1nicos, rebeldes de la cosm\u00e9tica vegana, fairplayers, expertos en energ\u00eda vegetal, usuarios respetuosos de recursos preciosos, buenas personas, ecologistas clim\u00e1ticamente neutros, fans de la individualidad, berlineses desde el 78, dedicados a evitar residuos y galardonados con el Premio Alem\u00e1n de Sostenibilidad 2019 y 2020.<br \/>\n&nbsp;<\/p>\n<h4>M\u00e1s informaci\u00f3n:<\/h4>\n<p><b>Desodorantes en crema frente a desodorantes de aluminio:<\/b> Los desodorantes convencionales que contienen sales de aluminio\/cloruro de aluminio o alumbre constri\u00f1en y cierran los poros sudor\u00edparos. De este modo, suprimen la formaci\u00f3n natural de sudor, impidiendo el enfriamiento del cuerpo. Con los desodorantes de i+m Naturkosmetik Berlin, el sistema de aire acondicionado del cuerpo puede seguir funcionando, s\u00f3lo se evita el olor.<br \/>\n<b>Paciencia en el cambio:<\/b> Al cambiar de un desodorante convencional a un desodorante cosm\u00e9tico natural, puede producirse inicialmente un aumento de la sudoraci\u00f3n. Sin embargo, esta se regula de nuevo a un nivel natural una vez que los poros sudor\u00edparos se han acostumbrado a su recuperada libertad.<\/p>","protected":false},"excerpt":{"rendered":"<p>Desodorante Creme Spicy Energy (i+m) desodoriza suave y eficazmente con una composici\u00f3n de zinc, natr\u00f3n y coco. Completamente sin alcohol, aluminio ni alumbre.<\/p>","protected":false},"featured_media":31298,"comment_status":"open","ping_status":"closed","template":"","meta":[],"product_brand":[],"product_cat":[2945,3174],"product_tag":[3175,3176,3177,3203,3179,3180,3182,3183,3184,3186,3187,3188,3189,3190,3204,3060,3191,3192,3193,3194,3195,3196],"merk":[3454],"class_list":{"0":"post-34366","1":"product","2":"type-product","3":"status-publish","4":"has-post-thumbnail","6":"product_cat-natuurlijke-verzorging","7":"product_cat-deodorant","8":"product_tag-alcoholvrij","9":"product_tag-aluminiumvrij","10":"product_tag-bio","11":"product_tag-deodoramt","12":"product_tag-deodorant-creme","13":"product_tag-dierproefvrij","14":"product_tag-fairtrade","15":"product_tag-glutenvrij","16":"product_tag-im","17":"product_tag-kleurstofvrij","18":"product_tag-lactosevrij","19":"product_tag-organisch","20":"product_tag-peg-vrij","21":"product_tag-siliconenvrij","22":"product_tag-tausendschon","23":"product_tag-vegan","24":"product_tag-veganistisch","25":"product_tag-vrij-van-minerale-olien","26":"product_tag-vrij-van-nanodeeltjes","27":"product_tag-vrij-van-parabenen","28":"product_tag-vrij-van-paraffine","29":"product_tag-zonder-aluminium","30":"merk-im-naturkosmetik-berlin","32":"first","33":"instock","34":"taxable","35":"shipping-taxable","36":"purchasable","37":"product-type-simple"},"bundled_by":[],"bundle_stock_status":"instock","bundle_stock_quantity":null,"bundle_virtual":false,"bundle_layout":"","bundle_add_to_cart_form_location":"","bundle_editable_in_cart":false,"bundle_sold_individually_context":"","bundle_item_grouping":"","bundle_min_size":"","bundle_max_size":"","bundle_price":[],"bundled_items":[],"bundle_sell_ids":[44176,34388,35331,34364,34333,34380,34410,34360],"yoast_head":"<!-- This site is optimized with the Yoast SEO plugin v26.1 - https:\/\/yoast.com\/wordpress\/plugins\/seo\/ -->\n<title>Deodorant Creme Spicy Energy (zonder aluminium) 30 ml - Alternatievemiddelen.nl<\/title>\n<meta name=\"description\" content=\"Deodorant Creme Spicy Energy (i+m) ontgeurt zacht en effectief met een samenstelling van zink, natron en kokos. Volledig zonder alcohol, aluminium of aluin.\" \/>\n<meta name=\"robots\" content=\"index, follow, max-snippet:-1, max-image-preview:large, max-video-preview:-1\" \/>\n<link rel=\"canonical\" href=\"https:\/\/www.alternatievemiddelen.nl\/es\/wp-json\/wp\/v2\/product\/34366\" \/>\n<meta property=\"og:locale\" content=\"es_ES\" \/>\n<meta property=\"og:type\" content=\"article\" \/>\n<meta property=\"og:title\" content=\"Deodorant Creme Spicy Energy (zonder aluminium) 30 ml - Alternatievemiddelen.nl\" \/>\n<meta property=\"og:description\" content=\"Deodorant Creme Spicy Energy (i+m) ontgeurt zacht en effectief met een samenstelling van zink, natron en kokos. Volledig zonder alcohol, aluminium of aluin.\" \/>\n<meta property=\"og:url\" content=\"https:\/\/www.alternatievemiddelen.nl\/es\/productos\/desodorante-en-crema-spicy-energy-sin-aluminio\/\" \/>\n<meta property=\"og:site_name\" content=\"Alternatievemiddelen.nl\" \/>\n<meta property=\"article:publisher\" content=\"https:\/\/www.facebook.com\/alternatievemiddelen\" \/>\n<meta property=\"article:modified_time\" content=\"2026-05-05T15:42:09+00:00\" \/>\n<meta property=\"og:image\" content=\"\/wp-content\/uploads\/2023\/12\/Deodorant-Creme-Spicy-Energy3.jpg\" \/>\n\t<meta property=\"og:image:width\" content=\"600\" \/>\n\t<meta property=\"og:image:height\" content=\"800\" \/>\n\t<meta property=\"og:image:type\" content=\"image\/jpeg\" \/>\n<meta name=\"twitter:card\" content=\"summary_large_image\" \/>\n<meta name=\"twitter:label1\" content=\"Tiempo de lectura\" \/>\n\t<meta name=\"twitter:data1\" content=\"3 minutos\" \/>\n<script type=\"application\/ld+json\" class=\"yoast-schema-graph\">{\"@context\":\"https:\/\/schema.org\",\"@graph\":[{\"@type\":[\"WebPage\",\"ItemPage\"],\"@id\":\"https:\/\/www.alternatievemiddelen.nl\/producten\/deodorant-creme-spicy-energy-zonder-aluminium\/\",\"url\":\"https:\/\/www.alternatievemiddelen.nl\/producten\/deodorant-creme-spicy-energy-zonder-aluminium\/\",\"name\":\"Deodorant Creme Spicy Energy (zonder aluminium) 30 ml - Alternatievemiddelen.nl\",\"isPartOf\":{\"@id\":\"https:\/\/www.alternatievemiddelen.nl\/#website\"},\"primaryImageOfPage\":{\"@id\":\"https:\/\/www.alternatievemiddelen.nl\/producten\/deodorant-creme-spicy-energy-zonder-aluminium\/#primaryimage\"},\"image\":{\"@id\":\"https:\/\/www.alternatievemiddelen.nl\/producten\/deodorant-creme-spicy-energy-zonder-aluminium\/#primaryimage\"},\"thumbnailUrl\":\"https:\/\/www.alternatievemiddelen.nl\/wp-content\/uploads\/2023\/12\/Deodorant-Creme-Spicy-Energy3.jpg\",\"datePublished\":\"2024-02-27T07:21:19+00:00\",\"dateModified\":\"2026-05-05T15:42:09+00:00\",\"description\":\"Deodorant Creme Spicy Energy (i+m) ontgeurt zacht en effectief met een samenstelling van zink, natron en kokos. Volledig zonder alcohol, aluminium of aluin.\",\"breadcrumb\":{\"@id\":\"https:\/\/www.alternatievemiddelen.nl\/producten\/deodorant-creme-spicy-energy-zonder-aluminium\/#breadcrumb\"},\"inLanguage\":\"es\",\"potentialAction\":[{\"@type\":\"ReadAction\",\"target\":[\"https:\/\/www.alternatievemiddelen.nl\/producten\/deodorant-creme-spicy-energy-zonder-aluminium\/\"]}]},{\"@type\":\"ImageObject\",\"inLanguage\":\"es\",\"@id\":\"https:\/\/www.alternatievemiddelen.nl\/producten\/deodorant-creme-spicy-energy-zonder-aluminium\/#primaryimage\",\"url\":\"https:\/\/www.alternatievemiddelen.nl\/wp-content\/uploads\/2023\/12\/Deodorant-Creme-Spicy-Energy3.jpg\",\"contentUrl\":\"https:\/\/www.alternatievemiddelen.nl\/wp-content\/uploads\/2023\/12\/Deodorant-Creme-Spicy-Energy3.jpg\",\"width\":600,\"height\":800,\"caption\":\"Deodorant Creme Spicy Energy (zonder aluminium) 30 ml\"},{\"@type\":\"BreadcrumbList\",\"@id\":\"https:\/\/www.alternatievemiddelen.nl\/producten\/deodorant-creme-spicy-energy-zonder-aluminium\/#breadcrumb\",\"itemListElement\":[{\"@type\":\"ListItem\",\"position\":1,\"name\":\"Home\",\"item\":\"https:\/\/www.alternatievemiddelen.nl\/\"},{\"@type\":\"ListItem\",\"position\":2,\"name\":\"Producten\",\"item\":\"https:\/\/www.alternatievemiddelen.nl\/producten\/\"},{\"@type\":\"ListItem\",\"position\":3,\"name\":\"Deodorant Creme Spicy Energy (zonder aluminium) 30 ml\"}]},{\"@type\":\"WebSite\",\"@id\":\"https:\/\/www.alternatievemiddelen.nl\/#website\",\"url\":\"https:\/\/www.alternatievemiddelen.nl\/\",\"name\":\"Alternatievemiddelen.nl\",\"description\":\"Webshop met gezonde, duurzame en ecologische alternatieve mogelijkheden in de hedendaagse levenstijl. Alles uit eigen ervaring.\",\"publisher\":{\"@id\":\"https:\/\/www.alternatievemiddelen.nl\/#organization\"},\"alternateName\":\"Alternatieve Middelen\",\"potentialAction\":[{\"@type\":\"SearchAction\",\"target\":{\"@type\":\"EntryPoint\",\"urlTemplate\":\"https:\/\/www.alternatievemiddelen.nl\/?s={search_term_string}\"},\"query-input\":{\"@type\":\"PropertyValueSpecification\",\"valueRequired\":true,\"valueName\":\"search_term_string\"}}],\"inLanguage\":\"es\"},{\"@type\":\"Organization\",\"@id\":\"https:\/\/www.alternatievemiddelen.nl\/#organization\",\"name\":\"Alternatievemiddelen.nl\",\"alternateName\":\"Alternatieve Middelen\",\"url\":\"https:\/\/www.alternatievemiddelen.nl\/\",\"logo\":{\"@type\":\"ImageObject\",\"inLanguage\":\"es\",\"@id\":\"https:\/\/www.alternatievemiddelen.nl\/#\/schema\/logo\/image\/\",\"url\":\"https:\/\/www.alternatievemiddelen.nl\/wp-content\/uploads\/2023\/10\/alternatievemiddelen-PNG-logo.png\",\"contentUrl\":\"https:\/\/www.alternatievemiddelen.nl\/wp-content\/uploads\/2023\/10\/alternatievemiddelen-PNG-logo.png\",\"width\":6400,\"height\":3062,\"caption\":\"Alternatievemiddelen.nl\"},\"image\":{\"@id\":\"https:\/\/www.alternatievemiddelen.nl\/#\/schema\/logo\/image\/\"},\"sameAs\":[\"https:\/\/www.facebook.com\/alternatievemiddelen\",\"https:\/\/www.instagram.com\/alternatievemiddelen.nl\/\"]}]}<\/script>\n<!-- \/ Yoast SEO plugin. -->","yoast_head_json":{"title":"Deodorant Creme Spicy Energy (zonder aluminium) 30 ml - Alternatievemiddelen.nl","description":"Deodorant Creme Spicy Energy (i+m) ontgeurt zacht en effectief met een samenstelling van zink, natron en kokos. Volledig zonder alcohol, aluminium of aluin.","robots":{"index":"index","follow":"follow","max-snippet":"max-snippet:-1","max-image-preview":"max-image-preview:large","max-video-preview":"max-video-preview:-1"},"canonical":"https:\/\/www.alternatievemiddelen.nl\/es\/wp-json\/wp\/v2\/product\/34366","og_locale":"es_ES","og_type":"article","og_title":"Deodorant Creme Spicy Energy (zonder aluminium) 30 ml - Alternatievemiddelen.nl","og_description":"Deodorant Creme Spicy Energy (i+m) ontgeurt zacht en effectief met een samenstelling van zink, natron en kokos. Volledig zonder alcohol, aluminium of aluin.","og_url":"https:\/\/www.alternatievemiddelen.nl\/es\/productos\/desodorante-en-crema-spicy-energy-sin-aluminio\/","og_site_name":"Alternatievemiddelen.nl","article_publisher":"https:\/\/www.facebook.com\/alternatievemiddelen","article_modified_time":"2026-05-05T15:42:09+00:00","og_image":[{"width":600,"height":800,"url":"\/wp-content\/uploads\/2023\/12\/Deodorant-Creme-Spicy-Energy3.jpg","type":"image\/jpeg"}],"twitter_card":"summary_large_image","twitter_misc":{"Tiempo de lectura":"3 minutos"},"schema":{"@context":"https:\/\/schema.org","@graph":[{"@type":["WebPage","ItemPage"],"@id":"https:\/\/www.alternatievemiddelen.nl\/producten\/deodorant-creme-spicy-energy-zonder-aluminium\/","url":"https:\/\/www.alternatievemiddelen.nl\/producten\/deodorant-creme-spicy-energy-zonder-aluminium\/","name":"Deodorant Creme Spicy Energy (zonder aluminium) 30 ml - Alternatievemiddelen.nl","isPartOf":{"@id":"https:\/\/www.alternatievemiddelen.nl\/#website"},"primaryImageOfPage":{"@id":"https:\/\/www.alternatievemiddelen.nl\/producten\/deodorant-creme-spicy-energy-zonder-aluminium\/#primaryimage"},"image":{"@id":"https:\/\/www.alternatievemiddelen.nl\/producten\/deodorant-creme-spicy-energy-zonder-aluminium\/#primaryimage"},"thumbnailUrl":"https:\/\/www.alternatievemiddelen.nl\/wp-content\/uploads\/2023\/12\/Deodorant-Creme-Spicy-Energy3.jpg","datePublished":"2024-02-27T07:21:19+00:00","dateModified":"2026-05-05T15:42:09+00:00","description":"Deodorant Creme Spicy Energy (i+m) ontgeurt zacht en effectief met een samenstelling van zink, natron en kokos. Volledig zonder alcohol, aluminium of aluin.","breadcrumb":{"@id":"https:\/\/www.alternatievemiddelen.nl\/producten\/deodorant-creme-spicy-energy-zonder-aluminium\/#breadcrumb"},"inLanguage":"es","potentialAction":[{"@type":"ReadAction","target":["https:\/\/www.alternatievemiddelen.nl\/producten\/deodorant-creme-spicy-energy-zonder-aluminium\/"]}]},{"@type":"ImageObject","inLanguage":"es","@id":"https:\/\/www.alternatievemiddelen.nl\/producten\/deodorant-creme-spicy-energy-zonder-aluminium\/#primaryimage","url":"https:\/\/www.alternatievemiddelen.nl\/wp-content\/uploads\/2023\/12\/Deodorant-Creme-Spicy-Energy3.jpg","contentUrl":"https:\/\/www.alternatievemiddelen.nl\/wp-content\/uploads\/2023\/12\/Deodorant-Creme-Spicy-Energy3.jpg","width":600,"height":800,"caption":"Deodorant Creme Spicy Energy (zonder aluminium) 30 ml"},{"@type":"BreadcrumbList","@id":"https:\/\/www.alternatievemiddelen.nl\/producten\/deodorant-creme-spicy-energy-zonder-aluminium\/#breadcrumb","itemListElement":[{"@type":"ListItem","position":1,"name":"Home","item":"https:\/\/www.alternatievemiddelen.nl\/"},{"@type":"ListItem","position":2,"name":"Producten","item":"https:\/\/www.alternatievemiddelen.nl\/producten\/"},{"@type":"ListItem","position":3,"name":"Deodorant Creme Spicy Energy (zonder aluminium) 30 ml"}]},{"@type":"WebSite","@id":"https:\/\/www.alternatievemiddelen.nl\/#website","url":"https:\/\/www.alternatievemiddelen.nl\/","name":"Alternatievemiddelen.nl","description":"Webshop met gezonde, duurzame en ecologische alternatieve mogelijkheden in de hedendaagse levenstijl. Alles uit eigen ervaring.","publisher":{"@id":"https:\/\/www.alternatievemiddelen.nl\/#organization"},"alternateName":"Alternatieve Middelen","potentialAction":[{"@type":"SearchAction","target":{"@type":"EntryPoint","urlTemplate":"https:\/\/www.alternatievemiddelen.nl\/?s={search_term_string}"},"query-input":{"@type":"PropertyValueSpecification","valueRequired":true,"valueName":"search_term_string"}}],"inLanguage":"es"},{"@type":"Organization","@id":"https:\/\/www.alternatievemiddelen.nl\/#organization","name":"Alternatievemiddelen.nl","alternateName":"Alternatieve Middelen","url":"https:\/\/www.alternatievemiddelen.nl\/","logo":{"@type":"ImageObject","inLanguage":"es","@id":"https:\/\/www.alternatievemiddelen.nl\/#\/schema\/logo\/image\/","url":"https:\/\/www.alternatievemiddelen.nl\/wp-content\/uploads\/2023\/10\/alternatievemiddelen-PNG-logo.png","contentUrl":"https:\/\/www.alternatievemiddelen.nl\/wp-content\/uploads\/2023\/10\/alternatievemiddelen-PNG-logo.png","width":6400,"height":3062,"caption":"Alternatievemiddelen.nl"},"image":{"@id":"https:\/\/www.alternatievemiddelen.nl\/#\/schema\/logo\/image\/"},"sameAs":["https:\/\/www.facebook.com\/alternatievemiddelen","https:\/\/www.instagram.com\/alternatievemiddelen.nl\/"]}]}},"_links":{"self":[{"href":"https:\/\/www.alternatievemiddelen.nl\/es\/wp-json\/wp\/v2\/product\/34366","targetHints":{"allow":["GET"]}}],"collection":[{"href":"https:\/\/www.alternatievemiddelen.nl\/es\/wp-json\/wp\/v2\/product"}],"about":[{"href":"https:\/\/www.alternatievemiddelen.nl\/es\/wp-json\/wp\/v2\/types\/product"}],"replies":[{"embeddable":true,"href":"https:\/\/www.alternatievemiddelen.nl\/es\/wp-json\/wp\/v2\/comments?post=34366"}],"wp:featuredmedia":[{"embeddable":true,"href":"https:\/\/www.alternatievemiddelen.nl\/es\/wp-json\/wp\/v2\/media\/31298"}],"wp:attachment":[{"href":"https:\/\/www.alternatievemiddelen.nl\/es\/wp-json\/wp\/v2\/media?parent=34366"}],"wp:term":[{"taxonomy":"product_brand","embeddable":true,"href":"https:\/\/www.alternatievemiddelen.nl\/es\/wp-json\/wp\/v2\/product_brand?post=34366"},{"taxonomy":"product_cat","embeddable":true,"href":"https:\/\/www.alternatievemiddelen.nl\/es\/wp-json\/wp\/v2\/product_cat?post=34366"},{"taxonomy":"product_tag","embeddable":true,"href":"https:\/\/www.alternatievemiddelen.nl\/es\/wp-json\/wp\/v2\/product_tag?post=34366"},{"taxonomy":"merk","embeddable":true,"href":"https:\/\/www.alternatievemiddelen.nl\/es\/wp-json\/wp\/v2\/merk?post=34366"}],"curies":[{"name":"wp","href":"https:\/\/api.w.org\/{rel}","templated":true}]}}