{"id":34374,"date":"2024-02-27T08:21:22","date_gmt":"2024-02-27T07:21:22","guid":{"rendered":"https:\/\/www.alternatievemiddelen.nl\/?post_type=product&#038;p=34374"},"modified":"2026-04-22T03:28:34","modified_gmt":"2026-04-22T01:28:34","slug":"aquapure-pesticiden-reiniger","status":"publish","type":"product","link":"https:\/\/www.alternatievemiddelen.nl\/es\/productos\/limpiador-de-pesticidas-aquapure\/","title":{"rendered":"AquaPure limpiador de plaguicidas"},"content":{"rendered":"<p><b>IMPORTANTE: S\u00f3lo vendemos el <u>original<\/u> AquaPure limpiador de pesticidas. Por desgracia, actualmente circulan muchas falsificaciones, incluidas las que incluso utilizan el nombre. Los productos que se ofrecen por menos de 100 euros, y a veces muy por debajo, pueden ser <u>no<\/u> productos originales son<\/b> - \u00bfQuiere asegurarse de que los productos que consume est\u00e1n libres de pesticidas y otras sustancias nocivas (en la superficie)? Real AquaPure elimina de forma natural y eficaz 99% de pesticidas y microorganismos. \u00a1Sienta y saboree la diferencia!<br \/>\n&nbsp;<\/p>\n<h3>Descubrimiento revolucionario<\/h3>\n<p>En todo el mundo se utilizan m\u00e1s de 1.000 plaguicidas en los alimentos. Los plaguicidas son potencialmente t\u00f3xicos para el ser humano y pueden causar efectos adversos para la salud. Probablemente haya probado otros m\u00e9todos para limpiar sus frutas y verduras, pero a menudo se reduce a enjuagarlas bajo el agua del grifo. Otros m\u00e9todos pueden dejar un olor y sabor extra\u00f1os en las verduras y frutas y no resultan mejores que el agua del grifo.<\/p>\n<p>Tras a\u00f1os de prototipos y pruebas de laboratorio, se encontr\u00f3 una combinaci\u00f3n innovadora:<br \/>\n- Sodio (NaCl)<br \/>\n- Agua (H2O)<br \/>\n- Electr\u00f3lisis (una corriente el\u00e9ctrica)<\/p>\n<p>La combinaci\u00f3n de estos tres elementos fue el secreto que dio como resultado esta limpiadora port\u00e1til de gran eficacia: \u00a1la AquaPure!<\/p>\n<p>Con s\u00f3lo agua del grifo (filtrada) y un poco de sal de mesa (o <a href=\"https:\/\/www.alternatievemiddelen.nl\/es\/categoria-de-productos\/alimentos-saludables\/otros-alimentos-saludables\/\">Sal marina celta<\/a>), el AquaPure genera una soluci\u00f3n activa que elimina eficazmente los contaminantes de sus frutas y verduras de forma respetuosa con el medio ambiente.<\/p>\n<p>Esta innovadora f\u00f3rmula descompone la estructura molecular de los contaminantes, transform\u00e1ndolos en sustancias inocuas y no t\u00f3xicas. As\u00ed, cuando los contaminantes se vuelven inofensivos, puede enjuagarlos f\u00e1cilmente.<br \/>\n&nbsp;<\/p>\n<h3>Todas las ventajas del limpiador de pesticidas AquaPure de un vistazo:<\/h3>\n<p>\u2714 Elimina de forma natural hasta 99% de pesticidas y microorganismos (en la superficie de la fruta o verdura)<br \/>\n\u2714 Elimina muchas bacterias, hongos, fertilizantes, par\u00e1sitos, insecticidas, herbicidas, rodenticidas, fungicidas y residuos de pesticidas.<br \/>\n\u2714 Limpia tus frutas y verduras SIN NING\u00daN producto qu\u00edmico agresivo<br \/>\n\u2714 Revela el verdadero sabor de las frutas y verduras, para disfrutar de frutas y verduras m\u00e1s sabrosas.<br \/>\n\u2714 No deja olores ni regustos extra\u00f1os en frutas y verduras<br \/>\n\u2714 Alarga la vida de tus frutas y verduras<\/p>\n<p>El resultado son verduras y frutas perfectamente limpias, libres de productos qu\u00edmicos y g\u00e9rmenes. Con el uso constante del AquaPure, muchos usuarios afirman que les apetecen m\u00e1s frutas y verduras, lo que se traduce en una mejora general de su salud.<\/p>\n<p><b>Resultados de las pruebas de laboratorio<\/b><br \/>\nSe ha demostrado que el AquaPure elimina hasta el 99,9% de pesticidas, bacterias y otras sustancias nocivas (en la superficie) de sus frutas y verduras. Todas las pruebas se realizan en laboratorios de nivel internacional con estrictos protocolos de seguridad. Todos los resultados pueden consultarse en <a href=\"https:\/\/aquapure.co\/pages\/lab-results\" target=\"_blank\" rel=\"noopener\">la p\u00e1gina web de este fabricante<\/a>.<br \/>\n&nbsp;<\/p>\n<h3>C\u00f3mo funciona el limpiador de plaguicidas AquaPure<\/h3>\n<p>El AquaPure utiliza agua del grifo y una peque\u00f1a cantidad de sal (celta) para crear una potente soluci\u00f3n limpiadora que elimina pesticidas, bacterias y otros contaminantes. La soluci\u00f3n ataca los contaminantes de sus frutas y verduras y descompone las mol\u00e9culas para que puedan aclararse f\u00e1cilmente con agua.<\/p>\n<p><b>Electr\u00f3lisis<\/b><br \/>\nLa electr\u00f3lisis es el proceso de utilizar una corriente el\u00e9ctrica para producir un cambio qu\u00edmico. La corriente el\u00e9ctrica se produce por el movimiento de electrones o iones.<\/p>\n<p><b>\u00bfC\u00f3mo utiliza el AquaPure la electr\u00f3lisis?<\/b><br \/>\nEl AquaPure electroliza agua (H2O) que contiene algo de cloruro s\u00f3dico (sal, tambi\u00e9n conocida como NaCI).<br \/>\nEl proceso da: 2NaCl + 2H2O \u2192 2NaOH + H2 + Cl2 (electr\u00f3lisis). Esto significa que se generan dos compuestos \u00fatiles: cloro (CI2, un fuerte agente oxidante y desinfectante ampliamente utilizado) e hidr\u00f3xido de sodio (NaOH).<\/p>\n<p>Se produce NaOH y H2 en el c\u00e1todo y Cl2 en el \u00e1nodo. (Los dos polos que se ven al abrir la tapa del AquaPure).<\/p>\n<p>Adem\u00e1s, el hipoclorito s\u00f3dico (soluci\u00f3n obtenida por reacci\u00f3n del cloro con una soluci\u00f3n de hidr\u00f3xido s\u00f3dico) aparece como producto de la siguiente reacci\u00f3n:<br \/>\n2NaOH + Cl2 \u2192 NaOCl + H2O + NaCl<br \/>\nEsto significa que se genera hipoclorito de sodio (NaOCI, tambi\u00e9n un fuerte oxidante y desinfectante).<br \/>\nTanto el cloro como el hipoclorito s\u00f3dico atacan y descomponen las mol\u00e9culas de los pesticidas.<\/p>\n<p><b>\u00bfPor qu\u00e9 la electr\u00f3lisis elimina las bacterias y los pesticidas de los productos?<\/b><br \/>\nTanto el Cl2 como el NaOCl son potentes agentes oxidantes que atacan a las bacterias y descomponen las mol\u00e9culas de los pesticidas.<\/p>\n<p><b>\u00bfPor qu\u00e9 es necesaria la sal y c\u00f3mo act\u00faa?<\/b><br \/>\nLa sal es cloruro s\u00f3dico. La soluci\u00f3n salina contiene iones de sodio y cloruro (Na+ y Cl-), necesarios para la conductividad el\u00e9ctrica. Como se ha indicado anteriormente, los iones de cloruro tambi\u00e9n ayudan a crear cloro (Cl2), un fuerte oxidante y desinfectante.<br \/>\n&nbsp;<\/p>\n<h3>\u00bfC\u00f3mo se utiliza el AquaPure?<\/h3>\n<p><u>Primer paso<\/u><br \/>\nUtiliza el cable micro-USB suministrado con conector magn\u00e9tico para <b>carga tu AquaPure<\/b>. El indicador LED deja de parpadear cuando est\u00e1 completamente cargada. Una vez cargada por completo, puede utilizarse hasta 30 ciclos antes de volver a recargarse.<\/p>\n<p><u>Paso 2<\/u><br \/>\nLlena un recipiente con agua a temperatura ambiente y a\u00f1ade una pizca de caramelo (1\/8 de cucharadita es suficiente), remueve bien. Pulse el bot\u00f3n del lateral del aparato y <b>sumergirlo en agua durante 5 minutos<\/b> con la fruta y la verdura. Coloque el AquaPure en el centro del recipiente con agua y remueva la fruta y la verdura unas cuantas veces m\u00e1s. Si se trata de un recipiente grande con mucha fruta y verdura, recomendamos realizar 2 \u00f3 3 ciclos para obtener los mejores resultados.<\/p>\n<p><u>Paso 3<\/u><br \/>\nCuando la luz azul se apaga, el ciclo se ha completado y los alimentos est\u00e1n limpios. <b>Enjuaga la fruta y la verdura bajo el grifo durante un rato<\/b> \u00a1antes de disfrutar de sus productos limpios, seguros y deliciosos!<br \/>\n&nbsp;<\/p>\n<h4>M\u00e1s informaci\u00f3n y respuestas a las preguntas m\u00e1s frecuentes<\/h4>\n<p>Para m\u00e1s informaci\u00f3n y respuestas a las preguntas m\u00e1s frecuentes, consulte la p\u00e1gina <a href=\"https:\/\/www.alternatievemiddelen.nl\/es\/preguntas-frecuentes-aquapure\/\">Preguntas frecuentes sobre el limpiador de plaguicidas AquaPure (FAQ)<\/a>.<\/p>","protected":false},"excerpt":{"rendered":"<p>El limpiador de pesticidas AquaPure elimina de forma natural y eficaz 99% de pesticidas y microorganismos. \u00a1Sienta y saboree la diferencia!<\/p>","protected":false},"featured_media":31810,"comment_status":"open","ping_status":"closed","template":"","meta":[],"product_brand":[],"product_cat":[2924,2925],"product_tag":[2926,2927,2928,2929,2930,2931,2932,2933,2934,2935],"merk":[3448],"class_list":{"0":"post-34374","1":"product","2":"type-product","3":"status-publish","4":"has-post-thumbnail","6":"product_cat-duurzame-huishoudelijke-producten","7":"product_cat-aquapure-pesticide-reiniger-voor-groenten-en-fruit","8":"product_tag-aquapure","9":"product_tag-aquapure-pesticiden-reiniger","10":"product_tag-bacterien","11":"product_tag-duurzaam","12":"product_tag-groenten-en-fruit","13":"product_tag-micro-organismen","14":"product_tag-milieuvriendelijk","15":"product_tag-pesticiden","16":"product_tag-pesticiden-reiniger","17":"product_tag-zout","18":"merk-aquapure","20":"first","21":"instock","22":"taxable","23":"shipping-taxable","24":"purchasable","25":"product-type-simple"},"bundled_by":[],"bundle_stock_status":"instock","bundle_stock_quantity":null,"bundle_virtual":false,"bundle_layout":"","bundle_add_to_cart_form_location":"","bundle_editable_in_cart":false,"bundle_sold_individually_context":"","bundle_item_grouping":"","bundle_min_size":"","bundle_max_size":"","bundle_price":[],"bundled_items":[],"bundle_sell_ids":[44176,34378,34379,44982],"yoast_head":"<!-- This site is optimized with the Yoast SEO plugin v26.1 - https:\/\/yoast.com\/wordpress\/plugins\/seo\/ -->\n<title>AquaPure pesticiden reiniger - Alternatievemiddelen.nl<\/title>\n<meta name=\"description\" content=\"De AquaPure pesticiden reiniger elimineert op natuurlijke en effici\u00ebnte wijze 99% van de pesticiden en micro-organismen. Voel en proef het verschil!\" \/>\n<meta name=\"robots\" content=\"index, follow, max-snippet:-1, max-image-preview:large, max-video-preview:-1\" \/>\n<link rel=\"canonical\" href=\"https:\/\/www.alternatievemiddelen.nl\/es\/wp-json\/wp\/v2\/product\/34374\" \/>\n<meta property=\"og:locale\" content=\"es_ES\" \/>\n<meta property=\"og:type\" content=\"article\" \/>\n<meta property=\"og:title\" content=\"AquaPure pesticiden reiniger - Alternatievemiddelen.nl\" \/>\n<meta property=\"og:description\" content=\"De AquaPure pesticiden reiniger elimineert op natuurlijke en effici\u00ebnte wijze 99% van de pesticiden en micro-organismen. Voel en proef het verschil!\" \/>\n<meta property=\"og:url\" content=\"https:\/\/www.alternatievemiddelen.nl\/es\/productos\/limpiador-de-pesticidas-aquapure\/\" \/>\n<meta property=\"og:site_name\" content=\"Alternatievemiddelen.nl\" \/>\n<meta property=\"article:modified_time\" content=\"2026-04-22T01:28:34+00:00\" \/>\n<meta property=\"og:image\" content=\"\/wp-content\/uploads\/2023\/12\/AquaPure-pesticiden-reiniger.jpg\" \/>\n\t<meta property=\"og:image:width\" content=\"1200\" \/>\n\t<meta property=\"og:image:height\" content=\"1600\" \/>\n\t<meta property=\"og:image:type\" content=\"image\/jpeg\" \/>\n<meta name=\"twitter:card\" content=\"summary_large_image\" \/>\n<meta name=\"twitter:label1\" content=\"Tiempo de lectura\" \/>\n\t<meta name=\"twitter:data1\" content=\"5 minutos\" \/>\n<script type=\"application\/ld+json\" class=\"yoast-schema-graph\">{\"@context\":\"https:\/\/schema.org\",\"@graph\":[{\"@type\":[\"WebPage\",\"ItemPage\"],\"@id\":\"https:\/\/www.alternatievemiddelen.nl\/producten\/aquapure-pesticiden-reiniger\/\",\"url\":\"https:\/\/www.alternatievemiddelen.nl\/producten\/aquapure-pesticiden-reiniger\/\",\"name\":\"AquaPure pesticiden reiniger - Alternatievemiddelen.nl\",\"isPartOf\":{\"@id\":\"https:\/\/www.alternatievemiddelen.nl\/#website\"},\"primaryImageOfPage\":{\"@id\":\"https:\/\/www.alternatievemiddelen.nl\/producten\/aquapure-pesticiden-reiniger\/#primaryimage\"},\"image\":{\"@id\":\"https:\/\/www.alternatievemiddelen.nl\/producten\/aquapure-pesticiden-reiniger\/#primaryimage\"},\"thumbnailUrl\":\"https:\/\/www.alternatievemiddelen.nl\/wp-content\/uploads\/2023\/12\/AquaPure-pesticiden-reiniger.jpg\",\"datePublished\":\"2024-02-27T07:21:22+00:00\",\"dateModified\":\"2026-04-22T01:28:34+00:00\",\"description\":\"De AquaPure pesticiden reiniger elimineert op natuurlijke en effici\u00ebnte wijze 99% van de pesticiden en micro-organismen. Voel en proef het verschil!\",\"breadcrumb\":{\"@id\":\"https:\/\/www.alternatievemiddelen.nl\/producten\/aquapure-pesticiden-reiniger\/#breadcrumb\"},\"inLanguage\":\"es\",\"potentialAction\":[{\"@type\":\"ReadAction\",\"target\":[\"https:\/\/www.alternatievemiddelen.nl\/producten\/aquapure-pesticiden-reiniger\/\"]}]},{\"@type\":\"ImageObject\",\"inLanguage\":\"es\",\"@id\":\"https:\/\/www.alternatievemiddelen.nl\/producten\/aquapure-pesticiden-reiniger\/#primaryimage\",\"url\":\"https:\/\/www.alternatievemiddelen.nl\/wp-content\/uploads\/2023\/12\/AquaPure-pesticiden-reiniger.jpg\",\"contentUrl\":\"https:\/\/www.alternatievemiddelen.nl\/wp-content\/uploads\/2023\/12\/AquaPure-pesticiden-reiniger.jpg\",\"width\":1200,\"height\":1600,\"caption\":\"AquaPure pesticiden reiniger\"},{\"@type\":\"BreadcrumbList\",\"@id\":\"https:\/\/www.alternatievemiddelen.nl\/producten\/aquapure-pesticiden-reiniger\/#breadcrumb\",\"itemListElement\":[{\"@type\":\"ListItem\",\"position\":1,\"name\":\"Home\",\"item\":\"https:\/\/www.alternatievemiddelen.nl\/\"},{\"@type\":\"ListItem\",\"position\":2,\"name\":\"Producten\",\"item\":\"https:\/\/www.alternatievemiddelen.nl\/producten\/\"},{\"@type\":\"ListItem\",\"position\":3,\"name\":\"AquaPure pesticiden reiniger\"}]},{\"@type\":\"WebSite\",\"@id\":\"https:\/\/www.alternatievemiddelen.nl\/#website\",\"url\":\"https:\/\/www.alternatievemiddelen.nl\/\",\"name\":\"Alternatievemiddelen.nl\",\"description\":\"Webshop met gezonde, duurzame en ecologische alternatieve mogelijkheden in de hedendaagse levenstijl. Alles uit eigen ervaring.\",\"publisher\":{\"@id\":\"https:\/\/www.alternatievemiddelen.nl\/#organization\"},\"potentialAction\":[{\"@type\":\"SearchAction\",\"target\":{\"@type\":\"EntryPoint\",\"urlTemplate\":\"https:\/\/www.alternatievemiddelen.nl\/?s={search_term_string}\"},\"query-input\":{\"@type\":\"PropertyValueSpecification\",\"valueRequired\":true,\"valueName\":\"search_term_string\"}}],\"inLanguage\":\"es\"},{\"@type\":\"Organization\",\"@id\":\"https:\/\/www.alternatievemiddelen.nl\/#organization\",\"name\":\"Alternatievemiddelen.nl\",\"url\":\"https:\/\/www.alternatievemiddelen.nl\/\",\"logo\":{\"@type\":\"ImageObject\",\"inLanguage\":\"es\",\"@id\":\"https:\/\/www.alternatievemiddelen.nl\/#\/schema\/logo\/image\/\",\"url\":\"https:\/\/www.alternatievemiddelen.nl\/wp-content\/uploads\/2023\/10\/alternatievemiddelen-PNG-logo.png\",\"contentUrl\":\"https:\/\/www.alternatievemiddelen.nl\/wp-content\/uploads\/2023\/10\/alternatievemiddelen-PNG-logo.png\",\"width\":6400,\"height\":3062,\"caption\":\"Alternatievemiddelen.nl\"},\"image\":{\"@id\":\"https:\/\/www.alternatievemiddelen.nl\/#\/schema\/logo\/image\/\"}}]}<\/script>\n<!-- \/ Yoast SEO plugin. -->","yoast_head_json":{"title":"AquaPure pesticiden reiniger - Alternatievemiddelen.nl","description":"De AquaPure pesticiden reiniger elimineert op natuurlijke en effici\u00ebnte wijze 99% van de pesticiden en micro-organismen. Voel en proef het verschil!","robots":{"index":"index","follow":"follow","max-snippet":"max-snippet:-1","max-image-preview":"max-image-preview:large","max-video-preview":"max-video-preview:-1"},"canonical":"https:\/\/www.alternatievemiddelen.nl\/es\/wp-json\/wp\/v2\/product\/34374","og_locale":"es_ES","og_type":"article","og_title":"AquaPure pesticiden reiniger - Alternatievemiddelen.nl","og_description":"De AquaPure pesticiden reiniger elimineert op natuurlijke en effici\u00ebnte wijze 99% van de pesticiden en micro-organismen. Voel en proef het verschil!","og_url":"https:\/\/www.alternatievemiddelen.nl\/es\/productos\/limpiador-de-pesticidas-aquapure\/","og_site_name":"Alternatievemiddelen.nl","article_modified_time":"2026-04-22T01:28:34+00:00","og_image":[{"width":1200,"height":1600,"url":"\/wp-content\/uploads\/2023\/12\/AquaPure-pesticiden-reiniger.jpg","type":"image\/jpeg"}],"twitter_card":"summary_large_image","twitter_misc":{"Tiempo de lectura":"5 minutos"},"schema":{"@context":"https:\/\/schema.org","@graph":[{"@type":["WebPage","ItemPage"],"@id":"https:\/\/www.alternatievemiddelen.nl\/producten\/aquapure-pesticiden-reiniger\/","url":"https:\/\/www.alternatievemiddelen.nl\/producten\/aquapure-pesticiden-reiniger\/","name":"AquaPure pesticiden reiniger - Alternatievemiddelen.nl","isPartOf":{"@id":"https:\/\/www.alternatievemiddelen.nl\/#website"},"primaryImageOfPage":{"@id":"https:\/\/www.alternatievemiddelen.nl\/producten\/aquapure-pesticiden-reiniger\/#primaryimage"},"image":{"@id":"https:\/\/www.alternatievemiddelen.nl\/producten\/aquapure-pesticiden-reiniger\/#primaryimage"},"thumbnailUrl":"https:\/\/www.alternatievemiddelen.nl\/wp-content\/uploads\/2023\/12\/AquaPure-pesticiden-reiniger.jpg","datePublished":"2024-02-27T07:21:22+00:00","dateModified":"2026-04-22T01:28:34+00:00","description":"De AquaPure pesticiden reiniger elimineert op natuurlijke en effici\u00ebnte wijze 99% van de pesticiden en micro-organismen. Voel en proef het verschil!","breadcrumb":{"@id":"https:\/\/www.alternatievemiddelen.nl\/producten\/aquapure-pesticiden-reiniger\/#breadcrumb"},"inLanguage":"es","potentialAction":[{"@type":"ReadAction","target":["https:\/\/www.alternatievemiddelen.nl\/producten\/aquapure-pesticiden-reiniger\/"]}]},{"@type":"ImageObject","inLanguage":"es","@id":"https:\/\/www.alternatievemiddelen.nl\/producten\/aquapure-pesticiden-reiniger\/#primaryimage","url":"https:\/\/www.alternatievemiddelen.nl\/wp-content\/uploads\/2023\/12\/AquaPure-pesticiden-reiniger.jpg","contentUrl":"https:\/\/www.alternatievemiddelen.nl\/wp-content\/uploads\/2023\/12\/AquaPure-pesticiden-reiniger.jpg","width":1200,"height":1600,"caption":"AquaPure pesticiden reiniger"},{"@type":"BreadcrumbList","@id":"https:\/\/www.alternatievemiddelen.nl\/producten\/aquapure-pesticiden-reiniger\/#breadcrumb","itemListElement":[{"@type":"ListItem","position":1,"name":"Home","item":"https:\/\/www.alternatievemiddelen.nl\/"},{"@type":"ListItem","position":2,"name":"Producten","item":"https:\/\/www.alternatievemiddelen.nl\/producten\/"},{"@type":"ListItem","position":3,"name":"AquaPure pesticiden reiniger"}]},{"@type":"WebSite","@id":"https:\/\/www.alternatievemiddelen.nl\/#website","url":"https:\/\/www.alternatievemiddelen.nl\/","name":"Alternatievemiddelen.nl","description":"Webshop met gezonde, duurzame en ecologische alternatieve mogelijkheden in de hedendaagse levenstijl. Alles uit eigen ervaring.","publisher":{"@id":"https:\/\/www.alternatievemiddelen.nl\/#organization"},"potentialAction":[{"@type":"SearchAction","target":{"@type":"EntryPoint","urlTemplate":"https:\/\/www.alternatievemiddelen.nl\/?s={search_term_string}"},"query-input":{"@type":"PropertyValueSpecification","valueRequired":true,"valueName":"search_term_string"}}],"inLanguage":"es"},{"@type":"Organization","@id":"https:\/\/www.alternatievemiddelen.nl\/#organization","name":"Alternatievemiddelen.nl","url":"https:\/\/www.alternatievemiddelen.nl\/","logo":{"@type":"ImageObject","inLanguage":"es","@id":"https:\/\/www.alternatievemiddelen.nl\/#\/schema\/logo\/image\/","url":"https:\/\/www.alternatievemiddelen.nl\/wp-content\/uploads\/2023\/10\/alternatievemiddelen-PNG-logo.png","contentUrl":"https:\/\/www.alternatievemiddelen.nl\/wp-content\/uploads\/2023\/10\/alternatievemiddelen-PNG-logo.png","width":6400,"height":3062,"caption":"Alternatievemiddelen.nl"},"image":{"@id":"https:\/\/www.alternatievemiddelen.nl\/#\/schema\/logo\/image\/"}}]}},"_links":{"self":[{"href":"https:\/\/www.alternatievemiddelen.nl\/es\/wp-json\/wp\/v2\/product\/34374","targetHints":{"allow":["GET"]}}],"collection":[{"href":"https:\/\/www.alternatievemiddelen.nl\/es\/wp-json\/wp\/v2\/product"}],"about":[{"href":"https:\/\/www.alternatievemiddelen.nl\/es\/wp-json\/wp\/v2\/types\/product"}],"replies":[{"embeddable":true,"href":"https:\/\/www.alternatievemiddelen.nl\/es\/wp-json\/wp\/v2\/comments?post=34374"}],"wp:featuredmedia":[{"embeddable":true,"href":"https:\/\/www.alternatievemiddelen.nl\/es\/wp-json\/wp\/v2\/media\/31810"}],"wp:attachment":[{"href":"https:\/\/www.alternatievemiddelen.nl\/es\/wp-json\/wp\/v2\/media?parent=34374"}],"wp:term":[{"taxonomy":"product_brand","embeddable":true,"href":"https:\/\/www.alternatievemiddelen.nl\/es\/wp-json\/wp\/v2\/product_brand?post=34374"},{"taxonomy":"product_cat","embeddable":true,"href":"https:\/\/www.alternatievemiddelen.nl\/es\/wp-json\/wp\/v2\/product_cat?post=34374"},{"taxonomy":"product_tag","embeddable":true,"href":"https:\/\/www.alternatievemiddelen.nl\/es\/wp-json\/wp\/v2\/product_tag?post=34374"},{"taxonomy":"merk","embeddable":true,"href":"https:\/\/www.alternatievemiddelen.nl\/es\/wp-json\/wp\/v2\/merk?post=34374"}],"curies":[{"name":"wp","href":"https:\/\/api.w.org\/{rel}","templated":true}]}}