{"id":34381,"date":"2024-02-27T08:21:23","date_gmt":"2024-02-27T07:21:23","guid":{"rendered":"https:\/\/www.alternatievemiddelen.nl\/?post_type=product&#038;p=34381"},"modified":"2025-06-25T21:03:07","modified_gmt":"2025-06-25T19:03:07","slug":"proone-promax-douchefilter-met-douchekop","status":"publish","type":"product","link":"https:\/\/www.alternatievemiddelen.nl\/es\/productos\/proone-promax-filtro-de-ducha-con-alcachofa\/","title":{"rendered":"ProOne ProMax Filtro de ducha cromado con rociador"},"content":{"rendered":"<p>Filtro de ducha ProOne ProMax - Gracias a la tecnolog\u00eda del filtro ProMax, un sistema de filtraci\u00f3n multietapa, reduce\/elimina una amplia gama de m\u00e1s de 200 contaminantes, incluidos COV, metales pesados, plomo, pesticidas, cloraminas, cloro, fl\u00faor, herbicidas, productos farmac\u00e9uticos y olores. Tambi\u00e9n ayuda a controlar los problemas habituales de acumulaci\u00f3n en la ducha, como la cal, las algas y las bacterias.<\/p>\n<p>El agua de la ducha puede contener tantos contaminantes como el agua potable sin filtrar. Las sustancias qu\u00edmicas del agua de la ducha pueden resecar el pelo y la piel. Peque\u00f1as mejoras pueden mejorar realmente su calidad de vida. Experimente la notable diferencia que este filtro de ducha de alta calidad puede suponer en su vida diaria. Disfrute de un cabello y una piel m\u00e1s suaves, as\u00ed como de la tranquilidad de la seguridad de su agua.<br \/>\n&nbsp;<\/p>\n<h3>Filtro de ducha ProOne ProMax<\/h3>\n<p>D\u00fachese con este filtro de ducha con cabezal de ducha de masaje giratorio (con 5 funciones diferentes) y experim\u00e9ntelo usted mismo. Este filtro cuenta con un proceso de filtraci\u00f3n de 4 etapas que utiliza la nueva tecnolog\u00eda de elementos filtrantes de agua RF y es apto para la conexi\u00f3n de ducha est\u00e1ndar de 1\/2\u2033. Ayuda a proteger su piel de los efectos nocivos de los contaminantes que pueda haber en el agua. <a href=\"https:\/\/www.alternatievemiddelen.nl\/wp-content\/uploads\/2023\/05\/ProOne-ProMax-douchefilter_testrapport.pdf\" target=\"_blank\" rel=\"noopener\">Pruebas de laboratorio independientes<\/a> demuestran que el filtro de ducha ProOne ProMax ayuda a reducir m\u00e1s de 200 contaminantes, incluidos COV, metales pesados, pesticidas, cloraminas, cloro, fl\u00faor, herbicidas, productos farmac\u00e9uticos y olores. Probado seg\u00fan las normas NSF\/ANSI-42 y 53. Tambi\u00e9n ayuda a controlar la cal, las algas y las bacterias. Cada etapa de filtraci\u00f3n utiliza una f\u00f3rmula patentada \u00fanica de discos de espuma microporosaTM infundida dise\u00f1ados para actuar sobre un grupo espec\u00edfico de contaminantes.<br \/>\nEste filtro de ducha ProOne ProMax viene con un cabezal de ducha de masaje giratorio de cinco funciones, est\u00e1 fabricado en pl\u00e1stico ABS y no contiene PBA. Adem\u00e1s, el <a href=\"https:\/\/www.alternatievemiddelen.nl\/es\/productos\/filtro-de-ducha-proone-promax-filtro-de-recambio-2\/\">filtro reemplazable<\/a>.<\/p>\n<p><b><u>Un resumen del filtro de ducha ProOne ProMax:<\/u><\/b><\/p>\n<ul>\n<li>Acabado cromado pulido<\/li>\n<li>Incluye cabezal de ducha de masaje con 5 funciones<\/li>\n<li>Proceso de filtraci\u00f3n en 4 etapas<\/li>\n<li>Elimina m\u00e1s de 200 contaminantes, incluido el fl\u00faor<\/li>\n<li>Ayuda a controlar la cal, las algas y las bacterias<\/li>\n<li>Ver independientes <a href=\"https:\/\/www.alternatievemiddelen.nl\/wp-content\/uploads\/2023\/05\/ProOne-ProMax-douchefilter_testrapport.pdf\" target=\"_blank\" rel=\"noopener\">informe de laboratorio<\/a>Probado seg\u00fan las normas NSF\/ANSI-42 y 53<\/li>\n<li>F\u00e1cil de instalar (el producto viene con un rollo de cinta de tefl\u00f3n)<\/li>\n<li>Vida \u00fatil del filtro de hasta 9 meses<\/li>\n<li>Filtro de recambio: <a href=\"https:\/\/www.alternatievemiddelen.nl\/es\/productos\/filtro-de-ducha-proone-promax-filtro-de-recambio-2\/\">PEPM-RF<\/a><\/li>\n<li>Fabricado en pl\u00e1stico ABS y sin BPA<\/li>\n<li>Adecuado para conexi\u00f3n de ducha est\u00e1ndar de 1\/2\u2033.<\/li>\n<\/ul>\n<p>&nbsp;<\/p>\n<h4>\u00bfQu\u00e9 incluye el filtro de ducha con alcachofa ProOne ProMax?<\/h4>\n<p>El filtro de ducha ProOne ProMax lleva preinstalado un <a href=\"https:\/\/www.alternatievemiddelen.nl\/es\/productos\/filtro-de-ducha-proone-promax-filtro-de-recambio-2\/\">Cartucho filtrante ProMax<\/a> en una carcasa cromada con alcachofa de ducha. En la caja tambi\u00e9n se incluye cinta de tefl\u00f3n y un folleto de instrucciones (en ingl\u00e9s). El filtro de ducha se adapta a la conexi\u00f3n de ducha est\u00e1ndar de 1\/2\u2033. Dimensiones aproximadas: 9 por 23 cm.<br \/>\n&nbsp;<\/p>\n<h4>Instrucciones de instalaci\u00f3n:<\/h4>\n<p>1. Limpie la conexi\u00f3n del grifo o del brazo de ducha (es decir, donde desea conectar el filtro de ducha)<br \/>\n2. Aplique 3 capas de cinta de tefl\u00f3n a la conexi\u00f3n (en el sentido de las agujas del reloj)<br \/>\n3. Aseg\u00farese de que el anillo de goma est\u00e1 en la conexi\u00f3n superior del filtro de la ducha<br \/>\n4. Fije el filtro de ducha al grifo o al brazo de ducha y apri\u00e9telo en el sentido de las agujas del reloj (\u00a1ATENCI\u00d3N! NO lo apriete en exceso).<br \/>\n5. Abra el grifo a la temperatura deseada y coloque la alcachofa de la ducha en la posici\u00f3n deseada.<br \/>\n6. Deja correr el agua durante unos minutos sin ponerte debajo de ella<br \/>\n7. Ya est\u00e1 y puede disfrutar del filtro de ducha ProOne ProMax<\/p>\n<p><b><u>Notas:<\/u><\/b><br \/>\n- Si hay fugas entre las dos carcasas, intente apretarlas. Si esto no ayuda, afloje los alojamientos y compruebe que la junta t\u00f3rica est\u00e1 bien asentada en la ranura. Si es necesario, invierta la junta t\u00f3rica. A continuaci\u00f3n, vuelva a apretar las carcasas correctamente y pruebe de nuevo. Repita estas acciones hasta que desaparezca la fuga.<br \/>\n- Sustituya el <a href=\"https:\/\/www.alternatievemiddelen.nl\/es\/productos\/filtro-de-ducha-proone-promax-filtro-de-recambio-2\/\">filtro de repuesto<\/a> entre 6 y 9 meses.<\/p>","protected":false},"excerpt":{"rendered":"<p>El filtro de ducha con alcachofa ProOne ProMax reduce\/elimina m\u00e1s de 200 contaminantes (incluidos el cloro y el fl\u00faor). \u00a1Experimente un cabello y una piel m\u00e1s suaves!<\/p>","protected":false},"featured_media":31739,"comment_status":"open","ping_status":"closed","template":"","meta":[],"product_brand":[],"product_cat":[2971,2887],"product_tag":[2962,2888,2963,2964,3324,3232,3325,2965,2966,2967,2968,2969,2885,2970],"merk":[3449],"class_list":{"0":"post-34381","1":"product","2":"type-product","3":"status-publish","4":"has-post-thumbnail","6":"product_cat-waterfilters","7":"product_cat-douchefilters","8":"product_tag-chloorvrij","9":"product_tag-douche","10":"product_tag-douchefilter","11":"product_tag-filter","12":"product_tag-promax","13":"product_tag-proone","14":"product_tag-proone-promax","15":"product_tag-reuk","16":"product_tag-schimmels","17":"product_tag-schoon","18":"product_tag-vermindering","19":"product_tag-vuil","20":"product_tag-water","21":"product_tag-zuivering","22":"merk-proone","24":"first","25":"outofstock","26":"taxable","27":"shipping-taxable","28":"purchasable","29":"product-type-simple"},"bundled_by":[],"bundle_stock_status":"outofstock","bundle_stock_quantity":0,"bundle_virtual":false,"bundle_layout":"","bundle_add_to_cart_form_location":"","bundle_editable_in_cart":false,"bundle_sold_individually_context":"","bundle_item_grouping":"","bundle_min_size":"","bundle_max_size":"","bundle_price":[],"bundled_items":[],"bundle_sell_ids":[44176,34419],"yoast_head":"<!-- This site is optimized with the Yoast SEO plugin v26.1 - https:\/\/yoast.com\/wordpress\/plugins\/seo\/ -->\n<title>ProOne ProMax Douchefilter chroom met douchekop - Alternatievemiddelen.nl<\/title>\n<meta name=\"description\" content=\"De ProOne ProMax Douchefilter met douchekop vermindert\/verwijdert meer dan 200 verontreinigingen (o.a. chloor en fluoride). Ervaar zachter haar en een zachtere huid!\" \/>\n<meta name=\"robots\" content=\"index, follow, max-snippet:-1, max-image-preview:large, max-video-preview:-1\" \/>\n<link rel=\"canonical\" href=\"https:\/\/www.alternatievemiddelen.nl\/es\/wp-json\/wp\/v2\/product\/34381\" \/>\n<meta property=\"og:locale\" content=\"es_ES\" \/>\n<meta property=\"og:type\" content=\"article\" \/>\n<meta property=\"og:title\" content=\"ProOne ProMax Douchefilter chroom met douchekop - Alternatievemiddelen.nl\" \/>\n<meta property=\"og:description\" content=\"De ProOne ProMax Douchefilter met douchekop vermindert\/verwijdert meer dan 200 verontreinigingen (o.a. chloor en fluoride). Ervaar zachter haar en een zachtere huid!\" \/>\n<meta property=\"og:url\" content=\"https:\/\/www.alternatievemiddelen.nl\/es\/productos\/proone-promax-filtro-de-ducha-con-alcachofa\/\" \/>\n<meta property=\"og:site_name\" content=\"Alternatievemiddelen.nl\" \/>\n<meta property=\"article:modified_time\" content=\"2025-06-25T19:03:07+00:00\" \/>\n<meta property=\"og:image\" content=\"\/wp-content\/uploads\/2023\/12\/ProOne-ProMax-Douchefilter-met-douchekop.jpg\" \/>\n\t<meta property=\"og:image:width\" content=\"600\" \/>\n\t<meta property=\"og:image:height\" content=\"800\" \/>\n\t<meta property=\"og:image:type\" content=\"image\/jpeg\" \/>\n<meta name=\"twitter:card\" content=\"summary_large_image\" \/>\n<meta name=\"twitter:label1\" content=\"Tiempo de lectura\" \/>\n\t<meta name=\"twitter:data1\" content=\"4 minutos\" \/>\n<script type=\"application\/ld+json\" class=\"yoast-schema-graph\">{\"@context\":\"https:\/\/schema.org\",\"@graph\":[{\"@type\":[\"WebPage\",\"ItemPage\"],\"@id\":\"https:\/\/www.alternatievemiddelen.nl\/producten\/proone-promax-douchefilter-met-douchekop\/\",\"url\":\"https:\/\/www.alternatievemiddelen.nl\/producten\/proone-promax-douchefilter-met-douchekop\/\",\"name\":\"ProOne ProMax Douchefilter chroom met douchekop - Alternatievemiddelen.nl\",\"isPartOf\":{\"@id\":\"https:\/\/www.alternatievemiddelen.nl\/#website\"},\"primaryImageOfPage\":{\"@id\":\"https:\/\/www.alternatievemiddelen.nl\/producten\/proone-promax-douchefilter-met-douchekop\/#primaryimage\"},\"image\":{\"@id\":\"https:\/\/www.alternatievemiddelen.nl\/producten\/proone-promax-douchefilter-met-douchekop\/#primaryimage\"},\"thumbnailUrl\":\"https:\/\/www.alternatievemiddelen.nl\/wp-content\/uploads\/2023\/12\/ProOne-ProMax-Douchefilter-met-douchekop.jpg\",\"datePublished\":\"2024-02-27T07:21:23+00:00\",\"dateModified\":\"2025-06-25T19:03:07+00:00\",\"description\":\"De ProOne ProMax Douchefilter met douchekop vermindert\/verwijdert meer dan 200 verontreinigingen (o.a. chloor en fluoride). Ervaar zachter haar en een zachtere huid!\",\"breadcrumb\":{\"@id\":\"https:\/\/www.alternatievemiddelen.nl\/producten\/proone-promax-douchefilter-met-douchekop\/#breadcrumb\"},\"inLanguage\":\"es\",\"potentialAction\":[{\"@type\":\"ReadAction\",\"target\":[\"https:\/\/www.alternatievemiddelen.nl\/producten\/proone-promax-douchefilter-met-douchekop\/\"]}]},{\"@type\":\"ImageObject\",\"inLanguage\":\"es\",\"@id\":\"https:\/\/www.alternatievemiddelen.nl\/producten\/proone-promax-douchefilter-met-douchekop\/#primaryimage\",\"url\":\"https:\/\/www.alternatievemiddelen.nl\/wp-content\/uploads\/2023\/12\/ProOne-ProMax-Douchefilter-met-douchekop.jpg\",\"contentUrl\":\"https:\/\/www.alternatievemiddelen.nl\/wp-content\/uploads\/2023\/12\/ProOne-ProMax-Douchefilter-met-douchekop.jpg\",\"width\":600,\"height\":800,\"caption\":\"ProOne ProMax Douchefilter en douchekop\"},{\"@type\":\"BreadcrumbList\",\"@id\":\"https:\/\/www.alternatievemiddelen.nl\/producten\/proone-promax-douchefilter-met-douchekop\/#breadcrumb\",\"itemListElement\":[{\"@type\":\"ListItem\",\"position\":1,\"name\":\"Home\",\"item\":\"https:\/\/www.alternatievemiddelen.nl\/\"},{\"@type\":\"ListItem\",\"position\":2,\"name\":\"Producten\",\"item\":\"https:\/\/www.alternatievemiddelen.nl\/producten\/\"},{\"@type\":\"ListItem\",\"position\":3,\"name\":\"ProOne ProMax Douchefilter chroom met douchekop\"}]},{\"@type\":\"WebSite\",\"@id\":\"https:\/\/www.alternatievemiddelen.nl\/#website\",\"url\":\"https:\/\/www.alternatievemiddelen.nl\/\",\"name\":\"Alternatievemiddelen.nl\",\"description\":\"Webshop met gezonde, duurzame en ecologische alternatieve mogelijkheden in de hedendaagse levenstijl. Alles uit eigen ervaring.\",\"publisher\":{\"@id\":\"https:\/\/www.alternatievemiddelen.nl\/#organization\"},\"potentialAction\":[{\"@type\":\"SearchAction\",\"target\":{\"@type\":\"EntryPoint\",\"urlTemplate\":\"https:\/\/www.alternatievemiddelen.nl\/?s={search_term_string}\"},\"query-input\":{\"@type\":\"PropertyValueSpecification\",\"valueRequired\":true,\"valueName\":\"search_term_string\"}}],\"inLanguage\":\"es\"},{\"@type\":\"Organization\",\"@id\":\"https:\/\/www.alternatievemiddelen.nl\/#organization\",\"name\":\"Alternatievemiddelen.nl\",\"url\":\"https:\/\/www.alternatievemiddelen.nl\/\",\"logo\":{\"@type\":\"ImageObject\",\"inLanguage\":\"es\",\"@id\":\"https:\/\/www.alternatievemiddelen.nl\/#\/schema\/logo\/image\/\",\"url\":\"https:\/\/www.alternatievemiddelen.nl\/wp-content\/uploads\/2023\/10\/alternatievemiddelen-PNG-logo.png\",\"contentUrl\":\"https:\/\/www.alternatievemiddelen.nl\/wp-content\/uploads\/2023\/10\/alternatievemiddelen-PNG-logo.png\",\"width\":6400,\"height\":3062,\"caption\":\"Alternatievemiddelen.nl\"},\"image\":{\"@id\":\"https:\/\/www.alternatievemiddelen.nl\/#\/schema\/logo\/image\/\"}}]}<\/script>\n<!-- \/ Yoast SEO plugin. -->","yoast_head_json":{"title":"ProOne ProMax Douchefilter chroom met douchekop - Alternatievemiddelen.nl","description":"De ProOne ProMax Douchefilter met douchekop vermindert\/verwijdert meer dan 200 verontreinigingen (o.a. chloor en fluoride). Ervaar zachter haar en een zachtere huid!","robots":{"index":"index","follow":"follow","max-snippet":"max-snippet:-1","max-image-preview":"max-image-preview:large","max-video-preview":"max-video-preview:-1"},"canonical":"https:\/\/www.alternatievemiddelen.nl\/es\/wp-json\/wp\/v2\/product\/34381","og_locale":"es_ES","og_type":"article","og_title":"ProOne ProMax Douchefilter chroom met douchekop - Alternatievemiddelen.nl","og_description":"De ProOne ProMax Douchefilter met douchekop vermindert\/verwijdert meer dan 200 verontreinigingen (o.a. chloor en fluoride). Ervaar zachter haar en een zachtere huid!","og_url":"https:\/\/www.alternatievemiddelen.nl\/es\/productos\/proone-promax-filtro-de-ducha-con-alcachofa\/","og_site_name":"Alternatievemiddelen.nl","article_modified_time":"2025-06-25T19:03:07+00:00","og_image":[{"width":600,"height":800,"url":"\/wp-content\/uploads\/2023\/12\/ProOne-ProMax-Douchefilter-met-douchekop.jpg","type":"image\/jpeg"}],"twitter_card":"summary_large_image","twitter_misc":{"Tiempo de lectura":"4 minutos"},"schema":{"@context":"https:\/\/schema.org","@graph":[{"@type":["WebPage","ItemPage"],"@id":"https:\/\/www.alternatievemiddelen.nl\/producten\/proone-promax-douchefilter-met-douchekop\/","url":"https:\/\/www.alternatievemiddelen.nl\/producten\/proone-promax-douchefilter-met-douchekop\/","name":"ProOne ProMax Douchefilter chroom met douchekop - Alternatievemiddelen.nl","isPartOf":{"@id":"https:\/\/www.alternatievemiddelen.nl\/#website"},"primaryImageOfPage":{"@id":"https:\/\/www.alternatievemiddelen.nl\/producten\/proone-promax-douchefilter-met-douchekop\/#primaryimage"},"image":{"@id":"https:\/\/www.alternatievemiddelen.nl\/producten\/proone-promax-douchefilter-met-douchekop\/#primaryimage"},"thumbnailUrl":"https:\/\/www.alternatievemiddelen.nl\/wp-content\/uploads\/2023\/12\/ProOne-ProMax-Douchefilter-met-douchekop.jpg","datePublished":"2024-02-27T07:21:23+00:00","dateModified":"2025-06-25T19:03:07+00:00","description":"De ProOne ProMax Douchefilter met douchekop vermindert\/verwijdert meer dan 200 verontreinigingen (o.a. chloor en fluoride). Ervaar zachter haar en een zachtere huid!","breadcrumb":{"@id":"https:\/\/www.alternatievemiddelen.nl\/producten\/proone-promax-douchefilter-met-douchekop\/#breadcrumb"},"inLanguage":"es","potentialAction":[{"@type":"ReadAction","target":["https:\/\/www.alternatievemiddelen.nl\/producten\/proone-promax-douchefilter-met-douchekop\/"]}]},{"@type":"ImageObject","inLanguage":"es","@id":"https:\/\/www.alternatievemiddelen.nl\/producten\/proone-promax-douchefilter-met-douchekop\/#primaryimage","url":"https:\/\/www.alternatievemiddelen.nl\/wp-content\/uploads\/2023\/12\/ProOne-ProMax-Douchefilter-met-douchekop.jpg","contentUrl":"https:\/\/www.alternatievemiddelen.nl\/wp-content\/uploads\/2023\/12\/ProOne-ProMax-Douchefilter-met-douchekop.jpg","width":600,"height":800,"caption":"ProOne ProMax Douchefilter en douchekop"},{"@type":"BreadcrumbList","@id":"https:\/\/www.alternatievemiddelen.nl\/producten\/proone-promax-douchefilter-met-douchekop\/#breadcrumb","itemListElement":[{"@type":"ListItem","position":1,"name":"Home","item":"https:\/\/www.alternatievemiddelen.nl\/"},{"@type":"ListItem","position":2,"name":"Producten","item":"https:\/\/www.alternatievemiddelen.nl\/producten\/"},{"@type":"ListItem","position":3,"name":"ProOne ProMax Douchefilter chroom met douchekop"}]},{"@type":"WebSite","@id":"https:\/\/www.alternatievemiddelen.nl\/#website","url":"https:\/\/www.alternatievemiddelen.nl\/","name":"Alternatievemiddelen.nl","description":"Webshop met gezonde, duurzame en ecologische alternatieve mogelijkheden in de hedendaagse levenstijl. Alles uit eigen ervaring.","publisher":{"@id":"https:\/\/www.alternatievemiddelen.nl\/#organization"},"potentialAction":[{"@type":"SearchAction","target":{"@type":"EntryPoint","urlTemplate":"https:\/\/www.alternatievemiddelen.nl\/?s={search_term_string}"},"query-input":{"@type":"PropertyValueSpecification","valueRequired":true,"valueName":"search_term_string"}}],"inLanguage":"es"},{"@type":"Organization","@id":"https:\/\/www.alternatievemiddelen.nl\/#organization","name":"Alternatievemiddelen.nl","url":"https:\/\/www.alternatievemiddelen.nl\/","logo":{"@type":"ImageObject","inLanguage":"es","@id":"https:\/\/www.alternatievemiddelen.nl\/#\/schema\/logo\/image\/","url":"https:\/\/www.alternatievemiddelen.nl\/wp-content\/uploads\/2023\/10\/alternatievemiddelen-PNG-logo.png","contentUrl":"https:\/\/www.alternatievemiddelen.nl\/wp-content\/uploads\/2023\/10\/alternatievemiddelen-PNG-logo.png","width":6400,"height":3062,"caption":"Alternatievemiddelen.nl"},"image":{"@id":"https:\/\/www.alternatievemiddelen.nl\/#\/schema\/logo\/image\/"}}]}},"_links":{"self":[{"href":"https:\/\/www.alternatievemiddelen.nl\/es\/wp-json\/wp\/v2\/product\/34381","targetHints":{"allow":["GET"]}}],"collection":[{"href":"https:\/\/www.alternatievemiddelen.nl\/es\/wp-json\/wp\/v2\/product"}],"about":[{"href":"https:\/\/www.alternatievemiddelen.nl\/es\/wp-json\/wp\/v2\/types\/product"}],"replies":[{"embeddable":true,"href":"https:\/\/www.alternatievemiddelen.nl\/es\/wp-json\/wp\/v2\/comments?post=34381"}],"wp:featuredmedia":[{"embeddable":true,"href":"https:\/\/www.alternatievemiddelen.nl\/es\/wp-json\/wp\/v2\/media\/31739"}],"wp:attachment":[{"href":"https:\/\/www.alternatievemiddelen.nl\/es\/wp-json\/wp\/v2\/media?parent=34381"}],"wp:term":[{"taxonomy":"product_brand","embeddable":true,"href":"https:\/\/www.alternatievemiddelen.nl\/es\/wp-json\/wp\/v2\/product_brand?post=34381"},{"taxonomy":"product_cat","embeddable":true,"href":"https:\/\/www.alternatievemiddelen.nl\/es\/wp-json\/wp\/v2\/product_cat?post=34381"},{"taxonomy":"product_tag","embeddable":true,"href":"https:\/\/www.alternatievemiddelen.nl\/es\/wp-json\/wp\/v2\/product_tag?post=34381"},{"taxonomy":"merk","embeddable":true,"href":"https:\/\/www.alternatievemiddelen.nl\/es\/wp-json\/wp\/v2\/merk?post=34381"}],"curies":[{"name":"wp","href":"https:\/\/api.w.org\/{rel}","templated":true}]}}