{"id":34395,"date":"2024-02-27T08:21:31","date_gmt":"2024-02-27T07:21:31","guid":{"rendered":"https:\/\/www.alternatievemiddelen.nl\/?post_type=product&#038;p=34395"},"modified":"2025-04-28T08:11:57","modified_gmt":"2025-04-28T06:11:57","slug":"zechsal-magnesium-voetbadzout-in-pot-750-gr","status":"publish","type":"product","link":"https:\/\/www.alternatievemiddelen.nl\/es\/productos\/zechsal-sales-de-magnesio-para-pediluvio-en-tarro-750-gr\/","title":{"rendered":"Zechsal Sal de magnesio para pediluvio en tarro 750 g"},"content":{"rendered":"<p><u><b>Zechsal Sal de magnesio para ba\u00f1o de pies en tarro de 750 gr proporciona:<\/b><\/u><br \/>\n- Relajaci\u00f3n natural<br \/>\n- M\u00fasculos y articulaciones flexibles<br \/>\n- Buenas noches<br \/>\n- Eficaz para los problemas cut\u00e1neos<br \/>\n- Absorci\u00f3n cut\u00e1nea<\/p>\n<h4>Ingredientes Zechsal Magnesio sal de ba\u00f1o para pies en tarro 750 gr<\/h4>\n<p>47% cloruro de magnesio, agua cristalina.<\/p>\n<h4>Utilice<\/h4>\n<p>Para un ba\u00f1o de pies, utilice 125 gramos (3 veces un pu\u00f1ado) de cristales de magnesio en 4 litros de agua. La temperatura del agua recomendada es de 37 grados C. Espolvoree los cristales en la ba\u00f1era. Se disolver\u00e1n r\u00e1pidamente. Los amantes de las fragancias pueden a\u00f1adir unas gotas de aceite esencial. Al cabo de unos 20 minutos, los pies estar\u00e1n suaves y tersos. Su piel estar\u00e1 agradablemente flexible y podr\u00e1 disfrutar del doble efecto: la absorci\u00f3n de magnesio le har\u00e1 sentirse relajado y dormir\u00e1 profundamente.<\/p>\n<p>Cerrar bien el envase despu\u00e9s de su uso.<br \/>\nEl producto atrae el agua.<\/p>","protected":false},"excerpt":{"rendered":"<p>Zechsal Sal de magnesio para ba\u00f1o de pies en tarro (750gr) para una relajaci\u00f3n natural, m\u00fasculos y articulaciones flexibles, buen sue\u00f1o y eficaz para los problemas de la piel.<\/p>","protected":false},"featured_media":31691,"comment_status":"open","ping_status":"closed","template":"","meta":[],"product_brand":[],"product_cat":[2938],"product_tag":[3421,3422,3423,3424,3425,3426,3427,3428,3429,3430],"merk":[3443],"class_list":{"0":"post-34395","1":"product","2":"type-product","3":"status-publish","4":"has-post-thumbnail","6":"product_cat-vitamines-mineralen-en-supplementen","7":"product_tag-effectief-bij-huidproblemen","8":"product_tag-goede-nachtrust","9":"product_tag-magnesium","10":"product_tag-natuurlijke-ontspanning","11":"product_tag-ontspanning","12":"product_tag-soepele-spieren-en-gewrichten","13":"product_tag-voetbadzout","14":"product_tag-zechsal","15":"product_tag-zechsal-magnesium","16":"product_tag-zechsal-magnesium-voetbadzout","17":"merk-zechsal","19":"first","20":"instock","21":"taxable","22":"shipping-taxable","23":"purchasable","24":"product-type-simple"},"bundled_by":[],"bundle_stock_status":"instock","bundle_stock_quantity":null,"bundle_virtual":false,"bundle_layout":"","bundle_add_to_cart_form_location":"","bundle_editable_in_cart":false,"bundle_sold_individually_context":"","bundle_item_grouping":"","bundle_min_size":"","bundle_max_size":"","bundle_price":[],"bundled_items":[],"bundle_sell_ids":[],"yoast_head":"<!-- This site is optimized with the Yoast SEO plugin v26.1 - https:\/\/yoast.com\/wordpress\/plugins\/seo\/ -->\n<title>Zechsal Magnesium voetbadzout in pot 750 gr - Alternatievemiddelen.nl<\/title>\n<meta name=\"description\" content=\"Zechsal Magnesium voetbadzout in pot (750gr) voor natuurlijke ontspanning, soepele spieren en gewrichten, goede nachtrust en effectief bij huidproblemen.\" \/>\n<meta name=\"robots\" content=\"noindex, follow\" \/>\n<meta property=\"og:locale\" content=\"es_ES\" \/>\n<meta property=\"og:type\" content=\"article\" \/>\n<meta property=\"og:title\" content=\"Zechsal Magnesium voetbadzout in pot 750 gr - Alternatievemiddelen.nl\" \/>\n<meta property=\"og:description\" content=\"Zechsal Magnesium voetbadzout in pot (750gr) voor natuurlijke ontspanning, soepele spieren en gewrichten, goede nachtrust en effectief bij huidproblemen.\" \/>\n<meta property=\"og:url\" content=\"https:\/\/www.alternatievemiddelen.nl\/es\/productos\/zechsal-sales-de-magnesio-para-pediluvio-en-tarro-750-gr\/\" \/>\n<meta property=\"og:site_name\" content=\"Alternatievemiddelen.nl\" \/>\n<meta property=\"article:publisher\" content=\"https:\/\/www.facebook.com\/alternatievemiddelen\" \/>\n<meta property=\"article:modified_time\" content=\"2025-04-28T06:11:57+00:00\" \/>\n<meta property=\"og:image\" content=\"\/wp-content\/uploads\/2023\/12\/Zechsal-Magnesium-voetbadzout-in-pot.jpg\" \/>\n\t<meta property=\"og:image:width\" content=\"600\" \/>\n\t<meta property=\"og:image:height\" content=\"800\" \/>\n\t<meta property=\"og:image:type\" content=\"image\/jpeg\" \/>\n<meta name=\"twitter:card\" content=\"summary_large_image\" \/>\n<meta name=\"twitter:label1\" content=\"Tiempo de lectura\" \/>\n\t<meta name=\"twitter:data1\" content=\"1 minuto\" \/>\n<script type=\"application\/ld+json\" class=\"yoast-schema-graph\">{\"@context\":\"https:\/\/schema.org\",\"@graph\":[{\"@type\":[\"WebPage\",\"ItemPage\"],\"@id\":\"https:\/\/www.alternatievemiddelen.nl\/producten\/zechsal-magnesium-voetbadzout-in-pot-750-gr\/\",\"url\":\"https:\/\/www.alternatievemiddelen.nl\/producten\/zechsal-magnesium-voetbadzout-in-pot-750-gr\/\",\"name\":\"Zechsal Magnesium voetbadzout in pot 750 gr - Alternatievemiddelen.nl\",\"isPartOf\":{\"@id\":\"https:\/\/www.alternatievemiddelen.nl\/#website\"},\"primaryImageOfPage\":{\"@id\":\"https:\/\/www.alternatievemiddelen.nl\/producten\/zechsal-magnesium-voetbadzout-in-pot-750-gr\/#primaryimage\"},\"image\":{\"@id\":\"https:\/\/www.alternatievemiddelen.nl\/producten\/zechsal-magnesium-voetbadzout-in-pot-750-gr\/#primaryimage\"},\"thumbnailUrl\":\"https:\/\/www.alternatievemiddelen.nl\/wp-content\/uploads\/2023\/12\/Zechsal-Magnesium-voetbadzout-in-pot.jpg\",\"datePublished\":\"2024-02-27T07:21:31+00:00\",\"dateModified\":\"2025-04-28T06:11:57+00:00\",\"description\":\"Zechsal Magnesium voetbadzout in pot (750gr) voor natuurlijke ontspanning, soepele spieren en gewrichten, goede nachtrust en effectief bij huidproblemen.\",\"breadcrumb\":{\"@id\":\"https:\/\/www.alternatievemiddelen.nl\/producten\/zechsal-magnesium-voetbadzout-in-pot-750-gr\/#breadcrumb\"},\"inLanguage\":\"es\",\"potentialAction\":[{\"@type\":\"ReadAction\",\"target\":[\"https:\/\/www.alternatievemiddelen.nl\/producten\/zechsal-magnesium-voetbadzout-in-pot-750-gr\/\"]}]},{\"@type\":\"ImageObject\",\"inLanguage\":\"es\",\"@id\":\"https:\/\/www.alternatievemiddelen.nl\/producten\/zechsal-magnesium-voetbadzout-in-pot-750-gr\/#primaryimage\",\"url\":\"https:\/\/www.alternatievemiddelen.nl\/wp-content\/uploads\/2023\/12\/Zechsal-Magnesium-voetbadzout-in-pot.jpg\",\"contentUrl\":\"https:\/\/www.alternatievemiddelen.nl\/wp-content\/uploads\/2023\/12\/Zechsal-Magnesium-voetbadzout-in-pot.jpg\",\"width\":600,\"height\":800,\"caption\":\"pot pure magnesium voor voetenbad, Zechsal\"},{\"@type\":\"BreadcrumbList\",\"@id\":\"https:\/\/www.alternatievemiddelen.nl\/producten\/zechsal-magnesium-voetbadzout-in-pot-750-gr\/#breadcrumb\",\"itemListElement\":[{\"@type\":\"ListItem\",\"position\":1,\"name\":\"Home\",\"item\":\"https:\/\/www.alternatievemiddelen.nl\/\"},{\"@type\":\"ListItem\",\"position\":2,\"name\":\"Producten\",\"item\":\"https:\/\/www.alternatievemiddelen.nl\/producten\/\"},{\"@type\":\"ListItem\",\"position\":3,\"name\":\"Zechsal Magnesium voetbadzout in pot 750 gr\"}]},{\"@type\":\"WebSite\",\"@id\":\"https:\/\/www.alternatievemiddelen.nl\/#website\",\"url\":\"https:\/\/www.alternatievemiddelen.nl\/\",\"name\":\"Alternatievemiddelen.nl\",\"description\":\"Webshop met gezonde, duurzame en ecologische alternatieve mogelijkheden in de hedendaagse levenstijl. Alles uit eigen ervaring.\",\"publisher\":{\"@id\":\"https:\/\/www.alternatievemiddelen.nl\/#organization\"},\"alternateName\":\"Alternatieve Middelen\",\"potentialAction\":[{\"@type\":\"SearchAction\",\"target\":{\"@type\":\"EntryPoint\",\"urlTemplate\":\"https:\/\/www.alternatievemiddelen.nl\/?s={search_term_string}\"},\"query-input\":{\"@type\":\"PropertyValueSpecification\",\"valueRequired\":true,\"valueName\":\"search_term_string\"}}],\"inLanguage\":\"es\"},{\"@type\":\"Organization\",\"@id\":\"https:\/\/www.alternatievemiddelen.nl\/#organization\",\"name\":\"Alternatievemiddelen.nl\",\"alternateName\":\"Alternatieve Middelen\",\"url\":\"https:\/\/www.alternatievemiddelen.nl\/\",\"logo\":{\"@type\":\"ImageObject\",\"inLanguage\":\"es\",\"@id\":\"https:\/\/www.alternatievemiddelen.nl\/#\/schema\/logo\/image\/\",\"url\":\"https:\/\/www.alternatievemiddelen.nl\/wp-content\/uploads\/2023\/10\/alternatievemiddelen-PNG-logo.png\",\"contentUrl\":\"https:\/\/www.alternatievemiddelen.nl\/wp-content\/uploads\/2023\/10\/alternatievemiddelen-PNG-logo.png\",\"width\":6400,\"height\":3062,\"caption\":\"Alternatievemiddelen.nl\"},\"image\":{\"@id\":\"https:\/\/www.alternatievemiddelen.nl\/#\/schema\/logo\/image\/\"},\"sameAs\":[\"https:\/\/www.facebook.com\/alternatievemiddelen\",\"https:\/\/www.instagram.com\/alternatievemiddelen.nl\/\"]}]}<\/script>\n<!-- \/ Yoast SEO plugin. -->","yoast_head_json":{"title":"Zechsal Magnesium voetbadzout in pot 750 gr - Alternatievemiddelen.nl","description":"Zechsal Magnesium voetbadzout in pot (750gr) voor natuurlijke ontspanning, soepele spieren en gewrichten, goede nachtrust en effectief bij huidproblemen.","robots":{"index":"noindex","follow":"follow"},"og_locale":"es_ES","og_type":"article","og_title":"Zechsal Magnesium voetbadzout in pot 750 gr - Alternatievemiddelen.nl","og_description":"Zechsal Magnesium voetbadzout in pot (750gr) voor natuurlijke ontspanning, soepele spieren en gewrichten, goede nachtrust en effectief bij huidproblemen.","og_url":"https:\/\/www.alternatievemiddelen.nl\/es\/productos\/zechsal-sales-de-magnesio-para-pediluvio-en-tarro-750-gr\/","og_site_name":"Alternatievemiddelen.nl","article_publisher":"https:\/\/www.facebook.com\/alternatievemiddelen","article_modified_time":"2025-04-28T06:11:57+00:00","og_image":[{"width":600,"height":800,"url":"\/wp-content\/uploads\/2023\/12\/Zechsal-Magnesium-voetbadzout-in-pot.jpg","type":"image\/jpeg"}],"twitter_card":"summary_large_image","twitter_misc":{"Tiempo de lectura":"1 minuto"},"schema":{"@context":"https:\/\/schema.org","@graph":[{"@type":["WebPage","ItemPage"],"@id":"https:\/\/www.alternatievemiddelen.nl\/producten\/zechsal-magnesium-voetbadzout-in-pot-750-gr\/","url":"https:\/\/www.alternatievemiddelen.nl\/producten\/zechsal-magnesium-voetbadzout-in-pot-750-gr\/","name":"Zechsal Magnesium voetbadzout in pot 750 gr - Alternatievemiddelen.nl","isPartOf":{"@id":"https:\/\/www.alternatievemiddelen.nl\/#website"},"primaryImageOfPage":{"@id":"https:\/\/www.alternatievemiddelen.nl\/producten\/zechsal-magnesium-voetbadzout-in-pot-750-gr\/#primaryimage"},"image":{"@id":"https:\/\/www.alternatievemiddelen.nl\/producten\/zechsal-magnesium-voetbadzout-in-pot-750-gr\/#primaryimage"},"thumbnailUrl":"https:\/\/www.alternatievemiddelen.nl\/wp-content\/uploads\/2023\/12\/Zechsal-Magnesium-voetbadzout-in-pot.jpg","datePublished":"2024-02-27T07:21:31+00:00","dateModified":"2025-04-28T06:11:57+00:00","description":"Zechsal Magnesium voetbadzout in pot (750gr) voor natuurlijke ontspanning, soepele spieren en gewrichten, goede nachtrust en effectief bij huidproblemen.","breadcrumb":{"@id":"https:\/\/www.alternatievemiddelen.nl\/producten\/zechsal-magnesium-voetbadzout-in-pot-750-gr\/#breadcrumb"},"inLanguage":"es","potentialAction":[{"@type":"ReadAction","target":["https:\/\/www.alternatievemiddelen.nl\/producten\/zechsal-magnesium-voetbadzout-in-pot-750-gr\/"]}]},{"@type":"ImageObject","inLanguage":"es","@id":"https:\/\/www.alternatievemiddelen.nl\/producten\/zechsal-magnesium-voetbadzout-in-pot-750-gr\/#primaryimage","url":"https:\/\/www.alternatievemiddelen.nl\/wp-content\/uploads\/2023\/12\/Zechsal-Magnesium-voetbadzout-in-pot.jpg","contentUrl":"https:\/\/www.alternatievemiddelen.nl\/wp-content\/uploads\/2023\/12\/Zechsal-Magnesium-voetbadzout-in-pot.jpg","width":600,"height":800,"caption":"pot pure magnesium voor voetenbad, Zechsal"},{"@type":"BreadcrumbList","@id":"https:\/\/www.alternatievemiddelen.nl\/producten\/zechsal-magnesium-voetbadzout-in-pot-750-gr\/#breadcrumb","itemListElement":[{"@type":"ListItem","position":1,"name":"Home","item":"https:\/\/www.alternatievemiddelen.nl\/"},{"@type":"ListItem","position":2,"name":"Producten","item":"https:\/\/www.alternatievemiddelen.nl\/producten\/"},{"@type":"ListItem","position":3,"name":"Zechsal Magnesium voetbadzout in pot 750 gr"}]},{"@type":"WebSite","@id":"https:\/\/www.alternatievemiddelen.nl\/#website","url":"https:\/\/www.alternatievemiddelen.nl\/","name":"Alternatievemiddelen.nl","description":"Webshop met gezonde, duurzame en ecologische alternatieve mogelijkheden in de hedendaagse levenstijl. Alles uit eigen ervaring.","publisher":{"@id":"https:\/\/www.alternatievemiddelen.nl\/#organization"},"alternateName":"Alternatieve Middelen","potentialAction":[{"@type":"SearchAction","target":{"@type":"EntryPoint","urlTemplate":"https:\/\/www.alternatievemiddelen.nl\/?s={search_term_string}"},"query-input":{"@type":"PropertyValueSpecification","valueRequired":true,"valueName":"search_term_string"}}],"inLanguage":"es"},{"@type":"Organization","@id":"https:\/\/www.alternatievemiddelen.nl\/#organization","name":"Alternatievemiddelen.nl","alternateName":"Alternatieve Middelen","url":"https:\/\/www.alternatievemiddelen.nl\/","logo":{"@type":"ImageObject","inLanguage":"es","@id":"https:\/\/www.alternatievemiddelen.nl\/#\/schema\/logo\/image\/","url":"https:\/\/www.alternatievemiddelen.nl\/wp-content\/uploads\/2023\/10\/alternatievemiddelen-PNG-logo.png","contentUrl":"https:\/\/www.alternatievemiddelen.nl\/wp-content\/uploads\/2023\/10\/alternatievemiddelen-PNG-logo.png","width":6400,"height":3062,"caption":"Alternatievemiddelen.nl"},"image":{"@id":"https:\/\/www.alternatievemiddelen.nl\/#\/schema\/logo\/image\/"},"sameAs":["https:\/\/www.facebook.com\/alternatievemiddelen","https:\/\/www.instagram.com\/alternatievemiddelen.nl\/"]}]}},"_links":{"self":[{"href":"https:\/\/www.alternatievemiddelen.nl\/es\/wp-json\/wp\/v2\/product\/34395","targetHints":{"allow":["GET"]}}],"collection":[{"href":"https:\/\/www.alternatievemiddelen.nl\/es\/wp-json\/wp\/v2\/product"}],"about":[{"href":"https:\/\/www.alternatievemiddelen.nl\/es\/wp-json\/wp\/v2\/types\/product"}],"replies":[{"embeddable":true,"href":"https:\/\/www.alternatievemiddelen.nl\/es\/wp-json\/wp\/v2\/comments?post=34395"}],"wp:featuredmedia":[{"embeddable":true,"href":"https:\/\/www.alternatievemiddelen.nl\/es\/wp-json\/wp\/v2\/media\/31691"}],"wp:attachment":[{"href":"https:\/\/www.alternatievemiddelen.nl\/es\/wp-json\/wp\/v2\/media?parent=34395"}],"wp:term":[{"taxonomy":"product_brand","embeddable":true,"href":"https:\/\/www.alternatievemiddelen.nl\/es\/wp-json\/wp\/v2\/product_brand?post=34395"},{"taxonomy":"product_cat","embeddable":true,"href":"https:\/\/www.alternatievemiddelen.nl\/es\/wp-json\/wp\/v2\/product_cat?post=34395"},{"taxonomy":"product_tag","embeddable":true,"href":"https:\/\/www.alternatievemiddelen.nl\/es\/wp-json\/wp\/v2\/product_tag?post=34395"},{"taxonomy":"merk","embeddable":true,"href":"https:\/\/www.alternatievemiddelen.nl\/es\/wp-json\/wp\/v2\/merk?post=34395"}],"curies":[{"name":"wp","href":"https:\/\/api.w.org\/{rel}","templated":true}]}}