{"id":34398,"date":"2024-02-27T08:21:33","date_gmt":"2024-02-27T07:21:33","guid":{"rendered":"https:\/\/www.alternatievemiddelen.nl\/?post_type=product&#038;p=34398"},"modified":"2025-11-03T14:44:38","modified_gmt":"2025-11-03T13:44:38","slug":"berkey-light-waterfilter","status":"publish","type":"product","link":"https:\/\/www.alternatievemiddelen.nl\/es\/productos\/filtro-de-agua-berkey-light\/","title":{"rendered":"Berkey Light Filtro de agua 10,4L"},"content":{"rendered":"<p>Filtro de agua Berkey Light - Berkey es una de las marcas de filtros de agua y sistemas de purificaci\u00f3n m\u00e1s vendidas en todo el mundo y est\u00e1 recomendada por varias revistas de salud, laboratorios y sitios web de salud independientes. Cuenta con millones de clientes satisfechos en todo el mundo.<\/p>\n<h3>Informaci\u00f3n sobre el filtro de agua Berkey Light<\/h3>\n<p>Los filtros de agua Berkey filtran m\u00e1s del 99,9% de cloro, virus, bacterias, quistes, residuos de medicamentos, par\u00e1sitos y contaminantes qu\u00edmicos peligrosos. Los metales pesados se filtran durante 95% (hasta casi 100% incluso con\u00a0<a href=\"https:\/\/www.alternatievemiddelen.nl\/es\/productos\/elementos-filtrantes-de-fluor-y-arsenico\/\">filtros de fl\u00faor y ars\u00e9nico<\/a>). Esto preserva los minerales esenciales que su cuerpo necesita.<\/p>\n<p>El filtro de agua Berkey Light viene con 2 originales <a href=\"https:\/\/www.alternatievemiddelen.nl\/es\/productos\/elementos-filtrantes-de-agua-black-berkey\/\">Elementos filtrantes Berkey negros<\/a> y puede ampliarse a cuatro elementos. <a href=\"https:\/\/www.alternatievemiddelen.nl\/es\/productos\/elementos-filtrantes-de-agua-black-berkey\/\">Elementos filtrantes Berkey negros<\/a> utilizan los \u00faltimos avances tecnol\u00f3gicos en purificaci\u00f3n de agua. Por ello, los filtros de agua Berkey se consideran los mejores y m\u00e1s duraderos sistemas de filtraci\u00f3n de agua del mercado y son los filtros de agua port\u00e1tiles con mejores prestaciones. Los elementos filtrantes Black Berkey han sido probados por un laboratorio independiente de acuerdo con las normas NSF\/ANSI 42 y 53. Consulte el <a href=\"https:\/\/www.alternatievemiddelen.nl\/wp-content\/uploads\/2023\/07\/Testrapport-Black-Berkey-filterelementen.pdf\" target=\"_blank\" rel=\"noopener\">informe de laboratorio<\/a> para m\u00e1s detalles.<\/p>\n<p>La unidad tiene capacidad para unos 10,4 litros de agua, m\u00e1s que suficiente para la mayor\u00eda de las necesidades. Puedes utilizar los elementos filtrantes Black Berkey durante varios a\u00f1os, lo que significa que amortizar\u00e1s r\u00e1pidamente la unidad en comparaci\u00f3n con otras marcas de filtros de agua.<\/p>\n<p>La carcasa est\u00e1 fabricada con copoli\u00e9ster sin BPA\/BPS, que no retiene malos olores ni penetra en el agua.<\/p>\n<h3>Caracter\u00edsticas Berkey Light Filtro de agua<\/h3>\n<ul>\n<li>El filtro de agua ideal para el hogar. Adecuado para su uso por 2-5 personas<\/li>\n<li>Filtra virus, bacterias, quistes y par\u00e1sitos durante m\u00e1s del 99,9%<\/li>\n<li>Filtra tan bien los pesticidas y los residuos de medicamentos que ya no es medible<\/li>\n<li>Filtra metales pesados durante m\u00e1s de 95% (hasta casi 100% incluso con\u00a0<a href=\"https:\/\/www.alternatievemiddelen.nl\/es\/productos\/elementos-filtrantes-de-fluor-y-arsenico\/\">filtros de fl\u00faor y ars\u00e9nico<\/a>)<\/li>\n<li>F\u00e1cil de usar<\/li>\n<li>Capacidad para 10,4 litros<\/li>\n<li>Se suministra de serie con 2 <a href=\"https:\/\/www.alternatievemiddelen.nl\/es\/productos\/elementos-filtrantes-de-agua-black-berkey\/\">Elementos filtrantes Berkey negros<\/a><\/li>\n<li>Ampliable hasta 4\u00a0<a href=\"https:\/\/www.alternatievemiddelen.nl\/es\/productos\/elementos-filtrantes-de-agua-black-berkey\/\">Elementos filtrantes Berkey negros<\/a><\/li>\n<li>Fabricado en copoli\u00e9ster sin BPA\/BPS, que no retiene los malos olores ni penetra en el agua.<\/li>\n<li>Filtra 15,2 litros por hora con 2 elementos<\/li>\n<li>Filtra 30,4 litros por hora con 4 elementos<\/li>\n<li>Altura: 67 cm (con base incluida)<\/li>\n<li>Di\u00e1metro: 23 cm<\/li>\n<\/ul>\n<p>&nbsp;<\/p>\n<h3>Contenido de la caja<\/h3>\n<p>La caja del filtro de agua Berkey Light incluye: 2 c\u00e1maras (superior e inferior), una base, 2 elementos filtrantes Black Berkey, 1 tapa de tela, 1 grifo de pl\u00e1stico (con accesorios de montaje), 2 tuercas de mariposa (para los elementos filtrantes Black Berkey), 2 arandelas (para los elementos filtrantes Black Berkey), 1 bot\u00f3n de cebado (para cebar los elementos filtrantes Black Berkey), 2 tapones de bloqueo (para rellenar los orificios libres, que de este modo pueden utilizarse para ampliar el filtro de agua con elementos filtrantes Black Berkey adicionales) y el <a href=\"https:\/\/www.alternatievemiddelen.nl\/es\/productos\/filtros-de-agua-berkey-kit-de-cebado\/\">Arrancador de cebado Kit<\/a>.<\/p>\n<h3>Instalaci\u00f3n<\/h3>\n<p>Puede montar f\u00e1cilmente el Berkey Light en cuesti\u00f3n de minutos y sin herramientas. El primer paso para preparar un filtro de agua Berkey es el cebado <a href=\"https:\/\/www.alternatievemiddelen.nl\/es\/productos\/elementos-filtrantes-de-agua-black-berkey\/\">Elementos filtrantes Berkey negros<\/a>. Es importante que esto se haga correctamente, de lo contrario la purificaci\u00f3n del agua llevar\u00e1 mucho tiempo. Para toda la informaci\u00f3n sobre los filtros de agua Berkey, consulte nuestro <a href=\"https:\/\/www.alternatievemiddelen.nl\/es\/la-biblioteca\/\">biblioteca<\/a>que incluye manuales, v\u00eddeos de instrucciones y respuestas a las preguntas m\u00e1s frecuentes. Si falla el cebado con el grifo <a href=\"https:\/\/www.alternatievemiddelen.nl\/es\/productos\/bomba-automatica-de-cebado-de-filtro-boroux\/\">bomba autom\u00e1tica de cebado<\/a> o <a href=\"https:\/\/www.alternatievemiddelen.nl\/es\/productos\/black-berkey-primer\/\">bomba de cebado manual<\/a> nos haga un pedido.<\/p>","protected":false},"excerpt":{"rendered":"<p>El filtro de agua Berkey Light con 2 elementos filtrantes originales Black Berkey. El filtro de agua ideal para casa o para llevar. Adecuado para 2-5 personas.<\/p>","protected":false},"featured_media":31431,"comment_status":"open","ping_status":"closed","template":"","meta":[],"product_brand":[],"product_cat":[2971,2972],"product_tag":[2961,2973,2974,2975,2964,2976,2875,2977,2978,2967,2885,2979,2980,2981],"merk":[3432],"class_list":{"0":"post-34398","1":"product","2":"type-product","3":"status-publish","4":"has-post-thumbnail","6":"product_cat-waterfilters","7":"product_cat-waterfilter","8":"product_tag-berkey","9":"product_tag-berkey-light","10":"product_tag-black-berkey","11":"product_tag-bpa-vrij","12":"product_tag-filter","13":"product_tag-filterelement","14":"product_tag-gezondheid","15":"product_tag-hormoonvrij","16":"product_tag-non-bpa","17":"product_tag-schoon","18":"product_tag-water","19":"product_tag-waterfilter","20":"product_tag-waterzuivering","21":"product_tag-zuiver","22":"merk-berkey","24":"first","25":"outofstock","26":"sale","27":"taxable","28":"shipping-taxable","29":"purchasable","30":"product-type-variable","31":"has-default-attributes"},"bundled_by":[],"bundle_stock_status":"outofstock","bundle_stock_quantity":0,"bundle_virtual":false,"bundle_layout":"","bundle_add_to_cart_form_location":"","bundle_editable_in_cart":false,"bundle_sold_individually_context":"","bundle_item_grouping":"","bundle_min_size":"","bundle_max_size":"","bundle_price":[],"bundled_items":[],"bundle_sell_ids":[44176,34415,48681,34414,34373],"yoast_head":"<!-- This site is optimized with the Yoast SEO plugin v26.1 - https:\/\/yoast.com\/wordpress\/plugins\/seo\/ -->\n<title>Berkey Light Waterfilter 10,4L - Alternatievemiddelen.nl<\/title>\n<meta name=\"description\" content=\"De Berkey Light waterfilter met 2 originele Black Berkey filterelementen. De ideale waterfilter voor thuis of onderweg. Geschikt voor 2-5 personen.\" \/>\n<meta name=\"robots\" content=\"index, follow, max-snippet:-1, max-image-preview:large, max-video-preview:-1\" \/>\n<link rel=\"canonical\" href=\"https:\/\/www.alternatievemiddelen.nl\/es\/wp-json\/wp\/v2\/product\/34398\" \/>\n<meta property=\"og:locale\" content=\"es_ES\" \/>\n<meta property=\"og:type\" content=\"article\" \/>\n<meta property=\"og:title\" content=\"Berkey Light Waterfilter 10,4L - Alternatievemiddelen.nl\" \/>\n<meta property=\"og:description\" content=\"De Berkey Light waterfilter met 2 originele Black Berkey filterelementen. De ideale waterfilter voor thuis of onderweg. Geschikt voor 2-5 personen.\" \/>\n<meta property=\"og:url\" content=\"https:\/\/www.alternatievemiddelen.nl\/es\/productos\/filtro-de-agua-berkey-light\/\" \/>\n<meta property=\"og:site_name\" content=\"Alternatievemiddelen.nl\" \/>\n<meta property=\"article:modified_time\" content=\"2025-11-03T13:44:38+00:00\" \/>\n<meta property=\"og:image\" content=\"\/wp-content\/uploads\/2023\/12\/Berkey-Light-waterfilter.jpg\" \/>\n\t<meta property=\"og:image:width\" content=\"1200\" \/>\n\t<meta property=\"og:image:height\" content=\"1600\" \/>\n\t<meta property=\"og:image:type\" content=\"image\/jpeg\" \/>\n<meta name=\"twitter:card\" content=\"summary_large_image\" \/>\n<meta name=\"twitter:label1\" content=\"Tiempo de lectura\" \/>\n\t<meta name=\"twitter:data1\" content=\"3 minutos\" \/>\n<script type=\"application\/ld+json\" class=\"yoast-schema-graph\">{\"@context\":\"https:\/\/schema.org\",\"@graph\":[{\"@type\":[\"WebPage\",\"ItemPage\"],\"@id\":\"https:\/\/www.alternatievemiddelen.nl\/producten\/berkey-light-waterfilter\/\",\"url\":\"https:\/\/www.alternatievemiddelen.nl\/producten\/berkey-light-waterfilter\/\",\"name\":\"Berkey Light Waterfilter 10,4L - Alternatievemiddelen.nl\",\"isPartOf\":{\"@id\":\"https:\/\/www.alternatievemiddelen.nl\/#website\"},\"primaryImageOfPage\":{\"@id\":\"https:\/\/www.alternatievemiddelen.nl\/producten\/berkey-light-waterfilter\/#primaryimage\"},\"image\":{\"@id\":\"https:\/\/www.alternatievemiddelen.nl\/producten\/berkey-light-waterfilter\/#primaryimage\"},\"thumbnailUrl\":\"https:\/\/www.alternatievemiddelen.nl\/wp-content\/uploads\/2023\/12\/Berkey-Light-waterfilter.jpg\",\"datePublished\":\"2024-02-27T07:21:33+00:00\",\"dateModified\":\"2025-11-03T13:44:38+00:00\",\"description\":\"De Berkey Light waterfilter met 2 originele Black Berkey filterelementen. De ideale waterfilter voor thuis of onderweg. Geschikt voor 2-5 personen.\",\"breadcrumb\":{\"@id\":\"https:\/\/www.alternatievemiddelen.nl\/producten\/berkey-light-waterfilter\/#breadcrumb\"},\"inLanguage\":\"es\",\"potentialAction\":[{\"@type\":\"ReadAction\",\"target\":[\"https:\/\/www.alternatievemiddelen.nl\/producten\/berkey-light-waterfilter\/\"]}]},{\"@type\":\"ImageObject\",\"inLanguage\":\"es\",\"@id\":\"https:\/\/www.alternatievemiddelen.nl\/producten\/berkey-light-waterfilter\/#primaryimage\",\"url\":\"https:\/\/www.alternatievemiddelen.nl\/wp-content\/uploads\/2023\/12\/Berkey-Light-waterfilter.jpg\",\"contentUrl\":\"https:\/\/www.alternatievemiddelen.nl\/wp-content\/uploads\/2023\/12\/Berkey-Light-waterfilter.jpg\",\"width\":1200,\"height\":1600,\"caption\":\"Berkey light waterfilter met elementen en kraantje\"},{\"@type\":\"BreadcrumbList\",\"@id\":\"https:\/\/www.alternatievemiddelen.nl\/producten\/berkey-light-waterfilter\/#breadcrumb\",\"itemListElement\":[{\"@type\":\"ListItem\",\"position\":1,\"name\":\"Home\",\"item\":\"https:\/\/www.alternatievemiddelen.nl\/\"},{\"@type\":\"ListItem\",\"position\":2,\"name\":\"Producten\",\"item\":\"https:\/\/www.alternatievemiddelen.nl\/producten\/\"},{\"@type\":\"ListItem\",\"position\":3,\"name\":\"Berkey Light Waterfilter 10,4L\"}]},{\"@type\":\"WebSite\",\"@id\":\"https:\/\/www.alternatievemiddelen.nl\/#website\",\"url\":\"https:\/\/www.alternatievemiddelen.nl\/\",\"name\":\"Alternatievemiddelen.nl\",\"description\":\"Webshop met gezonde, duurzame en ecologische alternatieve mogelijkheden in de hedendaagse levenstijl. Alles uit eigen ervaring.\",\"publisher\":{\"@id\":\"https:\/\/www.alternatievemiddelen.nl\/#organization\"},\"potentialAction\":[{\"@type\":\"SearchAction\",\"target\":{\"@type\":\"EntryPoint\",\"urlTemplate\":\"https:\/\/www.alternatievemiddelen.nl\/?s={search_term_string}\"},\"query-input\":{\"@type\":\"PropertyValueSpecification\",\"valueRequired\":true,\"valueName\":\"search_term_string\"}}],\"inLanguage\":\"es\"},{\"@type\":\"Organization\",\"@id\":\"https:\/\/www.alternatievemiddelen.nl\/#organization\",\"name\":\"Alternatievemiddelen.nl\",\"url\":\"https:\/\/www.alternatievemiddelen.nl\/\",\"logo\":{\"@type\":\"ImageObject\",\"inLanguage\":\"es\",\"@id\":\"https:\/\/www.alternatievemiddelen.nl\/#\/schema\/logo\/image\/\",\"url\":\"https:\/\/www.alternatievemiddelen.nl\/wp-content\/uploads\/2023\/10\/alternatievemiddelen-PNG-logo.png\",\"contentUrl\":\"https:\/\/www.alternatievemiddelen.nl\/wp-content\/uploads\/2023\/10\/alternatievemiddelen-PNG-logo.png\",\"width\":6400,\"height\":3062,\"caption\":\"Alternatievemiddelen.nl\"},\"image\":{\"@id\":\"https:\/\/www.alternatievemiddelen.nl\/#\/schema\/logo\/image\/\"}}]}<\/script>\n<!-- \/ Yoast SEO plugin. -->","yoast_head_json":{"title":"Berkey Light Waterfilter 10,4L - Alternatievemiddelen.nl","description":"De Berkey Light waterfilter met 2 originele Black Berkey filterelementen. De ideale waterfilter voor thuis of onderweg. Geschikt voor 2-5 personen.","robots":{"index":"index","follow":"follow","max-snippet":"max-snippet:-1","max-image-preview":"max-image-preview:large","max-video-preview":"max-video-preview:-1"},"canonical":"https:\/\/www.alternatievemiddelen.nl\/es\/wp-json\/wp\/v2\/product\/34398","og_locale":"es_ES","og_type":"article","og_title":"Berkey Light Waterfilter 10,4L - Alternatievemiddelen.nl","og_description":"De Berkey Light waterfilter met 2 originele Black Berkey filterelementen. De ideale waterfilter voor thuis of onderweg. Geschikt voor 2-5 personen.","og_url":"https:\/\/www.alternatievemiddelen.nl\/es\/productos\/filtro-de-agua-berkey-light\/","og_site_name":"Alternatievemiddelen.nl","article_modified_time":"2025-11-03T13:44:38+00:00","og_image":[{"width":1200,"height":1600,"url":"\/wp-content\/uploads\/2023\/12\/Berkey-Light-waterfilter.jpg","type":"image\/jpeg"}],"twitter_card":"summary_large_image","twitter_misc":{"Tiempo de lectura":"3 minutos"},"schema":{"@context":"https:\/\/schema.org","@graph":[{"@type":["WebPage","ItemPage"],"@id":"https:\/\/www.alternatievemiddelen.nl\/producten\/berkey-light-waterfilter\/","url":"https:\/\/www.alternatievemiddelen.nl\/producten\/berkey-light-waterfilter\/","name":"Berkey Light Waterfilter 10,4L - Alternatievemiddelen.nl","isPartOf":{"@id":"https:\/\/www.alternatievemiddelen.nl\/#website"},"primaryImageOfPage":{"@id":"https:\/\/www.alternatievemiddelen.nl\/producten\/berkey-light-waterfilter\/#primaryimage"},"image":{"@id":"https:\/\/www.alternatievemiddelen.nl\/producten\/berkey-light-waterfilter\/#primaryimage"},"thumbnailUrl":"https:\/\/www.alternatievemiddelen.nl\/wp-content\/uploads\/2023\/12\/Berkey-Light-waterfilter.jpg","datePublished":"2024-02-27T07:21:33+00:00","dateModified":"2025-11-03T13:44:38+00:00","description":"De Berkey Light waterfilter met 2 originele Black Berkey filterelementen. De ideale waterfilter voor thuis of onderweg. Geschikt voor 2-5 personen.","breadcrumb":{"@id":"https:\/\/www.alternatievemiddelen.nl\/producten\/berkey-light-waterfilter\/#breadcrumb"},"inLanguage":"es","potentialAction":[{"@type":"ReadAction","target":["https:\/\/www.alternatievemiddelen.nl\/producten\/berkey-light-waterfilter\/"]}]},{"@type":"ImageObject","inLanguage":"es","@id":"https:\/\/www.alternatievemiddelen.nl\/producten\/berkey-light-waterfilter\/#primaryimage","url":"https:\/\/www.alternatievemiddelen.nl\/wp-content\/uploads\/2023\/12\/Berkey-Light-waterfilter.jpg","contentUrl":"https:\/\/www.alternatievemiddelen.nl\/wp-content\/uploads\/2023\/12\/Berkey-Light-waterfilter.jpg","width":1200,"height":1600,"caption":"Berkey light waterfilter met elementen en kraantje"},{"@type":"BreadcrumbList","@id":"https:\/\/www.alternatievemiddelen.nl\/producten\/berkey-light-waterfilter\/#breadcrumb","itemListElement":[{"@type":"ListItem","position":1,"name":"Home","item":"https:\/\/www.alternatievemiddelen.nl\/"},{"@type":"ListItem","position":2,"name":"Producten","item":"https:\/\/www.alternatievemiddelen.nl\/producten\/"},{"@type":"ListItem","position":3,"name":"Berkey Light Waterfilter 10,4L"}]},{"@type":"WebSite","@id":"https:\/\/www.alternatievemiddelen.nl\/#website","url":"https:\/\/www.alternatievemiddelen.nl\/","name":"Alternatievemiddelen.nl","description":"Webshop met gezonde, duurzame en ecologische alternatieve mogelijkheden in de hedendaagse levenstijl. Alles uit eigen ervaring.","publisher":{"@id":"https:\/\/www.alternatievemiddelen.nl\/#organization"},"potentialAction":[{"@type":"SearchAction","target":{"@type":"EntryPoint","urlTemplate":"https:\/\/www.alternatievemiddelen.nl\/?s={search_term_string}"},"query-input":{"@type":"PropertyValueSpecification","valueRequired":true,"valueName":"search_term_string"}}],"inLanguage":"es"},{"@type":"Organization","@id":"https:\/\/www.alternatievemiddelen.nl\/#organization","name":"Alternatievemiddelen.nl","url":"https:\/\/www.alternatievemiddelen.nl\/","logo":{"@type":"ImageObject","inLanguage":"es","@id":"https:\/\/www.alternatievemiddelen.nl\/#\/schema\/logo\/image\/","url":"https:\/\/www.alternatievemiddelen.nl\/wp-content\/uploads\/2023\/10\/alternatievemiddelen-PNG-logo.png","contentUrl":"https:\/\/www.alternatievemiddelen.nl\/wp-content\/uploads\/2023\/10\/alternatievemiddelen-PNG-logo.png","width":6400,"height":3062,"caption":"Alternatievemiddelen.nl"},"image":{"@id":"https:\/\/www.alternatievemiddelen.nl\/#\/schema\/logo\/image\/"}}]}},"_links":{"self":[{"href":"https:\/\/www.alternatievemiddelen.nl\/es\/wp-json\/wp\/v2\/product\/34398","targetHints":{"allow":["GET"]}}],"collection":[{"href":"https:\/\/www.alternatievemiddelen.nl\/es\/wp-json\/wp\/v2\/product"}],"about":[{"href":"https:\/\/www.alternatievemiddelen.nl\/es\/wp-json\/wp\/v2\/types\/product"}],"replies":[{"embeddable":true,"href":"https:\/\/www.alternatievemiddelen.nl\/es\/wp-json\/wp\/v2\/comments?post=34398"}],"wp:featuredmedia":[{"embeddable":true,"href":"https:\/\/www.alternatievemiddelen.nl\/es\/wp-json\/wp\/v2\/media\/31431"}],"wp:attachment":[{"href":"https:\/\/www.alternatievemiddelen.nl\/es\/wp-json\/wp\/v2\/media?parent=34398"}],"wp:term":[{"taxonomy":"product_brand","embeddable":true,"href":"https:\/\/www.alternatievemiddelen.nl\/es\/wp-json\/wp\/v2\/product_brand?post=34398"},{"taxonomy":"product_cat","embeddable":true,"href":"https:\/\/www.alternatievemiddelen.nl\/es\/wp-json\/wp\/v2\/product_cat?post=34398"},{"taxonomy":"product_tag","embeddable":true,"href":"https:\/\/www.alternatievemiddelen.nl\/es\/wp-json\/wp\/v2\/product_tag?post=34398"},{"taxonomy":"merk","embeddable":true,"href":"https:\/\/www.alternatievemiddelen.nl\/es\/wp-json\/wp\/v2\/merk?post=34398"}],"curies":[{"name":"wp","href":"https:\/\/api.w.org\/{rel}","templated":true}]}}