{"id":34409,"date":"2024-02-27T08:21:40","date_gmt":"2024-02-27T07:21:40","guid":{"rendered":"https:\/\/www.alternatievemiddelen.nl\/?post_type=product&#038;p=34409"},"modified":"2026-04-30T10:59:41","modified_gmt":"2026-04-30T08:59:41","slug":"bio-kult-everyday-probiotica-120-capsules","status":"publish","type":"product","link":"https:\/\/www.alternatievemiddelen.nl\/es\/productos\/bio-kult-everyday-probioticos-120-capsulas\/","title":{"rendered":"Bio-kult Probi\u00f3ticos Cotidianos 120 c\u00e1psulas"},"content":{"rendered":"<p>Bio-kult Probi\u00f3ticos Cotidianos 120 c\u00e1psulas es un suplemento probi\u00f3tico multicepas \u00fanico compuesto por 14 cepas probi\u00f3ticas.<\/p>\n<p>Los suplementos Bio-kult son:<\/p>\n<p>\u2714 Adecuado para el uso diario<br \/>\n\u2714 Adecuado para viajar<br \/>\n\u2714 Apto para ni\u00f1os y mujeres embarazadas<br \/>\n\u2714 Apto para almacenamiento a temperatura ambiente<br \/>\n\u2714 Sin gluten<br \/>\n\u2714 Sin lactosa<br \/>\nApto para vegetarianos<\/p>\n<p>&nbsp;<\/p>\n<h4>Ingredientes Bio-kult Probi\u00f3ticos Cotidianos 120 c\u00e1psulas:<\/h4>\n<p>Cultivos probi\u00f3ticos (<b>leche, soja<\/b>), celulosa (relleno), c\u00e1psula vegetal (hidroxipropilmetilcelulosa<\/p>\n<p>&nbsp;<\/p>\n<h4>14 cepas probi\u00f3ticas:<\/h4>\n<p>Bacillus subtilis PXN\u00ae 21\u00ae, Bifidobacterium bifidum PXN\u00ae 23\u2122, Bifidobacterium breve PXN\u00ae 25\u2122, Bifidobacterium infantis PXN\u00ae 27\u2122, Bifidobacterium longum PXN\u00ae 30\u2122, Lactobacillus helveticus PXN\u00ae 35\u2122, Lactobacillus delbrueckii ssp. bulgaricus PXN\u00ae 39\u2122, Lactobacillus casei PXN\u00ae 37\u2122, Lactobacillus plantarum PXN\u00ae 47\u2122, Lactobacillus rhamnosus PXN\u00ae 54\u2122, Lactobacillus helveticus PXN\u00ae 45\u2122, Lactobacillus salivarius PXN\u00ae 57\u2122, Lactococcus lactis ssp. lactis PXN\u00ae 63\u2122, Streptococcus thermophilus PXN\u00ae 66\u2122.<\/p>\n<p>&nbsp;<\/p>\n<h4>Cada c\u00e1psula contiene:<\/h4>\n<p>Un m\u00ednimo de 2.000 millones de microorganismos por c\u00e1psula (2\u00d7109 UFC\/c\u00e1psula), equivalente a 10.000 millones de microorganismos por gramo (1\u00d71010 UFC\/gramo).<\/p>\n<p>&nbsp;<\/p>\n<h4>Aviso sobre alergias:<\/h4>\n<p>Contiene soja y leche. La soja y la leche se utilizan en la cr\u00eda de cepas bacterianas. El contenido de leche est\u00e1 a un nivel que no afecta a las personas con intolerancia a la lactosa.<\/p>\n<p>&nbsp;<\/p>\n<h4>Retenci\u00f3n:<\/h4>\n<p>Puede conservarse a temperatura ambiente, no necesita refrigeraci\u00f3n.<\/p>\n<p>&nbsp;<\/p>\n<h4>Recomendaci\u00f3n Adultos (12+) &amp; Ni\u00f1os (3 - 11):<\/h4>\n<p>Adultos (12+): Tomar de 1 a 4 c\u00e1psulas al d\u00eda.<br \/>\nNi\u00f1os (3 - 12 a\u00f1os): Administrar de 1 a 2 c\u00e1psulas al d\u00eda.<\/p>\n<p>&nbsp;<\/p>\n<h4>Modo de empleo:<\/h4>\n<p>1. Empiece con una dosis baja (de 2.000 a 4.000 millones de microorganismos) antes de decidirse por una dosis m\u00e1s alta.<br \/>\n2. Tome los probi\u00f3ticos mientras come, o mejor, 30 minutos antes de la comida.<br \/>\n3. Tome la c\u00e1psula entera o sep\u00e1rela para tomar s\u00f3lo el contenido.<br \/>\n4. Siga utilizando los probi\u00f3ticos durante al menos unas semanas. Bio-Kult es adecuado para el uso a largo plazo.<\/p>\n<p><i>En el embarazo: Bio-Kult es adecuado para su uso durante el embarazo, pero siempre recomendamos consultar a su m\u00e9dico o especialista antes de tomar un suplemento diet\u00e9tico.<\/i><\/p>","protected":false},"excerpt":{"rendered":"<p>Bio-kult Everyday Probiotics 120 c\u00e1psulas es un suplemento probi\u00f3tico multicepas \u00fanico compuesto por 14 cepas probi\u00f3ticas. Apto para vegetarianos.<\/p>","protected":false},"featured_media":45090,"comment_status":"open","ping_status":"closed","template":"","meta":[],"product_brand":[],"product_cat":[2938],"product_tag":[3038,3039,3040,3041],"merk":[3467],"class_list":{"0":"post-34409","1":"product","2":"type-product","3":"status-publish","4":"has-post-thumbnail","6":"product_cat-vitamines-mineralen-en-supplementen","7":"product_tag-bio-kult","8":"product_tag-bio-kult-advanced","9":"product_tag-probiotica","10":"product_tag-probiotica-stammen","11":"merk-bio-kult","13":"first","14":"instock","15":"taxable","16":"shipping-taxable","17":"purchasable","18":"product-type-simple"},"bundled_by":[],"bundle_stock_status":"instock","bundle_stock_quantity":null,"bundle_virtual":false,"bundle_layout":"","bundle_add_to_cart_form_location":"","bundle_editable_in_cart":false,"bundle_sold_individually_context":"","bundle_item_grouping":"","bundle_min_size":"","bundle_max_size":"","bundle_price":[],"bundled_items":[],"bundle_sell_ids":[],"yoast_head":"<!-- This site is optimized with the Yoast SEO plugin v26.1 - https:\/\/yoast.com\/wordpress\/plugins\/seo\/ -->\n<title>Bio-kult Everyday Probiotica 120 capsules - Alternatievemiddelen.nl<\/title>\n<meta name=\"description\" content=\"Bio-kult Everyday Probiotica 120 capsules is een unieke multi-stam probiotica supplement die bestaat uit 14 probiotica stammen! Geschikt voor vegetari\u00ebrs.\" \/>\n<meta name=\"robots\" content=\"noindex, follow\" \/>\n<meta property=\"og:locale\" content=\"es_ES\" \/>\n<meta property=\"og:type\" content=\"article\" \/>\n<meta property=\"og:title\" content=\"Bio-kult Everyday Probiotica 120 capsules - Alternatievemiddelen.nl\" \/>\n<meta property=\"og:description\" content=\"Bio-kult Everyday Probiotica 120 capsules is een unieke multi-stam probiotica supplement die bestaat uit 14 probiotica stammen! Geschikt voor vegetari\u00ebrs.\" \/>\n<meta property=\"og:url\" content=\"https:\/\/www.alternatievemiddelen.nl\/es\/productos\/bio-kult-everyday-probioticos-120-capsulas\/\" \/>\n<meta property=\"og:site_name\" content=\"Alternatievemiddelen.nl\" \/>\n<meta property=\"article:publisher\" content=\"https:\/\/www.facebook.com\/alternatievemiddelen\" \/>\n<meta property=\"article:modified_time\" content=\"2026-04-30T08:59:41+00:00\" \/>\n<meta property=\"og:image\" content=\"\/wp-content\/uploads\/2024\/02\/Bio-kult-Everyday-Probiotica-120-capsules.jpg\" \/>\n\t<meta property=\"og:image:width\" content=\"600\" \/>\n\t<meta property=\"og:image:height\" content=\"800\" \/>\n\t<meta property=\"og:image:type\" content=\"image\/jpeg\" \/>\n<meta name=\"twitter:card\" content=\"summary_large_image\" \/>\n<meta name=\"twitter:label1\" content=\"Tiempo de lectura\" \/>\n\t<meta name=\"twitter:data1\" content=\"2 minutos\" \/>\n<script type=\"application\/ld+json\" class=\"yoast-schema-graph\">{\"@context\":\"https:\/\/schema.org\",\"@graph\":[{\"@type\":[\"WebPage\",\"ItemPage\"],\"@id\":\"https:\/\/www.alternatievemiddelen.nl\/producten\/bio-kult-everyday-probiotica-120-capsules\/\",\"url\":\"https:\/\/www.alternatievemiddelen.nl\/producten\/bio-kult-everyday-probiotica-120-capsules\/\",\"name\":\"Bio-kult Everyday Probiotica 120 capsules - Alternatievemiddelen.nl\",\"isPartOf\":{\"@id\":\"https:\/\/www.alternatievemiddelen.nl\/#website\"},\"primaryImageOfPage\":{\"@id\":\"https:\/\/www.alternatievemiddelen.nl\/producten\/bio-kult-everyday-probiotica-120-capsules\/#primaryimage\"},\"image\":{\"@id\":\"https:\/\/www.alternatievemiddelen.nl\/producten\/bio-kult-everyday-probiotica-120-capsules\/#primaryimage\"},\"thumbnailUrl\":\"https:\/\/www.alternatievemiddelen.nl\/wp-content\/uploads\/2024\/02\/Bio-kult-Everyday-Probiotica-120-capsules.jpg\",\"datePublished\":\"2024-02-27T07:21:40+00:00\",\"dateModified\":\"2026-04-30T08:59:41+00:00\",\"description\":\"Bio-kult Everyday Probiotica 120 capsules is een unieke multi-stam probiotica supplement die bestaat uit 14 probiotica stammen! Geschikt voor vegetari\u00ebrs.\",\"breadcrumb\":{\"@id\":\"https:\/\/www.alternatievemiddelen.nl\/producten\/bio-kult-everyday-probiotica-120-capsules\/#breadcrumb\"},\"inLanguage\":\"es\",\"potentialAction\":[{\"@type\":\"ReadAction\",\"target\":[\"https:\/\/www.alternatievemiddelen.nl\/producten\/bio-kult-everyday-probiotica-120-capsules\/\"]}]},{\"@type\":\"ImageObject\",\"inLanguage\":\"es\",\"@id\":\"https:\/\/www.alternatievemiddelen.nl\/producten\/bio-kult-everyday-probiotica-120-capsules\/#primaryimage\",\"url\":\"https:\/\/www.alternatievemiddelen.nl\/wp-content\/uploads\/2024\/02\/Bio-kult-Everyday-Probiotica-120-capsules.jpg\",\"contentUrl\":\"https:\/\/www.alternatievemiddelen.nl\/wp-content\/uploads\/2024\/02\/Bio-kult-Everyday-Probiotica-120-capsules.jpg\",\"width\":600,\"height\":800,\"caption\":\"Bio-kult Everyday Probiotica 120 capsules\"},{\"@type\":\"BreadcrumbList\",\"@id\":\"https:\/\/www.alternatievemiddelen.nl\/producten\/bio-kult-everyday-probiotica-120-capsules\/#breadcrumb\",\"itemListElement\":[{\"@type\":\"ListItem\",\"position\":1,\"name\":\"Home\",\"item\":\"https:\/\/www.alternatievemiddelen.nl\/\"},{\"@type\":\"ListItem\",\"position\":2,\"name\":\"Producten\",\"item\":\"https:\/\/www.alternatievemiddelen.nl\/producten\/\"},{\"@type\":\"ListItem\",\"position\":3,\"name\":\"Bio-kult Everyday Probiotica 120 capsules\"}]},{\"@type\":\"WebSite\",\"@id\":\"https:\/\/www.alternatievemiddelen.nl\/#website\",\"url\":\"https:\/\/www.alternatievemiddelen.nl\/\",\"name\":\"Alternatievemiddelen.nl\",\"description\":\"Webshop met gezonde, duurzame en ecologische alternatieve mogelijkheden in de hedendaagse levenstijl. Alles uit eigen ervaring.\",\"publisher\":{\"@id\":\"https:\/\/www.alternatievemiddelen.nl\/#organization\"},\"alternateName\":\"Alternatieve Middelen\",\"potentialAction\":[{\"@type\":\"SearchAction\",\"target\":{\"@type\":\"EntryPoint\",\"urlTemplate\":\"https:\/\/www.alternatievemiddelen.nl\/?s={search_term_string}\"},\"query-input\":{\"@type\":\"PropertyValueSpecification\",\"valueRequired\":true,\"valueName\":\"search_term_string\"}}],\"inLanguage\":\"es\"},{\"@type\":\"Organization\",\"@id\":\"https:\/\/www.alternatievemiddelen.nl\/#organization\",\"name\":\"Alternatievemiddelen.nl\",\"alternateName\":\"Alternatieve Middelen\",\"url\":\"https:\/\/www.alternatievemiddelen.nl\/\",\"logo\":{\"@type\":\"ImageObject\",\"inLanguage\":\"es\",\"@id\":\"https:\/\/www.alternatievemiddelen.nl\/#\/schema\/logo\/image\/\",\"url\":\"https:\/\/www.alternatievemiddelen.nl\/wp-content\/uploads\/2023\/10\/alternatievemiddelen-PNG-logo.png\",\"contentUrl\":\"https:\/\/www.alternatievemiddelen.nl\/wp-content\/uploads\/2023\/10\/alternatievemiddelen-PNG-logo.png\",\"width\":6400,\"height\":3062,\"caption\":\"Alternatievemiddelen.nl\"},\"image\":{\"@id\":\"https:\/\/www.alternatievemiddelen.nl\/#\/schema\/logo\/image\/\"},\"sameAs\":[\"https:\/\/www.facebook.com\/alternatievemiddelen\",\"https:\/\/www.instagram.com\/alternatievemiddelen.nl\/\"]}]}<\/script>\n<!-- \/ Yoast SEO plugin. -->","yoast_head_json":{"title":"Bio-kult Everyday Probiotica 120 capsules - Alternatievemiddelen.nl","description":"Bio-kult Everyday Probiotica 120 capsules is een unieke multi-stam probiotica supplement die bestaat uit 14 probiotica stammen! Geschikt voor vegetari\u00ebrs.","robots":{"index":"noindex","follow":"follow"},"og_locale":"es_ES","og_type":"article","og_title":"Bio-kult Everyday Probiotica 120 capsules - Alternatievemiddelen.nl","og_description":"Bio-kult Everyday Probiotica 120 capsules is een unieke multi-stam probiotica supplement die bestaat uit 14 probiotica stammen! Geschikt voor vegetari\u00ebrs.","og_url":"https:\/\/www.alternatievemiddelen.nl\/es\/productos\/bio-kult-everyday-probioticos-120-capsulas\/","og_site_name":"Alternatievemiddelen.nl","article_publisher":"https:\/\/www.facebook.com\/alternatievemiddelen","article_modified_time":"2026-04-30T08:59:41+00:00","og_image":[{"width":600,"height":800,"url":"\/wp-content\/uploads\/2024\/02\/Bio-kult-Everyday-Probiotica-120-capsules.jpg","type":"image\/jpeg"}],"twitter_card":"summary_large_image","twitter_misc":{"Tiempo de lectura":"2 minutos"},"schema":{"@context":"https:\/\/schema.org","@graph":[{"@type":["WebPage","ItemPage"],"@id":"https:\/\/www.alternatievemiddelen.nl\/producten\/bio-kult-everyday-probiotica-120-capsules\/","url":"https:\/\/www.alternatievemiddelen.nl\/producten\/bio-kult-everyday-probiotica-120-capsules\/","name":"Bio-kult Everyday Probiotica 120 capsules - Alternatievemiddelen.nl","isPartOf":{"@id":"https:\/\/www.alternatievemiddelen.nl\/#website"},"primaryImageOfPage":{"@id":"https:\/\/www.alternatievemiddelen.nl\/producten\/bio-kult-everyday-probiotica-120-capsules\/#primaryimage"},"image":{"@id":"https:\/\/www.alternatievemiddelen.nl\/producten\/bio-kult-everyday-probiotica-120-capsules\/#primaryimage"},"thumbnailUrl":"https:\/\/www.alternatievemiddelen.nl\/wp-content\/uploads\/2024\/02\/Bio-kult-Everyday-Probiotica-120-capsules.jpg","datePublished":"2024-02-27T07:21:40+00:00","dateModified":"2026-04-30T08:59:41+00:00","description":"Bio-kult Everyday Probiotica 120 capsules is een unieke multi-stam probiotica supplement die bestaat uit 14 probiotica stammen! Geschikt voor vegetari\u00ebrs.","breadcrumb":{"@id":"https:\/\/www.alternatievemiddelen.nl\/producten\/bio-kult-everyday-probiotica-120-capsules\/#breadcrumb"},"inLanguage":"es","potentialAction":[{"@type":"ReadAction","target":["https:\/\/www.alternatievemiddelen.nl\/producten\/bio-kult-everyday-probiotica-120-capsules\/"]}]},{"@type":"ImageObject","inLanguage":"es","@id":"https:\/\/www.alternatievemiddelen.nl\/producten\/bio-kult-everyday-probiotica-120-capsules\/#primaryimage","url":"https:\/\/www.alternatievemiddelen.nl\/wp-content\/uploads\/2024\/02\/Bio-kult-Everyday-Probiotica-120-capsules.jpg","contentUrl":"https:\/\/www.alternatievemiddelen.nl\/wp-content\/uploads\/2024\/02\/Bio-kult-Everyday-Probiotica-120-capsules.jpg","width":600,"height":800,"caption":"Bio-kult Everyday Probiotica 120 capsules"},{"@type":"BreadcrumbList","@id":"https:\/\/www.alternatievemiddelen.nl\/producten\/bio-kult-everyday-probiotica-120-capsules\/#breadcrumb","itemListElement":[{"@type":"ListItem","position":1,"name":"Home","item":"https:\/\/www.alternatievemiddelen.nl\/"},{"@type":"ListItem","position":2,"name":"Producten","item":"https:\/\/www.alternatievemiddelen.nl\/producten\/"},{"@type":"ListItem","position":3,"name":"Bio-kult Everyday Probiotica 120 capsules"}]},{"@type":"WebSite","@id":"https:\/\/www.alternatievemiddelen.nl\/#website","url":"https:\/\/www.alternatievemiddelen.nl\/","name":"Alternatievemiddelen.nl","description":"Webshop met gezonde, duurzame en ecologische alternatieve mogelijkheden in de hedendaagse levenstijl. Alles uit eigen ervaring.","publisher":{"@id":"https:\/\/www.alternatievemiddelen.nl\/#organization"},"alternateName":"Alternatieve Middelen","potentialAction":[{"@type":"SearchAction","target":{"@type":"EntryPoint","urlTemplate":"https:\/\/www.alternatievemiddelen.nl\/?s={search_term_string}"},"query-input":{"@type":"PropertyValueSpecification","valueRequired":true,"valueName":"search_term_string"}}],"inLanguage":"es"},{"@type":"Organization","@id":"https:\/\/www.alternatievemiddelen.nl\/#organization","name":"Alternatievemiddelen.nl","alternateName":"Alternatieve Middelen","url":"https:\/\/www.alternatievemiddelen.nl\/","logo":{"@type":"ImageObject","inLanguage":"es","@id":"https:\/\/www.alternatievemiddelen.nl\/#\/schema\/logo\/image\/","url":"https:\/\/www.alternatievemiddelen.nl\/wp-content\/uploads\/2023\/10\/alternatievemiddelen-PNG-logo.png","contentUrl":"https:\/\/www.alternatievemiddelen.nl\/wp-content\/uploads\/2023\/10\/alternatievemiddelen-PNG-logo.png","width":6400,"height":3062,"caption":"Alternatievemiddelen.nl"},"image":{"@id":"https:\/\/www.alternatievemiddelen.nl\/#\/schema\/logo\/image\/"},"sameAs":["https:\/\/www.facebook.com\/alternatievemiddelen","https:\/\/www.instagram.com\/alternatievemiddelen.nl\/"]}]}},"_links":{"self":[{"href":"https:\/\/www.alternatievemiddelen.nl\/es\/wp-json\/wp\/v2\/product\/34409","targetHints":{"allow":["GET"]}}],"collection":[{"href":"https:\/\/www.alternatievemiddelen.nl\/es\/wp-json\/wp\/v2\/product"}],"about":[{"href":"https:\/\/www.alternatievemiddelen.nl\/es\/wp-json\/wp\/v2\/types\/product"}],"replies":[{"embeddable":true,"href":"https:\/\/www.alternatievemiddelen.nl\/es\/wp-json\/wp\/v2\/comments?post=34409"}],"wp:featuredmedia":[{"embeddable":true,"href":"https:\/\/www.alternatievemiddelen.nl\/es\/wp-json\/wp\/v2\/media\/45090"}],"wp:attachment":[{"href":"https:\/\/www.alternatievemiddelen.nl\/es\/wp-json\/wp\/v2\/media?parent=34409"}],"wp:term":[{"taxonomy":"product_brand","embeddable":true,"href":"https:\/\/www.alternatievemiddelen.nl\/es\/wp-json\/wp\/v2\/product_brand?post=34409"},{"taxonomy":"product_cat","embeddable":true,"href":"https:\/\/www.alternatievemiddelen.nl\/es\/wp-json\/wp\/v2\/product_cat?post=34409"},{"taxonomy":"product_tag","embeddable":true,"href":"https:\/\/www.alternatievemiddelen.nl\/es\/wp-json\/wp\/v2\/product_tag?post=34409"},{"taxonomy":"merk","embeddable":true,"href":"https:\/\/www.alternatievemiddelen.nl\/es\/wp-json\/wp\/v2\/merk?post=34409"}],"curies":[{"name":"wp","href":"https:\/\/api.w.org\/{rel}","templated":true}]}}