{"id":34414,"date":"2024-02-27T08:21:44","date_gmt":"2024-02-27T07:21:44","guid":{"rendered":"https:\/\/www.alternatievemiddelen.nl\/?post_type=product&#038;p=34414"},"modified":"2026-01-13T02:29:39","modified_gmt":"2026-01-13T01:29:39","slug":"black-berkey-primer","status":"publish","type":"product","link":"https:\/\/www.alternatievemiddelen.nl\/es\/productos\/black-berkey-primer\/","title":{"rendered":"Negro Berkey Imprimaci\u00f3n"},"content":{"rendered":"<p>Imprimaci\u00f3n Negro Berkey - Puede imprimar los elementos filtrantes Negro Berkey o BOROUX Foundation\u2122 Negro de dos maneras. La imprimaci\u00f3n debe realizarse antes de aplicar el <a href=\"https:\/\/www.alternatievemiddelen.nl\/es\/productos\/elementos-filtrantes-de-agua-black-berkey\/\">Negro Berkey elementos<\/a> o <a href=\"https:\/\/www.alternatievemiddelen.nl\/es\/productos\/elementos-de-filtro-de-agua-boroux-foundation-black\/\">BOROUX Foundation\u2122 Elementos negros<\/a> en el filtro de agua en servicio. El cebado consiste en exprimir un poco de agua a trav\u00e9s del elemento filtrante bajo una peque\u00f1a presi\u00f3n para garantizar que el elemento filtrante Black Berkey se moje por dentro (el aire sale del elemento). Como resultado, usted se beneficia de las tasas de volumen considerable de cada elemento.<\/p>\n<p>Para cebar, puede utilizar un <a href=\"https:\/\/www.alternatievemiddelen.nl\/es\/productos\/boton-de-cebado-black-berkey-elements\/\">Bot\u00f3n de cebado<\/a> (un peque\u00f1o anillo de goma) o el <a href=\"https:\/\/www.alternatievemiddelen.nl\/es\/productos\/berkey-primerrite-universal-primer-pf-2-adapter\/\">PrimeRite<\/a> (un pico de goma azul). Con estos instrumentos se puede vaciar el elemento filtrante mediante un grifo. Se suministran de serie con el <a href=\"https:\/\/www.alternatievemiddelen.nl\/es\/productos\/elementos-filtrantes-de-agua-black-berkey\/\">Negro Berkey elementos<\/a> y <a href=\"https:\/\/www.alternatievemiddelen.nl\/es\/productos\/elementos-de-filtro-de-agua-boroux-foundation-black\/\">BOROUX Foundation\u2122 Elementos negros<\/a> se entregan en la caja. Si los pierde, puede volver a ped\u00edrnoslos por separado. Si la imprimaci\u00f3n con el grifo no funciona o el grifo no es adecuado, puede utilizar la imprimaci\u00f3n negra Berkey que se ofrece aqu\u00ed o la imprimaci\u00f3n <a href=\"https:\/\/www.alternatievemiddelen.nl\/es\/productos\/bomba-automatica-de-cebado-de-filtro-boroux\/\">Bomba autom\u00e1tica de cebado de filtros BOROUX<\/a>.<br \/>\n&nbsp;<\/p>\n<h3>La imprimaci\u00f3n negra Berkey<\/h3>\n<p>El cebador Black Berkey es una bomba de cebado manual que permite cebar f\u00e1cilmente los elementos Black Berkey o BOROUX Foundation\u2122 Black sin necesidad de un grifo u otro suministro de agua. El cebado satura los elementos con agua antes de su uso, esto permite que el agua est\u00e9 bien purificada en todo el elemento y tenga suficiente velocidad. Para utilizar el cebador, sumerja el elemento filtrante en agua y acople el cebador al v\u00e1stago del elemento. Al apretar el bulbo, el agua se dirigir\u00e1 hacia el centro del elemento filtrante. Una vez saturado el elemento, el agua corre a trav\u00e9s del cebador y sale por el otro lado. El elemento negro Berkey- o BOROUX Foundation\u2122 Black est\u00e1 listo para su uso.<\/p>\n<p>El Primer Negro Berkey tambi\u00e9n puede limpiar (o lavar a contracorriente) los elementos con aire en lugar de agua. Esto limpia los poros perforados de la pared del filtro de carb\u00f3n. Al limpiar los elementos se consiguen dos cosas: (1) se elimina la suciedad de los poros que se ha acumulado all\u00ed durante el uso, y (2) se reduce el tiempo necesario para secar los filtros antes de guardarlos.<\/p>","protected":false},"excerpt":{"rendered":"<p>El cebador Black Berkey permite cebar f\u00e1cilmente los elementos filtrantes Black Berkey o BOROUX Foundation\u2122 Black sin necesidad de grifo.<\/p>","protected":false},"featured_media":31236,"comment_status":"open","ping_status":"closed","template":"","meta":[],"product_brand":[],"product_cat":[2971,3099,3013],"product_tag":[2961,2974,3706,2976,3098,3026,3027,3028,3030,2885,2979,3012,2980,2981],"merk":[3432,3702],"class_list":{"0":"post-34414","1":"product","2":"type-product","3":"status-publish","4":"has-post-thumbnail","6":"product_cat-waterfilters","7":"product_cat-waterfilter-elementen","8":"product_cat-waterfilter-accessoires","9":"product_tag-berkey","10":"product_tag-black-berkey","11":"product_tag-boroux","12":"product_tag-filterelement","13":"product_tag-pomp","14":"product_tag-primen","15":"product_tag-primer","16":"product_tag-reinigen","17":"product_tag-set","18":"product_tag-water","19":"product_tag-waterfilter","20":"product_tag-waterfilters","21":"product_tag-waterzuivering","22":"product_tag-zuiver","23":"merk-berkey","24":"merk-boroux","26":"first","27":"instock","28":"taxable","29":"shipping-taxable","30":"purchasable","31":"product-type-simple"},"bundled_by":["34363","34412","34413"],"bundle_stock_status":"instock","bundle_stock_quantity":null,"bundle_virtual":false,"bundle_layout":"","bundle_add_to_cart_form_location":"","bundle_editable_in_cart":false,"bundle_sold_individually_context":"","bundle_item_grouping":"","bundle_min_size":"","bundle_max_size":"","bundle_price":[],"bundled_items":[],"bundle_sell_ids":[44176,34341,34462,47576,47890],"yoast_head":"<!-- This site is optimized with the Yoast SEO plugin v26.1 - https:\/\/yoast.com\/wordpress\/plugins\/seo\/ -->\n<title>Black Berkey Primer - Alternatievemiddelen.nl<\/title>\n<meta name=\"description\" content=\"De Black Berkey Primer maakt het mogelijk om eenvoudig Black Berkey- of BOROUX Foundation\u2122 Black filterelementen te primen zonder dat er een kraan nodig is.\" \/>\n<meta name=\"robots\" content=\"index, follow, max-snippet:-1, max-image-preview:large, max-video-preview:-1\" \/>\n<link rel=\"canonical\" href=\"https:\/\/www.alternatievemiddelen.nl\/es\/wp-json\/wp\/v2\/product\/34414\" \/>\n<meta property=\"og:locale\" content=\"es_ES\" \/>\n<meta property=\"og:type\" content=\"article\" \/>\n<meta property=\"og:title\" content=\"Black Berkey Primer - Alternatievemiddelen.nl\" \/>\n<meta property=\"og:description\" content=\"De Black Berkey Primer maakt het mogelijk om eenvoudig Black Berkey- of BOROUX Foundation\u2122 Black filterelementen te primen zonder dat er een kraan nodig is.\" \/>\n<meta property=\"og:url\" content=\"https:\/\/www.alternatievemiddelen.nl\/es\/productos\/black-berkey-primer\/\" \/>\n<meta property=\"og:site_name\" content=\"Alternatievemiddelen.nl\" \/>\n<meta property=\"article:publisher\" content=\"https:\/\/www.facebook.com\/alternatievemiddelen\" \/>\n<meta property=\"article:modified_time\" content=\"2026-01-13T01:29:39+00:00\" \/>\n<meta property=\"og:image\" content=\"\/wp-content\/uploads\/2023\/12\/Black-Berkey-primer-1.jpg\" \/>\n\t<meta property=\"og:image:width\" content=\"600\" \/>\n\t<meta property=\"og:image:height\" content=\"800\" \/>\n\t<meta property=\"og:image:type\" content=\"image\/jpeg\" \/>\n<meta name=\"twitter:card\" content=\"summary_large_image\" \/>\n<meta name=\"twitter:label1\" content=\"Tiempo de lectura\" \/>\n\t<meta name=\"twitter:data1\" content=\"3 minutos\" \/>\n<script type=\"application\/ld+json\" class=\"yoast-schema-graph\">{\"@context\":\"https:\/\/schema.org\",\"@graph\":[{\"@type\":[\"WebPage\",\"ItemPage\"],\"@id\":\"https:\/\/www.alternatievemiddelen.nl\/producten\/black-berkey-primer\/\",\"url\":\"https:\/\/www.alternatievemiddelen.nl\/producten\/black-berkey-primer\/\",\"name\":\"Black Berkey Primer - Alternatievemiddelen.nl\",\"isPartOf\":{\"@id\":\"https:\/\/www.alternatievemiddelen.nl\/#website\"},\"primaryImageOfPage\":{\"@id\":\"https:\/\/www.alternatievemiddelen.nl\/producten\/black-berkey-primer\/#primaryimage\"},\"image\":{\"@id\":\"https:\/\/www.alternatievemiddelen.nl\/producten\/black-berkey-primer\/#primaryimage\"},\"thumbnailUrl\":\"https:\/\/www.alternatievemiddelen.nl\/wp-content\/uploads\/2023\/12\/Black-Berkey-primer-1.jpg\",\"datePublished\":\"2024-02-27T07:21:44+00:00\",\"dateModified\":\"2026-01-13T01:29:39+00:00\",\"description\":\"De Black Berkey Primer maakt het mogelijk om eenvoudig Black Berkey- of BOROUX Foundation\u2122 Black filterelementen te primen zonder dat er een kraan nodig is.\",\"breadcrumb\":{\"@id\":\"https:\/\/www.alternatievemiddelen.nl\/producten\/black-berkey-primer\/#breadcrumb\"},\"inLanguage\":\"es\",\"potentialAction\":[{\"@type\":\"ReadAction\",\"target\":[\"https:\/\/www.alternatievemiddelen.nl\/producten\/black-berkey-primer\/\"]}]},{\"@type\":\"ImageObject\",\"inLanguage\":\"es\",\"@id\":\"https:\/\/www.alternatievemiddelen.nl\/producten\/black-berkey-primer\/#primaryimage\",\"url\":\"https:\/\/www.alternatievemiddelen.nl\/wp-content\/uploads\/2023\/12\/Black-Berkey-primer-1.jpg\",\"contentUrl\":\"https:\/\/www.alternatievemiddelen.nl\/wp-content\/uploads\/2023\/12\/Black-Berkey-primer-1.jpg\",\"width\":600,\"height\":800,\"caption\":\"Black Berkey primer\"},{\"@type\":\"BreadcrumbList\",\"@id\":\"https:\/\/www.alternatievemiddelen.nl\/producten\/black-berkey-primer\/#breadcrumb\",\"itemListElement\":[{\"@type\":\"ListItem\",\"position\":1,\"name\":\"Home\",\"item\":\"https:\/\/www.alternatievemiddelen.nl\/\"},{\"@type\":\"ListItem\",\"position\":2,\"name\":\"Producten\",\"item\":\"https:\/\/www.alternatievemiddelen.nl\/producten\/\"},{\"@type\":\"ListItem\",\"position\":3,\"name\":\"Black Berkey Primer\"}]},{\"@type\":\"WebSite\",\"@id\":\"https:\/\/www.alternatievemiddelen.nl\/#website\",\"url\":\"https:\/\/www.alternatievemiddelen.nl\/\",\"name\":\"Alternatievemiddelen.nl\",\"description\":\"Webshop met gezonde, duurzame en ecologische alternatieve mogelijkheden in de hedendaagse levenstijl. Alles uit eigen ervaring.\",\"publisher\":{\"@id\":\"https:\/\/www.alternatievemiddelen.nl\/#organization\"},\"alternateName\":\"Alternatieve Middelen\",\"potentialAction\":[{\"@type\":\"SearchAction\",\"target\":{\"@type\":\"EntryPoint\",\"urlTemplate\":\"https:\/\/www.alternatievemiddelen.nl\/?s={search_term_string}\"},\"query-input\":{\"@type\":\"PropertyValueSpecification\",\"valueRequired\":true,\"valueName\":\"search_term_string\"}}],\"inLanguage\":\"es\"},{\"@type\":\"Organization\",\"@id\":\"https:\/\/www.alternatievemiddelen.nl\/#organization\",\"name\":\"Alternatievemiddelen.nl\",\"alternateName\":\"Alternatieve Middelen\",\"url\":\"https:\/\/www.alternatievemiddelen.nl\/\",\"logo\":{\"@type\":\"ImageObject\",\"inLanguage\":\"es\",\"@id\":\"https:\/\/www.alternatievemiddelen.nl\/#\/schema\/logo\/image\/\",\"url\":\"https:\/\/www.alternatievemiddelen.nl\/wp-content\/uploads\/2023\/10\/alternatievemiddelen-PNG-logo.png\",\"contentUrl\":\"https:\/\/www.alternatievemiddelen.nl\/wp-content\/uploads\/2023\/10\/alternatievemiddelen-PNG-logo.png\",\"width\":6400,\"height\":3062,\"caption\":\"Alternatievemiddelen.nl\"},\"image\":{\"@id\":\"https:\/\/www.alternatievemiddelen.nl\/#\/schema\/logo\/image\/\"},\"sameAs\":[\"https:\/\/www.facebook.com\/alternatievemiddelen\",\"https:\/\/www.instagram.com\/alternatievemiddelen.nl\/\"]}]}<\/script>\n<!-- \/ Yoast SEO plugin. -->","yoast_head_json":{"title":"Black Berkey Primer - Alternatievemiddelen.nl","description":"De Black Berkey Primer maakt het mogelijk om eenvoudig Black Berkey- of BOROUX Foundation\u2122 Black filterelementen te primen zonder dat er een kraan nodig is.","robots":{"index":"index","follow":"follow","max-snippet":"max-snippet:-1","max-image-preview":"max-image-preview:large","max-video-preview":"max-video-preview:-1"},"canonical":"https:\/\/www.alternatievemiddelen.nl\/es\/wp-json\/wp\/v2\/product\/34414","og_locale":"es_ES","og_type":"article","og_title":"Black Berkey Primer - Alternatievemiddelen.nl","og_description":"De Black Berkey Primer maakt het mogelijk om eenvoudig Black Berkey- of BOROUX Foundation\u2122 Black filterelementen te primen zonder dat er een kraan nodig is.","og_url":"https:\/\/www.alternatievemiddelen.nl\/es\/productos\/black-berkey-primer\/","og_site_name":"Alternatievemiddelen.nl","article_publisher":"https:\/\/www.facebook.com\/alternatievemiddelen","article_modified_time":"2026-01-13T01:29:39+00:00","og_image":[{"width":600,"height":800,"url":"\/wp-content\/uploads\/2023\/12\/Black-Berkey-primer-1.jpg","type":"image\/jpeg"}],"twitter_card":"summary_large_image","twitter_misc":{"Tiempo de lectura":"3 minutos"},"schema":{"@context":"https:\/\/schema.org","@graph":[{"@type":["WebPage","ItemPage"],"@id":"https:\/\/www.alternatievemiddelen.nl\/producten\/black-berkey-primer\/","url":"https:\/\/www.alternatievemiddelen.nl\/producten\/black-berkey-primer\/","name":"Black Berkey Primer - Alternatievemiddelen.nl","isPartOf":{"@id":"https:\/\/www.alternatievemiddelen.nl\/#website"},"primaryImageOfPage":{"@id":"https:\/\/www.alternatievemiddelen.nl\/producten\/black-berkey-primer\/#primaryimage"},"image":{"@id":"https:\/\/www.alternatievemiddelen.nl\/producten\/black-berkey-primer\/#primaryimage"},"thumbnailUrl":"https:\/\/www.alternatievemiddelen.nl\/wp-content\/uploads\/2023\/12\/Black-Berkey-primer-1.jpg","datePublished":"2024-02-27T07:21:44+00:00","dateModified":"2026-01-13T01:29:39+00:00","description":"De Black Berkey Primer maakt het mogelijk om eenvoudig Black Berkey- of BOROUX Foundation\u2122 Black filterelementen te primen zonder dat er een kraan nodig is.","breadcrumb":{"@id":"https:\/\/www.alternatievemiddelen.nl\/producten\/black-berkey-primer\/#breadcrumb"},"inLanguage":"es","potentialAction":[{"@type":"ReadAction","target":["https:\/\/www.alternatievemiddelen.nl\/producten\/black-berkey-primer\/"]}]},{"@type":"ImageObject","inLanguage":"es","@id":"https:\/\/www.alternatievemiddelen.nl\/producten\/black-berkey-primer\/#primaryimage","url":"https:\/\/www.alternatievemiddelen.nl\/wp-content\/uploads\/2023\/12\/Black-Berkey-primer-1.jpg","contentUrl":"https:\/\/www.alternatievemiddelen.nl\/wp-content\/uploads\/2023\/12\/Black-Berkey-primer-1.jpg","width":600,"height":800,"caption":"Black Berkey primer"},{"@type":"BreadcrumbList","@id":"https:\/\/www.alternatievemiddelen.nl\/producten\/black-berkey-primer\/#breadcrumb","itemListElement":[{"@type":"ListItem","position":1,"name":"Home","item":"https:\/\/www.alternatievemiddelen.nl\/"},{"@type":"ListItem","position":2,"name":"Producten","item":"https:\/\/www.alternatievemiddelen.nl\/producten\/"},{"@type":"ListItem","position":3,"name":"Black Berkey Primer"}]},{"@type":"WebSite","@id":"https:\/\/www.alternatievemiddelen.nl\/#website","url":"https:\/\/www.alternatievemiddelen.nl\/","name":"Alternatievemiddelen.nl","description":"Webshop met gezonde, duurzame en ecologische alternatieve mogelijkheden in de hedendaagse levenstijl. Alles uit eigen ervaring.","publisher":{"@id":"https:\/\/www.alternatievemiddelen.nl\/#organization"},"alternateName":"Alternatieve Middelen","potentialAction":[{"@type":"SearchAction","target":{"@type":"EntryPoint","urlTemplate":"https:\/\/www.alternatievemiddelen.nl\/?s={search_term_string}"},"query-input":{"@type":"PropertyValueSpecification","valueRequired":true,"valueName":"search_term_string"}}],"inLanguage":"es"},{"@type":"Organization","@id":"https:\/\/www.alternatievemiddelen.nl\/#organization","name":"Alternatievemiddelen.nl","alternateName":"Alternatieve Middelen","url":"https:\/\/www.alternatievemiddelen.nl\/","logo":{"@type":"ImageObject","inLanguage":"es","@id":"https:\/\/www.alternatievemiddelen.nl\/#\/schema\/logo\/image\/","url":"https:\/\/www.alternatievemiddelen.nl\/wp-content\/uploads\/2023\/10\/alternatievemiddelen-PNG-logo.png","contentUrl":"https:\/\/www.alternatievemiddelen.nl\/wp-content\/uploads\/2023\/10\/alternatievemiddelen-PNG-logo.png","width":6400,"height":3062,"caption":"Alternatievemiddelen.nl"},"image":{"@id":"https:\/\/www.alternatievemiddelen.nl\/#\/schema\/logo\/image\/"},"sameAs":["https:\/\/www.facebook.com\/alternatievemiddelen","https:\/\/www.instagram.com\/alternatievemiddelen.nl\/"]}]}},"_links":{"self":[{"href":"https:\/\/www.alternatievemiddelen.nl\/es\/wp-json\/wp\/v2\/product\/34414","targetHints":{"allow":["GET"]}}],"collection":[{"href":"https:\/\/www.alternatievemiddelen.nl\/es\/wp-json\/wp\/v2\/product"}],"about":[{"href":"https:\/\/www.alternatievemiddelen.nl\/es\/wp-json\/wp\/v2\/types\/product"}],"replies":[{"embeddable":true,"href":"https:\/\/www.alternatievemiddelen.nl\/es\/wp-json\/wp\/v2\/comments?post=34414"}],"wp:featuredmedia":[{"embeddable":true,"href":"https:\/\/www.alternatievemiddelen.nl\/es\/wp-json\/wp\/v2\/media\/31236"}],"wp:attachment":[{"href":"https:\/\/www.alternatievemiddelen.nl\/es\/wp-json\/wp\/v2\/media?parent=34414"}],"wp:term":[{"taxonomy":"product_brand","embeddable":true,"href":"https:\/\/www.alternatievemiddelen.nl\/es\/wp-json\/wp\/v2\/product_brand?post=34414"},{"taxonomy":"product_cat","embeddable":true,"href":"https:\/\/www.alternatievemiddelen.nl\/es\/wp-json\/wp\/v2\/product_cat?post=34414"},{"taxonomy":"product_tag","embeddable":true,"href":"https:\/\/www.alternatievemiddelen.nl\/es\/wp-json\/wp\/v2\/product_tag?post=34414"},{"taxonomy":"merk","embeddable":true,"href":"https:\/\/www.alternatievemiddelen.nl\/es\/wp-json\/wp\/v2\/merk?post=34414"}],"curies":[{"name":"wp","href":"https:\/\/api.w.org\/{rel}","templated":true}]}}