{"id":34415,"date":"2024-02-27T08:21:44","date_gmt":"2024-02-27T07:21:44","guid":{"rendered":"https:\/\/www.alternatievemiddelen.nl\/?post_type=product&#038;p=34415"},"modified":"2026-05-07T15:28:20","modified_gmt":"2026-05-07T13:28:20","slug":"fluoride-en-arsenicum-filter-elementen","status":"publish","type":"product","link":"https:\/\/www.alternatievemiddelen.nl\/es\/productos\/elementos-filtrantes-de-fluor-y-arsenico\/","title":{"rendered":"Berkey Elementos filtrantes de fl\u00faor y ars\u00e9nico (PF-2) (2 piezas)"},"content":{"rendered":"<p>Los elementos filtrantes de fl\u00faor y ars\u00e9nico (PF-2) Berkey pueden a\u00f1adirse a su filtro de agua Berkey con <a href=\"https:\/\/www.alternatievemiddelen.nl\/es\/productos\/elementos-filtrantes-de-agua-black-berkey\/\">Negro Berkey elementos<\/a>. Estos elementos filtrantes eliminan contaminantes como fluoruro, ars\u00e9nico, MTBE (metil tert-butil \u00e9ter) y otros metales pesados. Estos elementos filtrantes est\u00e1n atornillados a los elementos de depuraci\u00f3n Black Berkey, en la c\u00e1mara inferior del filtro de agua Berkey. Estos elementos filtrantes de fl\u00faor y ars\u00e9nico (PF-2) act\u00faan as\u00ed como un filtro posterior para el filtro de agua Berkey. <a href=\"https:\/\/www.alternatievemiddelen.nl\/es\/productos\/elementos-filtrantes-de-agua-black-berkey\/\">Negro Berkey elementos<\/a> y son adecuados para todos los sistemas de filtrado de agua Berkey.<\/p>\n<p><b>Como distribuidor oficial de Berkey, s\u00f3lo vendemos los elementos filtrantes originales Berkey de fl\u00faor y ars\u00e9nico (PF-2).<\/b><br \/>\n&nbsp;<\/p>\n<h3>Ventajas Berkey Elementos filtrantes de fl\u00faor y ars\u00e9nico (PF-2):<\/h3>\n<ul>\n<li>Reduce eficazmente los siguientes contaminantes del agua: Fluoruro, Ars\u00e9nico V y Ars\u00e9nico III preoxidado y otros iones residuales de metales pesados<\/li>\n<li>Reduce la cantidad de fl\u00faor en el agua en 95%<\/li>\n<li>Act\u00faa como filtro posterior del <a href=\"https:\/\/www.alternatievemiddelen.nl\/es\/productos\/elementos-filtrantes-de-agua-black-berkey\/\">Negro Berkey elementos<\/a><\/li>\n<li>Adecuado para el <a href=\"https:\/\/www.alternatievemiddelen.nl\/es\/productos\/filtro-de-agua-berkey-light\/\">Berkey Light<\/a>, <a href=\"https:\/\/www.alternatievemiddelen.nl\/es\/productos\/filtro-de-agua-travel-berkey\/\">Travel Berkey<\/a>, <a href=\"https:\/\/www.alternatievemiddelen.nl\/es\/productos\/filtro-de-agua-big-berkey\/\">Big Berkey<\/a>, <a href=\"https:\/\/www.alternatievemiddelen.nl\/es\/productos\/filtro-de-agua-royal-berkey\/\">Royal Berkey<\/a>, <a href=\"https:\/\/www.alternatievemiddelen.nl\/es\/productos\/filtro-de-agua-imperial-berkey-3\/\">Imperial Berkey<\/a> y <a href=\"https:\/\/www.alternatievemiddelen.nl\/es\/productos\/filtro-de-agua-crown-berkey\/\">Crown Berkey<\/a><\/li>\n<li>F\u00e1cil de usar e instalar<\/li>\n<\/ul>\n<p>Estos elementos filtrantes Berkey utilizan un m\u00e9todo probado desarrollado para reducir el fl\u00faor en el agua potable. Berkey ha desarrollado este filtro para responder a las preocupaciones de muchas personas que consideran inaceptable la adici\u00f3n de fl\u00faor al agua potable. El fl\u00faor se ha a\u00f1adido deliberadamente a muchos suministros municipales de agua en algunos pa\u00edses desde la d\u00e9cada de 1950. Por eso, estos filtros pueden ser una bendici\u00f3n, sobre todo cuando se viaja.<\/p>\n<p>Siguen apareciendo nuevos informes y estudios sobre los efectos nocivos de a\u00f1adir fl\u00faor al agua potable. Estos elementos filtrantes de fl\u00faor y ars\u00e9nico (PF-2) Berkey le permiten reducir la cantidad de fl\u00faor en el agua hasta 95%. Han sido probados por un laboratorio independiente, v\u00e9ase el <a href=\"https:\/\/www.alternatievemiddelen.nl\/wp-content\/uploads\/2023\/07\/Testrapport-Berkey-PF-2-filterelementen.pdf\" target=\"_blank\" rel=\"noopener\">informe de laboratorio<\/a> para m\u00e1s detalles.<\/p>\n<p>Los elementos filtrantes de fl\u00faor y ars\u00e9nico duran hasta 3.700 litros de agua o 1 a\u00f1o, lo que ocurra primero.<br \/>\n&nbsp;<\/p>\n<h4>Preparaci\u00f3n para su uso<\/h4>\n<p>El primer paso es cebar los filtros de fl\u00faor y ars\u00e9nico. Es importante que esto se haga correctamente, ya que as\u00ed los filtros tambi\u00e9n estar\u00e1n completamente limpios por dentro. Para obtener ayuda sobre la instalaci\u00f3n, preguntas frecuentes y v\u00eddeos de instrucciones, consulte <a href=\"https:\/\/www.alternatievemiddelen.nl\/es\/la-biblioteca\/\">nuestra biblioteca<\/a>. Si falla el cebado, se <a href=\"https:\/\/www.alternatievemiddelen.nl\/es\/productos\/filtros-de-agua-berkey-kit-de-cebado\/\">Arrancador de cebado Kit<\/a> nos haga un pedido.<br \/>\n&nbsp;<\/p>\n<h4>-&gt; Tambi\u00e9n puede colocar estos elementos filtrantes de Fl\u00faor y Ars\u00e9nico (PF-2) en filtros de agua por gravedad de otras marcas y tambi\u00e9n se adaptan a los filtros BOROUX Foundation\u2122 Black y a los filtros Phoenix Gravity New Millennium Edition\u2122. Pero \u00a1AVISO! \u00a1S\u00f3lo en combinaci\u00f3n con los elementos filtrantes Black Berkey-, BOROUX Foundation\u2122 Black o Phoenix Gravity New Millennium Edition\u2122!<\/h4>","protected":false},"excerpt":{"rendered":"<p>Estos elementos filtrantes de fl\u00faor y ars\u00e9nico (PF-2) para el filtro de agua Berkey absorben el fl\u00faor, el ars\u00e9nico, el MTBE y otros metales pesados del agua potable.<\/p>","protected":false},"featured_media":30593,"comment_status":"open","ping_status":"closed","template":"","meta":[],"product_brand":[],"product_cat":[2971,3099,3013],"product_tag":[3215,2961,2964,2976,3216,3217,2979,3012],"merk":[3432,3702],"class_list":{"0":"post-34415","1":"product","2":"type-product","3":"status-publish","4":"has-post-thumbnail","6":"product_cat-waterfilters","7":"product_cat-waterfilter-elementen","8":"product_cat-waterfilter-accessoires","9":"product_tag-arsenicum","10":"product_tag-berkey","11":"product_tag-filter","12":"product_tag-filterelement","13":"product_tag-filterelementen","14":"product_tag-fluoride","15":"product_tag-waterfilter","16":"product_tag-waterfilters","17":"merk-berkey","18":"merk-boroux","20":"first","21":"instock","22":"taxable","23":"shipping-taxable","24":"purchasable","25":"product-type-simple"},"bundled_by":["34363","34341","34412","34413"],"bundle_stock_status":"instock","bundle_stock_quantity":null,"bundle_virtual":false,"bundle_layout":"","bundle_add_to_cart_form_location":"","bundle_editable_in_cart":false,"bundle_sold_individually_context":"","bundle_item_grouping":"","bundle_min_size":"","bundle_max_size":"","bundle_price":[],"bundled_items":[],"bundle_sell_ids":[44176,34341,49757,47576,34416],"yoast_head":"<!-- This site is optimized with the Yoast SEO plugin v26.1 - https:\/\/yoast.com\/wordpress\/plugins\/seo\/ -->\n<title>Berkey Fluoride en Arsenicum (PF-2) filterelementen (2 stuks) - Alternatievemiddelen.nl<\/title>\n<meta name=\"description\" content=\"Deze fluoride en arsenicum (PF-2) filterelementen voor de Berkey waterfilter absorberen fluoride, arsenicum, MTBE en andere zware metalen uit drinkwater.\" \/>\n<meta name=\"robots\" content=\"index, follow, max-snippet:-1, max-image-preview:large, max-video-preview:-1\" \/>\n<link rel=\"canonical\" href=\"https:\/\/www.alternatievemiddelen.nl\/es\/wp-json\/wp\/v2\/product\/34415\" \/>\n<meta property=\"og:locale\" content=\"es_ES\" \/>\n<meta property=\"og:type\" content=\"article\" \/>\n<meta property=\"og:title\" content=\"Berkey Fluoride en Arsenicum (PF-2) filterelementen (2 stuks) - Alternatievemiddelen.nl\" \/>\n<meta property=\"og:description\" content=\"Deze fluoride en arsenicum (PF-2) filterelementen voor de Berkey waterfilter absorberen fluoride, arsenicum, MTBE en andere zware metalen uit drinkwater.\" \/>\n<meta property=\"og:url\" content=\"https:\/\/www.alternatievemiddelen.nl\/es\/productos\/elementos-filtrantes-de-fluor-y-arsenico\/\" \/>\n<meta property=\"og:site_name\" content=\"Alternatievemiddelen.nl\" \/>\n<meta property=\"article:publisher\" content=\"https:\/\/www.facebook.com\/alternatievemiddelen\" \/>\n<meta property=\"article:modified_time\" content=\"2026-05-07T13:28:20+00:00\" \/>\n<meta property=\"og:image\" content=\"\/wp-content\/uploads\/2017\/11\/Fluoride-Arsenicum-PF-2-filterelementen.jpg\" \/>\n\t<meta property=\"og:image:width\" content=\"1200\" \/>\n\t<meta property=\"og:image:height\" content=\"1600\" \/>\n\t<meta property=\"og:image:type\" content=\"image\/jpeg\" \/>\n<meta name=\"twitter:card\" content=\"summary_large_image\" \/>\n<meta name=\"twitter:label1\" content=\"Tiempo de lectura\" \/>\n\t<meta name=\"twitter:data1\" content=\"3 minutos\" \/>\n<script type=\"application\/ld+json\" class=\"yoast-schema-graph\">{\"@context\":\"https:\/\/schema.org\",\"@graph\":[{\"@type\":[\"WebPage\",\"ItemPage\"],\"@id\":\"https:\/\/www.alternatievemiddelen.nl\/producten\/fluoride-en-arsenicum-filter-elementen\/\",\"url\":\"https:\/\/www.alternatievemiddelen.nl\/producten\/fluoride-en-arsenicum-filter-elementen\/\",\"name\":\"Berkey Fluoride en Arsenicum (PF-2) filterelementen (2 stuks) - Alternatievemiddelen.nl\",\"isPartOf\":{\"@id\":\"https:\/\/www.alternatievemiddelen.nl\/#website\"},\"primaryImageOfPage\":{\"@id\":\"https:\/\/www.alternatievemiddelen.nl\/producten\/fluoride-en-arsenicum-filter-elementen\/#primaryimage\"},\"image\":{\"@id\":\"https:\/\/www.alternatievemiddelen.nl\/producten\/fluoride-en-arsenicum-filter-elementen\/#primaryimage\"},\"thumbnailUrl\":\"https:\/\/www.alternatievemiddelen.nl\/wp-content\/uploads\/2017\/11\/Fluoride-Arsenicum-PF-2-filterelementen.jpg\",\"datePublished\":\"2024-02-27T07:21:44+00:00\",\"dateModified\":\"2026-05-07T13:28:20+00:00\",\"description\":\"Deze fluoride en arsenicum (PF-2) filterelementen voor de Berkey waterfilter absorberen fluoride, arsenicum, MTBE en andere zware metalen uit drinkwater.\",\"breadcrumb\":{\"@id\":\"https:\/\/www.alternatievemiddelen.nl\/producten\/fluoride-en-arsenicum-filter-elementen\/#breadcrumb\"},\"inLanguage\":\"es\",\"potentialAction\":[{\"@type\":\"ReadAction\",\"target\":[\"https:\/\/www.alternatievemiddelen.nl\/producten\/fluoride-en-arsenicum-filter-elementen\/\"]}]},{\"@type\":\"ImageObject\",\"inLanguage\":\"es\",\"@id\":\"https:\/\/www.alternatievemiddelen.nl\/producten\/fluoride-en-arsenicum-filter-elementen\/#primaryimage\",\"url\":\"https:\/\/www.alternatievemiddelen.nl\/wp-content\/uploads\/2017\/11\/Fluoride-Arsenicum-PF-2-filterelementen.jpg\",\"contentUrl\":\"https:\/\/www.alternatievemiddelen.nl\/wp-content\/uploads\/2017\/11\/Fluoride-Arsenicum-PF-2-filterelementen.jpg\",\"width\":1200,\"height\":1600,\"caption\":\"Fluoride en Arsenicum PF-2 filterelementen\"},{\"@type\":\"BreadcrumbList\",\"@id\":\"https:\/\/www.alternatievemiddelen.nl\/producten\/fluoride-en-arsenicum-filter-elementen\/#breadcrumb\",\"itemListElement\":[{\"@type\":\"ListItem\",\"position\":1,\"name\":\"Home\",\"item\":\"https:\/\/www.alternatievemiddelen.nl\/\"},{\"@type\":\"ListItem\",\"position\":2,\"name\":\"Producten\",\"item\":\"https:\/\/www.alternatievemiddelen.nl\/producten\/\"},{\"@type\":\"ListItem\",\"position\":3,\"name\":\"Berkey Fluoride en Arsenicum (PF-2) filterelementen (2 stuks)\"}]},{\"@type\":\"WebSite\",\"@id\":\"https:\/\/www.alternatievemiddelen.nl\/#website\",\"url\":\"https:\/\/www.alternatievemiddelen.nl\/\",\"name\":\"Alternatievemiddelen.nl\",\"description\":\"Webshop met gezonde, duurzame en ecologische alternatieve mogelijkheden in de hedendaagse levenstijl. Alles uit eigen ervaring.\",\"publisher\":{\"@id\":\"https:\/\/www.alternatievemiddelen.nl\/#organization\"},\"alternateName\":\"Alternatieve Middelen\",\"potentialAction\":[{\"@type\":\"SearchAction\",\"target\":{\"@type\":\"EntryPoint\",\"urlTemplate\":\"https:\/\/www.alternatievemiddelen.nl\/?s={search_term_string}\"},\"query-input\":{\"@type\":\"PropertyValueSpecification\",\"valueRequired\":true,\"valueName\":\"search_term_string\"}}],\"inLanguage\":\"es\"},{\"@type\":\"Organization\",\"@id\":\"https:\/\/www.alternatievemiddelen.nl\/#organization\",\"name\":\"Alternatievemiddelen.nl\",\"alternateName\":\"Alternatieve Middelen\",\"url\":\"https:\/\/www.alternatievemiddelen.nl\/\",\"logo\":{\"@type\":\"ImageObject\",\"inLanguage\":\"es\",\"@id\":\"https:\/\/www.alternatievemiddelen.nl\/#\/schema\/logo\/image\/\",\"url\":\"https:\/\/www.alternatievemiddelen.nl\/wp-content\/uploads\/2023\/10\/alternatievemiddelen-PNG-logo.png\",\"contentUrl\":\"https:\/\/www.alternatievemiddelen.nl\/wp-content\/uploads\/2023\/10\/alternatievemiddelen-PNG-logo.png\",\"width\":6400,\"height\":3062,\"caption\":\"Alternatievemiddelen.nl\"},\"image\":{\"@id\":\"https:\/\/www.alternatievemiddelen.nl\/#\/schema\/logo\/image\/\"},\"sameAs\":[\"https:\/\/www.facebook.com\/alternatievemiddelen\",\"https:\/\/www.instagram.com\/alternatievemiddelen.nl\/\"]}]}<\/script>\n<!-- \/ Yoast SEO plugin. -->","yoast_head_json":{"title":"Berkey Fluoride en Arsenicum (PF-2) filterelementen (2 stuks) - Alternatievemiddelen.nl","description":"Deze fluoride en arsenicum (PF-2) filterelementen voor de Berkey waterfilter absorberen fluoride, arsenicum, MTBE en andere zware metalen uit drinkwater.","robots":{"index":"index","follow":"follow","max-snippet":"max-snippet:-1","max-image-preview":"max-image-preview:large","max-video-preview":"max-video-preview:-1"},"canonical":"https:\/\/www.alternatievemiddelen.nl\/es\/wp-json\/wp\/v2\/product\/34415","og_locale":"es_ES","og_type":"article","og_title":"Berkey Fluoride en Arsenicum (PF-2) filterelementen (2 stuks) - Alternatievemiddelen.nl","og_description":"Deze fluoride en arsenicum (PF-2) filterelementen voor de Berkey waterfilter absorberen fluoride, arsenicum, MTBE en andere zware metalen uit drinkwater.","og_url":"https:\/\/www.alternatievemiddelen.nl\/es\/productos\/elementos-filtrantes-de-fluor-y-arsenico\/","og_site_name":"Alternatievemiddelen.nl","article_publisher":"https:\/\/www.facebook.com\/alternatievemiddelen","article_modified_time":"2026-05-07T13:28:20+00:00","og_image":[{"width":1200,"height":1600,"url":"\/wp-content\/uploads\/2017\/11\/Fluoride-Arsenicum-PF-2-filterelementen.jpg","type":"image\/jpeg"}],"twitter_card":"summary_large_image","twitter_misc":{"Tiempo de lectura":"3 minutos"},"schema":{"@context":"https:\/\/schema.org","@graph":[{"@type":["WebPage","ItemPage"],"@id":"https:\/\/www.alternatievemiddelen.nl\/producten\/fluoride-en-arsenicum-filter-elementen\/","url":"https:\/\/www.alternatievemiddelen.nl\/producten\/fluoride-en-arsenicum-filter-elementen\/","name":"Berkey Fluoride en Arsenicum (PF-2) filterelementen (2 stuks) - Alternatievemiddelen.nl","isPartOf":{"@id":"https:\/\/www.alternatievemiddelen.nl\/#website"},"primaryImageOfPage":{"@id":"https:\/\/www.alternatievemiddelen.nl\/producten\/fluoride-en-arsenicum-filter-elementen\/#primaryimage"},"image":{"@id":"https:\/\/www.alternatievemiddelen.nl\/producten\/fluoride-en-arsenicum-filter-elementen\/#primaryimage"},"thumbnailUrl":"https:\/\/www.alternatievemiddelen.nl\/wp-content\/uploads\/2017\/11\/Fluoride-Arsenicum-PF-2-filterelementen.jpg","datePublished":"2024-02-27T07:21:44+00:00","dateModified":"2026-05-07T13:28:20+00:00","description":"Deze fluoride en arsenicum (PF-2) filterelementen voor de Berkey waterfilter absorberen fluoride, arsenicum, MTBE en andere zware metalen uit drinkwater.","breadcrumb":{"@id":"https:\/\/www.alternatievemiddelen.nl\/producten\/fluoride-en-arsenicum-filter-elementen\/#breadcrumb"},"inLanguage":"es","potentialAction":[{"@type":"ReadAction","target":["https:\/\/www.alternatievemiddelen.nl\/producten\/fluoride-en-arsenicum-filter-elementen\/"]}]},{"@type":"ImageObject","inLanguage":"es","@id":"https:\/\/www.alternatievemiddelen.nl\/producten\/fluoride-en-arsenicum-filter-elementen\/#primaryimage","url":"https:\/\/www.alternatievemiddelen.nl\/wp-content\/uploads\/2017\/11\/Fluoride-Arsenicum-PF-2-filterelementen.jpg","contentUrl":"https:\/\/www.alternatievemiddelen.nl\/wp-content\/uploads\/2017\/11\/Fluoride-Arsenicum-PF-2-filterelementen.jpg","width":1200,"height":1600,"caption":"Fluoride en Arsenicum PF-2 filterelementen"},{"@type":"BreadcrumbList","@id":"https:\/\/www.alternatievemiddelen.nl\/producten\/fluoride-en-arsenicum-filter-elementen\/#breadcrumb","itemListElement":[{"@type":"ListItem","position":1,"name":"Home","item":"https:\/\/www.alternatievemiddelen.nl\/"},{"@type":"ListItem","position":2,"name":"Producten","item":"https:\/\/www.alternatievemiddelen.nl\/producten\/"},{"@type":"ListItem","position":3,"name":"Berkey Fluoride en Arsenicum (PF-2) filterelementen (2 stuks)"}]},{"@type":"WebSite","@id":"https:\/\/www.alternatievemiddelen.nl\/#website","url":"https:\/\/www.alternatievemiddelen.nl\/","name":"Alternatievemiddelen.nl","description":"Webshop met gezonde, duurzame en ecologische alternatieve mogelijkheden in de hedendaagse levenstijl. Alles uit eigen ervaring.","publisher":{"@id":"https:\/\/www.alternatievemiddelen.nl\/#organization"},"alternateName":"Alternatieve Middelen","potentialAction":[{"@type":"SearchAction","target":{"@type":"EntryPoint","urlTemplate":"https:\/\/www.alternatievemiddelen.nl\/?s={search_term_string}"},"query-input":{"@type":"PropertyValueSpecification","valueRequired":true,"valueName":"search_term_string"}}],"inLanguage":"es"},{"@type":"Organization","@id":"https:\/\/www.alternatievemiddelen.nl\/#organization","name":"Alternatievemiddelen.nl","alternateName":"Alternatieve Middelen","url":"https:\/\/www.alternatievemiddelen.nl\/","logo":{"@type":"ImageObject","inLanguage":"es","@id":"https:\/\/www.alternatievemiddelen.nl\/#\/schema\/logo\/image\/","url":"https:\/\/www.alternatievemiddelen.nl\/wp-content\/uploads\/2023\/10\/alternatievemiddelen-PNG-logo.png","contentUrl":"https:\/\/www.alternatievemiddelen.nl\/wp-content\/uploads\/2023\/10\/alternatievemiddelen-PNG-logo.png","width":6400,"height":3062,"caption":"Alternatievemiddelen.nl"},"image":{"@id":"https:\/\/www.alternatievemiddelen.nl\/#\/schema\/logo\/image\/"},"sameAs":["https:\/\/www.facebook.com\/alternatievemiddelen","https:\/\/www.instagram.com\/alternatievemiddelen.nl\/"]}]}},"_links":{"self":[{"href":"https:\/\/www.alternatievemiddelen.nl\/es\/wp-json\/wp\/v2\/product\/34415","targetHints":{"allow":["GET"]}}],"collection":[{"href":"https:\/\/www.alternatievemiddelen.nl\/es\/wp-json\/wp\/v2\/product"}],"about":[{"href":"https:\/\/www.alternatievemiddelen.nl\/es\/wp-json\/wp\/v2\/types\/product"}],"replies":[{"embeddable":true,"href":"https:\/\/www.alternatievemiddelen.nl\/es\/wp-json\/wp\/v2\/comments?post=34415"}],"wp:featuredmedia":[{"embeddable":true,"href":"https:\/\/www.alternatievemiddelen.nl\/es\/wp-json\/wp\/v2\/media\/30593"}],"wp:attachment":[{"href":"https:\/\/www.alternatievemiddelen.nl\/es\/wp-json\/wp\/v2\/media?parent=34415"}],"wp:term":[{"taxonomy":"product_brand","embeddable":true,"href":"https:\/\/www.alternatievemiddelen.nl\/es\/wp-json\/wp\/v2\/product_brand?post=34415"},{"taxonomy":"product_cat","embeddable":true,"href":"https:\/\/www.alternatievemiddelen.nl\/es\/wp-json\/wp\/v2\/product_cat?post=34415"},{"taxonomy":"product_tag","embeddable":true,"href":"https:\/\/www.alternatievemiddelen.nl\/es\/wp-json\/wp\/v2\/product_tag?post=34415"},{"taxonomy":"merk","embeddable":true,"href":"https:\/\/www.alternatievemiddelen.nl\/es\/wp-json\/wp\/v2\/merk?post=34415"}],"curies":[{"name":"wp","href":"https:\/\/api.w.org\/{rel}","templated":true}]}}