{"id":34418,"date":"2024-02-27T08:21:46","date_gmt":"2024-02-27T07:21:46","guid":{"rendered":"https:\/\/www.alternatievemiddelen.nl\/?post_type=product&#038;p=34418"},"modified":"2026-02-19T09:23:56","modified_gmt":"2026-02-19T08:23:56","slug":"mollers-omega-3-levertraan-citroen-250ml","status":"publish","type":"product","link":"https:\/\/www.alternatievemiddelen.nl\/es\/productos\/mollers-omega-3-aceite-de-higado-de-bacalao-limon-250ml\/","title":{"rendered":"M\u00f6llers Omega-3 aceite de h\u00edgado de bacalao lim\u00f3n 250ml"},"content":{"rendered":"<p>M\u00f6llers Omega-3 aceite de h\u00edgado de bacalao lim\u00f3n, puro aceite de pescado noruego con fresco sabor a lim\u00f3n. Procedente de bacalao del \u00c1rtico capturado de forma sostenible. Una combinaci\u00f3n \u00fanica de omega-3 natural y vitaminas A, D y E.<\/p>\n<p>- Aceite de h\u00edgado de bacalao puro con un suave sabor a lim\u00f3n natural; galardonado con el Superior Taste Award por su excepcional sabor.<br \/>\n- 100% de bacalao salvaje del \u00c1rtico, capturado de forma sostenible cerca de Lofoten, en Noruega.<br \/>\n- Omega-3 de alta calidad en su forma m\u00e1s pura, con vitaminas A, D3 y E.<br \/>\n- Aceite de pescado fresco con un valor de oxidaci\u00f3n muy bajo (totox &lt; 5); por lo tanto, no provoca eructos.<br \/>\n- Los \u00e1cidos grasos omega-3 tienen su forma natural de triglic\u00e9ridos, por lo que se absorben mejor en el organismo que los \u00e9steres et\u00edlicos.<br \/>\n- L\u00edquido, por lo que es f\u00e1cil de tomar; s\u00f3lo una cucharada de postre al d\u00eda.<\/p>\n<p>El aceite de h\u00edgado de bacalao Omega-3 lim\u00f3n de M\u00f6llers no contiene conservantes, colorantes ni aromas artificiales, ni az\u00facares ni edulcorantes.<\/p>\n<p>- Los \u00e1cidos grasos omega-3 EPA y DHA son buenos para el coraz\u00f3n (con una ingesta diaria m\u00ednima de 250 mg de DHA y EPA)<br \/>\n- El \u00e1cido graso omega-3 DHA es bueno para la funci\u00f3n cerebral y la visi\u00f3n (con una ingesta diaria m\u00ednima de 250 mg de DHA)<br \/>\n- La vitamina D favorece la resistencia, la funci\u00f3n muscular y el mantenimiento de huesos y dientes fuertes.<br \/>\n- La vitamina A tiene efectos positivos sobre el sistema inmunitario, la piel y la visi\u00f3n.<\/p>\n<p><b>Composici\u00f3n\/Valor nutritivo por dosis diaria de 5 ml:<\/b><\/p>\n<table border=\"0\" width=\"50%\">\n<tbody>\n<tr>\n<td><b>Valor nutritivo<\/b><\/td>\n<td><b>Por 5 ml<\/b><\/td>\n<\/tr>\n<tr>\n<td>\u00c1cidos grasos omega-3<\/td>\n<td>1,2 g<\/td>\n<\/tr>\n<tr>\n<td>- DHA (\u00e1cido docosahexaenoico)<\/td>\n<td>0,5 g<\/td>\n<\/tr>\n<tr>\n<td>- EPA (\u00e1cido eicosapentaenoico)<\/td>\n<td>0,4 g<\/td>\n<\/tr>\n<tr>\n<td>Vitamina D<\/td>\n<td>10 mcg (200%*)<\/td>\n<\/tr>\n<tr>\n<td>Vitamina A<\/td>\n<td>250 mcg (31%*)<\/td>\n<\/tr>\n<tr>\n<td>Vitamina E<\/td>\n<td>3 mg (25%*)<\/td>\n<\/tr>\n<\/tbody>\n<\/table>\n<p>* De la ingesta de referencia.<\/p>\n<h4>Ingredientes M\u00f6llers Omega-3 aceite de h\u00edgado de bacalao lim\u00f3n<\/h4>\n<p>Aceite de h\u00edgado de bacalao (procedente de bacalao del \u00c1rtico capturado de forma sostenible), aroma natural de lim\u00f3n, acetato de dl-alfa-tocoferilo (vitamina E) y tocoferol natural (antioxidante).<\/p>\n<p><u>Utilice<\/u><br \/>\n1 dosis diaria de 5 ml (1 cucharada de postre). Para adultos y ni\u00f1os a partir de 6 meses. Tambi\u00e9n recomendado para mujeres embarazadas y en per\u00edodo de lactancia.<\/p>\n<p>Una vez abierto, cons\u00e9rvese en el frigor\u00edfico para mantener su frescura.<br \/>\nUna vez abierto, el aceite de pescado tiene una caducidad de 3 meses.<\/p>\n<p>Este producto es un suplemento diet\u00e9tico.<\/p>\n<p>No superar la dosis recomendada.<\/p>\n<p>Una dieta variada y equilibrada y un estilo de vida sano son importantes. Un suplemento diet\u00e9tico no sustituye a una dieta variada.<\/p>\n<p>Mantener fuera del alcance de los ni\u00f1os peque\u00f1os.<\/p>\n<p>Cons\u00e9rvese seco, cerrado y a temperatura ambiente, salvo indicaci\u00f3n contraria en la etiqueta.<\/p>\n<p>Consulte a un experto antes de tomar suplementos en caso de embarazo, lactancia, uso de medicamentos y enfermedad.<\/p>","protected":false},"excerpt":{"rendered":"<p>M\u00f6llers Omega-3 aceite de h\u00edgado de bacalao lim\u00f3n, puro aceite de pescado noruego con fresco sabor a lim\u00f3n. Una combinaci\u00f3n \u00fanica de omega-3 natural y vitaminas A, D y E.<\/p>","protected":false},"featured_media":31730,"comment_status":"open","ping_status":"closed","template":"","meta":[],"product_brand":[],"product_cat":[2938],"product_tag":[3096,3294,3295],"merk":[3445],"class_list":{"0":"post-34418","1":"product","2":"type-product","3":"status-publish","4":"has-post-thumbnail","6":"product_cat-vitamines-mineralen-en-supplementen","7":"product_tag-citroen","8":"product_tag-mollers","9":"product_tag-omega-3","10":"merk-mollers","12":"first","13":"instock","14":"taxable","15":"shipping-taxable","16":"purchasable","17":"product-type-simple"},"bundled_by":[],"bundle_stock_status":"instock","bundle_stock_quantity":null,"bundle_virtual":false,"bundle_layout":"","bundle_add_to_cart_form_location":"","bundle_editable_in_cart":false,"bundle_sold_individually_context":"","bundle_item_grouping":"","bundle_min_size":"","bundle_max_size":"","bundle_price":[],"bundled_items":[],"bundle_sell_ids":[],"yoast_head":"<!-- This site is optimized with the Yoast SEO plugin v26.1 - https:\/\/yoast.com\/wordpress\/plugins\/seo\/ -->\n<title>M\u00f6llers Omega-3 levertraan citroen 250ml - Alternatievemiddelen.nl<\/title>\n<meta name=\"description\" content=\"M\u00f6llers Omega-3 levertraan citroen, pure Noorse visolie met frisse citroensmaak. Een unieke combinatie van natuurlijke omega-3 en vitamine A, D en E.\" \/>\n<meta name=\"robots\" content=\"noindex, follow\" \/>\n<meta property=\"og:locale\" content=\"es_ES\" \/>\n<meta property=\"og:type\" content=\"article\" \/>\n<meta property=\"og:title\" content=\"M\u00f6llers Omega-3 levertraan citroen 250ml - Alternatievemiddelen.nl\" \/>\n<meta property=\"og:description\" content=\"M\u00f6llers Omega-3 levertraan citroen, pure Noorse visolie met frisse citroensmaak. Een unieke combinatie van natuurlijke omega-3 en vitamine A, D en E.\" \/>\n<meta property=\"og:url\" content=\"https:\/\/www.alternatievemiddelen.nl\/es\/productos\/mollers-omega-3-aceite-de-higado-de-bacalao-limon-250ml\/\" \/>\n<meta property=\"og:site_name\" content=\"Alternatievemiddelen.nl\" \/>\n<meta property=\"article:modified_time\" content=\"2026-02-19T08:23:56+00:00\" \/>\n<meta property=\"og:image\" content=\"\/wp-content\/uploads\/2023\/12\/mollers-omega-3-levertraan-citroen-250ml.jpg\" \/>\n\t<meta property=\"og:image:width\" content=\"600\" \/>\n\t<meta property=\"og:image:height\" content=\"800\" \/>\n\t<meta property=\"og:image:type\" content=\"image\/jpeg\" \/>\n<meta name=\"twitter:card\" content=\"summary_large_image\" \/>\n<meta name=\"twitter:label1\" content=\"Tiempo de lectura\" \/>\n\t<meta name=\"twitter:data1\" content=\"2 minutos\" \/>\n<script type=\"application\/ld+json\" class=\"yoast-schema-graph\">{\"@context\":\"https:\/\/schema.org\",\"@graph\":[{\"@type\":[\"WebPage\",\"ItemPage\"],\"@id\":\"https:\/\/www.alternatievemiddelen.nl\/producten\/mollers-omega-3-levertraan-citroen-250ml\/\",\"url\":\"https:\/\/www.alternatievemiddelen.nl\/producten\/mollers-omega-3-levertraan-citroen-250ml\/\",\"name\":\"M\u00f6llers Omega-3 levertraan citroen 250ml - Alternatievemiddelen.nl\",\"isPartOf\":{\"@id\":\"https:\/\/www.alternatievemiddelen.nl\/#website\"},\"primaryImageOfPage\":{\"@id\":\"https:\/\/www.alternatievemiddelen.nl\/producten\/mollers-omega-3-levertraan-citroen-250ml\/#primaryimage\"},\"image\":{\"@id\":\"https:\/\/www.alternatievemiddelen.nl\/producten\/mollers-omega-3-levertraan-citroen-250ml\/#primaryimage\"},\"thumbnailUrl\":\"https:\/\/www.alternatievemiddelen.nl\/wp-content\/uploads\/2023\/12\/mollers-omega-3-levertraan-citroen-250ml.jpg\",\"datePublished\":\"2024-02-27T07:21:46+00:00\",\"dateModified\":\"2026-02-19T08:23:56+00:00\",\"description\":\"M\u00f6llers Omega-3 levertraan citroen, pure Noorse visolie met frisse citroensmaak. Een unieke combinatie van natuurlijke omega-3 en vitamine A, D en E.\",\"breadcrumb\":{\"@id\":\"https:\/\/www.alternatievemiddelen.nl\/producten\/mollers-omega-3-levertraan-citroen-250ml\/#breadcrumb\"},\"inLanguage\":\"es\",\"potentialAction\":[{\"@type\":\"ReadAction\",\"target\":[\"https:\/\/www.alternatievemiddelen.nl\/producten\/mollers-omega-3-levertraan-citroen-250ml\/\"]}]},{\"@type\":\"ImageObject\",\"inLanguage\":\"es\",\"@id\":\"https:\/\/www.alternatievemiddelen.nl\/producten\/mollers-omega-3-levertraan-citroen-250ml\/#primaryimage\",\"url\":\"https:\/\/www.alternatievemiddelen.nl\/wp-content\/uploads\/2023\/12\/mollers-omega-3-levertraan-citroen-250ml.jpg\",\"contentUrl\":\"https:\/\/www.alternatievemiddelen.nl\/wp-content\/uploads\/2023\/12\/mollers-omega-3-levertraan-citroen-250ml.jpg\",\"width\":600,\"height\":800,\"caption\":\"Omega 3 levertraan van Moller's\"},{\"@type\":\"BreadcrumbList\",\"@id\":\"https:\/\/www.alternatievemiddelen.nl\/producten\/mollers-omega-3-levertraan-citroen-250ml\/#breadcrumb\",\"itemListElement\":[{\"@type\":\"ListItem\",\"position\":1,\"name\":\"Home\",\"item\":\"https:\/\/www.alternatievemiddelen.nl\/\"},{\"@type\":\"ListItem\",\"position\":2,\"name\":\"Producten\",\"item\":\"https:\/\/www.alternatievemiddelen.nl\/producten\/\"},{\"@type\":\"ListItem\",\"position\":3,\"name\":\"M\u00f6llers Omega-3 levertraan citroen 250ml\"}]},{\"@type\":\"WebSite\",\"@id\":\"https:\/\/www.alternatievemiddelen.nl\/#website\",\"url\":\"https:\/\/www.alternatievemiddelen.nl\/\",\"name\":\"Alternatievemiddelen.nl\",\"description\":\"Webshop met gezonde, duurzame en ecologische alternatieve mogelijkheden in de hedendaagse levenstijl. Alles uit eigen ervaring.\",\"publisher\":{\"@id\":\"https:\/\/www.alternatievemiddelen.nl\/#organization\"},\"potentialAction\":[{\"@type\":\"SearchAction\",\"target\":{\"@type\":\"EntryPoint\",\"urlTemplate\":\"https:\/\/www.alternatievemiddelen.nl\/?s={search_term_string}\"},\"query-input\":{\"@type\":\"PropertyValueSpecification\",\"valueRequired\":true,\"valueName\":\"search_term_string\"}}],\"inLanguage\":\"es\"},{\"@type\":\"Organization\",\"@id\":\"https:\/\/www.alternatievemiddelen.nl\/#organization\",\"name\":\"Alternatievemiddelen.nl\",\"url\":\"https:\/\/www.alternatievemiddelen.nl\/\",\"logo\":{\"@type\":\"ImageObject\",\"inLanguage\":\"es\",\"@id\":\"https:\/\/www.alternatievemiddelen.nl\/#\/schema\/logo\/image\/\",\"url\":\"https:\/\/www.alternatievemiddelen.nl\/wp-content\/uploads\/2023\/10\/alternatievemiddelen-PNG-logo.png\",\"contentUrl\":\"https:\/\/www.alternatievemiddelen.nl\/wp-content\/uploads\/2023\/10\/alternatievemiddelen-PNG-logo.png\",\"width\":6400,\"height\":3062,\"caption\":\"Alternatievemiddelen.nl\"},\"image\":{\"@id\":\"https:\/\/www.alternatievemiddelen.nl\/#\/schema\/logo\/image\/\"}}]}<\/script>\n<!-- \/ Yoast SEO plugin. -->","yoast_head_json":{"title":"M\u00f6llers Omega-3 levertraan citroen 250ml - Alternatievemiddelen.nl","description":"M\u00f6llers Omega-3 levertraan citroen, pure Noorse visolie met frisse citroensmaak. Een unieke combinatie van natuurlijke omega-3 en vitamine A, D en E.","robots":{"index":"noindex","follow":"follow"},"og_locale":"es_ES","og_type":"article","og_title":"M\u00f6llers Omega-3 levertraan citroen 250ml - Alternatievemiddelen.nl","og_description":"M\u00f6llers Omega-3 levertraan citroen, pure Noorse visolie met frisse citroensmaak. Een unieke combinatie van natuurlijke omega-3 en vitamine A, D en E.","og_url":"https:\/\/www.alternatievemiddelen.nl\/es\/productos\/mollers-omega-3-aceite-de-higado-de-bacalao-limon-250ml\/","og_site_name":"Alternatievemiddelen.nl","article_modified_time":"2026-02-19T08:23:56+00:00","og_image":[{"width":600,"height":800,"url":"\/wp-content\/uploads\/2023\/12\/mollers-omega-3-levertraan-citroen-250ml.jpg","type":"image\/jpeg"}],"twitter_card":"summary_large_image","twitter_misc":{"Tiempo de lectura":"2 minutos"},"schema":{"@context":"https:\/\/schema.org","@graph":[{"@type":["WebPage","ItemPage"],"@id":"https:\/\/www.alternatievemiddelen.nl\/producten\/mollers-omega-3-levertraan-citroen-250ml\/","url":"https:\/\/www.alternatievemiddelen.nl\/producten\/mollers-omega-3-levertraan-citroen-250ml\/","name":"M\u00f6llers Omega-3 levertraan citroen 250ml - Alternatievemiddelen.nl","isPartOf":{"@id":"https:\/\/www.alternatievemiddelen.nl\/#website"},"primaryImageOfPage":{"@id":"https:\/\/www.alternatievemiddelen.nl\/producten\/mollers-omega-3-levertraan-citroen-250ml\/#primaryimage"},"image":{"@id":"https:\/\/www.alternatievemiddelen.nl\/producten\/mollers-omega-3-levertraan-citroen-250ml\/#primaryimage"},"thumbnailUrl":"https:\/\/www.alternatievemiddelen.nl\/wp-content\/uploads\/2023\/12\/mollers-omega-3-levertraan-citroen-250ml.jpg","datePublished":"2024-02-27T07:21:46+00:00","dateModified":"2026-02-19T08:23:56+00:00","description":"M\u00f6llers Omega-3 levertraan citroen, pure Noorse visolie met frisse citroensmaak. Een unieke combinatie van natuurlijke omega-3 en vitamine A, D en E.","breadcrumb":{"@id":"https:\/\/www.alternatievemiddelen.nl\/producten\/mollers-omega-3-levertraan-citroen-250ml\/#breadcrumb"},"inLanguage":"es","potentialAction":[{"@type":"ReadAction","target":["https:\/\/www.alternatievemiddelen.nl\/producten\/mollers-omega-3-levertraan-citroen-250ml\/"]}]},{"@type":"ImageObject","inLanguage":"es","@id":"https:\/\/www.alternatievemiddelen.nl\/producten\/mollers-omega-3-levertraan-citroen-250ml\/#primaryimage","url":"https:\/\/www.alternatievemiddelen.nl\/wp-content\/uploads\/2023\/12\/mollers-omega-3-levertraan-citroen-250ml.jpg","contentUrl":"https:\/\/www.alternatievemiddelen.nl\/wp-content\/uploads\/2023\/12\/mollers-omega-3-levertraan-citroen-250ml.jpg","width":600,"height":800,"caption":"Omega 3 levertraan van Moller's"},{"@type":"BreadcrumbList","@id":"https:\/\/www.alternatievemiddelen.nl\/producten\/mollers-omega-3-levertraan-citroen-250ml\/#breadcrumb","itemListElement":[{"@type":"ListItem","position":1,"name":"Home","item":"https:\/\/www.alternatievemiddelen.nl\/"},{"@type":"ListItem","position":2,"name":"Producten","item":"https:\/\/www.alternatievemiddelen.nl\/producten\/"},{"@type":"ListItem","position":3,"name":"M\u00f6llers Omega-3 levertraan citroen 250ml"}]},{"@type":"WebSite","@id":"https:\/\/www.alternatievemiddelen.nl\/#website","url":"https:\/\/www.alternatievemiddelen.nl\/","name":"Alternatievemiddelen.nl","description":"Webshop met gezonde, duurzame en ecologische alternatieve mogelijkheden in de hedendaagse levenstijl. Alles uit eigen ervaring.","publisher":{"@id":"https:\/\/www.alternatievemiddelen.nl\/#organization"},"potentialAction":[{"@type":"SearchAction","target":{"@type":"EntryPoint","urlTemplate":"https:\/\/www.alternatievemiddelen.nl\/?s={search_term_string}"},"query-input":{"@type":"PropertyValueSpecification","valueRequired":true,"valueName":"search_term_string"}}],"inLanguage":"es"},{"@type":"Organization","@id":"https:\/\/www.alternatievemiddelen.nl\/#organization","name":"Alternatievemiddelen.nl","url":"https:\/\/www.alternatievemiddelen.nl\/","logo":{"@type":"ImageObject","inLanguage":"es","@id":"https:\/\/www.alternatievemiddelen.nl\/#\/schema\/logo\/image\/","url":"https:\/\/www.alternatievemiddelen.nl\/wp-content\/uploads\/2023\/10\/alternatievemiddelen-PNG-logo.png","contentUrl":"https:\/\/www.alternatievemiddelen.nl\/wp-content\/uploads\/2023\/10\/alternatievemiddelen-PNG-logo.png","width":6400,"height":3062,"caption":"Alternatievemiddelen.nl"},"image":{"@id":"https:\/\/www.alternatievemiddelen.nl\/#\/schema\/logo\/image\/"}}]}},"_links":{"self":[{"href":"https:\/\/www.alternatievemiddelen.nl\/es\/wp-json\/wp\/v2\/product\/34418","targetHints":{"allow":["GET"]}}],"collection":[{"href":"https:\/\/www.alternatievemiddelen.nl\/es\/wp-json\/wp\/v2\/product"}],"about":[{"href":"https:\/\/www.alternatievemiddelen.nl\/es\/wp-json\/wp\/v2\/types\/product"}],"replies":[{"embeddable":true,"href":"https:\/\/www.alternatievemiddelen.nl\/es\/wp-json\/wp\/v2\/comments?post=34418"}],"wp:featuredmedia":[{"embeddable":true,"href":"https:\/\/www.alternatievemiddelen.nl\/es\/wp-json\/wp\/v2\/media\/31730"}],"wp:attachment":[{"href":"https:\/\/www.alternatievemiddelen.nl\/es\/wp-json\/wp\/v2\/media?parent=34418"}],"wp:term":[{"taxonomy":"product_brand","embeddable":true,"href":"https:\/\/www.alternatievemiddelen.nl\/es\/wp-json\/wp\/v2\/product_brand?post=34418"},{"taxonomy":"product_cat","embeddable":true,"href":"https:\/\/www.alternatievemiddelen.nl\/es\/wp-json\/wp\/v2\/product_cat?post=34418"},{"taxonomy":"product_tag","embeddable":true,"href":"https:\/\/www.alternatievemiddelen.nl\/es\/wp-json\/wp\/v2\/product_tag?post=34418"},{"taxonomy":"merk","embeddable":true,"href":"https:\/\/www.alternatievemiddelen.nl\/es\/wp-json\/wp\/v2\/merk?post=34418"}],"curies":[{"name":"wp","href":"https:\/\/api.w.org\/{rel}","templated":true}]}}