{"id":34428,"date":"2024-02-27T08:21:52","date_gmt":"2024-02-27T07:21:52","guid":{"rendered":"https:\/\/www.alternatievemiddelen.nl\/?post_type=product&#038;p=34428"},"modified":"2025-04-28T08:09:50","modified_gmt":"2025-04-28T06:09:50","slug":"vitakruid-magnesium-150-bisglycinaat-90-tabletten","status":"publish","type":"product","link":"https:\/\/www.alternatievemiddelen.nl\/es\/productos\/vitakruid-magnesio-150-bisglicinato-90-comprimidos\/","title":{"rendered":"Vitakruid Magnesio 150 bisglicinato 90 comprimidos"},"content":{"rendered":"<p>Vitakruid Magnesio 150 bisglicinato 90 comprimidos - Preparado mineral<\/p>\n<p><u>Magnesio unido a glicina<\/u><br \/>\nEl bisglicinato de magnesio es un compuesto entre magnesio y dos mol\u00e9culas (bis) del amino\u00e1cido glicina. Esta sustancia de sabor dulce no es esencial, ya que nuestro organismo produce el amino\u00e1cido por s\u00ed mismo en el h\u00edgado. No obstante, a menudo se utilizan suplementos independientes de glicina. La cirug\u00eda, la dieta, el crecimiento r\u00e1pido o el ejercicio intenso son factores que pueden hacer de la suplementaci\u00f3n con glicina un valioso complemento de la dieta.<\/p>\n<p>Por cierto, se obtiene una cantidad considerable de glicina cuando se utiliza Bisglicinato de magnesio 150. De hecho, un compuesto de bisglicinato de magnesio con 150 mg de magnesio contiene la friolera de 600 mg de glicina.<\/p>\n<p><u>Forma org\u00e1nica y quelatada<\/u><br \/>\nEl malato, el taurato, el bisglicinato y el citrato de magnesio son formas org\u00e1nicas de magnesio. Las formas inorg\u00e1nicas de magnesio, como el cloruro de magnesio, el \u00f3xido de magnesio y el sulfato de magnesio, son menos biodisponibles y, por tanto, se absorben peor. Por ejemplo, el sulfato de magnesio s\u00f3lo tiene una biodisponibilidad de 4%. Esto significa que una dosis de 200 mg de sulfato de magnesio s\u00f3lo es eficaz para 8 mg.<\/p>\n<p>Su dieta diaria contiene generalmente magnesio ligado inorg\u00e1nicamente. Esto se debe a que estas son las formas que se encuentran en el suelo y son absorbidas por las plantas que usted come todos los d\u00edas. Algunos ejemplos son el \u00f3xido de magnesio y el carbonato de magnesio. Por lo tanto, tu cuerpo s\u00f3lo absorbe una peque\u00f1a parte del magnesio que obtienes de los alimentos habituales.<\/p>\n<p>Las mejores formas que conocemos son los quelatos de magnesio, como el taurato de magnesio, el malato de magnesio y el bisglicinato de magnesio. La estructura de un quelato de amino\u00e1cido es tan fuerte que nuestro jugo g\u00e1strico no puede dividir la forma. Esto se debe a los amino\u00e1cidos de la forma quelatada, que act\u00faan como una capa protectora del magnesio, por as\u00ed decirlo. De este modo, el bisglicinato de magnesio llega a nuestros intestinos como un elemento completo, donde nuestro cuerpo absorbe el valioso mineral. Adem\u00e1s, la naturaleza quelatada del amino\u00e1cido garantiza menos molestias gastrointestinales, en comparaci\u00f3n con las formas de magnesio no quelatadas.<\/p>\n<p><u>Magnesio elemental de alta absorbibilidad<\/u><br \/>\nLa etiqueta debe indicar siempre la cantidad elemental de un mineral. El compuesto molecular de bisglicinato de magnesio contiene 20% de magnesio elemental. Puede parecer poco. Pero una cantidad elemental de 150 mg, a partir de 750 mg de bisglicinato de magnesio, nuestro organismo la absorbe mucho mejor que la misma cantidad de magnesio elemental ligado, por ejemplo, a citrato, \u00f3xido o sulfato. Y en el caso del magnesio, la absorci\u00f3n del mineral es un criterio mucho m\u00e1s importante que la cantidad.<\/p>\n<p><u>La L-taurina proporciona efectos sin\u00e9rgicos<\/u><br \/>\nAdem\u00e1s, hemos a\u00f1adido l-taurina al bisglicinato de magnesio. Esta sustancia similar a los amino\u00e1cidos se encuentra en cantidades significativas en la carne, el pescado y el marisco. Para esta f\u00f3rmula, la motivaci\u00f3n sin\u00e9rgica era a\u00f1adir l-taurina. En efecto, esta sustancia intercelular mejora la absorci\u00f3n del bisglicinato de magnesio, que tambi\u00e9n es activo a nivel intercelular.<\/p>\n<p>* Declaraciones de propiedades saludables aprobadas:<br \/>\n- El magnesio interviene en la formaci\u00f3n y el mantenimiento de huesos fuertes.<br \/>\n- El magnesio es bueno para la funci\u00f3n cerebral, el estado de \u00e1nimo, el proceso de divisi\u00f3n celular, la memoria, el rendimiento en el aprendizaje y la concentraci\u00f3n.<br \/>\n- El magnesio contribuye a mantener una s\u00edntesis proteica normal, un equilibrio electrol\u00edtico adecuado y un metabolismo energ\u00e9tico normal.<br \/>\n- El magnesio es importante para unos dientes fuertes.<br \/>\n- El magnesio es bueno para los m\u00fasculos y el sistema nervioso<br \/>\n- El magnesio es beneficioso para reducir la fatiga y el letargo.<\/p>\n<table>\n<tbody>\n<tr>\n<td><u><b>Composici\u00f3n por dosis diaria de 1 comprimido<\/b><\/u><\/td>\n<td><\/td>\n<td><u><b>RI*<\/b><\/u><\/td>\n<\/tr>\n<tr>\n<td>Magnesio (&gt; 80% bisglicinato)<\/td>\n<td>150 mg<\/td>\n<td>40%<\/td>\n<\/tr>\n<tr>\n<td>L-Taurina<\/td>\n<td>200 mg<\/td>\n<td>**<\/td>\n<\/tr>\n<\/tbody>\n<\/table>\n<p>* Ingesta de referencia<br \/>\n** No se ha establecido RI<\/p>\n<p><u><b>Ingredientes<\/b><\/u><br \/>\nBisglicinato de magnesio, celulosa microcristalina (antiaglomerante), L-taurina, \u00e1cido este\u00e1rico (antiaglomerante), HPC, di\u00f3xido de silicio (antiaglomerante), HPMC (agente de recubrimiento), glicerol (humectante).<\/p>\n<p><u><b>Utilice<\/b><\/u><br \/>\nTomar de 1 a 3 comprimidos al d\u00eda, salvo indicaci\u00f3n contraria.<\/p>\n<p>Este producto es un suplemento diet\u00e9tico.<\/p>\n<p>No superar la dosis recomendada.<\/p>\n<p>Una dieta variada y equilibrada y un estilo de vida sano son importantes. Un suplemento diet\u00e9tico no sustituye a una dieta variada.<\/p>\n<p>Mantener fuera del alcance de los ni\u00f1os peque\u00f1os.<\/p>\n<p>Cons\u00e9rvese seco, cerrado y a temperatura ambiente, salvo indicaci\u00f3n contraria en la etiqueta.<\/p>\n<p>Consulte a un experto antes de tomar suplementos en caso de embarazo, lactancia, uso de medicamentos y enfermedad.<\/p>","protected":false},"excerpt":{"rendered":"<p>Vitakruid Magnesio 150 bisglicinato 90 comprimidos - Preparado mineral.<\/p>","protected":false},"featured_media":31773,"comment_status":"open","ping_status":"closed","template":"","meta":[],"product_brand":[],"product_cat":[2938],"product_tag":[3391,3388,3392],"merk":[3436],"class_list":{"0":"post-34428","1":"product","2":"type-product","3":"status-publish","4":"has-post-thumbnail","6":"product_cat-vitamines-mineralen-en-supplementen","7":"product_tag-magnesium-150-bisglycinaat","8":"product_tag-vitakruid","9":"product_tag-vitakruid-magnesium-150-bisglycinaat","10":"merk-vitakruid","12":"first","13":"instock","14":"taxable","15":"shipping-taxable","16":"purchasable","17":"product-type-simple"},"bundled_by":[],"bundle_stock_status":"instock","bundle_stock_quantity":null,"bundle_virtual":false,"bundle_layout":"","bundle_add_to_cart_form_location":"","bundle_editable_in_cart":false,"bundle_sold_individually_context":"","bundle_item_grouping":"","bundle_min_size":"","bundle_max_size":"","bundle_price":[],"bundled_items":[],"bundle_sell_ids":[],"yoast_head":"<!-- This site is optimized with the Yoast SEO plugin v26.1 - https:\/\/yoast.com\/wordpress\/plugins\/seo\/ -->\n<title>Vitakruid Magnesium 150 bisglycinaat 90 tabletten - Alternatievemiddelen.nl<\/title>\n<meta name=\"description\" content=\"Vitakruid Magnesium 150 bisglycinaat 90 tabletten - Mineralenpreparaat.\" \/>\n<meta name=\"robots\" content=\"noindex, follow\" \/>\n<meta property=\"og:locale\" content=\"es_ES\" \/>\n<meta property=\"og:type\" content=\"article\" \/>\n<meta property=\"og:title\" content=\"Vitakruid Magnesium 150 bisglycinaat 90 tabletten - Alternatievemiddelen.nl\" \/>\n<meta property=\"og:description\" content=\"Vitakruid Magnesium 150 bisglycinaat 90 tabletten - Mineralenpreparaat.\" \/>\n<meta property=\"og:url\" content=\"https:\/\/www.alternatievemiddelen.nl\/es\/productos\/vitakruid-magnesio-150-bisglicinato-90-comprimidos\/\" \/>\n<meta property=\"og:site_name\" content=\"Alternatievemiddelen.nl\" \/>\n<meta property=\"article:publisher\" content=\"https:\/\/www.facebook.com\/alternatievemiddelen\" \/>\n<meta property=\"article:modified_time\" content=\"2025-04-28T06:09:50+00:00\" \/>\n<meta property=\"og:image\" content=\"\/wp-content\/uploads\/2023\/12\/Vitakruid-Magnesium-150-bisglycinaat.jpg\" \/>\n\t<meta property=\"og:image:width\" content=\"600\" \/>\n\t<meta property=\"og:image:height\" content=\"800\" \/>\n\t<meta property=\"og:image:type\" content=\"image\/jpeg\" \/>\n<meta name=\"twitter:card\" content=\"summary_large_image\" \/>\n<meta name=\"twitter:label1\" content=\"Tiempo de lectura\" \/>\n\t<meta name=\"twitter:data1\" content=\"4 minutos\" \/>\n<script type=\"application\/ld+json\" class=\"yoast-schema-graph\">{\"@context\":\"https:\/\/schema.org\",\"@graph\":[{\"@type\":[\"WebPage\",\"ItemPage\"],\"@id\":\"https:\/\/www.alternatievemiddelen.nl\/producten\/vitakruid-magnesium-150-bisglycinaat-90-tabletten\/\",\"url\":\"https:\/\/www.alternatievemiddelen.nl\/producten\/vitakruid-magnesium-150-bisglycinaat-90-tabletten\/\",\"name\":\"Vitakruid Magnesium 150 bisglycinaat 90 tabletten - Alternatievemiddelen.nl\",\"isPartOf\":{\"@id\":\"https:\/\/www.alternatievemiddelen.nl\/#website\"},\"primaryImageOfPage\":{\"@id\":\"https:\/\/www.alternatievemiddelen.nl\/producten\/vitakruid-magnesium-150-bisglycinaat-90-tabletten\/#primaryimage\"},\"image\":{\"@id\":\"https:\/\/www.alternatievemiddelen.nl\/producten\/vitakruid-magnesium-150-bisglycinaat-90-tabletten\/#primaryimage\"},\"thumbnailUrl\":\"https:\/\/www.alternatievemiddelen.nl\/wp-content\/uploads\/2023\/12\/Vitakruid-Magnesium-150-bisglycinaat.jpg\",\"datePublished\":\"2024-02-27T07:21:52+00:00\",\"dateModified\":\"2025-04-28T06:09:50+00:00\",\"description\":\"Vitakruid Magnesium 150 bisglycinaat 90 tabletten - Mineralenpreparaat.\",\"breadcrumb\":{\"@id\":\"https:\/\/www.alternatievemiddelen.nl\/producten\/vitakruid-magnesium-150-bisglycinaat-90-tabletten\/#breadcrumb\"},\"inLanguage\":\"es\",\"potentialAction\":[{\"@type\":\"ReadAction\",\"target\":[\"https:\/\/www.alternatievemiddelen.nl\/producten\/vitakruid-magnesium-150-bisglycinaat-90-tabletten\/\"]}]},{\"@type\":\"ImageObject\",\"inLanguage\":\"es\",\"@id\":\"https:\/\/www.alternatievemiddelen.nl\/producten\/vitakruid-magnesium-150-bisglycinaat-90-tabletten\/#primaryimage\",\"url\":\"https:\/\/www.alternatievemiddelen.nl\/wp-content\/uploads\/2023\/12\/Vitakruid-Magnesium-150-bisglycinaat.jpg\",\"contentUrl\":\"https:\/\/www.alternatievemiddelen.nl\/wp-content\/uploads\/2023\/12\/Vitakruid-Magnesium-150-bisglycinaat.jpg\",\"width\":600,\"height\":800,\"caption\":\"Vitakruid Magnesium 150 bisglycinaat\"},{\"@type\":\"BreadcrumbList\",\"@id\":\"https:\/\/www.alternatievemiddelen.nl\/producten\/vitakruid-magnesium-150-bisglycinaat-90-tabletten\/#breadcrumb\",\"itemListElement\":[{\"@type\":\"ListItem\",\"position\":1,\"name\":\"Home\",\"item\":\"https:\/\/www.alternatievemiddelen.nl\/\"},{\"@type\":\"ListItem\",\"position\":2,\"name\":\"Producten\",\"item\":\"https:\/\/www.alternatievemiddelen.nl\/producten\/\"},{\"@type\":\"ListItem\",\"position\":3,\"name\":\"Vitakruid Magnesium 150 bisglycinaat 90 tabletten\"}]},{\"@type\":\"WebSite\",\"@id\":\"https:\/\/www.alternatievemiddelen.nl\/#website\",\"url\":\"https:\/\/www.alternatievemiddelen.nl\/\",\"name\":\"Alternatievemiddelen.nl\",\"description\":\"Webshop met gezonde, duurzame en ecologische alternatieve mogelijkheden in de hedendaagse levenstijl. Alles uit eigen ervaring.\",\"publisher\":{\"@id\":\"https:\/\/www.alternatievemiddelen.nl\/#organization\"},\"alternateName\":\"Alternatieve Middelen\",\"potentialAction\":[{\"@type\":\"SearchAction\",\"target\":{\"@type\":\"EntryPoint\",\"urlTemplate\":\"https:\/\/www.alternatievemiddelen.nl\/?s={search_term_string}\"},\"query-input\":{\"@type\":\"PropertyValueSpecification\",\"valueRequired\":true,\"valueName\":\"search_term_string\"}}],\"inLanguage\":\"es\"},{\"@type\":\"Organization\",\"@id\":\"https:\/\/www.alternatievemiddelen.nl\/#organization\",\"name\":\"Alternatievemiddelen.nl\",\"alternateName\":\"Alternatieve Middelen\",\"url\":\"https:\/\/www.alternatievemiddelen.nl\/\",\"logo\":{\"@type\":\"ImageObject\",\"inLanguage\":\"es\",\"@id\":\"https:\/\/www.alternatievemiddelen.nl\/#\/schema\/logo\/image\/\",\"url\":\"https:\/\/www.alternatievemiddelen.nl\/wp-content\/uploads\/2023\/10\/alternatievemiddelen-PNG-logo.png\",\"contentUrl\":\"https:\/\/www.alternatievemiddelen.nl\/wp-content\/uploads\/2023\/10\/alternatievemiddelen-PNG-logo.png\",\"width\":6400,\"height\":3062,\"caption\":\"Alternatievemiddelen.nl\"},\"image\":{\"@id\":\"https:\/\/www.alternatievemiddelen.nl\/#\/schema\/logo\/image\/\"},\"sameAs\":[\"https:\/\/www.facebook.com\/alternatievemiddelen\",\"https:\/\/www.instagram.com\/alternatievemiddelen.nl\/\"]}]}<\/script>\n<!-- \/ Yoast SEO plugin. -->","yoast_head_json":{"title":"Vitakruid Magnesium 150 bisglycinaat 90 tabletten - Alternatievemiddelen.nl","description":"Vitakruid Magnesium 150 bisglycinaat 90 tabletten - Mineralenpreparaat.","robots":{"index":"noindex","follow":"follow"},"og_locale":"es_ES","og_type":"article","og_title":"Vitakruid Magnesium 150 bisglycinaat 90 tabletten - Alternatievemiddelen.nl","og_description":"Vitakruid Magnesium 150 bisglycinaat 90 tabletten - Mineralenpreparaat.","og_url":"https:\/\/www.alternatievemiddelen.nl\/es\/productos\/vitakruid-magnesio-150-bisglicinato-90-comprimidos\/","og_site_name":"Alternatievemiddelen.nl","article_publisher":"https:\/\/www.facebook.com\/alternatievemiddelen","article_modified_time":"2025-04-28T06:09:50+00:00","og_image":[{"width":600,"height":800,"url":"\/wp-content\/uploads\/2023\/12\/Vitakruid-Magnesium-150-bisglycinaat.jpg","type":"image\/jpeg"}],"twitter_card":"summary_large_image","twitter_misc":{"Tiempo de lectura":"4 minutos"},"schema":{"@context":"https:\/\/schema.org","@graph":[{"@type":["WebPage","ItemPage"],"@id":"https:\/\/www.alternatievemiddelen.nl\/producten\/vitakruid-magnesium-150-bisglycinaat-90-tabletten\/","url":"https:\/\/www.alternatievemiddelen.nl\/producten\/vitakruid-magnesium-150-bisglycinaat-90-tabletten\/","name":"Vitakruid Magnesium 150 bisglycinaat 90 tabletten - Alternatievemiddelen.nl","isPartOf":{"@id":"https:\/\/www.alternatievemiddelen.nl\/#website"},"primaryImageOfPage":{"@id":"https:\/\/www.alternatievemiddelen.nl\/producten\/vitakruid-magnesium-150-bisglycinaat-90-tabletten\/#primaryimage"},"image":{"@id":"https:\/\/www.alternatievemiddelen.nl\/producten\/vitakruid-magnesium-150-bisglycinaat-90-tabletten\/#primaryimage"},"thumbnailUrl":"https:\/\/www.alternatievemiddelen.nl\/wp-content\/uploads\/2023\/12\/Vitakruid-Magnesium-150-bisglycinaat.jpg","datePublished":"2024-02-27T07:21:52+00:00","dateModified":"2025-04-28T06:09:50+00:00","description":"Vitakruid Magnesium 150 bisglycinaat 90 tabletten - Mineralenpreparaat.","breadcrumb":{"@id":"https:\/\/www.alternatievemiddelen.nl\/producten\/vitakruid-magnesium-150-bisglycinaat-90-tabletten\/#breadcrumb"},"inLanguage":"es","potentialAction":[{"@type":"ReadAction","target":["https:\/\/www.alternatievemiddelen.nl\/producten\/vitakruid-magnesium-150-bisglycinaat-90-tabletten\/"]}]},{"@type":"ImageObject","inLanguage":"es","@id":"https:\/\/www.alternatievemiddelen.nl\/producten\/vitakruid-magnesium-150-bisglycinaat-90-tabletten\/#primaryimage","url":"https:\/\/www.alternatievemiddelen.nl\/wp-content\/uploads\/2023\/12\/Vitakruid-Magnesium-150-bisglycinaat.jpg","contentUrl":"https:\/\/www.alternatievemiddelen.nl\/wp-content\/uploads\/2023\/12\/Vitakruid-Magnesium-150-bisglycinaat.jpg","width":600,"height":800,"caption":"Vitakruid Magnesium 150 bisglycinaat"},{"@type":"BreadcrumbList","@id":"https:\/\/www.alternatievemiddelen.nl\/producten\/vitakruid-magnesium-150-bisglycinaat-90-tabletten\/#breadcrumb","itemListElement":[{"@type":"ListItem","position":1,"name":"Home","item":"https:\/\/www.alternatievemiddelen.nl\/"},{"@type":"ListItem","position":2,"name":"Producten","item":"https:\/\/www.alternatievemiddelen.nl\/producten\/"},{"@type":"ListItem","position":3,"name":"Vitakruid Magnesium 150 bisglycinaat 90 tabletten"}]},{"@type":"WebSite","@id":"https:\/\/www.alternatievemiddelen.nl\/#website","url":"https:\/\/www.alternatievemiddelen.nl\/","name":"Alternatievemiddelen.nl","description":"Webshop met gezonde, duurzame en ecologische alternatieve mogelijkheden in de hedendaagse levenstijl. Alles uit eigen ervaring.","publisher":{"@id":"https:\/\/www.alternatievemiddelen.nl\/#organization"},"alternateName":"Alternatieve Middelen","potentialAction":[{"@type":"SearchAction","target":{"@type":"EntryPoint","urlTemplate":"https:\/\/www.alternatievemiddelen.nl\/?s={search_term_string}"},"query-input":{"@type":"PropertyValueSpecification","valueRequired":true,"valueName":"search_term_string"}}],"inLanguage":"es"},{"@type":"Organization","@id":"https:\/\/www.alternatievemiddelen.nl\/#organization","name":"Alternatievemiddelen.nl","alternateName":"Alternatieve Middelen","url":"https:\/\/www.alternatievemiddelen.nl\/","logo":{"@type":"ImageObject","inLanguage":"es","@id":"https:\/\/www.alternatievemiddelen.nl\/#\/schema\/logo\/image\/","url":"https:\/\/www.alternatievemiddelen.nl\/wp-content\/uploads\/2023\/10\/alternatievemiddelen-PNG-logo.png","contentUrl":"https:\/\/www.alternatievemiddelen.nl\/wp-content\/uploads\/2023\/10\/alternatievemiddelen-PNG-logo.png","width":6400,"height":3062,"caption":"Alternatievemiddelen.nl"},"image":{"@id":"https:\/\/www.alternatievemiddelen.nl\/#\/schema\/logo\/image\/"},"sameAs":["https:\/\/www.facebook.com\/alternatievemiddelen","https:\/\/www.instagram.com\/alternatievemiddelen.nl\/"]}]}},"_links":{"self":[{"href":"https:\/\/www.alternatievemiddelen.nl\/es\/wp-json\/wp\/v2\/product\/34428","targetHints":{"allow":["GET"]}}],"collection":[{"href":"https:\/\/www.alternatievemiddelen.nl\/es\/wp-json\/wp\/v2\/product"}],"about":[{"href":"https:\/\/www.alternatievemiddelen.nl\/es\/wp-json\/wp\/v2\/types\/product"}],"replies":[{"embeddable":true,"href":"https:\/\/www.alternatievemiddelen.nl\/es\/wp-json\/wp\/v2\/comments?post=34428"}],"wp:featuredmedia":[{"embeddable":true,"href":"https:\/\/www.alternatievemiddelen.nl\/es\/wp-json\/wp\/v2\/media\/31773"}],"wp:attachment":[{"href":"https:\/\/www.alternatievemiddelen.nl\/es\/wp-json\/wp\/v2\/media?parent=34428"}],"wp:term":[{"taxonomy":"product_brand","embeddable":true,"href":"https:\/\/www.alternatievemiddelen.nl\/es\/wp-json\/wp\/v2\/product_brand?post=34428"},{"taxonomy":"product_cat","embeddable":true,"href":"https:\/\/www.alternatievemiddelen.nl\/es\/wp-json\/wp\/v2\/product_cat?post=34428"},{"taxonomy":"product_tag","embeddable":true,"href":"https:\/\/www.alternatievemiddelen.nl\/es\/wp-json\/wp\/v2\/product_tag?post=34428"},{"taxonomy":"merk","embeddable":true,"href":"https:\/\/www.alternatievemiddelen.nl\/es\/wp-json\/wp\/v2\/merk?post=34428"}],"curies":[{"name":"wp","href":"https:\/\/api.w.org\/{rel}","templated":true}]}}