{"id":34434,"date":"2024-02-27T08:21:59","date_gmt":"2024-02-27T07:21:59","guid":{"rendered":"https:\/\/www.alternatievemiddelen.nl\/?post_type=product&#038;p=34434"},"modified":"2026-03-22T07:42:39","modified_gmt":"2026-03-22T06:42:39","slug":"berkey-waterfilter-anti-airlock-clip-vapor-lock-clip","status":"publish","type":"product","link":"https:\/\/www.alternatievemiddelen.nl\/es\/productos\/filtro-de-agua-berkey-clip-anti-airlock-clip-vapor-lock\/","title":{"rendered":"Berkey Clip antibloqueo del filtro de agua (Vapor Lock Clip)"},"content":{"rendered":"<p>Clip Anti-Airlock para Filtro de Agua Berkey (Clip Vapor Lock) - Este clip previene el vac\u00edo en el contenedor inferior de su filtro de agua Berkey y es f\u00e1cil de colocar en el borde del contenedor inferior. Tambi\u00e9n puede utilizarlo en filtros de agua de otras marcas, si tiene un problema de vac\u00edo all\u00ed.<\/p>\n<p>A veces ocurre que todav\u00eda hay suficiente agua en el recipiente inferior de su filtro de agua Berkey, pero cuando luego quiere sacar agua del grifo, no sale agua. Esto se llama una esclusa de aire (vac\u00edo). Esto ocurre cuando los dos recipientes est\u00e1n tan perfectamente asentados uno encima del otro que no puede entrar aire. Es dif\u00edcil predecir con antelaci\u00f3n cu\u00e1ndo ocurrir\u00e1 algo as\u00ed, pero desde luego es molesto.<\/p>\n<p>Este producto es la soluci\u00f3n.<\/p>\n<p>Coloque el Clip Anti-Airlock del Filtro de Agua Berkey en el borde de la bandeja inferior de su filtro de agua Berkey con el lado redondeado hacia el exterior. A continuaci\u00f3n, coloque encima el recipiente superior. De este modo, el clip garantiza que el aire pueda llegar siempre y que no se produzca el vac\u00edo. \u00a1Solucionado!<\/p>\n<p>El clip antibloqueo del filtro de agua Berkey tambi\u00e9n forma parte del <a href=\"https:\/\/www.alternatievemiddelen.nl\/es\/productos\/filtros-de-agua-berkey-kit-de-cebado\/\">Berkey Filtros de agua Arranque de cebado Kit<\/a>.<\/p>","protected":false},"excerpt":{"rendered":"<p>El clip antibloqueo del filtro de agua Berkey evita el vac\u00edo en la bandeja inferior de un Berkey u otro filtro de agua y es f\u00e1cil de colocar en el borde.<\/p>","protected":false},"featured_media":30991,"comment_status":"open","ping_status":"closed","template":"","meta":[],"product_brand":[],"product_cat":[2971,3013],"product_tag":[3014,3015,2961,3016,3017,3018,3019,2993,3020,2885,2979,3012,2980,2981],"merk":[3432],"class_list":{"0":"post-34434","1":"product","2":"type-product","3":"status-publish","4":"has-post-thumbnail","6":"product_cat-waterfilters","7":"product_cat-waterfilter-accessoires","8":"product_tag-anti-airlock","9":"product_tag-anti-airlock-clip","10":"product_tag-berkey","11":"product_tag-berkey-bakken","12":"product_tag-berkey-waterfilter","13":"product_tag-clip","14":"product_tag-priming-starter-kit","15":"product_tag-vacuum","16":"product_tag-vapor-lock-clip","17":"product_tag-water","18":"product_tag-waterfilter","19":"product_tag-waterfilters","20":"product_tag-waterzuivering","21":"product_tag-zuiver","22":"product_shipping_class-briefpost","23":"merk-berkey","25":"first","26":"instock","27":"taxable","28":"shipping-taxable","29":"purchasable","30":"product-type-simple"},"bundled_by":[],"bundle_stock_status":"instock","bundle_stock_quantity":null,"bundle_virtual":false,"bundle_layout":"","bundle_add_to_cart_form_location":"","bundle_editable_in_cart":false,"bundle_sold_individually_context":"","bundle_item_grouping":"","bundle_min_size":"","bundle_max_size":"","bundle_price":[],"bundled_items":[],"bundle_sell_ids":[44176],"yoast_head":"<!-- This site is optimized with the Yoast SEO plugin v26.1 - https:\/\/yoast.com\/wordpress\/plugins\/seo\/ -->\n<title>Berkey Waterfilter Anti-Airlock Clip (Vapor Lock Clip) - Alternatievemiddelen.nl<\/title>\n<meta name=\"description\" content=\"De Berkey Waterfilter Anti-Airlock Clip voorkomt vacu\u00fcm in de onderste bak van een Berkey of andere waterfilter en is eenvoudig te plaatsen op de rand.\" \/>\n<meta name=\"robots\" content=\"index, follow, max-snippet:-1, max-image-preview:large, max-video-preview:-1\" \/>\n<link rel=\"canonical\" href=\"https:\/\/www.alternatievemiddelen.nl\/es\/wp-json\/wp\/v2\/product\/34434\" \/>\n<meta property=\"og:locale\" content=\"es_ES\" \/>\n<meta property=\"og:type\" content=\"article\" \/>\n<meta property=\"og:title\" content=\"Berkey Waterfilter Anti-Airlock Clip (Vapor Lock Clip) - Alternatievemiddelen.nl\" \/>\n<meta property=\"og:description\" content=\"De Berkey Waterfilter Anti-Airlock Clip voorkomt vacu\u00fcm in de onderste bak van een Berkey of andere waterfilter en is eenvoudig te plaatsen op de rand.\" \/>\n<meta property=\"og:url\" content=\"https:\/\/www.alternatievemiddelen.nl\/es\/productos\/filtro-de-agua-berkey-clip-anti-airlock-clip-vapor-lock\/\" \/>\n<meta property=\"og:site_name\" content=\"Alternatievemiddelen.nl\" \/>\n<meta property=\"article:publisher\" content=\"https:\/\/www.facebook.com\/alternatievemiddelen\" \/>\n<meta property=\"article:modified_time\" content=\"2026-03-22T06:42:39+00:00\" \/>\n<meta property=\"og:image\" content=\"\/wp-content\/uploads\/2023\/12\/Berkey-Anti-Airlock-Clip.jpg\" \/>\n\t<meta property=\"og:image:width\" content=\"600\" \/>\n\t<meta property=\"og:image:height\" content=\"800\" \/>\n\t<meta property=\"og:image:type\" content=\"image\/jpeg\" \/>\n<meta name=\"twitter:card\" content=\"summary_large_image\" \/>\n<meta name=\"twitter:label1\" content=\"Tiempo de lectura\" \/>\n\t<meta name=\"twitter:data1\" content=\"2 minutos\" \/>\n<script type=\"application\/ld+json\" class=\"yoast-schema-graph\">{\"@context\":\"https:\/\/schema.org\",\"@graph\":[{\"@type\":[\"WebPage\",\"ItemPage\"],\"@id\":\"https:\/\/www.alternatievemiddelen.nl\/producten\/berkey-waterfilter-anti-airlock-clip-vapor-lock-clip\/\",\"url\":\"https:\/\/www.alternatievemiddelen.nl\/producten\/berkey-waterfilter-anti-airlock-clip-vapor-lock-clip\/\",\"name\":\"Berkey Waterfilter Anti-Airlock Clip (Vapor Lock Clip) - Alternatievemiddelen.nl\",\"isPartOf\":{\"@id\":\"https:\/\/www.alternatievemiddelen.nl\/#website\"},\"primaryImageOfPage\":{\"@id\":\"https:\/\/www.alternatievemiddelen.nl\/producten\/berkey-waterfilter-anti-airlock-clip-vapor-lock-clip\/#primaryimage\"},\"image\":{\"@id\":\"https:\/\/www.alternatievemiddelen.nl\/producten\/berkey-waterfilter-anti-airlock-clip-vapor-lock-clip\/#primaryimage\"},\"thumbnailUrl\":\"https:\/\/www.alternatievemiddelen.nl\/wp-content\/uploads\/2023\/12\/Berkey-Anti-Airlock-Clip.jpg\",\"datePublished\":\"2024-02-27T07:21:59+00:00\",\"dateModified\":\"2026-03-22T06:42:39+00:00\",\"description\":\"De Berkey Waterfilter Anti-Airlock Clip voorkomt vacu\u00fcm in de onderste bak van een Berkey of andere waterfilter en is eenvoudig te plaatsen op de rand.\",\"breadcrumb\":{\"@id\":\"https:\/\/www.alternatievemiddelen.nl\/producten\/berkey-waterfilter-anti-airlock-clip-vapor-lock-clip\/#breadcrumb\"},\"inLanguage\":\"es\",\"potentialAction\":[{\"@type\":\"ReadAction\",\"target\":[\"https:\/\/www.alternatievemiddelen.nl\/producten\/berkey-waterfilter-anti-airlock-clip-vapor-lock-clip\/\"]}]},{\"@type\":\"ImageObject\",\"inLanguage\":\"es\",\"@id\":\"https:\/\/www.alternatievemiddelen.nl\/producten\/berkey-waterfilter-anti-airlock-clip-vapor-lock-clip\/#primaryimage\",\"url\":\"https:\/\/www.alternatievemiddelen.nl\/wp-content\/uploads\/2023\/12\/Berkey-Anti-Airlock-Clip.jpg\",\"contentUrl\":\"https:\/\/www.alternatievemiddelen.nl\/wp-content\/uploads\/2023\/12\/Berkey-Anti-Airlock-Clip.jpg\",\"width\":600,\"height\":800,\"caption\":\"Berkey waterfilter anti-airlock clip\"},{\"@type\":\"BreadcrumbList\",\"@id\":\"https:\/\/www.alternatievemiddelen.nl\/producten\/berkey-waterfilter-anti-airlock-clip-vapor-lock-clip\/#breadcrumb\",\"itemListElement\":[{\"@type\":\"ListItem\",\"position\":1,\"name\":\"Home\",\"item\":\"https:\/\/www.alternatievemiddelen.nl\/\"},{\"@type\":\"ListItem\",\"position\":2,\"name\":\"Producten\",\"item\":\"https:\/\/www.alternatievemiddelen.nl\/producten\/\"},{\"@type\":\"ListItem\",\"position\":3,\"name\":\"Berkey Waterfilter Anti-Airlock Clip (Vapor Lock Clip)\"}]},{\"@type\":\"WebSite\",\"@id\":\"https:\/\/www.alternatievemiddelen.nl\/#website\",\"url\":\"https:\/\/www.alternatievemiddelen.nl\/\",\"name\":\"Alternatievemiddelen.nl\",\"description\":\"Webshop met gezonde, duurzame en ecologische alternatieve mogelijkheden in de hedendaagse levenstijl. Alles uit eigen ervaring.\",\"publisher\":{\"@id\":\"https:\/\/www.alternatievemiddelen.nl\/#organization\"},\"alternateName\":\"Alternatieve Middelen\",\"potentialAction\":[{\"@type\":\"SearchAction\",\"target\":{\"@type\":\"EntryPoint\",\"urlTemplate\":\"https:\/\/www.alternatievemiddelen.nl\/?s={search_term_string}\"},\"query-input\":{\"@type\":\"PropertyValueSpecification\",\"valueRequired\":true,\"valueName\":\"search_term_string\"}}],\"inLanguage\":\"es\"},{\"@type\":\"Organization\",\"@id\":\"https:\/\/www.alternatievemiddelen.nl\/#organization\",\"name\":\"Alternatievemiddelen.nl\",\"alternateName\":\"Alternatieve Middelen\",\"url\":\"https:\/\/www.alternatievemiddelen.nl\/\",\"logo\":{\"@type\":\"ImageObject\",\"inLanguage\":\"es\",\"@id\":\"https:\/\/www.alternatievemiddelen.nl\/#\/schema\/logo\/image\/\",\"url\":\"https:\/\/www.alternatievemiddelen.nl\/wp-content\/uploads\/2023\/10\/alternatievemiddelen-PNG-logo.png\",\"contentUrl\":\"https:\/\/www.alternatievemiddelen.nl\/wp-content\/uploads\/2023\/10\/alternatievemiddelen-PNG-logo.png\",\"width\":6400,\"height\":3062,\"caption\":\"Alternatievemiddelen.nl\"},\"image\":{\"@id\":\"https:\/\/www.alternatievemiddelen.nl\/#\/schema\/logo\/image\/\"},\"sameAs\":[\"https:\/\/www.facebook.com\/alternatievemiddelen\",\"https:\/\/www.instagram.com\/alternatievemiddelen.nl\/\"]}]}<\/script>\n<!-- \/ Yoast SEO plugin. -->","yoast_head_json":{"title":"Berkey Waterfilter Anti-Airlock Clip (Vapor Lock Clip) - Alternatievemiddelen.nl","description":"De Berkey Waterfilter Anti-Airlock Clip voorkomt vacu\u00fcm in de onderste bak van een Berkey of andere waterfilter en is eenvoudig te plaatsen op de rand.","robots":{"index":"index","follow":"follow","max-snippet":"max-snippet:-1","max-image-preview":"max-image-preview:large","max-video-preview":"max-video-preview:-1"},"canonical":"https:\/\/www.alternatievemiddelen.nl\/es\/wp-json\/wp\/v2\/product\/34434","og_locale":"es_ES","og_type":"article","og_title":"Berkey Waterfilter Anti-Airlock Clip (Vapor Lock Clip) - Alternatievemiddelen.nl","og_description":"De Berkey Waterfilter Anti-Airlock Clip voorkomt vacu\u00fcm in de onderste bak van een Berkey of andere waterfilter en is eenvoudig te plaatsen op de rand.","og_url":"https:\/\/www.alternatievemiddelen.nl\/es\/productos\/filtro-de-agua-berkey-clip-anti-airlock-clip-vapor-lock\/","og_site_name":"Alternatievemiddelen.nl","article_publisher":"https:\/\/www.facebook.com\/alternatievemiddelen","article_modified_time":"2026-03-22T06:42:39+00:00","og_image":[{"width":600,"height":800,"url":"\/wp-content\/uploads\/2023\/12\/Berkey-Anti-Airlock-Clip.jpg","type":"image\/jpeg"}],"twitter_card":"summary_large_image","twitter_misc":{"Tiempo de lectura":"2 minutos"},"schema":{"@context":"https:\/\/schema.org","@graph":[{"@type":["WebPage","ItemPage"],"@id":"https:\/\/www.alternatievemiddelen.nl\/producten\/berkey-waterfilter-anti-airlock-clip-vapor-lock-clip\/","url":"https:\/\/www.alternatievemiddelen.nl\/producten\/berkey-waterfilter-anti-airlock-clip-vapor-lock-clip\/","name":"Berkey Waterfilter Anti-Airlock Clip (Vapor Lock Clip) - Alternatievemiddelen.nl","isPartOf":{"@id":"https:\/\/www.alternatievemiddelen.nl\/#website"},"primaryImageOfPage":{"@id":"https:\/\/www.alternatievemiddelen.nl\/producten\/berkey-waterfilter-anti-airlock-clip-vapor-lock-clip\/#primaryimage"},"image":{"@id":"https:\/\/www.alternatievemiddelen.nl\/producten\/berkey-waterfilter-anti-airlock-clip-vapor-lock-clip\/#primaryimage"},"thumbnailUrl":"https:\/\/www.alternatievemiddelen.nl\/wp-content\/uploads\/2023\/12\/Berkey-Anti-Airlock-Clip.jpg","datePublished":"2024-02-27T07:21:59+00:00","dateModified":"2026-03-22T06:42:39+00:00","description":"De Berkey Waterfilter Anti-Airlock Clip voorkomt vacu\u00fcm in de onderste bak van een Berkey of andere waterfilter en is eenvoudig te plaatsen op de rand.","breadcrumb":{"@id":"https:\/\/www.alternatievemiddelen.nl\/producten\/berkey-waterfilter-anti-airlock-clip-vapor-lock-clip\/#breadcrumb"},"inLanguage":"es","potentialAction":[{"@type":"ReadAction","target":["https:\/\/www.alternatievemiddelen.nl\/producten\/berkey-waterfilter-anti-airlock-clip-vapor-lock-clip\/"]}]},{"@type":"ImageObject","inLanguage":"es","@id":"https:\/\/www.alternatievemiddelen.nl\/producten\/berkey-waterfilter-anti-airlock-clip-vapor-lock-clip\/#primaryimage","url":"https:\/\/www.alternatievemiddelen.nl\/wp-content\/uploads\/2023\/12\/Berkey-Anti-Airlock-Clip.jpg","contentUrl":"https:\/\/www.alternatievemiddelen.nl\/wp-content\/uploads\/2023\/12\/Berkey-Anti-Airlock-Clip.jpg","width":600,"height":800,"caption":"Berkey waterfilter anti-airlock clip"},{"@type":"BreadcrumbList","@id":"https:\/\/www.alternatievemiddelen.nl\/producten\/berkey-waterfilter-anti-airlock-clip-vapor-lock-clip\/#breadcrumb","itemListElement":[{"@type":"ListItem","position":1,"name":"Home","item":"https:\/\/www.alternatievemiddelen.nl\/"},{"@type":"ListItem","position":2,"name":"Producten","item":"https:\/\/www.alternatievemiddelen.nl\/producten\/"},{"@type":"ListItem","position":3,"name":"Berkey Waterfilter Anti-Airlock Clip (Vapor Lock Clip)"}]},{"@type":"WebSite","@id":"https:\/\/www.alternatievemiddelen.nl\/#website","url":"https:\/\/www.alternatievemiddelen.nl\/","name":"Alternatievemiddelen.nl","description":"Webshop met gezonde, duurzame en ecologische alternatieve mogelijkheden in de hedendaagse levenstijl. Alles uit eigen ervaring.","publisher":{"@id":"https:\/\/www.alternatievemiddelen.nl\/#organization"},"alternateName":"Alternatieve Middelen","potentialAction":[{"@type":"SearchAction","target":{"@type":"EntryPoint","urlTemplate":"https:\/\/www.alternatievemiddelen.nl\/?s={search_term_string}"},"query-input":{"@type":"PropertyValueSpecification","valueRequired":true,"valueName":"search_term_string"}}],"inLanguage":"es"},{"@type":"Organization","@id":"https:\/\/www.alternatievemiddelen.nl\/#organization","name":"Alternatievemiddelen.nl","alternateName":"Alternatieve Middelen","url":"https:\/\/www.alternatievemiddelen.nl\/","logo":{"@type":"ImageObject","inLanguage":"es","@id":"https:\/\/www.alternatievemiddelen.nl\/#\/schema\/logo\/image\/","url":"https:\/\/www.alternatievemiddelen.nl\/wp-content\/uploads\/2023\/10\/alternatievemiddelen-PNG-logo.png","contentUrl":"https:\/\/www.alternatievemiddelen.nl\/wp-content\/uploads\/2023\/10\/alternatievemiddelen-PNG-logo.png","width":6400,"height":3062,"caption":"Alternatievemiddelen.nl"},"image":{"@id":"https:\/\/www.alternatievemiddelen.nl\/#\/schema\/logo\/image\/"},"sameAs":["https:\/\/www.facebook.com\/alternatievemiddelen","https:\/\/www.instagram.com\/alternatievemiddelen.nl\/"]}]}},"_links":{"self":[{"href":"https:\/\/www.alternatievemiddelen.nl\/es\/wp-json\/wp\/v2\/product\/34434","targetHints":{"allow":["GET"]}}],"collection":[{"href":"https:\/\/www.alternatievemiddelen.nl\/es\/wp-json\/wp\/v2\/product"}],"about":[{"href":"https:\/\/www.alternatievemiddelen.nl\/es\/wp-json\/wp\/v2\/types\/product"}],"replies":[{"embeddable":true,"href":"https:\/\/www.alternatievemiddelen.nl\/es\/wp-json\/wp\/v2\/comments?post=34434"}],"wp:featuredmedia":[{"embeddable":true,"href":"https:\/\/www.alternatievemiddelen.nl\/es\/wp-json\/wp\/v2\/media\/30991"}],"wp:attachment":[{"href":"https:\/\/www.alternatievemiddelen.nl\/es\/wp-json\/wp\/v2\/media?parent=34434"}],"wp:term":[{"taxonomy":"product_brand","embeddable":true,"href":"https:\/\/www.alternatievemiddelen.nl\/es\/wp-json\/wp\/v2\/product_brand?post=34434"},{"taxonomy":"product_cat","embeddable":true,"href":"https:\/\/www.alternatievemiddelen.nl\/es\/wp-json\/wp\/v2\/product_cat?post=34434"},{"taxonomy":"product_tag","embeddable":true,"href":"https:\/\/www.alternatievemiddelen.nl\/es\/wp-json\/wp\/v2\/product_tag?post=34434"},{"taxonomy":"merk","embeddable":true,"href":"https:\/\/www.alternatievemiddelen.nl\/es\/wp-json\/wp\/v2\/merk?post=34434"}],"curies":[{"name":"wp","href":"https:\/\/api.w.org\/{rel}","templated":true}]}}