{"id":34437,"date":"2024-02-27T08:29:55","date_gmt":"2024-02-27T07:29:55","guid":{"rendered":"https:\/\/www.alternatievemiddelen.nl\/?post_type=product&#038;p=34437"},"modified":"2026-04-25T09:10:33","modified_gmt":"2026-04-25T07:10:33","slug":"big-berkey-waterfilter-set-kijkglaskraantje-rvs","status":"publish","type":"product","link":"https:\/\/www.alternatievemiddelen.nl\/es\/productos\/filtro-de-agua-big-berkey-set-mirilla-grifo-acero-inoxidable\/","title":{"rendered":"Juego Big Berkey: Filtro de agua 8,5L (incluye 2 elementos Berkey negros) + Grifo de acero inoxidable con mirilla + Soporte"},"content":{"rendered":"<p>Big Berkey Water Filter Set - Berkey es una de las marcas de filtros de agua y sistemas de purificaci\u00f3n m\u00e1s vendidas en todo el mundo y est\u00e1 recomendada por varias revistas de salud, laboratorios y sitios web de salud independientes. Cuenta con millones de clientes satisfechos en todo el mundo.<br \/>\n&nbsp;<\/p>\n<h3>Informaci\u00f3n sobre el filtro de agua Big Berkey<\/h3>\n<p>Los filtros de agua Berkey filtran m\u00e1s del 99,9% de cloro, virus, bacterias, quistes, residuos de medicamentos, par\u00e1sitos y contaminantes qu\u00edmicos peligrosos. Los metales pesados se filtran durante 95% (hasta casi 100% incluso con\u00a0<a href=\"https:\/\/www.alternatievemiddelen.nl\/es\/productos\/elementos-filtrantes-de-fluor-y-arsenico\/\">filtros de fl\u00faor y ars\u00e9nico<\/a>). Esto preserva los minerales esenciales que su cuerpo necesita.<\/p>\n<p>El filtro de agua Big Berkey se suministra con 2 originales <a href=\"https:\/\/www.alternatievemiddelen.nl\/es\/productos\/elementos-filtrantes-de-agua-black-berkey\/\">Elementos filtrantes Berkey negros<\/a> y puede ampliarse a cuatro elementos. <a href=\"https:\/\/www.alternatievemiddelen.nl\/es\/productos\/elementos-filtrantes-de-agua-black-berkey\/\">Elementos filtrantes Berkey negros<\/a> utilizan los \u00faltimos avances tecnol\u00f3gicos en purificaci\u00f3n de agua. Por ello, los filtros de agua Berkey se consideran los mejores y m\u00e1s duraderos sistemas de filtraci\u00f3n de agua del mercado y son los filtros de agua port\u00e1tiles con mejores prestaciones. Los elementos filtrantes Black Berkey han sido probados por un laboratorio independiente de acuerdo con las normas NSF\/ANSI 42 y 53. Consulte el <a href=\"https:\/\/www.alternatievemiddelen.nl\/wp-content\/uploads\/2023\/07\/Testrapport-Black-Berkey-filterelementen.pdf\" target=\"_blank\" rel=\"noopener\">informe de laboratorio<\/a> para m\u00e1s detalles.<\/p>\n<p>La unidad tiene capacidad para unos 8,5 litros de agua, m\u00e1s que suficiente para la mayor\u00eda de las necesidades. Puedes utilizar los elementos filtrantes Black Berkey durante varios a\u00f1os, lo que significa que amortizar\u00e1s r\u00e1pidamente la unidad en comparaci\u00f3n con otras marcas de filtros de agua.<\/p>\n<p>La carcasa es de acero inoxidable pulido (304), para una mayor durabilidad.<br \/>\n&nbsp;<\/p>\n<h3>Caracter\u00edsticas Big Berkey Filtro de agua<\/h3>\n<ul>\n<li>El filtro de agua ideal para el hogar. Adecuado para su uso por 1-4 personas<\/li>\n<li>Filtra virus, bacterias, quistes y par\u00e1sitos durante m\u00e1s del 99,9%<\/li>\n<li>Filtra tan bien los pesticidas y los residuos de medicamentos que ya no es medible<\/li>\n<li>Filtra metales pesados durante m\u00e1s de 95% (hasta casi 100% incluso con\u00a0<a href=\"https:\/\/www.alternatievemiddelen.nl\/es\/productos\/elementos-filtrantes-de-fluor-y-arsenico\/\">filtros de fl\u00faor y ars\u00e9nico<\/a>)<\/li>\n<li>F\u00e1cil de usar<\/li>\n<li>Capacidad para 8,5 litros<\/li>\n<li>Se suministra de serie con 2 <a href=\"https:\/\/www.alternatievemiddelen.nl\/es\/productos\/elementos-filtrantes-de-agua-black-berkey\/\">Elementos filtrantes Berkey negros<\/a><\/li>\n<li>Ampliable hasta 4\u00a0<a href=\"https:\/\/www.alternatievemiddelen.nl\/es\/productos\/elementos-filtrantes-de-agua-black-berkey\/\">Elementos filtrantes Berkey negros<\/a><\/li>\n<li>Acero inoxidable AISI 304 pulido de gran durabilidad<\/li>\n<li>Filtra 13,3 litros por hora con 2 elementos<\/li>\n<li>Filtra 26,6 litros por hora con 4 elementos<\/li>\n<li>Altura: 50 cm<\/li>\n<li>Di\u00e1metro: 21,5 cm<\/li>\n<\/ul>\n<p>&nbsp;<br \/>\nEl conjunto de ofertas Big Berkey se compone de los productos enumerados a continuaci\u00f3n. Haga clic en los n\u00fameros de art\u00edculo para obtener m\u00e1s informaci\u00f3n sobre cada uno de los productos. Los productos del conjunto:<\/p>\n<p>- Big Berkey Filtro de agua 8,5L (incluye 2 elementos negros Berkey) - art.no. <a href=\"https:\/\/www.alternatievemiddelen.nl\/es\/productos\/filtro-de-agua-big-berkey\/\">BRBK4X2-BB<\/a><br \/>\n- V\u00e1lvula de visor de acero inoxidable para Big Berkey - N\u00ba art. <a href=\"https:\/\/www.alternatievemiddelen.nl\/es\/productos\/visor-de-acero-inoxidable-para-el-filtro-de-agua-boroux-legacy-compact-travel-berkey-y-big-berkey\/\">BX-SS-WVS-7<\/a><br \/>\n- Est\u00e1ndar para filtro de agua Big Berkey - N\u00ba art. <a href=\"https:\/\/www.alternatievemiddelen.nl\/es\/productos\/standard-big-berkey-boroux-legacy-pure-filters-home-water-filter\/\">BRMEDBASE<\/a><br \/>\n&nbsp;<\/p>\n<h3>Instalaci\u00f3n<\/h3>\n<p>Puede montar f\u00e1cilmente el Big Berkey en cuesti\u00f3n de minutos y sin herramientas. El primer paso para preparar un filtro de agua Berkey es el cebado <a href=\"https:\/\/www.alternatievemiddelen.nl\/es\/productos\/elementos-filtrantes-de-agua-black-berkey\/\">Elementos filtrantes Berkey negros<\/a>. Es importante que esto se haga correctamente, de lo contrario la purificaci\u00f3n del agua llevar\u00e1 mucho tiempo. Para toda la informaci\u00f3n sobre los filtros de agua Berkey, consulte nuestro <a href=\"https:\/\/www.alternatievemiddelen.nl\/es\/la-biblioteca\/\">biblioteca<\/a>que incluye manuales, v\u00eddeos de instrucciones y respuestas a las preguntas m\u00e1s frecuentes. Si falla el cebado con el grifo <a href=\"https:\/\/www.alternatievemiddelen.nl\/es\/productos\/bomba-automatica-de-cebado-de-filtro-boroux\/\">bomba autom\u00e1tica de cebado<\/a> o <a href=\"https:\/\/www.alternatievemiddelen.nl\/es\/productos\/black-berkey-primer\/\">bomba de cebado manual<\/a> nos haga un pedido.<\/p>","protected":false},"excerpt":{"rendered":"<p>Juego Big Berkey compuesto por: Filtro de agua Big Berkey de 8,5L (incluye 2 elementos filtrantes Berkey negros), grifo con mirilla de acero inoxidable y soporte de acero inoxidable.<\/p>\n<p><span style=\"color: #274001;\"><strong>Este combo consiste en:<\/strong><\/span><\/p>","protected":false},"featured_media":44065,"comment_status":"open","ping_status":"closed","template":"","meta":[],"product_brand":[],"product_cat":[2971,3478],"product_tag":[3031,2961,3032,2974,2976,2875,2977,3033,3034,3010,2880,2967,3030,2885,2979,2980],"merk":[3432],"class_list":{"0":"post-34437","1":"product","2":"type-product","3":"status-publish","4":"has-post-thumbnail","6":"product_cat-waterfilters","7":"product_cat-combideals","8":"product_tag-basisset","9":"product_tag-berkey","10":"product_tag-big-berkey","11":"product_tag-black-berkey","12":"product_tag-filterelement","13":"product_tag-gezondheid","14":"product_tag-hormoonvrij","15":"product_tag-kijkglaskraantje","16":"product_tag-kijkglaskraantje-rvs","17":"product_tag-roestvrij","18":"product_tag-rvs","19":"product_tag-schoon","20":"product_tag-set","21":"product_tag-water","22":"product_tag-waterfilter","23":"product_tag-waterzuivering","24":"merk-berkey","26":"first","27":"instock","28":"sale","29":"taxable","30":"shipping-taxable","31":"purchasable","32":"product-type-bundle"},"bundled_by":[],"bundle_stock_status":"instock","bundle_stock_quantity":"","bundle_virtual":false,"bundle_layout":"tabular","bundle_add_to_cart_form_location":"default","bundle_editable_in_cart":false,"bundle_sold_individually_context":"product","bundle_item_grouping":"parent","bundle_min_size":3,"bundle_max_size":3,"bundle_price":{"price":{"min":{"incl_tax":"474.95","excl_tax":"392.520661"},"max":{"incl_tax":"474.95","excl_tax":"392.520661"}},"regular_price":{"min":{"incl_tax":"499.95","excl_tax":"413.181818"},"max":{"incl_tax":"499.95","excl_tax":"413.181818"}}},"bundled_items":[{"bundled_item_id":163,"product_id":34363,"menu_order":0,"quantity_min":1,"quantity_max":1,"quantity_default":1,"priced_individually":false,"shipped_individually":false,"override_title":false,"title":"Big Berkey Waterfilter 8,5L","override_description":false,"description":"","optional":false,"hide_thumbnail":false,"discount":"","override_variations":true,"allowed_variations":[35773],"override_default_variation_attributes":false,"default_variation_attributes":[],"single_product_visibility":"visible","cart_visibility":"hidden","order_visibility":"hidden","single_product_price_visibility":"visible","cart_price_visibility":"visible","order_price_visibility":"visible","stock_status":"in_stock"},{"bundled_item_id":106,"product_id":34441,"menu_order":1,"quantity_min":1,"quantity_max":1,"quantity_default":1,"priced_individually":false,"shipped_individually":false,"override_title":false,"title":"BOROUX kijkglaskraantje RVS voor BOROUX Legacy\u2122 Compact, Travel Berkey en Big Berkey waterfilter","override_description":true,"description":"","optional":false,"hide_thumbnail":false,"discount":"","override_variations":false,"allowed_variations":[],"override_default_variation_attributes":false,"default_variation_attributes":[],"single_product_visibility":"visible","cart_visibility":"hidden","order_visibility":"hidden","single_product_price_visibility":"visible","cart_price_visibility":"visible","order_price_visibility":"visible","stock_status":"in_stock"},{"bundled_item_id":107,"product_id":34443,"menu_order":2,"quantity_min":1,"quantity_max":1,"quantity_default":1,"priced_individually":false,"shipped_individually":false,"override_title":false,"title":"Standaard voor Big Berkey, BOROUX Legacy\u2122 en Pure Filters Home waterfilter","override_description":true,"description":"","optional":false,"hide_thumbnail":false,"discount":"","override_variations":false,"allowed_variations":[],"override_default_variation_attributes":false,"default_variation_attributes":[],"single_product_visibility":"visible","cart_visibility":"hidden","order_visibility":"hidden","single_product_price_visibility":"visible","cart_price_visibility":"visible","order_price_visibility":"visible","stock_status":"in_stock"}],"bundle_sell_ids":[],"yoast_head":"<!-- This site is optimized with the Yoast SEO plugin v26.1 - https:\/\/yoast.com\/wordpress\/plugins\/seo\/ -->\n<title>Big Berkey set: Waterfilter 8,5L (inclusief 2x Black Berkey elementen) + Kijkglaskraantje RVS + Standaard - Alternatievemiddelen.nl<\/title>\n<meta name=\"description\" content=\"Big Berkey set bestaande uit: Big Berkey Waterfilter 8,5L (inclusief 2x Black Berkey filterelementen),\u00a0kijkglaskraantje RVS en\u00a0RVS standaard.\" \/>\n<meta name=\"robots\" content=\"index, follow, max-snippet:-1, max-image-preview:large, max-video-preview:-1\" \/>\n<link rel=\"canonical\" href=\"https:\/\/www.alternatievemiddelen.nl\/es\/wp-json\/wp\/v2\/product\/34437\" \/>\n<meta property=\"og:locale\" content=\"es_ES\" \/>\n<meta property=\"og:type\" content=\"article\" \/>\n<meta property=\"og:title\" content=\"Big Berkey set: Waterfilter 8,5L (inclusief 2x Black Berkey elementen) + Kijkglaskraantje RVS + Standaard - Alternatievemiddelen.nl\" \/>\n<meta property=\"og:description\" content=\"Big Berkey set bestaande uit: Big Berkey Waterfilter 8,5L (inclusief 2x Black Berkey filterelementen),\u00a0kijkglaskraantje RVS en\u00a0RVS standaard.\" \/>\n<meta property=\"og:url\" content=\"https:\/\/www.alternatievemiddelen.nl\/es\/productos\/filtro-de-agua-big-berkey-set-mirilla-grifo-acero-inoxidable\/\" \/>\n<meta property=\"og:site_name\" content=\"Alternatievemiddelen.nl\" \/>\n<meta property=\"article:modified_time\" content=\"2026-04-25T07:10:33+00:00\" \/>\n<meta property=\"og:image\" content=\"\/wp-content\/uploads\/2024\/02\/Big_Berkey_set-kijkglaskraantje-rvs-nieuw.jpg\" \/>\n\t<meta property=\"og:image:width\" content=\"1200\" \/>\n\t<meta property=\"og:image:height\" content=\"1600\" \/>\n\t<meta property=\"og:image:type\" content=\"image\/jpeg\" \/>\n<meta name=\"twitter:card\" content=\"summary_large_image\" \/>\n<meta name=\"twitter:label1\" content=\"Tiempo de lectura\" \/>\n\t<meta name=\"twitter:data1\" content=\"3 minutos\" \/>\n<script type=\"application\/ld+json\" class=\"yoast-schema-graph\">{\"@context\":\"https:\/\/schema.org\",\"@graph\":[{\"@type\":[\"WebPage\",\"ItemPage\"],\"@id\":\"https:\/\/www.alternatievemiddelen.nl\/producten\/big-berkey-waterfilter-set-kijkglaskraantje-rvs\/\",\"url\":\"https:\/\/www.alternatievemiddelen.nl\/producten\/big-berkey-waterfilter-set-kijkglaskraantje-rvs\/\",\"name\":\"Big Berkey set: Waterfilter 8,5L (inclusief 2x Black Berkey elementen) + Kijkglaskraantje RVS + Standaard - Alternatievemiddelen.nl\",\"isPartOf\":{\"@id\":\"https:\/\/www.alternatievemiddelen.nl\/#website\"},\"primaryImageOfPage\":{\"@id\":\"https:\/\/www.alternatievemiddelen.nl\/producten\/big-berkey-waterfilter-set-kijkglaskraantje-rvs\/#primaryimage\"},\"image\":{\"@id\":\"https:\/\/www.alternatievemiddelen.nl\/producten\/big-berkey-waterfilter-set-kijkglaskraantje-rvs\/#primaryimage\"},\"thumbnailUrl\":\"https:\/\/www.alternatievemiddelen.nl\/wp-content\/uploads\/2024\/02\/Big_Berkey_set-kijkglaskraantje-rvs-nieuw.jpg\",\"datePublished\":\"2024-02-27T07:29:55+00:00\",\"dateModified\":\"2026-04-25T07:10:33+00:00\",\"description\":\"Big Berkey set bestaande uit: Big Berkey Waterfilter 8,5L (inclusief 2x Black Berkey filterelementen),\u00a0kijkglaskraantje RVS en\u00a0RVS standaard.\",\"breadcrumb\":{\"@id\":\"https:\/\/www.alternatievemiddelen.nl\/producten\/big-berkey-waterfilter-set-kijkglaskraantje-rvs\/#breadcrumb\"},\"inLanguage\":\"es\",\"potentialAction\":[{\"@type\":\"ReadAction\",\"target\":[\"https:\/\/www.alternatievemiddelen.nl\/producten\/big-berkey-waterfilter-set-kijkglaskraantje-rvs\/\"]}]},{\"@type\":\"ImageObject\",\"inLanguage\":\"es\",\"@id\":\"https:\/\/www.alternatievemiddelen.nl\/producten\/big-berkey-waterfilter-set-kijkglaskraantje-rvs\/#primaryimage\",\"url\":\"https:\/\/www.alternatievemiddelen.nl\/wp-content\/uploads\/2024\/02\/Big_Berkey_set-kijkglaskraantje-rvs-nieuw.jpg\",\"contentUrl\":\"https:\/\/www.alternatievemiddelen.nl\/wp-content\/uploads\/2024\/02\/Big_Berkey_set-kijkglaskraantje-rvs-nieuw.jpg\",\"width\":1200,\"height\":1600,\"caption\":\"Big Berkey set met kijkglaskraantje rvs\"},{\"@type\":\"BreadcrumbList\",\"@id\":\"https:\/\/www.alternatievemiddelen.nl\/producten\/big-berkey-waterfilter-set-kijkglaskraantje-rvs\/#breadcrumb\",\"itemListElement\":[{\"@type\":\"ListItem\",\"position\":1,\"name\":\"Home\",\"item\":\"https:\/\/www.alternatievemiddelen.nl\/\"},{\"@type\":\"ListItem\",\"position\":2,\"name\":\"Producten\",\"item\":\"https:\/\/www.alternatievemiddelen.nl\/producten\/\"},{\"@type\":\"ListItem\",\"position\":3,\"name\":\"Big Berkey set: Waterfilter 8,5L (inclusief 2x Black Berkey elementen) + Kijkglaskraantje RVS + Standaard\"}]},{\"@type\":\"WebSite\",\"@id\":\"https:\/\/www.alternatievemiddelen.nl\/#website\",\"url\":\"https:\/\/www.alternatievemiddelen.nl\/\",\"name\":\"Alternatievemiddelen.nl\",\"description\":\"Webshop met gezonde, duurzame en ecologische alternatieve mogelijkheden in de hedendaagse levenstijl. Alles uit eigen ervaring.\",\"publisher\":{\"@id\":\"https:\/\/www.alternatievemiddelen.nl\/#organization\"},\"potentialAction\":[{\"@type\":\"SearchAction\",\"target\":{\"@type\":\"EntryPoint\",\"urlTemplate\":\"https:\/\/www.alternatievemiddelen.nl\/?s={search_term_string}\"},\"query-input\":{\"@type\":\"PropertyValueSpecification\",\"valueRequired\":true,\"valueName\":\"search_term_string\"}}],\"inLanguage\":\"es\"},{\"@type\":\"Organization\",\"@id\":\"https:\/\/www.alternatievemiddelen.nl\/#organization\",\"name\":\"Alternatievemiddelen.nl\",\"url\":\"https:\/\/www.alternatievemiddelen.nl\/\",\"logo\":{\"@type\":\"ImageObject\",\"inLanguage\":\"es\",\"@id\":\"https:\/\/www.alternatievemiddelen.nl\/#\/schema\/logo\/image\/\",\"url\":\"https:\/\/www.alternatievemiddelen.nl\/wp-content\/uploads\/2023\/10\/alternatievemiddelen-PNG-logo.png\",\"contentUrl\":\"https:\/\/www.alternatievemiddelen.nl\/wp-content\/uploads\/2023\/10\/alternatievemiddelen-PNG-logo.png\",\"width\":6400,\"height\":3062,\"caption\":\"Alternatievemiddelen.nl\"},\"image\":{\"@id\":\"https:\/\/www.alternatievemiddelen.nl\/#\/schema\/logo\/image\/\"}}]}<\/script>\n<!-- \/ Yoast SEO plugin. -->","yoast_head_json":{"title":"Big Berkey set: Waterfilter 8,5L (inclusief 2x Black Berkey elementen) + Kijkglaskraantje RVS + Standaard - Alternatievemiddelen.nl","description":"Big Berkey set bestaande uit: Big Berkey Waterfilter 8,5L (inclusief 2x Black Berkey filterelementen),\u00a0kijkglaskraantje RVS en\u00a0RVS standaard.","robots":{"index":"index","follow":"follow","max-snippet":"max-snippet:-1","max-image-preview":"max-image-preview:large","max-video-preview":"max-video-preview:-1"},"canonical":"https:\/\/www.alternatievemiddelen.nl\/es\/wp-json\/wp\/v2\/product\/34437","og_locale":"es_ES","og_type":"article","og_title":"Big Berkey set: Waterfilter 8,5L (inclusief 2x Black Berkey elementen) + Kijkglaskraantje RVS + Standaard - Alternatievemiddelen.nl","og_description":"Big Berkey set bestaande uit: Big Berkey Waterfilter 8,5L (inclusief 2x Black Berkey filterelementen),\u00a0kijkglaskraantje RVS en\u00a0RVS standaard.","og_url":"https:\/\/www.alternatievemiddelen.nl\/es\/productos\/filtro-de-agua-big-berkey-set-mirilla-grifo-acero-inoxidable\/","og_site_name":"Alternatievemiddelen.nl","article_modified_time":"2026-04-25T07:10:33+00:00","og_image":[{"width":1200,"height":1600,"url":"\/wp-content\/uploads\/2024\/02\/Big_Berkey_set-kijkglaskraantje-rvs-nieuw.jpg","type":"image\/jpeg"}],"twitter_card":"summary_large_image","twitter_misc":{"Tiempo de lectura":"3 minutos"},"schema":{"@context":"https:\/\/schema.org","@graph":[{"@type":["WebPage","ItemPage"],"@id":"https:\/\/www.alternatievemiddelen.nl\/producten\/big-berkey-waterfilter-set-kijkglaskraantje-rvs\/","url":"https:\/\/www.alternatievemiddelen.nl\/producten\/big-berkey-waterfilter-set-kijkglaskraantje-rvs\/","name":"Big Berkey set: Waterfilter 8,5L (inclusief 2x Black Berkey elementen) + Kijkglaskraantje RVS + Standaard - Alternatievemiddelen.nl","isPartOf":{"@id":"https:\/\/www.alternatievemiddelen.nl\/#website"},"primaryImageOfPage":{"@id":"https:\/\/www.alternatievemiddelen.nl\/producten\/big-berkey-waterfilter-set-kijkglaskraantje-rvs\/#primaryimage"},"image":{"@id":"https:\/\/www.alternatievemiddelen.nl\/producten\/big-berkey-waterfilter-set-kijkglaskraantje-rvs\/#primaryimage"},"thumbnailUrl":"https:\/\/www.alternatievemiddelen.nl\/wp-content\/uploads\/2024\/02\/Big_Berkey_set-kijkglaskraantje-rvs-nieuw.jpg","datePublished":"2024-02-27T07:29:55+00:00","dateModified":"2026-04-25T07:10:33+00:00","description":"Big Berkey set bestaande uit: Big Berkey Waterfilter 8,5L (inclusief 2x Black Berkey filterelementen),\u00a0kijkglaskraantje RVS en\u00a0RVS standaard.","breadcrumb":{"@id":"https:\/\/www.alternatievemiddelen.nl\/producten\/big-berkey-waterfilter-set-kijkglaskraantje-rvs\/#breadcrumb"},"inLanguage":"es","potentialAction":[{"@type":"ReadAction","target":["https:\/\/www.alternatievemiddelen.nl\/producten\/big-berkey-waterfilter-set-kijkglaskraantje-rvs\/"]}]},{"@type":"ImageObject","inLanguage":"es","@id":"https:\/\/www.alternatievemiddelen.nl\/producten\/big-berkey-waterfilter-set-kijkglaskraantje-rvs\/#primaryimage","url":"https:\/\/www.alternatievemiddelen.nl\/wp-content\/uploads\/2024\/02\/Big_Berkey_set-kijkglaskraantje-rvs-nieuw.jpg","contentUrl":"https:\/\/www.alternatievemiddelen.nl\/wp-content\/uploads\/2024\/02\/Big_Berkey_set-kijkglaskraantje-rvs-nieuw.jpg","width":1200,"height":1600,"caption":"Big Berkey set met kijkglaskraantje rvs"},{"@type":"BreadcrumbList","@id":"https:\/\/www.alternatievemiddelen.nl\/producten\/big-berkey-waterfilter-set-kijkglaskraantje-rvs\/#breadcrumb","itemListElement":[{"@type":"ListItem","position":1,"name":"Home","item":"https:\/\/www.alternatievemiddelen.nl\/"},{"@type":"ListItem","position":2,"name":"Producten","item":"https:\/\/www.alternatievemiddelen.nl\/producten\/"},{"@type":"ListItem","position":3,"name":"Big Berkey set: Waterfilter 8,5L (inclusief 2x Black Berkey elementen) + Kijkglaskraantje RVS + Standaard"}]},{"@type":"WebSite","@id":"https:\/\/www.alternatievemiddelen.nl\/#website","url":"https:\/\/www.alternatievemiddelen.nl\/","name":"Alternatievemiddelen.nl","description":"Webshop met gezonde, duurzame en ecologische alternatieve mogelijkheden in de hedendaagse levenstijl. Alles uit eigen ervaring.","publisher":{"@id":"https:\/\/www.alternatievemiddelen.nl\/#organization"},"potentialAction":[{"@type":"SearchAction","target":{"@type":"EntryPoint","urlTemplate":"https:\/\/www.alternatievemiddelen.nl\/?s={search_term_string}"},"query-input":{"@type":"PropertyValueSpecification","valueRequired":true,"valueName":"search_term_string"}}],"inLanguage":"es"},{"@type":"Organization","@id":"https:\/\/www.alternatievemiddelen.nl\/#organization","name":"Alternatievemiddelen.nl","url":"https:\/\/www.alternatievemiddelen.nl\/","logo":{"@type":"ImageObject","inLanguage":"es","@id":"https:\/\/www.alternatievemiddelen.nl\/#\/schema\/logo\/image\/","url":"https:\/\/www.alternatievemiddelen.nl\/wp-content\/uploads\/2023\/10\/alternatievemiddelen-PNG-logo.png","contentUrl":"https:\/\/www.alternatievemiddelen.nl\/wp-content\/uploads\/2023\/10\/alternatievemiddelen-PNG-logo.png","width":6400,"height":3062,"caption":"Alternatievemiddelen.nl"},"image":{"@id":"https:\/\/www.alternatievemiddelen.nl\/#\/schema\/logo\/image\/"}}]}},"_links":{"self":[{"href":"https:\/\/www.alternatievemiddelen.nl\/es\/wp-json\/wp\/v2\/product\/34437","targetHints":{"allow":["GET"]}}],"collection":[{"href":"https:\/\/www.alternatievemiddelen.nl\/es\/wp-json\/wp\/v2\/product"}],"about":[{"href":"https:\/\/www.alternatievemiddelen.nl\/es\/wp-json\/wp\/v2\/types\/product"}],"replies":[{"embeddable":true,"href":"https:\/\/www.alternatievemiddelen.nl\/es\/wp-json\/wp\/v2\/comments?post=34437"}],"wp:featuredmedia":[{"embeddable":true,"href":"https:\/\/www.alternatievemiddelen.nl\/es\/wp-json\/wp\/v2\/media\/44065"}],"wp:attachment":[{"href":"https:\/\/www.alternatievemiddelen.nl\/es\/wp-json\/wp\/v2\/media?parent=34437"}],"wp:term":[{"taxonomy":"product_brand","embeddable":true,"href":"https:\/\/www.alternatievemiddelen.nl\/es\/wp-json\/wp\/v2\/product_brand?post=34437"},{"taxonomy":"product_cat","embeddable":true,"href":"https:\/\/www.alternatievemiddelen.nl\/es\/wp-json\/wp\/v2\/product_cat?post=34437"},{"taxonomy":"product_tag","embeddable":true,"href":"https:\/\/www.alternatievemiddelen.nl\/es\/wp-json\/wp\/v2\/product_tag?post=34437"},{"taxonomy":"merk","embeddable":true,"href":"https:\/\/www.alternatievemiddelen.nl\/es\/wp-json\/wp\/v2\/merk?post=34437"}],"curies":[{"name":"wp","href":"https:\/\/api.w.org\/{rel}","templated":true}]}}