{"id":34442,"date":"2024-02-27T08:29:57","date_gmt":"2024-02-27T07:29:57","guid":{"rendered":"https:\/\/www.alternatievemiddelen.nl\/?post_type=product&#038;p=34442"},"modified":"2026-03-28T14:28:35","modified_gmt":"2026-03-28T13:28:35","slug":"rvs-kraantje-berkey-systemen","status":"publish","type":"product","link":"https:\/\/www.alternatievemiddelen.nl\/es\/productos\/grifo-de-acero-inoxidable-sistemas-berkey\/","title":{"rendered":"V\u00e1lvula de acero inoxidable para filtro de agua Berkey y otras marcas de filtros de agua de acero inoxidable (original de Berkey)"},"content":{"rendered":"<p>\u00bfNo quiere utilizar piezas de pl\u00e1stico? Entonces este grifo de acero inoxidable para filtros de agua de acero inoxidable Berkey es ideal. Le permite sustituir el grifo incluido (de pl\u00e1stico) y, si es necesario, otra pieza de pl\u00e1stico se ha sustituido por una pieza de acero inoxidable.<\/p>\n<p>Este grifo de acero inoxidable es de alta calidad y tiene un bonito acabado. Completa su filtro de agua. Se adapta a todo el acero inoxidable <a href=\"https:\/\/www.alternatievemiddelen.nl\/es\/categoria-de-productos\/filtros-de-agua\/filtro-de-agua\/filtrar-resultados\/berkey-3\/\">Filtros de agua Berkey (no en el Berkey Light)<\/a> e incluso en el <a href=\"https:\/\/www.alternatievemiddelen.nl\/es\/categoria-de-productos\/filtros-de-agua\/filtro-de-agua\/filtrar-resultados\/boroux\/\">Filtros de agua BOROUX<\/a> (\u00a1CUIDADO! Esto ya incluye un grifo de acero inoxidable) y <a href=\"https:\/\/www.alternatievemiddelen.nl\/es\/categoria-de-productos\/filtros-de-agua\/filtro-de-agua\/filtrar-resultados\/filtros-puros\/\">Filtros de agua Pure Filters<\/a> (\u00a1ATENCI\u00d3N! Esto ya incluye un grifo de acero inoxidable). Pero tambi\u00e9n en los filtros de agua de acero inoxidable de British Berkefeld, ProOne, Phoenix, Aqua Logic, Monderma, Newton y m\u00e1s.<\/b><br \/>\n&nbsp;<\/p>\n<h3>Dispone de grifo de acero inoxidable:<\/h3>\n<ul>\n<li>Fabricado en acero inoxidable de alta calidad<\/li>\n<li>Bonito acabado pulido<\/li>\n<li>Amplia apertura<\/li>\n<li>Posici\u00f3n de la empu\u00f1adura f\u00e1cil de encender y apagar<\/li>\n<li>Llena un vaso de 250 ml en segundos<\/li>\n<li>Incluye todos los suministros, como una tuerca y anillos de sellado de silicona (todo lo necesario para una f\u00e1cil instalaci\u00f3n)<\/li>\n<\/ul>\n<p>&nbsp;<\/p>\n<h3>Complemento para su Berkey u otra marca de filtro de agua de acero inoxidable<\/h3>\n<p>As\u00ed que p\u00eddalo f\u00e1cilmente en su <a href=\"https:\/\/www.alternatievemiddelen.nl\/es\/categoria-de-productos\/filtros-de-agua\/filtro-de-agua\/filtrar-resultados\/berkey-3\/\">Filtro de agua Berkey<\/a> o pedirlo para con otra marca de filtro de agua de acero inoxidable. El grifo es un complemento popular para un filtro de agua Berkey, por lo que hemos reunido conjuntos completos que incluyen este grifo. Un juego se compone entonces de un filtro de agua, un soporte y este grifo. Por supuesto, se beneficiar\u00e1 de un descuento por juego. Encontrar\u00e1 estos ventajosos conjuntos en nuestra <a href=\"https:\/\/www.alternatievemiddelen.nl\/es\/categoria-de-productos\/filtros-de-agua\/ofertas-combinadas\/\">p\u00e1gina de ofertas<\/a>.<br \/>\n&nbsp;<\/p>\n<h3>Montaje<\/h3>\n<p>La instalaci\u00f3n es muy sencilla. De hecho, el grifo viene con una tuerca, 2 anillos de sellado de silicona y 2 placas de cubierta de acero inoxidable. Introduzca el grifo por el orificio de la bandeja inferior del filtro de agua. Aseg\u00farate de que hay una arandela de silicona y una placa de cubierta de acero inoxidable tanto en el interior como en el exterior. A continuaci\u00f3n, enrosca la tuerca peque\u00f1a en la rosca del grifo (en la parte interior del filtro de agua) y apri\u00e9tala bien. Esta \u00faltima parte es muy importante, porque si no est\u00e1 bien apretada, corres el riesgo de que salga agua. As\u00ed que apri\u00e9talo bien. Ya puedes utilizar el agua del grifo con el filtro de agua.<\/p>","protected":false},"excerpt":{"rendered":"<p>Un grifo de acero inoxidable para el filtro de agua Berkey y otras marcas de filtros de agua de acero inoxidable, que puede sustituir al grifo (de pl\u00e1stico) que se puede suministrar.<\/p>","protected":false},"featured_media":31253,"comment_status":"open","ping_status":"closed","template":"","meta":[],"product_brand":[],"product_cat":[2971,3013],"product_tag":[2961,3008,2890,3009,3010,2879,2880,2979,3012,2980],"merk":[3432,3450],"class_list":{"0":"post-34442","1":"product","2":"type-product","3":"status-publish","4":"has-post-thumbnail","6":"product_cat-waterfilters","7":"product_cat-waterfilter-accessoires","8":"product_tag-berkey","9":"product_tag-drinkwater","10":"product_tag-kraan","11":"product_tag-kraantje","12":"product_tag-roestvrij","13":"product_tag-roestvrij-staal","14":"product_tag-rvs","15":"product_tag-waterfilter","16":"product_tag-waterfilters","17":"product_tag-waterzuivering","18":"merk-berkey","19":"merk-british-berkefeld","21":"first","22":"instock","23":"taxable","24":"shipping-taxable","25":"purchasable","26":"product-type-simple"},"bundled_by":["34363","34412","34413","34365","34426","34471","34448","35863","34484","34486","34482"],"bundle_stock_status":"instock","bundle_stock_quantity":null,"bundle_virtual":false,"bundle_layout":"","bundle_add_to_cart_form_location":"","bundle_editable_in_cart":false,"bundle_sold_individually_context":"","bundle_item_grouping":"","bundle_min_size":"","bundle_max_size":"","bundle_price":[],"bundled_items":[],"bundle_sell_ids":[44176],"yoast_head":"<!-- This site is optimized with the Yoast SEO plugin v26.1 - https:\/\/yoast.com\/wordpress\/plugins\/seo\/ -->\n<title>RVS Kraantje voor Berkey waterfilter en andere merken RVS waterfilters (origineel van Berkey) - Alternatievemiddelen.nl<\/title>\n<meta name=\"description\" content=\"Een RVS kraantje voor Berkey waterfilter en andere merken RVS waterfilters, die het eventueel meegeleverde (plastic) kraantje kan vervangen.\" \/>\n<meta name=\"robots\" content=\"index, follow, max-snippet:-1, max-image-preview:large, max-video-preview:-1\" \/>\n<link rel=\"canonical\" href=\"https:\/\/www.alternatievemiddelen.nl\/es\/wp-json\/wp\/v2\/product\/34442\" \/>\n<meta property=\"og:locale\" content=\"es_ES\" \/>\n<meta property=\"og:type\" content=\"article\" \/>\n<meta property=\"og:title\" content=\"RVS Kraantje voor Berkey waterfilter en andere merken RVS waterfilters (origineel van Berkey) - Alternatievemiddelen.nl\" \/>\n<meta property=\"og:description\" content=\"Een RVS kraantje voor Berkey waterfilter en andere merken RVS waterfilters, die het eventueel meegeleverde (plastic) kraantje kan vervangen.\" \/>\n<meta property=\"og:url\" content=\"https:\/\/www.alternatievemiddelen.nl\/es\/productos\/grifo-de-acero-inoxidable-sistemas-berkey\/\" \/>\n<meta property=\"og:site_name\" content=\"Alternatievemiddelen.nl\" \/>\n<meta property=\"article:modified_time\" content=\"2026-03-28T13:28:35+00:00\" \/>\n<meta property=\"og:image\" content=\"\/wp-content\/uploads\/2023\/12\/Berkey-rvs-kraantje.jpg\" \/>\n\t<meta property=\"og:image:width\" content=\"1200\" \/>\n\t<meta property=\"og:image:height\" content=\"1600\" \/>\n\t<meta property=\"og:image:type\" content=\"image\/jpeg\" \/>\n<meta name=\"twitter:card\" content=\"summary_large_image\" \/>\n<meta name=\"twitter:label1\" content=\"Tiempo de lectura\" \/>\n\t<meta name=\"twitter:data1\" content=\"2 minutos\" \/>\n<script type=\"application\/ld+json\" class=\"yoast-schema-graph\">{\"@context\":\"https:\/\/schema.org\",\"@graph\":[{\"@type\":[\"WebPage\",\"ItemPage\"],\"@id\":\"https:\/\/www.alternatievemiddelen.nl\/producten\/rvs-kraantje-berkey-systemen\/\",\"url\":\"https:\/\/www.alternatievemiddelen.nl\/producten\/rvs-kraantje-berkey-systemen\/\",\"name\":\"RVS Kraantje voor Berkey waterfilter en andere merken RVS waterfilters (origineel van Berkey) - Alternatievemiddelen.nl\",\"isPartOf\":{\"@id\":\"https:\/\/www.alternatievemiddelen.nl\/#website\"},\"primaryImageOfPage\":{\"@id\":\"https:\/\/www.alternatievemiddelen.nl\/producten\/rvs-kraantje-berkey-systemen\/#primaryimage\"},\"image\":{\"@id\":\"https:\/\/www.alternatievemiddelen.nl\/producten\/rvs-kraantje-berkey-systemen\/#primaryimage\"},\"thumbnailUrl\":\"https:\/\/www.alternatievemiddelen.nl\/wp-content\/uploads\/2023\/12\/Berkey-rvs-kraantje.jpg\",\"datePublished\":\"2024-02-27T07:29:57+00:00\",\"dateModified\":\"2026-03-28T13:28:35+00:00\",\"description\":\"Een RVS kraantje voor Berkey waterfilter en andere merken RVS waterfilters, die het eventueel meegeleverde (plastic) kraantje kan vervangen.\",\"breadcrumb\":{\"@id\":\"https:\/\/www.alternatievemiddelen.nl\/producten\/rvs-kraantje-berkey-systemen\/#breadcrumb\"},\"inLanguage\":\"es\",\"potentialAction\":[{\"@type\":\"ReadAction\",\"target\":[\"https:\/\/www.alternatievemiddelen.nl\/producten\/rvs-kraantje-berkey-systemen\/\"]}]},{\"@type\":\"ImageObject\",\"inLanguage\":\"es\",\"@id\":\"https:\/\/www.alternatievemiddelen.nl\/producten\/rvs-kraantje-berkey-systemen\/#primaryimage\",\"url\":\"https:\/\/www.alternatievemiddelen.nl\/wp-content\/uploads\/2023\/12\/Berkey-rvs-kraantje.jpg\",\"contentUrl\":\"https:\/\/www.alternatievemiddelen.nl\/wp-content\/uploads\/2023\/12\/Berkey-rvs-kraantje.jpg\",\"width\":1200,\"height\":1600,\"caption\":\"RVS kraantje Berkey\"},{\"@type\":\"BreadcrumbList\",\"@id\":\"https:\/\/www.alternatievemiddelen.nl\/producten\/rvs-kraantje-berkey-systemen\/#breadcrumb\",\"itemListElement\":[{\"@type\":\"ListItem\",\"position\":1,\"name\":\"Home\",\"item\":\"https:\/\/www.alternatievemiddelen.nl\/\"},{\"@type\":\"ListItem\",\"position\":2,\"name\":\"Producten\",\"item\":\"https:\/\/www.alternatievemiddelen.nl\/producten\/\"},{\"@type\":\"ListItem\",\"position\":3,\"name\":\"RVS Kraantje voor Berkey waterfilter en andere merken RVS waterfilters (origineel van Berkey)\"}]},{\"@type\":\"WebSite\",\"@id\":\"https:\/\/www.alternatievemiddelen.nl\/#website\",\"url\":\"https:\/\/www.alternatievemiddelen.nl\/\",\"name\":\"Alternatievemiddelen.nl\",\"description\":\"Webshop met gezonde, duurzame en ecologische alternatieve mogelijkheden in de hedendaagse levenstijl. Alles uit eigen ervaring.\",\"publisher\":{\"@id\":\"https:\/\/www.alternatievemiddelen.nl\/#organization\"},\"potentialAction\":[{\"@type\":\"SearchAction\",\"target\":{\"@type\":\"EntryPoint\",\"urlTemplate\":\"https:\/\/www.alternatievemiddelen.nl\/?s={search_term_string}\"},\"query-input\":{\"@type\":\"PropertyValueSpecification\",\"valueRequired\":true,\"valueName\":\"search_term_string\"}}],\"inLanguage\":\"es\"},{\"@type\":\"Organization\",\"@id\":\"https:\/\/www.alternatievemiddelen.nl\/#organization\",\"name\":\"Alternatievemiddelen.nl\",\"url\":\"https:\/\/www.alternatievemiddelen.nl\/\",\"logo\":{\"@type\":\"ImageObject\",\"inLanguage\":\"es\",\"@id\":\"https:\/\/www.alternatievemiddelen.nl\/#\/schema\/logo\/image\/\",\"url\":\"https:\/\/www.alternatievemiddelen.nl\/wp-content\/uploads\/2023\/10\/alternatievemiddelen-PNG-logo.png\",\"contentUrl\":\"https:\/\/www.alternatievemiddelen.nl\/wp-content\/uploads\/2023\/10\/alternatievemiddelen-PNG-logo.png\",\"width\":6400,\"height\":3062,\"caption\":\"Alternatievemiddelen.nl\"},\"image\":{\"@id\":\"https:\/\/www.alternatievemiddelen.nl\/#\/schema\/logo\/image\/\"}}]}<\/script>\n<!-- \/ Yoast SEO plugin. -->","yoast_head_json":{"title":"RVS Kraantje voor Berkey waterfilter en andere merken RVS waterfilters (origineel van Berkey) - Alternatievemiddelen.nl","description":"Een RVS kraantje voor Berkey waterfilter en andere merken RVS waterfilters, die het eventueel meegeleverde (plastic) kraantje kan vervangen.","robots":{"index":"index","follow":"follow","max-snippet":"max-snippet:-1","max-image-preview":"max-image-preview:large","max-video-preview":"max-video-preview:-1"},"canonical":"https:\/\/www.alternatievemiddelen.nl\/es\/wp-json\/wp\/v2\/product\/34442","og_locale":"es_ES","og_type":"article","og_title":"RVS Kraantje voor Berkey waterfilter en andere merken RVS waterfilters (origineel van Berkey) - Alternatievemiddelen.nl","og_description":"Een RVS kraantje voor Berkey waterfilter en andere merken RVS waterfilters, die het eventueel meegeleverde (plastic) kraantje kan vervangen.","og_url":"https:\/\/www.alternatievemiddelen.nl\/es\/productos\/grifo-de-acero-inoxidable-sistemas-berkey\/","og_site_name":"Alternatievemiddelen.nl","article_modified_time":"2026-03-28T13:28:35+00:00","og_image":[{"width":1200,"height":1600,"url":"\/wp-content\/uploads\/2023\/12\/Berkey-rvs-kraantje.jpg","type":"image\/jpeg"}],"twitter_card":"summary_large_image","twitter_misc":{"Tiempo de lectura":"2 minutos"},"schema":{"@context":"https:\/\/schema.org","@graph":[{"@type":["WebPage","ItemPage"],"@id":"https:\/\/www.alternatievemiddelen.nl\/producten\/rvs-kraantje-berkey-systemen\/","url":"https:\/\/www.alternatievemiddelen.nl\/producten\/rvs-kraantje-berkey-systemen\/","name":"RVS Kraantje voor Berkey waterfilter en andere merken RVS waterfilters (origineel van Berkey) - Alternatievemiddelen.nl","isPartOf":{"@id":"https:\/\/www.alternatievemiddelen.nl\/#website"},"primaryImageOfPage":{"@id":"https:\/\/www.alternatievemiddelen.nl\/producten\/rvs-kraantje-berkey-systemen\/#primaryimage"},"image":{"@id":"https:\/\/www.alternatievemiddelen.nl\/producten\/rvs-kraantje-berkey-systemen\/#primaryimage"},"thumbnailUrl":"https:\/\/www.alternatievemiddelen.nl\/wp-content\/uploads\/2023\/12\/Berkey-rvs-kraantje.jpg","datePublished":"2024-02-27T07:29:57+00:00","dateModified":"2026-03-28T13:28:35+00:00","description":"Een RVS kraantje voor Berkey waterfilter en andere merken RVS waterfilters, die het eventueel meegeleverde (plastic) kraantje kan vervangen.","breadcrumb":{"@id":"https:\/\/www.alternatievemiddelen.nl\/producten\/rvs-kraantje-berkey-systemen\/#breadcrumb"},"inLanguage":"es","potentialAction":[{"@type":"ReadAction","target":["https:\/\/www.alternatievemiddelen.nl\/producten\/rvs-kraantje-berkey-systemen\/"]}]},{"@type":"ImageObject","inLanguage":"es","@id":"https:\/\/www.alternatievemiddelen.nl\/producten\/rvs-kraantje-berkey-systemen\/#primaryimage","url":"https:\/\/www.alternatievemiddelen.nl\/wp-content\/uploads\/2023\/12\/Berkey-rvs-kraantje.jpg","contentUrl":"https:\/\/www.alternatievemiddelen.nl\/wp-content\/uploads\/2023\/12\/Berkey-rvs-kraantje.jpg","width":1200,"height":1600,"caption":"RVS kraantje Berkey"},{"@type":"BreadcrumbList","@id":"https:\/\/www.alternatievemiddelen.nl\/producten\/rvs-kraantje-berkey-systemen\/#breadcrumb","itemListElement":[{"@type":"ListItem","position":1,"name":"Home","item":"https:\/\/www.alternatievemiddelen.nl\/"},{"@type":"ListItem","position":2,"name":"Producten","item":"https:\/\/www.alternatievemiddelen.nl\/producten\/"},{"@type":"ListItem","position":3,"name":"RVS Kraantje voor Berkey waterfilter en andere merken RVS waterfilters (origineel van Berkey)"}]},{"@type":"WebSite","@id":"https:\/\/www.alternatievemiddelen.nl\/#website","url":"https:\/\/www.alternatievemiddelen.nl\/","name":"Alternatievemiddelen.nl","description":"Webshop met gezonde, duurzame en ecologische alternatieve mogelijkheden in de hedendaagse levenstijl. Alles uit eigen ervaring.","publisher":{"@id":"https:\/\/www.alternatievemiddelen.nl\/#organization"},"potentialAction":[{"@type":"SearchAction","target":{"@type":"EntryPoint","urlTemplate":"https:\/\/www.alternatievemiddelen.nl\/?s={search_term_string}"},"query-input":{"@type":"PropertyValueSpecification","valueRequired":true,"valueName":"search_term_string"}}],"inLanguage":"es"},{"@type":"Organization","@id":"https:\/\/www.alternatievemiddelen.nl\/#organization","name":"Alternatievemiddelen.nl","url":"https:\/\/www.alternatievemiddelen.nl\/","logo":{"@type":"ImageObject","inLanguage":"es","@id":"https:\/\/www.alternatievemiddelen.nl\/#\/schema\/logo\/image\/","url":"https:\/\/www.alternatievemiddelen.nl\/wp-content\/uploads\/2023\/10\/alternatievemiddelen-PNG-logo.png","contentUrl":"https:\/\/www.alternatievemiddelen.nl\/wp-content\/uploads\/2023\/10\/alternatievemiddelen-PNG-logo.png","width":6400,"height":3062,"caption":"Alternatievemiddelen.nl"},"image":{"@id":"https:\/\/www.alternatievemiddelen.nl\/#\/schema\/logo\/image\/"}}]}},"_links":{"self":[{"href":"https:\/\/www.alternatievemiddelen.nl\/es\/wp-json\/wp\/v2\/product\/34442","targetHints":{"allow":["GET"]}}],"collection":[{"href":"https:\/\/www.alternatievemiddelen.nl\/es\/wp-json\/wp\/v2\/product"}],"about":[{"href":"https:\/\/www.alternatievemiddelen.nl\/es\/wp-json\/wp\/v2\/types\/product"}],"replies":[{"embeddable":true,"href":"https:\/\/www.alternatievemiddelen.nl\/es\/wp-json\/wp\/v2\/comments?post=34442"}],"wp:featuredmedia":[{"embeddable":true,"href":"https:\/\/www.alternatievemiddelen.nl\/es\/wp-json\/wp\/v2\/media\/31253"}],"wp:attachment":[{"href":"https:\/\/www.alternatievemiddelen.nl\/es\/wp-json\/wp\/v2\/media?parent=34442"}],"wp:term":[{"taxonomy":"product_brand","embeddable":true,"href":"https:\/\/www.alternatievemiddelen.nl\/es\/wp-json\/wp\/v2\/product_brand?post=34442"},{"taxonomy":"product_cat","embeddable":true,"href":"https:\/\/www.alternatievemiddelen.nl\/es\/wp-json\/wp\/v2\/product_cat?post=34442"},{"taxonomy":"product_tag","embeddable":true,"href":"https:\/\/www.alternatievemiddelen.nl\/es\/wp-json\/wp\/v2\/product_tag?post=34442"},{"taxonomy":"merk","embeddable":true,"href":"https:\/\/www.alternatievemiddelen.nl\/es\/wp-json\/wp\/v2\/merk?post=34442"}],"curies":[{"name":"wp","href":"https:\/\/api.w.org\/{rel}","templated":true}]}}