{"id":34479,"date":"2024-02-27T08:38:56","date_gmt":"2024-02-27T07:38:56","guid":{"rendered":"https:\/\/www.alternatievemiddelen.nl\/?post_type=product&#038;p=34479"},"modified":"2025-09-03T06:24:01","modified_gmt":"2025-09-03T04:24:01","slug":"bo-bottle-schenktuit","status":"publish","type":"product","link":"https:\/\/www.alternatievemiddelen.nl\/es\/productos\/bo-bottle-pico-vertedor\/","title":{"rendered":"1 vertedor Bo-Bottle por cada modelo Bo-Bottle"},"content":{"rendered":"<p>Este pico vertedor de corcho Bo-Bottle transforma cualquier Bo-Bottle en un verdadero punto de atracci\u00f3n en la mesa y en la cocina.<br \/>\nPrepare su propio aceite de oliva, por ejemplo, y sustituya el tap\u00f3n de la Bo-Bottle por este pico vertedor. El pico vertedor tiene un di\u00e1metro de 34 mm y se adapta a cualquier Bo-Bottle.<\/p>\n<h4><u>Especificaciones del ca\u00f1o vertedor Bo-Bottle:<\/u><\/h4>\n<p>Vertedor de corcho<br \/>\n\u25cf Di\u00e1metro de 34 mm<br \/>\n\u25cf Se ajusta a la <a href=\"https:\/\/www.alternatievemiddelen.nl\/es\/productos\/bo-botella-380ultd-botella-para-beber\/\">Bo-Bottle 380ULTD<\/a><\/p>\n<p>&nbsp;<\/p>\n<h2>M\u00e1s informaci\u00f3n sobre las botellas Bo-Bottles<\/h2>\n<p>La primera botella de vidrio con fondo enroscable. Todas las Bo-Bottles est\u00e1n fabricadas con el duro vidrio de borosilicato, que no se raya, por lo que son duraderas. El vidrio de borosilicato es, de hecho, un vidrio muy duro y resistente al calor, con una vida \u00fatil m\u00e1s larga que otros tipos de vidrio, por lo que se mantiene bello durante un uso intensivo y tambi\u00e9n puede soportar golpes. El tap\u00f3n y el fondo extra\u00edble son de acero inoxidable duradero. El interior de los tapones es de polipropileno: un pl\u00e1stico duro libre de t\u00f3xicos y resistente a la proliferaci\u00f3n bacteriana. Es el \u00fanico pl\u00e1stico utilizado en toda la botella. En el interior de ambos tapones hay un anillo de cierre de silicona extra\u00edble, y por tanto reemplazable, que garantiza la estanqueidad de la botella 100%.<br \/>\n<u>Contribuir colectivamente a la reducci\u00f3n del pl\u00e1stico:<\/u> El objetivo de Bo-Bottles es sustituir las botellas de pl\u00e1stico rellenables y de un solo uso. Por supuesto, \u00a1nos alegramos de ello!<\/p>\n<h2>Todas las ventajas de las botellas Bo-Bottles de un vistazo:<\/h2>\n<p>\u2714 SALUDABLE - Porque la botella est\u00e1 hecha de vidrio de borosilicato y no de pl\u00e1stico nocivo.<br \/>\n\u2714 100% LEAKFREE - Debido a los anillos de silicona sueltos y por lo tanto reemplazables.<br \/>\n\u2714 SIN MORDER - Porque en vidrio, las bebidas conservan su sabor original.<br \/>\n\u2714 HIGI\u00c9NICO - La parte superior e inferior enroscables facilitan la limpieza del Bo-Bottles. De este modo, la botella tambi\u00e9n se puede meter f\u00e1cilmente en el lavavajillas.<br \/>\n\u2714 SOSTENIBLE - El vaso Bo-Bottles reduce el consumo de botellas de pl\u00e1stico para beber, contribuyendo as\u00ed a un mundo m\u00e1s sostenible. Adem\u00e1s, los Bo-Bottles est\u00e1n dise\u00f1ados para que todas las piezas sean reemplazables.<br \/>\n\u2714 Base extra\u00edble - Para poder llenar la botella por la parte inferior con cubitos de hielo y fruta fresca, entre otras cosas.<br \/>\n\u2714 DISE\u00d1O HOLAND\u00c9S - Todos los componentes del Bo-Bottles est\u00e1n dise\u00f1ados en los Pa\u00edses Bajos y cumplen los exigentes requisitos de la FDA estadounidense y la MEA europea (autoridades de alimentos y medicamentos).<br \/>\n\u2714 ACCESORIOS - Con un <a href=\"https:\/\/www.alternatievemiddelen.nl\/es\/productos\/bo-bottle-pico-vertedor\/\">ca\u00f1o de corcho<\/a> o copa de fruta (disponible en <a href=\"https:\/\/www.alternatievemiddelen.nl\/es\/productos\/bo-bottle-taza-de-fruta-azul\/\">azul<\/a>, <a href=\"https:\/\/www.alternatievemiddelen.nl\/es\/productos\/bo-botella-fruta-copa-verde\/\">verde<\/a>, <a href=\"https:\/\/www.alternatievemiddelen.nl\/es\/productos\/bo-botella-copa-fruta-rosa\/\">rosa<\/a> y <a href=\"https:\/\/www.alternatievemiddelen.nl\/es\/productos\/bo-botella-copa-fruta-negro\/\">negro<\/a>), las posibilidades son infinitas.<\/p>","protected":false},"excerpt":{"rendered":"<p>El vertedor de corcho Bo-Bottle convierte cualquier Bo-Bottle en un verdadero punto de atracci\u00f3n en la mesa o en la cocina y se adapta a cualquier modelo Bo-Bottle.<\/p>","protected":false},"featured_media":30964,"comment_status":"open","ping_status":"closed","template":"","meta":[],"product_brand":[],"product_cat":[2983,3148],"product_tag":[3112,3113,3114,3115,2975,2987,2929,3117,2875,3118,3119,3120,3150,3151,3121,3126,3122,2879,2990,2880,3152,3127,2967,2885],"merk":[3451],"class_list":{"0":"post-34479","1":"product","2":"type-product","3":"status-publish","4":"has-post-thumbnail","6":"product_cat-drinkflessen","7":"product_cat-drinkfles-accessoires","8":"product_tag-afschroefbare-bodem","9":"product_tag-bo-bottle","10":"product_tag-bo-bottles","11":"product_tag-borosilicaat-glas","12":"product_tag-bpa-vrij","13":"product_tag-drinkfles","14":"product_tag-duurzaam","15":"product_tag-gezond","16":"product_tag-gezondheid","17":"product_tag-glas","18":"product_tag-glazen-drinkfles","19":"product_tag-glazen-fles","20":"product_tag-handig","21":"product_tag-keuken","22":"product_tag-lekvrij","23":"product_tag-olijfolie","24":"product_tag-plasticreductie","25":"product_tag-roestvrij-staal","26":"product_tag-roestvrijstalen-waterfles","27":"product_tag-rvs","28":"product_tag-schenken","29":"product_tag-schenktuit","30":"product_tag-schoon","31":"product_tag-water","32":"merk-bo-bottles","34":"first","35":"instock","36":"taxable","37":"shipping-taxable","38":"purchasable","39":"product-type-simple"},"bundled_by":[],"bundle_stock_status":"instock","bundle_stock_quantity":null,"bundle_virtual":false,"bundle_layout":"","bundle_add_to_cart_form_location":"","bundle_editable_in_cart":false,"bundle_sold_individually_context":"","bundle_item_grouping":"","bundle_min_size":"","bundle_max_size":"","bundle_price":[],"bundled_items":[],"bundle_sell_ids":[44176,34457,34342,34447,34347],"yoast_head":"<!-- This site is optimized with the Yoast SEO plugin v26.1 - https:\/\/yoast.com\/wordpress\/plugins\/seo\/ -->\n<title>Bo-Bottle Schenktuit voor elk Bo-Bottle model - Alternatievemiddelen.nl<\/title>\n<meta name=\"description\" content=\"De Bo-Bottle Schenktuit van kurk tovert iedere Bo-Bottle om in een echte eye-catcher op tafel of in keuken en past op ieder Bo-Bottle model.\" \/>\n<meta name=\"robots\" content=\"index, follow, max-snippet:-1, max-image-preview:large, max-video-preview:-1\" \/>\n<link rel=\"canonical\" href=\"https:\/\/www.alternatievemiddelen.nl\/es\/wp-json\/wp\/v2\/product\/34479\" \/>\n<meta property=\"og:locale\" content=\"es_ES\" \/>\n<meta property=\"og:type\" content=\"article\" \/>\n<meta property=\"og:title\" content=\"Bo-Bottle Schenktuit voor elk Bo-Bottle model - Alternatievemiddelen.nl\" \/>\n<meta property=\"og:description\" content=\"De Bo-Bottle Schenktuit van kurk tovert iedere Bo-Bottle om in een echte eye-catcher op tafel of in keuken en past op ieder Bo-Bottle model.\" \/>\n<meta property=\"og:url\" content=\"https:\/\/www.alternatievemiddelen.nl\/es\/productos\/bo-bottle-pico-vertedor\/\" \/>\n<meta property=\"og:site_name\" content=\"Alternatievemiddelen.nl\" \/>\n<meta property=\"article:publisher\" content=\"https:\/\/www.facebook.com\/alternatievemiddelen\" \/>\n<meta property=\"article:modified_time\" content=\"2025-09-03T04:24:01+00:00\" \/>\n<meta property=\"og:image\" content=\"\/wp-content\/uploads\/2023\/12\/Bo-Bottle_schenktuit.jpg\" \/>\n\t<meta property=\"og:image:width\" content=\"1200\" \/>\n\t<meta property=\"og:image:height\" content=\"1600\" \/>\n\t<meta property=\"og:image:type\" content=\"image\/jpeg\" \/>\n<meta name=\"twitter:card\" content=\"summary_large_image\" \/>\n<meta name=\"twitter:label1\" content=\"Tiempo de lectura\" \/>\n\t<meta name=\"twitter:data1\" content=\"3 minutos\" \/>\n<script type=\"application\/ld+json\" class=\"yoast-schema-graph\">{\"@context\":\"https:\/\/schema.org\",\"@graph\":[{\"@type\":[\"WebPage\",\"ItemPage\"],\"@id\":\"https:\/\/www.alternatievemiddelen.nl\/producten\/bo-bottle-schenktuit\/\",\"url\":\"https:\/\/www.alternatievemiddelen.nl\/producten\/bo-bottle-schenktuit\/\",\"name\":\"Bo-Bottle Schenktuit voor elk Bo-Bottle model - Alternatievemiddelen.nl\",\"isPartOf\":{\"@id\":\"https:\/\/www.alternatievemiddelen.nl\/#website\"},\"primaryImageOfPage\":{\"@id\":\"https:\/\/www.alternatievemiddelen.nl\/producten\/bo-bottle-schenktuit\/#primaryimage\"},\"image\":{\"@id\":\"https:\/\/www.alternatievemiddelen.nl\/producten\/bo-bottle-schenktuit\/#primaryimage\"},\"thumbnailUrl\":\"https:\/\/www.alternatievemiddelen.nl\/wp-content\/uploads\/2023\/12\/Bo-Bottle_schenktuit.jpg\",\"datePublished\":\"2024-02-27T07:38:56+00:00\",\"dateModified\":\"2025-09-03T04:24:01+00:00\",\"description\":\"De Bo-Bottle Schenktuit van kurk tovert iedere Bo-Bottle om in een echte eye-catcher op tafel of in keuken en past op ieder Bo-Bottle model.\",\"breadcrumb\":{\"@id\":\"https:\/\/www.alternatievemiddelen.nl\/producten\/bo-bottle-schenktuit\/#breadcrumb\"},\"inLanguage\":\"es\",\"potentialAction\":[{\"@type\":\"ReadAction\",\"target\":[\"https:\/\/www.alternatievemiddelen.nl\/producten\/bo-bottle-schenktuit\/\"]}]},{\"@type\":\"ImageObject\",\"inLanguage\":\"es\",\"@id\":\"https:\/\/www.alternatievemiddelen.nl\/producten\/bo-bottle-schenktuit\/#primaryimage\",\"url\":\"https:\/\/www.alternatievemiddelen.nl\/wp-content\/uploads\/2023\/12\/Bo-Bottle_schenktuit.jpg\",\"contentUrl\":\"https:\/\/www.alternatievemiddelen.nl\/wp-content\/uploads\/2023\/12\/Bo-Bottle_schenktuit.jpg\",\"width\":1200,\"height\":1600,\"caption\":\"Bo-Bottle schenktuit\"},{\"@type\":\"BreadcrumbList\",\"@id\":\"https:\/\/www.alternatievemiddelen.nl\/producten\/bo-bottle-schenktuit\/#breadcrumb\",\"itemListElement\":[{\"@type\":\"ListItem\",\"position\":1,\"name\":\"Home\",\"item\":\"https:\/\/www.alternatievemiddelen.nl\/\"},{\"@type\":\"ListItem\",\"position\":2,\"name\":\"Producten\",\"item\":\"https:\/\/www.alternatievemiddelen.nl\/producten\/\"},{\"@type\":\"ListItem\",\"position\":3,\"name\":\"Bo-Bottle Schenktuit voor elk Bo-Bottle model\"}]},{\"@type\":\"WebSite\",\"@id\":\"https:\/\/www.alternatievemiddelen.nl\/#website\",\"url\":\"https:\/\/www.alternatievemiddelen.nl\/\",\"name\":\"Alternatievemiddelen.nl\",\"description\":\"Webshop met gezonde, duurzame en ecologische alternatieve mogelijkheden in de hedendaagse levenstijl. Alles uit eigen ervaring.\",\"publisher\":{\"@id\":\"https:\/\/www.alternatievemiddelen.nl\/#organization\"},\"alternateName\":\"Alternatieve Middelen\",\"potentialAction\":[{\"@type\":\"SearchAction\",\"target\":{\"@type\":\"EntryPoint\",\"urlTemplate\":\"https:\/\/www.alternatievemiddelen.nl\/?s={search_term_string}\"},\"query-input\":{\"@type\":\"PropertyValueSpecification\",\"valueRequired\":true,\"valueName\":\"search_term_string\"}}],\"inLanguage\":\"es\"},{\"@type\":\"Organization\",\"@id\":\"https:\/\/www.alternatievemiddelen.nl\/#organization\",\"name\":\"Alternatievemiddelen.nl\",\"alternateName\":\"Alternatieve Middelen\",\"url\":\"https:\/\/www.alternatievemiddelen.nl\/\",\"logo\":{\"@type\":\"ImageObject\",\"inLanguage\":\"es\",\"@id\":\"https:\/\/www.alternatievemiddelen.nl\/#\/schema\/logo\/image\/\",\"url\":\"https:\/\/www.alternatievemiddelen.nl\/wp-content\/uploads\/2023\/10\/alternatievemiddelen-PNG-logo.png\",\"contentUrl\":\"https:\/\/www.alternatievemiddelen.nl\/wp-content\/uploads\/2023\/10\/alternatievemiddelen-PNG-logo.png\",\"width\":6400,\"height\":3062,\"caption\":\"Alternatievemiddelen.nl\"},\"image\":{\"@id\":\"https:\/\/www.alternatievemiddelen.nl\/#\/schema\/logo\/image\/\"},\"sameAs\":[\"https:\/\/www.facebook.com\/alternatievemiddelen\",\"https:\/\/www.instagram.com\/alternatievemiddelen.nl\/\"]}]}<\/script>\n<!-- \/ Yoast SEO plugin. -->","yoast_head_json":{"title":"Bo-Bottle Schenktuit voor elk Bo-Bottle model - Alternatievemiddelen.nl","description":"De Bo-Bottle Schenktuit van kurk tovert iedere Bo-Bottle om in een echte eye-catcher op tafel of in keuken en past op ieder Bo-Bottle model.","robots":{"index":"index","follow":"follow","max-snippet":"max-snippet:-1","max-image-preview":"max-image-preview:large","max-video-preview":"max-video-preview:-1"},"canonical":"https:\/\/www.alternatievemiddelen.nl\/es\/wp-json\/wp\/v2\/product\/34479","og_locale":"es_ES","og_type":"article","og_title":"Bo-Bottle Schenktuit voor elk Bo-Bottle model - Alternatievemiddelen.nl","og_description":"De Bo-Bottle Schenktuit van kurk tovert iedere Bo-Bottle om in een echte eye-catcher op tafel of in keuken en past op ieder Bo-Bottle model.","og_url":"https:\/\/www.alternatievemiddelen.nl\/es\/productos\/bo-bottle-pico-vertedor\/","og_site_name":"Alternatievemiddelen.nl","article_publisher":"https:\/\/www.facebook.com\/alternatievemiddelen","article_modified_time":"2025-09-03T04:24:01+00:00","og_image":[{"width":1200,"height":1600,"url":"\/wp-content\/uploads\/2023\/12\/Bo-Bottle_schenktuit.jpg","type":"image\/jpeg"}],"twitter_card":"summary_large_image","twitter_misc":{"Tiempo de lectura":"3 minutos"},"schema":{"@context":"https:\/\/schema.org","@graph":[{"@type":["WebPage","ItemPage"],"@id":"https:\/\/www.alternatievemiddelen.nl\/producten\/bo-bottle-schenktuit\/","url":"https:\/\/www.alternatievemiddelen.nl\/producten\/bo-bottle-schenktuit\/","name":"Bo-Bottle Schenktuit voor elk Bo-Bottle model - Alternatievemiddelen.nl","isPartOf":{"@id":"https:\/\/www.alternatievemiddelen.nl\/#website"},"primaryImageOfPage":{"@id":"https:\/\/www.alternatievemiddelen.nl\/producten\/bo-bottle-schenktuit\/#primaryimage"},"image":{"@id":"https:\/\/www.alternatievemiddelen.nl\/producten\/bo-bottle-schenktuit\/#primaryimage"},"thumbnailUrl":"https:\/\/www.alternatievemiddelen.nl\/wp-content\/uploads\/2023\/12\/Bo-Bottle_schenktuit.jpg","datePublished":"2024-02-27T07:38:56+00:00","dateModified":"2025-09-03T04:24:01+00:00","description":"De Bo-Bottle Schenktuit van kurk tovert iedere Bo-Bottle om in een echte eye-catcher op tafel of in keuken en past op ieder Bo-Bottle model.","breadcrumb":{"@id":"https:\/\/www.alternatievemiddelen.nl\/producten\/bo-bottle-schenktuit\/#breadcrumb"},"inLanguage":"es","potentialAction":[{"@type":"ReadAction","target":["https:\/\/www.alternatievemiddelen.nl\/producten\/bo-bottle-schenktuit\/"]}]},{"@type":"ImageObject","inLanguage":"es","@id":"https:\/\/www.alternatievemiddelen.nl\/producten\/bo-bottle-schenktuit\/#primaryimage","url":"https:\/\/www.alternatievemiddelen.nl\/wp-content\/uploads\/2023\/12\/Bo-Bottle_schenktuit.jpg","contentUrl":"https:\/\/www.alternatievemiddelen.nl\/wp-content\/uploads\/2023\/12\/Bo-Bottle_schenktuit.jpg","width":1200,"height":1600,"caption":"Bo-Bottle schenktuit"},{"@type":"BreadcrumbList","@id":"https:\/\/www.alternatievemiddelen.nl\/producten\/bo-bottle-schenktuit\/#breadcrumb","itemListElement":[{"@type":"ListItem","position":1,"name":"Home","item":"https:\/\/www.alternatievemiddelen.nl\/"},{"@type":"ListItem","position":2,"name":"Producten","item":"https:\/\/www.alternatievemiddelen.nl\/producten\/"},{"@type":"ListItem","position":3,"name":"Bo-Bottle Schenktuit voor elk Bo-Bottle model"}]},{"@type":"WebSite","@id":"https:\/\/www.alternatievemiddelen.nl\/#website","url":"https:\/\/www.alternatievemiddelen.nl\/","name":"Alternatievemiddelen.nl","description":"Webshop met gezonde, duurzame en ecologische alternatieve mogelijkheden in de hedendaagse levenstijl. Alles uit eigen ervaring.","publisher":{"@id":"https:\/\/www.alternatievemiddelen.nl\/#organization"},"alternateName":"Alternatieve Middelen","potentialAction":[{"@type":"SearchAction","target":{"@type":"EntryPoint","urlTemplate":"https:\/\/www.alternatievemiddelen.nl\/?s={search_term_string}"},"query-input":{"@type":"PropertyValueSpecification","valueRequired":true,"valueName":"search_term_string"}}],"inLanguage":"es"},{"@type":"Organization","@id":"https:\/\/www.alternatievemiddelen.nl\/#organization","name":"Alternatievemiddelen.nl","alternateName":"Alternatieve Middelen","url":"https:\/\/www.alternatievemiddelen.nl\/","logo":{"@type":"ImageObject","inLanguage":"es","@id":"https:\/\/www.alternatievemiddelen.nl\/#\/schema\/logo\/image\/","url":"https:\/\/www.alternatievemiddelen.nl\/wp-content\/uploads\/2023\/10\/alternatievemiddelen-PNG-logo.png","contentUrl":"https:\/\/www.alternatievemiddelen.nl\/wp-content\/uploads\/2023\/10\/alternatievemiddelen-PNG-logo.png","width":6400,"height":3062,"caption":"Alternatievemiddelen.nl"},"image":{"@id":"https:\/\/www.alternatievemiddelen.nl\/#\/schema\/logo\/image\/"},"sameAs":["https:\/\/www.facebook.com\/alternatievemiddelen","https:\/\/www.instagram.com\/alternatievemiddelen.nl\/"]}]}},"_links":{"self":[{"href":"https:\/\/www.alternatievemiddelen.nl\/es\/wp-json\/wp\/v2\/product\/34479","targetHints":{"allow":["GET"]}}],"collection":[{"href":"https:\/\/www.alternatievemiddelen.nl\/es\/wp-json\/wp\/v2\/product"}],"about":[{"href":"https:\/\/www.alternatievemiddelen.nl\/es\/wp-json\/wp\/v2\/types\/product"}],"replies":[{"embeddable":true,"href":"https:\/\/www.alternatievemiddelen.nl\/es\/wp-json\/wp\/v2\/comments?post=34479"}],"wp:featuredmedia":[{"embeddable":true,"href":"https:\/\/www.alternatievemiddelen.nl\/es\/wp-json\/wp\/v2\/media\/30964"}],"wp:attachment":[{"href":"https:\/\/www.alternatievemiddelen.nl\/es\/wp-json\/wp\/v2\/media?parent=34479"}],"wp:term":[{"taxonomy":"product_brand","embeddable":true,"href":"https:\/\/www.alternatievemiddelen.nl\/es\/wp-json\/wp\/v2\/product_brand?post=34479"},{"taxonomy":"product_cat","embeddable":true,"href":"https:\/\/www.alternatievemiddelen.nl\/es\/wp-json\/wp\/v2\/product_cat?post=34479"},{"taxonomy":"product_tag","embeddable":true,"href":"https:\/\/www.alternatievemiddelen.nl\/es\/wp-json\/wp\/v2\/product_tag?post=34479"},{"taxonomy":"merk","embeddable":true,"href":"https:\/\/www.alternatievemiddelen.nl\/es\/wp-json\/wp\/v2\/merk?post=34479"}],"curies":[{"name":"wp","href":"https:\/\/api.w.org\/{rel}","templated":true}]}}