{"id":34481,"date":"2024-02-27T08:38:57","date_gmt":"2024-02-27T07:38:57","guid":{"rendered":"https:\/\/www.alternatievemiddelen.nl\/?post_type=product&#038;p=34481"},"modified":"2025-07-04T15:24:33","modified_gmt":"2025-07-04T13:24:33","slug":"british-berkefeld-waterfilter-12l-set","status":"publish","type":"product","link":"https:\/\/www.alternatievemiddelen.nl\/es\/productos\/filtro-de-agua-british-berkefeld-12l-set\/","title":{"rendered":"Juego British Berkefeld 12L: Filtro de agua 12L (incluye 2x Ultra Sterasyl) + V\u00e1lvula de pl\u00e1stico + Soporte"},"content":{"rendered":"<p>El filtro de agua British Berkefeld de 12 litros es un sistema port\u00e1til de filtrado de agua por gravedad que incluye <a href=\"https:\/\/www.alternatievemiddelen.nl\/es\/productos\/elemento-filtrante-de-agua-ultra-sterasyl\/\">dos elementos filtrantes Ultra Sterasyl<\/a> para reducir los contaminantes comunes (incluidas bacterias, quistes, algas, residuos de medicamentos, micropl\u00e1sticos, arena, sedimentos, metales pesados (incluido el plomo)) y el cloro. La soluci\u00f3n ideal para obtener agua potable filtrada y limpia del grifo o sobre la marcha. Los filtros de agua British Berkefeld tambi\u00e9n son utilizados, entre otros, por la Cruz Roja, Unicef y otras organizaciones de ayuda para garantizar una cantidad suficiente de agua potable en zonas de emergencia.<\/p>\n<h3>Informaci\u00f3n sobre el British Berkefeld Filtro de agua 12L<\/h3>\n<p>El Filtro de Agua British Berkefeld 12L es la soluci\u00f3n ideal para proporcionar agua potable limpia y segura durante los viajes, en lugares con un suministro poco fiable de agua potable segura o donde no hay presi\u00f3n en un suministro de agua fiable. Adecuado para el hogar, el camping, por ejemplo, o en caso de emergencia.<br \/>\nEste filtro de agua no necesita alimentaci\u00f3n el\u00e9ctrica ni ning\u00fan otro tipo de accionamiento. Basta con colocarlo sobre la encimera o sobre una mesa o armario, llenarlo de agua y el agua fluye por gravedad hacia la parte inferior. A continuaci\u00f3n, extraiga el agua del recipiente inferior muy f\u00e1cilmente.<\/p>\n<p>El Filtro de Agua British Berkefeld 12L es tan potente, que son capaces de purificar sin esfuerzo el agua del suelo, r\u00edo o acequia para convertirla en agua potable. \u00a1M\u00e1s del 99,99% de las bacterias son detenidas por los filtros! Adem\u00e1s, este filtro de agua filtra el plomo y otros metales pesados del agua.<\/p>\n<p>Hay tres modelos disponibles y tambi\u00e9n en este conjunto de oferta: <a href=\"https:\/\/www.alternatievemiddelen.nl\/es\/productos\/set-filtro-de-agua-british-berkefeld-6l\/\">British Berkefeld Filtro de agua 6L<\/a>, <a href=\"https:\/\/www.alternatievemiddelen.nl\/es\/productos\/filtro-de-agua-british-berkefeld-8-5l-set\/\">British Berkefeld Filtro de agua 8,5L<\/a> y <a href=\"https:\/\/www.alternatievemiddelen.nl\/es\/productos\/filtro-de-agua-british-berkefeld-12l-set\/\">British Berkefeld Filtro de agua 12L<\/a>. El rendimiento del filtro de todos los modelos es similar, la diferencia est\u00e1 en el peso y el tama\u00f1o del filtro de agua y en el tama\u00f1o del dep\u00f3sito de agua filtrada.<\/p>\n<p>El filtro de agua British Berkefeld 12L tiene capacidad para aproximadamente 12 litros de agua y viene con <a href=\"https:\/\/www.alternatievemiddelen.nl\/es\/productos\/elemento-filtrante-de-agua-ultra-sterasyl\/\">2 elementos filtrantes Ultra Sterasyl<\/a>. Duran 6 meses o 3000 litros en total. Cada elemento filtrante puede purificar unos 20 litros cada 24 horas.<\/p>\n<p>La carcasa es de acero inoxidable pulido de alta calidad.<\/p>\n<h3>Caracter\u00edsticas British Berkefeld Filtro de agua 12L<\/h3>\n<ul>\n<li>El filtro de agua ideal para el hogar y la oficina. Adecuado para su uso por 2-6 personas<\/li>\n<li>Filtra bacterias, quistes, algas, residuos de medicamentos, micropl\u00e1sticos, arena, sedimentos, metales pesados (incluido el plomo) y cloro, entre otros.<\/li>\n<li>F\u00e1cil de usar<\/li>\n<li>Capacidad para 12 litros<\/li>\n<li>Se suministra de serie con <a href=\"https:\/\/www.alternatievemiddelen.nl\/es\/productos\/elemento-filtrante-de-agua-ultra-sterasyl\/\">2 elementos filtrantes Ultra Sterasyl<\/a><\/li>\n<li>Ampliable hasta 4 elementos filtrantes<\/li>\n<li>Cualquier <a href=\"https:\/\/www.alternatievemiddelen.nl\/es\/productos\/elemento-filtrante-de-agua-ultra-sterasyl\/\">Elemento filtrante Ultra Sterasyl<\/a> filtra hasta 1.500 litros de agua (o hasta 6 meses)<\/li>\n<li>En <a href=\"https:\/\/www.alternatievemiddelen.nl\/es\/productos\/elemento-filtrante-de-agua-ultra-sterasyl\/\">Elementos filtrantes Ultra Sterasyl<\/a> debe sustituirse cada 6 meses<\/li>\n<li>Acero inoxidable pulido de alta calidad<\/li>\n<li>Filtra aproximadamente 3 litros por hora con 2 elementos<\/li>\n<li>Filtra aproximadamente 6 litros por hora con 4 elementos<\/li>\n<li>Altura: 68 cm<\/li>\n<li>Di\u00e1metro: 29 cm<\/li>\n<li>Peso: 4,5 kg<\/li>\n<\/ul>\n<p>El juego British Berkefeld Filtro de agua 12L (en oferta) se compone de los productos enumerados a continuaci\u00f3n. Haga clic en los n\u00fameros de art\u00edculo para obtener m\u00e1s informaci\u00f3n sobre los productos individuales. Los productos del set:<\/p>\n<p>- British Berkefeld Filtro de agua 12L (incluye 2 elementos filtrantes Ultra Sterasyl) - ref. <a href=\"https:\/\/www.alternatievemiddelen.nl\/es\/productos\/filtro-de-agua-british-berkefeld-12l\/\">W9361137<\/a><br \/>\n- Mirilla grifo pl\u00e1stico para British Berkefeld Filtro de agua 12L - art.no. <a href=\"https:\/\/www.alternatievemiddelen.nl\/es\/productos\/mirilla-grifo-plastico-para-filtro-de-agua-british-berkefeld-12l\/\">BRSG-10-BB<\/a><br \/>\n- Est\u00e1ndar para filtro de agua British Berkefeld 12L - art. no. <a href=\"https:\/\/www.alternatievemiddelen.nl\/es\/productos\/soporte-para-filtro-de-agua-british-berkefeld-12l\/\">BRLRGBASE-BB<\/a><\/p>\n<h3>Instalaci\u00f3n<\/h3>\n<p>Puede montar f\u00e1cilmente el Filtro de Agua British Berkefeld 12L en pocos minutos, sin herramientas. Aseg\u00farese de limpiar a fondo los recipientes, la tapa y el grifo (\u00a1ATENCI\u00d3N! NO los elementos filtrantes) previamente con agua tibia y detergente (preferiblemente un detergente suave y natural). Aclare bien estas piezas para evitar que queden restos de jab\u00f3n. Enjuague los elementos filtrantes s\u00f3lo brevemente bajo un grifo fr\u00edo para eliminar el polvo de producci\u00f3n. A continuaci\u00f3n, coloque los elementos filtrantes en el recipiente superior y ll\u00e9nelo de agua. Deje correr el agua, la velocidad del filtro aumentar\u00e1 a medida que los elementos filtrantes se llenen lentamente de agua. Tire todav\u00eda la primera agua corriente (o d\u00e9sela a las plantas). Ya est\u00e1 listo para usar.<\/p>\n<h3>Consejos de mantenimiento<\/h3>\n<p>Puede limpiar simplemente los recipientes, la tapa y el grifo del filtro de agua British Berkefeld utilizando agua tibia con detergente (preferiblemente detergente suave y natural). Aseg\u00farese de limpiarlo todo a fondo (insistiendo tambi\u00e9n en los bordes) y de aclararlo bien, para que no queden restos de jab\u00f3n. Dependiendo del agua que se purifique, puede variar de una limpieza semanal a una mensual.<br \/>\nEn <a href=\"https:\/\/www.alternatievemiddelen.nl\/es\/productos\/elemento-filtrante-de-agua-ultra-sterasyl\/\">Elementos filtrantes Ultra Sterasyl<\/a> o <a href=\"https:\/\/www.alternatievemiddelen.nl\/es\/productos\/elemento-filtrante-de-agua-ultrafluorada\/\">Elementos filtrantes Ultra Fluoride<\/a> se limpia mejor una vez al mes con una esponja abrasiva bajo el grifo de agua fr\u00eda. Esto eliminar\u00e1 la capa de dep\u00f3sitos creada por las sustancias eliminadas del agua y los elementos filtrantes volver\u00e1n a fluir mejor. De nuevo: dependiendo del agua que se est\u00e9 purificando, es posible que se pueda limpiar con m\u00e1s frecuencia que una vez al mes.<\/p>","protected":false},"excerpt":{"rendered":"<p>British Berkefeld 12L set incl.: British Berkefeld Filtro de agua 12L (incluye 2x Ultra Sterasyl elementos), mirilla grifo de pl\u00e1stico y base (est\u00e1ndar).<\/p>\n<p><span style=\"color: #274001;\"><strong>Este combo consiste en:<\/strong><\/span><\/p>","protected":false},"featured_media":31007,"comment_status":"open","ping_status":"closed","template":"","meta":[],"product_brand":[],"product_cat":[2971,3478],"product_tag":[2936,3107,3157,2964,2976,2875,3033,3004,3010,2879,2967,3030,3106,3158,3159,3160,3161,2885,2979,2980,2981],"merk":[3450],"class_list":{"0":"post-34481","1":"product","2":"type-product","3":"status-publish","4":"has-post-thumbnail","6":"product_cat-waterfilters","7":"product_cat-combideals","8":"product_tag-aanbieding","9":"product_tag-british-berkefeld","10":"product_tag-british-berkefeld-waterfilter-12l","11":"product_tag-filter","12":"product_tag-filterelement","13":"product_tag-gezondheid","14":"product_tag-kijkglaskraantje","15":"product_tag-onderweg","16":"product_tag-roestvrij","17":"product_tag-roestvrij-staal","18":"product_tag-schoon","19":"product_tag-set","20":"product_tag-standaard","21":"product_tag-thuis","22":"product_tag-ultra-sterasyl","23":"product_tag-ultra-sterasyl-atc","24":"product_tag-ultra-sterasyl-atc-filterelementen","25":"product_tag-water","26":"product_tag-waterfilter","27":"product_tag-waterzuivering","28":"product_tag-zuiver","29":"merk-british-berkefeld","31":"first","32":"instock","33":"sale","34":"taxable","35":"shipping-taxable","36":"purchasable","37":"product-type-bundle"},"bundled_by":[],"bundle_stock_status":"insufficientstock","bundle_stock_quantity":0,"bundle_virtual":false,"bundle_layout":"tabular","bundle_add_to_cart_form_location":"default","bundle_editable_in_cart":false,"bundle_sold_individually_context":"product","bundle_item_grouping":"parent","bundle_min_size":3,"bundle_max_size":3,"bundle_price":{"price":{"min":{"incl_tax":"395.15","excl_tax":"326.570248"},"max":{"incl_tax":"395.15","excl_tax":"326.570248"}},"regular_price":{"min":{"incl_tax":"415.95","excl_tax":"343.760331"},"max":{"incl_tax":"415.95","excl_tax":"343.760331"}}},"bundled_items":[{"bundled_item_id":182,"product_id":34430,"menu_order":0,"quantity_min":1,"quantity_max":1,"quantity_default":1,"priced_individually":false,"shipped_individually":false,"override_title":false,"title":"British Berkefeld Waterfilter 12L","override_description":false,"description":"","optional":false,"hide_thumbnail":false,"discount":"","override_variations":true,"allowed_variations":[35867],"override_default_variation_attributes":false,"default_variation_attributes":[],"single_product_visibility":"visible","cart_visibility":"hidden","order_visibility":"hidden","single_product_price_visibility":"visible","cart_price_visibility":"visible","order_price_visibility":"visible","stock_status":"out_of_stock"},{"bundled_item_id":187,"product_id":34521,"menu_order":1,"quantity_min":1,"quantity_max":1,"quantity_default":1,"priced_individually":false,"shipped_individually":false,"override_title":false,"title":"Kijkglaskraantje plastic voor Royal Berkey waterfilter","override_description":false,"description":"","optional":false,"hide_thumbnail":false,"discount":"","override_variations":false,"allowed_variations":[],"override_default_variation_attributes":false,"default_variation_attributes":[],"single_product_visibility":"visible","cart_visibility":"hidden","order_visibility":"hidden","single_product_price_visibility":"visible","cart_price_visibility":"visible","order_price_visibility":"visible","stock_status":"in_stock"},{"bundled_item_id":188,"product_id":34567,"menu_order":2,"quantity_min":1,"quantity_max":1,"quantity_default":1,"priced_individually":false,"shipped_individually":false,"override_title":false,"title":"Standaard voor Royal Berkey en Pure Filters Family waterfilter","override_description":true,"description":"","optional":false,"hide_thumbnail":false,"discount":"","override_variations":false,"allowed_variations":[],"override_default_variation_attributes":false,"default_variation_attributes":[],"single_product_visibility":"visible","cart_visibility":"hidden","order_visibility":"hidden","single_product_price_visibility":"visible","cart_price_visibility":"visible","order_price_visibility":"visible","stock_status":"in_stock"}],"bundle_sell_ids":[],"yoast_head":"<!-- This site is optimized with the Yoast SEO plugin v26.1 - https:\/\/yoast.com\/wordpress\/plugins\/seo\/ -->\n<title>British Berkefeld 12L set: Waterfilter 12L (inclusief 2x Ultra Sterasyl) + Kijkglaskraantje plastic + Standaard - Alternatievemiddelen.nl<\/title>\n<meta name=\"description\" content=\"British Berkefeld 12L set incl.: British Berkefeld Waterfilter 12L (inclusief 2x Ultra Sterasyl elementen), kijkglaskraantje plastic en basis (standaard).\" \/>\n<meta name=\"robots\" content=\"index, follow, max-snippet:-1, max-image-preview:large, max-video-preview:-1\" \/>\n<link rel=\"canonical\" href=\"https:\/\/www.alternatievemiddelen.nl\/es\/wp-json\/wp\/v2\/product\/34481\" \/>\n<meta property=\"og:locale\" content=\"es_ES\" \/>\n<meta property=\"og:type\" content=\"article\" \/>\n<meta property=\"og:title\" content=\"British Berkefeld 12L set: Waterfilter 12L (inclusief 2x Ultra Sterasyl) + Kijkglaskraantje plastic + Standaard - Alternatievemiddelen.nl\" \/>\n<meta property=\"og:description\" content=\"British Berkefeld 12L set incl.: British Berkefeld Waterfilter 12L (inclusief 2x Ultra Sterasyl elementen), kijkglaskraantje plastic en basis (standaard).\" \/>\n<meta property=\"og:url\" content=\"https:\/\/www.alternatievemiddelen.nl\/es\/productos\/filtro-de-agua-british-berkefeld-12l-set\/\" \/>\n<meta property=\"og:site_name\" content=\"Alternatievemiddelen.nl\" \/>\n<meta property=\"article:modified_time\" content=\"2025-07-04T13:24:33+00:00\" \/>\n<meta property=\"og:image\" content=\"\/wp-content\/uploads\/2023\/12\/British-Berkefeld-12L_set.jpg\" \/>\n\t<meta property=\"og:image:width\" content=\"600\" \/>\n\t<meta property=\"og:image:height\" content=\"800\" \/>\n\t<meta property=\"og:image:type\" content=\"image\/jpeg\" \/>\n<meta name=\"twitter:card\" content=\"summary_large_image\" \/>\n<meta name=\"twitter:label1\" content=\"Tiempo de lectura\" \/>\n\t<meta name=\"twitter:data1\" content=\"4 minutos\" \/>\n<script type=\"application\/ld+json\" class=\"yoast-schema-graph\">{\"@context\":\"https:\/\/schema.org\",\"@graph\":[{\"@type\":[\"WebPage\",\"ItemPage\"],\"@id\":\"https:\/\/www.alternatievemiddelen.nl\/producten\/british-berkefeld-waterfilter-12l-set\/\",\"url\":\"https:\/\/www.alternatievemiddelen.nl\/producten\/british-berkefeld-waterfilter-12l-set\/\",\"name\":\"British Berkefeld 12L set: Waterfilter 12L (inclusief 2x Ultra Sterasyl) + Kijkglaskraantje plastic + Standaard - Alternatievemiddelen.nl\",\"isPartOf\":{\"@id\":\"https:\/\/www.alternatievemiddelen.nl\/#website\"},\"primaryImageOfPage\":{\"@id\":\"https:\/\/www.alternatievemiddelen.nl\/producten\/british-berkefeld-waterfilter-12l-set\/#primaryimage\"},\"image\":{\"@id\":\"https:\/\/www.alternatievemiddelen.nl\/producten\/british-berkefeld-waterfilter-12l-set\/#primaryimage\"},\"thumbnailUrl\":\"https:\/\/www.alternatievemiddelen.nl\/wp-content\/uploads\/2023\/12\/British-Berkefeld-12L_set.jpg\",\"datePublished\":\"2024-02-27T07:38:57+00:00\",\"dateModified\":\"2025-07-04T13:24:33+00:00\",\"description\":\"British Berkefeld 12L set incl.: British Berkefeld Waterfilter 12L (inclusief 2x Ultra Sterasyl elementen), kijkglaskraantje plastic en basis (standaard).\",\"breadcrumb\":{\"@id\":\"https:\/\/www.alternatievemiddelen.nl\/producten\/british-berkefeld-waterfilter-12l-set\/#breadcrumb\"},\"inLanguage\":\"es\",\"potentialAction\":[{\"@type\":\"ReadAction\",\"target\":[\"https:\/\/www.alternatievemiddelen.nl\/producten\/british-berkefeld-waterfilter-12l-set\/\"]}]},{\"@type\":\"ImageObject\",\"inLanguage\":\"es\",\"@id\":\"https:\/\/www.alternatievemiddelen.nl\/producten\/british-berkefeld-waterfilter-12l-set\/#primaryimage\",\"url\":\"https:\/\/www.alternatievemiddelen.nl\/wp-content\/uploads\/2023\/12\/British-Berkefeld-12L_set.jpg\",\"contentUrl\":\"https:\/\/www.alternatievemiddelen.nl\/wp-content\/uploads\/2023\/12\/British-Berkefeld-12L_set.jpg\",\"width\":600,\"height\":800,\"caption\":\"British Berkefeld 12L set Waterfilter, RVS kraantje, standaard\"},{\"@type\":\"BreadcrumbList\",\"@id\":\"https:\/\/www.alternatievemiddelen.nl\/producten\/british-berkefeld-waterfilter-12l-set\/#breadcrumb\",\"itemListElement\":[{\"@type\":\"ListItem\",\"position\":1,\"name\":\"Home\",\"item\":\"https:\/\/www.alternatievemiddelen.nl\/\"},{\"@type\":\"ListItem\",\"position\":2,\"name\":\"Producten\",\"item\":\"https:\/\/www.alternatievemiddelen.nl\/producten\/\"},{\"@type\":\"ListItem\",\"position\":3,\"name\":\"British Berkefeld 12L set: Waterfilter 12L (inclusief 2x Ultra Sterasyl) + Kijkglaskraantje plastic + Standaard\"}]},{\"@type\":\"WebSite\",\"@id\":\"https:\/\/www.alternatievemiddelen.nl\/#website\",\"url\":\"https:\/\/www.alternatievemiddelen.nl\/\",\"name\":\"Alternatievemiddelen.nl\",\"description\":\"Webshop met gezonde, duurzame en ecologische alternatieve mogelijkheden in de hedendaagse levenstijl. Alles uit eigen ervaring.\",\"publisher\":{\"@id\":\"https:\/\/www.alternatievemiddelen.nl\/#organization\"},\"potentialAction\":[{\"@type\":\"SearchAction\",\"target\":{\"@type\":\"EntryPoint\",\"urlTemplate\":\"https:\/\/www.alternatievemiddelen.nl\/?s={search_term_string}\"},\"query-input\":{\"@type\":\"PropertyValueSpecification\",\"valueRequired\":true,\"valueName\":\"search_term_string\"}}],\"inLanguage\":\"es\"},{\"@type\":\"Organization\",\"@id\":\"https:\/\/www.alternatievemiddelen.nl\/#organization\",\"name\":\"Alternatievemiddelen.nl\",\"url\":\"https:\/\/www.alternatievemiddelen.nl\/\",\"logo\":{\"@type\":\"ImageObject\",\"inLanguage\":\"es\",\"@id\":\"https:\/\/www.alternatievemiddelen.nl\/#\/schema\/logo\/image\/\",\"url\":\"https:\/\/www.alternatievemiddelen.nl\/wp-content\/uploads\/2023\/10\/alternatievemiddelen-PNG-logo.png\",\"contentUrl\":\"https:\/\/www.alternatievemiddelen.nl\/wp-content\/uploads\/2023\/10\/alternatievemiddelen-PNG-logo.png\",\"width\":6400,\"height\":3062,\"caption\":\"Alternatievemiddelen.nl\"},\"image\":{\"@id\":\"https:\/\/www.alternatievemiddelen.nl\/#\/schema\/logo\/image\/\"}}]}<\/script>\n<!-- \/ Yoast SEO plugin. -->","yoast_head_json":{"title":"British Berkefeld 12L set: Waterfilter 12L (inclusief 2x Ultra Sterasyl) + Kijkglaskraantje plastic + Standaard - Alternatievemiddelen.nl","description":"British Berkefeld 12L set incl.: British Berkefeld Waterfilter 12L (inclusief 2x Ultra Sterasyl elementen), kijkglaskraantje plastic en basis (standaard).","robots":{"index":"index","follow":"follow","max-snippet":"max-snippet:-1","max-image-preview":"max-image-preview:large","max-video-preview":"max-video-preview:-1"},"canonical":"https:\/\/www.alternatievemiddelen.nl\/es\/wp-json\/wp\/v2\/product\/34481","og_locale":"es_ES","og_type":"article","og_title":"British Berkefeld 12L set: Waterfilter 12L (inclusief 2x Ultra Sterasyl) + Kijkglaskraantje plastic + Standaard - Alternatievemiddelen.nl","og_description":"British Berkefeld 12L set incl.: British Berkefeld Waterfilter 12L (inclusief 2x Ultra Sterasyl elementen), kijkglaskraantje plastic en basis (standaard).","og_url":"https:\/\/www.alternatievemiddelen.nl\/es\/productos\/filtro-de-agua-british-berkefeld-12l-set\/","og_site_name":"Alternatievemiddelen.nl","article_modified_time":"2025-07-04T13:24:33+00:00","og_image":[{"width":600,"height":800,"url":"\/wp-content\/uploads\/2023\/12\/British-Berkefeld-12L_set.jpg","type":"image\/jpeg"}],"twitter_card":"summary_large_image","twitter_misc":{"Tiempo de lectura":"4 minutos"},"schema":{"@context":"https:\/\/schema.org","@graph":[{"@type":["WebPage","ItemPage"],"@id":"https:\/\/www.alternatievemiddelen.nl\/producten\/british-berkefeld-waterfilter-12l-set\/","url":"https:\/\/www.alternatievemiddelen.nl\/producten\/british-berkefeld-waterfilter-12l-set\/","name":"British Berkefeld 12L set: Waterfilter 12L (inclusief 2x Ultra Sterasyl) + Kijkglaskraantje plastic + Standaard - Alternatievemiddelen.nl","isPartOf":{"@id":"https:\/\/www.alternatievemiddelen.nl\/#website"},"primaryImageOfPage":{"@id":"https:\/\/www.alternatievemiddelen.nl\/producten\/british-berkefeld-waterfilter-12l-set\/#primaryimage"},"image":{"@id":"https:\/\/www.alternatievemiddelen.nl\/producten\/british-berkefeld-waterfilter-12l-set\/#primaryimage"},"thumbnailUrl":"https:\/\/www.alternatievemiddelen.nl\/wp-content\/uploads\/2023\/12\/British-Berkefeld-12L_set.jpg","datePublished":"2024-02-27T07:38:57+00:00","dateModified":"2025-07-04T13:24:33+00:00","description":"British Berkefeld 12L set incl.: British Berkefeld Waterfilter 12L (inclusief 2x Ultra Sterasyl elementen), kijkglaskraantje plastic en basis (standaard).","breadcrumb":{"@id":"https:\/\/www.alternatievemiddelen.nl\/producten\/british-berkefeld-waterfilter-12l-set\/#breadcrumb"},"inLanguage":"es","potentialAction":[{"@type":"ReadAction","target":["https:\/\/www.alternatievemiddelen.nl\/producten\/british-berkefeld-waterfilter-12l-set\/"]}]},{"@type":"ImageObject","inLanguage":"es","@id":"https:\/\/www.alternatievemiddelen.nl\/producten\/british-berkefeld-waterfilter-12l-set\/#primaryimage","url":"https:\/\/www.alternatievemiddelen.nl\/wp-content\/uploads\/2023\/12\/British-Berkefeld-12L_set.jpg","contentUrl":"https:\/\/www.alternatievemiddelen.nl\/wp-content\/uploads\/2023\/12\/British-Berkefeld-12L_set.jpg","width":600,"height":800,"caption":"British Berkefeld 12L set Waterfilter, RVS kraantje, standaard"},{"@type":"BreadcrumbList","@id":"https:\/\/www.alternatievemiddelen.nl\/producten\/british-berkefeld-waterfilter-12l-set\/#breadcrumb","itemListElement":[{"@type":"ListItem","position":1,"name":"Home","item":"https:\/\/www.alternatievemiddelen.nl\/"},{"@type":"ListItem","position":2,"name":"Producten","item":"https:\/\/www.alternatievemiddelen.nl\/producten\/"},{"@type":"ListItem","position":3,"name":"British Berkefeld 12L set: Waterfilter 12L (inclusief 2x Ultra Sterasyl) + Kijkglaskraantje plastic + Standaard"}]},{"@type":"WebSite","@id":"https:\/\/www.alternatievemiddelen.nl\/#website","url":"https:\/\/www.alternatievemiddelen.nl\/","name":"Alternatievemiddelen.nl","description":"Webshop met gezonde, duurzame en ecologische alternatieve mogelijkheden in de hedendaagse levenstijl. Alles uit eigen ervaring.","publisher":{"@id":"https:\/\/www.alternatievemiddelen.nl\/#organization"},"potentialAction":[{"@type":"SearchAction","target":{"@type":"EntryPoint","urlTemplate":"https:\/\/www.alternatievemiddelen.nl\/?s={search_term_string}"},"query-input":{"@type":"PropertyValueSpecification","valueRequired":true,"valueName":"search_term_string"}}],"inLanguage":"es"},{"@type":"Organization","@id":"https:\/\/www.alternatievemiddelen.nl\/#organization","name":"Alternatievemiddelen.nl","url":"https:\/\/www.alternatievemiddelen.nl\/","logo":{"@type":"ImageObject","inLanguage":"es","@id":"https:\/\/www.alternatievemiddelen.nl\/#\/schema\/logo\/image\/","url":"https:\/\/www.alternatievemiddelen.nl\/wp-content\/uploads\/2023\/10\/alternatievemiddelen-PNG-logo.png","contentUrl":"https:\/\/www.alternatievemiddelen.nl\/wp-content\/uploads\/2023\/10\/alternatievemiddelen-PNG-logo.png","width":6400,"height":3062,"caption":"Alternatievemiddelen.nl"},"image":{"@id":"https:\/\/www.alternatievemiddelen.nl\/#\/schema\/logo\/image\/"}}]}},"_links":{"self":[{"href":"https:\/\/www.alternatievemiddelen.nl\/es\/wp-json\/wp\/v2\/product\/34481","targetHints":{"allow":["GET"]}}],"collection":[{"href":"https:\/\/www.alternatievemiddelen.nl\/es\/wp-json\/wp\/v2\/product"}],"about":[{"href":"https:\/\/www.alternatievemiddelen.nl\/es\/wp-json\/wp\/v2\/types\/product"}],"replies":[{"embeddable":true,"href":"https:\/\/www.alternatievemiddelen.nl\/es\/wp-json\/wp\/v2\/comments?post=34481"}],"wp:featuredmedia":[{"embeddable":true,"href":"https:\/\/www.alternatievemiddelen.nl\/es\/wp-json\/wp\/v2\/media\/31007"}],"wp:attachment":[{"href":"https:\/\/www.alternatievemiddelen.nl\/es\/wp-json\/wp\/v2\/media?parent=34481"}],"wp:term":[{"taxonomy":"product_brand","embeddable":true,"href":"https:\/\/www.alternatievemiddelen.nl\/es\/wp-json\/wp\/v2\/product_brand?post=34481"},{"taxonomy":"product_cat","embeddable":true,"href":"https:\/\/www.alternatievemiddelen.nl\/es\/wp-json\/wp\/v2\/product_cat?post=34481"},{"taxonomy":"product_tag","embeddable":true,"href":"https:\/\/www.alternatievemiddelen.nl\/es\/wp-json\/wp\/v2\/product_tag?post=34481"},{"taxonomy":"merk","embeddable":true,"href":"https:\/\/www.alternatievemiddelen.nl\/es\/wp-json\/wp\/v2\/merk?post=34481"}],"curies":[{"name":"wp","href":"https:\/\/api.w.org\/{rel}","templated":true}]}}