{"id":34525,"date":"2024-02-27T08:45:31","date_gmt":"2024-02-27T07:45:31","guid":{"rendered":"https:\/\/www.alternatievemiddelen.nl\/?post_type=product&#038;p=34525"},"modified":"2026-02-19T09:30:44","modified_gmt":"2026-02-19T08:30:44","slug":"kijkglaskraantje-rvs-voor-boroux-legacy-en-royal-berkey-waterfilter","status":"publish","type":"product","link":"https:\/\/www.alternatievemiddelen.nl\/es\/productos\/grifo-mirilla-acero-inoxidable-para-filtro-de-agua-boroux-legacy-y-royal-berkey\/","title":{"rendered":"V\u00e1lvula mirilla BOROUX acero inoxidable para filtro de agua BOROUX Legacy\u2122 y Royal Berkey"},"content":{"rendered":"<p>\u00a1El grifo con mirilla de acero inoxidable para el filtro de agua BOROUX Legacy\u2122, Royal Berkey! Este grifo de vidrio de acero inoxidable ofrece una soluci\u00f3n sencilla y elegante para ver cu\u00e1nta agua queda en el recipiente inferior de su filtro de agua BOROUX o Berkey. Equipado con una peque\u00f1a bola, que encaja perfectamente en el tubo de vidrio. La bolita flota en el agua, permiti\u00e9ndole ver claramente el nivel de agua a distancia.<\/p>\n<p>La mirilla grifo de acero inoxidable para <a href=\"https:\/\/www.alternatievemiddelen.nl\/es\/productos\/filtro-de-agua-boroux-legacy\/\">BOROUX Legacy\u2122<\/a>- y <a href=\"https:\/\/www.alternatievemiddelen.nl\/es\/productos\/filtro-de-agua-royal-berkey\/\">Filtro de agua Royal Berkey<\/a> es una mejora de primera calidad para su sistema de filtraci\u00f3n de agua de acero inoxidable. Completamente libre de pl\u00e1stico y fabricado en acero inoxidable 304 de alta calidad con anillos de silicona aprobados (aptos para alimentos). Estos grifos de acero inoxidable variante mirilla est\u00e1n disponibles en dos tama\u00f1os para asegurar que uno se adapte a cualquier Berkey o BOROUX modelo de filtro de agua de acero inoxidable. As\u00ed que adem\u00e1s de este modelo, tambi\u00e9n puede conseguir uno para el <a href=\"https:\/\/www.alternatievemiddelen.nl\/es\/productos\/visor-de-acero-inoxidable-para-el-filtro-de-agua-boroux-legacy-compact-travel-berkey-y-big-berkey\/\">BOROUX Legacy\u2122 Compact, Travel Berkey y Big Berkey<\/a>. Adem\u00e1s, tambi\u00e9n puede elegir el <a href=\"https:\/\/www.alternatievemiddelen.nl\/es\/productos\/mirilla-grifo-acero-inoxidable-para-boroux-legacy-filtro-de-agua-blanco\/\">blanco<\/a>, <a href=\"https:\/\/www.alternatievemiddelen.nl\/es\/productos\/grifo-mirilla-acero-inoxidable-para-filtro-de-agua-boroux-legacy-negro\/\">versi\u00f3n en negro<\/a> o <a href=\"https:\/\/www.alternatievemiddelen.nl\/es\/productos\/grifo-con-mirilla-de-acero-inoxidable-para-filtro-de-agua-boroux-legacy-verde-salvia\/\">versi\u00f3n verde salvia<\/a>, ya que el filtro de agua BOROUX Legacy\u2122 tambi\u00e9n <a href=\"https:\/\/www.alternatievemiddelen.nl\/es\/productos\/boroux-legacy-filtro-de-agua-blanco\/\">en blanco<\/a>, <a href=\"https:\/\/www.alternatievemiddelen.nl\/es\/productos\/boroux-legacy-filtro-de-agua-negro\/\">en negro<\/a> o <a href=\"https:\/\/www.alternatievemiddelen.nl\/es\/productos\/boroux-legacy-filtro-de-agua-verde-salvia\/\">en verde salvia<\/a> para conseguirlo.<\/p>\n<p>El grifo se extiende unos 7,5 cent\u00edmetros desde el filtro de agua cuando est\u00e1 instalado.<br \/>\n&nbsp;<\/p>\n<h4>Especificaciones del producto grifo con mirilla de acero inoxidable para BOROUX Legacy\u2122 y filtro de agua Royal Berkey<\/h4>\n<ul>\n<li>Adecuado para el <a href=\"https:\/\/www.alternatievemiddelen.nl\/es\/productos\/filtro-de-agua-boroux-legacy\/\">BOROUX Legacy\u2122<\/a>- y <a href=\"https:\/\/www.alternatievemiddelen.nl\/es\/productos\/filtro-de-agua-royal-berkey\/\">Filtro de agua Royal Berkey<\/a><\/li>\n<li>Altura total: 31 cm<\/li>\n<li>Longitud del tubo: aprox. 25 cm<\/li>\n<\/ul>\n<p>&nbsp;<\/p>\n<h4>Material del grifo con mirilla de acero inoxidable<\/h4>\n<ul>\n<li>Grifo, tuerca, placas de cubierta y camisa: acero inoxidable 304<\/li>\n<li>Mirilla (tubo): Vidrio<\/li>\n<li>Juntas de estanqueidad: Silicona (apta para alimentos)<\/li>\n<li>Mecanismo del grifo: cer\u00e1mica<\/li>\n<\/ul>\n<p>&nbsp;<\/p>\n<h4>Incluido en la caja:<\/h4>\n<ul>\n<li>Grifo de mirilla de acero inoxidable para <a href=\"https:\/\/www.alternatievemiddelen.nl\/es\/productos\/filtro-de-agua-boroux-legacy\/\">BOROUX Legacy\u2122<\/a>- y <a href=\"https:\/\/www.alternatievemiddelen.nl\/es\/productos\/filtro-de-agua-royal-berkey\/\">Filtro de agua Royal Berkey<\/a><\/li>\n<li>Tuerca de acero inoxidable<\/li>\n<li>2x placas de cubierta de acero inoxidable<\/li>\n<li>2 juntas de silicona<\/li>\n<li>Bola azul (flotante)<\/li>\n<\/ul>","protected":false},"excerpt":{"rendered":"<p>Compruebe el nivel de agua en el recipiente inferior de su filtro de agua BOROUX o Berkey con la v\u00e1lvula de mirilla de acero inoxidable para BOROUX Legacy\u2122 y Royal Berkey.<\/p>","protected":false},"featured_media":48221,"comment_status":"open","ping_status":"closed","template":"","meta":[],"product_brand":[],"product_cat":[2971,3013],"product_tag":[3230,3231,2961,3706,3725,3228,3033,3034,3009,3718,2879,3235,2880,2885,2979,3012,3229,2980],"merk":[3432,3702],"class_list":{"0":"post-34525","1":"product","2":"type-product","3":"status-publish","4":"has-post-thumbnail","6":"product_cat-waterfilters","7":"product_cat-waterfilter-accessoires","8":"product_tag-accessoire","9":"product_tag-accessoires","10":"product_tag-berkey","11":"product_tag-boroux","12":"product_tag-boroux-legacy","13":"product_tag-kijkglas","14":"product_tag-kijkglaskraantje","15":"product_tag-kijkglaskraantje-rvs","16":"product_tag-kraantje","17":"product_tag-legacy","18":"product_tag-roestvrij-staal","19":"product_tag-royal-berkey","20":"product_tag-rvs","21":"product_tag-water","22":"product_tag-waterfilter","23":"product_tag-waterfilters","24":"product_tag-waterniveau","25":"product_tag-waterzuivering","26":"merk-berkey","27":"merk-boroux","29":"first","30":"instock","31":"taxable","32":"shipping-taxable","33":"purchasable","34":"product-type-simple"},"bundled_by":["34412","34527"],"bundle_stock_status":"instock","bundle_stock_quantity":null,"bundle_virtual":false,"bundle_layout":"","bundle_add_to_cart_form_location":"","bundle_editable_in_cart":false,"bundle_sold_individually_context":"","bundle_item_grouping":"","bundle_min_size":"","bundle_max_size":"","bundle_price":[],"bundled_items":[],"bundle_sell_ids":[44176,48048,34412],"yoast_head":"<!-- This site is optimized with the Yoast SEO plugin v26.1 - https:\/\/yoast.com\/wordpress\/plugins\/seo\/ -->\n<title>BOROUX kijkglaskraantje RVS voor BOROUX Legacy\u2122 en Royal Berkey waterfilter - Alternatievemiddelen.nl<\/title>\n<meta name=\"description\" content=\"Bekijk het waterniveau in de onderste bak van jouw BOROUX of Berkey waterfilter met het kijkglaskraantje RVS voor BOROUX Legacy\u2122 en Royal Berkey.\" \/>\n<meta name=\"robots\" content=\"index, follow, max-snippet:-1, max-image-preview:large, max-video-preview:-1\" \/>\n<link rel=\"canonical\" href=\"https:\/\/www.alternatievemiddelen.nl\/es\/wp-json\/wp\/v2\/product\/34525\" \/>\n<meta property=\"og:locale\" content=\"es_ES\" \/>\n<meta property=\"og:type\" content=\"article\" \/>\n<meta property=\"og:title\" content=\"BOROUX kijkglaskraantje RVS voor BOROUX Legacy\u2122 en Royal Berkey waterfilter - Alternatievemiddelen.nl\" \/>\n<meta property=\"og:description\" content=\"Bekijk het waterniveau in de onderste bak van jouw BOROUX of Berkey waterfilter met het kijkglaskraantje RVS voor BOROUX Legacy\u2122 en Royal Berkey.\" \/>\n<meta property=\"og:url\" content=\"https:\/\/www.alternatievemiddelen.nl\/es\/productos\/grifo-mirilla-acero-inoxidable-para-filtro-de-agua-boroux-legacy-y-royal-berkey\/\" \/>\n<meta property=\"og:site_name\" content=\"Alternatievemiddelen.nl\" \/>\n<meta property=\"article:modified_time\" content=\"2026-02-19T08:30:44+00:00\" \/>\n<meta property=\"og:image\" content=\"\/wp-content\/uploads\/2024\/02\/Kijkglaskraantje-RVS-BOROUX.jpg\" \/>\n\t<meta property=\"og:image:width\" content=\"1200\" \/>\n\t<meta property=\"og:image:height\" content=\"1600\" \/>\n\t<meta property=\"og:image:type\" content=\"image\/jpeg\" \/>\n<meta name=\"twitter:card\" content=\"summary_large_image\" \/>\n<meta name=\"twitter:label1\" content=\"Tiempo de lectura\" \/>\n\t<meta name=\"twitter:data1\" content=\"2 minutos\" \/>\n<script type=\"application\/ld+json\" class=\"yoast-schema-graph\">{\"@context\":\"https:\/\/schema.org\",\"@graph\":[{\"@type\":[\"WebPage\",\"ItemPage\"],\"@id\":\"https:\/\/www.alternatievemiddelen.nl\/producten\/kijkglaskraantje-rvs-voor-boroux-legacy-en-royal-berkey-waterfilter\/\",\"url\":\"https:\/\/www.alternatievemiddelen.nl\/producten\/kijkglaskraantje-rvs-voor-boroux-legacy-en-royal-berkey-waterfilter\/\",\"name\":\"BOROUX kijkglaskraantje RVS voor BOROUX Legacy\u2122 en Royal Berkey waterfilter - Alternatievemiddelen.nl\",\"isPartOf\":{\"@id\":\"https:\/\/www.alternatievemiddelen.nl\/#website\"},\"primaryImageOfPage\":{\"@id\":\"https:\/\/www.alternatievemiddelen.nl\/producten\/kijkglaskraantje-rvs-voor-boroux-legacy-en-royal-berkey-waterfilter\/#primaryimage\"},\"image\":{\"@id\":\"https:\/\/www.alternatievemiddelen.nl\/producten\/kijkglaskraantje-rvs-voor-boroux-legacy-en-royal-berkey-waterfilter\/#primaryimage\"},\"thumbnailUrl\":\"https:\/\/www.alternatievemiddelen.nl\/wp-content\/uploads\/2024\/02\/Kijkglaskraantje-RVS-BOROUX.jpg\",\"datePublished\":\"2024-02-27T07:45:31+00:00\",\"dateModified\":\"2026-02-19T08:30:44+00:00\",\"description\":\"Bekijk het waterniveau in de onderste bak van jouw BOROUX of Berkey waterfilter met het kijkglaskraantje RVS voor BOROUX Legacy\u2122 en Royal Berkey.\",\"breadcrumb\":{\"@id\":\"https:\/\/www.alternatievemiddelen.nl\/producten\/kijkglaskraantje-rvs-voor-boroux-legacy-en-royal-berkey-waterfilter\/#breadcrumb\"},\"inLanguage\":\"es\",\"potentialAction\":[{\"@type\":\"ReadAction\",\"target\":[\"https:\/\/www.alternatievemiddelen.nl\/producten\/kijkglaskraantje-rvs-voor-boroux-legacy-en-royal-berkey-waterfilter\/\"]}]},{\"@type\":\"ImageObject\",\"inLanguage\":\"es\",\"@id\":\"https:\/\/www.alternatievemiddelen.nl\/producten\/kijkglaskraantje-rvs-voor-boroux-legacy-en-royal-berkey-waterfilter\/#primaryimage\",\"url\":\"https:\/\/www.alternatievemiddelen.nl\/wp-content\/uploads\/2024\/02\/Kijkglaskraantje-RVS-BOROUX.jpg\",\"contentUrl\":\"https:\/\/www.alternatievemiddelen.nl\/wp-content\/uploads\/2024\/02\/Kijkglaskraantje-RVS-BOROUX.jpg\",\"width\":1200,\"height\":1600,\"caption\":\"Kijkglaskraantje RVS BOROUX\"},{\"@type\":\"BreadcrumbList\",\"@id\":\"https:\/\/www.alternatievemiddelen.nl\/producten\/kijkglaskraantje-rvs-voor-boroux-legacy-en-royal-berkey-waterfilter\/#breadcrumb\",\"itemListElement\":[{\"@type\":\"ListItem\",\"position\":1,\"name\":\"Home\",\"item\":\"https:\/\/www.alternatievemiddelen.nl\/\"},{\"@type\":\"ListItem\",\"position\":2,\"name\":\"Producten\",\"item\":\"https:\/\/www.alternatievemiddelen.nl\/producten\/\"},{\"@type\":\"ListItem\",\"position\":3,\"name\":\"BOROUX kijkglaskraantje RVS voor BOROUX Legacy\u2122 en Royal Berkey waterfilter\"}]},{\"@type\":\"WebSite\",\"@id\":\"https:\/\/www.alternatievemiddelen.nl\/#website\",\"url\":\"https:\/\/www.alternatievemiddelen.nl\/\",\"name\":\"Alternatievemiddelen.nl\",\"description\":\"Webshop met gezonde, duurzame en ecologische alternatieve mogelijkheden in de hedendaagse levenstijl. Alles uit eigen ervaring.\",\"publisher\":{\"@id\":\"https:\/\/www.alternatievemiddelen.nl\/#organization\"},\"potentialAction\":[{\"@type\":\"SearchAction\",\"target\":{\"@type\":\"EntryPoint\",\"urlTemplate\":\"https:\/\/www.alternatievemiddelen.nl\/?s={search_term_string}\"},\"query-input\":{\"@type\":\"PropertyValueSpecification\",\"valueRequired\":true,\"valueName\":\"search_term_string\"}}],\"inLanguage\":\"es\"},{\"@type\":\"Organization\",\"@id\":\"https:\/\/www.alternatievemiddelen.nl\/#organization\",\"name\":\"Alternatievemiddelen.nl\",\"url\":\"https:\/\/www.alternatievemiddelen.nl\/\",\"logo\":{\"@type\":\"ImageObject\",\"inLanguage\":\"es\",\"@id\":\"https:\/\/www.alternatievemiddelen.nl\/#\/schema\/logo\/image\/\",\"url\":\"https:\/\/www.alternatievemiddelen.nl\/wp-content\/uploads\/2023\/10\/alternatievemiddelen-PNG-logo.png\",\"contentUrl\":\"https:\/\/www.alternatievemiddelen.nl\/wp-content\/uploads\/2023\/10\/alternatievemiddelen-PNG-logo.png\",\"width\":6400,\"height\":3062,\"caption\":\"Alternatievemiddelen.nl\"},\"image\":{\"@id\":\"https:\/\/www.alternatievemiddelen.nl\/#\/schema\/logo\/image\/\"}}]}<\/script>\n<!-- \/ Yoast SEO plugin. -->","yoast_head_json":{"title":"BOROUX kijkglaskraantje RVS voor BOROUX Legacy\u2122 en Royal Berkey waterfilter - Alternatievemiddelen.nl","description":"Bekijk het waterniveau in de onderste bak van jouw BOROUX of Berkey waterfilter met het kijkglaskraantje RVS voor BOROUX Legacy\u2122 en Royal Berkey.","robots":{"index":"index","follow":"follow","max-snippet":"max-snippet:-1","max-image-preview":"max-image-preview:large","max-video-preview":"max-video-preview:-1"},"canonical":"https:\/\/www.alternatievemiddelen.nl\/es\/wp-json\/wp\/v2\/product\/34525","og_locale":"es_ES","og_type":"article","og_title":"BOROUX kijkglaskraantje RVS voor BOROUX Legacy\u2122 en Royal Berkey waterfilter - Alternatievemiddelen.nl","og_description":"Bekijk het waterniveau in de onderste bak van jouw BOROUX of Berkey waterfilter met het kijkglaskraantje RVS voor BOROUX Legacy\u2122 en Royal Berkey.","og_url":"https:\/\/www.alternatievemiddelen.nl\/es\/productos\/grifo-mirilla-acero-inoxidable-para-filtro-de-agua-boroux-legacy-y-royal-berkey\/","og_site_name":"Alternatievemiddelen.nl","article_modified_time":"2026-02-19T08:30:44+00:00","og_image":[{"width":1200,"height":1600,"url":"\/wp-content\/uploads\/2024\/02\/Kijkglaskraantje-RVS-BOROUX.jpg","type":"image\/jpeg"}],"twitter_card":"summary_large_image","twitter_misc":{"Tiempo de lectura":"2 minutos"},"schema":{"@context":"https:\/\/schema.org","@graph":[{"@type":["WebPage","ItemPage"],"@id":"https:\/\/www.alternatievemiddelen.nl\/producten\/kijkglaskraantje-rvs-voor-boroux-legacy-en-royal-berkey-waterfilter\/","url":"https:\/\/www.alternatievemiddelen.nl\/producten\/kijkglaskraantje-rvs-voor-boroux-legacy-en-royal-berkey-waterfilter\/","name":"BOROUX kijkglaskraantje RVS voor BOROUX Legacy\u2122 en Royal Berkey waterfilter - Alternatievemiddelen.nl","isPartOf":{"@id":"https:\/\/www.alternatievemiddelen.nl\/#website"},"primaryImageOfPage":{"@id":"https:\/\/www.alternatievemiddelen.nl\/producten\/kijkglaskraantje-rvs-voor-boroux-legacy-en-royal-berkey-waterfilter\/#primaryimage"},"image":{"@id":"https:\/\/www.alternatievemiddelen.nl\/producten\/kijkglaskraantje-rvs-voor-boroux-legacy-en-royal-berkey-waterfilter\/#primaryimage"},"thumbnailUrl":"https:\/\/www.alternatievemiddelen.nl\/wp-content\/uploads\/2024\/02\/Kijkglaskraantje-RVS-BOROUX.jpg","datePublished":"2024-02-27T07:45:31+00:00","dateModified":"2026-02-19T08:30:44+00:00","description":"Bekijk het waterniveau in de onderste bak van jouw BOROUX of Berkey waterfilter met het kijkglaskraantje RVS voor BOROUX Legacy\u2122 en Royal Berkey.","breadcrumb":{"@id":"https:\/\/www.alternatievemiddelen.nl\/producten\/kijkglaskraantje-rvs-voor-boroux-legacy-en-royal-berkey-waterfilter\/#breadcrumb"},"inLanguage":"es","potentialAction":[{"@type":"ReadAction","target":["https:\/\/www.alternatievemiddelen.nl\/producten\/kijkglaskraantje-rvs-voor-boroux-legacy-en-royal-berkey-waterfilter\/"]}]},{"@type":"ImageObject","inLanguage":"es","@id":"https:\/\/www.alternatievemiddelen.nl\/producten\/kijkglaskraantje-rvs-voor-boroux-legacy-en-royal-berkey-waterfilter\/#primaryimage","url":"https:\/\/www.alternatievemiddelen.nl\/wp-content\/uploads\/2024\/02\/Kijkglaskraantje-RVS-BOROUX.jpg","contentUrl":"https:\/\/www.alternatievemiddelen.nl\/wp-content\/uploads\/2024\/02\/Kijkglaskraantje-RVS-BOROUX.jpg","width":1200,"height":1600,"caption":"Kijkglaskraantje RVS BOROUX"},{"@type":"BreadcrumbList","@id":"https:\/\/www.alternatievemiddelen.nl\/producten\/kijkglaskraantje-rvs-voor-boroux-legacy-en-royal-berkey-waterfilter\/#breadcrumb","itemListElement":[{"@type":"ListItem","position":1,"name":"Home","item":"https:\/\/www.alternatievemiddelen.nl\/"},{"@type":"ListItem","position":2,"name":"Producten","item":"https:\/\/www.alternatievemiddelen.nl\/producten\/"},{"@type":"ListItem","position":3,"name":"BOROUX kijkglaskraantje RVS voor BOROUX Legacy\u2122 en Royal Berkey waterfilter"}]},{"@type":"WebSite","@id":"https:\/\/www.alternatievemiddelen.nl\/#website","url":"https:\/\/www.alternatievemiddelen.nl\/","name":"Alternatievemiddelen.nl","description":"Webshop met gezonde, duurzame en ecologische alternatieve mogelijkheden in de hedendaagse levenstijl. Alles uit eigen ervaring.","publisher":{"@id":"https:\/\/www.alternatievemiddelen.nl\/#organization"},"potentialAction":[{"@type":"SearchAction","target":{"@type":"EntryPoint","urlTemplate":"https:\/\/www.alternatievemiddelen.nl\/?s={search_term_string}"},"query-input":{"@type":"PropertyValueSpecification","valueRequired":true,"valueName":"search_term_string"}}],"inLanguage":"es"},{"@type":"Organization","@id":"https:\/\/www.alternatievemiddelen.nl\/#organization","name":"Alternatievemiddelen.nl","url":"https:\/\/www.alternatievemiddelen.nl\/","logo":{"@type":"ImageObject","inLanguage":"es","@id":"https:\/\/www.alternatievemiddelen.nl\/#\/schema\/logo\/image\/","url":"https:\/\/www.alternatievemiddelen.nl\/wp-content\/uploads\/2023\/10\/alternatievemiddelen-PNG-logo.png","contentUrl":"https:\/\/www.alternatievemiddelen.nl\/wp-content\/uploads\/2023\/10\/alternatievemiddelen-PNG-logo.png","width":6400,"height":3062,"caption":"Alternatievemiddelen.nl"},"image":{"@id":"https:\/\/www.alternatievemiddelen.nl\/#\/schema\/logo\/image\/"}}]}},"_links":{"self":[{"href":"https:\/\/www.alternatievemiddelen.nl\/es\/wp-json\/wp\/v2\/product\/34525","targetHints":{"allow":["GET"]}}],"collection":[{"href":"https:\/\/www.alternatievemiddelen.nl\/es\/wp-json\/wp\/v2\/product"}],"about":[{"href":"https:\/\/www.alternatievemiddelen.nl\/es\/wp-json\/wp\/v2\/types\/product"}],"replies":[{"embeddable":true,"href":"https:\/\/www.alternatievemiddelen.nl\/es\/wp-json\/wp\/v2\/comments?post=34525"}],"wp:featuredmedia":[{"embeddable":true,"href":"https:\/\/www.alternatievemiddelen.nl\/es\/wp-json\/wp\/v2\/media\/48221"}],"wp:attachment":[{"href":"https:\/\/www.alternatievemiddelen.nl\/es\/wp-json\/wp\/v2\/media?parent=34525"}],"wp:term":[{"taxonomy":"product_brand","embeddable":true,"href":"https:\/\/www.alternatievemiddelen.nl\/es\/wp-json\/wp\/v2\/product_brand?post=34525"},{"taxonomy":"product_cat","embeddable":true,"href":"https:\/\/www.alternatievemiddelen.nl\/es\/wp-json\/wp\/v2\/product_cat?post=34525"},{"taxonomy":"product_tag","embeddable":true,"href":"https:\/\/www.alternatievemiddelen.nl\/es\/wp-json\/wp\/v2\/product_tag?post=34525"},{"taxonomy":"merk","embeddable":true,"href":"https:\/\/www.alternatievemiddelen.nl\/es\/wp-json\/wp\/v2\/merk?post=34525"}],"curies":[{"name":"wp","href":"https:\/\/api.w.org\/{rel}","templated":true}]}}