{"id":34526,"date":"2024-02-27T08:45:32","date_gmt":"2024-02-27T07:45:32","guid":{"rendered":"https:\/\/www.alternatievemiddelen.nl\/?post_type=product&#038;p=34526"},"modified":"2026-03-10T02:13:40","modified_gmt":"2026-03-10T01:13:40","slug":"kijkglaskraantje-rvs-voor-proone-traveler-proone-big-waterfilter","status":"publish","type":"product","link":"https:\/\/www.alternatievemiddelen.nl\/es\/productos\/mirilla-grifo-acero-inoxidable-para-proone-traveler-proone-filtro-de-agua-grande\/","title":{"rendered":"V\u00e1lvula de visor de acero inoxidable para filtro de agua ProOne Traveler+ y ProOne Big+"},"content":{"rendered":"<p>El grifo de acero inoxidable con mirilla para los filtros de agua ProOne Traveler+ y ProOne Big+ es un accesorio que aporta estilo y funcionalidad. A juego con el dise\u00f1o de los filtros de agua de acero inoxidable ProOne. Este grifo de acero inoxidable de alta calidad, que sustituye al grifo de acero inoxidable suministrado de serie, le permite leer directamente el nivel de agua en el recipiente inferior de su filtro de agua. <a href=\"https:\/\/www.alternatievemiddelen.nl\/es\/productos\/filtro-de-agua-proone-traveler-pulido\/\">Filtro de agua pulido ProOne Traveler+<\/a>, <a href=\"https:\/\/www.alternatievemiddelen.nl\/es\/productos\/filtro-de-agua-proone-traveler-cepillado\/\">Filtro de agua cepillado ProOne Traveler+<\/a>, <a href=\"https:\/\/www.alternatievemiddelen.nl\/es\/productos\/filtro-de-agua-proone-big-pulido\/\">ProOne Big+ filtro de agua pulido<\/a> y <a href=\"https:\/\/www.alternatievemiddelen.nl\/es\/productos\/filtro-de-agua-proone-big-cepillado\/\">Filtro de agua cepillado ProOne Big+<\/a>. As\u00ed sabr\u00e1 con certeza cu\u00e1ndo ha llegado el momento de rellenar la bandeja superior.<br \/>\n&nbsp;<\/p>\n<h3>(Multi)funcional<\/h3>\n<p>La mayor\u00eda de los filtros de agua por gravedad requieren levantar la bandeja superior para ver cu\u00e1nta agua queda en la bandeja inferior. Pero un r\u00e1pido vistazo a la tapa de la mirilla es todo lo que necesita para determinar el nivel exacto de agua en su filtro de agua de acero inoxidable ProOne (<a href=\"https:\/\/www.alternatievemiddelen.nl\/es\/productos\/filtro-de-agua-proone-traveler-pulido\/\">Filtro de agua pulido ProOne Traveler+<\/a>, <a href=\"https:\/\/www.alternatievemiddelen.nl\/es\/productos\/filtro-de-agua-proone-traveler-cepillado\/\">Filtro de agua cepillado ProOne Traveler+<\/a>, <a href=\"https:\/\/www.alternatievemiddelen.nl\/es\/productos\/filtro-de-agua-proone-big-pulido\/\">ProOne Big+ filtro de agua pulido<\/a> y <a href=\"https:\/\/www.alternatievemiddelen.nl\/es\/productos\/filtro-de-agua-proone-big-cepillado\/\">Filtro de agua cepillado ProOne Big+<\/a>).<\/p>\n<p>Sin embargo, el grifo con mirilla de acero inoxidable para filtros de agua ProOne tambi\u00e9n se adapta a la mayor\u00eda de las dem\u00e1s marcas de sistemas de filtrado de agua por gravedad, incluidos Berkey, British Berkefeld, Alexapure, AquaCera y Patriot Pure.<br \/>\n&nbsp;<\/p>\n<h3>Material de la v\u00e1lvula mirilla acero inoxidable para filtro de agua ProOne Traveler+ y ProOne Big+<\/h3>\n<p>La carcasa es de acero inoxidable y consta de un tubo de cristal que permite leer f\u00e1cil y r\u00e1pidamente el nivel del agua. Este grifo con mirilla dispone de un asa de pl\u00e1stico (homologada para uso alimentario) con 2 posiciones y una mirilla de 19 cm. Cuando llegue el momento de limpiar su filtro de agua de acero inoxidable, s\u00f3lo tiene que desmontar el grifo, retirar el cristal por la tapa de la parte superior y enjuagar el tubo de cristal con agua y jab\u00f3n. A continuaci\u00f3n, d\u00e9jelo secar al aire.<\/p>\n<p>Lleve su filtro de agua de acero inoxidable al \"siguiente nivel\" de comodidad con la v\u00e1lvula de acero inoxidable con mirilla para los filtros de agua ProOne Traveler+ y ProOne Big+.<br \/>\n&nbsp;<\/p>\n<h3>Instalaci\u00f3n<\/h3>\n<p>1. Retire la tuerca y las 4 piezas (tapas y arandelas blancas) del v\u00e1stago roscado del grifo<br \/>\n2. Retire la pel\u00edcula protectora de pl\u00e1stico azul de ambas placas de cubierta de acero inoxidable. 3. Coloque una placa de cubierta de acero inoxidable y luego un anillo blanco en el v\u00e1stago roscado del grifo.<br \/>\n3. Introduzca el v\u00e1stago roscado por el orificio del recipiente inferior del filtro de agua.<br \/>\n4. Coloque una arandela blanca y luego una placa de cubierta de acero inoxidable en el v\u00e1stago roscado en el interior de la bandeja inferior del filtro de agua.<br \/>\n5. Fije con la tuerca peque\u00f1a. Puede que necesites una llave inglesa para apretarla bien. Tambi\u00e9n puedes sujetar la tuerca por dentro y girarla por fuera con el grifo. No aprietes demasiado, pero no deber\u00eda gotear.<\/p>","protected":false},"excerpt":{"rendered":"<p>El grifo con mirilla de acero inoxidable para filtro de agua ProOne Traveler+ y ProOne Big+, para leer el nivel de agua en el recipiente inferior de su filtro de agua de acero inoxidable.<\/p>","protected":false},"featured_media":31805,"comment_status":"open","ping_status":"closed","template":"","meta":[],"product_brand":[],"product_cat":[2971,3013],"product_tag":[3230,3231,3228,3033,3009,3232,3233,3234,2880,2885,2979,3012,3229,2980],"merk":[3449],"class_list":{"0":"post-34526","1":"product","2":"type-product","3":"status-publish","4":"has-post-thumbnail","6":"product_cat-waterfilters","7":"product_cat-waterfilter-accessoires","8":"product_tag-accessoire","9":"product_tag-accessoires","10":"product_tag-kijkglas","11":"product_tag-kijkglaskraantje","12":"product_tag-kraantje","13":"product_tag-proone","14":"product_tag-proone-big","15":"product_tag-proone-traveler","16":"product_tag-rvs","17":"product_tag-water","18":"product_tag-waterfilter","19":"product_tag-waterfilters","20":"product_tag-waterniveau","21":"product_tag-waterzuivering","22":"merk-proone","24":"first","25":"instock","26":"taxable","27":"shipping-taxable","28":"purchasable","29":"product-type-simple"},"bundled_by":[],"bundle_stock_status":"instock","bundle_stock_quantity":null,"bundle_virtual":false,"bundle_layout":"","bundle_add_to_cart_form_location":"","bundle_editable_in_cart":false,"bundle_sold_individually_context":"","bundle_item_grouping":"","bundle_min_size":"","bundle_max_size":"","bundle_price":[],"bundled_items":[],"bundle_sell_ids":[44176],"yoast_head":"<!-- This site is optimized with the Yoast SEO plugin v26.1 - https:\/\/yoast.com\/wordpress\/plugins\/seo\/ -->\n<title>Kijkglaskraantje RVS voor ProOne Traveler+ en ProOne Big+ waterfilter - Alternatievemiddelen.nl<\/title>\n<meta name=\"description\" content=\"Het kijkglaskraantje RVS voor ProOne Traveler+ en ProOne Big+ waterfilter, om het waterniveau af te lezen in de onderste bak van jouw RVS waterfilter.\" \/>\n<meta name=\"robots\" content=\"index, follow, max-snippet:-1, max-image-preview:large, max-video-preview:-1\" \/>\n<link rel=\"canonical\" href=\"https:\/\/www.alternatievemiddelen.nl\/es\/wp-json\/wp\/v2\/product\/34526\" \/>\n<meta property=\"og:locale\" content=\"es_ES\" \/>\n<meta property=\"og:type\" content=\"article\" \/>\n<meta property=\"og:title\" content=\"Kijkglaskraantje RVS voor ProOne Traveler+ en ProOne Big+ waterfilter - Alternatievemiddelen.nl\" \/>\n<meta property=\"og:description\" content=\"Het kijkglaskraantje RVS voor ProOne Traveler+ en ProOne Big+ waterfilter, om het waterniveau af te lezen in de onderste bak van jouw RVS waterfilter.\" \/>\n<meta property=\"og:url\" content=\"https:\/\/www.alternatievemiddelen.nl\/es\/productos\/mirilla-grifo-acero-inoxidable-para-proone-traveler-proone-filtro-de-agua-grande\/\" \/>\n<meta property=\"og:site_name\" content=\"Alternatievemiddelen.nl\" \/>\n<meta property=\"article:modified_time\" content=\"2026-03-10T01:13:40+00:00\" \/>\n<meta property=\"og:image\" content=\"\/wp-content\/uploads\/2023\/12\/Kijkglaskraantje-RVS-ProOne-Traveler-ProOne-Big-waterfilter.jpg\" \/>\n\t<meta property=\"og:image:width\" content=\"600\" \/>\n\t<meta property=\"og:image:height\" content=\"800\" \/>\n\t<meta property=\"og:image:type\" content=\"image\/jpeg\" \/>\n<meta name=\"twitter:card\" content=\"summary_large_image\" \/>\n<meta name=\"twitter:label1\" content=\"Tiempo de lectura\" \/>\n\t<meta name=\"twitter:data1\" content=\"3 minutos\" \/>\n<script type=\"application\/ld+json\" class=\"yoast-schema-graph\">{\"@context\":\"https:\/\/schema.org\",\"@graph\":[{\"@type\":[\"WebPage\",\"ItemPage\"],\"@id\":\"https:\/\/www.alternatievemiddelen.nl\/producten\/kijkglaskraantje-rvs-voor-proone-traveler-proone-big-waterfilter\/\",\"url\":\"https:\/\/www.alternatievemiddelen.nl\/producten\/kijkglaskraantje-rvs-voor-proone-traveler-proone-big-waterfilter\/\",\"name\":\"Kijkglaskraantje RVS voor ProOne Traveler+ en ProOne Big+ waterfilter - Alternatievemiddelen.nl\",\"isPartOf\":{\"@id\":\"https:\/\/www.alternatievemiddelen.nl\/#website\"},\"primaryImageOfPage\":{\"@id\":\"https:\/\/www.alternatievemiddelen.nl\/producten\/kijkglaskraantje-rvs-voor-proone-traveler-proone-big-waterfilter\/#primaryimage\"},\"image\":{\"@id\":\"https:\/\/www.alternatievemiddelen.nl\/producten\/kijkglaskraantje-rvs-voor-proone-traveler-proone-big-waterfilter\/#primaryimage\"},\"thumbnailUrl\":\"https:\/\/www.alternatievemiddelen.nl\/wp-content\/uploads\/2023\/12\/Kijkglaskraantje-RVS-ProOne-Traveler-ProOne-Big-waterfilter.jpg\",\"datePublished\":\"2024-02-27T07:45:32+00:00\",\"dateModified\":\"2026-03-10T01:13:40+00:00\",\"description\":\"Het kijkglaskraantje RVS voor ProOne Traveler+ en ProOne Big+ waterfilter, om het waterniveau af te lezen in de onderste bak van jouw RVS waterfilter.\",\"breadcrumb\":{\"@id\":\"https:\/\/www.alternatievemiddelen.nl\/producten\/kijkglaskraantje-rvs-voor-proone-traveler-proone-big-waterfilter\/#breadcrumb\"},\"inLanguage\":\"es\",\"potentialAction\":[{\"@type\":\"ReadAction\",\"target\":[\"https:\/\/www.alternatievemiddelen.nl\/producten\/kijkglaskraantje-rvs-voor-proone-traveler-proone-big-waterfilter\/\"]}]},{\"@type\":\"ImageObject\",\"inLanguage\":\"es\",\"@id\":\"https:\/\/www.alternatievemiddelen.nl\/producten\/kijkglaskraantje-rvs-voor-proone-traveler-proone-big-waterfilter\/#primaryimage\",\"url\":\"https:\/\/www.alternatievemiddelen.nl\/wp-content\/uploads\/2023\/12\/Kijkglaskraantje-RVS-ProOne-Traveler-ProOne-Big-waterfilter.jpg\",\"contentUrl\":\"https:\/\/www.alternatievemiddelen.nl\/wp-content\/uploads\/2023\/12\/Kijkglaskraantje-RVS-ProOne-Traveler-ProOne-Big-waterfilter.jpg\",\"width\":600,\"height\":800,\"caption\":\"Kijkglaskraantje ProOne dof RVS\"},{\"@type\":\"BreadcrumbList\",\"@id\":\"https:\/\/www.alternatievemiddelen.nl\/producten\/kijkglaskraantje-rvs-voor-proone-traveler-proone-big-waterfilter\/#breadcrumb\",\"itemListElement\":[{\"@type\":\"ListItem\",\"position\":1,\"name\":\"Home\",\"item\":\"https:\/\/www.alternatievemiddelen.nl\/\"},{\"@type\":\"ListItem\",\"position\":2,\"name\":\"Producten\",\"item\":\"https:\/\/www.alternatievemiddelen.nl\/producten\/\"},{\"@type\":\"ListItem\",\"position\":3,\"name\":\"Kijkglaskraantje RVS voor ProOne Traveler+ en ProOne Big+ waterfilter\"}]},{\"@type\":\"WebSite\",\"@id\":\"https:\/\/www.alternatievemiddelen.nl\/#website\",\"url\":\"https:\/\/www.alternatievemiddelen.nl\/\",\"name\":\"Alternatievemiddelen.nl\",\"description\":\"Webshop met gezonde, duurzame en ecologische alternatieve mogelijkheden in de hedendaagse levenstijl. Alles uit eigen ervaring.\",\"publisher\":{\"@id\":\"https:\/\/www.alternatievemiddelen.nl\/#organization\"},\"potentialAction\":[{\"@type\":\"SearchAction\",\"target\":{\"@type\":\"EntryPoint\",\"urlTemplate\":\"https:\/\/www.alternatievemiddelen.nl\/?s={search_term_string}\"},\"query-input\":{\"@type\":\"PropertyValueSpecification\",\"valueRequired\":true,\"valueName\":\"search_term_string\"}}],\"inLanguage\":\"es\"},{\"@type\":\"Organization\",\"@id\":\"https:\/\/www.alternatievemiddelen.nl\/#organization\",\"name\":\"Alternatievemiddelen.nl\",\"url\":\"https:\/\/www.alternatievemiddelen.nl\/\",\"logo\":{\"@type\":\"ImageObject\",\"inLanguage\":\"es\",\"@id\":\"https:\/\/www.alternatievemiddelen.nl\/#\/schema\/logo\/image\/\",\"url\":\"https:\/\/www.alternatievemiddelen.nl\/wp-content\/uploads\/2023\/10\/alternatievemiddelen-PNG-logo.png\",\"contentUrl\":\"https:\/\/www.alternatievemiddelen.nl\/wp-content\/uploads\/2023\/10\/alternatievemiddelen-PNG-logo.png\",\"width\":6400,\"height\":3062,\"caption\":\"Alternatievemiddelen.nl\"},\"image\":{\"@id\":\"https:\/\/www.alternatievemiddelen.nl\/#\/schema\/logo\/image\/\"}}]}<\/script>\n<!-- \/ Yoast SEO plugin. -->","yoast_head_json":{"title":"Kijkglaskraantje RVS voor ProOne Traveler+ en ProOne Big+ waterfilter - Alternatievemiddelen.nl","description":"Het kijkglaskraantje RVS voor ProOne Traveler+ en ProOne Big+ waterfilter, om het waterniveau af te lezen in de onderste bak van jouw RVS waterfilter.","robots":{"index":"index","follow":"follow","max-snippet":"max-snippet:-1","max-image-preview":"max-image-preview:large","max-video-preview":"max-video-preview:-1"},"canonical":"https:\/\/www.alternatievemiddelen.nl\/es\/wp-json\/wp\/v2\/product\/34526","og_locale":"es_ES","og_type":"article","og_title":"Kijkglaskraantje RVS voor ProOne Traveler+ en ProOne Big+ waterfilter - Alternatievemiddelen.nl","og_description":"Het kijkglaskraantje RVS voor ProOne Traveler+ en ProOne Big+ waterfilter, om het waterniveau af te lezen in de onderste bak van jouw RVS waterfilter.","og_url":"https:\/\/www.alternatievemiddelen.nl\/es\/productos\/mirilla-grifo-acero-inoxidable-para-proone-traveler-proone-filtro-de-agua-grande\/","og_site_name":"Alternatievemiddelen.nl","article_modified_time":"2026-03-10T01:13:40+00:00","og_image":[{"width":600,"height":800,"url":"\/wp-content\/uploads\/2023\/12\/Kijkglaskraantje-RVS-ProOne-Traveler-ProOne-Big-waterfilter.jpg","type":"image\/jpeg"}],"twitter_card":"summary_large_image","twitter_misc":{"Tiempo de lectura":"3 minutos"},"schema":{"@context":"https:\/\/schema.org","@graph":[{"@type":["WebPage","ItemPage"],"@id":"https:\/\/www.alternatievemiddelen.nl\/producten\/kijkglaskraantje-rvs-voor-proone-traveler-proone-big-waterfilter\/","url":"https:\/\/www.alternatievemiddelen.nl\/producten\/kijkglaskraantje-rvs-voor-proone-traveler-proone-big-waterfilter\/","name":"Kijkglaskraantje RVS voor ProOne Traveler+ en ProOne Big+ waterfilter - Alternatievemiddelen.nl","isPartOf":{"@id":"https:\/\/www.alternatievemiddelen.nl\/#website"},"primaryImageOfPage":{"@id":"https:\/\/www.alternatievemiddelen.nl\/producten\/kijkglaskraantje-rvs-voor-proone-traveler-proone-big-waterfilter\/#primaryimage"},"image":{"@id":"https:\/\/www.alternatievemiddelen.nl\/producten\/kijkglaskraantje-rvs-voor-proone-traveler-proone-big-waterfilter\/#primaryimage"},"thumbnailUrl":"https:\/\/www.alternatievemiddelen.nl\/wp-content\/uploads\/2023\/12\/Kijkglaskraantje-RVS-ProOne-Traveler-ProOne-Big-waterfilter.jpg","datePublished":"2024-02-27T07:45:32+00:00","dateModified":"2026-03-10T01:13:40+00:00","description":"Het kijkglaskraantje RVS voor ProOne Traveler+ en ProOne Big+ waterfilter, om het waterniveau af te lezen in de onderste bak van jouw RVS waterfilter.","breadcrumb":{"@id":"https:\/\/www.alternatievemiddelen.nl\/producten\/kijkglaskraantje-rvs-voor-proone-traveler-proone-big-waterfilter\/#breadcrumb"},"inLanguage":"es","potentialAction":[{"@type":"ReadAction","target":["https:\/\/www.alternatievemiddelen.nl\/producten\/kijkglaskraantje-rvs-voor-proone-traveler-proone-big-waterfilter\/"]}]},{"@type":"ImageObject","inLanguage":"es","@id":"https:\/\/www.alternatievemiddelen.nl\/producten\/kijkglaskraantje-rvs-voor-proone-traveler-proone-big-waterfilter\/#primaryimage","url":"https:\/\/www.alternatievemiddelen.nl\/wp-content\/uploads\/2023\/12\/Kijkglaskraantje-RVS-ProOne-Traveler-ProOne-Big-waterfilter.jpg","contentUrl":"https:\/\/www.alternatievemiddelen.nl\/wp-content\/uploads\/2023\/12\/Kijkglaskraantje-RVS-ProOne-Traveler-ProOne-Big-waterfilter.jpg","width":600,"height":800,"caption":"Kijkglaskraantje ProOne dof RVS"},{"@type":"BreadcrumbList","@id":"https:\/\/www.alternatievemiddelen.nl\/producten\/kijkglaskraantje-rvs-voor-proone-traveler-proone-big-waterfilter\/#breadcrumb","itemListElement":[{"@type":"ListItem","position":1,"name":"Home","item":"https:\/\/www.alternatievemiddelen.nl\/"},{"@type":"ListItem","position":2,"name":"Producten","item":"https:\/\/www.alternatievemiddelen.nl\/producten\/"},{"@type":"ListItem","position":3,"name":"Kijkglaskraantje RVS voor ProOne Traveler+ en ProOne Big+ waterfilter"}]},{"@type":"WebSite","@id":"https:\/\/www.alternatievemiddelen.nl\/#website","url":"https:\/\/www.alternatievemiddelen.nl\/","name":"Alternatievemiddelen.nl","description":"Webshop met gezonde, duurzame en ecologische alternatieve mogelijkheden in de hedendaagse levenstijl. Alles uit eigen ervaring.","publisher":{"@id":"https:\/\/www.alternatievemiddelen.nl\/#organization"},"potentialAction":[{"@type":"SearchAction","target":{"@type":"EntryPoint","urlTemplate":"https:\/\/www.alternatievemiddelen.nl\/?s={search_term_string}"},"query-input":{"@type":"PropertyValueSpecification","valueRequired":true,"valueName":"search_term_string"}}],"inLanguage":"es"},{"@type":"Organization","@id":"https:\/\/www.alternatievemiddelen.nl\/#organization","name":"Alternatievemiddelen.nl","url":"https:\/\/www.alternatievemiddelen.nl\/","logo":{"@type":"ImageObject","inLanguage":"es","@id":"https:\/\/www.alternatievemiddelen.nl\/#\/schema\/logo\/image\/","url":"https:\/\/www.alternatievemiddelen.nl\/wp-content\/uploads\/2023\/10\/alternatievemiddelen-PNG-logo.png","contentUrl":"https:\/\/www.alternatievemiddelen.nl\/wp-content\/uploads\/2023\/10\/alternatievemiddelen-PNG-logo.png","width":6400,"height":3062,"caption":"Alternatievemiddelen.nl"},"image":{"@id":"https:\/\/www.alternatievemiddelen.nl\/#\/schema\/logo\/image\/"}}]}},"_links":{"self":[{"href":"https:\/\/www.alternatievemiddelen.nl\/es\/wp-json\/wp\/v2\/product\/34526","targetHints":{"allow":["GET"]}}],"collection":[{"href":"https:\/\/www.alternatievemiddelen.nl\/es\/wp-json\/wp\/v2\/product"}],"about":[{"href":"https:\/\/www.alternatievemiddelen.nl\/es\/wp-json\/wp\/v2\/types\/product"}],"replies":[{"embeddable":true,"href":"https:\/\/www.alternatievemiddelen.nl\/es\/wp-json\/wp\/v2\/comments?post=34526"}],"wp:featuredmedia":[{"embeddable":true,"href":"https:\/\/www.alternatievemiddelen.nl\/es\/wp-json\/wp\/v2\/media\/31805"}],"wp:attachment":[{"href":"https:\/\/www.alternatievemiddelen.nl\/es\/wp-json\/wp\/v2\/media?parent=34526"}],"wp:term":[{"taxonomy":"product_brand","embeddable":true,"href":"https:\/\/www.alternatievemiddelen.nl\/es\/wp-json\/wp\/v2\/product_brand?post=34526"},{"taxonomy":"product_cat","embeddable":true,"href":"https:\/\/www.alternatievemiddelen.nl\/es\/wp-json\/wp\/v2\/product_cat?post=34526"},{"taxonomy":"product_tag","embeddable":true,"href":"https:\/\/www.alternatievemiddelen.nl\/es\/wp-json\/wp\/v2\/product_tag?post=34526"},{"taxonomy":"merk","embeddable":true,"href":"https:\/\/www.alternatievemiddelen.nl\/es\/wp-json\/wp\/v2\/merk?post=34526"}],"curies":[{"name":"wp","href":"https:\/\/api.w.org\/{rel}","templated":true}]}}