{"id":34529,"date":"2024-02-27T08:45:34","date_gmt":"2024-02-27T07:45:34","guid":{"rendered":"https:\/\/www.alternatievemiddelen.nl\/?post_type=product&#038;p=34529"},"modified":"2026-03-22T07:37:41","modified_gmt":"2026-03-22T06:37:41","slug":"knop-voor-deksel-van-een-rvs-berkey-waterfilter","status":"publish","type":"product","link":"https:\/\/www.alternatievemiddelen.nl\/es\/productos\/pomo-para-la-tapa-del-filtro-de-agua-berkey-de-acero-inoxidable\/","title":{"rendered":"Bot\u00f3n para la tapa de un filtro de agua de acero inoxidable Berkey o Pure Filters"},"content":{"rendered":"<p>Todos <a href=\"https:\/\/www.alternatievemiddelen.nl\/es\/categoria-de-productos\/filtros-de-agua\/filtro-de-agua\/filtrar-resultados\/berkey-3\/\">Filtros de agua Berkey<\/a> y <a href=\"https:\/\/www.alternatievemiddelen.nl\/es\/categoria-de-productos\/filtros-de-agua\/filtro-de-agua\/filtrar-resultados\/filtros-puros\/\">Filtros de agua Pure Filters<\/a> se suministran de serie con un pomo negro para la tapa. En caso de p\u00e9rdida o deterioro, este art\u00edculo puede adquirirse por separado como repuesto.<\/p>\n<p>Este mando se enrosca en la tapa del filtro de agua Berkey o Pure Filters y permite levantar la tapa de la bandeja superior.<\/p>\n<p>Con un filtro de agua BOROUX, no es necesario un bot\u00f3n, ya que esta marca tiene una leng\u00fceta en el lateral para facilitar la extracci\u00f3n de la tapa.<\/p>","protected":false},"excerpt":{"rendered":"<p>Si se pierde o se da\u00f1a, el bot\u00f3n para la tapa de un filtro de agua de acero inoxidable Berkey o Pure Filters se puede comprar por separado.<\/p>","protected":false},"featured_media":31598,"comment_status":"open","ping_status":"closed","template":"","meta":[],"product_brand":[],"product_cat":[2971,3013],"product_tag":[2961,3102,3237,3008,3238,3239,2890,2880,2979,3012,2980],"merk":[3432,3630],"class_list":{"0":"post-34529","1":"product","2":"type-product","3":"status-publish","4":"has-post-thumbnail","6":"product_cat-waterfilters","7":"product_cat-waterfilter-accessoires","8":"product_tag-berkey","9":"product_tag-berkey-systemen","10":"product_tag-deksel","11":"product_tag-drinkwater","12":"product_tag-knop","13":"product_tag-knop-voor-deksel","14":"product_tag-kraan","15":"product_tag-rvs","16":"product_tag-waterfilter","17":"product_tag-waterfilters","18":"product_tag-waterzuivering","19":"product_shipping_class-briefpost","20":"merk-berkey","21":"merk-pure-filters","23":"first","24":"instock","25":"taxable","26":"shipping-taxable","27":"purchasable","28":"product-type-simple"},"bundled_by":[],"bundle_stock_status":"instock","bundle_stock_quantity":null,"bundle_virtual":false,"bundle_layout":"","bundle_add_to_cart_form_location":"","bundle_editable_in_cart":false,"bundle_sold_individually_context":"","bundle_item_grouping":"","bundle_min_size":"","bundle_max_size":"","bundle_price":[],"bundled_items":[],"bundle_sell_ids":[44176],"yoast_head":"<!-- This site is optimized with the Yoast SEO plugin v26.1 - https:\/\/yoast.com\/wordpress\/plugins\/seo\/ -->\n<title>Knop voor deksel van een RVS Berkey of Pure Filters waterfilter - Alternatievemiddelen.nl<\/title>\n<meta name=\"description\" content=\"Bij verlies of beschadiging kan de knop voor deksel van een RVS Berkey- of Pure Filters waterfilter afzonderlijk worden gekocht.\" \/>\n<meta name=\"robots\" content=\"index, follow, max-snippet:-1, max-image-preview:large, max-video-preview:-1\" \/>\n<link rel=\"canonical\" href=\"https:\/\/www.alternatievemiddelen.nl\/es\/wp-json\/wp\/v2\/product\/34529\" \/>\n<meta property=\"og:locale\" content=\"es_ES\" \/>\n<meta property=\"og:type\" content=\"article\" \/>\n<meta property=\"og:title\" content=\"Knop voor deksel van een RVS Berkey of Pure Filters waterfilter - Alternatievemiddelen.nl\" \/>\n<meta property=\"og:description\" content=\"Bij verlies of beschadiging kan de knop voor deksel van een RVS Berkey- of Pure Filters waterfilter afzonderlijk worden gekocht.\" \/>\n<meta property=\"og:url\" content=\"https:\/\/www.alternatievemiddelen.nl\/es\/productos\/pomo-para-la-tapa-del-filtro-de-agua-berkey-de-acero-inoxidable\/\" \/>\n<meta property=\"og:site_name\" content=\"Alternatievemiddelen.nl\" \/>\n<meta property=\"article:modified_time\" content=\"2026-03-22T06:37:41+00:00\" \/>\n<meta property=\"og:image\" content=\"\/wp-content\/uploads\/2023\/12\/knop-deksel-berkey-waterfilter.jpg\" \/>\n\t<meta property=\"og:image:width\" content=\"1200\" \/>\n\t<meta property=\"og:image:height\" content=\"1600\" \/>\n\t<meta property=\"og:image:type\" content=\"image\/jpeg\" \/>\n<meta name=\"twitter:card\" content=\"summary_large_image\" \/>\n<meta name=\"twitter:label1\" content=\"Tiempo de lectura\" \/>\n\t<meta name=\"twitter:data1\" content=\"1 minuto\" \/>\n<script type=\"application\/ld+json\" class=\"yoast-schema-graph\">{\"@context\":\"https:\/\/schema.org\",\"@graph\":[{\"@type\":[\"WebPage\",\"ItemPage\"],\"@id\":\"https:\/\/www.alternatievemiddelen.nl\/producten\/knop-voor-deksel-van-een-rvs-berkey-waterfilter\/\",\"url\":\"https:\/\/www.alternatievemiddelen.nl\/producten\/knop-voor-deksel-van-een-rvs-berkey-waterfilter\/\",\"name\":\"Knop voor deksel van een RVS Berkey of Pure Filters waterfilter - Alternatievemiddelen.nl\",\"isPartOf\":{\"@id\":\"https:\/\/www.alternatievemiddelen.nl\/#website\"},\"primaryImageOfPage\":{\"@id\":\"https:\/\/www.alternatievemiddelen.nl\/producten\/knop-voor-deksel-van-een-rvs-berkey-waterfilter\/#primaryimage\"},\"image\":{\"@id\":\"https:\/\/www.alternatievemiddelen.nl\/producten\/knop-voor-deksel-van-een-rvs-berkey-waterfilter\/#primaryimage\"},\"thumbnailUrl\":\"https:\/\/www.alternatievemiddelen.nl\/wp-content\/uploads\/2023\/12\/knop-deksel-berkey-waterfilter.jpg\",\"datePublished\":\"2024-02-27T07:45:34+00:00\",\"dateModified\":\"2026-03-22T06:37:41+00:00\",\"description\":\"Bij verlies of beschadiging kan de knop voor deksel van een RVS Berkey- of Pure Filters waterfilter afzonderlijk worden gekocht.\",\"breadcrumb\":{\"@id\":\"https:\/\/www.alternatievemiddelen.nl\/producten\/knop-voor-deksel-van-een-rvs-berkey-waterfilter\/#breadcrumb\"},\"inLanguage\":\"es\",\"potentialAction\":[{\"@type\":\"ReadAction\",\"target\":[\"https:\/\/www.alternatievemiddelen.nl\/producten\/knop-voor-deksel-van-een-rvs-berkey-waterfilter\/\"]}]},{\"@type\":\"ImageObject\",\"inLanguage\":\"es\",\"@id\":\"https:\/\/www.alternatievemiddelen.nl\/producten\/knop-voor-deksel-van-een-rvs-berkey-waterfilter\/#primaryimage\",\"url\":\"https:\/\/www.alternatievemiddelen.nl\/wp-content\/uploads\/2023\/12\/knop-deksel-berkey-waterfilter.jpg\",\"contentUrl\":\"https:\/\/www.alternatievemiddelen.nl\/wp-content\/uploads\/2023\/12\/knop-deksel-berkey-waterfilter.jpg\",\"width\":1200,\"height\":1600,\"caption\":\"dekselknop waterfilter\"},{\"@type\":\"BreadcrumbList\",\"@id\":\"https:\/\/www.alternatievemiddelen.nl\/producten\/knop-voor-deksel-van-een-rvs-berkey-waterfilter\/#breadcrumb\",\"itemListElement\":[{\"@type\":\"ListItem\",\"position\":1,\"name\":\"Home\",\"item\":\"https:\/\/www.alternatievemiddelen.nl\/\"},{\"@type\":\"ListItem\",\"position\":2,\"name\":\"Producten\",\"item\":\"https:\/\/www.alternatievemiddelen.nl\/producten\/\"},{\"@type\":\"ListItem\",\"position\":3,\"name\":\"Knop voor deksel van een RVS Berkey of Pure Filters waterfilter\"}]},{\"@type\":\"WebSite\",\"@id\":\"https:\/\/www.alternatievemiddelen.nl\/#website\",\"url\":\"https:\/\/www.alternatievemiddelen.nl\/\",\"name\":\"Alternatievemiddelen.nl\",\"description\":\"Webshop met gezonde, duurzame en ecologische alternatieve mogelijkheden in de hedendaagse levenstijl. Alles uit eigen ervaring.\",\"publisher\":{\"@id\":\"https:\/\/www.alternatievemiddelen.nl\/#organization\"},\"potentialAction\":[{\"@type\":\"SearchAction\",\"target\":{\"@type\":\"EntryPoint\",\"urlTemplate\":\"https:\/\/www.alternatievemiddelen.nl\/?s={search_term_string}\"},\"query-input\":{\"@type\":\"PropertyValueSpecification\",\"valueRequired\":true,\"valueName\":\"search_term_string\"}}],\"inLanguage\":\"es\"},{\"@type\":\"Organization\",\"@id\":\"https:\/\/www.alternatievemiddelen.nl\/#organization\",\"name\":\"Alternatievemiddelen.nl\",\"url\":\"https:\/\/www.alternatievemiddelen.nl\/\",\"logo\":{\"@type\":\"ImageObject\",\"inLanguage\":\"es\",\"@id\":\"https:\/\/www.alternatievemiddelen.nl\/#\/schema\/logo\/image\/\",\"url\":\"https:\/\/www.alternatievemiddelen.nl\/wp-content\/uploads\/2023\/10\/alternatievemiddelen-PNG-logo.png\",\"contentUrl\":\"https:\/\/www.alternatievemiddelen.nl\/wp-content\/uploads\/2023\/10\/alternatievemiddelen-PNG-logo.png\",\"width\":6400,\"height\":3062,\"caption\":\"Alternatievemiddelen.nl\"},\"image\":{\"@id\":\"https:\/\/www.alternatievemiddelen.nl\/#\/schema\/logo\/image\/\"}}]}<\/script>\n<!-- \/ Yoast SEO plugin. -->","yoast_head_json":{"title":"Knop voor deksel van een RVS Berkey of Pure Filters waterfilter - Alternatievemiddelen.nl","description":"Bij verlies of beschadiging kan de knop voor deksel van een RVS Berkey- of Pure Filters waterfilter afzonderlijk worden gekocht.","robots":{"index":"index","follow":"follow","max-snippet":"max-snippet:-1","max-image-preview":"max-image-preview:large","max-video-preview":"max-video-preview:-1"},"canonical":"https:\/\/www.alternatievemiddelen.nl\/es\/wp-json\/wp\/v2\/product\/34529","og_locale":"es_ES","og_type":"article","og_title":"Knop voor deksel van een RVS Berkey of Pure Filters waterfilter - Alternatievemiddelen.nl","og_description":"Bij verlies of beschadiging kan de knop voor deksel van een RVS Berkey- of Pure Filters waterfilter afzonderlijk worden gekocht.","og_url":"https:\/\/www.alternatievemiddelen.nl\/es\/productos\/pomo-para-la-tapa-del-filtro-de-agua-berkey-de-acero-inoxidable\/","og_site_name":"Alternatievemiddelen.nl","article_modified_time":"2026-03-22T06:37:41+00:00","og_image":[{"width":1200,"height":1600,"url":"\/wp-content\/uploads\/2023\/12\/knop-deksel-berkey-waterfilter.jpg","type":"image\/jpeg"}],"twitter_card":"summary_large_image","twitter_misc":{"Tiempo de lectura":"1 minuto"},"schema":{"@context":"https:\/\/schema.org","@graph":[{"@type":["WebPage","ItemPage"],"@id":"https:\/\/www.alternatievemiddelen.nl\/producten\/knop-voor-deksel-van-een-rvs-berkey-waterfilter\/","url":"https:\/\/www.alternatievemiddelen.nl\/producten\/knop-voor-deksel-van-een-rvs-berkey-waterfilter\/","name":"Knop voor deksel van een RVS Berkey of Pure Filters waterfilter - Alternatievemiddelen.nl","isPartOf":{"@id":"https:\/\/www.alternatievemiddelen.nl\/#website"},"primaryImageOfPage":{"@id":"https:\/\/www.alternatievemiddelen.nl\/producten\/knop-voor-deksel-van-een-rvs-berkey-waterfilter\/#primaryimage"},"image":{"@id":"https:\/\/www.alternatievemiddelen.nl\/producten\/knop-voor-deksel-van-een-rvs-berkey-waterfilter\/#primaryimage"},"thumbnailUrl":"https:\/\/www.alternatievemiddelen.nl\/wp-content\/uploads\/2023\/12\/knop-deksel-berkey-waterfilter.jpg","datePublished":"2024-02-27T07:45:34+00:00","dateModified":"2026-03-22T06:37:41+00:00","description":"Bij verlies of beschadiging kan de knop voor deksel van een RVS Berkey- of Pure Filters waterfilter afzonderlijk worden gekocht.","breadcrumb":{"@id":"https:\/\/www.alternatievemiddelen.nl\/producten\/knop-voor-deksel-van-een-rvs-berkey-waterfilter\/#breadcrumb"},"inLanguage":"es","potentialAction":[{"@type":"ReadAction","target":["https:\/\/www.alternatievemiddelen.nl\/producten\/knop-voor-deksel-van-een-rvs-berkey-waterfilter\/"]}]},{"@type":"ImageObject","inLanguage":"es","@id":"https:\/\/www.alternatievemiddelen.nl\/producten\/knop-voor-deksel-van-een-rvs-berkey-waterfilter\/#primaryimage","url":"https:\/\/www.alternatievemiddelen.nl\/wp-content\/uploads\/2023\/12\/knop-deksel-berkey-waterfilter.jpg","contentUrl":"https:\/\/www.alternatievemiddelen.nl\/wp-content\/uploads\/2023\/12\/knop-deksel-berkey-waterfilter.jpg","width":1200,"height":1600,"caption":"dekselknop waterfilter"},{"@type":"BreadcrumbList","@id":"https:\/\/www.alternatievemiddelen.nl\/producten\/knop-voor-deksel-van-een-rvs-berkey-waterfilter\/#breadcrumb","itemListElement":[{"@type":"ListItem","position":1,"name":"Home","item":"https:\/\/www.alternatievemiddelen.nl\/"},{"@type":"ListItem","position":2,"name":"Producten","item":"https:\/\/www.alternatievemiddelen.nl\/producten\/"},{"@type":"ListItem","position":3,"name":"Knop voor deksel van een RVS Berkey of Pure Filters waterfilter"}]},{"@type":"WebSite","@id":"https:\/\/www.alternatievemiddelen.nl\/#website","url":"https:\/\/www.alternatievemiddelen.nl\/","name":"Alternatievemiddelen.nl","description":"Webshop met gezonde, duurzame en ecologische alternatieve mogelijkheden in de hedendaagse levenstijl. Alles uit eigen ervaring.","publisher":{"@id":"https:\/\/www.alternatievemiddelen.nl\/#organization"},"potentialAction":[{"@type":"SearchAction","target":{"@type":"EntryPoint","urlTemplate":"https:\/\/www.alternatievemiddelen.nl\/?s={search_term_string}"},"query-input":{"@type":"PropertyValueSpecification","valueRequired":true,"valueName":"search_term_string"}}],"inLanguage":"es"},{"@type":"Organization","@id":"https:\/\/www.alternatievemiddelen.nl\/#organization","name":"Alternatievemiddelen.nl","url":"https:\/\/www.alternatievemiddelen.nl\/","logo":{"@type":"ImageObject","inLanguage":"es","@id":"https:\/\/www.alternatievemiddelen.nl\/#\/schema\/logo\/image\/","url":"https:\/\/www.alternatievemiddelen.nl\/wp-content\/uploads\/2023\/10\/alternatievemiddelen-PNG-logo.png","contentUrl":"https:\/\/www.alternatievemiddelen.nl\/wp-content\/uploads\/2023\/10\/alternatievemiddelen-PNG-logo.png","width":6400,"height":3062,"caption":"Alternatievemiddelen.nl"},"image":{"@id":"https:\/\/www.alternatievemiddelen.nl\/#\/schema\/logo\/image\/"}}]}},"_links":{"self":[{"href":"https:\/\/www.alternatievemiddelen.nl\/es\/wp-json\/wp\/v2\/product\/34529","targetHints":{"allow":["GET"]}}],"collection":[{"href":"https:\/\/www.alternatievemiddelen.nl\/es\/wp-json\/wp\/v2\/product"}],"about":[{"href":"https:\/\/www.alternatievemiddelen.nl\/es\/wp-json\/wp\/v2\/types\/product"}],"replies":[{"embeddable":true,"href":"https:\/\/www.alternatievemiddelen.nl\/es\/wp-json\/wp\/v2\/comments?post=34529"}],"wp:featuredmedia":[{"embeddable":true,"href":"https:\/\/www.alternatievemiddelen.nl\/es\/wp-json\/wp\/v2\/media\/31598"}],"wp:attachment":[{"href":"https:\/\/www.alternatievemiddelen.nl\/es\/wp-json\/wp\/v2\/media?parent=34529"}],"wp:term":[{"taxonomy":"product_brand","embeddable":true,"href":"https:\/\/www.alternatievemiddelen.nl\/es\/wp-json\/wp\/v2\/product_brand?post=34529"},{"taxonomy":"product_cat","embeddable":true,"href":"https:\/\/www.alternatievemiddelen.nl\/es\/wp-json\/wp\/v2\/product_cat?post=34529"},{"taxonomy":"product_tag","embeddable":true,"href":"https:\/\/www.alternatievemiddelen.nl\/es\/wp-json\/wp\/v2\/product_tag?post=34529"},{"taxonomy":"merk","embeddable":true,"href":"https:\/\/www.alternatievemiddelen.nl\/es\/wp-json\/wp\/v2\/merk?post=34529"}],"curies":[{"name":"wp","href":"https:\/\/api.w.org\/{rel}","templated":true}]}}