{"id":34533,"date":"2024-02-27T08:45:35","date_gmt":"2024-02-27T07:45:35","guid":{"rendered":"https:\/\/www.alternatievemiddelen.nl\/?post_type=product&#038;p=34533"},"modified":"2026-03-22T07:36:01","modified_gmt":"2026-03-22T06:36:01","slug":"vleugelmoer-voor-black-berkey-filterelementen","status":"publish","type":"product","link":"https:\/\/www.alternatievemiddelen.nl\/es\/productos\/tuerca-de-mariposa-para-elementos-filtrantes-berkey-negros\/","title":{"rendered":"Tuerca de mariposa para filtros negros Berkey- y BOROUX Foundation\u2122 Negro"},"content":{"rendered":"<p>Tuerca de mariposa para elementos filtrantes negros Berkey- y BOROUX Foundation\u2122 Negro caracter\u00edsticas:<\/p>\n<ul>\n<li>Tuerca de mariposa (cumple los requisitos de seguridad alimentaria) utilizada para enroscar un elemento filtrante Negro Berkey o BOROUX Foundation\u2122 Negro en el sistema.<\/li>\n<li>Cada juego <a href=\"https:\/\/www.alternatievemiddelen.nl\/es\/productos\/elementos-filtrantes-de-agua-black-berkey\/\">Elementos filtrantes Berkey negros<\/a> y <a href=\"https:\/\/www.alternatievemiddelen.nl\/es\/productos\/elementos-de-filtro-de-agua-boroux-foundation-black\/\">Elementos filtrantes BOROUX Foundation\u2122 Negro<\/a> viene de serie con tuercas de mariposa; en caso de p\u00e9rdida o deterioro, tambi\u00e9n puede pedirlas por separado<\/li>\n<li>Esta tuerca de mariposa es s\u00f3lo para uso con el <a href=\"https:\/\/www.alternatievemiddelen.nl\/es\/productos\/elementos-filtrantes-de-agua-black-berkey\/\">Elementos filtrantes Berkey negros<\/a> o <a href=\"https:\/\/www.alternatievemiddelen.nl\/es\/productos\/elementos-de-filtro-de-agua-boroux-foundation-black\/\">Elementos filtrantes BOROUX Foundation\u2122 Negro<\/a> y debe utilizarse junto con un <a href=\"https:\/\/www.alternatievemiddelen.nl\/es\/productos\/anillo-para-elementos-filtrantes-black-berkey\/\">Anillo para filtros negros Berkey- y BOROUX Foundation\u2122 Negro<\/a><\/li>\n<li>Esta tuerca de mariposa no se puede sustituir por una tuerca de mariposa de otro tipo de elemento filtrante<\/li>\n<\/ul>\n<p>&nbsp;<\/p>\n<h4>Utilizar tuercas de mariposa para elementos filtrantes negros Berkey- y BOROUX Foundation\u2122 Negro.<\/h4>\n<p><strong>\u00a1ATENCI\u00d3N!<\/strong> No apriete las tuercas de mariposa. De hecho, esto no es posible porque al otro lado del agujero est\u00e1 la arandela de goma. \u00c9sta, por supuesto, proporciona cierta holgura porque es flexible. Si sigue apret\u00e1ndola, la flexibilidad se acabar\u00e1 una vez y habr\u00e1 demasiada tensi\u00f3n en la tuerca de mariposa. Esto puede da\u00f1ar la ranura de la tuerca de mariposa. Por lo tanto, nuestro consejo es que la apriete hasta que est\u00e9 \"encajada\" (sienta resistencia), lo que ser\u00e1 suficiente.<\/p>","protected":false},"excerpt":{"rendered":"<p>Tuerca de mariposa (compatible con la seguridad alimentaria) utilizada para apretar un elemento filtrante Negro Berkey o BOROUX Foundation\u2122 Negro en el sistema.<\/p>","protected":false},"featured_media":31447,"comment_status":"open","ping_status":"closed","template":"","meta":[],"product_brand":[],"product_cat":[2971,3099,3013],"product_tag":[2961,3102,3332,2974,3706,3008,2890,3106,3411,2979,3012,2980],"merk":[3432,3702],"class_list":{"0":"post-34533","1":"product","2":"type-product","3":"status-publish","4":"has-post-thumbnail","6":"product_cat-waterfilters","7":"product_cat-waterfilter-elementen","8":"product_cat-waterfilter-accessoires","9":"product_tag-berkey","10":"product_tag-berkey-systemen","11":"product_tag-black-bekrey-filterelementen","12":"product_tag-black-berkey","13":"product_tag-boroux","14":"product_tag-drinkwater","15":"product_tag-kraan","16":"product_tag-standaard","17":"product_tag-vleugelmoer","18":"product_tag-waterfilter","19":"product_tag-waterfilters","20":"product_tag-waterzuivering","21":"product_shipping_class-briefpost","22":"merk-berkey","23":"merk-boroux","25":"first","26":"instock","27":"taxable","28":"shipping-taxable","29":"purchasable","30":"product-type-simple"},"bundled_by":[],"bundle_stock_status":"instock","bundle_stock_quantity":null,"bundle_virtual":false,"bundle_layout":"","bundle_add_to_cart_form_location":"","bundle_editable_in_cart":false,"bundle_sold_individually_context":"","bundle_item_grouping":"","bundle_min_size":"","bundle_max_size":"","bundle_price":[],"bundled_items":[],"bundle_sell_ids":[44176,34532],"yoast_head":"<!-- This site is optimized with the Yoast SEO plugin v26.1 - https:\/\/yoast.com\/wordpress\/plugins\/seo\/ -->\n<title>Vleugelmoer voor Black Berkey- en BOROUX Foundation\u2122 Black filters - Alternatievemiddelen.nl<\/title>\n<meta name=\"description\" content=\"Vleugelmoer (voldoet aan voedselveiligheid) die wordt gebruikt om een Black Berkey- of BOROUX Foundation\u2122 Black filterelement in het systeem vast te draaien\" \/>\n<meta name=\"robots\" content=\"index, follow, max-snippet:-1, max-image-preview:large, max-video-preview:-1\" \/>\n<link rel=\"canonical\" href=\"https:\/\/www.alternatievemiddelen.nl\/es\/wp-json\/wp\/v2\/product\/34533\" \/>\n<meta property=\"og:locale\" content=\"es_ES\" \/>\n<meta property=\"og:type\" content=\"article\" \/>\n<meta property=\"og:title\" content=\"Vleugelmoer voor Black Berkey- en BOROUX Foundation\u2122 Black filters - Alternatievemiddelen.nl\" \/>\n<meta property=\"og:description\" content=\"Vleugelmoer (voldoet aan voedselveiligheid) die wordt gebruikt om een Black Berkey- of BOROUX Foundation\u2122 Black filterelement in het systeem vast te draaien\" \/>\n<meta property=\"og:url\" content=\"https:\/\/www.alternatievemiddelen.nl\/es\/productos\/tuerca-de-mariposa-para-elementos-filtrantes-berkey-negros\/\" \/>\n<meta property=\"og:site_name\" content=\"Alternatievemiddelen.nl\" \/>\n<meta property=\"article:publisher\" content=\"https:\/\/www.facebook.com\/alternatievemiddelen\" \/>\n<meta property=\"article:modified_time\" content=\"2026-03-22T06:36:01+00:00\" \/>\n<meta property=\"og:image\" content=\"\/wp-content\/uploads\/2023\/12\/Vleugelmoer_Black-Berkey.jpg\" \/>\n\t<meta property=\"og:image:width\" content=\"600\" \/>\n\t<meta property=\"og:image:height\" content=\"800\" \/>\n\t<meta property=\"og:image:type\" content=\"image\/jpeg\" \/>\n<meta name=\"twitter:card\" content=\"summary_large_image\" \/>\n<meta name=\"twitter:label1\" content=\"Tiempo de lectura\" \/>\n\t<meta name=\"twitter:data1\" content=\"2 minutos\" \/>\n<script type=\"application\/ld+json\" class=\"yoast-schema-graph\">{\"@context\":\"https:\/\/schema.org\",\"@graph\":[{\"@type\":[\"WebPage\",\"ItemPage\"],\"@id\":\"https:\/\/www.alternatievemiddelen.nl\/producten\/vleugelmoer-voor-black-berkey-filterelementen\/\",\"url\":\"https:\/\/www.alternatievemiddelen.nl\/producten\/vleugelmoer-voor-black-berkey-filterelementen\/\",\"name\":\"Vleugelmoer voor Black Berkey- en BOROUX Foundation\u2122 Black filters - Alternatievemiddelen.nl\",\"isPartOf\":{\"@id\":\"https:\/\/www.alternatievemiddelen.nl\/#website\"},\"primaryImageOfPage\":{\"@id\":\"https:\/\/www.alternatievemiddelen.nl\/producten\/vleugelmoer-voor-black-berkey-filterelementen\/#primaryimage\"},\"image\":{\"@id\":\"https:\/\/www.alternatievemiddelen.nl\/producten\/vleugelmoer-voor-black-berkey-filterelementen\/#primaryimage\"},\"thumbnailUrl\":\"https:\/\/www.alternatievemiddelen.nl\/wp-content\/uploads\/2023\/12\/Vleugelmoer_Black-Berkey.jpg\",\"datePublished\":\"2024-02-27T07:45:35+00:00\",\"dateModified\":\"2026-03-22T06:36:01+00:00\",\"description\":\"Vleugelmoer (voldoet aan voedselveiligheid) die wordt gebruikt om een Black Berkey- of BOROUX Foundation\u2122 Black filterelement in het systeem vast te draaien\",\"breadcrumb\":{\"@id\":\"https:\/\/www.alternatievemiddelen.nl\/producten\/vleugelmoer-voor-black-berkey-filterelementen\/#breadcrumb\"},\"inLanguage\":\"es\",\"potentialAction\":[{\"@type\":\"ReadAction\",\"target\":[\"https:\/\/www.alternatievemiddelen.nl\/producten\/vleugelmoer-voor-black-berkey-filterelementen\/\"]}]},{\"@type\":\"ImageObject\",\"inLanguage\":\"es\",\"@id\":\"https:\/\/www.alternatievemiddelen.nl\/producten\/vleugelmoer-voor-black-berkey-filterelementen\/#primaryimage\",\"url\":\"https:\/\/www.alternatievemiddelen.nl\/wp-content\/uploads\/2023\/12\/Vleugelmoer_Black-Berkey.jpg\",\"contentUrl\":\"https:\/\/www.alternatievemiddelen.nl\/wp-content\/uploads\/2023\/12\/Vleugelmoer_Black-Berkey.jpg\",\"width\":600,\"height\":800,\"caption\":\"vleugelmoer filterelement\"},{\"@type\":\"BreadcrumbList\",\"@id\":\"https:\/\/www.alternatievemiddelen.nl\/producten\/vleugelmoer-voor-black-berkey-filterelementen\/#breadcrumb\",\"itemListElement\":[{\"@type\":\"ListItem\",\"position\":1,\"name\":\"Home\",\"item\":\"https:\/\/www.alternatievemiddelen.nl\/\"},{\"@type\":\"ListItem\",\"position\":2,\"name\":\"Producten\",\"item\":\"https:\/\/www.alternatievemiddelen.nl\/producten\/\"},{\"@type\":\"ListItem\",\"position\":3,\"name\":\"Vleugelmoer voor Black Berkey- en BOROUX Foundation\u2122 Black filters\"}]},{\"@type\":\"WebSite\",\"@id\":\"https:\/\/www.alternatievemiddelen.nl\/#website\",\"url\":\"https:\/\/www.alternatievemiddelen.nl\/\",\"name\":\"Alternatievemiddelen.nl\",\"description\":\"Webshop met gezonde, duurzame en ecologische alternatieve mogelijkheden in de hedendaagse levenstijl. Alles uit eigen ervaring.\",\"publisher\":{\"@id\":\"https:\/\/www.alternatievemiddelen.nl\/#organization\"},\"alternateName\":\"Alternatieve Middelen\",\"potentialAction\":[{\"@type\":\"SearchAction\",\"target\":{\"@type\":\"EntryPoint\",\"urlTemplate\":\"https:\/\/www.alternatievemiddelen.nl\/?s={search_term_string}\"},\"query-input\":{\"@type\":\"PropertyValueSpecification\",\"valueRequired\":true,\"valueName\":\"search_term_string\"}}],\"inLanguage\":\"es\"},{\"@type\":\"Organization\",\"@id\":\"https:\/\/www.alternatievemiddelen.nl\/#organization\",\"name\":\"Alternatievemiddelen.nl\",\"alternateName\":\"Alternatieve Middelen\",\"url\":\"https:\/\/www.alternatievemiddelen.nl\/\",\"logo\":{\"@type\":\"ImageObject\",\"inLanguage\":\"es\",\"@id\":\"https:\/\/www.alternatievemiddelen.nl\/#\/schema\/logo\/image\/\",\"url\":\"https:\/\/www.alternatievemiddelen.nl\/wp-content\/uploads\/2023\/10\/alternatievemiddelen-PNG-logo.png\",\"contentUrl\":\"https:\/\/www.alternatievemiddelen.nl\/wp-content\/uploads\/2023\/10\/alternatievemiddelen-PNG-logo.png\",\"width\":6400,\"height\":3062,\"caption\":\"Alternatievemiddelen.nl\"},\"image\":{\"@id\":\"https:\/\/www.alternatievemiddelen.nl\/#\/schema\/logo\/image\/\"},\"sameAs\":[\"https:\/\/www.facebook.com\/alternatievemiddelen\",\"https:\/\/www.instagram.com\/alternatievemiddelen.nl\/\"]}]}<\/script>\n<!-- \/ Yoast SEO plugin. -->","yoast_head_json":{"title":"Vleugelmoer voor Black Berkey- en BOROUX Foundation\u2122 Black filters - Alternatievemiddelen.nl","description":"Vleugelmoer (voldoet aan voedselveiligheid) die wordt gebruikt om een Black Berkey- of BOROUX Foundation\u2122 Black filterelement in het systeem vast te draaien","robots":{"index":"index","follow":"follow","max-snippet":"max-snippet:-1","max-image-preview":"max-image-preview:large","max-video-preview":"max-video-preview:-1"},"canonical":"https:\/\/www.alternatievemiddelen.nl\/es\/wp-json\/wp\/v2\/product\/34533","og_locale":"es_ES","og_type":"article","og_title":"Vleugelmoer voor Black Berkey- en BOROUX Foundation\u2122 Black filters - Alternatievemiddelen.nl","og_description":"Vleugelmoer (voldoet aan voedselveiligheid) die wordt gebruikt om een Black Berkey- of BOROUX Foundation\u2122 Black filterelement in het systeem vast te draaien","og_url":"https:\/\/www.alternatievemiddelen.nl\/es\/productos\/tuerca-de-mariposa-para-elementos-filtrantes-berkey-negros\/","og_site_name":"Alternatievemiddelen.nl","article_publisher":"https:\/\/www.facebook.com\/alternatievemiddelen","article_modified_time":"2026-03-22T06:36:01+00:00","og_image":[{"width":600,"height":800,"url":"\/wp-content\/uploads\/2023\/12\/Vleugelmoer_Black-Berkey.jpg","type":"image\/jpeg"}],"twitter_card":"summary_large_image","twitter_misc":{"Tiempo de lectura":"2 minutos"},"schema":{"@context":"https:\/\/schema.org","@graph":[{"@type":["WebPage","ItemPage"],"@id":"https:\/\/www.alternatievemiddelen.nl\/producten\/vleugelmoer-voor-black-berkey-filterelementen\/","url":"https:\/\/www.alternatievemiddelen.nl\/producten\/vleugelmoer-voor-black-berkey-filterelementen\/","name":"Vleugelmoer voor Black Berkey- en BOROUX Foundation\u2122 Black filters - Alternatievemiddelen.nl","isPartOf":{"@id":"https:\/\/www.alternatievemiddelen.nl\/#website"},"primaryImageOfPage":{"@id":"https:\/\/www.alternatievemiddelen.nl\/producten\/vleugelmoer-voor-black-berkey-filterelementen\/#primaryimage"},"image":{"@id":"https:\/\/www.alternatievemiddelen.nl\/producten\/vleugelmoer-voor-black-berkey-filterelementen\/#primaryimage"},"thumbnailUrl":"https:\/\/www.alternatievemiddelen.nl\/wp-content\/uploads\/2023\/12\/Vleugelmoer_Black-Berkey.jpg","datePublished":"2024-02-27T07:45:35+00:00","dateModified":"2026-03-22T06:36:01+00:00","description":"Vleugelmoer (voldoet aan voedselveiligheid) die wordt gebruikt om een Black Berkey- of BOROUX Foundation\u2122 Black filterelement in het systeem vast te draaien","breadcrumb":{"@id":"https:\/\/www.alternatievemiddelen.nl\/producten\/vleugelmoer-voor-black-berkey-filterelementen\/#breadcrumb"},"inLanguage":"es","potentialAction":[{"@type":"ReadAction","target":["https:\/\/www.alternatievemiddelen.nl\/producten\/vleugelmoer-voor-black-berkey-filterelementen\/"]}]},{"@type":"ImageObject","inLanguage":"es","@id":"https:\/\/www.alternatievemiddelen.nl\/producten\/vleugelmoer-voor-black-berkey-filterelementen\/#primaryimage","url":"https:\/\/www.alternatievemiddelen.nl\/wp-content\/uploads\/2023\/12\/Vleugelmoer_Black-Berkey.jpg","contentUrl":"https:\/\/www.alternatievemiddelen.nl\/wp-content\/uploads\/2023\/12\/Vleugelmoer_Black-Berkey.jpg","width":600,"height":800,"caption":"vleugelmoer filterelement"},{"@type":"BreadcrumbList","@id":"https:\/\/www.alternatievemiddelen.nl\/producten\/vleugelmoer-voor-black-berkey-filterelementen\/#breadcrumb","itemListElement":[{"@type":"ListItem","position":1,"name":"Home","item":"https:\/\/www.alternatievemiddelen.nl\/"},{"@type":"ListItem","position":2,"name":"Producten","item":"https:\/\/www.alternatievemiddelen.nl\/producten\/"},{"@type":"ListItem","position":3,"name":"Vleugelmoer voor Black Berkey- en BOROUX Foundation\u2122 Black filters"}]},{"@type":"WebSite","@id":"https:\/\/www.alternatievemiddelen.nl\/#website","url":"https:\/\/www.alternatievemiddelen.nl\/","name":"Alternatievemiddelen.nl","description":"Webshop met gezonde, duurzame en ecologische alternatieve mogelijkheden in de hedendaagse levenstijl. Alles uit eigen ervaring.","publisher":{"@id":"https:\/\/www.alternatievemiddelen.nl\/#organization"},"alternateName":"Alternatieve Middelen","potentialAction":[{"@type":"SearchAction","target":{"@type":"EntryPoint","urlTemplate":"https:\/\/www.alternatievemiddelen.nl\/?s={search_term_string}"},"query-input":{"@type":"PropertyValueSpecification","valueRequired":true,"valueName":"search_term_string"}}],"inLanguage":"es"},{"@type":"Organization","@id":"https:\/\/www.alternatievemiddelen.nl\/#organization","name":"Alternatievemiddelen.nl","alternateName":"Alternatieve Middelen","url":"https:\/\/www.alternatievemiddelen.nl\/","logo":{"@type":"ImageObject","inLanguage":"es","@id":"https:\/\/www.alternatievemiddelen.nl\/#\/schema\/logo\/image\/","url":"https:\/\/www.alternatievemiddelen.nl\/wp-content\/uploads\/2023\/10\/alternatievemiddelen-PNG-logo.png","contentUrl":"https:\/\/www.alternatievemiddelen.nl\/wp-content\/uploads\/2023\/10\/alternatievemiddelen-PNG-logo.png","width":6400,"height":3062,"caption":"Alternatievemiddelen.nl"},"image":{"@id":"https:\/\/www.alternatievemiddelen.nl\/#\/schema\/logo\/image\/"},"sameAs":["https:\/\/www.facebook.com\/alternatievemiddelen","https:\/\/www.instagram.com\/alternatievemiddelen.nl\/"]}]}},"_links":{"self":[{"href":"https:\/\/www.alternatievemiddelen.nl\/es\/wp-json\/wp\/v2\/product\/34533","targetHints":{"allow":["GET"]}}],"collection":[{"href":"https:\/\/www.alternatievemiddelen.nl\/es\/wp-json\/wp\/v2\/product"}],"about":[{"href":"https:\/\/www.alternatievemiddelen.nl\/es\/wp-json\/wp\/v2\/types\/product"}],"replies":[{"embeddable":true,"href":"https:\/\/www.alternatievemiddelen.nl\/es\/wp-json\/wp\/v2\/comments?post=34533"}],"wp:featuredmedia":[{"embeddable":true,"href":"https:\/\/www.alternatievemiddelen.nl\/es\/wp-json\/wp\/v2\/media\/31447"}],"wp:attachment":[{"href":"https:\/\/www.alternatievemiddelen.nl\/es\/wp-json\/wp\/v2\/media?parent=34533"}],"wp:term":[{"taxonomy":"product_brand","embeddable":true,"href":"https:\/\/www.alternatievemiddelen.nl\/es\/wp-json\/wp\/v2\/product_brand?post=34533"},{"taxonomy":"product_cat","embeddable":true,"href":"https:\/\/www.alternatievemiddelen.nl\/es\/wp-json\/wp\/v2\/product_cat?post=34533"},{"taxonomy":"product_tag","embeddable":true,"href":"https:\/\/www.alternatievemiddelen.nl\/es\/wp-json\/wp\/v2\/product_tag?post=34533"},{"taxonomy":"merk","embeddable":true,"href":"https:\/\/www.alternatievemiddelen.nl\/es\/wp-json\/wp\/v2\/merk?post=34533"}],"curies":[{"name":"wp","href":"https:\/\/api.w.org\/{rel}","templated":true}]}}