{"id":34538,"date":"2024-02-27T08:45:38","date_gmt":"2024-02-27T07:45:38","guid":{"rendered":"https:\/\/www.alternatievemiddelen.nl\/?post_type=product&#038;p=34538"},"modified":"2025-04-28T08:07:43","modified_gmt":"2025-04-28T06:07:43","slug":"metagenics-metarelax-sachets-20-zakjes","status":"publish","type":"product","link":"https:\/\/www.alternatievemiddelen.nl\/es\/productos\/metagenics-metarelax-sobres-20-sobres\/","title":{"rendered":"Metagenics Metarelax sobres 20 sobres"},"content":{"rendered":"<p>Metagenics Metarelax sobres 20 sobres<\/p>\n<p>MetaRelax\u00ae es un suplemento de magnesio altamente absorbible a base de glicerofosfato de magnesio, folato, vitaminas B activas y vitamina D3.<\/p>\n<p>Aunque el magnesio puede encontrarse en muchos alimentos, a menudo no se alcanza la cantidad diaria recomendada. Si el consumo de alimentos ricos en magnesio resulta insuficiente, puede estar indicado un suplemento de magnesio como MetaRelax.<\/p>\n<p><u>F\u00f3rmula completa<\/u><br \/>\nMetaRelax\u00ae combina glicerofosfato de magnesio en una f\u00f3rmula completa complementada con vitaminas B activas (B6, B9 (folato, Metafolin\u00ae), B12), taurina y vitamina D. Esta f\u00f3rmula es bien tolerada por el est\u00f3mago y los intestinos y no se produce habituaci\u00f3n. Las vitaminas activas B6, B12 y B9 (folato, Metafolin\u00ae) tampoco necesitan ser transformadas por el organismo, por lo que pueden absorberse directamente.<\/p>\n<p>Agradable sabor a lima.<\/p>\n<p>MetaRelax\u00ae contiene folato que contribuye al funcionamiento psicol\u00f3gico normal, como en momentos de estr\u00e9s, tensi\u00f3n y ajetreo. Contiene magnesio que desempe\u00f1a un papel importante en la funci\u00f3n nerviosa adecuada y la fatiga, y magnesio y vitamina D que son buenos para los m\u00fasculos.<\/p>\n<table>\n<tbody>\n<tr>\n<td><u><b>Composici\u00f3n por dosis diaria de 1 sobre:<\/b><\/u><\/td>\n<td><\/td>\n<td><u><b>RI*<\/b><\/u><\/td>\n<\/tr>\n<tr>\n<td>Glicerofosfato de magnesio<\/td>\n<td>1800 mg<\/td>\n<td><\/td>\n<\/tr>\n<tr>\n<td>Magnesio<\/td>\n<td>200 mg<\/td>\n<td>53,4%<\/td>\n<\/tr>\n<tr>\n<td>Vitamina B6 (piridoxal-5-fosfato)<\/td>\n<td>2 mg<\/td>\n<td>143%<\/td>\n<\/tr>\n<tr>\n<td>Vitamina B9 (folato, Metafolin\u00ae)<\/td>\n<td>200 \u00b5g<\/td>\n<td>100%<\/td>\n<\/tr>\n<tr>\n<td>Vitamina B12 (metilcobalamina)<\/td>\n<td>25 \u00b5g<\/td>\n<td>1000%<\/td>\n<\/tr>\n<tr>\n<td>Vitamina D (colecalciferol)<\/td>\n<td>(1000 UI) 25 \u00b5g<\/td>\n<td>500%<\/td>\n<\/tr>\n<tr>\n<td>Taurina<\/td>\n<td>200 mg<\/td>\n<td><\/td>\n<\/tr>\n<\/tbody>\n<\/table>\n<p>* Ingesta de referencia<\/p>\n<p><u><b>Ingredientes<\/b><\/u><br \/>\nGlicerofosfato de magnesio (1800 mg), aromas: \u00e1cido c\u00edtrico, zumo de naranja en polvo y aroma de c\u00edtricos, taurina, edulcorante: gluc\u00f3sidos de esteviol, piridoxal-5-fosfato (vit. B6), L-metilfolato c\u00e1lcico (vit. B9), metilcobalamina (vit. B12), colecalciferol (vit. D3).<\/p>\n<p><u><b>Utilice<\/b><\/u><br \/>\nSe recomienda tomar 1 sobre al d\u00eda. Para necesidades m\u00e1s elevadas de magnesio, pueden tomarse m\u00e1s sobres al d\u00eda. Para ello, consulte a su m\u00e9dico.<\/p>\n<p>Conservar en seco, cerrado y a temperatura ambiente.<\/p>\n<p>No superar la dosis recomendada.<\/p>\n<p>Una dieta variada y equilibrada y un estilo de vida sano son importantes. Un suplemento diet\u00e9tico no sustituye a una dieta variada.<\/p>\n<p>Mantener fuera del alcance de los ni\u00f1os peque\u00f1os.<\/p>\n<p>Cons\u00e9rvese seco, cerrado y a temperatura ambiente, salvo indicaci\u00f3n contraria en la etiqueta.<\/p>\n<p>Consulte a un experto antes de tomar suplementos en caso de embarazo, lactancia, uso de medicamentos y enfermedad.<\/p>","protected":false},"excerpt":{"rendered":"<p>Metagenics Metarelax sobres 20 sobres es un suplemento de magnesio altamente absorbible a base de glicerofosfato de magnesio, folato, vitaminas B activas y vitamina D3.<\/p>","protected":false},"featured_media":31865,"comment_status":"open","ping_status":"closed","template":"","meta":[],"product_brand":[],"product_cat":[2938],"product_tag":[3273,3274,3275,3276],"merk":[3446],"class_list":{"0":"post-34538","1":"product","2":"type-product","3":"status-publish","4":"has-post-thumbnail","6":"product_cat-vitamines-mineralen-en-supplementen","7":"product_tag-metagenics","8":"product_tag-metagenics-metarelax-sachets","9":"product_tag-metagenics-metarelax-sachets-20-zakjes","10":"product_tag-metarelax","11":"merk-metagenics","13":"first","14":"instock","15":"taxable","16":"shipping-taxable","17":"purchasable","18":"product-type-simple"},"bundled_by":[],"bundle_stock_status":"instock","bundle_stock_quantity":null,"bundle_virtual":false,"bundle_layout":"","bundle_add_to_cart_form_location":"","bundle_editable_in_cart":false,"bundle_sold_individually_context":"","bundle_item_grouping":"","bundle_min_size":"","bundle_max_size":"","bundle_price":[],"bundled_items":[],"bundle_sell_ids":[],"yoast_head":"<!-- This site is optimized with the Yoast SEO plugin v26.1 - https:\/\/yoast.com\/wordpress\/plugins\/seo\/ -->\n<title>Metagenics Metarelax sachets 20 zakjes - Alternatievemiddelen.nl<\/title>\n<meta name=\"description\" content=\"Metagenics Metarelax sachets 20 zakjes is een goed opneembaar magnesiumsupplement op basis van magnesiumglycerofosfaat, folaat, actieve B-vitamines en vitamine D3.\" \/>\n<meta name=\"robots\" content=\"noindex, follow\" \/>\n<meta property=\"og:locale\" content=\"es_ES\" \/>\n<meta property=\"og:type\" content=\"article\" \/>\n<meta property=\"og:title\" content=\"Metagenics Metarelax sachets 20 zakjes - Alternatievemiddelen.nl\" \/>\n<meta property=\"og:description\" content=\"Metagenics Metarelax sachets 20 zakjes is een goed opneembaar magnesiumsupplement op basis van magnesiumglycerofosfaat, folaat, actieve B-vitamines en vitamine D3.\" \/>\n<meta property=\"og:url\" content=\"https:\/\/www.alternatievemiddelen.nl\/es\/productos\/metagenics-metarelax-sobres-20-sobres\/\" \/>\n<meta property=\"og:site_name\" content=\"Alternatievemiddelen.nl\" \/>\n<meta property=\"article:modified_time\" content=\"2025-04-28T06:07:43+00:00\" \/>\n<meta property=\"og:image\" content=\"\/wp-content\/uploads\/2023\/12\/Metagenics-Metarelax-sachets-40-zakjes.jpg\" \/>\n\t<meta property=\"og:image:width\" content=\"600\" \/>\n\t<meta property=\"og:image:height\" content=\"800\" \/>\n\t<meta property=\"og:image:type\" content=\"image\/jpeg\" \/>\n<meta name=\"twitter:card\" content=\"summary_large_image\" \/>\n<meta name=\"twitter:label1\" content=\"Tiempo de lectura\" \/>\n\t<meta name=\"twitter:data1\" content=\"2 minutos\" \/>\n<script type=\"application\/ld+json\" class=\"yoast-schema-graph\">{\"@context\":\"https:\/\/schema.org\",\"@graph\":[{\"@type\":[\"WebPage\",\"ItemPage\"],\"@id\":\"https:\/\/www.alternatievemiddelen.nl\/producten\/metagenics-metarelax-sachets-20-zakjes\/\",\"url\":\"https:\/\/www.alternatievemiddelen.nl\/producten\/metagenics-metarelax-sachets-20-zakjes\/\",\"name\":\"Metagenics Metarelax sachets 20 zakjes - Alternatievemiddelen.nl\",\"isPartOf\":{\"@id\":\"https:\/\/www.alternatievemiddelen.nl\/#website\"},\"primaryImageOfPage\":{\"@id\":\"https:\/\/www.alternatievemiddelen.nl\/producten\/metagenics-metarelax-sachets-20-zakjes\/#primaryimage\"},\"image\":{\"@id\":\"https:\/\/www.alternatievemiddelen.nl\/producten\/metagenics-metarelax-sachets-20-zakjes\/#primaryimage\"},\"thumbnailUrl\":\"https:\/\/www.alternatievemiddelen.nl\/wp-content\/uploads\/2023\/12\/Metagenics-Metarelax-sachets-40-zakjes.jpg\",\"datePublished\":\"2024-02-27T07:45:38+00:00\",\"dateModified\":\"2025-04-28T06:07:43+00:00\",\"description\":\"Metagenics Metarelax sachets 20 zakjes is een goed opneembaar magnesiumsupplement op basis van magnesiumglycerofosfaat, folaat, actieve B-vitamines en vitamine D3.\",\"breadcrumb\":{\"@id\":\"https:\/\/www.alternatievemiddelen.nl\/producten\/metagenics-metarelax-sachets-20-zakjes\/#breadcrumb\"},\"inLanguage\":\"es\",\"potentialAction\":[{\"@type\":\"ReadAction\",\"target\":[\"https:\/\/www.alternatievemiddelen.nl\/producten\/metagenics-metarelax-sachets-20-zakjes\/\"]}]},{\"@type\":\"ImageObject\",\"inLanguage\":\"es\",\"@id\":\"https:\/\/www.alternatievemiddelen.nl\/producten\/metagenics-metarelax-sachets-20-zakjes\/#primaryimage\",\"url\":\"https:\/\/www.alternatievemiddelen.nl\/wp-content\/uploads\/2023\/12\/Metagenics-Metarelax-sachets-40-zakjes.jpg\",\"contentUrl\":\"https:\/\/www.alternatievemiddelen.nl\/wp-content\/uploads\/2023\/12\/Metagenics-Metarelax-sachets-40-zakjes.jpg\",\"width\":600,\"height\":800,\"caption\":\"MetaRelax verpakking\"},{\"@type\":\"BreadcrumbList\",\"@id\":\"https:\/\/www.alternatievemiddelen.nl\/producten\/metagenics-metarelax-sachets-20-zakjes\/#breadcrumb\",\"itemListElement\":[{\"@type\":\"ListItem\",\"position\":1,\"name\":\"Home\",\"item\":\"https:\/\/www.alternatievemiddelen.nl\/\"},{\"@type\":\"ListItem\",\"position\":2,\"name\":\"Producten\",\"item\":\"https:\/\/www.alternatievemiddelen.nl\/producten\/\"},{\"@type\":\"ListItem\",\"position\":3,\"name\":\"Metagenics Metarelax sachets 20 zakjes\"}]},{\"@type\":\"WebSite\",\"@id\":\"https:\/\/www.alternatievemiddelen.nl\/#website\",\"url\":\"https:\/\/www.alternatievemiddelen.nl\/\",\"name\":\"Alternatievemiddelen.nl\",\"description\":\"Webshop met gezonde, duurzame en ecologische alternatieve mogelijkheden in de hedendaagse levenstijl. Alles uit eigen ervaring.\",\"publisher\":{\"@id\":\"https:\/\/www.alternatievemiddelen.nl\/#organization\"},\"potentialAction\":[{\"@type\":\"SearchAction\",\"target\":{\"@type\":\"EntryPoint\",\"urlTemplate\":\"https:\/\/www.alternatievemiddelen.nl\/?s={search_term_string}\"},\"query-input\":{\"@type\":\"PropertyValueSpecification\",\"valueRequired\":true,\"valueName\":\"search_term_string\"}}],\"inLanguage\":\"es\"},{\"@type\":\"Organization\",\"@id\":\"https:\/\/www.alternatievemiddelen.nl\/#organization\",\"name\":\"Alternatievemiddelen.nl\",\"url\":\"https:\/\/www.alternatievemiddelen.nl\/\",\"logo\":{\"@type\":\"ImageObject\",\"inLanguage\":\"es\",\"@id\":\"https:\/\/www.alternatievemiddelen.nl\/#\/schema\/logo\/image\/\",\"url\":\"https:\/\/www.alternatievemiddelen.nl\/wp-content\/uploads\/2023\/10\/alternatievemiddelen-PNG-logo.png\",\"contentUrl\":\"https:\/\/www.alternatievemiddelen.nl\/wp-content\/uploads\/2023\/10\/alternatievemiddelen-PNG-logo.png\",\"width\":6400,\"height\":3062,\"caption\":\"Alternatievemiddelen.nl\"},\"image\":{\"@id\":\"https:\/\/www.alternatievemiddelen.nl\/#\/schema\/logo\/image\/\"}}]}<\/script>\n<!-- \/ Yoast SEO plugin. -->","yoast_head_json":{"title":"Metagenics Metarelax sachets 20 zakjes - Alternatievemiddelen.nl","description":"Metagenics Metarelax sachets 20 zakjes is een goed opneembaar magnesiumsupplement op basis van magnesiumglycerofosfaat, folaat, actieve B-vitamines en vitamine D3.","robots":{"index":"noindex","follow":"follow"},"og_locale":"es_ES","og_type":"article","og_title":"Metagenics Metarelax sachets 20 zakjes - Alternatievemiddelen.nl","og_description":"Metagenics Metarelax sachets 20 zakjes is een goed opneembaar magnesiumsupplement op basis van magnesiumglycerofosfaat, folaat, actieve B-vitamines en vitamine D3.","og_url":"https:\/\/www.alternatievemiddelen.nl\/es\/productos\/metagenics-metarelax-sobres-20-sobres\/","og_site_name":"Alternatievemiddelen.nl","article_modified_time":"2025-04-28T06:07:43+00:00","og_image":[{"width":600,"height":800,"url":"\/wp-content\/uploads\/2023\/12\/Metagenics-Metarelax-sachets-40-zakjes.jpg","type":"image\/jpeg"}],"twitter_card":"summary_large_image","twitter_misc":{"Tiempo de lectura":"2 minutos"},"schema":{"@context":"https:\/\/schema.org","@graph":[{"@type":["WebPage","ItemPage"],"@id":"https:\/\/www.alternatievemiddelen.nl\/producten\/metagenics-metarelax-sachets-20-zakjes\/","url":"https:\/\/www.alternatievemiddelen.nl\/producten\/metagenics-metarelax-sachets-20-zakjes\/","name":"Metagenics Metarelax sachets 20 zakjes - Alternatievemiddelen.nl","isPartOf":{"@id":"https:\/\/www.alternatievemiddelen.nl\/#website"},"primaryImageOfPage":{"@id":"https:\/\/www.alternatievemiddelen.nl\/producten\/metagenics-metarelax-sachets-20-zakjes\/#primaryimage"},"image":{"@id":"https:\/\/www.alternatievemiddelen.nl\/producten\/metagenics-metarelax-sachets-20-zakjes\/#primaryimage"},"thumbnailUrl":"https:\/\/www.alternatievemiddelen.nl\/wp-content\/uploads\/2023\/12\/Metagenics-Metarelax-sachets-40-zakjes.jpg","datePublished":"2024-02-27T07:45:38+00:00","dateModified":"2025-04-28T06:07:43+00:00","description":"Metagenics Metarelax sachets 20 zakjes is een goed opneembaar magnesiumsupplement op basis van magnesiumglycerofosfaat, folaat, actieve B-vitamines en vitamine D3.","breadcrumb":{"@id":"https:\/\/www.alternatievemiddelen.nl\/producten\/metagenics-metarelax-sachets-20-zakjes\/#breadcrumb"},"inLanguage":"es","potentialAction":[{"@type":"ReadAction","target":["https:\/\/www.alternatievemiddelen.nl\/producten\/metagenics-metarelax-sachets-20-zakjes\/"]}]},{"@type":"ImageObject","inLanguage":"es","@id":"https:\/\/www.alternatievemiddelen.nl\/producten\/metagenics-metarelax-sachets-20-zakjes\/#primaryimage","url":"https:\/\/www.alternatievemiddelen.nl\/wp-content\/uploads\/2023\/12\/Metagenics-Metarelax-sachets-40-zakjes.jpg","contentUrl":"https:\/\/www.alternatievemiddelen.nl\/wp-content\/uploads\/2023\/12\/Metagenics-Metarelax-sachets-40-zakjes.jpg","width":600,"height":800,"caption":"MetaRelax verpakking"},{"@type":"BreadcrumbList","@id":"https:\/\/www.alternatievemiddelen.nl\/producten\/metagenics-metarelax-sachets-20-zakjes\/#breadcrumb","itemListElement":[{"@type":"ListItem","position":1,"name":"Home","item":"https:\/\/www.alternatievemiddelen.nl\/"},{"@type":"ListItem","position":2,"name":"Producten","item":"https:\/\/www.alternatievemiddelen.nl\/producten\/"},{"@type":"ListItem","position":3,"name":"Metagenics Metarelax sachets 20 zakjes"}]},{"@type":"WebSite","@id":"https:\/\/www.alternatievemiddelen.nl\/#website","url":"https:\/\/www.alternatievemiddelen.nl\/","name":"Alternatievemiddelen.nl","description":"Webshop met gezonde, duurzame en ecologische alternatieve mogelijkheden in de hedendaagse levenstijl. Alles uit eigen ervaring.","publisher":{"@id":"https:\/\/www.alternatievemiddelen.nl\/#organization"},"potentialAction":[{"@type":"SearchAction","target":{"@type":"EntryPoint","urlTemplate":"https:\/\/www.alternatievemiddelen.nl\/?s={search_term_string}"},"query-input":{"@type":"PropertyValueSpecification","valueRequired":true,"valueName":"search_term_string"}}],"inLanguage":"es"},{"@type":"Organization","@id":"https:\/\/www.alternatievemiddelen.nl\/#organization","name":"Alternatievemiddelen.nl","url":"https:\/\/www.alternatievemiddelen.nl\/","logo":{"@type":"ImageObject","inLanguage":"es","@id":"https:\/\/www.alternatievemiddelen.nl\/#\/schema\/logo\/image\/","url":"https:\/\/www.alternatievemiddelen.nl\/wp-content\/uploads\/2023\/10\/alternatievemiddelen-PNG-logo.png","contentUrl":"https:\/\/www.alternatievemiddelen.nl\/wp-content\/uploads\/2023\/10\/alternatievemiddelen-PNG-logo.png","width":6400,"height":3062,"caption":"Alternatievemiddelen.nl"},"image":{"@id":"https:\/\/www.alternatievemiddelen.nl\/#\/schema\/logo\/image\/"}}]}},"_links":{"self":[{"href":"https:\/\/www.alternatievemiddelen.nl\/es\/wp-json\/wp\/v2\/product\/34538","targetHints":{"allow":["GET"]}}],"collection":[{"href":"https:\/\/www.alternatievemiddelen.nl\/es\/wp-json\/wp\/v2\/product"}],"about":[{"href":"https:\/\/www.alternatievemiddelen.nl\/es\/wp-json\/wp\/v2\/types\/product"}],"replies":[{"embeddable":true,"href":"https:\/\/www.alternatievemiddelen.nl\/es\/wp-json\/wp\/v2\/comments?post=34538"}],"wp:featuredmedia":[{"embeddable":true,"href":"https:\/\/www.alternatievemiddelen.nl\/es\/wp-json\/wp\/v2\/media\/31865"}],"wp:attachment":[{"href":"https:\/\/www.alternatievemiddelen.nl\/es\/wp-json\/wp\/v2\/media?parent=34538"}],"wp:term":[{"taxonomy":"product_brand","embeddable":true,"href":"https:\/\/www.alternatievemiddelen.nl\/es\/wp-json\/wp\/v2\/product_brand?post=34538"},{"taxonomy":"product_cat","embeddable":true,"href":"https:\/\/www.alternatievemiddelen.nl\/es\/wp-json\/wp\/v2\/product_cat?post=34538"},{"taxonomy":"product_tag","embeddable":true,"href":"https:\/\/www.alternatievemiddelen.nl\/es\/wp-json\/wp\/v2\/product_tag?post=34538"},{"taxonomy":"merk","embeddable":true,"href":"https:\/\/www.alternatievemiddelen.nl\/es\/wp-json\/wp\/v2\/merk?post=34538"}],"curies":[{"name":"wp","href":"https:\/\/api.w.org\/{rel}","templated":true}]}}