{"id":34551,"date":"2024-02-27T08:52:58","date_gmt":"2024-02-27T07:52:58","guid":{"rendered":"https:\/\/www.alternatievemiddelen.nl\/?post_type=product&#038;p=34551"},"modified":"2025-04-28T08:07:29","modified_gmt":"2025-04-28T06:07:29","slug":"orthica-enzym-complex","status":"publish","type":"product","link":"https:\/\/www.alternatievemiddelen.nl\/es\/productos\/complejo-enzimatico-orthica\/","title":{"rendered":"Orthica Complejo Enzim\u00e1tico 120 comprimidos"},"content":{"rendered":"<p>Orthica Enzyme Complex - Complejo enzim\u00e1tico con 4 tipos diferentes de enzimas. Contiene lipasa, alfa-amilasa, celulasa y proteasa.<\/p>\n<p>Con lipasa, amilasa, celulasa y proteasa.<\/p>\n<p>No contiene sacarosa, conservantes sint\u00e9ticos, colorantes, aromas ni fragancias sint\u00e9ticas.<\/p>\n<p>Apto para vegetarianos y veganos.<\/p>\n<p><u><b>Composici\u00f3n por dosis diaria de 1 comprimido:<\/b><\/u><\/p>\n<table>\n<tbody>\n<tr>\n<td>lipasa<\/td>\n<td>300 LU*<\/td>\n<\/tr>\n<tr>\n<td>alfa-amilasa<\/td>\n<td>40 FAU**<\/td>\n<\/tr>\n<tr>\n<td>celulasa<\/td>\n<td>17,5 UGM***<\/td>\n<\/tr>\n<tr>\n<td>proteasa<\/td>\n<td>0,006 AU-N****<\/td>\n<\/tr>\n<\/tbody>\n<\/table>\n<p>* LU = Unidades de Lipasa<br \/>\n** FAU = Unidades de amilasa f\u00fangica<br \/>\n*** UEG = Unidades de Endo Glucanasa<br \/>\n**** AU-N = Unidades Anson<\/p>\n<p><u><b>Ingredientes<\/b><\/u><br \/>\nRelleno (celulosa microcristalina), complejo alfa-amilasa, complejo proteasa, antiaglomerante (estearato de magnesio, di\u00f3xido de silicio), complejo celulasa (contiene harina de trigo), complejo lipasa (contiene harina de trigo).<\/p>\n<p><u><b>Utilice<\/b><\/u><br \/>\nComo mantenimiento, la dosis recomendada es de 1 comprimido al d\u00eda, tomado preferentemente antes o durante una comida.<\/p>\n<p>La dosis m\u00e1xima es de 6 comprimidos repartidos a lo largo del d\u00eda durante las comidas, salvo indicaci\u00f3n contraria.<\/p>\n<p>No utilizar durante el embarazo (cisnes) ni la lactancia.<\/p>\n<p>Almacenar en seco y a temperatura ambiente<\/p>\n<p>Este producto es un suplemento diet\u00e9tico.<\/p>\n<p>No superar la dosis recomendada.<\/p>\n<p>Una dieta variada y equilibrada y un estilo de vida sano son importantes. Un suplemento diet\u00e9tico no sustituye a una dieta variada.<\/p>\n<p>Mantener fuera del alcance de los ni\u00f1os peque\u00f1os.<\/p>\n<p>Cons\u00e9rvese seco, cerrado y a temperatura ambiente, salvo indicaci\u00f3n contraria en la etiqueta.<\/p>\n<p>Consulte a un experto antes de tomar suplementos en caso de embarazo, lactancia, uso de medicamentos y enfermedad.<\/p>","protected":false},"excerpt":{"rendered":"<p>Orthica Enzyme Complex - Complejo enzim\u00e1tico con 4 tipos diferentes de enzimas. Contiene lipasa, alfa-amilasa, celulasa y proteasa.<\/p>","protected":false},"featured_media":31043,"comment_status":"open","ping_status":"closed","template":"","meta":[],"product_brand":[],"product_cat":[2938],"product_tag":[3307,3308,3309],"merk":[3435],"class_list":{"0":"post-34551","1":"product","2":"type-product","3":"status-publish","4":"has-post-thumbnail","6":"product_cat-vitamines-mineralen-en-supplementen","7":"product_tag-enzym-complex","8":"product_tag-orthica","9":"product_tag-orthica-enzym-complex","10":"merk-orthica","12":"first","13":"outofstock","14":"taxable","15":"shipping-taxable","16":"purchasable","17":"product-type-simple"},"bundled_by":[],"bundle_stock_status":"outofstock","bundle_stock_quantity":0,"bundle_virtual":false,"bundle_layout":"","bundle_add_to_cart_form_location":"","bundle_editable_in_cart":false,"bundle_sold_individually_context":"","bundle_item_grouping":"","bundle_min_size":"","bundle_max_size":"","bundle_price":[],"bundled_items":[],"bundle_sell_ids":[],"yoast_head":"<!-- This site is optimized with the Yoast SEO plugin v26.1 - https:\/\/yoast.com\/wordpress\/plugins\/seo\/ -->\n<title>Orthica Enzym Complex 120 tabletten - Alternatievemiddelen.nl<\/title>\n<meta name=\"description\" content=\"Orthica Enzym Complex - Enzymcomplex met 4 verschillende soorten enzymen. Bevat lipase, alfa-amylase, cellulase en protease.\" \/>\n<meta name=\"robots\" content=\"noindex, follow\" \/>\n<meta property=\"og:locale\" content=\"es_ES\" \/>\n<meta property=\"og:type\" content=\"article\" \/>\n<meta property=\"og:title\" content=\"Orthica Enzym Complex 120 tabletten - Alternatievemiddelen.nl\" \/>\n<meta property=\"og:description\" content=\"Orthica Enzym Complex - Enzymcomplex met 4 verschillende soorten enzymen. Bevat lipase, alfa-amylase, cellulase en protease.\" \/>\n<meta property=\"og:url\" content=\"https:\/\/www.alternatievemiddelen.nl\/es\/productos\/complejo-enzimatico-orthica\/\" \/>\n<meta property=\"og:site_name\" content=\"Alternatievemiddelen.nl\" \/>\n<meta property=\"article:modified_time\" content=\"2025-04-28T06:07:29+00:00\" \/>\n<meta property=\"og:image\" content=\"\/wp-content\/uploads\/2023\/12\/Orthica-Enzym-Complex.jpg\" \/>\n\t<meta property=\"og:image:width\" content=\"600\" \/>\n\t<meta property=\"og:image:height\" content=\"800\" \/>\n\t<meta property=\"og:image:type\" content=\"image\/jpeg\" \/>\n<meta name=\"twitter:card\" content=\"summary_large_image\" \/>\n<meta name=\"twitter:label1\" content=\"Tiempo de lectura\" \/>\n\t<meta name=\"twitter:data1\" content=\"2 minutos\" \/>\n<script type=\"application\/ld+json\" class=\"yoast-schema-graph\">{\"@context\":\"https:\/\/schema.org\",\"@graph\":[{\"@type\":[\"WebPage\",\"ItemPage\"],\"@id\":\"https:\/\/www.alternatievemiddelen.nl\/producten\/orthica-enzym-complex\/\",\"url\":\"https:\/\/www.alternatievemiddelen.nl\/producten\/orthica-enzym-complex\/\",\"name\":\"Orthica Enzym Complex 120 tabletten - Alternatievemiddelen.nl\",\"isPartOf\":{\"@id\":\"https:\/\/www.alternatievemiddelen.nl\/#website\"},\"primaryImageOfPage\":{\"@id\":\"https:\/\/www.alternatievemiddelen.nl\/producten\/orthica-enzym-complex\/#primaryimage\"},\"image\":{\"@id\":\"https:\/\/www.alternatievemiddelen.nl\/producten\/orthica-enzym-complex\/#primaryimage\"},\"thumbnailUrl\":\"https:\/\/www.alternatievemiddelen.nl\/wp-content\/uploads\/2023\/12\/Orthica-Enzym-Complex.jpg\",\"datePublished\":\"2024-02-27T07:52:58+00:00\",\"dateModified\":\"2025-04-28T06:07:29+00:00\",\"description\":\"Orthica Enzym Complex - Enzymcomplex met 4 verschillende soorten enzymen. Bevat lipase, alfa-amylase, cellulase en protease.\",\"breadcrumb\":{\"@id\":\"https:\/\/www.alternatievemiddelen.nl\/producten\/orthica-enzym-complex\/#breadcrumb\"},\"inLanguage\":\"es\",\"potentialAction\":[{\"@type\":\"ReadAction\",\"target\":[\"https:\/\/www.alternatievemiddelen.nl\/producten\/orthica-enzym-complex\/\"]}]},{\"@type\":\"ImageObject\",\"inLanguage\":\"es\",\"@id\":\"https:\/\/www.alternatievemiddelen.nl\/producten\/orthica-enzym-complex\/#primaryimage\",\"url\":\"https:\/\/www.alternatievemiddelen.nl\/wp-content\/uploads\/2023\/12\/Orthica-Enzym-Complex.jpg\",\"contentUrl\":\"https:\/\/www.alternatievemiddelen.nl\/wp-content\/uploads\/2023\/12\/Orthica-Enzym-Complex.jpg\",\"width\":600,\"height\":800,\"caption\":\"Orthica Enzym Complex\"},{\"@type\":\"BreadcrumbList\",\"@id\":\"https:\/\/www.alternatievemiddelen.nl\/producten\/orthica-enzym-complex\/#breadcrumb\",\"itemListElement\":[{\"@type\":\"ListItem\",\"position\":1,\"name\":\"Home\",\"item\":\"https:\/\/www.alternatievemiddelen.nl\/\"},{\"@type\":\"ListItem\",\"position\":2,\"name\":\"Producten\",\"item\":\"https:\/\/www.alternatievemiddelen.nl\/producten\/\"},{\"@type\":\"ListItem\",\"position\":3,\"name\":\"Orthica Enzym Complex 120 tabletten\"}]},{\"@type\":\"WebSite\",\"@id\":\"https:\/\/www.alternatievemiddelen.nl\/#website\",\"url\":\"https:\/\/www.alternatievemiddelen.nl\/\",\"name\":\"Alternatievemiddelen.nl\",\"description\":\"Webshop met gezonde, duurzame en ecologische alternatieve mogelijkheden in de hedendaagse levenstijl. Alles uit eigen ervaring.\",\"publisher\":{\"@id\":\"https:\/\/www.alternatievemiddelen.nl\/#organization\"},\"potentialAction\":[{\"@type\":\"SearchAction\",\"target\":{\"@type\":\"EntryPoint\",\"urlTemplate\":\"https:\/\/www.alternatievemiddelen.nl\/?s={search_term_string}\"},\"query-input\":{\"@type\":\"PropertyValueSpecification\",\"valueRequired\":true,\"valueName\":\"search_term_string\"}}],\"inLanguage\":\"es\"},{\"@type\":\"Organization\",\"@id\":\"https:\/\/www.alternatievemiddelen.nl\/#organization\",\"name\":\"Alternatievemiddelen.nl\",\"url\":\"https:\/\/www.alternatievemiddelen.nl\/\",\"logo\":{\"@type\":\"ImageObject\",\"inLanguage\":\"es\",\"@id\":\"https:\/\/www.alternatievemiddelen.nl\/#\/schema\/logo\/image\/\",\"url\":\"https:\/\/www.alternatievemiddelen.nl\/wp-content\/uploads\/2023\/10\/alternatievemiddelen-PNG-logo.png\",\"contentUrl\":\"https:\/\/www.alternatievemiddelen.nl\/wp-content\/uploads\/2023\/10\/alternatievemiddelen-PNG-logo.png\",\"width\":6400,\"height\":3062,\"caption\":\"Alternatievemiddelen.nl\"},\"image\":{\"@id\":\"https:\/\/www.alternatievemiddelen.nl\/#\/schema\/logo\/image\/\"}}]}<\/script>\n<!-- \/ Yoast SEO plugin. -->","yoast_head_json":{"title":"Orthica Enzym Complex 120 tabletten - Alternatievemiddelen.nl","description":"Orthica Enzym Complex - Enzymcomplex met 4 verschillende soorten enzymen. Bevat lipase, alfa-amylase, cellulase en protease.","robots":{"index":"noindex","follow":"follow"},"og_locale":"es_ES","og_type":"article","og_title":"Orthica Enzym Complex 120 tabletten - Alternatievemiddelen.nl","og_description":"Orthica Enzym Complex - Enzymcomplex met 4 verschillende soorten enzymen. Bevat lipase, alfa-amylase, cellulase en protease.","og_url":"https:\/\/www.alternatievemiddelen.nl\/es\/productos\/complejo-enzimatico-orthica\/","og_site_name":"Alternatievemiddelen.nl","article_modified_time":"2025-04-28T06:07:29+00:00","og_image":[{"width":600,"height":800,"url":"\/wp-content\/uploads\/2023\/12\/Orthica-Enzym-Complex.jpg","type":"image\/jpeg"}],"twitter_card":"summary_large_image","twitter_misc":{"Tiempo de lectura":"2 minutos"},"schema":{"@context":"https:\/\/schema.org","@graph":[{"@type":["WebPage","ItemPage"],"@id":"https:\/\/www.alternatievemiddelen.nl\/producten\/orthica-enzym-complex\/","url":"https:\/\/www.alternatievemiddelen.nl\/producten\/orthica-enzym-complex\/","name":"Orthica Enzym Complex 120 tabletten - Alternatievemiddelen.nl","isPartOf":{"@id":"https:\/\/www.alternatievemiddelen.nl\/#website"},"primaryImageOfPage":{"@id":"https:\/\/www.alternatievemiddelen.nl\/producten\/orthica-enzym-complex\/#primaryimage"},"image":{"@id":"https:\/\/www.alternatievemiddelen.nl\/producten\/orthica-enzym-complex\/#primaryimage"},"thumbnailUrl":"https:\/\/www.alternatievemiddelen.nl\/wp-content\/uploads\/2023\/12\/Orthica-Enzym-Complex.jpg","datePublished":"2024-02-27T07:52:58+00:00","dateModified":"2025-04-28T06:07:29+00:00","description":"Orthica Enzym Complex - Enzymcomplex met 4 verschillende soorten enzymen. Bevat lipase, alfa-amylase, cellulase en protease.","breadcrumb":{"@id":"https:\/\/www.alternatievemiddelen.nl\/producten\/orthica-enzym-complex\/#breadcrumb"},"inLanguage":"es","potentialAction":[{"@type":"ReadAction","target":["https:\/\/www.alternatievemiddelen.nl\/producten\/orthica-enzym-complex\/"]}]},{"@type":"ImageObject","inLanguage":"es","@id":"https:\/\/www.alternatievemiddelen.nl\/producten\/orthica-enzym-complex\/#primaryimage","url":"https:\/\/www.alternatievemiddelen.nl\/wp-content\/uploads\/2023\/12\/Orthica-Enzym-Complex.jpg","contentUrl":"https:\/\/www.alternatievemiddelen.nl\/wp-content\/uploads\/2023\/12\/Orthica-Enzym-Complex.jpg","width":600,"height":800,"caption":"Orthica Enzym Complex"},{"@type":"BreadcrumbList","@id":"https:\/\/www.alternatievemiddelen.nl\/producten\/orthica-enzym-complex\/#breadcrumb","itemListElement":[{"@type":"ListItem","position":1,"name":"Home","item":"https:\/\/www.alternatievemiddelen.nl\/"},{"@type":"ListItem","position":2,"name":"Producten","item":"https:\/\/www.alternatievemiddelen.nl\/producten\/"},{"@type":"ListItem","position":3,"name":"Orthica Enzym Complex 120 tabletten"}]},{"@type":"WebSite","@id":"https:\/\/www.alternatievemiddelen.nl\/#website","url":"https:\/\/www.alternatievemiddelen.nl\/","name":"Alternatievemiddelen.nl","description":"Webshop met gezonde, duurzame en ecologische alternatieve mogelijkheden in de hedendaagse levenstijl. Alles uit eigen ervaring.","publisher":{"@id":"https:\/\/www.alternatievemiddelen.nl\/#organization"},"potentialAction":[{"@type":"SearchAction","target":{"@type":"EntryPoint","urlTemplate":"https:\/\/www.alternatievemiddelen.nl\/?s={search_term_string}"},"query-input":{"@type":"PropertyValueSpecification","valueRequired":true,"valueName":"search_term_string"}}],"inLanguage":"es"},{"@type":"Organization","@id":"https:\/\/www.alternatievemiddelen.nl\/#organization","name":"Alternatievemiddelen.nl","url":"https:\/\/www.alternatievemiddelen.nl\/","logo":{"@type":"ImageObject","inLanguage":"es","@id":"https:\/\/www.alternatievemiddelen.nl\/#\/schema\/logo\/image\/","url":"https:\/\/www.alternatievemiddelen.nl\/wp-content\/uploads\/2023\/10\/alternatievemiddelen-PNG-logo.png","contentUrl":"https:\/\/www.alternatievemiddelen.nl\/wp-content\/uploads\/2023\/10\/alternatievemiddelen-PNG-logo.png","width":6400,"height":3062,"caption":"Alternatievemiddelen.nl"},"image":{"@id":"https:\/\/www.alternatievemiddelen.nl\/#\/schema\/logo\/image\/"}}]}},"_links":{"self":[{"href":"https:\/\/www.alternatievemiddelen.nl\/es\/wp-json\/wp\/v2\/product\/34551","targetHints":{"allow":["GET"]}}],"collection":[{"href":"https:\/\/www.alternatievemiddelen.nl\/es\/wp-json\/wp\/v2\/product"}],"about":[{"href":"https:\/\/www.alternatievemiddelen.nl\/es\/wp-json\/wp\/v2\/types\/product"}],"replies":[{"embeddable":true,"href":"https:\/\/www.alternatievemiddelen.nl\/es\/wp-json\/wp\/v2\/comments?post=34551"}],"wp:featuredmedia":[{"embeddable":true,"href":"https:\/\/www.alternatievemiddelen.nl\/es\/wp-json\/wp\/v2\/media\/31043"}],"wp:attachment":[{"href":"https:\/\/www.alternatievemiddelen.nl\/es\/wp-json\/wp\/v2\/media?parent=34551"}],"wp:term":[{"taxonomy":"product_brand","embeddable":true,"href":"https:\/\/www.alternatievemiddelen.nl\/es\/wp-json\/wp\/v2\/product_brand?post=34551"},{"taxonomy":"product_cat","embeddable":true,"href":"https:\/\/www.alternatievemiddelen.nl\/es\/wp-json\/wp\/v2\/product_cat?post=34551"},{"taxonomy":"product_tag","embeddable":true,"href":"https:\/\/www.alternatievemiddelen.nl\/es\/wp-json\/wp\/v2\/product_tag?post=34551"},{"taxonomy":"merk","embeddable":true,"href":"https:\/\/www.alternatievemiddelen.nl\/es\/wp-json\/wp\/v2\/merk?post=34551"}],"curies":[{"name":"wp","href":"https:\/\/api.w.org\/{rel}","templated":true}]}}