{"id":34555,"date":"2024-02-27T08:53:00","date_gmt":"2024-02-27T07:53:00","guid":{"rendered":"https:\/\/www.alternatievemiddelen.nl\/?post_type=product&#038;p=34555"},"modified":"2025-08-07T06:38:23","modified_gmt":"2025-08-07T04:38:23","slug":"proone-g3-0-7-waterfilter-element","status":"publish","type":"product","link":"https:\/\/www.alternatievemiddelen.nl\/es\/productos\/proone-g3-0-7-elemento-filtrante-de-agua\/","title":{"rendered":"ProOne G3.0 7\u2033 Elemento filtrante de agua"},"content":{"rendered":"<p>Elemento filtrante de agua ProOne G3.0 7\u2033 - Los elementos filtrantes de agua ProOne G3.0 son elementos de filtraci\u00f3n por gravedad que cuentan con la certificaci\u00f3n l\u00edder NSF\/ANSI-42. \u00a1Tienen un excelente rendimiento en la reducci\u00f3n de m\u00e1s de 200 contaminantes, incluyendo metales pesados, fluoruro, pesticidas, herbicidas, cloro, cloraminas, bacterias, productos farmac\u00e9uticos y mucho m\u00e1s! Ideales para su uso con agua del grifo y la mayor\u00eda de las fuentes naturales de agua potable (incluida el agua de lagos, r\u00edos, arroyos, estanques y agua de lluvia).<br \/>\n&nbsp;<\/p>\n<h4>Elementos filtrantes de agua ProOne G3.0 con certificaci\u00f3n NSF<\/h4>\n<p>El elemento filtrante de agua ProOne G3.0 7\u2033 cuenta con la certificaci\u00f3n NSF (NSF\/ANSI 42) y ha sido probado por un laboratorio independiente conforme a las normas NSF\/ANSI 42, 53, P231, P401 y P473. Consulte la <a href=\"https:\/\/www.alternatievemiddelen.nl\/wp-content\/uploads\/2023\/05\/ProOne-G2-0-waterfilter-elementen_testrapport.pdf\" target=\"_blank\" rel=\"noopener\">informe de laboratorio<\/a> para m\u00e1s detalles y el <a href=\"\/wp-content\/uploads\/2024\/10\/ProOne-G3-0-waterfilter-elementen_certificaat-NSF-ANSI-42.pdf\" target=\"_blank\" rel=\"noopener\">certificado<\/a>.<br \/>\n&nbsp;<\/p>\n<h4>Caracter\u00edsticas ProOne G3.0 7\u2033 elemento filtrante de agua:<\/h4>\n<ul>\n<li>Tecnolog\u00eda de filtrado \"todo en uno\": NO se necesitan filtros adicionales para, por ejemplo, reducir el fl\u00faor.<\/li>\n<li>Cubierta exterior de cer\u00e1mica antibacteriana infundida y medios sueltos patentados a base de carb\u00f3n activado en el n\u00facleo del filtro.<\/li>\n<li>No es necesario preparar el producto para su uso.<\/li>\n<li>Se puede limpiar y reutilizar. Puede guardarse en un lugar fresco y seco cuando no se utiliza. Por lo tanto, no necesita permanecer h\u00famedo (saturado) cuando no se utiliza.<\/li>\n<li>Disponible en 4 variantes diferentes<\/li>\n<li>Ver independientes <a href=\"https:\/\/www.alternatievemiddelen.nl\/wp-content\/uploads\/2023\/05\/ProOne-G2-0-waterfilter-elementen_testrapport.pdf\" target=\"_blank\" rel=\"noopener\">informe de laboratorio<\/a>Probado seg\u00fan las normas NSF\/ANSI 42, 53, P231, P401 y P473<\/li>\n<li>Puede contener coco<\/li>\n<li>Conserva los minerales sanos y buenos que el cuerpo necesita en el agua<\/li>\n<li>Tama\u00f1o: 17 cm<\/li>\n<li>Vida \u00fatil: aprox. 3.400 litros o 6 meses por elemento filtrante, es decir, con 1 elemento filtrante 6 meses, con 2 elementos filtrantes 12 meses y con 3 elementos filtrantes incluso 18 meses.<\/li>\n<\/ul>\n<p>&nbsp;<\/p>\n<h4>Todos los elementos filtrantes de agua ProOne en fila, tambi\u00e9n aptos para otras marcas de filtros de agua<\/h4>\n<p>Los elementos filtrantes ProOne est\u00e1n disponibles en 4 variantes diferentes:<br \/>\n&#8211; <a href=\"https:\/\/www.alternatievemiddelen.nl\/es\/productos\/proone-g3-0-m-elemento-filtrante-de-agua\/\">ProOne G3.0 M elemento filtrante de agua<\/a> (para <a href=\"https:\/\/www.alternatievemiddelen.nl\/es\/productos\/jarra-con-filtro-de-agua-proone\/\">Jarra con filtro de agua ProOne<\/a> y <a href=\"https:\/\/www.alternatievemiddelen.nl\/es\/productos\/filtro-de-agua-proone-scout-ii\/\">Filtro de agua ProOne Scout II<\/a>)<br \/>\n&#8211; <a href=\"https:\/\/www.alternatievemiddelen.nl\/es\/productos\/proone-g3-0-5-elemento-filtrante-de-agua\/\">ProOne G3.0 Elemento filtrante de agua de 5\u2033.<\/a> (principalmente para ProOne Traveler+ <a href=\"https:\/\/www.alternatievemiddelen.nl\/es\/productos\/filtro-de-agua-proone-traveler-pulido\/\">pulido<\/a> o <a href=\"https:\/\/www.alternatievemiddelen.nl\/es\/productos\/filtro-de-agua-proone-traveler-cepillado\/\">cepillado<\/a> y <a href=\"https:\/\/www.alternatievemiddelen.nl\/es\/productos\/filtro-de-agua-proone-big-ii\/\">Big II<\/a> filtros de agua)<br \/>\n&#8211; <a href=\"https:\/\/www.alternatievemiddelen.nl\/es\/productos\/proone-g3-0-7-elemento-filtrante-de-agua\/\">ProOne G3.0 Elemento filtrante de agua de 7\u2033.<\/a> (principalmente para ProOne Traveler+ <a href=\"https:\/\/www.alternatievemiddelen.nl\/es\/productos\/filtro-de-agua-proone-traveler-pulido\/\">pulido<\/a> o <a href=\"https:\/\/www.alternatievemiddelen.nl\/es\/productos\/filtro-de-agua-proone-traveler-cepillado\/\">cepillado<\/a>ProOne Big+ <a href=\"https:\/\/www.alternatievemiddelen.nl\/es\/productos\/filtro-de-agua-proone-big-pulido\/\">pulido<\/a> o <a href=\"https:\/\/www.alternatievemiddelen.nl\/es\/productos\/filtro-de-agua-proone-big-cepillado\/\">cepillado<\/a> y <a href=\"https:\/\/www.alternatievemiddelen.nl\/es\/productos\/filtro-de-agua-proone-big-ii\/\">Big II<\/a> filtros de agua)<br \/>\n&#8211; <a href=\"https:\/\/www.alternatievemiddelen.nl\/es\/productos\/proone-g3-0-9-elemento-filtrante-de-agua\/\">ProOne G3.0 9\u2033 elemento filtrante de agua<\/a> (principalmente para ProOne Big+ <a href=\"https:\/\/www.alternatievemiddelen.nl\/es\/productos\/filtro-de-agua-proone-big-pulido\/\">pulido<\/a> o <a href=\"https:\/\/www.alternatievemiddelen.nl\/es\/productos\/filtro-de-agua-proone-big-cepillado\/\">cepillado<\/a> filtros de agua)<\/p>\n<p>As\u00ed que se adaptan a todos los sistemas de filtro de agua ProOne y tambi\u00e9n a la mayor\u00eda de las otras marcas de filtros de agua por gravedad (incluyendo Berkey y British Berkefeld).<br \/>\n&nbsp;<\/p>\n<h4>Instalaci\u00f3n, limpieza y sustituci\u00f3n<\/h4>\n<p>Los elementos filtrantes ProOne G3.0 son f\u00e1ciles de instalar, utilizar y limpiar. No requieren cebado y no se necesitan filtros adicionales para eliminar el fl\u00faor. Adem\u00e1s, el periodo de sustituci\u00f3n depende del n\u00famero de elementos filtrantes que tenga en uso. Por ello, le remitimos a nuestro <a href=\"https:\/\/www.alternatievemiddelen.nl\/es\/la-biblioteca\/\">biblioteca<\/a>que incluye manuales, v\u00eddeos de instrucciones y respuestas a las preguntas m\u00e1s frecuentes.<br \/>\n&nbsp;<\/p>\n<h4><b>-&gt; Tambi\u00e9n puede colocar este elemento filtrante en un filtro de agua Berkey y\/o en un filtro de agua British Berkefeld.<\/b><\/h4>\n<p>&nbsp;<\/p>","protected":false},"excerpt":{"rendered":"<p>El elemento filtrante de agua ProOne G3.0 7\u2033, con certificaci\u00f3n NSF - \u00a1Ideal para los filtros de agua ProOne Traveler+, Big II y Big+ y otras marcas de filtros de agua!<\/p>","protected":false},"featured_media":46662,"comment_status":"open","ping_status":"closed","template":"","meta":[],"product_brand":[],"product_cat":[2971,3099],"product_tag":[3008,3100,2976,3312,3232,3320,2967,2885,2979,3012,2980,3101],"merk":[3449],"class_list":{"0":"post-34555","1":"product","2":"type-product","3":"status-publish","4":"has-post-thumbnail","6":"product_cat-waterfilters","7":"product_cat-waterfilter-elementen","8":"product_tag-drinkwater","9":"product_tag-elementen","10":"product_tag-filterelement","11":"product_tag-g2-0","12":"product_tag-proone","13":"product_tag-proone-g2-0-7","14":"product_tag-schoon","15":"product_tag-water","16":"product_tag-waterfilter","17":"product_tag-waterfilters","18":"product_tag-waterzuivering","19":"product_tag-zuiverelementen","20":"merk-proone","22":"first","23":"outofstock","24":"taxable","25":"shipping-taxable","26":"purchasable","27":"product-type-simple"},"bundled_by":[],"bundle_stock_status":"outofstock","bundle_stock_quantity":0,"bundle_virtual":false,"bundle_layout":"","bundle_add_to_cart_form_location":"","bundle_editable_in_cart":false,"bundle_sold_individually_context":"","bundle_item_grouping":"","bundle_min_size":"","bundle_max_size":"","bundle_price":[],"bundled_items":[],"bundle_sell_ids":[44176],"yoast_head":"<!-- This site is optimized with the Yoast SEO plugin v26.1 - https:\/\/yoast.com\/wordpress\/plugins\/seo\/ -->\n<title>ProOne G3.0 7&quot; Waterfilter Element - Alternatievemiddelen.nl<\/title>\n<meta name=\"description\" content=\"Het ProOne G3.0 7&quot; waterfilter element, NSF-gecertificeerd - Ideaal voor voor ProOne Traveler+, Big II en Big+ waterfilters en andere merken waterfilters!\" \/>\n<meta name=\"robots\" content=\"index, follow, max-snippet:-1, max-image-preview:large, max-video-preview:-1\" \/>\n<link rel=\"canonical\" href=\"https:\/\/www.alternatievemiddelen.nl\/es\/wp-json\/wp\/v2\/product\/34555\" \/>\n<meta property=\"og:locale\" content=\"es_ES\" \/>\n<meta property=\"og:type\" content=\"article\" \/>\n<meta property=\"og:title\" content=\"ProOne G3.0 7&quot; Waterfilter Element - Alternatievemiddelen.nl\" \/>\n<meta property=\"og:description\" content=\"Het ProOne G3.0 7&quot; waterfilter element, NSF-gecertificeerd - Ideaal voor voor ProOne Traveler+, Big II en Big+ waterfilters en andere merken waterfilters!\" \/>\n<meta property=\"og:url\" content=\"https:\/\/www.alternatievemiddelen.nl\/es\/productos\/proone-g3-0-7-elemento-filtrante-de-agua\/\" \/>\n<meta property=\"og:site_name\" content=\"Alternatievemiddelen.nl\" \/>\n<meta property=\"article:modified_time\" content=\"2025-08-07T04:38:23+00:00\" \/>\n<meta property=\"og:image\" content=\"\/wp-content\/uploads\/2024\/02\/ProOne-G3-0-7-inch-waterfilter-element.jpg\" \/>\n\t<meta property=\"og:image:width\" content=\"600\" \/>\n\t<meta property=\"og:image:height\" content=\"800\" \/>\n\t<meta property=\"og:image:type\" content=\"image\/jpeg\" \/>\n<meta name=\"twitter:card\" content=\"summary_large_image\" \/>\n<meta name=\"twitter:label1\" content=\"Tiempo de lectura\" \/>\n\t<meta name=\"twitter:data1\" content=\"3 minutos\" \/>\n<script type=\"application\/ld+json\" class=\"yoast-schema-graph\">{\"@context\":\"https:\/\/schema.org\",\"@graph\":[{\"@type\":[\"WebPage\",\"ItemPage\"],\"@id\":\"https:\/\/www.alternatievemiddelen.nl\/producten\/proone-g3-0-7-waterfilter-element\/\",\"url\":\"https:\/\/www.alternatievemiddelen.nl\/producten\/proone-g3-0-7-waterfilter-element\/\",\"name\":\"ProOne G3.0 7\\\" Waterfilter Element - Alternatievemiddelen.nl\",\"isPartOf\":{\"@id\":\"https:\/\/www.alternatievemiddelen.nl\/#website\"},\"primaryImageOfPage\":{\"@id\":\"https:\/\/www.alternatievemiddelen.nl\/producten\/proone-g3-0-7-waterfilter-element\/#primaryimage\"},\"image\":{\"@id\":\"https:\/\/www.alternatievemiddelen.nl\/producten\/proone-g3-0-7-waterfilter-element\/#primaryimage\"},\"thumbnailUrl\":\"https:\/\/www.alternatievemiddelen.nl\/wp-content\/uploads\/2024\/02\/ProOne-G3-0-7-inch-waterfilter-element.jpg\",\"datePublished\":\"2024-02-27T07:53:00+00:00\",\"dateModified\":\"2025-08-07T04:38:23+00:00\",\"description\":\"Het ProOne G3.0 7\\\" waterfilter element, NSF-gecertificeerd - Ideaal voor voor ProOne Traveler+, Big II en Big+ waterfilters en andere merken waterfilters!\",\"breadcrumb\":{\"@id\":\"https:\/\/www.alternatievemiddelen.nl\/producten\/proone-g3-0-7-waterfilter-element\/#breadcrumb\"},\"inLanguage\":\"es\",\"potentialAction\":[{\"@type\":\"ReadAction\",\"target\":[\"https:\/\/www.alternatievemiddelen.nl\/producten\/proone-g3-0-7-waterfilter-element\/\"]}]},{\"@type\":\"ImageObject\",\"inLanguage\":\"es\",\"@id\":\"https:\/\/www.alternatievemiddelen.nl\/producten\/proone-g3-0-7-waterfilter-element\/#primaryimage\",\"url\":\"https:\/\/www.alternatievemiddelen.nl\/wp-content\/uploads\/2024\/02\/ProOne-G3-0-7-inch-waterfilter-element.jpg\",\"contentUrl\":\"https:\/\/www.alternatievemiddelen.nl\/wp-content\/uploads\/2024\/02\/ProOne-G3-0-7-inch-waterfilter-element.jpg\",\"width\":600,\"height\":800,\"caption\":\"ProOne G3.0 7 inch waterfilter element\"},{\"@type\":\"BreadcrumbList\",\"@id\":\"https:\/\/www.alternatievemiddelen.nl\/producten\/proone-g3-0-7-waterfilter-element\/#breadcrumb\",\"itemListElement\":[{\"@type\":\"ListItem\",\"position\":1,\"name\":\"Home\",\"item\":\"https:\/\/www.alternatievemiddelen.nl\/\"},{\"@type\":\"ListItem\",\"position\":2,\"name\":\"Producten\",\"item\":\"https:\/\/www.alternatievemiddelen.nl\/producten\/\"},{\"@type\":\"ListItem\",\"position\":3,\"name\":\"ProOne G3.0 7&#8243; Waterfilter Element\"}]},{\"@type\":\"WebSite\",\"@id\":\"https:\/\/www.alternatievemiddelen.nl\/#website\",\"url\":\"https:\/\/www.alternatievemiddelen.nl\/\",\"name\":\"Alternatievemiddelen.nl\",\"description\":\"Webshop met gezonde, duurzame en ecologische alternatieve mogelijkheden in de hedendaagse levenstijl. Alles uit eigen ervaring.\",\"publisher\":{\"@id\":\"https:\/\/www.alternatievemiddelen.nl\/#organization\"},\"potentialAction\":[{\"@type\":\"SearchAction\",\"target\":{\"@type\":\"EntryPoint\",\"urlTemplate\":\"https:\/\/www.alternatievemiddelen.nl\/?s={search_term_string}\"},\"query-input\":{\"@type\":\"PropertyValueSpecification\",\"valueRequired\":true,\"valueName\":\"search_term_string\"}}],\"inLanguage\":\"es\"},{\"@type\":\"Organization\",\"@id\":\"https:\/\/www.alternatievemiddelen.nl\/#organization\",\"name\":\"Alternatievemiddelen.nl\",\"url\":\"https:\/\/www.alternatievemiddelen.nl\/\",\"logo\":{\"@type\":\"ImageObject\",\"inLanguage\":\"es\",\"@id\":\"https:\/\/www.alternatievemiddelen.nl\/#\/schema\/logo\/image\/\",\"url\":\"https:\/\/www.alternatievemiddelen.nl\/wp-content\/uploads\/2023\/10\/alternatievemiddelen-PNG-logo.png\",\"contentUrl\":\"https:\/\/www.alternatievemiddelen.nl\/wp-content\/uploads\/2023\/10\/alternatievemiddelen-PNG-logo.png\",\"width\":6400,\"height\":3062,\"caption\":\"Alternatievemiddelen.nl\"},\"image\":{\"@id\":\"https:\/\/www.alternatievemiddelen.nl\/#\/schema\/logo\/image\/\"}}]}<\/script>\n<!-- \/ Yoast SEO plugin. -->","yoast_head_json":{"title":"ProOne G3.0 7\" Waterfilter Element - Alternatievemiddelen.nl","description":"Het ProOne G3.0 7\" waterfilter element, NSF-gecertificeerd - Ideaal voor voor ProOne Traveler+, Big II en Big+ waterfilters en andere merken waterfilters!","robots":{"index":"index","follow":"follow","max-snippet":"max-snippet:-1","max-image-preview":"max-image-preview:large","max-video-preview":"max-video-preview:-1"},"canonical":"https:\/\/www.alternatievemiddelen.nl\/es\/wp-json\/wp\/v2\/product\/34555","og_locale":"es_ES","og_type":"article","og_title":"ProOne G3.0 7\" Waterfilter Element - Alternatievemiddelen.nl","og_description":"Het ProOne G3.0 7\" waterfilter element, NSF-gecertificeerd - Ideaal voor voor ProOne Traveler+, Big II en Big+ waterfilters en andere merken waterfilters!","og_url":"https:\/\/www.alternatievemiddelen.nl\/es\/productos\/proone-g3-0-7-elemento-filtrante-de-agua\/","og_site_name":"Alternatievemiddelen.nl","article_modified_time":"2025-08-07T04:38:23+00:00","og_image":[{"width":600,"height":800,"url":"\/wp-content\/uploads\/2024\/02\/ProOne-G3-0-7-inch-waterfilter-element.jpg","type":"image\/jpeg"}],"twitter_card":"summary_large_image","twitter_misc":{"Tiempo de lectura":"3 minutos"},"schema":{"@context":"https:\/\/schema.org","@graph":[{"@type":["WebPage","ItemPage"],"@id":"https:\/\/www.alternatievemiddelen.nl\/producten\/proone-g3-0-7-waterfilter-element\/","url":"https:\/\/www.alternatievemiddelen.nl\/producten\/proone-g3-0-7-waterfilter-element\/","name":"ProOne G3.0 7\" Waterfilter Element - Alternatievemiddelen.nl","isPartOf":{"@id":"https:\/\/www.alternatievemiddelen.nl\/#website"},"primaryImageOfPage":{"@id":"https:\/\/www.alternatievemiddelen.nl\/producten\/proone-g3-0-7-waterfilter-element\/#primaryimage"},"image":{"@id":"https:\/\/www.alternatievemiddelen.nl\/producten\/proone-g3-0-7-waterfilter-element\/#primaryimage"},"thumbnailUrl":"https:\/\/www.alternatievemiddelen.nl\/wp-content\/uploads\/2024\/02\/ProOne-G3-0-7-inch-waterfilter-element.jpg","datePublished":"2024-02-27T07:53:00+00:00","dateModified":"2025-08-07T04:38:23+00:00","description":"Het ProOne G3.0 7\" waterfilter element, NSF-gecertificeerd - Ideaal voor voor ProOne Traveler+, Big II en Big+ waterfilters en andere merken waterfilters!","breadcrumb":{"@id":"https:\/\/www.alternatievemiddelen.nl\/producten\/proone-g3-0-7-waterfilter-element\/#breadcrumb"},"inLanguage":"es","potentialAction":[{"@type":"ReadAction","target":["https:\/\/www.alternatievemiddelen.nl\/producten\/proone-g3-0-7-waterfilter-element\/"]}]},{"@type":"ImageObject","inLanguage":"es","@id":"https:\/\/www.alternatievemiddelen.nl\/producten\/proone-g3-0-7-waterfilter-element\/#primaryimage","url":"https:\/\/www.alternatievemiddelen.nl\/wp-content\/uploads\/2024\/02\/ProOne-G3-0-7-inch-waterfilter-element.jpg","contentUrl":"https:\/\/www.alternatievemiddelen.nl\/wp-content\/uploads\/2024\/02\/ProOne-G3-0-7-inch-waterfilter-element.jpg","width":600,"height":800,"caption":"ProOne G3.0 7 inch waterfilter element"},{"@type":"BreadcrumbList","@id":"https:\/\/www.alternatievemiddelen.nl\/producten\/proone-g3-0-7-waterfilter-element\/#breadcrumb","itemListElement":[{"@type":"ListItem","position":1,"name":"Home","item":"https:\/\/www.alternatievemiddelen.nl\/"},{"@type":"ListItem","position":2,"name":"Producten","item":"https:\/\/www.alternatievemiddelen.nl\/producten\/"},{"@type":"ListItem","position":3,"name":"ProOne G3.0 7&#8243; Waterfilter Element"}]},{"@type":"WebSite","@id":"https:\/\/www.alternatievemiddelen.nl\/#website","url":"https:\/\/www.alternatievemiddelen.nl\/","name":"Alternatievemiddelen.nl","description":"Webshop met gezonde, duurzame en ecologische alternatieve mogelijkheden in de hedendaagse levenstijl. Alles uit eigen ervaring.","publisher":{"@id":"https:\/\/www.alternatievemiddelen.nl\/#organization"},"potentialAction":[{"@type":"SearchAction","target":{"@type":"EntryPoint","urlTemplate":"https:\/\/www.alternatievemiddelen.nl\/?s={search_term_string}"},"query-input":{"@type":"PropertyValueSpecification","valueRequired":true,"valueName":"search_term_string"}}],"inLanguage":"es"},{"@type":"Organization","@id":"https:\/\/www.alternatievemiddelen.nl\/#organization","name":"Alternatievemiddelen.nl","url":"https:\/\/www.alternatievemiddelen.nl\/","logo":{"@type":"ImageObject","inLanguage":"es","@id":"https:\/\/www.alternatievemiddelen.nl\/#\/schema\/logo\/image\/","url":"https:\/\/www.alternatievemiddelen.nl\/wp-content\/uploads\/2023\/10\/alternatievemiddelen-PNG-logo.png","contentUrl":"https:\/\/www.alternatievemiddelen.nl\/wp-content\/uploads\/2023\/10\/alternatievemiddelen-PNG-logo.png","width":6400,"height":3062,"caption":"Alternatievemiddelen.nl"},"image":{"@id":"https:\/\/www.alternatievemiddelen.nl\/#\/schema\/logo\/image\/"}}]}},"_links":{"self":[{"href":"https:\/\/www.alternatievemiddelen.nl\/es\/wp-json\/wp\/v2\/product\/34555","targetHints":{"allow":["GET"]}}],"collection":[{"href":"https:\/\/www.alternatievemiddelen.nl\/es\/wp-json\/wp\/v2\/product"}],"about":[{"href":"https:\/\/www.alternatievemiddelen.nl\/es\/wp-json\/wp\/v2\/types\/product"}],"replies":[{"embeddable":true,"href":"https:\/\/www.alternatievemiddelen.nl\/es\/wp-json\/wp\/v2\/comments?post=34555"}],"wp:featuredmedia":[{"embeddable":true,"href":"https:\/\/www.alternatievemiddelen.nl\/es\/wp-json\/wp\/v2\/media\/46662"}],"wp:attachment":[{"href":"https:\/\/www.alternatievemiddelen.nl\/es\/wp-json\/wp\/v2\/media?parent=34555"}],"wp:term":[{"taxonomy":"product_brand","embeddable":true,"href":"https:\/\/www.alternatievemiddelen.nl\/es\/wp-json\/wp\/v2\/product_brand?post=34555"},{"taxonomy":"product_cat","embeddable":true,"href":"https:\/\/www.alternatievemiddelen.nl\/es\/wp-json\/wp\/v2\/product_cat?post=34555"},{"taxonomy":"product_tag","embeddable":true,"href":"https:\/\/www.alternatievemiddelen.nl\/es\/wp-json\/wp\/v2\/product_tag?post=34555"},{"taxonomy":"merk","embeddable":true,"href":"https:\/\/www.alternatievemiddelen.nl\/es\/wp-json\/wp\/v2\/merk?post=34555"}],"curies":[{"name":"wp","href":"https:\/\/api.w.org\/{rel}","templated":true}]}}