{"id":34565,"date":"2024-02-27T08:53:28","date_gmt":"2024-02-27T07:53:28","guid":{"rendered":"https:\/\/www.alternatievemiddelen.nl\/?post_type=product&#038;p=34565"},"modified":"2026-01-12T14:31:00","modified_gmt":"2026-01-12T13:31:00","slug":"proone-promax-douchekop","status":"publish","type":"product","link":"https:\/\/www.alternatievemiddelen.nl\/es\/productos\/cabezal-de-ducha-proone-promax\/","title":{"rendered":"Cabezal de ducha ProOne ProMax"},"content":{"rendered":"<p>Cabezal de ducha ProOne ProMax - Adecuado para el <a href=\"https:\/\/www.alternatievemiddelen.nl\/es\/productos\/filtro-de-ducha-proone-promax\/\">Filtro de ducha ProOne ProMax<\/a> y <a href=\"https:\/\/www.alternatievemiddelen.nl\/es\/productos\/proone-promax-filtro-de-ducha-con-alcachofa\/\">ProOne ProMax Filtro de ducha con rociador<\/a> (como repuesto), pero por supuesto tambi\u00e9n para otras conexiones de ducha. De hecho, este cabezal de ducha es adecuado para la conexi\u00f3n de ducha est\u00e1ndar de 1\/2\u2033.<\/p>\n<p>La alcachofa de ducha ProOne ProMax es una alcachofa de ducha de masaje giratoria (con 5 funciones diferentes), est\u00e1 fabricada en pl\u00e1stico ABS y no contiene PBA.<\/p>\n<p>Puede pedirnos esta alcachofa de ducha por separado, si su alcachofa de ducha actual del <a href=\"https:\/\/www.alternatievemiddelen.nl\/es\/productos\/proone-promax-filtro-de-ducha-con-alcachofa\/\">ProOne ProMax Filtro de ducha con rociador<\/a> por lo que es necesario sustituirla. O si ha decidido a\u00f1adir el cabezal de ducha m\u00e1s adelante en su <a href=\"https:\/\/www.alternatievemiddelen.nl\/es\/productos\/filtro-de-ducha-proone-promax\/\">Filtro de ducha ProOne ProMax<\/a>.<\/p>","protected":false},"excerpt":{"rendered":"<p>Cabezal de ducha ProOne ProMax, adecuado para los filtros de ducha ProOne ProMax, pero tambi\u00e9n para otras conexiones de ducha (con conexi\u00f3n de ducha est\u00e1ndar de 1\/2\u2033).<\/p>","protected":false},"featured_media":31747,"comment_status":"open","ping_status":"closed","template":"","meta":[],"product_brand":[],"product_cat":[2971,2887],"product_tag":[2888,2963,3327,3324,3232,3325,2885],"merk":[3449],"class_list":{"0":"post-34565","1":"product","2":"type-product","3":"status-publish","4":"has-post-thumbnail","6":"product_cat-waterfilters","7":"product_cat-douchefilters","8":"product_tag-douche","9":"product_tag-douchefilter","10":"product_tag-douchekop","11":"product_tag-promax","12":"product_tag-proone","13":"product_tag-proone-promax","14":"product_tag-water","15":"merk-proone","17":"first","18":"instock","19":"taxable","20":"shipping-taxable","21":"purchasable","22":"product-type-simple"},"bundled_by":[],"bundle_stock_status":"instock","bundle_stock_quantity":null,"bundle_virtual":false,"bundle_layout":"","bundle_add_to_cart_form_location":"","bundle_editable_in_cart":false,"bundle_sold_individually_context":"","bundle_item_grouping":"","bundle_min_size":"","bundle_max_size":"","bundle_price":[],"bundled_items":[],"bundle_sell_ids":[44176,34392],"yoast_head":"<!-- This site is optimized with the Yoast SEO plugin v26.1 - https:\/\/yoast.com\/wordpress\/plugins\/seo\/ -->\n<title>ProOne ProMax douchekop - Alternatievemiddelen.nl<\/title>\n<meta name=\"description\" content=\"ProOne ProMax douchekop, geschikt voor de ProOne ProMax douchefilters, maar ook voor andere doucheaansluitingen (met standaard 1\/2&quot; doucheaansluiting).\" \/>\n<meta name=\"robots\" content=\"index, follow, max-snippet:-1, max-image-preview:large, max-video-preview:-1\" \/>\n<link rel=\"canonical\" href=\"https:\/\/www.alternatievemiddelen.nl\/es\/wp-json\/wp\/v2\/product\/34565\" \/>\n<meta property=\"og:locale\" content=\"es_ES\" \/>\n<meta property=\"og:type\" content=\"article\" \/>\n<meta property=\"og:title\" content=\"ProOne ProMax douchekop - Alternatievemiddelen.nl\" \/>\n<meta property=\"og:description\" content=\"ProOne ProMax douchekop, geschikt voor de ProOne ProMax douchefilters, maar ook voor andere doucheaansluitingen (met standaard 1\/2&quot; doucheaansluiting).\" \/>\n<meta property=\"og:url\" content=\"https:\/\/www.alternatievemiddelen.nl\/es\/productos\/cabezal-de-ducha-proone-promax\/\" \/>\n<meta property=\"og:site_name\" content=\"Alternatievemiddelen.nl\" \/>\n<meta property=\"article:modified_time\" content=\"2026-01-12T13:31:00+00:00\" \/>\n<meta property=\"og:image\" content=\"\/wp-content\/uploads\/2023\/12\/ProOne-ProMax-douchekop.jpg\" \/>\n\t<meta property=\"og:image:width\" content=\"600\" \/>\n\t<meta property=\"og:image:height\" content=\"800\" \/>\n\t<meta property=\"og:image:type\" content=\"image\/jpeg\" \/>\n<meta name=\"twitter:card\" content=\"summary_large_image\" \/>\n<meta name=\"twitter:label1\" content=\"Tiempo de lectura\" \/>\n\t<meta name=\"twitter:data1\" content=\"1 minuto\" \/>\n<script type=\"application\/ld+json\" class=\"yoast-schema-graph\">{\"@context\":\"https:\/\/schema.org\",\"@graph\":[{\"@type\":[\"WebPage\",\"ItemPage\"],\"@id\":\"https:\/\/www.alternatievemiddelen.nl\/producten\/proone-promax-douchekop\/\",\"url\":\"https:\/\/www.alternatievemiddelen.nl\/producten\/proone-promax-douchekop\/\",\"name\":\"ProOne ProMax douchekop - Alternatievemiddelen.nl\",\"isPartOf\":{\"@id\":\"https:\/\/www.alternatievemiddelen.nl\/#website\"},\"primaryImageOfPage\":{\"@id\":\"https:\/\/www.alternatievemiddelen.nl\/producten\/proone-promax-douchekop\/#primaryimage\"},\"image\":{\"@id\":\"https:\/\/www.alternatievemiddelen.nl\/producten\/proone-promax-douchekop\/#primaryimage\"},\"thumbnailUrl\":\"https:\/\/www.alternatievemiddelen.nl\/wp-content\/uploads\/2023\/12\/ProOne-ProMax-douchekop.jpg\",\"datePublished\":\"2024-02-27T07:53:28+00:00\",\"dateModified\":\"2026-01-12T13:31:00+00:00\",\"description\":\"ProOne ProMax douchekop, geschikt voor de ProOne ProMax douchefilters, maar ook voor andere doucheaansluitingen (met standaard 1\/2\\\" doucheaansluiting).\",\"breadcrumb\":{\"@id\":\"https:\/\/www.alternatievemiddelen.nl\/producten\/proone-promax-douchekop\/#breadcrumb\"},\"inLanguage\":\"es\",\"potentialAction\":[{\"@type\":\"ReadAction\",\"target\":[\"https:\/\/www.alternatievemiddelen.nl\/producten\/proone-promax-douchekop\/\"]}]},{\"@type\":\"ImageObject\",\"inLanguage\":\"es\",\"@id\":\"https:\/\/www.alternatievemiddelen.nl\/producten\/proone-promax-douchekop\/#primaryimage\",\"url\":\"https:\/\/www.alternatievemiddelen.nl\/wp-content\/uploads\/2023\/12\/ProOne-ProMax-douchekop.jpg\",\"contentUrl\":\"https:\/\/www.alternatievemiddelen.nl\/wp-content\/uploads\/2023\/12\/ProOne-ProMax-douchekop.jpg\",\"width\":600,\"height\":800,\"caption\":\"douchekop\"},{\"@type\":\"BreadcrumbList\",\"@id\":\"https:\/\/www.alternatievemiddelen.nl\/producten\/proone-promax-douchekop\/#breadcrumb\",\"itemListElement\":[{\"@type\":\"ListItem\",\"position\":1,\"name\":\"Home\",\"item\":\"https:\/\/www.alternatievemiddelen.nl\/\"},{\"@type\":\"ListItem\",\"position\":2,\"name\":\"Producten\",\"item\":\"https:\/\/www.alternatievemiddelen.nl\/producten\/\"},{\"@type\":\"ListItem\",\"position\":3,\"name\":\"ProOne ProMax douchekop\"}]},{\"@type\":\"WebSite\",\"@id\":\"https:\/\/www.alternatievemiddelen.nl\/#website\",\"url\":\"https:\/\/www.alternatievemiddelen.nl\/\",\"name\":\"Alternatievemiddelen.nl\",\"description\":\"Webshop met gezonde, duurzame en ecologische alternatieve mogelijkheden in de hedendaagse levenstijl. Alles uit eigen ervaring.\",\"publisher\":{\"@id\":\"https:\/\/www.alternatievemiddelen.nl\/#organization\"},\"potentialAction\":[{\"@type\":\"SearchAction\",\"target\":{\"@type\":\"EntryPoint\",\"urlTemplate\":\"https:\/\/www.alternatievemiddelen.nl\/?s={search_term_string}\"},\"query-input\":{\"@type\":\"PropertyValueSpecification\",\"valueRequired\":true,\"valueName\":\"search_term_string\"}}],\"inLanguage\":\"es\"},{\"@type\":\"Organization\",\"@id\":\"https:\/\/www.alternatievemiddelen.nl\/#organization\",\"name\":\"Alternatievemiddelen.nl\",\"url\":\"https:\/\/www.alternatievemiddelen.nl\/\",\"logo\":{\"@type\":\"ImageObject\",\"inLanguage\":\"es\",\"@id\":\"https:\/\/www.alternatievemiddelen.nl\/#\/schema\/logo\/image\/\",\"url\":\"https:\/\/www.alternatievemiddelen.nl\/wp-content\/uploads\/2023\/10\/alternatievemiddelen-PNG-logo.png\",\"contentUrl\":\"https:\/\/www.alternatievemiddelen.nl\/wp-content\/uploads\/2023\/10\/alternatievemiddelen-PNG-logo.png\",\"width\":6400,\"height\":3062,\"caption\":\"Alternatievemiddelen.nl\"},\"image\":{\"@id\":\"https:\/\/www.alternatievemiddelen.nl\/#\/schema\/logo\/image\/\"}}]}<\/script>\n<!-- \/ Yoast SEO plugin. -->","yoast_head_json":{"title":"ProOne ProMax douchekop - Alternatievemiddelen.nl","description":"ProOne ProMax douchekop, geschikt voor de ProOne ProMax douchefilters, maar ook voor andere doucheaansluitingen (met standaard 1\/2\" doucheaansluiting).","robots":{"index":"index","follow":"follow","max-snippet":"max-snippet:-1","max-image-preview":"max-image-preview:large","max-video-preview":"max-video-preview:-1"},"canonical":"https:\/\/www.alternatievemiddelen.nl\/es\/wp-json\/wp\/v2\/product\/34565","og_locale":"es_ES","og_type":"article","og_title":"ProOne ProMax douchekop - Alternatievemiddelen.nl","og_description":"ProOne ProMax douchekop, geschikt voor de ProOne ProMax douchefilters, maar ook voor andere doucheaansluitingen (met standaard 1\/2\" doucheaansluiting).","og_url":"https:\/\/www.alternatievemiddelen.nl\/es\/productos\/cabezal-de-ducha-proone-promax\/","og_site_name":"Alternatievemiddelen.nl","article_modified_time":"2026-01-12T13:31:00+00:00","og_image":[{"width":600,"height":800,"url":"\/wp-content\/uploads\/2023\/12\/ProOne-ProMax-douchekop.jpg","type":"image\/jpeg"}],"twitter_card":"summary_large_image","twitter_misc":{"Tiempo de lectura":"1 minuto"},"schema":{"@context":"https:\/\/schema.org","@graph":[{"@type":["WebPage","ItemPage"],"@id":"https:\/\/www.alternatievemiddelen.nl\/producten\/proone-promax-douchekop\/","url":"https:\/\/www.alternatievemiddelen.nl\/producten\/proone-promax-douchekop\/","name":"ProOne ProMax douchekop - Alternatievemiddelen.nl","isPartOf":{"@id":"https:\/\/www.alternatievemiddelen.nl\/#website"},"primaryImageOfPage":{"@id":"https:\/\/www.alternatievemiddelen.nl\/producten\/proone-promax-douchekop\/#primaryimage"},"image":{"@id":"https:\/\/www.alternatievemiddelen.nl\/producten\/proone-promax-douchekop\/#primaryimage"},"thumbnailUrl":"https:\/\/www.alternatievemiddelen.nl\/wp-content\/uploads\/2023\/12\/ProOne-ProMax-douchekop.jpg","datePublished":"2024-02-27T07:53:28+00:00","dateModified":"2026-01-12T13:31:00+00:00","description":"ProOne ProMax douchekop, geschikt voor de ProOne ProMax douchefilters, maar ook voor andere doucheaansluitingen (met standaard 1\/2\" doucheaansluiting).","breadcrumb":{"@id":"https:\/\/www.alternatievemiddelen.nl\/producten\/proone-promax-douchekop\/#breadcrumb"},"inLanguage":"es","potentialAction":[{"@type":"ReadAction","target":["https:\/\/www.alternatievemiddelen.nl\/producten\/proone-promax-douchekop\/"]}]},{"@type":"ImageObject","inLanguage":"es","@id":"https:\/\/www.alternatievemiddelen.nl\/producten\/proone-promax-douchekop\/#primaryimage","url":"https:\/\/www.alternatievemiddelen.nl\/wp-content\/uploads\/2023\/12\/ProOne-ProMax-douchekop.jpg","contentUrl":"https:\/\/www.alternatievemiddelen.nl\/wp-content\/uploads\/2023\/12\/ProOne-ProMax-douchekop.jpg","width":600,"height":800,"caption":"douchekop"},{"@type":"BreadcrumbList","@id":"https:\/\/www.alternatievemiddelen.nl\/producten\/proone-promax-douchekop\/#breadcrumb","itemListElement":[{"@type":"ListItem","position":1,"name":"Home","item":"https:\/\/www.alternatievemiddelen.nl\/"},{"@type":"ListItem","position":2,"name":"Producten","item":"https:\/\/www.alternatievemiddelen.nl\/producten\/"},{"@type":"ListItem","position":3,"name":"ProOne ProMax douchekop"}]},{"@type":"WebSite","@id":"https:\/\/www.alternatievemiddelen.nl\/#website","url":"https:\/\/www.alternatievemiddelen.nl\/","name":"Alternatievemiddelen.nl","description":"Webshop met gezonde, duurzame en ecologische alternatieve mogelijkheden in de hedendaagse levenstijl. Alles uit eigen ervaring.","publisher":{"@id":"https:\/\/www.alternatievemiddelen.nl\/#organization"},"potentialAction":[{"@type":"SearchAction","target":{"@type":"EntryPoint","urlTemplate":"https:\/\/www.alternatievemiddelen.nl\/?s={search_term_string}"},"query-input":{"@type":"PropertyValueSpecification","valueRequired":true,"valueName":"search_term_string"}}],"inLanguage":"es"},{"@type":"Organization","@id":"https:\/\/www.alternatievemiddelen.nl\/#organization","name":"Alternatievemiddelen.nl","url":"https:\/\/www.alternatievemiddelen.nl\/","logo":{"@type":"ImageObject","inLanguage":"es","@id":"https:\/\/www.alternatievemiddelen.nl\/#\/schema\/logo\/image\/","url":"https:\/\/www.alternatievemiddelen.nl\/wp-content\/uploads\/2023\/10\/alternatievemiddelen-PNG-logo.png","contentUrl":"https:\/\/www.alternatievemiddelen.nl\/wp-content\/uploads\/2023\/10\/alternatievemiddelen-PNG-logo.png","width":6400,"height":3062,"caption":"Alternatievemiddelen.nl"},"image":{"@id":"https:\/\/www.alternatievemiddelen.nl\/#\/schema\/logo\/image\/"}}]}},"_links":{"self":[{"href":"https:\/\/www.alternatievemiddelen.nl\/es\/wp-json\/wp\/v2\/product\/34565","targetHints":{"allow":["GET"]}}],"collection":[{"href":"https:\/\/www.alternatievemiddelen.nl\/es\/wp-json\/wp\/v2\/product"}],"about":[{"href":"https:\/\/www.alternatievemiddelen.nl\/es\/wp-json\/wp\/v2\/types\/product"}],"replies":[{"embeddable":true,"href":"https:\/\/www.alternatievemiddelen.nl\/es\/wp-json\/wp\/v2\/comments?post=34565"}],"wp:featuredmedia":[{"embeddable":true,"href":"https:\/\/www.alternatievemiddelen.nl\/es\/wp-json\/wp\/v2\/media\/31747"}],"wp:attachment":[{"href":"https:\/\/www.alternatievemiddelen.nl\/es\/wp-json\/wp\/v2\/media?parent=34565"}],"wp:term":[{"taxonomy":"product_brand","embeddable":true,"href":"https:\/\/www.alternatievemiddelen.nl\/es\/wp-json\/wp\/v2\/product_brand?post=34565"},{"taxonomy":"product_cat","embeddable":true,"href":"https:\/\/www.alternatievemiddelen.nl\/es\/wp-json\/wp\/v2\/product_cat?post=34565"},{"taxonomy":"product_tag","embeddable":true,"href":"https:\/\/www.alternatievemiddelen.nl\/es\/wp-json\/wp\/v2\/product_tag?post=34565"},{"taxonomy":"merk","embeddable":true,"href":"https:\/\/www.alternatievemiddelen.nl\/es\/wp-json\/wp\/v2\/merk?post=34565"}],"curies":[{"name":"wp","href":"https:\/\/api.w.org\/{rel}","templated":true}]}}