{"id":34567,"date":"2024-02-27T08:53:54","date_gmt":"2024-02-27T07:53:54","guid":{"rendered":"https:\/\/www.alternatievemiddelen.nl\/?post_type=product&#038;p=34567"},"modified":"2026-03-28T14:28:35","modified_gmt":"2026-03-28T13:28:35","slug":"standaard-royal-berkey-pure-filters-family-waterfilter","status":"publish","type":"product","link":"https:\/\/www.alternatievemiddelen.nl\/es\/productos\/filtro-de-agua-familiar-standard-royal-berkey-pure-filters\/","title":{"rendered":"De serie para Royal Berkey y filtro de agua Pure Filters Family"},"content":{"rendered":"<p>Soporte para Royal Berkey y filtro de agua Pure Filters Family. Este soporte a\u00f1ade dise\u00f1o y funcionalidad a su <a href=\"https:\/\/www.alternatievemiddelen.nl\/es\/productos\/filtro-de-agua-royal-berkey\/\">Royal Berkey<\/a> o <a href=\"https:\/\/www.alternatievemiddelen.nl\/es\/productos\/filtro-de-agua-pure-filters-family\/\">Filtro de agua Pure Filters Family<\/a>. El soporte es de alambre de acero inoxidable pulido y mide unos 15 cent\u00edmetros de alto. Esto facilita la colocaci\u00f3n de un vaso, una sart\u00e9n o una taza bajo el grifo. Las patas est\u00e1n recubiertas de goma en la parte inferior, lo que evita que el soporte se da\u00f1e y proporciona una mayor durabilidad y estabilidad. El soporte est\u00e1 disponible en 4 tama\u00f1os, dise\u00f1ados para adaptarse a cualquier tama\u00f1o de filtro de agua.<\/p>\n<p>Este soporte es adecuado para el filtro de agua Royal Berkey y Pure Filters Family y <u><b>eleva el filtro de agua unos 15 cm.<\/b><\/u><br \/>\n&nbsp;<\/p>\n<h3>Complemento para su filtro de agua de acero inoxidable<\/h3>\n<p>As\u00ed que p\u00eddalo f\u00e1cilmente en su <a href=\"https:\/\/www.alternatievemiddelen.nl\/es\/productos\/filtro-de-agua-royal-berkey\/\">Royal Berkey<\/a> o <a href=\"https:\/\/www.alternatievemiddelen.nl\/es\/productos\/filtro-de-agua-pure-filters-family\/\">Filtro de agua Pure Filters Family<\/a>. El soporte es un complemento popular para un filtro de agua, por lo que hemos reunido conjuntos completos con nuestras marcas de filtros de agua que incluyen este soporte. Un juego se compone de un filtro de agua, un soporte y un grifo (de acero inoxidable o de vidrio). Por supuesto, se beneficiar\u00e1 de un descuento por juego. Encontrar\u00e1 estos ventajosos conjuntos en nuestra <a href=\"https:\/\/www.alternatievemiddelen.nl\/es\/categoria-de-productos\/filtros-de-agua\/ofertas-combinadas\/\">P\u00e1gina de ofertas de Combideals<\/a>.<br \/>\n&nbsp;<\/p>\n<h3>No requiere montaje<\/h3>\n<p>Con este producto no es necesario el montaje, ya que el soporte es de una sola pieza. Se quita el embalaje y ya est\u00e1 listo para ponerle un filtro de agua.<\/p>","protected":false},"excerpt":{"rendered":"<p>Soporte de acero inoxidable para el filtro de agua Royal Berkey y Pure Filters Family, coloca f\u00e1cilmente un vaso o cacerola bajo el grifo del filtro de agua.<\/p>","protected":false},"featured_media":30902,"comment_status":"open","ping_status":"closed","template":"","meta":[],"product_brand":[],"product_cat":[2971,3013],"product_tag":[3362,2961,3645,3632,3646,3010,3235,3106,2885,2979],"merk":[3432,3630],"class_list":{"0":"post-34567","1":"product","2":"type-product","3":"status-publish","4":"has-post-thumbnail","6":"product_cat-waterfilters","7":"product_cat-waterfilter-accessoires","8":"product_tag-basis","9":"product_tag-berkey","10":"product_tag-family","11":"product_tag-pure-filters","12":"product_tag-pure-filters-family","13":"product_tag-roestvrij","14":"product_tag-royal-berkey","15":"product_tag-standaard","16":"product_tag-water","17":"product_tag-waterfilter","18":"merk-berkey","19":"merk-pure-filters","21":"first","22":"instock","23":"taxable","24":"shipping-taxable","25":"purchasable","26":"product-type-simple"},"bundled_by":["34412","34566","34471","34527","34481"],"bundle_stock_status":"instock","bundle_stock_quantity":null,"bundle_virtual":false,"bundle_layout":"","bundle_add_to_cart_form_location":"","bundle_editable_in_cart":false,"bundle_sold_individually_context":"","bundle_item_grouping":"","bundle_min_size":"","bundle_max_size":"","bundle_price":[],"bundled_items":[],"bundle_sell_ids":[44176],"yoast_head":"<!-- This site is optimized with the Yoast SEO plugin v26.1 - https:\/\/yoast.com\/wordpress\/plugins\/seo\/ -->\n<title>Standaard voor Royal Berkey en Pure Filters Family waterfilter - Alternatievemiddelen.nl<\/title>\n<meta name=\"description\" content=\"RVS standaard voor Royal Berkey en Pure Filters Family waterfilter, plaats hiermee makkelijk een glas of pan onder het kraantje van de waterfilter.\" \/>\n<meta name=\"robots\" content=\"index, follow, max-snippet:-1, max-image-preview:large, max-video-preview:-1\" \/>\n<link rel=\"canonical\" href=\"https:\/\/www.alternatievemiddelen.nl\/es\/wp-json\/wp\/v2\/product\/34567\" \/>\n<meta property=\"og:locale\" content=\"es_ES\" \/>\n<meta property=\"og:type\" content=\"article\" \/>\n<meta property=\"og:title\" content=\"Standaard voor Royal Berkey en Pure Filters Family waterfilter - Alternatievemiddelen.nl\" \/>\n<meta property=\"og:description\" content=\"RVS standaard voor Royal Berkey en Pure Filters Family waterfilter, plaats hiermee makkelijk een glas of pan onder het kraantje van de waterfilter.\" \/>\n<meta property=\"og:url\" content=\"https:\/\/www.alternatievemiddelen.nl\/es\/productos\/filtro-de-agua-familiar-standard-royal-berkey-pure-filters\/\" \/>\n<meta property=\"og:site_name\" content=\"Alternatievemiddelen.nl\" \/>\n<meta property=\"article:modified_time\" content=\"2026-03-28T13:28:35+00:00\" \/>\n<meta property=\"og:image\" content=\"\/wp-content\/uploads\/2023\/12\/Berkey-Base-1.jpg\" \/>\n\t<meta property=\"og:image:width\" content=\"600\" \/>\n\t<meta property=\"og:image:height\" content=\"800\" \/>\n\t<meta property=\"og:image:type\" content=\"image\/jpeg\" \/>\n<meta name=\"twitter:card\" content=\"summary_large_image\" \/>\n<meta name=\"twitter:label1\" content=\"Tiempo de lectura\" \/>\n\t<meta name=\"twitter:data1\" content=\"2 minutos\" \/>\n<script type=\"application\/ld+json\" class=\"yoast-schema-graph\">{\"@context\":\"https:\/\/schema.org\",\"@graph\":[{\"@type\":[\"WebPage\",\"ItemPage\"],\"@id\":\"https:\/\/www.alternatievemiddelen.nl\/producten\/standaard-royal-berkey-pure-filters-family-waterfilter\/\",\"url\":\"https:\/\/www.alternatievemiddelen.nl\/producten\/standaard-royal-berkey-pure-filters-family-waterfilter\/\",\"name\":\"Standaard voor Royal Berkey en Pure Filters Family waterfilter - Alternatievemiddelen.nl\",\"isPartOf\":{\"@id\":\"https:\/\/www.alternatievemiddelen.nl\/#website\"},\"primaryImageOfPage\":{\"@id\":\"https:\/\/www.alternatievemiddelen.nl\/producten\/standaard-royal-berkey-pure-filters-family-waterfilter\/#primaryimage\"},\"image\":{\"@id\":\"https:\/\/www.alternatievemiddelen.nl\/producten\/standaard-royal-berkey-pure-filters-family-waterfilter\/#primaryimage\"},\"thumbnailUrl\":\"https:\/\/www.alternatievemiddelen.nl\/wp-content\/uploads\/2023\/12\/Berkey-Base-1.jpg\",\"datePublished\":\"2024-02-27T07:53:54+00:00\",\"dateModified\":\"2026-03-28T13:28:35+00:00\",\"description\":\"RVS standaard voor Royal Berkey en Pure Filters Family waterfilter, plaats hiermee makkelijk een glas of pan onder het kraantje van de waterfilter.\",\"breadcrumb\":{\"@id\":\"https:\/\/www.alternatievemiddelen.nl\/producten\/standaard-royal-berkey-pure-filters-family-waterfilter\/#breadcrumb\"},\"inLanguage\":\"es\",\"potentialAction\":[{\"@type\":\"ReadAction\",\"target\":[\"https:\/\/www.alternatievemiddelen.nl\/producten\/standaard-royal-berkey-pure-filters-family-waterfilter\/\"]}]},{\"@type\":\"ImageObject\",\"inLanguage\":\"es\",\"@id\":\"https:\/\/www.alternatievemiddelen.nl\/producten\/standaard-royal-berkey-pure-filters-family-waterfilter\/#primaryimage\",\"url\":\"https:\/\/www.alternatievemiddelen.nl\/wp-content\/uploads\/2023\/12\/Berkey-Base-1.jpg\",\"contentUrl\":\"https:\/\/www.alternatievemiddelen.nl\/wp-content\/uploads\/2023\/12\/Berkey-Base-1.jpg\",\"width\":600,\"height\":800,\"caption\":\"Standaard voor Big Berkey waterfilter\"},{\"@type\":\"BreadcrumbList\",\"@id\":\"https:\/\/www.alternatievemiddelen.nl\/producten\/standaard-royal-berkey-pure-filters-family-waterfilter\/#breadcrumb\",\"itemListElement\":[{\"@type\":\"ListItem\",\"position\":1,\"name\":\"Home\",\"item\":\"https:\/\/www.alternatievemiddelen.nl\/\"},{\"@type\":\"ListItem\",\"position\":2,\"name\":\"Producten\",\"item\":\"https:\/\/www.alternatievemiddelen.nl\/producten\/\"},{\"@type\":\"ListItem\",\"position\":3,\"name\":\"Standaard voor Royal Berkey en Pure Filters Family waterfilter\"}]},{\"@type\":\"WebSite\",\"@id\":\"https:\/\/www.alternatievemiddelen.nl\/#website\",\"url\":\"https:\/\/www.alternatievemiddelen.nl\/\",\"name\":\"Alternatievemiddelen.nl\",\"description\":\"Webshop met gezonde, duurzame en ecologische alternatieve mogelijkheden in de hedendaagse levenstijl. Alles uit eigen ervaring.\",\"publisher\":{\"@id\":\"https:\/\/www.alternatievemiddelen.nl\/#organization\"},\"potentialAction\":[{\"@type\":\"SearchAction\",\"target\":{\"@type\":\"EntryPoint\",\"urlTemplate\":\"https:\/\/www.alternatievemiddelen.nl\/?s={search_term_string}\"},\"query-input\":{\"@type\":\"PropertyValueSpecification\",\"valueRequired\":true,\"valueName\":\"search_term_string\"}}],\"inLanguage\":\"es\"},{\"@type\":\"Organization\",\"@id\":\"https:\/\/www.alternatievemiddelen.nl\/#organization\",\"name\":\"Alternatievemiddelen.nl\",\"url\":\"https:\/\/www.alternatievemiddelen.nl\/\",\"logo\":{\"@type\":\"ImageObject\",\"inLanguage\":\"es\",\"@id\":\"https:\/\/www.alternatievemiddelen.nl\/#\/schema\/logo\/image\/\",\"url\":\"https:\/\/www.alternatievemiddelen.nl\/wp-content\/uploads\/2023\/10\/alternatievemiddelen-PNG-logo.png\",\"contentUrl\":\"https:\/\/www.alternatievemiddelen.nl\/wp-content\/uploads\/2023\/10\/alternatievemiddelen-PNG-logo.png\",\"width\":6400,\"height\":3062,\"caption\":\"Alternatievemiddelen.nl\"},\"image\":{\"@id\":\"https:\/\/www.alternatievemiddelen.nl\/#\/schema\/logo\/image\/\"}}]}<\/script>\n<!-- \/ Yoast SEO plugin. -->","yoast_head_json":{"title":"Standaard voor Royal Berkey en Pure Filters Family waterfilter - Alternatievemiddelen.nl","description":"RVS standaard voor Royal Berkey en Pure Filters Family waterfilter, plaats hiermee makkelijk een glas of pan onder het kraantje van de waterfilter.","robots":{"index":"index","follow":"follow","max-snippet":"max-snippet:-1","max-image-preview":"max-image-preview:large","max-video-preview":"max-video-preview:-1"},"canonical":"https:\/\/www.alternatievemiddelen.nl\/es\/wp-json\/wp\/v2\/product\/34567","og_locale":"es_ES","og_type":"article","og_title":"Standaard voor Royal Berkey en Pure Filters Family waterfilter - Alternatievemiddelen.nl","og_description":"RVS standaard voor Royal Berkey en Pure Filters Family waterfilter, plaats hiermee makkelijk een glas of pan onder het kraantje van de waterfilter.","og_url":"https:\/\/www.alternatievemiddelen.nl\/es\/productos\/filtro-de-agua-familiar-standard-royal-berkey-pure-filters\/","og_site_name":"Alternatievemiddelen.nl","article_modified_time":"2026-03-28T13:28:35+00:00","og_image":[{"width":600,"height":800,"url":"\/wp-content\/uploads\/2023\/12\/Berkey-Base-1.jpg","type":"image\/jpeg"}],"twitter_card":"summary_large_image","twitter_misc":{"Tiempo de lectura":"2 minutos"},"schema":{"@context":"https:\/\/schema.org","@graph":[{"@type":["WebPage","ItemPage"],"@id":"https:\/\/www.alternatievemiddelen.nl\/producten\/standaard-royal-berkey-pure-filters-family-waterfilter\/","url":"https:\/\/www.alternatievemiddelen.nl\/producten\/standaard-royal-berkey-pure-filters-family-waterfilter\/","name":"Standaard voor Royal Berkey en Pure Filters Family waterfilter - Alternatievemiddelen.nl","isPartOf":{"@id":"https:\/\/www.alternatievemiddelen.nl\/#website"},"primaryImageOfPage":{"@id":"https:\/\/www.alternatievemiddelen.nl\/producten\/standaard-royal-berkey-pure-filters-family-waterfilter\/#primaryimage"},"image":{"@id":"https:\/\/www.alternatievemiddelen.nl\/producten\/standaard-royal-berkey-pure-filters-family-waterfilter\/#primaryimage"},"thumbnailUrl":"https:\/\/www.alternatievemiddelen.nl\/wp-content\/uploads\/2023\/12\/Berkey-Base-1.jpg","datePublished":"2024-02-27T07:53:54+00:00","dateModified":"2026-03-28T13:28:35+00:00","description":"RVS standaard voor Royal Berkey en Pure Filters Family waterfilter, plaats hiermee makkelijk een glas of pan onder het kraantje van de waterfilter.","breadcrumb":{"@id":"https:\/\/www.alternatievemiddelen.nl\/producten\/standaard-royal-berkey-pure-filters-family-waterfilter\/#breadcrumb"},"inLanguage":"es","potentialAction":[{"@type":"ReadAction","target":["https:\/\/www.alternatievemiddelen.nl\/producten\/standaard-royal-berkey-pure-filters-family-waterfilter\/"]}]},{"@type":"ImageObject","inLanguage":"es","@id":"https:\/\/www.alternatievemiddelen.nl\/producten\/standaard-royal-berkey-pure-filters-family-waterfilter\/#primaryimage","url":"https:\/\/www.alternatievemiddelen.nl\/wp-content\/uploads\/2023\/12\/Berkey-Base-1.jpg","contentUrl":"https:\/\/www.alternatievemiddelen.nl\/wp-content\/uploads\/2023\/12\/Berkey-Base-1.jpg","width":600,"height":800,"caption":"Standaard voor Big Berkey waterfilter"},{"@type":"BreadcrumbList","@id":"https:\/\/www.alternatievemiddelen.nl\/producten\/standaard-royal-berkey-pure-filters-family-waterfilter\/#breadcrumb","itemListElement":[{"@type":"ListItem","position":1,"name":"Home","item":"https:\/\/www.alternatievemiddelen.nl\/"},{"@type":"ListItem","position":2,"name":"Producten","item":"https:\/\/www.alternatievemiddelen.nl\/producten\/"},{"@type":"ListItem","position":3,"name":"Standaard voor Royal Berkey en Pure Filters Family waterfilter"}]},{"@type":"WebSite","@id":"https:\/\/www.alternatievemiddelen.nl\/#website","url":"https:\/\/www.alternatievemiddelen.nl\/","name":"Alternatievemiddelen.nl","description":"Webshop met gezonde, duurzame en ecologische alternatieve mogelijkheden in de hedendaagse levenstijl. Alles uit eigen ervaring.","publisher":{"@id":"https:\/\/www.alternatievemiddelen.nl\/#organization"},"potentialAction":[{"@type":"SearchAction","target":{"@type":"EntryPoint","urlTemplate":"https:\/\/www.alternatievemiddelen.nl\/?s={search_term_string}"},"query-input":{"@type":"PropertyValueSpecification","valueRequired":true,"valueName":"search_term_string"}}],"inLanguage":"es"},{"@type":"Organization","@id":"https:\/\/www.alternatievemiddelen.nl\/#organization","name":"Alternatievemiddelen.nl","url":"https:\/\/www.alternatievemiddelen.nl\/","logo":{"@type":"ImageObject","inLanguage":"es","@id":"https:\/\/www.alternatievemiddelen.nl\/#\/schema\/logo\/image\/","url":"https:\/\/www.alternatievemiddelen.nl\/wp-content\/uploads\/2023\/10\/alternatievemiddelen-PNG-logo.png","contentUrl":"https:\/\/www.alternatievemiddelen.nl\/wp-content\/uploads\/2023\/10\/alternatievemiddelen-PNG-logo.png","width":6400,"height":3062,"caption":"Alternatievemiddelen.nl"},"image":{"@id":"https:\/\/www.alternatievemiddelen.nl\/#\/schema\/logo\/image\/"}}]}},"_links":{"self":[{"href":"https:\/\/www.alternatievemiddelen.nl\/es\/wp-json\/wp\/v2\/product\/34567","targetHints":{"allow":["GET"]}}],"collection":[{"href":"https:\/\/www.alternatievemiddelen.nl\/es\/wp-json\/wp\/v2\/product"}],"about":[{"href":"https:\/\/www.alternatievemiddelen.nl\/es\/wp-json\/wp\/v2\/types\/product"}],"replies":[{"embeddable":true,"href":"https:\/\/www.alternatievemiddelen.nl\/es\/wp-json\/wp\/v2\/comments?post=34567"}],"wp:featuredmedia":[{"embeddable":true,"href":"https:\/\/www.alternatievemiddelen.nl\/es\/wp-json\/wp\/v2\/media\/30902"}],"wp:attachment":[{"href":"https:\/\/www.alternatievemiddelen.nl\/es\/wp-json\/wp\/v2\/media?parent=34567"}],"wp:term":[{"taxonomy":"product_brand","embeddable":true,"href":"https:\/\/www.alternatievemiddelen.nl\/es\/wp-json\/wp\/v2\/product_brand?post=34567"},{"taxonomy":"product_cat","embeddable":true,"href":"https:\/\/www.alternatievemiddelen.nl\/es\/wp-json\/wp\/v2\/product_cat?post=34567"},{"taxonomy":"product_tag","embeddable":true,"href":"https:\/\/www.alternatievemiddelen.nl\/es\/wp-json\/wp\/v2\/product_tag?post=34567"},{"taxonomy":"merk","embeddable":true,"href":"https:\/\/www.alternatievemiddelen.nl\/es\/wp-json\/wp\/v2\/merk?post=34567"}],"curies":[{"name":"wp","href":"https:\/\/api.w.org\/{rel}","templated":true}]}}