{"id":34575,"date":"2024-02-27T08:53:59","date_gmt":"2024-02-27T07:53:59","guid":{"rendered":"https:\/\/www.alternatievemiddelen.nl\/?post_type=product&#038;p=34575"},"modified":"2025-04-28T07:55:46","modified_gmt":"2025-04-28T05:55:46","slug":"schussler-zout-kalium-phosphoricum-5-d6-400","status":"publish","type":"product","link":"https:\/\/www.alternatievemiddelen.nl\/es\/productos\/sal-de-schussler-fosforo-potasico-5-d6-400\/","title":{"rendered":"Sal de Sch\u00fcssler F\u00f3sforo pot\u00e1sico 5 D6 400 comprimidos"},"content":{"rendered":"<p>Sal de Sch\u00fcssler F\u00f3sforo pot\u00e1sico 5 D6 400 comprimidos<\/p>\n<p>Medicamento homeop\u00e1tico sin indicaci\u00f3n terap\u00e9utica espec\u00edfica aplicado seg\u00fan los principios de la medicina homeop\u00e1tica.<\/p>\n<p><u><b>Composici\u00f3n por comprimido<\/b><\/u><br \/>\nF\u00f3sforo pot\u00e1sico D6 250 mg<\/p>\n<p><u><b>Excipientes:<\/b><\/u><br \/>\nlactosa, behenato de calcio y f\u00e9cula de patata.<\/p>\n<p><u><b>Informaci\u00f3n sobre al\u00e9rgenos<\/b><\/u><br \/>\nContiene lactosa.<\/p>\n<p><u><b>Utilice<\/b><\/u><br \/>\nSalvo prescripci\u00f3n en contrario:<br \/>\nAdultos y ni\u00f1os mayores de 12 a\u00f1os:<br \/>\nDerretir e ingerir 2 comprimidos en la boca 3 veces al d\u00eda, hasta 2 comprimidos adicionales 7 veces al d\u00eda si es necesario, con un m\u00e1ximo de 20 comprimidos al d\u00eda.<br \/>\nNi\u00f1os de 6 a 12 a\u00f1os:<br \/>\nDerretir e ingerir 1 comprimido en la boca 3 veces al d\u00eda, hasta 1 comprimido adicional 7 veces al d\u00eda si es necesario, con un m\u00e1ximo de 10 comprimidos al d\u00eda.<br \/>\nSi los s\u00edntomas persisten durante el uso de este medicamento homeop\u00e1tico, se aconseja consultar a un m\u00e9dico.<\/p>\n<p>Si ha olvidado tomar los comprimidos, no tome una dosis extra, sino tome la siguiente dosis a la hora habitual.<\/p>\n<p>No se esperan efectos adversos tras la interrupci\u00f3n del tratamiento.<\/p>\n<p>No se conocen efectos secundarios. Si sospecha que se ha producido alg\u00fan efecto secundario despu\u00e9s de tomar este medicamento, informe a su m\u00e9dico o farmac\u00e9utico.<\/p>","protected":false},"excerpt":{"rendered":"<p>Sal de Sch\u00fcssler Potassium phosphoricum 5 D6 400 comprimidos - Medicamento homeop\u00e1tico.<\/p>","protected":false},"featured_media":31081,"comment_status":"open","ping_status":"closed","template":"","meta":[],"product_brand":[],"product_cat":[2938],"product_tag":[3356,3347,3357,3349],"merk":[3441],"class_list":{"0":"post-34575","1":"product","2":"type-product","3":"status-publish","4":"has-post-thumbnail","6":"product_cat-vitamines-mineralen-en-supplementen","7":"product_tag-kalium-phosphoricum-5-d6","8":"product_tag-schussler-zout","9":"product_tag-schussler-zout-kalium-phosphoricum-5-d6-400-tabletten","10":"product_tag-schussler-zouten","11":"merk-schussler","13":"first","14":"instock","15":"taxable","16":"shipping-taxable","17":"purchasable","18":"product-type-simple"},"bundled_by":[],"bundle_stock_status":"instock","bundle_stock_quantity":null,"bundle_virtual":false,"bundle_layout":"","bundle_add_to_cart_form_location":"","bundle_editable_in_cart":false,"bundle_sold_individually_context":"","bundle_item_grouping":"","bundle_min_size":"","bundle_max_size":"","bundle_price":[],"bundled_items":[],"bundle_sell_ids":[],"yoast_head":"<!-- This site is optimized with the Yoast SEO plugin v26.1 - https:\/\/yoast.com\/wordpress\/plugins\/seo\/ -->\n<title>Sch\u00fcssler zout Kalium phosphoricum 5 D6 400 tabletten - Alternatievemiddelen.nl<\/title>\n<meta name=\"description\" content=\"Sch\u00fcssler zout Kalium phosphoricum 5 D6 400 tabletten - Homeopathisch geneesmiddel.\" \/>\n<meta name=\"robots\" content=\"noindex, follow\" \/>\n<meta property=\"og:locale\" content=\"es_ES\" \/>\n<meta property=\"og:type\" content=\"article\" \/>\n<meta property=\"og:title\" content=\"Sch\u00fcssler zout Kalium phosphoricum 5 D6 400 tabletten - Alternatievemiddelen.nl\" \/>\n<meta property=\"og:description\" content=\"Sch\u00fcssler zout Kalium phosphoricum 5 D6 400 tabletten - Homeopathisch geneesmiddel.\" \/>\n<meta property=\"og:url\" content=\"https:\/\/www.alternatievemiddelen.nl\/es\/productos\/sal-de-schussler-fosforo-potasico-5-d6-400\/\" \/>\n<meta property=\"og:site_name\" content=\"Alternatievemiddelen.nl\" \/>\n<meta property=\"article:modified_time\" content=\"2025-04-28T05:55:46+00:00\" \/>\n<meta property=\"og:image\" content=\"\/wp-content\/uploads\/2023\/12\/Schussler-zout-Kalium-phosphoricum-5-D6-400-tabletten.jpg\" \/>\n\t<meta property=\"og:image:width\" content=\"600\" \/>\n\t<meta property=\"og:image:height\" content=\"800\" \/>\n\t<meta property=\"og:image:type\" content=\"image\/jpeg\" \/>\n<meta name=\"twitter:card\" content=\"summary_large_image\" \/>\n<meta name=\"twitter:label1\" content=\"Tiempo de lectura\" \/>\n\t<meta name=\"twitter:data1\" content=\"2 minutos\" \/>\n<script type=\"application\/ld+json\" class=\"yoast-schema-graph\">{\"@context\":\"https:\/\/schema.org\",\"@graph\":[{\"@type\":[\"WebPage\",\"ItemPage\"],\"@id\":\"https:\/\/www.alternatievemiddelen.nl\/producten\/schussler-zout-kalium-phosphoricum-5-d6-400\/\",\"url\":\"https:\/\/www.alternatievemiddelen.nl\/producten\/schussler-zout-kalium-phosphoricum-5-d6-400\/\",\"name\":\"Sch\u00fcssler zout Kalium phosphoricum 5 D6 400 tabletten - Alternatievemiddelen.nl\",\"isPartOf\":{\"@id\":\"https:\/\/www.alternatievemiddelen.nl\/#website\"},\"primaryImageOfPage\":{\"@id\":\"https:\/\/www.alternatievemiddelen.nl\/producten\/schussler-zout-kalium-phosphoricum-5-d6-400\/#primaryimage\"},\"image\":{\"@id\":\"https:\/\/www.alternatievemiddelen.nl\/producten\/schussler-zout-kalium-phosphoricum-5-d6-400\/#primaryimage\"},\"thumbnailUrl\":\"https:\/\/www.alternatievemiddelen.nl\/wp-content\/uploads\/2023\/12\/Schussler-zout-Kalium-phosphoricum-5-D6-400-tabletten.jpg\",\"datePublished\":\"2024-02-27T07:53:59+00:00\",\"dateModified\":\"2025-04-28T05:55:46+00:00\",\"description\":\"Sch\u00fcssler zout Kalium phosphoricum 5 D6 400 tabletten - Homeopathisch geneesmiddel.\",\"breadcrumb\":{\"@id\":\"https:\/\/www.alternatievemiddelen.nl\/producten\/schussler-zout-kalium-phosphoricum-5-d6-400\/#breadcrumb\"},\"inLanguage\":\"es\",\"potentialAction\":[{\"@type\":\"ReadAction\",\"target\":[\"https:\/\/www.alternatievemiddelen.nl\/producten\/schussler-zout-kalium-phosphoricum-5-d6-400\/\"]}]},{\"@type\":\"ImageObject\",\"inLanguage\":\"es\",\"@id\":\"https:\/\/www.alternatievemiddelen.nl\/producten\/schussler-zout-kalium-phosphoricum-5-d6-400\/#primaryimage\",\"url\":\"https:\/\/www.alternatievemiddelen.nl\/wp-content\/uploads\/2023\/12\/Schussler-zout-Kalium-phosphoricum-5-D6-400-tabletten.jpg\",\"contentUrl\":\"https:\/\/www.alternatievemiddelen.nl\/wp-content\/uploads\/2023\/12\/Schussler-zout-Kalium-phosphoricum-5-D6-400-tabletten.jpg\",\"width\":600,\"height\":800,\"caption\":\"Schussler zout 5 Kalium phosphoricum D6\"},{\"@type\":\"BreadcrumbList\",\"@id\":\"https:\/\/www.alternatievemiddelen.nl\/producten\/schussler-zout-kalium-phosphoricum-5-d6-400\/#breadcrumb\",\"itemListElement\":[{\"@type\":\"ListItem\",\"position\":1,\"name\":\"Home\",\"item\":\"https:\/\/www.alternatievemiddelen.nl\/\"},{\"@type\":\"ListItem\",\"position\":2,\"name\":\"Producten\",\"item\":\"https:\/\/www.alternatievemiddelen.nl\/producten\/\"},{\"@type\":\"ListItem\",\"position\":3,\"name\":\"Sch\u00fcssler zout Kalium phosphoricum 5 D6 400 tabletten\"}]},{\"@type\":\"WebSite\",\"@id\":\"https:\/\/www.alternatievemiddelen.nl\/#website\",\"url\":\"https:\/\/www.alternatievemiddelen.nl\/\",\"name\":\"Alternatievemiddelen.nl\",\"description\":\"Webshop met gezonde, duurzame en ecologische alternatieve mogelijkheden in de hedendaagse levenstijl. Alles uit eigen ervaring.\",\"publisher\":{\"@id\":\"https:\/\/www.alternatievemiddelen.nl\/#organization\"},\"potentialAction\":[{\"@type\":\"SearchAction\",\"target\":{\"@type\":\"EntryPoint\",\"urlTemplate\":\"https:\/\/www.alternatievemiddelen.nl\/?s={search_term_string}\"},\"query-input\":{\"@type\":\"PropertyValueSpecification\",\"valueRequired\":true,\"valueName\":\"search_term_string\"}}],\"inLanguage\":\"es\"},{\"@type\":\"Organization\",\"@id\":\"https:\/\/www.alternatievemiddelen.nl\/#organization\",\"name\":\"Alternatievemiddelen.nl\",\"url\":\"https:\/\/www.alternatievemiddelen.nl\/\",\"logo\":{\"@type\":\"ImageObject\",\"inLanguage\":\"es\",\"@id\":\"https:\/\/www.alternatievemiddelen.nl\/#\/schema\/logo\/image\/\",\"url\":\"https:\/\/www.alternatievemiddelen.nl\/wp-content\/uploads\/2023\/10\/alternatievemiddelen-PNG-logo.png\",\"contentUrl\":\"https:\/\/www.alternatievemiddelen.nl\/wp-content\/uploads\/2023\/10\/alternatievemiddelen-PNG-logo.png\",\"width\":6400,\"height\":3062,\"caption\":\"Alternatievemiddelen.nl\"},\"image\":{\"@id\":\"https:\/\/www.alternatievemiddelen.nl\/#\/schema\/logo\/image\/\"}}]}<\/script>\n<!-- \/ Yoast SEO plugin. -->","yoast_head_json":{"title":"Sch\u00fcssler zout Kalium phosphoricum 5 D6 400 tabletten - Alternatievemiddelen.nl","description":"Sch\u00fcssler zout Kalium phosphoricum 5 D6 400 tabletten - Homeopathisch geneesmiddel.","robots":{"index":"noindex","follow":"follow"},"og_locale":"es_ES","og_type":"article","og_title":"Sch\u00fcssler zout Kalium phosphoricum 5 D6 400 tabletten - Alternatievemiddelen.nl","og_description":"Sch\u00fcssler zout Kalium phosphoricum 5 D6 400 tabletten - Homeopathisch geneesmiddel.","og_url":"https:\/\/www.alternatievemiddelen.nl\/es\/productos\/sal-de-schussler-fosforo-potasico-5-d6-400\/","og_site_name":"Alternatievemiddelen.nl","article_modified_time":"2025-04-28T05:55:46+00:00","og_image":[{"width":600,"height":800,"url":"\/wp-content\/uploads\/2023\/12\/Schussler-zout-Kalium-phosphoricum-5-D6-400-tabletten.jpg","type":"image\/jpeg"}],"twitter_card":"summary_large_image","twitter_misc":{"Tiempo de lectura":"2 minutos"},"schema":{"@context":"https:\/\/schema.org","@graph":[{"@type":["WebPage","ItemPage"],"@id":"https:\/\/www.alternatievemiddelen.nl\/producten\/schussler-zout-kalium-phosphoricum-5-d6-400\/","url":"https:\/\/www.alternatievemiddelen.nl\/producten\/schussler-zout-kalium-phosphoricum-5-d6-400\/","name":"Sch\u00fcssler zout Kalium phosphoricum 5 D6 400 tabletten - Alternatievemiddelen.nl","isPartOf":{"@id":"https:\/\/www.alternatievemiddelen.nl\/#website"},"primaryImageOfPage":{"@id":"https:\/\/www.alternatievemiddelen.nl\/producten\/schussler-zout-kalium-phosphoricum-5-d6-400\/#primaryimage"},"image":{"@id":"https:\/\/www.alternatievemiddelen.nl\/producten\/schussler-zout-kalium-phosphoricum-5-d6-400\/#primaryimage"},"thumbnailUrl":"https:\/\/www.alternatievemiddelen.nl\/wp-content\/uploads\/2023\/12\/Schussler-zout-Kalium-phosphoricum-5-D6-400-tabletten.jpg","datePublished":"2024-02-27T07:53:59+00:00","dateModified":"2025-04-28T05:55:46+00:00","description":"Sch\u00fcssler zout Kalium phosphoricum 5 D6 400 tabletten - Homeopathisch geneesmiddel.","breadcrumb":{"@id":"https:\/\/www.alternatievemiddelen.nl\/producten\/schussler-zout-kalium-phosphoricum-5-d6-400\/#breadcrumb"},"inLanguage":"es","potentialAction":[{"@type":"ReadAction","target":["https:\/\/www.alternatievemiddelen.nl\/producten\/schussler-zout-kalium-phosphoricum-5-d6-400\/"]}]},{"@type":"ImageObject","inLanguage":"es","@id":"https:\/\/www.alternatievemiddelen.nl\/producten\/schussler-zout-kalium-phosphoricum-5-d6-400\/#primaryimage","url":"https:\/\/www.alternatievemiddelen.nl\/wp-content\/uploads\/2023\/12\/Schussler-zout-Kalium-phosphoricum-5-D6-400-tabletten.jpg","contentUrl":"https:\/\/www.alternatievemiddelen.nl\/wp-content\/uploads\/2023\/12\/Schussler-zout-Kalium-phosphoricum-5-D6-400-tabletten.jpg","width":600,"height":800,"caption":"Schussler zout 5 Kalium phosphoricum D6"},{"@type":"BreadcrumbList","@id":"https:\/\/www.alternatievemiddelen.nl\/producten\/schussler-zout-kalium-phosphoricum-5-d6-400\/#breadcrumb","itemListElement":[{"@type":"ListItem","position":1,"name":"Home","item":"https:\/\/www.alternatievemiddelen.nl\/"},{"@type":"ListItem","position":2,"name":"Producten","item":"https:\/\/www.alternatievemiddelen.nl\/producten\/"},{"@type":"ListItem","position":3,"name":"Sch\u00fcssler zout Kalium phosphoricum 5 D6 400 tabletten"}]},{"@type":"WebSite","@id":"https:\/\/www.alternatievemiddelen.nl\/#website","url":"https:\/\/www.alternatievemiddelen.nl\/","name":"Alternatievemiddelen.nl","description":"Webshop met gezonde, duurzame en ecologische alternatieve mogelijkheden in de hedendaagse levenstijl. Alles uit eigen ervaring.","publisher":{"@id":"https:\/\/www.alternatievemiddelen.nl\/#organization"},"potentialAction":[{"@type":"SearchAction","target":{"@type":"EntryPoint","urlTemplate":"https:\/\/www.alternatievemiddelen.nl\/?s={search_term_string}"},"query-input":{"@type":"PropertyValueSpecification","valueRequired":true,"valueName":"search_term_string"}}],"inLanguage":"es"},{"@type":"Organization","@id":"https:\/\/www.alternatievemiddelen.nl\/#organization","name":"Alternatievemiddelen.nl","url":"https:\/\/www.alternatievemiddelen.nl\/","logo":{"@type":"ImageObject","inLanguage":"es","@id":"https:\/\/www.alternatievemiddelen.nl\/#\/schema\/logo\/image\/","url":"https:\/\/www.alternatievemiddelen.nl\/wp-content\/uploads\/2023\/10\/alternatievemiddelen-PNG-logo.png","contentUrl":"https:\/\/www.alternatievemiddelen.nl\/wp-content\/uploads\/2023\/10\/alternatievemiddelen-PNG-logo.png","width":6400,"height":3062,"caption":"Alternatievemiddelen.nl"},"image":{"@id":"https:\/\/www.alternatievemiddelen.nl\/#\/schema\/logo\/image\/"}}]}},"_links":{"self":[{"href":"https:\/\/www.alternatievemiddelen.nl\/es\/wp-json\/wp\/v2\/product\/34575","targetHints":{"allow":["GET"]}}],"collection":[{"href":"https:\/\/www.alternatievemiddelen.nl\/es\/wp-json\/wp\/v2\/product"}],"about":[{"href":"https:\/\/www.alternatievemiddelen.nl\/es\/wp-json\/wp\/v2\/types\/product"}],"replies":[{"embeddable":true,"href":"https:\/\/www.alternatievemiddelen.nl\/es\/wp-json\/wp\/v2\/comments?post=34575"}],"wp:featuredmedia":[{"embeddable":true,"href":"https:\/\/www.alternatievemiddelen.nl\/es\/wp-json\/wp\/v2\/media\/31081"}],"wp:attachment":[{"href":"https:\/\/www.alternatievemiddelen.nl\/es\/wp-json\/wp\/v2\/media?parent=34575"}],"wp:term":[{"taxonomy":"product_brand","embeddable":true,"href":"https:\/\/www.alternatievemiddelen.nl\/es\/wp-json\/wp\/v2\/product_brand?post=34575"},{"taxonomy":"product_cat","embeddable":true,"href":"https:\/\/www.alternatievemiddelen.nl\/es\/wp-json\/wp\/v2\/product_cat?post=34575"},{"taxonomy":"product_tag","embeddable":true,"href":"https:\/\/www.alternatievemiddelen.nl\/es\/wp-json\/wp\/v2\/product_tag?post=34575"},{"taxonomy":"merk","embeddable":true,"href":"https:\/\/www.alternatievemiddelen.nl\/es\/wp-json\/wp\/v2\/merk?post=34575"}],"curies":[{"name":"wp","href":"https:\/\/api.w.org\/{rel}","templated":true}]}}