{"id":34581,"date":"2024-02-27T08:54:50","date_gmt":"2024-02-27T07:54:50","guid":{"rendered":"https:\/\/www.alternatievemiddelen.nl\/?post_type=product&#038;p=34581"},"modified":"2025-04-28T07:54:26","modified_gmt":"2025-04-28T05:54:26","slug":"vitakruid-magnesium-200-complex-90-tabletten","status":"publish","type":"product","link":"https:\/\/www.alternatievemiddelen.nl\/es\/productos\/vitakruid-magnesio-200-complex-90-comprimidos\/","title":{"rendered":"Vitakruid Magnesio 200 Complex 90 comprimidos"},"content":{"rendered":"<p>Vitakruid Magnesio 200 Complex 90 comprimidos - Preparado mineral<\/p>\n<p>El magnesio est\u00e1 en la base de m\u00e1s de 300 procesos bioqu\u00edmicos de nuestro organismo. Por lo tanto, un equilibrio inadecuado de magnesio puede manifestarse de innumerables maneras. Por eso decidimos combinar todas las formas de magnesio org\u00e1nico que ofrecemos por separado en un solo suplemento. De este modo, combinamos las aplicaciones espec\u00edficas de las diferentes formas, haciendo de Magnesium Complex un suplemento de amplia aplicaci\u00f3n.<\/p>\n<p>El bisglicinato de magnesio es un compuesto entre magnesio y dos mol\u00e9culas (bis) del amino\u00e1cido glicina. El taurato de magnesio es una combinaci\u00f3n de la sustancia similar al amino\u00e1cido l-taurina y magnesio. Los enlaces con la l-taurina y la glicina facilitan que el magnesio atraviese la barrera hematoencef\u00e1lica. Por consiguiente, la absorci\u00f3n en el tejido cerebral del taurato y el bisglicinato de magnesio tambi\u00e9n es mejor que la de otras formas de magnesio.<\/p>\n<p>El malato de magnesio es un compuesto de magnesio y \u00e1cido m\u00e1lico; a su vez, el citrato de magnesio est\u00e1 unido al \u00e1cido c\u00edtrico. Ambos \u00e1cidos forman parte del llamado ciclo del \u00e1cido c\u00edtrico. Este sistema bioqu\u00edmico garantiza la mayor parte de la energ\u00eda que nuestro cuerpo produce en las c\u00e9lulas. Adem\u00e1s, las investigaciones demuestran que nuestro tejido muscular absorbe relativamente bien el malato y el citrato de magnesio en comparaci\u00f3n con otros compuestos de magnesio.<\/p>\n<p><u>Formas org\u00e1nicas y quelatadas<\/u><br \/>\nEl malato, el taurato, el bisglicinato y el citrato de magnesio son formas org\u00e1nicas de magnesio. Las formas inorg\u00e1nicas de magnesio, como el cloruro de magnesio, el \u00f3xido de magnesio y el sulfato de magnesio, son menos biodisponibles y, por tanto, se absorben peor. Por ejemplo, el sulfato de magnesio s\u00f3lo tiene una biodisponibilidad de 4%. Esto significa que una dosis de 200 mg de sulfato de magnesio s\u00f3lo es eficaz para 8 mg.<\/p>\n<p>Nuestra dieta diaria suele contener magnesio ligado inorg\u00e1nicamente. Esto se debe a que son las formas que se encuentran en el suelo y que absorben las plantas que comemos cada d\u00eda. Algunos ejemplos son el \u00f3xido de magnesio y el carbonato de magnesio. Por lo tanto, nuestro cuerpo s\u00f3lo absorbe una peque\u00f1a parte del magnesio que obtenemos de los alimentos habituales.<\/p>\n<p>Las mejores formas que conocemos son los quelatos de magnesio, como el taurato de magnesio, el malato de magnesio y el bisglicinato de magnesio. La estructura de un quelato de amino\u00e1cido es tan fuerte que nuestro jugo g\u00e1strico no puede dividir la forma. Esto se debe a los amino\u00e1cidos de la forma quelatada, que act\u00faan como una capa protectora del magnesio, por as\u00ed decirlo. De este modo, el bisglicinato de magnesio llega a nuestros intestinos como un elemento completo, donde nuestro cuerpo absorbe el valioso mineral. Adem\u00e1s, la naturaleza quelatada del amino\u00e1cido garantiza menos molestias gastrointestinales, en comparaci\u00f3n con las formas de magnesio no quelatadas.<\/p>\n<p><u>Vitamina B6 como piridoxal-5-fosfato<\/u><br \/>\nLa vitamina B6 mejora la absorci\u00f3n del magnesio. Adem\u00e1s, esta vitamina tiene muchos efectos beneficiosos para la salud del organismo respaldados cient\u00edficamente. El piridoxal-5-fosfato (la forma coenzim\u00e1tica biol\u00f3gicamente activa de la vitamina B6) tiene mejor biodisponibilidad y es m\u00e1s seguro que la piridoxina. En nuestros productos s\u00f3lo utilizamos la forma P-5-P.<\/p>\n<p>- El magnesio interviene en la formaci\u00f3n y el mantenimiento de huesos fuertes.<br \/>\n- El magnesio es bueno para la funci\u00f3n cerebral, el estado de \u00e1nimo, el proceso de divisi\u00f3n celular, la memoria, el rendimiento en el aprendizaje y la concentraci\u00f3n.<br \/>\n- El magnesio contribuye a mantener una s\u00edntesis proteica normal, un equilibrio electrol\u00edtico adecuado y un metabolismo energ\u00e9tico normal.<br \/>\n- El magnesio es importante para unos dientes fuertes.<br \/>\n- El magnesio es bueno para los m\u00fasculos y el sistema nervioso.<br \/>\n- El magnesio es beneficioso para reducir la fatiga y el letargo.<br \/>\n- La vitamina B6 es buena para la producci\u00f3n de gl\u00f3bulos rojos, prote\u00ednas y ciste\u00edna, entre otras cosas.<\/p>\n<table>\n<tbody>\n<tr>\n<td><u><b>Composici\u00f3n por dosis diaria de 1 comprimido:<\/b><\/u><\/td>\n<td><\/td>\n<td><u><b>RI*<\/b><\/u><\/td>\n<\/tr>\n<tr>\n<td>Magnesio (taurato)<\/td>\n<td>50 mg<\/td>\n<td>13,3%<\/td>\n<\/tr>\n<tr>\n<td>Magnesio (malato)<\/td>\n<td>50 mg<\/td>\n<td>13,3%<\/td>\n<\/tr>\n<tr>\n<td>Magnesio (bisglicinato)<\/td>\n<td>50 mg<\/td>\n<td>13,3%<\/td>\n<\/tr>\n<tr>\n<td>Magnesio (citrato)<\/td>\n<td>50 mg<\/td>\n<td>13,3%<\/td>\n<\/tr>\n<tr>\n<td>L-Taurina<\/td>\n<td>522 mg<\/td>\n<td>**<\/td>\n<\/tr>\n<tr>\n<td>Vitamina B6 (piridoxal-5-fosfato)<\/td>\n<td>0,7 mg<\/td>\n<td>50%<\/td>\n<\/tr>\n<\/tbody>\n<\/table>\n<p>* Ingesta de referencia<br \/>\n** No se ha establecido RI<\/p>\n<p><u><b>Ingredientes<\/b><\/u><br \/>\nL-taurina, taurato de magnesio, citrato de magnesio, bisglicinato de magnesio, malato de magnesio, celulosa microcristalina (antiaglomerante), \u00e1cido este\u00e1rico (antiaglomerante), HPMC (agente de recubrimiento), glicerol (humectante), vitamina B6 (piridoxal-5-fosfato).<\/p>\n<p><u><b>Utilice<\/b><\/u><br \/>\nTomar de 1 a 2 comprimidos al d\u00eda.<br \/>\nNo apto para ni\u00f1os menores de 3 a\u00f1os.<\/p>\n<p>Este producto es un suplemento diet\u00e9tico.<\/p>\n<p>No superar la dosis recomendada.<\/p>\n<p>Una dieta variada y equilibrada y un estilo de vida sano son importantes. Un suplemento diet\u00e9tico no sustituye a una dieta variada.<\/p>\n<p>Mantener fuera del alcance de los ni\u00f1os peque\u00f1os.<\/p>\n<p>Cons\u00e9rvese seco, cerrado y a temperatura ambiente, salvo indicaci\u00f3n contraria en la etiqueta.<\/p>\n<p>Consulte a un experto antes de tomar suplementos en caso de embarazo, lactancia, uso de medicamentos y enfermedad.<\/p>","protected":false},"excerpt":{"rendered":"<p>Vitakruid Magnesio 200 Complex 90 comprimidos - Preparado mineral.<\/p>","protected":false},"featured_media":31083,"comment_status":"open","ping_status":"closed","template":"","meta":[],"product_brand":[],"product_cat":[2938],"product_tag":[3393,3388,3394],"merk":[3436],"class_list":{"0":"post-34581","1":"product","2":"type-product","3":"status-publish","4":"has-post-thumbnail","6":"product_cat-vitamines-mineralen-en-supplementen","7":"product_tag-magnesium-200-complex","8":"product_tag-vitakruid","9":"product_tag-vitakruid-magnesium-200-complex","10":"merk-vitakruid","12":"first","13":"instock","14":"taxable","15":"shipping-taxable","16":"purchasable","17":"product-type-simple"},"bundled_by":[],"bundle_stock_status":"instock","bundle_stock_quantity":null,"bundle_virtual":false,"bundle_layout":"","bundle_add_to_cart_form_location":"","bundle_editable_in_cart":false,"bundle_sold_individually_context":"","bundle_item_grouping":"","bundle_min_size":"","bundle_max_size":"","bundle_price":[],"bundled_items":[],"bundle_sell_ids":[],"yoast_head":"<!-- This site is optimized with the Yoast SEO plugin v26.1 - https:\/\/yoast.com\/wordpress\/plugins\/seo\/ -->\n<title>Vitakruid Magnesium 200 Complex 90 tabletten - Alternatievemiddelen.nl<\/title>\n<meta name=\"description\" content=\"Vitakruid Magnesium 200 Complex 90 tabletten - Mineralenpreparaat.\" \/>\n<meta name=\"robots\" content=\"noindex, follow\" \/>\n<meta property=\"og:locale\" content=\"es_ES\" \/>\n<meta property=\"og:type\" content=\"article\" \/>\n<meta property=\"og:title\" content=\"Vitakruid Magnesium 200 Complex 90 tabletten - Alternatievemiddelen.nl\" \/>\n<meta property=\"og:description\" content=\"Vitakruid Magnesium 200 Complex 90 tabletten - Mineralenpreparaat.\" \/>\n<meta property=\"og:url\" content=\"https:\/\/www.alternatievemiddelen.nl\/es\/productos\/vitakruid-magnesio-200-complex-90-comprimidos\/\" \/>\n<meta property=\"og:site_name\" content=\"Alternatievemiddelen.nl\" \/>\n<meta property=\"article:publisher\" content=\"https:\/\/www.facebook.com\/alternatievemiddelen\" \/>\n<meta property=\"article:modified_time\" content=\"2025-04-28T05:54:26+00:00\" \/>\n<meta property=\"og:image\" content=\"\/wp-content\/uploads\/2023\/12\/Vitakruid-Magnesium-200-Complex.jpg\" \/>\n\t<meta property=\"og:image:width\" content=\"600\" \/>\n\t<meta property=\"og:image:height\" content=\"800\" \/>\n\t<meta property=\"og:image:type\" content=\"image\/jpeg\" \/>\n<meta name=\"twitter:card\" content=\"summary_large_image\" \/>\n<meta name=\"twitter:label1\" content=\"Tiempo de lectura\" \/>\n\t<meta name=\"twitter:data1\" content=\"4 minutos\" \/>\n<script type=\"application\/ld+json\" class=\"yoast-schema-graph\">{\"@context\":\"https:\/\/schema.org\",\"@graph\":[{\"@type\":[\"WebPage\",\"ItemPage\"],\"@id\":\"https:\/\/www.alternatievemiddelen.nl\/producten\/vitakruid-magnesium-200-complex-90-tabletten\/\",\"url\":\"https:\/\/www.alternatievemiddelen.nl\/producten\/vitakruid-magnesium-200-complex-90-tabletten\/\",\"name\":\"Vitakruid Magnesium 200 Complex 90 tabletten - Alternatievemiddelen.nl\",\"isPartOf\":{\"@id\":\"https:\/\/www.alternatievemiddelen.nl\/#website\"},\"primaryImageOfPage\":{\"@id\":\"https:\/\/www.alternatievemiddelen.nl\/producten\/vitakruid-magnesium-200-complex-90-tabletten\/#primaryimage\"},\"image\":{\"@id\":\"https:\/\/www.alternatievemiddelen.nl\/producten\/vitakruid-magnesium-200-complex-90-tabletten\/#primaryimage\"},\"thumbnailUrl\":\"https:\/\/www.alternatievemiddelen.nl\/wp-content\/uploads\/2023\/12\/Vitakruid-Magnesium-200-Complex.jpg\",\"datePublished\":\"2024-02-27T07:54:50+00:00\",\"dateModified\":\"2025-04-28T05:54:26+00:00\",\"description\":\"Vitakruid Magnesium 200 Complex 90 tabletten - Mineralenpreparaat.\",\"breadcrumb\":{\"@id\":\"https:\/\/www.alternatievemiddelen.nl\/producten\/vitakruid-magnesium-200-complex-90-tabletten\/#breadcrumb\"},\"inLanguage\":\"es\",\"potentialAction\":[{\"@type\":\"ReadAction\",\"target\":[\"https:\/\/www.alternatievemiddelen.nl\/producten\/vitakruid-magnesium-200-complex-90-tabletten\/\"]}]},{\"@type\":\"ImageObject\",\"inLanguage\":\"es\",\"@id\":\"https:\/\/www.alternatievemiddelen.nl\/producten\/vitakruid-magnesium-200-complex-90-tabletten\/#primaryimage\",\"url\":\"https:\/\/www.alternatievemiddelen.nl\/wp-content\/uploads\/2023\/12\/Vitakruid-Magnesium-200-Complex.jpg\",\"contentUrl\":\"https:\/\/www.alternatievemiddelen.nl\/wp-content\/uploads\/2023\/12\/Vitakruid-Magnesium-200-Complex.jpg\",\"width\":600,\"height\":800,\"caption\":\"Vitakruid Magnesium 200 Complex 90 tabletten\"},{\"@type\":\"BreadcrumbList\",\"@id\":\"https:\/\/www.alternatievemiddelen.nl\/producten\/vitakruid-magnesium-200-complex-90-tabletten\/#breadcrumb\",\"itemListElement\":[{\"@type\":\"ListItem\",\"position\":1,\"name\":\"Home\",\"item\":\"https:\/\/www.alternatievemiddelen.nl\/\"},{\"@type\":\"ListItem\",\"position\":2,\"name\":\"Producten\",\"item\":\"https:\/\/www.alternatievemiddelen.nl\/producten\/\"},{\"@type\":\"ListItem\",\"position\":3,\"name\":\"Vitakruid Magnesium 200 Complex 90 tabletten\"}]},{\"@type\":\"WebSite\",\"@id\":\"https:\/\/www.alternatievemiddelen.nl\/#website\",\"url\":\"https:\/\/www.alternatievemiddelen.nl\/\",\"name\":\"Alternatievemiddelen.nl\",\"description\":\"Webshop met gezonde, duurzame en ecologische alternatieve mogelijkheden in de hedendaagse levenstijl. Alles uit eigen ervaring.\",\"publisher\":{\"@id\":\"https:\/\/www.alternatievemiddelen.nl\/#organization\"},\"alternateName\":\"Alternatieve Middelen\",\"potentialAction\":[{\"@type\":\"SearchAction\",\"target\":{\"@type\":\"EntryPoint\",\"urlTemplate\":\"https:\/\/www.alternatievemiddelen.nl\/?s={search_term_string}\"},\"query-input\":{\"@type\":\"PropertyValueSpecification\",\"valueRequired\":true,\"valueName\":\"search_term_string\"}}],\"inLanguage\":\"es\"},{\"@type\":\"Organization\",\"@id\":\"https:\/\/www.alternatievemiddelen.nl\/#organization\",\"name\":\"Alternatievemiddelen.nl\",\"alternateName\":\"Alternatieve Middelen\",\"url\":\"https:\/\/www.alternatievemiddelen.nl\/\",\"logo\":{\"@type\":\"ImageObject\",\"inLanguage\":\"es\",\"@id\":\"https:\/\/www.alternatievemiddelen.nl\/#\/schema\/logo\/image\/\",\"url\":\"https:\/\/www.alternatievemiddelen.nl\/wp-content\/uploads\/2023\/10\/alternatievemiddelen-PNG-logo.png\",\"contentUrl\":\"https:\/\/www.alternatievemiddelen.nl\/wp-content\/uploads\/2023\/10\/alternatievemiddelen-PNG-logo.png\",\"width\":6400,\"height\":3062,\"caption\":\"Alternatievemiddelen.nl\"},\"image\":{\"@id\":\"https:\/\/www.alternatievemiddelen.nl\/#\/schema\/logo\/image\/\"},\"sameAs\":[\"https:\/\/www.facebook.com\/alternatievemiddelen\",\"https:\/\/www.instagram.com\/alternatievemiddelen.nl\/\"]}]}<\/script>\n<!-- \/ Yoast SEO plugin. -->","yoast_head_json":{"title":"Vitakruid Magnesium 200 Complex 90 tabletten - Alternatievemiddelen.nl","description":"Vitakruid Magnesium 200 Complex 90 tabletten - Mineralenpreparaat.","robots":{"index":"noindex","follow":"follow"},"og_locale":"es_ES","og_type":"article","og_title":"Vitakruid Magnesium 200 Complex 90 tabletten - Alternatievemiddelen.nl","og_description":"Vitakruid Magnesium 200 Complex 90 tabletten - Mineralenpreparaat.","og_url":"https:\/\/www.alternatievemiddelen.nl\/es\/productos\/vitakruid-magnesio-200-complex-90-comprimidos\/","og_site_name":"Alternatievemiddelen.nl","article_publisher":"https:\/\/www.facebook.com\/alternatievemiddelen","article_modified_time":"2025-04-28T05:54:26+00:00","og_image":[{"width":600,"height":800,"url":"\/wp-content\/uploads\/2023\/12\/Vitakruid-Magnesium-200-Complex.jpg","type":"image\/jpeg"}],"twitter_card":"summary_large_image","twitter_misc":{"Tiempo de lectura":"4 minutos"},"schema":{"@context":"https:\/\/schema.org","@graph":[{"@type":["WebPage","ItemPage"],"@id":"https:\/\/www.alternatievemiddelen.nl\/producten\/vitakruid-magnesium-200-complex-90-tabletten\/","url":"https:\/\/www.alternatievemiddelen.nl\/producten\/vitakruid-magnesium-200-complex-90-tabletten\/","name":"Vitakruid Magnesium 200 Complex 90 tabletten - Alternatievemiddelen.nl","isPartOf":{"@id":"https:\/\/www.alternatievemiddelen.nl\/#website"},"primaryImageOfPage":{"@id":"https:\/\/www.alternatievemiddelen.nl\/producten\/vitakruid-magnesium-200-complex-90-tabletten\/#primaryimage"},"image":{"@id":"https:\/\/www.alternatievemiddelen.nl\/producten\/vitakruid-magnesium-200-complex-90-tabletten\/#primaryimage"},"thumbnailUrl":"https:\/\/www.alternatievemiddelen.nl\/wp-content\/uploads\/2023\/12\/Vitakruid-Magnesium-200-Complex.jpg","datePublished":"2024-02-27T07:54:50+00:00","dateModified":"2025-04-28T05:54:26+00:00","description":"Vitakruid Magnesium 200 Complex 90 tabletten - Mineralenpreparaat.","breadcrumb":{"@id":"https:\/\/www.alternatievemiddelen.nl\/producten\/vitakruid-magnesium-200-complex-90-tabletten\/#breadcrumb"},"inLanguage":"es","potentialAction":[{"@type":"ReadAction","target":["https:\/\/www.alternatievemiddelen.nl\/producten\/vitakruid-magnesium-200-complex-90-tabletten\/"]}]},{"@type":"ImageObject","inLanguage":"es","@id":"https:\/\/www.alternatievemiddelen.nl\/producten\/vitakruid-magnesium-200-complex-90-tabletten\/#primaryimage","url":"https:\/\/www.alternatievemiddelen.nl\/wp-content\/uploads\/2023\/12\/Vitakruid-Magnesium-200-Complex.jpg","contentUrl":"https:\/\/www.alternatievemiddelen.nl\/wp-content\/uploads\/2023\/12\/Vitakruid-Magnesium-200-Complex.jpg","width":600,"height":800,"caption":"Vitakruid Magnesium 200 Complex 90 tabletten"},{"@type":"BreadcrumbList","@id":"https:\/\/www.alternatievemiddelen.nl\/producten\/vitakruid-magnesium-200-complex-90-tabletten\/#breadcrumb","itemListElement":[{"@type":"ListItem","position":1,"name":"Home","item":"https:\/\/www.alternatievemiddelen.nl\/"},{"@type":"ListItem","position":2,"name":"Producten","item":"https:\/\/www.alternatievemiddelen.nl\/producten\/"},{"@type":"ListItem","position":3,"name":"Vitakruid Magnesium 200 Complex 90 tabletten"}]},{"@type":"WebSite","@id":"https:\/\/www.alternatievemiddelen.nl\/#website","url":"https:\/\/www.alternatievemiddelen.nl\/","name":"Alternatievemiddelen.nl","description":"Webshop met gezonde, duurzame en ecologische alternatieve mogelijkheden in de hedendaagse levenstijl. Alles uit eigen ervaring.","publisher":{"@id":"https:\/\/www.alternatievemiddelen.nl\/#organization"},"alternateName":"Alternatieve Middelen","potentialAction":[{"@type":"SearchAction","target":{"@type":"EntryPoint","urlTemplate":"https:\/\/www.alternatievemiddelen.nl\/?s={search_term_string}"},"query-input":{"@type":"PropertyValueSpecification","valueRequired":true,"valueName":"search_term_string"}}],"inLanguage":"es"},{"@type":"Organization","@id":"https:\/\/www.alternatievemiddelen.nl\/#organization","name":"Alternatievemiddelen.nl","alternateName":"Alternatieve Middelen","url":"https:\/\/www.alternatievemiddelen.nl\/","logo":{"@type":"ImageObject","inLanguage":"es","@id":"https:\/\/www.alternatievemiddelen.nl\/#\/schema\/logo\/image\/","url":"https:\/\/www.alternatievemiddelen.nl\/wp-content\/uploads\/2023\/10\/alternatievemiddelen-PNG-logo.png","contentUrl":"https:\/\/www.alternatievemiddelen.nl\/wp-content\/uploads\/2023\/10\/alternatievemiddelen-PNG-logo.png","width":6400,"height":3062,"caption":"Alternatievemiddelen.nl"},"image":{"@id":"https:\/\/www.alternatievemiddelen.nl\/#\/schema\/logo\/image\/"},"sameAs":["https:\/\/www.facebook.com\/alternatievemiddelen","https:\/\/www.instagram.com\/alternatievemiddelen.nl\/"]}]}},"_links":{"self":[{"href":"https:\/\/www.alternatievemiddelen.nl\/es\/wp-json\/wp\/v2\/product\/34581","targetHints":{"allow":["GET"]}}],"collection":[{"href":"https:\/\/www.alternatievemiddelen.nl\/es\/wp-json\/wp\/v2\/product"}],"about":[{"href":"https:\/\/www.alternatievemiddelen.nl\/es\/wp-json\/wp\/v2\/types\/product"}],"replies":[{"embeddable":true,"href":"https:\/\/www.alternatievemiddelen.nl\/es\/wp-json\/wp\/v2\/comments?post=34581"}],"wp:featuredmedia":[{"embeddable":true,"href":"https:\/\/www.alternatievemiddelen.nl\/es\/wp-json\/wp\/v2\/media\/31083"}],"wp:attachment":[{"href":"https:\/\/www.alternatievemiddelen.nl\/es\/wp-json\/wp\/v2\/media?parent=34581"}],"wp:term":[{"taxonomy":"product_brand","embeddable":true,"href":"https:\/\/www.alternatievemiddelen.nl\/es\/wp-json\/wp\/v2\/product_brand?post=34581"},{"taxonomy":"product_cat","embeddable":true,"href":"https:\/\/www.alternatievemiddelen.nl\/es\/wp-json\/wp\/v2\/product_cat?post=34581"},{"taxonomy":"product_tag","embeddable":true,"href":"https:\/\/www.alternatievemiddelen.nl\/es\/wp-json\/wp\/v2\/product_tag?post=34581"},{"taxonomy":"merk","embeddable":true,"href":"https:\/\/www.alternatievemiddelen.nl\/es\/wp-json\/wp\/v2\/merk?post=34581"}],"curies":[{"name":"wp","href":"https:\/\/api.w.org\/{rel}","templated":true}]}}