{"id":35863,"date":"2024-05-27T11:41:10","date_gmt":"2024-05-27T09:41:10","guid":{"rendered":"https:\/\/www.alternatievemiddelen.nl\/?post_type=product&#038;p=35863"},"modified":"2026-04-25T09:38:21","modified_gmt":"2026-04-25T07:38:21","slug":"crown-berkey-set-rvs","status":"publish","type":"product","link":"https:\/\/www.alternatievemiddelen.nl\/es\/productos\/set-crown-berkey-acero-inoxidable\/","title":{"rendered":"Juego Crown Berkey: Filtro de agua 22,7L (incluye 2 elementos negros Berkey) + grifo de acero inoxidable + soporte"},"content":{"rendered":"<p>Crown Berkey Water Filter Set - Berkey es una de las marcas de filtros de agua y sistemas de purificaci\u00f3n m\u00e1s vendidas en todo el mundo y est\u00e1 recomendada por varias revistas de salud, laboratorios y sitios web independientes sobre salud. Cuenta con millones de clientes satisfechos en todo el mundo.<br \/>\n&nbsp;<\/p>\n<h3>Informaci\u00f3n sobre el filtro de agua Crown Berkey<\/h3>\n<p>Los filtros de agua Berkey filtran m\u00e1s del 99,9% de cloro, virus, bacterias, quistes, residuos de medicamentos, par\u00e1sitos y contaminantes qu\u00edmicos peligrosos. Los metales pesados se filtran durante 95% (hasta casi 100% incluso con\u00a0<a href=\"https:\/\/www.alternatievemiddelen.nl\/es\/productos\/elementos-filtrantes-de-fluor-y-arsenico\/\">filtros de fl\u00faor y ars\u00e9nico<\/a>). Los minerales esenciales que su cuerpo necesita se retienen en el proceso. El filtro de agua Crown Berkey viene con 2 originales <a href=\"https:\/\/www.alternatievemiddelen.nl\/es\/productos\/elementos-filtrantes-de-agua-black-berkey\/\">Elementos filtrantes Berkey negros<\/a> y puede ampliarse a 8 elementos. <a href=\"https:\/\/www.alternatievemiddelen.nl\/es\/productos\/elementos-filtrantes-de-agua-black-berkey\/\">Elementos filtrantes Berkey negros<\/a> utilizan los \u00faltimos avances tecnol\u00f3gicos en purificaci\u00f3n de agua. Por ello, los filtros de agua Berkey se consideran los mejores y m\u00e1s duraderos sistemas de filtraci\u00f3n de agua del mercado y son los filtros de agua port\u00e1tiles con mejores prestaciones. Los elementos filtrantes Black Berkey han sido probados por un laboratorio independiente de acuerdo con las normas NSF\/ANSI 42 y 53. Consulte el <a href=\"https:\/\/www.alternatievemiddelen.nl\/wp-content\/uploads\/2023\/07\/Testrapport-Black-Berkey-filterelementen.pdf\" target=\"_blank\" rel=\"noopener\">informe de laboratorio<\/a> para m\u00e1s detalles.<\/p>\n<p>La unidad tiene capacidad para unos 22,7 litros de agua, m\u00e1s que suficiente para la mayor\u00eda de las necesidades. Puedes utilizar los elementos filtrantes Black Berkey durante varios a\u00f1os, lo que significa que amortizar\u00e1s r\u00e1pidamente la unidad en comparaci\u00f3n con otras marcas de filtros de agua.<\/p>\n<p>La carcasa es de acero inoxidable pulido (304), para una mayor durabilidad.<br \/>\n&nbsp;<\/p>\n<h3>Caracter\u00edsticas Crown Berkey Filtro de agua<\/h3>\n<ul>\n<li>El filtro de agua ideal para familias numerosas, grupos, eventos, guarder\u00edas y oficinas. Adecuado para su uso por 6-12 personas<\/li>\n<li>Filtra virus, bacterias, quistes y par\u00e1sitos durante m\u00e1s del 99,9%<\/li>\n<li>Filtra tan bien los pesticidas y los residuos de medicamentos que ya no es medible<\/li>\n<li>Filtra metales pesados durante m\u00e1s de 95% (hasta casi 100% incluso con\u00a0<a href=\"https:\/\/www.alternatievemiddelen.nl\/es\/productos\/elementos-filtrantes-de-fluor-y-arsenico\/\">filtros de fl\u00faor y ars\u00e9nico<\/a>)<\/li>\n<li>F\u00e1cil de usar<\/li>\n<li>Capacidad para 22,7 litros<\/li>\n<li>Se suministra de serie con 2 <a href=\"https:\/\/www.alternatievemiddelen.nl\/es\/productos\/elementos-filtrantes-de-agua-black-berkey\/\">Elementos filtrantes Berkey negros<\/a><\/li>\n<li>Ampliable hasta 8\u00a0<a href=\"https:\/\/www.alternatievemiddelen.nl\/es\/productos\/elementos-filtrantes-de-agua-black-berkey\/\">Elementos filtrantes Berkey negros<\/a><\/li>\n<li>Acero inoxidable AISI 304 pulido de gran durabilidad<\/li>\n<li>Filtra 24,6 litros por hora con 2 elementos<\/li>\n<li>Filtra 49,1 litros por hora con 4 elementos<\/li>\n<li>Filtra 73,8 litros por hora con 6 elementos<\/li>\n<li>Filtra 98,4 litros por hora con 8 elementos<\/li>\n<li>Altura: 76,2 cm<\/li>\n<li>Di\u00e1metro: 28 cm<\/li>\n<\/ul>\n<p>&nbsp;<br \/>\nEl juego de filtros de agua Crown Berkey (en oferta) se compone de los productos enumerados a continuaci\u00f3n. Haga clic en los n\u00fameros de los art\u00edculos para obtener m\u00e1s informaci\u00f3n sobre cada uno de los productos. Los productos del set:<\/p>\n<ul>\n<li>Crown Berkey Filtro de agua 22,7L (incluye 2 elementos negros Berkey) - art.no. <a href=\"https:\/\/www.alternatievemiddelen.nl\/es\/productos\/filtro-de-agua-crown-berkey\/\">BRCRN8X2-BB<\/a><\/li>\n<li>V\u00e1lvula de acero inoxidable para sistemas Berkey - Ref. <a href=\"https:\/\/www.alternatievemiddelen.nl\/es\/productos\/grifo-de-acero-inoxidable-sistemas-berkey\/\">BRSPIGOT-SS<\/a><\/li>\n<li>Est\u00e1ndar para filtro de agua Crown Berkey - art. no. <a href=\"https:\/\/www.alternatievemiddelen.nl\/es\/productos\/soporte-para-filtro-de-agua-imperial-crown-berkey\/\">BRXLRGBASE<\/a><\/li>\n<\/ul>\n<p>&nbsp;<\/p>\n<h3>Instalaci\u00f3n<\/h3>\n<p>Puede montar f\u00e1cilmente el Crown Berkey en cuesti\u00f3n de minutos y sin herramientas. El primer paso para preparar un filtro de agua Berkey es el cebado <a href=\"https:\/\/www.alternatievemiddelen.nl\/es\/productos\/elementos-filtrantes-de-agua-black-berkey\/\">Elementos filtrantes Berkey negros<\/a>. Es importante que esto se haga correctamente, de lo contrario la purificaci\u00f3n del agua llevar\u00e1 mucho tiempo. Para toda la informaci\u00f3n sobre los filtros de agua Berkey, consulte nuestro <a href=\"https:\/\/www.alternatievemiddelen.nl\/es\/la-biblioteca\/\">biblioteca<\/a>que incluye manuales, v\u00eddeos de instrucciones y respuestas a las preguntas m\u00e1s frecuentes. Si falla el cebado con el grifo <a href=\"https:\/\/www.alternatievemiddelen.nl\/es\/productos\/bomba-automatica-de-cebado-de-filtro-boroux\/\">bomba autom\u00e1tica de cebado<\/a> o <a href=\"https:\/\/www.alternatievemiddelen.nl\/es\/productos\/black-berkey-primer\/\">bomba de cebado manual<\/a> nos haga un pedido.<\/p>","protected":false},"excerpt":{"rendered":"<p>Juego Crown Berkey compuesto por: Crown Berkey Filtro de agua 22,7L (incluye 2 elementos filtrantes Berkey negros), grifo y base de acero inoxidable (est\u00e1ndar).<\/p>\n<p><span style=\"color: #274001;\"><strong>Este combo consiste en:<\/strong><\/span><\/p>","protected":false},"featured_media":44066,"comment_status":"open","ping_status":"closed","template":"","meta":[],"product_brand":[],"product_cat":[2971,3478],"product_tag":[2961,2974,3173,3172,2929,2976,2977,3009,3010,2880,3030,2885,2979,2980,2981],"merk":[3432],"class_list":{"0":"post-35863","1":"product","2":"type-product","3":"status-publish","4":"has-post-thumbnail","6":"product_cat-waterfilters","7":"product_cat-combideals","8":"product_tag-berkey","9":"product_tag-black-berkey","10":"product_tag-crown","11":"product_tag-crown-berkey","12":"product_tag-duurzaam","13":"product_tag-filterelement","14":"product_tag-hormoonvrij","15":"product_tag-kraantje","16":"product_tag-roestvrij","17":"product_tag-rvs","18":"product_tag-set","19":"product_tag-water","20":"product_tag-waterfilter","21":"product_tag-waterzuivering","22":"product_tag-zuiver","23":"merk-berkey","25":"first","26":"instock","27":"sale","28":"taxable","29":"shipping-taxable","30":"purchasable","31":"product-type-bundle"},"bundled_by":[],"bundle_stock_status":"instock","bundle_stock_quantity":"","bundle_virtual":false,"bundle_layout":"tabular","bundle_add_to_cart_form_location":"default","bundle_editable_in_cart":false,"bundle_sold_individually_context":"product","bundle_item_grouping":"parent","bundle_min_size":3,"bundle_max_size":3,"bundle_price":{"price":{"min":{"incl_tax":"578.55","excl_tax":"478.140496"},"max":{"incl_tax":"578.55","excl_tax":"478.140496"}},"regular_price":{"min":{"incl_tax":"609","excl_tax":"503.305785"},"max":{"incl_tax":"609","excl_tax":"503.305785"}}},"bundled_items":[{"bundled_item_id":174,"product_id":34370,"menu_order":0,"quantity_min":1,"quantity_max":1,"quantity_default":1,"priced_individually":false,"shipped_individually":false,"override_title":false,"title":"Crown Berkey Waterfilter 22,7L","override_description":false,"description":"","optional":false,"hide_thumbnail":false,"discount":"","override_variations":true,"allowed_variations":[35828],"override_default_variation_attributes":false,"default_variation_attributes":[],"single_product_visibility":"visible","cart_visibility":"hidden","order_visibility":"hidden","single_product_price_visibility":"visible","cart_price_visibility":"visible","order_price_visibility":"visible","stock_status":"in_stock"},{"bundled_item_id":121,"product_id":34442,"menu_order":1,"quantity_min":1,"quantity_max":1,"quantity_default":1,"priced_individually":false,"shipped_individually":false,"override_title":false,"title":"RVS Kraantje voor Berkey waterfilter en andere merken RVS waterfilters (origineel van Berkey)","override_description":true,"description":"","optional":false,"hide_thumbnail":false,"discount":"","override_variations":false,"allowed_variations":[],"override_default_variation_attributes":false,"default_variation_attributes":[],"single_product_visibility":"visible","cart_visibility":"hidden","order_visibility":"hidden","single_product_price_visibility":"visible","cart_price_visibility":"visible","order_price_visibility":"visible","stock_status":"in_stock"},{"bundled_item_id":122,"product_id":34507,"menu_order":2,"quantity_min":1,"quantity_max":1,"quantity_default":1,"priced_individually":false,"shipped_individually":false,"override_title":false,"title":"Standaard voor Imperial en Crown Berkey waterfilter","override_description":true,"description":"","optional":false,"hide_thumbnail":false,"discount":"","override_variations":false,"allowed_variations":[],"override_default_variation_attributes":false,"default_variation_attributes":[],"single_product_visibility":"visible","cart_visibility":"hidden","order_visibility":"hidden","single_product_price_visibility":"visible","cart_price_visibility":"visible","order_price_visibility":"visible","stock_status":"in_stock"}],"bundle_sell_ids":[],"yoast_head":"<!-- This site is optimized with the Yoast SEO plugin v26.1 - https:\/\/yoast.com\/wordpress\/plugins\/seo\/ -->\n<title>Crown Berkey set: Waterfilter 22,7L (inclusief 2x Black Berkey elementen) + RVS Kraantje + Standaard - Alternatievemiddelen.nl<\/title>\n<meta name=\"description\" content=\"Crown Berkey set bestaande uit: Crown Berkey Waterfilter 22,7L (inclusief 2x Black Berkey filterelementen),\u00a0RVS kraantje en\u00a0basis (standaard).\" \/>\n<meta name=\"robots\" content=\"index, follow, max-snippet:-1, max-image-preview:large, max-video-preview:-1\" \/>\n<link rel=\"canonical\" href=\"https:\/\/www.alternatievemiddelen.nl\/es\/wp-json\/wp\/v2\/product\/35863\" \/>\n<meta property=\"og:locale\" content=\"es_ES\" \/>\n<meta property=\"og:type\" content=\"article\" \/>\n<meta property=\"og:title\" content=\"Crown Berkey set: Waterfilter 22,7L (inclusief 2x Black Berkey elementen) + RVS Kraantje + Standaard - Alternatievemiddelen.nl\" \/>\n<meta property=\"og:description\" content=\"Crown Berkey set bestaande uit: Crown Berkey Waterfilter 22,7L (inclusief 2x Black Berkey filterelementen),\u00a0RVS kraantje en\u00a0basis (standaard).\" \/>\n<meta property=\"og:url\" content=\"https:\/\/www.alternatievemiddelen.nl\/es\/productos\/set-crown-berkey-acero-inoxidable\/\" \/>\n<meta property=\"og:site_name\" content=\"Alternatievemiddelen.nl\" \/>\n<meta property=\"article:modified_time\" content=\"2026-04-25T07:38:21+00:00\" \/>\n<meta property=\"og:image\" content=\"\/wp-content\/uploads\/2024\/02\/Crown_Berkey_set-rvs-nieuw.jpg\" \/>\n\t<meta property=\"og:image:width\" content=\"1200\" \/>\n\t<meta property=\"og:image:height\" content=\"1600\" \/>\n\t<meta property=\"og:image:type\" content=\"image\/jpeg\" \/>\n<meta name=\"twitter:card\" content=\"summary_large_image\" \/>\n<meta name=\"twitter:label1\" content=\"Tiempo de lectura\" \/>\n\t<meta name=\"twitter:data1\" content=\"3 minutos\" \/>\n<script type=\"application\/ld+json\" class=\"yoast-schema-graph\">{\"@context\":\"https:\/\/schema.org\",\"@graph\":[{\"@type\":[\"WebPage\",\"ItemPage\"],\"@id\":\"https:\/\/www.alternatievemiddelen.nl\/producten\/crown-berkey-set-rvs\/\",\"url\":\"https:\/\/www.alternatievemiddelen.nl\/producten\/crown-berkey-set-rvs\/\",\"name\":\"Crown Berkey set: Waterfilter 22,7L (inclusief 2x Black Berkey elementen) + RVS Kraantje + Standaard - Alternatievemiddelen.nl\",\"isPartOf\":{\"@id\":\"https:\/\/www.alternatievemiddelen.nl\/#website\"},\"primaryImageOfPage\":{\"@id\":\"https:\/\/www.alternatievemiddelen.nl\/producten\/crown-berkey-set-rvs\/#primaryimage\"},\"image\":{\"@id\":\"https:\/\/www.alternatievemiddelen.nl\/producten\/crown-berkey-set-rvs\/#primaryimage\"},\"thumbnailUrl\":\"https:\/\/www.alternatievemiddelen.nl\/wp-content\/uploads\/2024\/02\/Crown_Berkey_set-rvs-nieuw.jpg\",\"datePublished\":\"2024-05-27T09:41:10+00:00\",\"dateModified\":\"2026-04-25T07:38:21+00:00\",\"description\":\"Crown Berkey set bestaande uit: Crown Berkey Waterfilter 22,7L (inclusief 2x Black Berkey filterelementen),\u00a0RVS kraantje en\u00a0basis (standaard).\",\"breadcrumb\":{\"@id\":\"https:\/\/www.alternatievemiddelen.nl\/producten\/crown-berkey-set-rvs\/#breadcrumb\"},\"inLanguage\":\"es\",\"potentialAction\":[{\"@type\":\"ReadAction\",\"target\":[\"https:\/\/www.alternatievemiddelen.nl\/producten\/crown-berkey-set-rvs\/\"]}]},{\"@type\":\"ImageObject\",\"inLanguage\":\"es\",\"@id\":\"https:\/\/www.alternatievemiddelen.nl\/producten\/crown-berkey-set-rvs\/#primaryimage\",\"url\":\"https:\/\/www.alternatievemiddelen.nl\/wp-content\/uploads\/2024\/02\/Crown_Berkey_set-rvs-nieuw.jpg\",\"contentUrl\":\"https:\/\/www.alternatievemiddelen.nl\/wp-content\/uploads\/2024\/02\/Crown_Berkey_set-rvs-nieuw.jpg\",\"width\":1200,\"height\":1600,\"caption\":\"Crown Berkey set met rvs kraantje\"},{\"@type\":\"BreadcrumbList\",\"@id\":\"https:\/\/www.alternatievemiddelen.nl\/producten\/crown-berkey-set-rvs\/#breadcrumb\",\"itemListElement\":[{\"@type\":\"ListItem\",\"position\":1,\"name\":\"Home\",\"item\":\"https:\/\/www.alternatievemiddelen.nl\/\"},{\"@type\":\"ListItem\",\"position\":2,\"name\":\"Producten\",\"item\":\"https:\/\/www.alternatievemiddelen.nl\/producten\/\"},{\"@type\":\"ListItem\",\"position\":3,\"name\":\"Crown Berkey set: Waterfilter 22,7L (inclusief 2x Black Berkey elementen) + RVS Kraantje + Standaard\"}]},{\"@type\":\"WebSite\",\"@id\":\"https:\/\/www.alternatievemiddelen.nl\/#website\",\"url\":\"https:\/\/www.alternatievemiddelen.nl\/\",\"name\":\"Alternatievemiddelen.nl\",\"description\":\"Webshop met gezonde, duurzame en ecologische alternatieve mogelijkheden in de hedendaagse levenstijl. Alles uit eigen ervaring.\",\"publisher\":{\"@id\":\"https:\/\/www.alternatievemiddelen.nl\/#organization\"},\"potentialAction\":[{\"@type\":\"SearchAction\",\"target\":{\"@type\":\"EntryPoint\",\"urlTemplate\":\"https:\/\/www.alternatievemiddelen.nl\/?s={search_term_string}\"},\"query-input\":{\"@type\":\"PropertyValueSpecification\",\"valueRequired\":true,\"valueName\":\"search_term_string\"}}],\"inLanguage\":\"es\"},{\"@type\":\"Organization\",\"@id\":\"https:\/\/www.alternatievemiddelen.nl\/#organization\",\"name\":\"Alternatievemiddelen.nl\",\"url\":\"https:\/\/www.alternatievemiddelen.nl\/\",\"logo\":{\"@type\":\"ImageObject\",\"inLanguage\":\"es\",\"@id\":\"https:\/\/www.alternatievemiddelen.nl\/#\/schema\/logo\/image\/\",\"url\":\"https:\/\/www.alternatievemiddelen.nl\/wp-content\/uploads\/2023\/10\/alternatievemiddelen-PNG-logo.png\",\"contentUrl\":\"https:\/\/www.alternatievemiddelen.nl\/wp-content\/uploads\/2023\/10\/alternatievemiddelen-PNG-logo.png\",\"width\":6400,\"height\":3062,\"caption\":\"Alternatievemiddelen.nl\"},\"image\":{\"@id\":\"https:\/\/www.alternatievemiddelen.nl\/#\/schema\/logo\/image\/\"}}]}<\/script>\n<!-- \/ Yoast SEO plugin. -->","yoast_head_json":{"title":"Crown Berkey set: Waterfilter 22,7L (inclusief 2x Black Berkey elementen) + RVS Kraantje + Standaard - Alternatievemiddelen.nl","description":"Crown Berkey set bestaande uit: Crown Berkey Waterfilter 22,7L (inclusief 2x Black Berkey filterelementen),\u00a0RVS kraantje en\u00a0basis (standaard).","robots":{"index":"index","follow":"follow","max-snippet":"max-snippet:-1","max-image-preview":"max-image-preview:large","max-video-preview":"max-video-preview:-1"},"canonical":"https:\/\/www.alternatievemiddelen.nl\/es\/wp-json\/wp\/v2\/product\/35863","og_locale":"es_ES","og_type":"article","og_title":"Crown Berkey set: Waterfilter 22,7L (inclusief 2x Black Berkey elementen) + RVS Kraantje + Standaard - Alternatievemiddelen.nl","og_description":"Crown Berkey set bestaande uit: Crown Berkey Waterfilter 22,7L (inclusief 2x Black Berkey filterelementen),\u00a0RVS kraantje en\u00a0basis (standaard).","og_url":"https:\/\/www.alternatievemiddelen.nl\/es\/productos\/set-crown-berkey-acero-inoxidable\/","og_site_name":"Alternatievemiddelen.nl","article_modified_time":"2026-04-25T07:38:21+00:00","og_image":[{"width":1200,"height":1600,"url":"\/wp-content\/uploads\/2024\/02\/Crown_Berkey_set-rvs-nieuw.jpg","type":"image\/jpeg"}],"twitter_card":"summary_large_image","twitter_misc":{"Tiempo de lectura":"3 minutos"},"schema":{"@context":"https:\/\/schema.org","@graph":[{"@type":["WebPage","ItemPage"],"@id":"https:\/\/www.alternatievemiddelen.nl\/producten\/crown-berkey-set-rvs\/","url":"https:\/\/www.alternatievemiddelen.nl\/producten\/crown-berkey-set-rvs\/","name":"Crown Berkey set: Waterfilter 22,7L (inclusief 2x Black Berkey elementen) + RVS Kraantje + Standaard - Alternatievemiddelen.nl","isPartOf":{"@id":"https:\/\/www.alternatievemiddelen.nl\/#website"},"primaryImageOfPage":{"@id":"https:\/\/www.alternatievemiddelen.nl\/producten\/crown-berkey-set-rvs\/#primaryimage"},"image":{"@id":"https:\/\/www.alternatievemiddelen.nl\/producten\/crown-berkey-set-rvs\/#primaryimage"},"thumbnailUrl":"https:\/\/www.alternatievemiddelen.nl\/wp-content\/uploads\/2024\/02\/Crown_Berkey_set-rvs-nieuw.jpg","datePublished":"2024-05-27T09:41:10+00:00","dateModified":"2026-04-25T07:38:21+00:00","description":"Crown Berkey set bestaande uit: Crown Berkey Waterfilter 22,7L (inclusief 2x Black Berkey filterelementen),\u00a0RVS kraantje en\u00a0basis (standaard).","breadcrumb":{"@id":"https:\/\/www.alternatievemiddelen.nl\/producten\/crown-berkey-set-rvs\/#breadcrumb"},"inLanguage":"es","potentialAction":[{"@type":"ReadAction","target":["https:\/\/www.alternatievemiddelen.nl\/producten\/crown-berkey-set-rvs\/"]}]},{"@type":"ImageObject","inLanguage":"es","@id":"https:\/\/www.alternatievemiddelen.nl\/producten\/crown-berkey-set-rvs\/#primaryimage","url":"https:\/\/www.alternatievemiddelen.nl\/wp-content\/uploads\/2024\/02\/Crown_Berkey_set-rvs-nieuw.jpg","contentUrl":"https:\/\/www.alternatievemiddelen.nl\/wp-content\/uploads\/2024\/02\/Crown_Berkey_set-rvs-nieuw.jpg","width":1200,"height":1600,"caption":"Crown Berkey set met rvs kraantje"},{"@type":"BreadcrumbList","@id":"https:\/\/www.alternatievemiddelen.nl\/producten\/crown-berkey-set-rvs\/#breadcrumb","itemListElement":[{"@type":"ListItem","position":1,"name":"Home","item":"https:\/\/www.alternatievemiddelen.nl\/"},{"@type":"ListItem","position":2,"name":"Producten","item":"https:\/\/www.alternatievemiddelen.nl\/producten\/"},{"@type":"ListItem","position":3,"name":"Crown Berkey set: Waterfilter 22,7L (inclusief 2x Black Berkey elementen) + RVS Kraantje + Standaard"}]},{"@type":"WebSite","@id":"https:\/\/www.alternatievemiddelen.nl\/#website","url":"https:\/\/www.alternatievemiddelen.nl\/","name":"Alternatievemiddelen.nl","description":"Webshop met gezonde, duurzame en ecologische alternatieve mogelijkheden in de hedendaagse levenstijl. Alles uit eigen ervaring.","publisher":{"@id":"https:\/\/www.alternatievemiddelen.nl\/#organization"},"potentialAction":[{"@type":"SearchAction","target":{"@type":"EntryPoint","urlTemplate":"https:\/\/www.alternatievemiddelen.nl\/?s={search_term_string}"},"query-input":{"@type":"PropertyValueSpecification","valueRequired":true,"valueName":"search_term_string"}}],"inLanguage":"es"},{"@type":"Organization","@id":"https:\/\/www.alternatievemiddelen.nl\/#organization","name":"Alternatievemiddelen.nl","url":"https:\/\/www.alternatievemiddelen.nl\/","logo":{"@type":"ImageObject","inLanguage":"es","@id":"https:\/\/www.alternatievemiddelen.nl\/#\/schema\/logo\/image\/","url":"https:\/\/www.alternatievemiddelen.nl\/wp-content\/uploads\/2023\/10\/alternatievemiddelen-PNG-logo.png","contentUrl":"https:\/\/www.alternatievemiddelen.nl\/wp-content\/uploads\/2023\/10\/alternatievemiddelen-PNG-logo.png","width":6400,"height":3062,"caption":"Alternatievemiddelen.nl"},"image":{"@id":"https:\/\/www.alternatievemiddelen.nl\/#\/schema\/logo\/image\/"}}]}},"_links":{"self":[{"href":"https:\/\/www.alternatievemiddelen.nl\/es\/wp-json\/wp\/v2\/product\/35863","targetHints":{"allow":["GET"]}}],"collection":[{"href":"https:\/\/www.alternatievemiddelen.nl\/es\/wp-json\/wp\/v2\/product"}],"about":[{"href":"https:\/\/www.alternatievemiddelen.nl\/es\/wp-json\/wp\/v2\/types\/product"}],"replies":[{"embeddable":true,"href":"https:\/\/www.alternatievemiddelen.nl\/es\/wp-json\/wp\/v2\/comments?post=35863"}],"wp:featuredmedia":[{"embeddable":true,"href":"https:\/\/www.alternatievemiddelen.nl\/es\/wp-json\/wp\/v2\/media\/44066"}],"wp:attachment":[{"href":"https:\/\/www.alternatievemiddelen.nl\/es\/wp-json\/wp\/v2\/media?parent=35863"}],"wp:term":[{"taxonomy":"product_brand","embeddable":true,"href":"https:\/\/www.alternatievemiddelen.nl\/es\/wp-json\/wp\/v2\/product_brand?post=35863"},{"taxonomy":"product_cat","embeddable":true,"href":"https:\/\/www.alternatievemiddelen.nl\/es\/wp-json\/wp\/v2\/product_cat?post=35863"},{"taxonomy":"product_tag","embeddable":true,"href":"https:\/\/www.alternatievemiddelen.nl\/es\/wp-json\/wp\/v2\/product_tag?post=35863"},{"taxonomy":"merk","embeddable":true,"href":"https:\/\/www.alternatievemiddelen.nl\/es\/wp-json\/wp\/v2\/merk?post=35863"}],"curies":[{"name":"wp","href":"https:\/\/api.w.org\/{rel}","templated":true}]}}