{"id":45006,"date":"2024-09-06T12:50:13","date_gmt":"2024-09-06T10:50:13","guid":{"rendered":"https:\/\/www.alternatievemiddelen.nl\/?post_type=product&#038;p=45006"},"modified":"2025-04-28T07:53:24","modified_gmt":"2025-04-28T05:53:24","slug":"golden-naturals-vitamine-b12-6000mcg","status":"publish","type":"product","link":"https:\/\/www.alternatievemiddelen.nl\/es\/productos\/golden-naturals-vitamina-b12-6000mcg\/","title":{"rendered":"Golden Naturals Vitamina B12 6000mcg vega 60 pastillas para chupar"},"content":{"rendered":"<p><b>Golden Naturals Vitamina B12 6000mcg vega 60 pastillas para chupar<\/b><br \/>\nLa vitamina B12 se encuentra casi exclusivamente en los productos animales. Las pastillas para chupar Golden Naturals Vitamin B12 6000 mcg contienen tres formas naturales: hidroxocobalamina, metilcobalamina y adenosilcobalamina (tambi\u00e9n llamada dibencozida). Muchos otros suplementos de vitamina B12 contienen cianocobalamina, una forma sint\u00e9tica no natural que el organismo tiene que convertir antes de que haga efecto. La ventaja de un suplemento con ingredientes bioactivos, es que el cuerpo puede absorber los ingredientes activos directamente, d\u00e1ndole un efecto m\u00e1s r\u00e1pido. Adem\u00e1s, la vitamina B6 y el \u00e1cido f\u00f3lico (folato) tambi\u00e9n se han a\u00f1adido a Golden Naturals Vitamina B12 6000 mcg, convirti\u00e9ndolo en un producto muy completo.<\/p>\n<p>La vitamina B12 ayuda a combatir la fatiga.<br \/>\nLa vitamina B12 activa la energ\u00eda natural del organismo.<br \/>\nLa vitamina B12 influye positivamente en el sistema inmunitario<br \/>\nCon \u00e1cido f\u00f3lico y vitamina B6 para un aporte extra de energ\u00eda contra la fatiga<\/p>\n<p><u><b>Composici\u00f3n<\/b><\/u><\/p>\n<table>\n<tbody>\n<tr>\n<td><u><b>Composici\u00f3n por dosis diaria (= 1 comprimido):<\/b><\/u><\/td>\n<td><\/td>\n<td><u><b>%DRI<\/b><\/u><\/td>\n<\/tr>\n<tr>\n<td>Vitamina B12 (hidroxocobalamina)<\/td>\n<td>3000 mcg<\/td>\n<td>120000<\/td>\n<\/tr>\n<tr>\n<td>Vitamina B12 (metilcobalamina)<\/td>\n<td>1500 mcg<\/td>\n<td>60000<\/td>\n<\/tr>\n<tr>\n<td>Vitamina B12 (adenosilcobalamina)<\/td>\n<td>1500 mcg<\/td>\n<td>60000<\/td>\n<\/tr>\n<tr>\n<td>Vitamina B6 (piridoxal-5\u2032-fosfato)<\/td>\n<td>1,4 mg<\/td>\n<td>100<\/td>\n<\/tr>\n<tr>\n<td>\u00c1cido f\u00f3lico (folato)\/vitamina B11<br \/>\n(sal de glucosamina 5-MTHF, Quatrefolic\u00ae)<\/td>\n<td>400 mcg<\/td>\n<td>200<\/td>\n<\/tr>\n<\/tbody>\n<\/table>\n<p>DRI: Ingesta Diaria de Referencia<\/p>\n<p><u><b>Ingredientes<\/b><\/u><br \/>\ncarga (isomalt), espesante (aceite vegetal), vitaminas, antiaglomerantes (estearato de magnesio vegetal, di\u00f3xido de silicio, talco), aroma natural (cereza, frambuesa), edulcorante (gluc\u00f3sidos de esteviol de stevia).<\/p>\n<p><u><b>Utilice<\/b><\/u><br \/>\nTomar 1 pastilla 1 vez al d\u00eda. Apto para ni\u00f1os a partir de 3 a\u00f1os. Con edulcorante.<\/p>\n<p><u><b>Nota de almacenamiento<\/b><\/u><br \/>\nConservar en seco, cerrado y a temperatura ambiente.<\/p>\n<p>Este producto es un suplemento diet\u00e9tico.<\/p>\n<p>No superar la dosis recomendada.<\/p>\n<p>Una dieta variada y equilibrada y un estilo de vida sano son importantes. Un suplemento diet\u00e9tico no sustituye a una dieta variada.<\/p>\n<p>Mantener fuera del alcance de los ni\u00f1os peque\u00f1os.<\/p>\n<p>Cons\u00e9rvese seco, cerrado y a temperatura ambiente, salvo indicaci\u00f3n contraria en la etiqueta.<\/p>\n<p>Consulte a un experto antes de tomar suplementos en caso de embarazo, lactancia, uso de medicamentos y enfermedad.<\/p>","protected":false},"excerpt":{"rendered":"<p>Golden Naturals Vitamina B12 6000mcg vega 60 pastillas para chupar<\/p>","protected":false},"featured_media":45007,"comment_status":"open","ping_status":"closed","template":"","meta":[],"product_brand":[],"product_cat":[2938],"product_tag":[3582,3581,3578,3579],"merk":[3576],"class_list":{"0":"post-45006","1":"product","2":"type-product","3":"status-publish","4":"has-post-thumbnail","6":"product_cat-vitamines-mineralen-en-supplementen","7":"product_tag-6000mcg","8":"product_tag-b12","9":"product_tag-golden-naturals","10":"product_tag-vitamine-b12","11":"merk-golden-naturals","13":"first","14":"instock","15":"taxable","16":"shipping-taxable","17":"purchasable","18":"product-type-simple"},"bundled_by":[],"bundle_stock_status":"instock","bundle_stock_quantity":null,"bundle_virtual":false,"bundle_layout":"","bundle_add_to_cart_form_location":"","bundle_editable_in_cart":false,"bundle_sold_individually_context":"","bundle_item_grouping":"","bundle_min_size":"","bundle_max_size":"","bundle_price":[],"bundled_items":[],"bundle_sell_ids":[],"yoast_head":"<!-- This site is optimized with the Yoast SEO plugin v26.1 - https:\/\/yoast.com\/wordpress\/plugins\/seo\/ -->\n<title>Golden Naturals Vitamine B12 6000mcg vega 60 zuigtabletten - Alternatievemiddelen.nl<\/title>\n<meta name=\"description\" content=\"Golden Naturals Vitamine B12 6000mcg vega 60 zuigtabletten\" \/>\n<meta name=\"robots\" content=\"noindex, follow\" \/>\n<meta property=\"og:locale\" content=\"es_ES\" \/>\n<meta property=\"og:type\" content=\"article\" \/>\n<meta property=\"og:title\" content=\"Golden Naturals Vitamine B12 6000mcg vega 60 zuigtabletten - Alternatievemiddelen.nl\" \/>\n<meta property=\"og:description\" content=\"Golden Naturals Vitamine B12 6000mcg vega 60 zuigtabletten\" \/>\n<meta property=\"og:url\" content=\"https:\/\/www.alternatievemiddelen.nl\/es\/productos\/golden-naturals-vitamina-b12-6000mcg\/\" \/>\n<meta property=\"og:site_name\" content=\"Alternatievemiddelen.nl\" \/>\n<meta property=\"article:publisher\" content=\"https:\/\/www.facebook.com\/alternatievemiddelen\" \/>\n<meta property=\"article:modified_time\" content=\"2025-04-28T05:53:24+00:00\" \/>\n<meta property=\"og:image\" content=\"\/wp-content\/uploads\/2024\/09\/Golden-Naturals-Vitamine-B12-6000mcg.jpg\" \/>\n\t<meta property=\"og:image:width\" content=\"600\" \/>\n\t<meta property=\"og:image:height\" content=\"800\" \/>\n\t<meta property=\"og:image:type\" content=\"image\/jpeg\" \/>\n<meta name=\"twitter:card\" content=\"summary_large_image\" \/>\n<meta name=\"twitter:label1\" content=\"Tiempo de lectura\" \/>\n\t<meta name=\"twitter:data1\" content=\"2 minutos\" \/>\n<script type=\"application\/ld+json\" class=\"yoast-schema-graph\">{\"@context\":\"https:\/\/schema.org\",\"@graph\":[{\"@type\":[\"WebPage\",\"ItemPage\"],\"@id\":\"https:\/\/www.alternatievemiddelen.nl\/producten\/golden-naturals-vitamine-b12-6000mcg\/\",\"url\":\"https:\/\/www.alternatievemiddelen.nl\/producten\/golden-naturals-vitamine-b12-6000mcg\/\",\"name\":\"Golden Naturals Vitamine B12 6000mcg vega 60 zuigtabletten - Alternatievemiddelen.nl\",\"isPartOf\":{\"@id\":\"https:\/\/www.alternatievemiddelen.nl\/#website\"},\"primaryImageOfPage\":{\"@id\":\"https:\/\/www.alternatievemiddelen.nl\/producten\/golden-naturals-vitamine-b12-6000mcg\/#primaryimage\"},\"image\":{\"@id\":\"https:\/\/www.alternatievemiddelen.nl\/producten\/golden-naturals-vitamine-b12-6000mcg\/#primaryimage\"},\"thumbnailUrl\":\"https:\/\/www.alternatievemiddelen.nl\/wp-content\/uploads\/2024\/09\/Golden-Naturals-Vitamine-B12-6000mcg.jpg\",\"datePublished\":\"2024-09-06T10:50:13+00:00\",\"dateModified\":\"2025-04-28T05:53:24+00:00\",\"description\":\"Golden Naturals Vitamine B12 6000mcg vega 60 zuigtabletten\",\"breadcrumb\":{\"@id\":\"https:\/\/www.alternatievemiddelen.nl\/producten\/golden-naturals-vitamine-b12-6000mcg\/#breadcrumb\"},\"inLanguage\":\"es\",\"potentialAction\":[{\"@type\":\"ReadAction\",\"target\":[\"https:\/\/www.alternatievemiddelen.nl\/producten\/golden-naturals-vitamine-b12-6000mcg\/\"]}]},{\"@type\":\"ImageObject\",\"inLanguage\":\"es\",\"@id\":\"https:\/\/www.alternatievemiddelen.nl\/producten\/golden-naturals-vitamine-b12-6000mcg\/#primaryimage\",\"url\":\"https:\/\/www.alternatievemiddelen.nl\/wp-content\/uploads\/2024\/09\/Golden-Naturals-Vitamine-B12-6000mcg.jpg\",\"contentUrl\":\"https:\/\/www.alternatievemiddelen.nl\/wp-content\/uploads\/2024\/09\/Golden-Naturals-Vitamine-B12-6000mcg.jpg\",\"width\":600,\"height\":800,\"caption\":\"Golden Naturals Vitamine B12 6000mcg\"},{\"@type\":\"BreadcrumbList\",\"@id\":\"https:\/\/www.alternatievemiddelen.nl\/producten\/golden-naturals-vitamine-b12-6000mcg\/#breadcrumb\",\"itemListElement\":[{\"@type\":\"ListItem\",\"position\":1,\"name\":\"Home\",\"item\":\"https:\/\/www.alternatievemiddelen.nl\/\"},{\"@type\":\"ListItem\",\"position\":2,\"name\":\"Producten\",\"item\":\"https:\/\/www.alternatievemiddelen.nl\/producten\/\"},{\"@type\":\"ListItem\",\"position\":3,\"name\":\"Golden Naturals Vitamine B12 6000mcg vega 60 zuigtabletten\"}]},{\"@type\":\"WebSite\",\"@id\":\"https:\/\/www.alternatievemiddelen.nl\/#website\",\"url\":\"https:\/\/www.alternatievemiddelen.nl\/\",\"name\":\"Alternatievemiddelen.nl\",\"description\":\"Webshop met gezonde, duurzame en ecologische alternatieve mogelijkheden in de hedendaagse levenstijl. Alles uit eigen ervaring.\",\"publisher\":{\"@id\":\"https:\/\/www.alternatievemiddelen.nl\/#organization\"},\"alternateName\":\"Alternatieve Middelen\",\"potentialAction\":[{\"@type\":\"SearchAction\",\"target\":{\"@type\":\"EntryPoint\",\"urlTemplate\":\"https:\/\/www.alternatievemiddelen.nl\/?s={search_term_string}\"},\"query-input\":{\"@type\":\"PropertyValueSpecification\",\"valueRequired\":true,\"valueName\":\"search_term_string\"}}],\"inLanguage\":\"es\"},{\"@type\":\"Organization\",\"@id\":\"https:\/\/www.alternatievemiddelen.nl\/#organization\",\"name\":\"Alternatievemiddelen.nl\",\"alternateName\":\"Alternatieve Middelen\",\"url\":\"https:\/\/www.alternatievemiddelen.nl\/\",\"logo\":{\"@type\":\"ImageObject\",\"inLanguage\":\"es\",\"@id\":\"https:\/\/www.alternatievemiddelen.nl\/#\/schema\/logo\/image\/\",\"url\":\"https:\/\/www.alternatievemiddelen.nl\/wp-content\/uploads\/2023\/10\/alternatievemiddelen-PNG-logo.png\",\"contentUrl\":\"https:\/\/www.alternatievemiddelen.nl\/wp-content\/uploads\/2023\/10\/alternatievemiddelen-PNG-logo.png\",\"width\":6400,\"height\":3062,\"caption\":\"Alternatievemiddelen.nl\"},\"image\":{\"@id\":\"https:\/\/www.alternatievemiddelen.nl\/#\/schema\/logo\/image\/\"},\"sameAs\":[\"https:\/\/www.facebook.com\/alternatievemiddelen\",\"https:\/\/www.instagram.com\/alternatievemiddelen.nl\/\"]}]}<\/script>\n<!-- \/ Yoast SEO plugin. -->","yoast_head_json":{"title":"Golden Naturals Vitamine B12 6000mcg vega 60 zuigtabletten - Alternatievemiddelen.nl","description":"Golden Naturals Vitamine B12 6000mcg vega 60 zuigtabletten","robots":{"index":"noindex","follow":"follow"},"og_locale":"es_ES","og_type":"article","og_title":"Golden Naturals Vitamine B12 6000mcg vega 60 zuigtabletten - Alternatievemiddelen.nl","og_description":"Golden Naturals Vitamine B12 6000mcg vega 60 zuigtabletten","og_url":"https:\/\/www.alternatievemiddelen.nl\/es\/productos\/golden-naturals-vitamina-b12-6000mcg\/","og_site_name":"Alternatievemiddelen.nl","article_publisher":"https:\/\/www.facebook.com\/alternatievemiddelen","article_modified_time":"2025-04-28T05:53:24+00:00","og_image":[{"width":600,"height":800,"url":"\/wp-content\/uploads\/2024\/09\/Golden-Naturals-Vitamine-B12-6000mcg.jpg","type":"image\/jpeg"}],"twitter_card":"summary_large_image","twitter_misc":{"Tiempo de lectura":"2 minutos"},"schema":{"@context":"https:\/\/schema.org","@graph":[{"@type":["WebPage","ItemPage"],"@id":"https:\/\/www.alternatievemiddelen.nl\/producten\/golden-naturals-vitamine-b12-6000mcg\/","url":"https:\/\/www.alternatievemiddelen.nl\/producten\/golden-naturals-vitamine-b12-6000mcg\/","name":"Golden Naturals Vitamine B12 6000mcg vega 60 zuigtabletten - Alternatievemiddelen.nl","isPartOf":{"@id":"https:\/\/www.alternatievemiddelen.nl\/#website"},"primaryImageOfPage":{"@id":"https:\/\/www.alternatievemiddelen.nl\/producten\/golden-naturals-vitamine-b12-6000mcg\/#primaryimage"},"image":{"@id":"https:\/\/www.alternatievemiddelen.nl\/producten\/golden-naturals-vitamine-b12-6000mcg\/#primaryimage"},"thumbnailUrl":"https:\/\/www.alternatievemiddelen.nl\/wp-content\/uploads\/2024\/09\/Golden-Naturals-Vitamine-B12-6000mcg.jpg","datePublished":"2024-09-06T10:50:13+00:00","dateModified":"2025-04-28T05:53:24+00:00","description":"Golden Naturals Vitamine B12 6000mcg vega 60 zuigtabletten","breadcrumb":{"@id":"https:\/\/www.alternatievemiddelen.nl\/producten\/golden-naturals-vitamine-b12-6000mcg\/#breadcrumb"},"inLanguage":"es","potentialAction":[{"@type":"ReadAction","target":["https:\/\/www.alternatievemiddelen.nl\/producten\/golden-naturals-vitamine-b12-6000mcg\/"]}]},{"@type":"ImageObject","inLanguage":"es","@id":"https:\/\/www.alternatievemiddelen.nl\/producten\/golden-naturals-vitamine-b12-6000mcg\/#primaryimage","url":"https:\/\/www.alternatievemiddelen.nl\/wp-content\/uploads\/2024\/09\/Golden-Naturals-Vitamine-B12-6000mcg.jpg","contentUrl":"https:\/\/www.alternatievemiddelen.nl\/wp-content\/uploads\/2024\/09\/Golden-Naturals-Vitamine-B12-6000mcg.jpg","width":600,"height":800,"caption":"Golden Naturals Vitamine B12 6000mcg"},{"@type":"BreadcrumbList","@id":"https:\/\/www.alternatievemiddelen.nl\/producten\/golden-naturals-vitamine-b12-6000mcg\/#breadcrumb","itemListElement":[{"@type":"ListItem","position":1,"name":"Home","item":"https:\/\/www.alternatievemiddelen.nl\/"},{"@type":"ListItem","position":2,"name":"Producten","item":"https:\/\/www.alternatievemiddelen.nl\/producten\/"},{"@type":"ListItem","position":3,"name":"Golden Naturals Vitamine B12 6000mcg vega 60 zuigtabletten"}]},{"@type":"WebSite","@id":"https:\/\/www.alternatievemiddelen.nl\/#website","url":"https:\/\/www.alternatievemiddelen.nl\/","name":"Alternatievemiddelen.nl","description":"Webshop met gezonde, duurzame en ecologische alternatieve mogelijkheden in de hedendaagse levenstijl. Alles uit eigen ervaring.","publisher":{"@id":"https:\/\/www.alternatievemiddelen.nl\/#organization"},"alternateName":"Alternatieve Middelen","potentialAction":[{"@type":"SearchAction","target":{"@type":"EntryPoint","urlTemplate":"https:\/\/www.alternatievemiddelen.nl\/?s={search_term_string}"},"query-input":{"@type":"PropertyValueSpecification","valueRequired":true,"valueName":"search_term_string"}}],"inLanguage":"es"},{"@type":"Organization","@id":"https:\/\/www.alternatievemiddelen.nl\/#organization","name":"Alternatievemiddelen.nl","alternateName":"Alternatieve Middelen","url":"https:\/\/www.alternatievemiddelen.nl\/","logo":{"@type":"ImageObject","inLanguage":"es","@id":"https:\/\/www.alternatievemiddelen.nl\/#\/schema\/logo\/image\/","url":"https:\/\/www.alternatievemiddelen.nl\/wp-content\/uploads\/2023\/10\/alternatievemiddelen-PNG-logo.png","contentUrl":"https:\/\/www.alternatievemiddelen.nl\/wp-content\/uploads\/2023\/10\/alternatievemiddelen-PNG-logo.png","width":6400,"height":3062,"caption":"Alternatievemiddelen.nl"},"image":{"@id":"https:\/\/www.alternatievemiddelen.nl\/#\/schema\/logo\/image\/"},"sameAs":["https:\/\/www.facebook.com\/alternatievemiddelen","https:\/\/www.instagram.com\/alternatievemiddelen.nl\/"]}]}},"_links":{"self":[{"href":"https:\/\/www.alternatievemiddelen.nl\/es\/wp-json\/wp\/v2\/product\/45006","targetHints":{"allow":["GET"]}}],"collection":[{"href":"https:\/\/www.alternatievemiddelen.nl\/es\/wp-json\/wp\/v2\/product"}],"about":[{"href":"https:\/\/www.alternatievemiddelen.nl\/es\/wp-json\/wp\/v2\/types\/product"}],"replies":[{"embeddable":true,"href":"https:\/\/www.alternatievemiddelen.nl\/es\/wp-json\/wp\/v2\/comments?post=45006"}],"wp:featuredmedia":[{"embeddable":true,"href":"https:\/\/www.alternatievemiddelen.nl\/es\/wp-json\/wp\/v2\/media\/45007"}],"wp:attachment":[{"href":"https:\/\/www.alternatievemiddelen.nl\/es\/wp-json\/wp\/v2\/media?parent=45006"}],"wp:term":[{"taxonomy":"product_brand","embeddable":true,"href":"https:\/\/www.alternatievemiddelen.nl\/es\/wp-json\/wp\/v2\/product_brand?post=45006"},{"taxonomy":"product_cat","embeddable":true,"href":"https:\/\/www.alternatievemiddelen.nl\/es\/wp-json\/wp\/v2\/product_cat?post=45006"},{"taxonomy":"product_tag","embeddable":true,"href":"https:\/\/www.alternatievemiddelen.nl\/es\/wp-json\/wp\/v2\/product_tag?post=45006"},{"taxonomy":"merk","embeddable":true,"href":"https:\/\/www.alternatievemiddelen.nl\/es\/wp-json\/wp\/v2\/merk?post=45006"}],"curies":[{"name":"wp","href":"https:\/\/api.w.org\/{rel}","templated":true}]}}