{"id":46661,"date":"2025-02-05T13:55:23","date_gmt":"2025-02-05T12:55:23","guid":{"rendered":"https:\/\/www.alternatievemiddelen.nl\/?post_type=product&#038;p=46661"},"modified":"2026-03-30T15:28:35","modified_gmt":"2026-03-30T13:28:35","slug":"coldstream-fto-plus-waterfilter-element","status":"publish","type":"product","link":"https:\/\/www.alternatievemiddelen.nl\/es\/productos\/elemento-de-filtro-de-agua-coldstream-fto-plus\/","title":{"rendered":"Elemento filtrante de agua Coldstream FTO PLUS"},"content":{"rendered":"<p>Elemento filtrante de agua Coldstream FTO PLUS - Los elementos filtrantes de agua Coldstream FTO PLUS son elementos filtrantes por gravedad y tienen un excelente rendimiento en la reducci\u00f3n de m\u00e1s de 200 contaminantes, incluyendo metales pesados, fluoruro, pesticidas, herbicidas, cloro, cloraminas, nitrato, bacterias, virus, productos farmac\u00e9uticos, micropl\u00e1sticos, PFAS y \u00a1mucho m\u00e1s! Ideales para su uso con agua del grifo y la mayor\u00eda de las fuentes naturales de agua potable (incluida el agua de lagos, r\u00edos, arroyos, estanques y agua de lluvia). Tambi\u00e9n se ajustan a muchas marcas de sistemas de filtraci\u00f3n de agua por gravedad (incluyendo Berkey, British Berkefeld, ProOne, Phoenix, Aqua Logic, Monderma, Boroux, Pure Filters y Newton).<\/p>\n<p>Este elemento filtrante consta de dos componentes principales. Una capa exterior de cer\u00e1mica especialmente formulada y \u00fanica, que proporciona protecci\u00f3n contra bacterias, part\u00edculas y micropl\u00e1sticos, entre otros. El interior est\u00e1 formado por medios de carb\u00f3n granulado negro.<br \/>\n&nbsp;<\/p>\n<h4>Elementos filtrantes de agua Coldstream FTO PLUS con certificaci\u00f3n NSF<\/h4>\n<p>El elemento filtrante de agua Coldstream FTO PLUS cuenta con la certificaci\u00f3n NSF (NSF\/ANSI 42) y ha sido probado por un <a href=\"https:\/\/forms.iapmo.org\/rtws\/listed_labs.asp?labid=0000102\" target=\"_blank\" rel=\"noopener\">laboratorio independiente<\/a> Conforme a las normas NSF\/ANSI 42, 53 y P231. V\u00e9ase la <a href=\"https:\/\/www.alternatievemiddelen.nl\/wp-content\/uploads\/2025\/03\/Coldstream-FTO-PLUS-filterelementen_testrapport.pdf\" target=\"_blank\" rel=\"noopener\">informe de laboratorio<\/a> para m\u00e1s detalles y el sitio web de <a href=\"https:\/\/info.nsf.org\/Certified\/DWTU\/Listings.asp?Company=C0091750&amp;Standard=042\" target=\"_blank\" rel=\"noopener\">NSF<\/a>.<br \/>\n&nbsp;<\/p>\n<h4>Caracter\u00edsticas Elemento filtrante de agua Coldstream FTO PLUS:<\/h4>\n<ul>\n<li>Tecnolog\u00eda de filtrado \"todo en uno\": NO se necesitan filtros adicionales para, por ejemplo, reducir el fl\u00faor.<\/li>\n<li>El exterior es de cer\u00e1mica blanca, infundida con plata para evitar el crecimiento bacteriano. El n\u00facleo es un medio patentado a base de carb\u00f3n activado granular<\/li>\n<li>No es necesario preparar el producto para su uso.<\/li>\n<li>Se puede limpiar y reutilizar. Puede guardarse en un lugar fresco y seco cuando no se utiliza. Por lo tanto, no necesita permanecer h\u00famedo (saturado) cuando no se utiliza.<\/li>\n<li>No necesita alimentaci\u00f3n<\/li>\n<li>Ver independientes <a href=\"https:\/\/www.alternatievemiddelen.nl\/wp-content\/uploads\/2025\/03\/Coldstream-FTO-PLUS-filterelementen_testrapport.pdf\" target=\"_blank\" rel=\"noopener\">informe de laboratorio<\/a>Probado seg\u00fan las normas NSF\/ANSI 42, 53 y P231<\/li>\n<li>No contiene \u00f3xido de aluminio<\/li>\n<li>Conserva los minerales y electrolitos sanos y buenos que el cuerpo necesita en el agua<\/li>\n<li>Se adapta a muchas marcas de sistemas de filtrado de agua por gravedad (incluidos Berkey, British Berkefeld, ProOne, Phoenix, Aqua Logic, Monderma, Boroux, Pure Filters y Newton)<\/li>\n<li>Tama\u00f1o: aprox. 20 cm (sin asa)<\/li>\n<li>Vida \u00fatil: 1.500 litros o 6 meses<\/li>\n<\/ul>\n<p>&nbsp;<\/p>\n<h4>Instalaci\u00f3n, limpieza y sustituci\u00f3n<\/h4>\n<p>Los elementos filtrantes Coldstream FTO PLUS son f\u00e1ciles de instalar, utilizar y limpiar. No necesitan imprimaci\u00f3n ni filtros adicionales para eliminar el fl\u00faor. Antes de la instalaci\u00f3n, basta con enjuagar brevemente el exterior bajo el grifo de agua fr\u00eda y, si es necesario, lijar ligeramente con una esponja abrasiva para eliminar todo el polvo de producci\u00f3n.<\/p>\n<p>Recomendamos limpiar los elementos filtrantes del Coldstream FTO PLUS una vez al mes, as\u00ed como los recipientes y otras piezas del filtro de agua. A continuaci\u00f3n, vuelva a enjuagar el exterior bajo el grifo de agua fr\u00eda y, si es necesario, frote ligeramente con un estropajo.<\/p>\n<p>Cada seis meses, debe sustituirlos.<\/p>\n<p><b><u>Instalaci\u00f3n<\/u><\/b><br \/>\nSiga la hoja de ruta que figura a continuaci\u00f3n:<br \/>\n1. Tome el elemento filtrante y coloque el anillo de goma en el v\u00e1stago.<br \/>\n2. Introduzca el asa por un orificio de la bandeja superior.<br \/>\n3. Apriete la tuerca de mariposa de la parte inferior de la bandeja superior. Si nota resistencia, es suficiente. No apriete en exceso. Repita los pasos 1 y 2 para cualquier otro elemento filtrante.<br \/>\n4. Selle los orificios restantes con tapones de bloqueo.<br \/>\n5. Coloque la bandeja superior sobre la inferior.<br \/>\n6. Llene de agua el recipiente superior y deje que el agua escurra. <b>Recomendamos desechar los 2 primeros ciclos (con elementos filtrantes nuevos).<\/b><\/p>\n<p>Consulte nuestra <a href=\"https:\/\/www.alternatievemiddelen.nl\/es\/la-biblioteca\/\">biblioteca<\/a>que incluye manuales, v\u00eddeos de instrucciones y respuestas a las preguntas m\u00e1s frecuentes.<\/p>\n<h4><b>-&gt; Tambi\u00e9n puede colocar este elemento filtrante en un filtro de agua Berkey, un filtro de agua ProOne y\/o un filtro de agua British Berkefeld.<\/b><\/h4>\n<p>&nbsp;<\/p>","protected":false},"excerpt":{"rendered":"<p>El elemento filtrante de agua Coldstream FTO PLUS tiene un excelente rendimiento en la reducci\u00f3n de m\u00e1s de 200 contaminantes (incluidos PFAS y micropl\u00e1sticos)<\/p>","protected":false},"featured_media":46700,"comment_status":"open","ping_status":"closed","template":"","meta":[],"product_brand":[],"product_cat":[2971,3099],"product_tag":[3629,3622,3625,3626,3008,3100,2976,3623,3624,3627,3628,2967,2885,2979,3012,2980,3101],"merk":[3621],"class_list":{"0":"post-46661","1":"product","2":"type-product","3":"status-publish","4":"has-post-thumbnail","6":"product_cat-waterfilters","7":"product_cat-waterfilter-elementen","8":"product_tag-cf163w","9":"product_tag-coldstream","10":"product_tag-coldstream-fto-plus","11":"product_tag-coldstream-fto","12":"product_tag-drinkwater","13":"product_tag-elementen","14":"product_tag-filterelement","15":"product_tag-fto-plus","16":"product_tag-fto","17":"product_tag-keramisch","18":"product_tag-koolstof","19":"product_tag-schoon","20":"product_tag-water","21":"product_tag-waterfilter","22":"product_tag-waterfilters","23":"product_tag-waterzuivering","24":"product_tag-zuiverelementen","25":"merk-coldstream","27":"first","28":"instock","29":"taxable","30":"shipping-taxable","31":"purchasable","32":"product-type-simple"},"bundled_by":[],"bundle_stock_status":"instock","bundle_stock_quantity":null,"bundle_virtual":false,"bundle_layout":"","bundle_add_to_cart_form_location":"","bundle_editable_in_cart":false,"bundle_sold_individually_context":"","bundle_item_grouping":"","bundle_min_size":"","bundle_max_size":"","bundle_price":[],"bundled_items":[],"bundle_sell_ids":[44176],"yoast_head":"<!-- This site is optimized with the Yoast SEO plugin v26.1 - https:\/\/yoast.com\/wordpress\/plugins\/seo\/ -->\n<title>Coldstream FTO PLUS Waterfilter Element - Alternatievemiddelen.nl<\/title>\n<meta name=\"description\" content=\"Het Coldstream FTO PLUS waterfilter element heeft uitstekende prestaties bij het verminderen van meer dan 200 verontreinigingen (o.a. PFAS en microplastics)\" \/>\n<meta name=\"robots\" content=\"index, follow, max-snippet:-1, max-image-preview:large, max-video-preview:-1\" \/>\n<link rel=\"canonical\" href=\"https:\/\/www.alternatievemiddelen.nl\/es\/wp-json\/wp\/v2\/product\/46661\" \/>\n<meta property=\"og:locale\" content=\"es_ES\" \/>\n<meta property=\"og:type\" content=\"article\" \/>\n<meta property=\"og:title\" content=\"Coldstream FTO PLUS Waterfilter Element - Alternatievemiddelen.nl\" \/>\n<meta property=\"og:description\" content=\"Het Coldstream FTO PLUS waterfilter element heeft uitstekende prestaties bij het verminderen van meer dan 200 verontreinigingen (o.a. PFAS en microplastics)\" \/>\n<meta property=\"og:url\" content=\"https:\/\/www.alternatievemiddelen.nl\/es\/productos\/elemento-de-filtro-de-agua-coldstream-fto-plus\/\" \/>\n<meta property=\"og:site_name\" content=\"Alternatievemiddelen.nl\" \/>\n<meta property=\"article:publisher\" content=\"https:\/\/www.facebook.com\/alternatievemiddelen\" \/>\n<meta property=\"article:modified_time\" content=\"2026-03-30T13:28:35+00:00\" \/>\n<meta property=\"og:image\" content=\"\/wp-content\/uploads\/2025\/02\/Coldstream-FTO-PLUS-waterfilter-element.jpg\" \/>\n\t<meta property=\"og:image:width\" content=\"1200\" \/>\n\t<meta property=\"og:image:height\" content=\"1600\" \/>\n\t<meta property=\"og:image:type\" content=\"image\/jpeg\" \/>\n<meta name=\"twitter:card\" content=\"summary_large_image\" \/>\n<meta name=\"twitter:label1\" content=\"Tiempo de lectura\" \/>\n\t<meta name=\"twitter:data1\" content=\"3 minutos\" \/>\n<script type=\"application\/ld+json\" class=\"yoast-schema-graph\">{\"@context\":\"https:\/\/schema.org\",\"@graph\":[{\"@type\":[\"WebPage\",\"ItemPage\"],\"@id\":\"https:\/\/www.alternatievemiddelen.nl\/producten\/coldstream-fto-plus-waterfilter-element\/\",\"url\":\"https:\/\/www.alternatievemiddelen.nl\/producten\/coldstream-fto-plus-waterfilter-element\/\",\"name\":\"Coldstream FTO PLUS Waterfilter Element - Alternatievemiddelen.nl\",\"isPartOf\":{\"@id\":\"https:\/\/www.alternatievemiddelen.nl\/#website\"},\"primaryImageOfPage\":{\"@id\":\"https:\/\/www.alternatievemiddelen.nl\/producten\/coldstream-fto-plus-waterfilter-element\/#primaryimage\"},\"image\":{\"@id\":\"https:\/\/www.alternatievemiddelen.nl\/producten\/coldstream-fto-plus-waterfilter-element\/#primaryimage\"},\"thumbnailUrl\":\"https:\/\/www.alternatievemiddelen.nl\/wp-content\/uploads\/2025\/02\/Coldstream-FTO-PLUS-waterfilter-element.jpg\",\"datePublished\":\"2025-02-05T12:55:23+00:00\",\"dateModified\":\"2026-03-30T13:28:35+00:00\",\"description\":\"Het Coldstream FTO PLUS waterfilter element heeft uitstekende prestaties bij het verminderen van meer dan 200 verontreinigingen (o.a. PFAS en microplastics)\",\"breadcrumb\":{\"@id\":\"https:\/\/www.alternatievemiddelen.nl\/producten\/coldstream-fto-plus-waterfilter-element\/#breadcrumb\"},\"inLanguage\":\"es\",\"potentialAction\":[{\"@type\":\"ReadAction\",\"target\":[\"https:\/\/www.alternatievemiddelen.nl\/producten\/coldstream-fto-plus-waterfilter-element\/\"]}]},{\"@type\":\"ImageObject\",\"inLanguage\":\"es\",\"@id\":\"https:\/\/www.alternatievemiddelen.nl\/producten\/coldstream-fto-plus-waterfilter-element\/#primaryimage\",\"url\":\"https:\/\/www.alternatievemiddelen.nl\/wp-content\/uploads\/2025\/02\/Coldstream-FTO-PLUS-waterfilter-element.jpg\",\"contentUrl\":\"https:\/\/www.alternatievemiddelen.nl\/wp-content\/uploads\/2025\/02\/Coldstream-FTO-PLUS-waterfilter-element.jpg\",\"width\":1200,\"height\":1600,\"caption\":\"Coldstream FTO PLUS Waterfilter Element\"},{\"@type\":\"BreadcrumbList\",\"@id\":\"https:\/\/www.alternatievemiddelen.nl\/producten\/coldstream-fto-plus-waterfilter-element\/#breadcrumb\",\"itemListElement\":[{\"@type\":\"ListItem\",\"position\":1,\"name\":\"Home\",\"item\":\"https:\/\/www.alternatievemiddelen.nl\/\"},{\"@type\":\"ListItem\",\"position\":2,\"name\":\"Producten\",\"item\":\"https:\/\/www.alternatievemiddelen.nl\/producten\/\"},{\"@type\":\"ListItem\",\"position\":3,\"name\":\"Coldstream FTO PLUS Waterfilter Element\"}]},{\"@type\":\"WebSite\",\"@id\":\"https:\/\/www.alternatievemiddelen.nl\/#website\",\"url\":\"https:\/\/www.alternatievemiddelen.nl\/\",\"name\":\"Alternatievemiddelen.nl\",\"description\":\"Webshop met gezonde, duurzame en ecologische alternatieve mogelijkheden in de hedendaagse levenstijl. Alles uit eigen ervaring.\",\"publisher\":{\"@id\":\"https:\/\/www.alternatievemiddelen.nl\/#organization\"},\"alternateName\":\"Alternatieve Middelen\",\"potentialAction\":[{\"@type\":\"SearchAction\",\"target\":{\"@type\":\"EntryPoint\",\"urlTemplate\":\"https:\/\/www.alternatievemiddelen.nl\/?s={search_term_string}\"},\"query-input\":{\"@type\":\"PropertyValueSpecification\",\"valueRequired\":true,\"valueName\":\"search_term_string\"}}],\"inLanguage\":\"es\"},{\"@type\":\"Organization\",\"@id\":\"https:\/\/www.alternatievemiddelen.nl\/#organization\",\"name\":\"Alternatievemiddelen.nl\",\"alternateName\":\"Alternatieve Middelen\",\"url\":\"https:\/\/www.alternatievemiddelen.nl\/\",\"logo\":{\"@type\":\"ImageObject\",\"inLanguage\":\"es\",\"@id\":\"https:\/\/www.alternatievemiddelen.nl\/#\/schema\/logo\/image\/\",\"url\":\"https:\/\/www.alternatievemiddelen.nl\/wp-content\/uploads\/2023\/10\/alternatievemiddelen-PNG-logo.png\",\"contentUrl\":\"https:\/\/www.alternatievemiddelen.nl\/wp-content\/uploads\/2023\/10\/alternatievemiddelen-PNG-logo.png\",\"width\":6400,\"height\":3062,\"caption\":\"Alternatievemiddelen.nl\"},\"image\":{\"@id\":\"https:\/\/www.alternatievemiddelen.nl\/#\/schema\/logo\/image\/\"},\"sameAs\":[\"https:\/\/www.facebook.com\/alternatievemiddelen\",\"https:\/\/www.instagram.com\/alternatievemiddelen.nl\/\"]}]}<\/script>\n<!-- \/ Yoast SEO plugin. -->","yoast_head_json":{"title":"Coldstream FTO PLUS Waterfilter Element - Alternatievemiddelen.nl","description":"Het Coldstream FTO PLUS waterfilter element heeft uitstekende prestaties bij het verminderen van meer dan 200 verontreinigingen (o.a. PFAS en microplastics)","robots":{"index":"index","follow":"follow","max-snippet":"max-snippet:-1","max-image-preview":"max-image-preview:large","max-video-preview":"max-video-preview:-1"},"canonical":"https:\/\/www.alternatievemiddelen.nl\/es\/wp-json\/wp\/v2\/product\/46661","og_locale":"es_ES","og_type":"article","og_title":"Coldstream FTO PLUS Waterfilter Element - Alternatievemiddelen.nl","og_description":"Het Coldstream FTO PLUS waterfilter element heeft uitstekende prestaties bij het verminderen van meer dan 200 verontreinigingen (o.a. PFAS en microplastics)","og_url":"https:\/\/www.alternatievemiddelen.nl\/es\/productos\/elemento-de-filtro-de-agua-coldstream-fto-plus\/","og_site_name":"Alternatievemiddelen.nl","article_publisher":"https:\/\/www.facebook.com\/alternatievemiddelen","article_modified_time":"2026-03-30T13:28:35+00:00","og_image":[{"width":1200,"height":1600,"url":"\/wp-content\/uploads\/2025\/02\/Coldstream-FTO-PLUS-waterfilter-element.jpg","type":"image\/jpeg"}],"twitter_card":"summary_large_image","twitter_misc":{"Tiempo de lectura":"3 minutos"},"schema":{"@context":"https:\/\/schema.org","@graph":[{"@type":["WebPage","ItemPage"],"@id":"https:\/\/www.alternatievemiddelen.nl\/producten\/coldstream-fto-plus-waterfilter-element\/","url":"https:\/\/www.alternatievemiddelen.nl\/producten\/coldstream-fto-plus-waterfilter-element\/","name":"Coldstream FTO PLUS Waterfilter Element - Alternatievemiddelen.nl","isPartOf":{"@id":"https:\/\/www.alternatievemiddelen.nl\/#website"},"primaryImageOfPage":{"@id":"https:\/\/www.alternatievemiddelen.nl\/producten\/coldstream-fto-plus-waterfilter-element\/#primaryimage"},"image":{"@id":"https:\/\/www.alternatievemiddelen.nl\/producten\/coldstream-fto-plus-waterfilter-element\/#primaryimage"},"thumbnailUrl":"https:\/\/www.alternatievemiddelen.nl\/wp-content\/uploads\/2025\/02\/Coldstream-FTO-PLUS-waterfilter-element.jpg","datePublished":"2025-02-05T12:55:23+00:00","dateModified":"2026-03-30T13:28:35+00:00","description":"Het Coldstream FTO PLUS waterfilter element heeft uitstekende prestaties bij het verminderen van meer dan 200 verontreinigingen (o.a. PFAS en microplastics)","breadcrumb":{"@id":"https:\/\/www.alternatievemiddelen.nl\/producten\/coldstream-fto-plus-waterfilter-element\/#breadcrumb"},"inLanguage":"es","potentialAction":[{"@type":"ReadAction","target":["https:\/\/www.alternatievemiddelen.nl\/producten\/coldstream-fto-plus-waterfilter-element\/"]}]},{"@type":"ImageObject","inLanguage":"es","@id":"https:\/\/www.alternatievemiddelen.nl\/producten\/coldstream-fto-plus-waterfilter-element\/#primaryimage","url":"https:\/\/www.alternatievemiddelen.nl\/wp-content\/uploads\/2025\/02\/Coldstream-FTO-PLUS-waterfilter-element.jpg","contentUrl":"https:\/\/www.alternatievemiddelen.nl\/wp-content\/uploads\/2025\/02\/Coldstream-FTO-PLUS-waterfilter-element.jpg","width":1200,"height":1600,"caption":"Coldstream FTO PLUS Waterfilter Element"},{"@type":"BreadcrumbList","@id":"https:\/\/www.alternatievemiddelen.nl\/producten\/coldstream-fto-plus-waterfilter-element\/#breadcrumb","itemListElement":[{"@type":"ListItem","position":1,"name":"Home","item":"https:\/\/www.alternatievemiddelen.nl\/"},{"@type":"ListItem","position":2,"name":"Producten","item":"https:\/\/www.alternatievemiddelen.nl\/producten\/"},{"@type":"ListItem","position":3,"name":"Coldstream FTO PLUS Waterfilter Element"}]},{"@type":"WebSite","@id":"https:\/\/www.alternatievemiddelen.nl\/#website","url":"https:\/\/www.alternatievemiddelen.nl\/","name":"Alternatievemiddelen.nl","description":"Webshop met gezonde, duurzame en ecologische alternatieve mogelijkheden in de hedendaagse levenstijl. Alles uit eigen ervaring.","publisher":{"@id":"https:\/\/www.alternatievemiddelen.nl\/#organization"},"alternateName":"Alternatieve Middelen","potentialAction":[{"@type":"SearchAction","target":{"@type":"EntryPoint","urlTemplate":"https:\/\/www.alternatievemiddelen.nl\/?s={search_term_string}"},"query-input":{"@type":"PropertyValueSpecification","valueRequired":true,"valueName":"search_term_string"}}],"inLanguage":"es"},{"@type":"Organization","@id":"https:\/\/www.alternatievemiddelen.nl\/#organization","name":"Alternatievemiddelen.nl","alternateName":"Alternatieve Middelen","url":"https:\/\/www.alternatievemiddelen.nl\/","logo":{"@type":"ImageObject","inLanguage":"es","@id":"https:\/\/www.alternatievemiddelen.nl\/#\/schema\/logo\/image\/","url":"https:\/\/www.alternatievemiddelen.nl\/wp-content\/uploads\/2023\/10\/alternatievemiddelen-PNG-logo.png","contentUrl":"https:\/\/www.alternatievemiddelen.nl\/wp-content\/uploads\/2023\/10\/alternatievemiddelen-PNG-logo.png","width":6400,"height":3062,"caption":"Alternatievemiddelen.nl"},"image":{"@id":"https:\/\/www.alternatievemiddelen.nl\/#\/schema\/logo\/image\/"},"sameAs":["https:\/\/www.facebook.com\/alternatievemiddelen","https:\/\/www.instagram.com\/alternatievemiddelen.nl\/"]}]}},"_links":{"self":[{"href":"https:\/\/www.alternatievemiddelen.nl\/es\/wp-json\/wp\/v2\/product\/46661","targetHints":{"allow":["GET"]}}],"collection":[{"href":"https:\/\/www.alternatievemiddelen.nl\/es\/wp-json\/wp\/v2\/product"}],"about":[{"href":"https:\/\/www.alternatievemiddelen.nl\/es\/wp-json\/wp\/v2\/types\/product"}],"replies":[{"embeddable":true,"href":"https:\/\/www.alternatievemiddelen.nl\/es\/wp-json\/wp\/v2\/comments?post=46661"}],"wp:featuredmedia":[{"embeddable":true,"href":"https:\/\/www.alternatievemiddelen.nl\/es\/wp-json\/wp\/v2\/media\/46700"}],"wp:attachment":[{"href":"https:\/\/www.alternatievemiddelen.nl\/es\/wp-json\/wp\/v2\/media?parent=46661"}],"wp:term":[{"taxonomy":"product_brand","embeddable":true,"href":"https:\/\/www.alternatievemiddelen.nl\/es\/wp-json\/wp\/v2\/product_brand?post=46661"},{"taxonomy":"product_cat","embeddable":true,"href":"https:\/\/www.alternatievemiddelen.nl\/es\/wp-json\/wp\/v2\/product_cat?post=46661"},{"taxonomy":"product_tag","embeddable":true,"href":"https:\/\/www.alternatievemiddelen.nl\/es\/wp-json\/wp\/v2\/product_tag?post=46661"},{"taxonomy":"merk","embeddable":true,"href":"https:\/\/www.alternatievemiddelen.nl\/es\/wp-json\/wp\/v2\/merk?post=46661"}],"curies":[{"name":"wp","href":"https:\/\/api.w.org\/{rel}","templated":true}]}}