{"id":47100,"date":"2025-03-11T10:28:21","date_gmt":"2025-03-11T09:28:21","guid":{"rendered":"https:\/\/www.alternatievemiddelen.nl\/?post_type=product&#038;p=47100"},"modified":"2026-01-09T16:48:37","modified_gmt":"2026-01-09T15:48:37","slug":"tr-eat-pannenkoek-wafel-mix-200gr","status":"publish","type":"product","link":"https:\/\/www.alternatievemiddelen.nl\/es\/productos\/tr-eat-mezcla-para-tortitas-y-gofres-200gr\/","title":{"rendered":"Tr-eat Pancake &amp; Waffle mix 200 gr"},"content":{"rendered":"<p>Tr-eat Pancake &amp; Waffle mix - Un pancake o gofre, 100 % sin gluten y sin az\u00facar, lleno de fibra buena para una buena salud intestinal y una buena digesti\u00f3n. Esta fibra prebi\u00f3tica procede de tub\u00e9rculos (konjac y tapioca), el fruto del baobab, la linaza y el coco. La tortita o el gofre 100% no contiene az\u00facar y est\u00e1 endulzado con polvo de baobab puro. Este polvo de baobab es polvo de fruta pura del \u00e1rbol baobab y es rico en fibra y vitamina C. Las tortitas y los gofres son deliciosos y f\u00e1ciles de preparar.<br \/>\n&nbsp;<\/p>\n<h3>Caracter\u00edsticas Tr-eat Pancake &amp; Waffle mix<\/h3>\n<p>\u2714 Sin gluten<br \/>\n\u2714 Sin az\u00facar<br \/>\n\u2714 Sin lactosa<br \/>\n\u2714 Sin patata<br \/>\n\u2714 Sin arroz<br \/>\n\u2714 Sin ma\u00edz<br \/>\n\u2714 Buena fibra para el intestino<br \/>\n\u2714 Prebi\u00f3tico<br \/>\n\u2714 Baobab<br \/>\n\u2714 Konjac<\/p>\n<p>Con esta mezcla Tr-eat Pancake &amp; Waffle de 200gr, puede hornear 12 tortitas, por ejemplo.<\/p>\n<p><u><b>Contenido:<\/b><\/u><br \/>\n200 gramos<\/p>\n<p><u><b>Ingredientes:<\/b><\/u><br \/>\nHarina de linaza amarilla, harina de coco, baobab, harina de konjac, harina de tapioca. El producto puede contener trazas de frutos de c\u00e1scara, cacahuetes y semillas de s\u00e9samo.<\/p>\n<p><u><b>Valores nutricionales por 100 g:<\/b><\/u><\/p>\n<table>\n<tbody>\n<tr>\n<td>Energ\u00eda<\/td>\n<td>1503 KJ, 357 kcal<\/td>\n<\/tr>\n<tr>\n<td>Grasas<\/td>\n<td>4,9 g<\/td>\n<\/tr>\n<tr>\n<td>de los cuales \u00e1cidos grasos saturados<\/td>\n<td>3,6 g<\/td>\n<\/tr>\n<tr>\n<td>Carbohidratos<\/td>\n<td>64,6 g<\/td>\n<\/tr>\n<tr>\n<td>de los cuales az\u00facares<\/td>\n<td>3,3 g<\/td>\n<\/tr>\n<tr>\n<td>Fibras<\/td>\n<td>13,9 g<\/td>\n<\/tr>\n<tr>\n<td>Prote\u00ednas<\/td>\n<td>6,6 g<\/td>\n<\/tr>\n<tr>\n<td>Sal<\/td>\n<td>0,1 g<\/td>\n<\/tr>\n<\/tbody>\n<\/table>\n<p>&nbsp;<\/p>\n<h3>Preparaci\u00f3n<\/h3>\n<p><b><u>Tortitas<\/u><\/b><br \/>\n- 8 huevos<br \/>\n- 1000 ml de agua (con gas)<br \/>\n- 30 g de aceite<\/p>\n<p>En un bol, bata todos los ingredientes hasta obtener una mezcla homog\u00e9nea. Calentar una sart\u00e9n con un poco de aceite a fuego medio. Echar un poco de masa con una cuchara y mover un poco la sart\u00e9n de un lado a otro para que la masa se distribuya por toda la sart\u00e9n y se obtenga una tortita fina . Fr\u00eda la tortita hasta que la parte superior est\u00e9 seca y muestre peque\u00f1as burbujas. A continuaci\u00f3n, dale la vuelta y fr\u00ede tambi\u00e9n la parte inferior hasta que est\u00e9 dorada.<\/p>\n<p>Por supuesto, tambi\u00e9n puede utilizar la mitad de todo, si desea hacer menos tortitas.<\/p>\n<p><b><u>Gofres<\/u><\/b><br \/>\n- 6 huevos<br \/>\n- 80 ml de agua (con gas)<br \/>\n- 40 g de aceite de coco<br \/>\n- 40 g de edulcorante de su elecci\u00f3n<\/p>\n<p>En un bol, bata todos los ingredientes hasta obtener una mezcla homog\u00e9nea. Hornea los gofres en una gofrera.<\/p>\n<p>Por supuesto, tambi\u00e9n puede utilizar la mitad de todo, si desea hacer menos gofres.<br \/>\n&nbsp;<br \/>\nPara ver v\u00eddeos instructivos sobre c\u00f3mo preparar los productos Tr-eat, consulte nuestro <a href=\"https:\/\/www.alternatievemiddelen.nl\/es\/la-biblioteca\/\">biblioteca<\/a>. En estos <a href=\"https:\/\/www.alternatievemiddelen.nl\/es\/videos-instructivos-para-tr-eat-productos-sin-gluten\/\">v\u00eddeos did\u00e1cticos<\/a> ver\u00e1s paso a paso c\u00f3mo elaborar f\u00e1cilmente tu producto Tr-eat. \u00a1No se requieren conocimientos de chef!<\/p>","protected":false},"excerpt":{"rendered":"<p>Tr-eat Pancake &amp; Waffle mix para una tortita o un gofre, 100 % sin gluten y sin az\u00facar, lleno de fibra buena para una buena salud intestinal y una buena digesti\u00f3n.<\/p>\n<p><b>\u00bfAprovecha los descuentos de los paquetes? Configure su <a href=\"https:\/\/www.alternatievemiddelen.nl\/es\/productos\/tr-eat-products-bargain-set\/\"><b>Crea tu propio paquete de productos Tr-eat<\/b><\/a> y reciba un descuento.<\/b><\/p>","protected":false},"featured_media":47111,"comment_status":"open","ping_status":"closed","template":"","meta":[],"product_brand":[],"product_cat":[3042,3654],"product_tag":[3680,3661,3664,3663,2875,3183,3665,3682,3657,3681,3662],"merk":[3653],"class_list":{"0":"post-47100","1":"product","2":"type-product","3":"status-publish","4":"has-post-thumbnail","6":"product_cat-gezonde-voedingsmiddelen","7":"product_cat-glutenvrije-bakmixen","8":"product_tag-200-gr","9":"product_tag-bakmix","10":"product_tag-darmen","11":"product_tag-darmflora","12":"product_tag-gezondheid","13":"product_tag-glutenvrij","14":"product_tag-lekker","15":"product_tag-pannenkoek-wafel","16":"product_tag-tr-eat","17":"product_tag-tr-eat-pannenkoek-wafel","18":"product_tag-vezels","19":"merk-treat","21":"first","22":"instock","23":"taxable","24":"shipping-taxable","25":"purchasable","26":"product-type-simple"},"bundled_by":["49417"],"bundle_stock_status":"instock","bundle_stock_quantity":2,"bundle_virtual":false,"bundle_layout":"","bundle_add_to_cart_form_location":"","bundle_editable_in_cart":false,"bundle_sold_individually_context":"","bundle_item_grouping":"","bundle_min_size":"","bundle_max_size":"","bundle_price":[],"bundled_items":[],"bundle_sell_ids":[44176,47274,47311,49202,46952],"yoast_head":"<!-- This site is optimized with the Yoast SEO plugin v26.1 - https:\/\/yoast.com\/wordpress\/plugins\/seo\/ -->\n<title>Tr-eat Pannenkoek &amp; Wafel mix 200 gr - Alternatievemiddelen.nl<\/title>\n<meta name=\"description\" content=\"Tr-eat Pannenkoek &amp; Wafel mix voor een pannenkoek of wafel, 100 % glutenvrij en suikervrij, vol goede vezels voor een goede darmflora en spijsvertering.\" \/>\n<meta name=\"robots\" content=\"index, follow, max-snippet:-1, max-image-preview:large, max-video-preview:-1\" \/>\n<link rel=\"canonical\" href=\"https:\/\/www.alternatievemiddelen.nl\/es\/wp-json\/wp\/v2\/product\/47100\" \/>\n<meta property=\"og:locale\" content=\"es_ES\" \/>\n<meta property=\"og:type\" content=\"article\" \/>\n<meta property=\"og:title\" content=\"Tr-eat Pannenkoek &amp; Wafel mix 200 gr - Alternatievemiddelen.nl\" \/>\n<meta property=\"og:description\" content=\"Tr-eat Pannenkoek &amp; Wafel mix voor een pannenkoek of wafel, 100 % glutenvrij en suikervrij, vol goede vezels voor een goede darmflora en spijsvertering.\" \/>\n<meta property=\"og:url\" content=\"https:\/\/www.alternatievemiddelen.nl\/es\/productos\/tr-eat-mezcla-para-tortitas-y-gofres-200gr\/\" \/>\n<meta property=\"og:site_name\" content=\"Alternatievemiddelen.nl\" \/>\n<meta property=\"article:modified_time\" content=\"2026-01-09T15:48:37+00:00\" \/>\n<meta property=\"og:image\" content=\"\/wp-content\/uploads\/2025\/03\/Tr-eat-Pannenkoek-Wafel-mix.jpg\" \/>\n\t<meta property=\"og:image:width\" content=\"600\" \/>\n\t<meta property=\"og:image:height\" content=\"800\" \/>\n\t<meta property=\"og:image:type\" content=\"image\/jpeg\" \/>\n<meta name=\"twitter:card\" content=\"summary_large_image\" \/>\n<meta name=\"twitter:label1\" content=\"Tiempo de lectura\" \/>\n\t<meta name=\"twitter:data1\" content=\"2 minutos\" \/>\n<script type=\"application\/ld+json\" class=\"yoast-schema-graph\">{\"@context\":\"https:\/\/schema.org\",\"@graph\":[{\"@type\":[\"WebPage\",\"ItemPage\"],\"@id\":\"https:\/\/www.alternatievemiddelen.nl\/producten\/tr-eat-pannenkoek-wafel-mix-200gr\/\",\"url\":\"https:\/\/www.alternatievemiddelen.nl\/producten\/tr-eat-pannenkoek-wafel-mix-200gr\/\",\"name\":\"Tr-eat Pannenkoek & Wafel mix 200 gr - Alternatievemiddelen.nl\",\"isPartOf\":{\"@id\":\"https:\/\/www.alternatievemiddelen.nl\/#website\"},\"primaryImageOfPage\":{\"@id\":\"https:\/\/www.alternatievemiddelen.nl\/producten\/tr-eat-pannenkoek-wafel-mix-200gr\/#primaryimage\"},\"image\":{\"@id\":\"https:\/\/www.alternatievemiddelen.nl\/producten\/tr-eat-pannenkoek-wafel-mix-200gr\/#primaryimage\"},\"thumbnailUrl\":\"https:\/\/www.alternatievemiddelen.nl\/wp-content\/uploads\/2025\/03\/Tr-eat-Pannenkoek-Wafel-mix.jpg\",\"datePublished\":\"2025-03-11T09:28:21+00:00\",\"dateModified\":\"2026-01-09T15:48:37+00:00\",\"description\":\"Tr-eat Pannenkoek & Wafel mix voor een pannenkoek of wafel, 100 % glutenvrij en suikervrij, vol goede vezels voor een goede darmflora en spijsvertering.\",\"breadcrumb\":{\"@id\":\"https:\/\/www.alternatievemiddelen.nl\/producten\/tr-eat-pannenkoek-wafel-mix-200gr\/#breadcrumb\"},\"inLanguage\":\"es\",\"potentialAction\":[{\"@type\":\"ReadAction\",\"target\":[\"https:\/\/www.alternatievemiddelen.nl\/producten\/tr-eat-pannenkoek-wafel-mix-200gr\/\"]}]},{\"@type\":\"ImageObject\",\"inLanguage\":\"es\",\"@id\":\"https:\/\/www.alternatievemiddelen.nl\/producten\/tr-eat-pannenkoek-wafel-mix-200gr\/#primaryimage\",\"url\":\"https:\/\/www.alternatievemiddelen.nl\/wp-content\/uploads\/2025\/03\/Tr-eat-Pannenkoek-Wafel-mix.jpg\",\"contentUrl\":\"https:\/\/www.alternatievemiddelen.nl\/wp-content\/uploads\/2025\/03\/Tr-eat-Pannenkoek-Wafel-mix.jpg\",\"width\":600,\"height\":800,\"caption\":\"Tr-eat Pannenkoek & Wafel mix\"},{\"@type\":\"BreadcrumbList\",\"@id\":\"https:\/\/www.alternatievemiddelen.nl\/producten\/tr-eat-pannenkoek-wafel-mix-200gr\/#breadcrumb\",\"itemListElement\":[{\"@type\":\"ListItem\",\"position\":1,\"name\":\"Home\",\"item\":\"https:\/\/www.alternatievemiddelen.nl\/\"},{\"@type\":\"ListItem\",\"position\":2,\"name\":\"Producten\",\"item\":\"https:\/\/www.alternatievemiddelen.nl\/producten\/\"},{\"@type\":\"ListItem\",\"position\":3,\"name\":\"Tr-eat Pannenkoek &#038; Wafel mix 200 gr\"}]},{\"@type\":\"WebSite\",\"@id\":\"https:\/\/www.alternatievemiddelen.nl\/#website\",\"url\":\"https:\/\/www.alternatievemiddelen.nl\/\",\"name\":\"Alternatievemiddelen.nl\",\"description\":\"Webshop met gezonde, duurzame en ecologische alternatieve mogelijkheden in de hedendaagse levenstijl. Alles uit eigen ervaring.\",\"publisher\":{\"@id\":\"https:\/\/www.alternatievemiddelen.nl\/#organization\"},\"potentialAction\":[{\"@type\":\"SearchAction\",\"target\":{\"@type\":\"EntryPoint\",\"urlTemplate\":\"https:\/\/www.alternatievemiddelen.nl\/?s={search_term_string}\"},\"query-input\":{\"@type\":\"PropertyValueSpecification\",\"valueRequired\":true,\"valueName\":\"search_term_string\"}}],\"inLanguage\":\"es\"},{\"@type\":\"Organization\",\"@id\":\"https:\/\/www.alternatievemiddelen.nl\/#organization\",\"name\":\"Alternatievemiddelen.nl\",\"url\":\"https:\/\/www.alternatievemiddelen.nl\/\",\"logo\":{\"@type\":\"ImageObject\",\"inLanguage\":\"es\",\"@id\":\"https:\/\/www.alternatievemiddelen.nl\/#\/schema\/logo\/image\/\",\"url\":\"https:\/\/www.alternatievemiddelen.nl\/wp-content\/uploads\/2023\/10\/alternatievemiddelen-PNG-logo.png\",\"contentUrl\":\"https:\/\/www.alternatievemiddelen.nl\/wp-content\/uploads\/2023\/10\/alternatievemiddelen-PNG-logo.png\",\"width\":6400,\"height\":3062,\"caption\":\"Alternatievemiddelen.nl\"},\"image\":{\"@id\":\"https:\/\/www.alternatievemiddelen.nl\/#\/schema\/logo\/image\/\"}}]}<\/script>\n<!-- \/ Yoast SEO plugin. -->","yoast_head_json":{"title":"Tr-eat Pannenkoek & Wafel mix 200 gr - Alternatievemiddelen.nl","description":"Tr-eat Pannenkoek & Wafel mix voor een pannenkoek of wafel, 100 % glutenvrij en suikervrij, vol goede vezels voor een goede darmflora en spijsvertering.","robots":{"index":"index","follow":"follow","max-snippet":"max-snippet:-1","max-image-preview":"max-image-preview:large","max-video-preview":"max-video-preview:-1"},"canonical":"https:\/\/www.alternatievemiddelen.nl\/es\/wp-json\/wp\/v2\/product\/47100","og_locale":"es_ES","og_type":"article","og_title":"Tr-eat Pannenkoek & Wafel mix 200 gr - Alternatievemiddelen.nl","og_description":"Tr-eat Pannenkoek & Wafel mix voor een pannenkoek of wafel, 100 % glutenvrij en suikervrij, vol goede vezels voor een goede darmflora en spijsvertering.","og_url":"https:\/\/www.alternatievemiddelen.nl\/es\/productos\/tr-eat-mezcla-para-tortitas-y-gofres-200gr\/","og_site_name":"Alternatievemiddelen.nl","article_modified_time":"2026-01-09T15:48:37+00:00","og_image":[{"width":600,"height":800,"url":"\/wp-content\/uploads\/2025\/03\/Tr-eat-Pannenkoek-Wafel-mix.jpg","type":"image\/jpeg"}],"twitter_card":"summary_large_image","twitter_misc":{"Tiempo de lectura":"2 minutos"},"schema":{"@context":"https:\/\/schema.org","@graph":[{"@type":["WebPage","ItemPage"],"@id":"https:\/\/www.alternatievemiddelen.nl\/producten\/tr-eat-pannenkoek-wafel-mix-200gr\/","url":"https:\/\/www.alternatievemiddelen.nl\/producten\/tr-eat-pannenkoek-wafel-mix-200gr\/","name":"Tr-eat Pannenkoek & Wafel mix 200 gr - Alternatievemiddelen.nl","isPartOf":{"@id":"https:\/\/www.alternatievemiddelen.nl\/#website"},"primaryImageOfPage":{"@id":"https:\/\/www.alternatievemiddelen.nl\/producten\/tr-eat-pannenkoek-wafel-mix-200gr\/#primaryimage"},"image":{"@id":"https:\/\/www.alternatievemiddelen.nl\/producten\/tr-eat-pannenkoek-wafel-mix-200gr\/#primaryimage"},"thumbnailUrl":"https:\/\/www.alternatievemiddelen.nl\/wp-content\/uploads\/2025\/03\/Tr-eat-Pannenkoek-Wafel-mix.jpg","datePublished":"2025-03-11T09:28:21+00:00","dateModified":"2026-01-09T15:48:37+00:00","description":"Tr-eat Pannenkoek & Wafel mix voor een pannenkoek of wafel, 100 % glutenvrij en suikervrij, vol goede vezels voor een goede darmflora en spijsvertering.","breadcrumb":{"@id":"https:\/\/www.alternatievemiddelen.nl\/producten\/tr-eat-pannenkoek-wafel-mix-200gr\/#breadcrumb"},"inLanguage":"es","potentialAction":[{"@type":"ReadAction","target":["https:\/\/www.alternatievemiddelen.nl\/producten\/tr-eat-pannenkoek-wafel-mix-200gr\/"]}]},{"@type":"ImageObject","inLanguage":"es","@id":"https:\/\/www.alternatievemiddelen.nl\/producten\/tr-eat-pannenkoek-wafel-mix-200gr\/#primaryimage","url":"https:\/\/www.alternatievemiddelen.nl\/wp-content\/uploads\/2025\/03\/Tr-eat-Pannenkoek-Wafel-mix.jpg","contentUrl":"https:\/\/www.alternatievemiddelen.nl\/wp-content\/uploads\/2025\/03\/Tr-eat-Pannenkoek-Wafel-mix.jpg","width":600,"height":800,"caption":"Tr-eat Pannenkoek & Wafel mix"},{"@type":"BreadcrumbList","@id":"https:\/\/www.alternatievemiddelen.nl\/producten\/tr-eat-pannenkoek-wafel-mix-200gr\/#breadcrumb","itemListElement":[{"@type":"ListItem","position":1,"name":"Home","item":"https:\/\/www.alternatievemiddelen.nl\/"},{"@type":"ListItem","position":2,"name":"Producten","item":"https:\/\/www.alternatievemiddelen.nl\/producten\/"},{"@type":"ListItem","position":3,"name":"Tr-eat Pannenkoek &#038; Wafel mix 200 gr"}]},{"@type":"WebSite","@id":"https:\/\/www.alternatievemiddelen.nl\/#website","url":"https:\/\/www.alternatievemiddelen.nl\/","name":"Alternatievemiddelen.nl","description":"Webshop met gezonde, duurzame en ecologische alternatieve mogelijkheden in de hedendaagse levenstijl. Alles uit eigen ervaring.","publisher":{"@id":"https:\/\/www.alternatievemiddelen.nl\/#organization"},"potentialAction":[{"@type":"SearchAction","target":{"@type":"EntryPoint","urlTemplate":"https:\/\/www.alternatievemiddelen.nl\/?s={search_term_string}"},"query-input":{"@type":"PropertyValueSpecification","valueRequired":true,"valueName":"search_term_string"}}],"inLanguage":"es"},{"@type":"Organization","@id":"https:\/\/www.alternatievemiddelen.nl\/#organization","name":"Alternatievemiddelen.nl","url":"https:\/\/www.alternatievemiddelen.nl\/","logo":{"@type":"ImageObject","inLanguage":"es","@id":"https:\/\/www.alternatievemiddelen.nl\/#\/schema\/logo\/image\/","url":"https:\/\/www.alternatievemiddelen.nl\/wp-content\/uploads\/2023\/10\/alternatievemiddelen-PNG-logo.png","contentUrl":"https:\/\/www.alternatievemiddelen.nl\/wp-content\/uploads\/2023\/10\/alternatievemiddelen-PNG-logo.png","width":6400,"height":3062,"caption":"Alternatievemiddelen.nl"},"image":{"@id":"https:\/\/www.alternatievemiddelen.nl\/#\/schema\/logo\/image\/"}}]}},"_links":{"self":[{"href":"https:\/\/www.alternatievemiddelen.nl\/es\/wp-json\/wp\/v2\/product\/47100","targetHints":{"allow":["GET"]}}],"collection":[{"href":"https:\/\/www.alternatievemiddelen.nl\/es\/wp-json\/wp\/v2\/product"}],"about":[{"href":"https:\/\/www.alternatievemiddelen.nl\/es\/wp-json\/wp\/v2\/types\/product"}],"replies":[{"embeddable":true,"href":"https:\/\/www.alternatievemiddelen.nl\/es\/wp-json\/wp\/v2\/comments?post=47100"}],"wp:featuredmedia":[{"embeddable":true,"href":"https:\/\/www.alternatievemiddelen.nl\/es\/wp-json\/wp\/v2\/media\/47111"}],"wp:attachment":[{"href":"https:\/\/www.alternatievemiddelen.nl\/es\/wp-json\/wp\/v2\/media?parent=47100"}],"wp:term":[{"taxonomy":"product_brand","embeddable":true,"href":"https:\/\/www.alternatievemiddelen.nl\/es\/wp-json\/wp\/v2\/product_brand?post=47100"},{"taxonomy":"product_cat","embeddable":true,"href":"https:\/\/www.alternatievemiddelen.nl\/es\/wp-json\/wp\/v2\/product_cat?post=47100"},{"taxonomy":"product_tag","embeddable":true,"href":"https:\/\/www.alternatievemiddelen.nl\/es\/wp-json\/wp\/v2\/product_tag?post=47100"},{"taxonomy":"merk","embeddable":true,"href":"https:\/\/www.alternatievemiddelen.nl\/es\/wp-json\/wp\/v2\/merk?post=47100"}],"curies":[{"name":"wp","href":"https:\/\/api.w.org\/{rel}","templated":true}]}}