{"id":47248,"date":"2025-03-28T11:29:23","date_gmt":"2025-03-28T10:29:23","guid":{"rendered":"https:\/\/www.alternatievemiddelen.nl\/?post_type=product&#038;p=47248"},"modified":"2026-04-02T03:28:32","modified_gmt":"2026-04-02T01:28:32","slug":"npc-natural-progesteron-creme","status":"publish","type":"product","link":"https:\/\/www.alternatievemiddelen.nl\/es\/productos\/npc-crema-de-progesterona-natural\/","title":{"rendered":"NPC Crema de Progesterona Natural 56 g"},"content":{"rendered":"<p>NPC Natural Progesterone Creme - Tratamiento natural para las molestias hormonales, del s\u00edndrome premenstrual, menstruales y de la menopausia.<br \/>\n&nbsp;<\/p>\n<h3>\u00bfQu\u00e9 es la progesterona?<\/h3>\n<p>La progesterona es una hormona producida por nuestro organismo en los ovarios y las gl\u00e1ndulas suprarrenales, entre otras. La progesterona es una hormona calmante y equilibradora. Aporta una sensaci\u00f3n de calma y relajaci\u00f3n. Te hace sentir emocionalmente estable. La progesterona desempe\u00f1a un papel fundamental en el ciclo menstrual y es una hormona importante si quieres quedarte embarazada. Tambi\u00e9n llamada \"hormona del embarazo\", prepara el \u00fatero para la implantaci\u00f3n y mantiene el endometrio durante el embarazo. La progesterona tambi\u00e9n contribuye a la profundidad y duraci\u00f3n del sue\u00f1o, es importante para la gl\u00e1ndula tiroides e interviene en los procesos de quema de grasas. Una carencia de progesterona puede provocar s\u00edntomas como: migra\u00f1as, s\u00edndrome premenstrual, disminuci\u00f3n de la libido, sensibilidad mamaria, ciclos menstruales irregulares, menstruaciones abundantes y dolorosas, aumento de la sensibilidad al estr\u00e9s, melancol\u00eda, problemas de tiroides y s\u00edntomas de la menopausia.<\/p>\n<p>La progesterona la produce el colesterol. Por lo tanto, es importante consumir suficientes grasas saludables. Adem\u00e1s, el estr\u00e9s consume mucha progesterona. Cuando se experimenta mucho estr\u00e9s, la progesterona se transforma en cortisol (la hormona del estr\u00e9s).<\/p>\n<p>A partir de los 35 a\u00f1os, la producci\u00f3n de progesterona empieza a disminuir de forma significativa. Para entonces, la producci\u00f3n de estr\u00f3genos tambi\u00e9n disminuye ligeramente, pero con mucha menos rapidez. Como resultado, puede producirse una dominancia de estr\u00f3genos (temporalmente). En proporci\u00f3n, el efecto de los estr\u00f3genos es excesivo en comparaci\u00f3n con el de la progesterona. Los anticonceptivos hormonales, el estr\u00e9s, la exposici\u00f3n a xenoestr\u00f3genos (disruptores hormonales) y, por tanto, la edad pueden provocar un desequilibrio de estr\u00f3genos y progesterona. Especialmente durante la premenopausia, la progesterona es necesaria para equilibrar los estr\u00f3genos y la progesterona. En la menopausia, los niveles sangu\u00edneos de progesterona y (en menor medida) de estr\u00f3geno descienden dr\u00e1sticamente. A veces, la progesterona desciende hasta casi 0%. Como resultado, el equilibrio entre las dos hormonas cae y se produce una dominancia de estr\u00f3genos.<\/p>\n<p>La progesterona natural se obtiene a partir de grasas y aceites vegetales. En el laboratorio, se transforman en progesterona humana. La crema de progesterona es, por tanto, una crema que contiene progesterona bioid\u00e9ntica. La crema se absorbe inmediatamente en la sangre a trav\u00e9s de la piel, lo que le permite realizar su funci\u00f3n con eficacia.<br \/>\n&nbsp;<\/p>\n<h4>Informaci\u00f3n sobre el contenido:<\/h4>\n<p>Tubo de 56 gramos (2% progesterona)<br \/>\nProgesterona natural extra\u00edda del \u00f1ame silvestre<br \/>\n<u>Ingredientes (en ingl\u00e9s i.a.):<\/u> Agua desionizada, triglic\u00e9rido capr\u00edlico\/c\u00e1prico, poliacrilamida, isoparafina C 13-14, laureth-7, progesterona, fenoxietanol, caprilil glicol, \u00e1cido s\u00f3rbico, extracto de semilla de pomelo, alcohol SD, zumo de hoja de aloe barbadensis, acetato de tocoferilo.<br \/>\n&nbsp;<\/p>\n<h4>Dosificaci\u00f3n:<\/h4>\n<p>Cuando menstr\u00faes, empieza el d\u00eda 12 de tu ciclo (el d\u00eda 1 es el primer d\u00eda de la regla) y contin\u00faa hasta el d\u00eda 26. Rep\u00edtelo todos los meses.<br \/>\nSi ya no tienes menstruaci\u00f3n, puedes empezar en cualquier momento y lubricar 25 d\u00edas y 5 d\u00edas no.<\/p>\n<p>Utiliza \u00bc de cucharadita una vez al d\u00eda y, preferiblemente, exti\u00e9ndela justo antes de acostarte. De hecho, se aplican dosis diferentes a cada mujer, por lo que tendr\u00e1 que descubrir la suya propia. Empiece con una vez al d\u00eda y pase posiblemente a una aplicaci\u00f3n dos veces al d\u00eda al cabo de unas semanas. Utilice hasta una cucharadita entera, hasta que encuentre la dosis adecuada para su cuerpo. Si nota que le da sue\u00f1o, utilice la crema s\u00f3lo por la noche o un poco menos. Podr\u00eda significar que la dosis es demasiado alta para usted.<br \/>\nLa crema se aplica mejor en las zonas del cuerpo donde la piel es fina y tiene buena circulaci\u00f3n, como la cara, las axilas, las palmas de las manos, los senos, la cara interna de los brazos y la cara interna de las rodillas. Alterne siempre.<\/p>","protected":false},"excerpt":{"rendered":"<p>NPC Natural Progesterone Creme - Tratamiento natural para las molestias hormonales, del s\u00edndrome premenstrual, menstruales y de la menopausia.<\/p>","protected":false},"featured_media":47249,"comment_status":"open","ping_status":"closed","template":"","meta":[],"product_brand":[],"product_cat":[2945,3917],"product_tag":[3051,3919,3687,3688],"merk":[3918],"class_list":{"0":"post-47248","1":"product","2":"type-product","3":"status-publish","4":"has-post-thumbnail","6":"product_cat-natuurlijke-verzorging","7":"product_cat-npc-natural-progesteron-creme","8":"product_tag-natuurlijk","9":"product_tag-npc-natural-progesteron-creme","10":"product_tag-npc-progesteron-creme","11":"product_tag-progesteron-creme","12":"merk-sarati-international","14":"first","15":"instock","16":"taxable","17":"shipping-taxable","18":"purchasable","19":"product-type-simple"},"bundled_by":[],"bundle_stock_status":"instock","bundle_stock_quantity":null,"bundle_virtual":false,"bundle_layout":"","bundle_add_to_cart_form_location":"","bundle_editable_in_cart":false,"bundle_sold_individually_context":"","bundle_item_grouping":"","bundle_min_size":"","bundle_max_size":"","bundle_price":[],"bundled_items":[],"bundle_sell_ids":[44176],"yoast_head":"<!-- This site is optimized with the Yoast SEO plugin v26.1 - https:\/\/yoast.com\/wordpress\/plugins\/seo\/ -->\n<title>NPC Natural Progesteron Creme 56 gr - Alternatievemiddelen.nl<\/title>\n<meta name=\"description\" content=\"NPC Progesteron Creme - Natuurlijke behandeling van hormonale-, PMS-, menstruatie- en overgangsklachten. Natuurlijk en in een verpakking van 56 gram.\" \/>\n<meta name=\"robots\" content=\"index, follow, max-snippet:-1, max-image-preview:large, max-video-preview:-1\" \/>\n<link rel=\"canonical\" href=\"https:\/\/www.alternatievemiddelen.nl\/es\/wp-json\/wp\/v2\/product\/47248\" \/>\n<meta property=\"og:locale\" content=\"es_ES\" \/>\n<meta property=\"og:type\" content=\"article\" \/>\n<meta property=\"og:title\" content=\"NPC Natural Progesteron Creme 56 gr - Alternatievemiddelen.nl\" \/>\n<meta property=\"og:description\" content=\"NPC Progesteron Creme - Natuurlijke behandeling van hormonale-, PMS-, menstruatie- en overgangsklachten. Natuurlijk en in een verpakking van 56 gram.\" \/>\n<meta property=\"og:url\" content=\"https:\/\/www.alternatievemiddelen.nl\/es\/productos\/npc-crema-de-progesterona-natural\/\" \/>\n<meta property=\"og:site_name\" content=\"Alternatievemiddelen.nl\" \/>\n<meta property=\"article:modified_time\" content=\"2026-04-02T01:28:32+00:00\" \/>\n<meta property=\"og:image\" content=\"\/wp-content\/uploads\/2025\/03\/NPC-Progesteron-Creme.jpg\" \/>\n\t<meta property=\"og:image:width\" content=\"600\" \/>\n\t<meta property=\"og:image:height\" content=\"800\" \/>\n\t<meta property=\"og:image:type\" content=\"image\/jpeg\" \/>\n<meta name=\"twitter:card\" content=\"summary_large_image\" \/>\n<meta name=\"twitter:label1\" content=\"Tiempo de lectura\" \/>\n\t<meta name=\"twitter:data1\" content=\"4 minutos\" \/>\n<script type=\"application\/ld+json\" class=\"yoast-schema-graph\">{\"@context\":\"https:\/\/schema.org\",\"@graph\":[{\"@type\":[\"WebPage\",\"ItemPage\"],\"@id\":\"https:\/\/www.alternatievemiddelen.nl\/producten\/npc-natural-progesteron-creme\/\",\"url\":\"https:\/\/www.alternatievemiddelen.nl\/producten\/npc-natural-progesteron-creme\/\",\"name\":\"NPC Natural Progesteron Creme 56 gr - Alternatievemiddelen.nl\",\"isPartOf\":{\"@id\":\"https:\/\/www.alternatievemiddelen.nl\/#website\"},\"primaryImageOfPage\":{\"@id\":\"https:\/\/www.alternatievemiddelen.nl\/producten\/npc-natural-progesteron-creme\/#primaryimage\"},\"image\":{\"@id\":\"https:\/\/www.alternatievemiddelen.nl\/producten\/npc-natural-progesteron-creme\/#primaryimage\"},\"thumbnailUrl\":\"https:\/\/www.alternatievemiddelen.nl\/wp-content\/uploads\/2025\/03\/NPC-Progesteron-Creme.jpg\",\"datePublished\":\"2025-03-28T10:29:23+00:00\",\"dateModified\":\"2026-04-02T01:28:32+00:00\",\"description\":\"NPC Progesteron Creme - Natuurlijke behandeling van hormonale-, PMS-, menstruatie- en overgangsklachten. Natuurlijk en in een verpakking van 56 gram.\",\"breadcrumb\":{\"@id\":\"https:\/\/www.alternatievemiddelen.nl\/producten\/npc-natural-progesteron-creme\/#breadcrumb\"},\"inLanguage\":\"es\",\"potentialAction\":[{\"@type\":\"ReadAction\",\"target\":[\"https:\/\/www.alternatievemiddelen.nl\/producten\/npc-natural-progesteron-creme\/\"]}]},{\"@type\":\"ImageObject\",\"inLanguage\":\"es\",\"@id\":\"https:\/\/www.alternatievemiddelen.nl\/producten\/npc-natural-progesteron-creme\/#primaryimage\",\"url\":\"https:\/\/www.alternatievemiddelen.nl\/wp-content\/uploads\/2025\/03\/NPC-Progesteron-Creme.jpg\",\"contentUrl\":\"https:\/\/www.alternatievemiddelen.nl\/wp-content\/uploads\/2025\/03\/NPC-Progesteron-Creme.jpg\",\"width\":600,\"height\":800,\"caption\":\"NPC Progesteron Creme\"},{\"@type\":\"BreadcrumbList\",\"@id\":\"https:\/\/www.alternatievemiddelen.nl\/producten\/npc-natural-progesteron-creme\/#breadcrumb\",\"itemListElement\":[{\"@type\":\"ListItem\",\"position\":1,\"name\":\"Home\",\"item\":\"https:\/\/www.alternatievemiddelen.nl\/\"},{\"@type\":\"ListItem\",\"position\":2,\"name\":\"Producten\",\"item\":\"https:\/\/www.alternatievemiddelen.nl\/producten\/\"},{\"@type\":\"ListItem\",\"position\":3,\"name\":\"NPC Natural Progesteron Creme 56 gr\"}]},{\"@type\":\"WebSite\",\"@id\":\"https:\/\/www.alternatievemiddelen.nl\/#website\",\"url\":\"https:\/\/www.alternatievemiddelen.nl\/\",\"name\":\"Alternatievemiddelen.nl\",\"description\":\"Webshop met gezonde, duurzame en ecologische alternatieve mogelijkheden in de hedendaagse levenstijl. Alles uit eigen ervaring.\",\"publisher\":{\"@id\":\"https:\/\/www.alternatievemiddelen.nl\/#organization\"},\"potentialAction\":[{\"@type\":\"SearchAction\",\"target\":{\"@type\":\"EntryPoint\",\"urlTemplate\":\"https:\/\/www.alternatievemiddelen.nl\/?s={search_term_string}\"},\"query-input\":{\"@type\":\"PropertyValueSpecification\",\"valueRequired\":true,\"valueName\":\"search_term_string\"}}],\"inLanguage\":\"es\"},{\"@type\":\"Organization\",\"@id\":\"https:\/\/www.alternatievemiddelen.nl\/#organization\",\"name\":\"Alternatievemiddelen.nl\",\"url\":\"https:\/\/www.alternatievemiddelen.nl\/\",\"logo\":{\"@type\":\"ImageObject\",\"inLanguage\":\"es\",\"@id\":\"https:\/\/www.alternatievemiddelen.nl\/#\/schema\/logo\/image\/\",\"url\":\"https:\/\/www.alternatievemiddelen.nl\/wp-content\/uploads\/2023\/10\/alternatievemiddelen-PNG-logo.png\",\"contentUrl\":\"https:\/\/www.alternatievemiddelen.nl\/wp-content\/uploads\/2023\/10\/alternatievemiddelen-PNG-logo.png\",\"width\":6400,\"height\":3062,\"caption\":\"Alternatievemiddelen.nl\"},\"image\":{\"@id\":\"https:\/\/www.alternatievemiddelen.nl\/#\/schema\/logo\/image\/\"}}]}<\/script>\n<!-- \/ Yoast SEO plugin. -->","yoast_head_json":{"title":"NPC Natural Progesteron Creme 56 gr - Alternatievemiddelen.nl","description":"NPC Progesteron Creme - Natuurlijke behandeling van hormonale-, PMS-, menstruatie- en overgangsklachten. Natuurlijk en in een verpakking van 56 gram.","robots":{"index":"index","follow":"follow","max-snippet":"max-snippet:-1","max-image-preview":"max-image-preview:large","max-video-preview":"max-video-preview:-1"},"canonical":"https:\/\/www.alternatievemiddelen.nl\/es\/wp-json\/wp\/v2\/product\/47248","og_locale":"es_ES","og_type":"article","og_title":"NPC Natural Progesteron Creme 56 gr - Alternatievemiddelen.nl","og_description":"NPC Progesteron Creme - Natuurlijke behandeling van hormonale-, PMS-, menstruatie- en overgangsklachten. Natuurlijk en in een verpakking van 56 gram.","og_url":"https:\/\/www.alternatievemiddelen.nl\/es\/productos\/npc-crema-de-progesterona-natural\/","og_site_name":"Alternatievemiddelen.nl","article_modified_time":"2026-04-02T01:28:32+00:00","og_image":[{"width":600,"height":800,"url":"\/wp-content\/uploads\/2025\/03\/NPC-Progesteron-Creme.jpg","type":"image\/jpeg"}],"twitter_card":"summary_large_image","twitter_misc":{"Tiempo de lectura":"4 minutos"},"schema":{"@context":"https:\/\/schema.org","@graph":[{"@type":["WebPage","ItemPage"],"@id":"https:\/\/www.alternatievemiddelen.nl\/producten\/npc-natural-progesteron-creme\/","url":"https:\/\/www.alternatievemiddelen.nl\/producten\/npc-natural-progesteron-creme\/","name":"NPC Natural Progesteron Creme 56 gr - Alternatievemiddelen.nl","isPartOf":{"@id":"https:\/\/www.alternatievemiddelen.nl\/#website"},"primaryImageOfPage":{"@id":"https:\/\/www.alternatievemiddelen.nl\/producten\/npc-natural-progesteron-creme\/#primaryimage"},"image":{"@id":"https:\/\/www.alternatievemiddelen.nl\/producten\/npc-natural-progesteron-creme\/#primaryimage"},"thumbnailUrl":"https:\/\/www.alternatievemiddelen.nl\/wp-content\/uploads\/2025\/03\/NPC-Progesteron-Creme.jpg","datePublished":"2025-03-28T10:29:23+00:00","dateModified":"2026-04-02T01:28:32+00:00","description":"NPC Progesteron Creme - Natuurlijke behandeling van hormonale-, PMS-, menstruatie- en overgangsklachten. Natuurlijk en in een verpakking van 56 gram.","breadcrumb":{"@id":"https:\/\/www.alternatievemiddelen.nl\/producten\/npc-natural-progesteron-creme\/#breadcrumb"},"inLanguage":"es","potentialAction":[{"@type":"ReadAction","target":["https:\/\/www.alternatievemiddelen.nl\/producten\/npc-natural-progesteron-creme\/"]}]},{"@type":"ImageObject","inLanguage":"es","@id":"https:\/\/www.alternatievemiddelen.nl\/producten\/npc-natural-progesteron-creme\/#primaryimage","url":"https:\/\/www.alternatievemiddelen.nl\/wp-content\/uploads\/2025\/03\/NPC-Progesteron-Creme.jpg","contentUrl":"https:\/\/www.alternatievemiddelen.nl\/wp-content\/uploads\/2025\/03\/NPC-Progesteron-Creme.jpg","width":600,"height":800,"caption":"NPC Progesteron Creme"},{"@type":"BreadcrumbList","@id":"https:\/\/www.alternatievemiddelen.nl\/producten\/npc-natural-progesteron-creme\/#breadcrumb","itemListElement":[{"@type":"ListItem","position":1,"name":"Home","item":"https:\/\/www.alternatievemiddelen.nl\/"},{"@type":"ListItem","position":2,"name":"Producten","item":"https:\/\/www.alternatievemiddelen.nl\/producten\/"},{"@type":"ListItem","position":3,"name":"NPC Natural Progesteron Creme 56 gr"}]},{"@type":"WebSite","@id":"https:\/\/www.alternatievemiddelen.nl\/#website","url":"https:\/\/www.alternatievemiddelen.nl\/","name":"Alternatievemiddelen.nl","description":"Webshop met gezonde, duurzame en ecologische alternatieve mogelijkheden in de hedendaagse levenstijl. Alles uit eigen ervaring.","publisher":{"@id":"https:\/\/www.alternatievemiddelen.nl\/#organization"},"potentialAction":[{"@type":"SearchAction","target":{"@type":"EntryPoint","urlTemplate":"https:\/\/www.alternatievemiddelen.nl\/?s={search_term_string}"},"query-input":{"@type":"PropertyValueSpecification","valueRequired":true,"valueName":"search_term_string"}}],"inLanguage":"es"},{"@type":"Organization","@id":"https:\/\/www.alternatievemiddelen.nl\/#organization","name":"Alternatievemiddelen.nl","url":"https:\/\/www.alternatievemiddelen.nl\/","logo":{"@type":"ImageObject","inLanguage":"es","@id":"https:\/\/www.alternatievemiddelen.nl\/#\/schema\/logo\/image\/","url":"https:\/\/www.alternatievemiddelen.nl\/wp-content\/uploads\/2023\/10\/alternatievemiddelen-PNG-logo.png","contentUrl":"https:\/\/www.alternatievemiddelen.nl\/wp-content\/uploads\/2023\/10\/alternatievemiddelen-PNG-logo.png","width":6400,"height":3062,"caption":"Alternatievemiddelen.nl"},"image":{"@id":"https:\/\/www.alternatievemiddelen.nl\/#\/schema\/logo\/image\/"}}]}},"_links":{"self":[{"href":"https:\/\/www.alternatievemiddelen.nl\/es\/wp-json\/wp\/v2\/product\/47248","targetHints":{"allow":["GET"]}}],"collection":[{"href":"https:\/\/www.alternatievemiddelen.nl\/es\/wp-json\/wp\/v2\/product"}],"about":[{"href":"https:\/\/www.alternatievemiddelen.nl\/es\/wp-json\/wp\/v2\/types\/product"}],"replies":[{"embeddable":true,"href":"https:\/\/www.alternatievemiddelen.nl\/es\/wp-json\/wp\/v2\/comments?post=47248"}],"wp:featuredmedia":[{"embeddable":true,"href":"https:\/\/www.alternatievemiddelen.nl\/es\/wp-json\/wp\/v2\/media\/47249"}],"wp:attachment":[{"href":"https:\/\/www.alternatievemiddelen.nl\/es\/wp-json\/wp\/v2\/media?parent=47248"}],"wp:term":[{"taxonomy":"product_brand","embeddable":true,"href":"https:\/\/www.alternatievemiddelen.nl\/es\/wp-json\/wp\/v2\/product_brand?post=47248"},{"taxonomy":"product_cat","embeddable":true,"href":"https:\/\/www.alternatievemiddelen.nl\/es\/wp-json\/wp\/v2\/product_cat?post=47248"},{"taxonomy":"product_tag","embeddable":true,"href":"https:\/\/www.alternatievemiddelen.nl\/es\/wp-json\/wp\/v2\/product_tag?post=47248"},{"taxonomy":"merk","embeddable":true,"href":"https:\/\/www.alternatievemiddelen.nl\/es\/wp-json\/wp\/v2\/merk?post=47248"}],"curies":[{"name":"wp","href":"https:\/\/api.w.org\/{rel}","templated":true}]}}