{"id":47274,"date":"2025-04-01T11:00:11","date_gmt":"2025-04-01T09:00:11","guid":{"rendered":"https:\/\/www.alternatievemiddelen.nl\/?post_type=product&#038;p=47274"},"modified":"2026-01-21T14:30:50","modified_gmt":"2026-01-21T13:30:50","slug":"tr-eat-brownie-mix-145gr","status":"publish","type":"product","link":"https:\/\/www.alternatievemiddelen.nl\/es\/productos\/tr-eat-brownie-mix-145gr\/","title":{"rendered":"Tr-eat brownie mix 145 gr"},"content":{"rendered":"<p>Tr-eat Brownie - \u00bfBusca deliciosos brownies sin gluten y sin lactosa? Con esta mezcla, \u00a1saldr\u00e1n de tu horno deliciosos brownies en un, dos, tres! Esta mezcla para brownies contiene fibra de tapioca y coco. Tambi\u00e9n contiene cacao en polvo y est\u00e1 endulzado con az\u00facar de flor de coco.<br \/>\n&nbsp;<\/p>\n<h3>Caracter\u00edsticas Tr-eat brownie mix<\/h3>\n<p>\u2714 Sin gluten<br \/>\n\u2714 Sin lactosa<br \/>\n\u2714 Sin patata<br \/>\n\u2714 Sin arroz<br \/>\n\u2714 Sin ma\u00edz<br \/>\n\u2714 Buena fibra para el intestino<br \/>\n\u2714 Tapioca<br \/>\n\u2714 Coco<br \/>\nCacao en polvo<\/p>\n<p><u><b>Contenido:<\/b><\/u><br \/>\n145g<\/p>\n<p><u><b>Ingredientes:<\/b><\/u><br \/>\nHarina de coco, harina de tapioca, cacao holand\u00e9s en polvo 21%, az\u00facar de flor de coco, \u00e1cido tart\u00e1rico, carbonatos de sodio. El producto puede contener trazas de frutos de c\u00e1scara, semillas, cacahuetes y semillas de s\u00e9samo.<\/p>\n<p><u><b>Valores nutricionales por 100 g:<\/b><\/u><\/p>\n<table>\n<tbody>\n<tr>\n<td>Energ\u00eda<\/td>\n<td>1636 KJ, 390 Kcal<\/td>\n<\/tr>\n<tr>\n<td>Grasas<\/td>\n<td>11 g<\/td>\n<\/tr>\n<tr>\n<td>de los cuales \u00e1cidos grasos saturados<\/td>\n<td>7,5 g<\/td>\n<\/tr>\n<tr>\n<td>Carbohidratos<\/td>\n<td>54 g<\/td>\n<\/tr>\n<tr>\n<td>de los cuales az\u00facares<\/td>\n<td>45 g<\/td>\n<\/tr>\n<tr>\n<td>Fibras<\/td>\n<td>19 g<\/td>\n<\/tr>\n<tr>\n<td>Prote\u00ednas<\/td>\n<td>12 g<\/td>\n<\/tr>\n<tr>\n<td>Sal<\/td>\n<td>1,1 g<\/td>\n<\/tr>\n<\/tbody>\n<\/table>\n<p>&nbsp;<\/p>\n<h3>Preparaci\u00f3n<\/h3>\n<p>- 4 huevos<br \/>\n- 150 ml de nata vegetal (por ejemplo, nata de coco)<br \/>\n- 1 Tr-eat Brownie Mix <\/p>\n<p>Mezclar 4 huevos con 150 ml de nata vegetal y mezclar con el contenido del sobre. Rellenar un molde de 20 cm por 20 cm e introducir en el horno precalentado a 180 \u00b0C. Hornear el brownie durante 12 - 15 minutos.<br \/>\n&nbsp;<br \/>\nPara ver v\u00eddeos instructivos sobre c\u00f3mo preparar los productos Tr-eat, consulte nuestro <a href=\"https:\/\/www.alternatievemiddelen.nl\/es\/la-biblioteca\/\">biblioteca<\/a>. En estos <a href=\"https:\/\/www.alternatievemiddelen.nl\/es\/videos-instructivos-para-tr-eat-productos-sin-gluten\/\">v\u00eddeos did\u00e1cticos<\/a> ver\u00e1s paso a paso c\u00f3mo elaborar f\u00e1cilmente tu producto Tr-eat. \u00a1No se requieren conocimientos de chef!<\/p>","protected":false},"excerpt":{"rendered":"<p>Tr-eat Brownie mix contiene una buena cantidad de fibra procedente de la tapioca y el coco. Tambi\u00e9n contiene cacao en polvo y est\u00e1 endulzado con az\u00facar de flor de coco. \u00a1Deliciosos brownies salidos de tu horno!<\/p>\n<p><b>\u00bfAprovecha los descuentos de los paquetes? Configure su <a href=\"https:\/\/www.alternatievemiddelen.nl\/es\/productos\/tr-eat-products-bargain-set\/\"><b>Crea tu propio paquete de productos Tr-eat<\/b><\/a> y reciba un descuento.<\/b><\/p>","protected":false},"featured_media":47280,"comment_status":"open","ping_status":"closed","template":"","meta":[],"product_brand":[],"product_cat":[3042,3654],"product_tag":[3691,3661,3692,3664,3663,2875,3183,3665,3657,3693,3662],"merk":[3653],"class_list":{"0":"post-47274","1":"product","2":"type-product","3":"status-publish","4":"has-post-thumbnail","6":"product_cat-gezonde-voedingsmiddelen","7":"product_cat-glutenvrije-bakmixen","8":"product_tag-145-gr","9":"product_tag-bakmix","10":"product_tag-brownie","11":"product_tag-darmen","12":"product_tag-darmflora","13":"product_tag-gezondheid","14":"product_tag-glutenvrij","15":"product_tag-lekker","16":"product_tag-tr-eat","17":"product_tag-tr-eat-brownie","18":"product_tag-vezels","19":"merk-treat","21":"first","22":"instock","23":"taxable","24":"shipping-taxable","25":"purchasable","26":"product-type-simple"},"bundled_by":["49417"],"bundle_stock_status":"instock","bundle_stock_quantity":2,"bundle_virtual":false,"bundle_layout":"","bundle_add_to_cart_form_location":"","bundle_editable_in_cart":false,"bundle_sold_individually_context":"","bundle_item_grouping":"","bundle_min_size":"","bundle_max_size":"","bundle_price":[],"bundled_items":[],"bundle_sell_ids":[44176,47100,47311,46991,49171],"yoast_head":"<!-- This site is optimized with the Yoast SEO plugin v26.1 - https:\/\/yoast.com\/wordpress\/plugins\/seo\/ -->\n<title>Tr-eat Brownie mix 145 gr - Alternatievemiddelen.nl<\/title>\n<meta name=\"description\" content=\"Tr-eat Brownie mix bevat goede vezels uit tapioca en kokos. Het bevat ook cacaopoeder en is gezoet met kokosbloesemsuiker. Heerlijke brownies uit je oven!\" \/>\n<meta name=\"robots\" content=\"index, follow, max-snippet:-1, max-image-preview:large, max-video-preview:-1\" \/>\n<link rel=\"canonical\" href=\"https:\/\/www.alternatievemiddelen.nl\/es\/wp-json\/wp\/v2\/product\/47274\" \/>\n<meta property=\"og:locale\" content=\"es_ES\" \/>\n<meta property=\"og:type\" content=\"article\" \/>\n<meta property=\"og:title\" content=\"Tr-eat Brownie mix 145 gr - Alternatievemiddelen.nl\" \/>\n<meta property=\"og:description\" content=\"Tr-eat Brownie mix bevat goede vezels uit tapioca en kokos. Het bevat ook cacaopoeder en is gezoet met kokosbloesemsuiker. Heerlijke brownies uit je oven!\" \/>\n<meta property=\"og:url\" content=\"https:\/\/www.alternatievemiddelen.nl\/es\/productos\/tr-eat-brownie-mix-145gr\/\" \/>\n<meta property=\"og:site_name\" content=\"Alternatievemiddelen.nl\" \/>\n<meta property=\"article:modified_time\" content=\"2026-01-21T13:30:50+00:00\" \/>\n<meta property=\"og:image\" content=\"\/wp-content\/uploads\/2025\/04\/Tr-eat-Brownie-mix.jpg\" \/>\n\t<meta property=\"og:image:width\" content=\"600\" \/>\n\t<meta property=\"og:image:height\" content=\"800\" \/>\n\t<meta property=\"og:image:type\" content=\"image\/jpeg\" \/>\n<meta name=\"twitter:card\" content=\"summary_large_image\" \/>\n<meta name=\"twitter:label1\" content=\"Tiempo de lectura\" \/>\n\t<meta name=\"twitter:data1\" content=\"2 minutos\" \/>\n<script type=\"application\/ld+json\" class=\"yoast-schema-graph\">{\"@context\":\"https:\/\/schema.org\",\"@graph\":[{\"@type\":[\"WebPage\",\"ItemPage\"],\"@id\":\"https:\/\/www.alternatievemiddelen.nl\/producten\/tr-eat-brownie-mix-145gr\/\",\"url\":\"https:\/\/www.alternatievemiddelen.nl\/producten\/tr-eat-brownie-mix-145gr\/\",\"name\":\"Tr-eat Brownie mix 145 gr - Alternatievemiddelen.nl\",\"isPartOf\":{\"@id\":\"https:\/\/www.alternatievemiddelen.nl\/#website\"},\"primaryImageOfPage\":{\"@id\":\"https:\/\/www.alternatievemiddelen.nl\/producten\/tr-eat-brownie-mix-145gr\/#primaryimage\"},\"image\":{\"@id\":\"https:\/\/www.alternatievemiddelen.nl\/producten\/tr-eat-brownie-mix-145gr\/#primaryimage\"},\"thumbnailUrl\":\"https:\/\/www.alternatievemiddelen.nl\/wp-content\/uploads\/2025\/04\/Tr-eat-Brownie-mix.jpg\",\"datePublished\":\"2025-04-01T09:00:11+00:00\",\"dateModified\":\"2026-01-21T13:30:50+00:00\",\"description\":\"Tr-eat Brownie mix bevat goede vezels uit tapioca en kokos. Het bevat ook cacaopoeder en is gezoet met kokosbloesemsuiker. Heerlijke brownies uit je oven!\",\"breadcrumb\":{\"@id\":\"https:\/\/www.alternatievemiddelen.nl\/producten\/tr-eat-brownie-mix-145gr\/#breadcrumb\"},\"inLanguage\":\"es\",\"potentialAction\":[{\"@type\":\"ReadAction\",\"target\":[\"https:\/\/www.alternatievemiddelen.nl\/producten\/tr-eat-brownie-mix-145gr\/\"]}]},{\"@type\":\"ImageObject\",\"inLanguage\":\"es\",\"@id\":\"https:\/\/www.alternatievemiddelen.nl\/producten\/tr-eat-brownie-mix-145gr\/#primaryimage\",\"url\":\"https:\/\/www.alternatievemiddelen.nl\/wp-content\/uploads\/2025\/04\/Tr-eat-Brownie-mix.jpg\",\"contentUrl\":\"https:\/\/www.alternatievemiddelen.nl\/wp-content\/uploads\/2025\/04\/Tr-eat-Brownie-mix.jpg\",\"width\":600,\"height\":800,\"caption\":\"Tr-eat Brownie mix\"},{\"@type\":\"BreadcrumbList\",\"@id\":\"https:\/\/www.alternatievemiddelen.nl\/producten\/tr-eat-brownie-mix-145gr\/#breadcrumb\",\"itemListElement\":[{\"@type\":\"ListItem\",\"position\":1,\"name\":\"Home\",\"item\":\"https:\/\/www.alternatievemiddelen.nl\/\"},{\"@type\":\"ListItem\",\"position\":2,\"name\":\"Producten\",\"item\":\"https:\/\/www.alternatievemiddelen.nl\/producten\/\"},{\"@type\":\"ListItem\",\"position\":3,\"name\":\"Tr-eat Brownie mix 145 gr\"}]},{\"@type\":\"WebSite\",\"@id\":\"https:\/\/www.alternatievemiddelen.nl\/#website\",\"url\":\"https:\/\/www.alternatievemiddelen.nl\/\",\"name\":\"Alternatievemiddelen.nl\",\"description\":\"Webshop met gezonde, duurzame en ecologische alternatieve mogelijkheden in de hedendaagse levenstijl. Alles uit eigen ervaring.\",\"publisher\":{\"@id\":\"https:\/\/www.alternatievemiddelen.nl\/#organization\"},\"potentialAction\":[{\"@type\":\"SearchAction\",\"target\":{\"@type\":\"EntryPoint\",\"urlTemplate\":\"https:\/\/www.alternatievemiddelen.nl\/?s={search_term_string}\"},\"query-input\":{\"@type\":\"PropertyValueSpecification\",\"valueRequired\":true,\"valueName\":\"search_term_string\"}}],\"inLanguage\":\"es\"},{\"@type\":\"Organization\",\"@id\":\"https:\/\/www.alternatievemiddelen.nl\/#organization\",\"name\":\"Alternatievemiddelen.nl\",\"url\":\"https:\/\/www.alternatievemiddelen.nl\/\",\"logo\":{\"@type\":\"ImageObject\",\"inLanguage\":\"es\",\"@id\":\"https:\/\/www.alternatievemiddelen.nl\/#\/schema\/logo\/image\/\",\"url\":\"https:\/\/www.alternatievemiddelen.nl\/wp-content\/uploads\/2023\/10\/alternatievemiddelen-PNG-logo.png\",\"contentUrl\":\"https:\/\/www.alternatievemiddelen.nl\/wp-content\/uploads\/2023\/10\/alternatievemiddelen-PNG-logo.png\",\"width\":6400,\"height\":3062,\"caption\":\"Alternatievemiddelen.nl\"},\"image\":{\"@id\":\"https:\/\/www.alternatievemiddelen.nl\/#\/schema\/logo\/image\/\"}}]}<\/script>\n<!-- \/ Yoast SEO plugin. -->","yoast_head_json":{"title":"Tr-eat Brownie mix 145 gr - Alternatievemiddelen.nl","description":"Tr-eat Brownie mix bevat goede vezels uit tapioca en kokos. Het bevat ook cacaopoeder en is gezoet met kokosbloesemsuiker. Heerlijke brownies uit je oven!","robots":{"index":"index","follow":"follow","max-snippet":"max-snippet:-1","max-image-preview":"max-image-preview:large","max-video-preview":"max-video-preview:-1"},"canonical":"https:\/\/www.alternatievemiddelen.nl\/es\/wp-json\/wp\/v2\/product\/47274","og_locale":"es_ES","og_type":"article","og_title":"Tr-eat Brownie mix 145 gr - Alternatievemiddelen.nl","og_description":"Tr-eat Brownie mix bevat goede vezels uit tapioca en kokos. Het bevat ook cacaopoeder en is gezoet met kokosbloesemsuiker. Heerlijke brownies uit je oven!","og_url":"https:\/\/www.alternatievemiddelen.nl\/es\/productos\/tr-eat-brownie-mix-145gr\/","og_site_name":"Alternatievemiddelen.nl","article_modified_time":"2026-01-21T13:30:50+00:00","og_image":[{"width":600,"height":800,"url":"\/wp-content\/uploads\/2025\/04\/Tr-eat-Brownie-mix.jpg","type":"image\/jpeg"}],"twitter_card":"summary_large_image","twitter_misc":{"Tiempo de lectura":"2 minutos"},"schema":{"@context":"https:\/\/schema.org","@graph":[{"@type":["WebPage","ItemPage"],"@id":"https:\/\/www.alternatievemiddelen.nl\/producten\/tr-eat-brownie-mix-145gr\/","url":"https:\/\/www.alternatievemiddelen.nl\/producten\/tr-eat-brownie-mix-145gr\/","name":"Tr-eat Brownie mix 145 gr - Alternatievemiddelen.nl","isPartOf":{"@id":"https:\/\/www.alternatievemiddelen.nl\/#website"},"primaryImageOfPage":{"@id":"https:\/\/www.alternatievemiddelen.nl\/producten\/tr-eat-brownie-mix-145gr\/#primaryimage"},"image":{"@id":"https:\/\/www.alternatievemiddelen.nl\/producten\/tr-eat-brownie-mix-145gr\/#primaryimage"},"thumbnailUrl":"https:\/\/www.alternatievemiddelen.nl\/wp-content\/uploads\/2025\/04\/Tr-eat-Brownie-mix.jpg","datePublished":"2025-04-01T09:00:11+00:00","dateModified":"2026-01-21T13:30:50+00:00","description":"Tr-eat Brownie mix bevat goede vezels uit tapioca en kokos. Het bevat ook cacaopoeder en is gezoet met kokosbloesemsuiker. Heerlijke brownies uit je oven!","breadcrumb":{"@id":"https:\/\/www.alternatievemiddelen.nl\/producten\/tr-eat-brownie-mix-145gr\/#breadcrumb"},"inLanguage":"es","potentialAction":[{"@type":"ReadAction","target":["https:\/\/www.alternatievemiddelen.nl\/producten\/tr-eat-brownie-mix-145gr\/"]}]},{"@type":"ImageObject","inLanguage":"es","@id":"https:\/\/www.alternatievemiddelen.nl\/producten\/tr-eat-brownie-mix-145gr\/#primaryimage","url":"https:\/\/www.alternatievemiddelen.nl\/wp-content\/uploads\/2025\/04\/Tr-eat-Brownie-mix.jpg","contentUrl":"https:\/\/www.alternatievemiddelen.nl\/wp-content\/uploads\/2025\/04\/Tr-eat-Brownie-mix.jpg","width":600,"height":800,"caption":"Tr-eat Brownie mix"},{"@type":"BreadcrumbList","@id":"https:\/\/www.alternatievemiddelen.nl\/producten\/tr-eat-brownie-mix-145gr\/#breadcrumb","itemListElement":[{"@type":"ListItem","position":1,"name":"Home","item":"https:\/\/www.alternatievemiddelen.nl\/"},{"@type":"ListItem","position":2,"name":"Producten","item":"https:\/\/www.alternatievemiddelen.nl\/producten\/"},{"@type":"ListItem","position":3,"name":"Tr-eat Brownie mix 145 gr"}]},{"@type":"WebSite","@id":"https:\/\/www.alternatievemiddelen.nl\/#website","url":"https:\/\/www.alternatievemiddelen.nl\/","name":"Alternatievemiddelen.nl","description":"Webshop met gezonde, duurzame en ecologische alternatieve mogelijkheden in de hedendaagse levenstijl. Alles uit eigen ervaring.","publisher":{"@id":"https:\/\/www.alternatievemiddelen.nl\/#organization"},"potentialAction":[{"@type":"SearchAction","target":{"@type":"EntryPoint","urlTemplate":"https:\/\/www.alternatievemiddelen.nl\/?s={search_term_string}"},"query-input":{"@type":"PropertyValueSpecification","valueRequired":true,"valueName":"search_term_string"}}],"inLanguage":"es"},{"@type":"Organization","@id":"https:\/\/www.alternatievemiddelen.nl\/#organization","name":"Alternatievemiddelen.nl","url":"https:\/\/www.alternatievemiddelen.nl\/","logo":{"@type":"ImageObject","inLanguage":"es","@id":"https:\/\/www.alternatievemiddelen.nl\/#\/schema\/logo\/image\/","url":"https:\/\/www.alternatievemiddelen.nl\/wp-content\/uploads\/2023\/10\/alternatievemiddelen-PNG-logo.png","contentUrl":"https:\/\/www.alternatievemiddelen.nl\/wp-content\/uploads\/2023\/10\/alternatievemiddelen-PNG-logo.png","width":6400,"height":3062,"caption":"Alternatievemiddelen.nl"},"image":{"@id":"https:\/\/www.alternatievemiddelen.nl\/#\/schema\/logo\/image\/"}}]}},"_links":{"self":[{"href":"https:\/\/www.alternatievemiddelen.nl\/es\/wp-json\/wp\/v2\/product\/47274","targetHints":{"allow":["GET"]}}],"collection":[{"href":"https:\/\/www.alternatievemiddelen.nl\/es\/wp-json\/wp\/v2\/product"}],"about":[{"href":"https:\/\/www.alternatievemiddelen.nl\/es\/wp-json\/wp\/v2\/types\/product"}],"replies":[{"embeddable":true,"href":"https:\/\/www.alternatievemiddelen.nl\/es\/wp-json\/wp\/v2\/comments?post=47274"}],"wp:featuredmedia":[{"embeddable":true,"href":"https:\/\/www.alternatievemiddelen.nl\/es\/wp-json\/wp\/v2\/media\/47280"}],"wp:attachment":[{"href":"https:\/\/www.alternatievemiddelen.nl\/es\/wp-json\/wp\/v2\/media?parent=47274"}],"wp:term":[{"taxonomy":"product_brand","embeddable":true,"href":"https:\/\/www.alternatievemiddelen.nl\/es\/wp-json\/wp\/v2\/product_brand?post=47274"},{"taxonomy":"product_cat","embeddable":true,"href":"https:\/\/www.alternatievemiddelen.nl\/es\/wp-json\/wp\/v2\/product_cat?post=47274"},{"taxonomy":"product_tag","embeddable":true,"href":"https:\/\/www.alternatievemiddelen.nl\/es\/wp-json\/wp\/v2\/product_tag?post=47274"},{"taxonomy":"merk","embeddable":true,"href":"https:\/\/www.alternatievemiddelen.nl\/es\/wp-json\/wp\/v2\/merk?post=47274"}],"curies":[{"name":"wp","href":"https:\/\/api.w.org\/{rel}","templated":true}]}}