{"id":47576,"date":"2025-05-08T16:44:04","date_gmt":"2025-05-08T14:44:04","guid":{"rendered":"https:\/\/www.alternatievemiddelen.nl\/?post_type=product&#038;p=47576"},"modified":"2026-04-30T03:28:53","modified_gmt":"2026-04-30T01:28:53","slug":"boroux-foundation-black-filterelementen","status":"publish","type":"product","link":"https:\/\/www.alternatievemiddelen.nl\/es\/productos\/elementos-de-filtro-de-agua-boroux-foundation-black\/","title":{"rendered":"BOROUX Foundation\u2122 Elementos filtrantes negros (2 piezas)"},"content":{"rendered":"<p>Los elementos filtrantes BOROUX Foundation\u2122 Black se adaptan a los sistemas de filtraci\u00f3n de agua por gravedad m\u00e1s populares, incluidos Berkey, British Berkefeld, ProOne, Phoenix, Aqua Logic, Monderma, Pure Filters y Newton, entre otros. Los elementos filtrantes duran a\u00f1os y cuentan con la tecnolog\u00eda Stem Saver para una mayor durabilidad durante el uso y la limpieza.<\/p>\n<p>Entre otras cosas, estos filtros BOROUX reducen m\u00e1s de 99% de cloro, metales pesados, contaminantes farmac\u00e9uticos (residuos de medicamentos), pesticidas, herbicidas, insecticidas, contaminantes pl\u00e1sticos e industriales (PFAS), compuestos org\u00e1nicos vol\u00e1tiles (COV), micropl\u00e1sticos y contaminantes de desinfecci\u00f3n. Los minerales esenciales que su cuerpo necesita son retenidos en el proceso.<br \/>\n&nbsp;<\/p>\n<h4>Filtraci\u00f3n avanzada para una vida m\u00e1s sana<\/h4>\n<p>La avanzada tecnolog\u00eda de filtraci\u00f3n no solo filtra el agua, sino que la transforma. Al eliminar m\u00e1s de 99% de contaminantes nocivos, los filtros BOROUX Foundation\u2122 Black garantizan que su agua sea tan pura y refrescante como la naturaleza pretend\u00eda. \u00a1Cada reducci\u00f3n de un contaminante contribuye a mejorar su salud y bienestar!<\/p>\n<p>Los filtros incluyen una mezcla especial de carb\u00f3n activado. Los elementos filtrantes BOROUX Foundation\u2122 Black contienen plata, un agente antimicrobiano, para evitar que los microorganismos ataquen al propio producto. Estos filtros no est\u00e1n dise\u00f1ados para filtrar microorganismos.<br \/>\nAdem\u00e1s, son tan potentes que pueden eliminar los colorantes rojos del agua sin eliminar los minerales \u00fatiles que su cuerpo necesita.<br \/>\n&nbsp;<\/p>\n<h4>Informes de pruebas y certificaci\u00f3n<\/h4>\n<p>Los filtros BOROUX Foundation\u2122 Black han sido probados por un laboratorio independiente (IAPMO R&amp;T Lab NJ, ISO\/IEC 17025) de acuerdo con las normas NSF\/ANSI 42, 53 y 401. Ver todos <a href=\"https:\/\/www.alternatievemiddelen.nl\/es\/ufaq\/resultados-de-las-pruebas-de-laboratorio-del-filtro-de-agua-boroux\/\" target=\"_blank\" rel=\"noopener\">informes de ensayo<\/a> para m\u00e1s detalles y, al hacerlo, la claridad y la transparencia son primordiales.<\/p>\n<p>BOROUX cuenta con la certificaci\u00f3n NSF\/ANSI\/CAN de la Water Quality Association (WQA). Este importante logro subraya su compromiso de ofrecer soluciones de filtraci\u00f3n de agua seguras, eficaces y de alta calidad. Esta certificaci\u00f3n no es s\u00f3lo un sello de aprobaci\u00f3n: indica que sus productos cumplen las rigurosas normas de NSF International (NSF) y del American National Standards Institute (ANSI), organizaciones mundialmente reconocidas que velan por la salud p\u00fablica y la seguridad de los productos de consumo.<br \/>\n&nbsp;<\/p>\n<h4>Compatible con otras marcas<\/h4>\n<p>El filtro BOROUX Foundation\u2122 Negro est\u00e1 cuidadosamente dise\u00f1ado para integrarse a la perfecci\u00f3n con la mayor\u00eda de los sistemas de filtraci\u00f3n de agua por gravedad, incluyendo Berkey, British Berkefeld, ProOne, Phoenix, Aqua Logic, Monderma, Pure Filters, Newton y m\u00e1s. Tanto si renueva los filtros de su sistema actual como si comienza un nuevo viaje en el bienestar del agua, los filtros est\u00e1n dise\u00f1ados para una amplia compatibilidad en los sistemas de filtraci\u00f3n de agua por gravedad.<\/p>\n<p>Un filtro de agua BOROUX (BOROUX Legacy\u2122 o BOROUX Legacy\u2122 Compact) viene de serie con 2 elementos filtrantes originales BOROUX Foundation\u2122 Black. Opcionalmente, puede ampliar el filtro de agua BOROUX Legacy\u2122 a 4 elementos filtrantes.<br \/>\n&nbsp;<\/p>\n<h4>La caja de elementos filtrantes BOROUX Foundation\u2122 Black contiene las siguientes piezas:<\/h4>\n<p>\u25cf 2x elementos filtrantes BOROUX Foundation\u2122 Negro<br \/>\n\u25cf 2x <a href=\"https:\/\/www.alternatievemiddelen.nl\/es\/productos\/anillo-para-elementos-filtrantes-black-berkey\/\">Anillos de goma negros<\/a>para entre el elemento filtrante y el recipiente de acero inoxidable<br \/>\n\u25cf 2x <a href=\"https:\/\/www.alternatievemiddelen.nl\/es\/productos\/tuerca-de-mariposa-para-elementos-filtrantes-berkey-negros\/\">Tuercas de mariposa<\/a>para apretar el elemento filtrante<br \/>\n\u25cf 1x <a href=\"https:\/\/www.alternatievemiddelen.nl\/es\/productos\/boton-de-cebado-black-berkey-elements\/\">Bot\u00f3n de cebado<\/a>: anillo de goma marr\u00f3n para cebar los elementos filtrantes con el grifo<br \/>\n\u25cf 1x <a href=\"https:\/\/www.alternatievemiddelen.nl\/es\/productos\/berkey-primerrite-universal-primer-pf-2-adapter\/\">Imprimaci\u00f3n universal PrimeRite<\/a>Grifo de goma azul para cebar los elementos filtrantes<br \/>\n\u25cf 1x Botella de colorante rojo para hacer la prueba del colorante rojo.<br \/>\n\u25cf 1x manual en ingl\u00e9s (se puede descargar un manual en holand\u00e9s en <a href=\"https:\/\/www.alternatievemiddelen.nl\/es\/la-biblioteca\/\"> nuestra biblioteca<\/a> y tambi\u00e9n se env\u00eda por correo electr\u00f3nico despu\u00e9s de hacer el pedido)<br \/>\n&nbsp;<br \/>\n<u><b>Preparaci\u00f3n para su uso<\/b><\/u><br \/>\nEl primer paso es cebar los elementos filtrantes. Es importante que esto se haga correctamente, de lo contrario la purificaci\u00f3n del agua llevar\u00e1 mucho tiempo. Para toda la informaci\u00f3n sobre los filtros de agua BOROUX, consulte nuestro <a href=\"https:\/\/www.alternatievemiddelen.nl\/es\/la-biblioteca\/\">biblioteca<\/a>que incluye manuales, v\u00eddeos de instrucciones y respuestas a las preguntas m\u00e1s frecuentes. Si falla el cebado con el grifo <a href=\"https:\/\/www.alternatievemiddelen.nl\/es\/productos\/bomba-automatica-de-cebado-de-filtro-boroux\/\">bomba autom\u00e1tica de cebado<\/a> o <a href=\"https:\/\/www.alternatievemiddelen.nl\/es\/productos\/black-berkey-primer\/\">bomba de cebado manual<\/a> nos haga un pedido.<br \/>\n&nbsp;<\/p>\n<h4>Mantenimiento de los elementos filtrantes BOROUX Foundation\u2122 Black<\/h4>\n<p>Frote los filtros BOROUX Foundation\u2122 Black cada 3-6 meses. Frote suavemente la superficie de los filtros durante unos minutos con una esponja abrasiva. NO utilice jab\u00f3n ni detergentes en los filtros. Cebe de nuevo los filtros, inst\u00e1lelos y realice la prueba del tinte rojo para asegurarse de la correcta instalaci\u00f3n de los filtros.<br \/>\n&nbsp;<\/p>\n<h4>\u00bfCu\u00e1ndo sustituir?<\/h4>\n<p>Los filtros BOROUX Foundation\u2122 Black est\u00e1n dise\u00f1ados para durar muchos a\u00f1os. Sin embargo, ahora vivimos tiempos diferentes a los de hace unos a\u00f1os. El n\u00famero de contaminantes no ha hecho m\u00e1s que aumentar y son cada vez m\u00e1s graves (pensemos, por ejemplo, en los PFAS o en el fuerte aumento de residuos de medicamentos, pesticidas, etc.). Esto afecta enormemente a los filtros, por lo que es mejor sustituirlos un poco antes. Por lo tanto, recomendamos sustituir los filtros BOROUX Foundation\u2122 Black cada 3 a\u00f1os como m\u00e1ximo cuando utilice agua del grifo. Si utiliza agua de otra procedencia, recomendamos sustituirlos antes.<\/p>","protected":false},"excerpt":{"rendered":"<p>Los elementos filtrantes BOROUX Foundation\u2122 Black, con su avanzada tecnolog\u00eda de filtraci\u00f3n, reducen metales pesados, residuos de medicamentos, pesticidas, herbicidas, insecticidas, PFAS, COV, micropl\u00e1sticos y contaminantes de desinfecci\u00f3n, entre otros.<\/p>","protected":false},"featured_media":48021,"comment_status":"open","ping_status":"closed","template":"","meta":[],"product_brand":[],"product_cat":[2971,3099],"product_tag":[3706,3705,3708,3704,3008,3100,2976,3707,2967,2885,2979,3012,2980,3101],"merk":[3432,3702],"class_list":{"0":"post-47576","1":"product","2":"type-product","3":"status-publish","4":"has-post-thumbnail","6":"product_cat-waterfilters","7":"product_cat-waterfilter-elementen","8":"product_tag-boroux","9":"product_tag-boroux-foundation","10":"product_tag-boroux-foundation-black","11":"product_tag-boroux-foundation-black-filters","12":"product_tag-drinkwater","13":"product_tag-elementen","14":"product_tag-filterelement","15":"product_tag-foundation-black-filters","16":"product_tag-schoon","17":"product_tag-water","18":"product_tag-waterfilter","19":"product_tag-waterfilters","20":"product_tag-waterzuivering","21":"product_tag-zuiverelementen","22":"merk-berkey","23":"merk-boroux","25":"first","26":"instock","27":"taxable","28":"shipping-taxable","29":"purchasable","30":"product-type-simple"},"bundled_by":[],"bundle_stock_status":"instock","bundle_stock_quantity":null,"bundle_virtual":false,"bundle_layout":"","bundle_add_to_cart_form_location":"","bundle_editable_in_cart":false,"bundle_sold_individually_context":"","bundle_item_grouping":"","bundle_min_size":"","bundle_max_size":"","bundle_price":[],"bundled_items":[],"bundle_sell_ids":[44176,48794,48825,34415,48681,34414,34416],"yoast_head":"<!-- This site is optimized with the Yoast SEO plugin v26.1 - https:\/\/yoast.com\/wordpress\/plugins\/seo\/ -->\n<title>BOROUX Foundation\u2122 Black filterelementen (2 stuks) - Alternatievemiddelen.nl<\/title>\n<meta name=\"description\" content=\"BOROUX Foundation\u2122 Black filters reduceren o.a. zware metalen, medicijnresten, pesticiden, herbiciden, insecticiden, PFAS, VOC&#039;s en microplastics.\" \/>\n<meta name=\"robots\" content=\"index, follow, max-snippet:-1, max-image-preview:large, max-video-preview:-1\" \/>\n<link rel=\"canonical\" href=\"https:\/\/www.alternatievemiddelen.nl\/es\/wp-json\/wp\/v2\/product\/47576\" \/>\n<meta property=\"og:locale\" content=\"es_ES\" \/>\n<meta property=\"og:type\" content=\"article\" \/>\n<meta property=\"og:title\" content=\"BOROUX Foundation\u2122 Black filterelementen (2 stuks) - Alternatievemiddelen.nl\" \/>\n<meta property=\"og:description\" content=\"BOROUX Foundation\u2122 Black filters reduceren o.a. zware metalen, medicijnresten, pesticiden, herbiciden, insecticiden, PFAS, VOC&#039;s en microplastics.\" \/>\n<meta property=\"og:url\" content=\"https:\/\/www.alternatievemiddelen.nl\/es\/productos\/elementos-de-filtro-de-agua-boroux-foundation-black\/\" \/>\n<meta property=\"og:site_name\" content=\"Alternatievemiddelen.nl\" \/>\n<meta property=\"article:publisher\" content=\"https:\/\/www.facebook.com\/alternatievemiddelen\" \/>\n<meta property=\"article:modified_time\" content=\"2026-04-30T01:28:53+00:00\" \/>\n<meta property=\"og:image\" content=\"\/wp-content\/uploads\/2025\/06\/BOROUX-foundation-filters.jpg\" \/>\n\t<meta property=\"og:image:width\" content=\"600\" \/>\n\t<meta property=\"og:image:height\" content=\"800\" \/>\n\t<meta property=\"og:image:type\" content=\"image\/jpeg\" \/>\n<meta name=\"twitter:card\" content=\"summary_large_image\" \/>\n<meta name=\"twitter:label1\" content=\"Tiempo de lectura\" \/>\n\t<meta name=\"twitter:data1\" content=\"4 minutos\" \/>\n<script type=\"application\/ld+json\" class=\"yoast-schema-graph\">{\"@context\":\"https:\/\/schema.org\",\"@graph\":[{\"@type\":[\"WebPage\",\"ItemPage\"],\"@id\":\"https:\/\/www.alternatievemiddelen.nl\/producten\/boroux-foundation-black-filterelementen\/\",\"url\":\"https:\/\/www.alternatievemiddelen.nl\/producten\/boroux-foundation-black-filterelementen\/\",\"name\":\"BOROUX Foundation\u2122 Black filterelementen (2 stuks) - Alternatievemiddelen.nl\",\"isPartOf\":{\"@id\":\"https:\/\/www.alternatievemiddelen.nl\/#website\"},\"primaryImageOfPage\":{\"@id\":\"https:\/\/www.alternatievemiddelen.nl\/producten\/boroux-foundation-black-filterelementen\/#primaryimage\"},\"image\":{\"@id\":\"https:\/\/www.alternatievemiddelen.nl\/producten\/boroux-foundation-black-filterelementen\/#primaryimage\"},\"thumbnailUrl\":\"https:\/\/www.alternatievemiddelen.nl\/wp-content\/uploads\/2025\/06\/BOROUX-foundation-filters.jpg\",\"datePublished\":\"2025-05-08T14:44:04+00:00\",\"dateModified\":\"2026-04-30T01:28:53+00:00\",\"description\":\"BOROUX Foundation\u2122 Black filters reduceren o.a. zware metalen, medicijnresten, pesticiden, herbiciden, insecticiden, PFAS, VOC's en microplastics.\",\"breadcrumb\":{\"@id\":\"https:\/\/www.alternatievemiddelen.nl\/producten\/boroux-foundation-black-filterelementen\/#breadcrumb\"},\"inLanguage\":\"es\",\"potentialAction\":[{\"@type\":\"ReadAction\",\"target\":[\"https:\/\/www.alternatievemiddelen.nl\/producten\/boroux-foundation-black-filterelementen\/\"]}]},{\"@type\":\"ImageObject\",\"inLanguage\":\"es\",\"@id\":\"https:\/\/www.alternatievemiddelen.nl\/producten\/boroux-foundation-black-filterelementen\/#primaryimage\",\"url\":\"https:\/\/www.alternatievemiddelen.nl\/wp-content\/uploads\/2025\/06\/BOROUX-foundation-filters.jpg\",\"contentUrl\":\"https:\/\/www.alternatievemiddelen.nl\/wp-content\/uploads\/2025\/06\/BOROUX-foundation-filters.jpg\",\"width\":600,\"height\":800,\"caption\":\"BOROUX foundation filters\"},{\"@type\":\"BreadcrumbList\",\"@id\":\"https:\/\/www.alternatievemiddelen.nl\/producten\/boroux-foundation-black-filterelementen\/#breadcrumb\",\"itemListElement\":[{\"@type\":\"ListItem\",\"position\":1,\"name\":\"Home\",\"item\":\"https:\/\/www.alternatievemiddelen.nl\/\"},{\"@type\":\"ListItem\",\"position\":2,\"name\":\"Producten\",\"item\":\"https:\/\/www.alternatievemiddelen.nl\/producten\/\"},{\"@type\":\"ListItem\",\"position\":3,\"name\":\"BOROUX Foundation\u2122 Black filterelementen (2 stuks)\"}]},{\"@type\":\"WebSite\",\"@id\":\"https:\/\/www.alternatievemiddelen.nl\/#website\",\"url\":\"https:\/\/www.alternatievemiddelen.nl\/\",\"name\":\"Alternatievemiddelen.nl\",\"description\":\"Webshop met gezonde, duurzame en ecologische alternatieve mogelijkheden in de hedendaagse levenstijl. Alles uit eigen ervaring.\",\"publisher\":{\"@id\":\"https:\/\/www.alternatievemiddelen.nl\/#organization\"},\"alternateName\":\"Alternatieve Middelen\",\"potentialAction\":[{\"@type\":\"SearchAction\",\"target\":{\"@type\":\"EntryPoint\",\"urlTemplate\":\"https:\/\/www.alternatievemiddelen.nl\/?s={search_term_string}\"},\"query-input\":{\"@type\":\"PropertyValueSpecification\",\"valueRequired\":true,\"valueName\":\"search_term_string\"}}],\"inLanguage\":\"es\"},{\"@type\":\"Organization\",\"@id\":\"https:\/\/www.alternatievemiddelen.nl\/#organization\",\"name\":\"Alternatievemiddelen.nl\",\"alternateName\":\"Alternatieve Middelen\",\"url\":\"https:\/\/www.alternatievemiddelen.nl\/\",\"logo\":{\"@type\":\"ImageObject\",\"inLanguage\":\"es\",\"@id\":\"https:\/\/www.alternatievemiddelen.nl\/#\/schema\/logo\/image\/\",\"url\":\"https:\/\/www.alternatievemiddelen.nl\/wp-content\/uploads\/2023\/10\/alternatievemiddelen-PNG-logo.png\",\"contentUrl\":\"https:\/\/www.alternatievemiddelen.nl\/wp-content\/uploads\/2023\/10\/alternatievemiddelen-PNG-logo.png\",\"width\":6400,\"height\":3062,\"caption\":\"Alternatievemiddelen.nl\"},\"image\":{\"@id\":\"https:\/\/www.alternatievemiddelen.nl\/#\/schema\/logo\/image\/\"},\"sameAs\":[\"https:\/\/www.facebook.com\/alternatievemiddelen\",\"https:\/\/www.instagram.com\/alternatievemiddelen.nl\/\"]}]}<\/script>\n<!-- \/ Yoast SEO plugin. -->","yoast_head_json":{"title":"BOROUX Foundation\u2122 Black filterelementen (2 stuks) - Alternatievemiddelen.nl","description":"BOROUX Foundation\u2122 Black filters reduceren o.a. zware metalen, medicijnresten, pesticiden, herbiciden, insecticiden, PFAS, VOC's en microplastics.","robots":{"index":"index","follow":"follow","max-snippet":"max-snippet:-1","max-image-preview":"max-image-preview:large","max-video-preview":"max-video-preview:-1"},"canonical":"https:\/\/www.alternatievemiddelen.nl\/es\/wp-json\/wp\/v2\/product\/47576","og_locale":"es_ES","og_type":"article","og_title":"BOROUX Foundation\u2122 Black filterelementen (2 stuks) - Alternatievemiddelen.nl","og_description":"BOROUX Foundation\u2122 Black filters reduceren o.a. zware metalen, medicijnresten, pesticiden, herbiciden, insecticiden, PFAS, VOC's en microplastics.","og_url":"https:\/\/www.alternatievemiddelen.nl\/es\/productos\/elementos-de-filtro-de-agua-boroux-foundation-black\/","og_site_name":"Alternatievemiddelen.nl","article_publisher":"https:\/\/www.facebook.com\/alternatievemiddelen","article_modified_time":"2026-04-30T01:28:53+00:00","og_image":[{"width":600,"height":800,"url":"\/wp-content\/uploads\/2025\/06\/BOROUX-foundation-filters.jpg","type":"image\/jpeg"}],"twitter_card":"summary_large_image","twitter_misc":{"Tiempo de lectura":"4 minutos"},"schema":{"@context":"https:\/\/schema.org","@graph":[{"@type":["WebPage","ItemPage"],"@id":"https:\/\/www.alternatievemiddelen.nl\/producten\/boroux-foundation-black-filterelementen\/","url":"https:\/\/www.alternatievemiddelen.nl\/producten\/boroux-foundation-black-filterelementen\/","name":"BOROUX Foundation\u2122 Black filterelementen (2 stuks) - Alternatievemiddelen.nl","isPartOf":{"@id":"https:\/\/www.alternatievemiddelen.nl\/#website"},"primaryImageOfPage":{"@id":"https:\/\/www.alternatievemiddelen.nl\/producten\/boroux-foundation-black-filterelementen\/#primaryimage"},"image":{"@id":"https:\/\/www.alternatievemiddelen.nl\/producten\/boroux-foundation-black-filterelementen\/#primaryimage"},"thumbnailUrl":"https:\/\/www.alternatievemiddelen.nl\/wp-content\/uploads\/2025\/06\/BOROUX-foundation-filters.jpg","datePublished":"2025-05-08T14:44:04+00:00","dateModified":"2026-04-30T01:28:53+00:00","description":"BOROUX Foundation\u2122 Black filters reduceren o.a. zware metalen, medicijnresten, pesticiden, herbiciden, insecticiden, PFAS, VOC's en microplastics.","breadcrumb":{"@id":"https:\/\/www.alternatievemiddelen.nl\/producten\/boroux-foundation-black-filterelementen\/#breadcrumb"},"inLanguage":"es","potentialAction":[{"@type":"ReadAction","target":["https:\/\/www.alternatievemiddelen.nl\/producten\/boroux-foundation-black-filterelementen\/"]}]},{"@type":"ImageObject","inLanguage":"es","@id":"https:\/\/www.alternatievemiddelen.nl\/producten\/boroux-foundation-black-filterelementen\/#primaryimage","url":"https:\/\/www.alternatievemiddelen.nl\/wp-content\/uploads\/2025\/06\/BOROUX-foundation-filters.jpg","contentUrl":"https:\/\/www.alternatievemiddelen.nl\/wp-content\/uploads\/2025\/06\/BOROUX-foundation-filters.jpg","width":600,"height":800,"caption":"BOROUX foundation filters"},{"@type":"BreadcrumbList","@id":"https:\/\/www.alternatievemiddelen.nl\/producten\/boroux-foundation-black-filterelementen\/#breadcrumb","itemListElement":[{"@type":"ListItem","position":1,"name":"Home","item":"https:\/\/www.alternatievemiddelen.nl\/"},{"@type":"ListItem","position":2,"name":"Producten","item":"https:\/\/www.alternatievemiddelen.nl\/producten\/"},{"@type":"ListItem","position":3,"name":"BOROUX Foundation\u2122 Black filterelementen (2 stuks)"}]},{"@type":"WebSite","@id":"https:\/\/www.alternatievemiddelen.nl\/#website","url":"https:\/\/www.alternatievemiddelen.nl\/","name":"Alternatievemiddelen.nl","description":"Webshop met gezonde, duurzame en ecologische alternatieve mogelijkheden in de hedendaagse levenstijl. Alles uit eigen ervaring.","publisher":{"@id":"https:\/\/www.alternatievemiddelen.nl\/#organization"},"alternateName":"Alternatieve Middelen","potentialAction":[{"@type":"SearchAction","target":{"@type":"EntryPoint","urlTemplate":"https:\/\/www.alternatievemiddelen.nl\/?s={search_term_string}"},"query-input":{"@type":"PropertyValueSpecification","valueRequired":true,"valueName":"search_term_string"}}],"inLanguage":"es"},{"@type":"Organization","@id":"https:\/\/www.alternatievemiddelen.nl\/#organization","name":"Alternatievemiddelen.nl","alternateName":"Alternatieve Middelen","url":"https:\/\/www.alternatievemiddelen.nl\/","logo":{"@type":"ImageObject","inLanguage":"es","@id":"https:\/\/www.alternatievemiddelen.nl\/#\/schema\/logo\/image\/","url":"https:\/\/www.alternatievemiddelen.nl\/wp-content\/uploads\/2023\/10\/alternatievemiddelen-PNG-logo.png","contentUrl":"https:\/\/www.alternatievemiddelen.nl\/wp-content\/uploads\/2023\/10\/alternatievemiddelen-PNG-logo.png","width":6400,"height":3062,"caption":"Alternatievemiddelen.nl"},"image":{"@id":"https:\/\/www.alternatievemiddelen.nl\/#\/schema\/logo\/image\/"},"sameAs":["https:\/\/www.facebook.com\/alternatievemiddelen","https:\/\/www.instagram.com\/alternatievemiddelen.nl\/"]}]}},"_links":{"self":[{"href":"https:\/\/www.alternatievemiddelen.nl\/es\/wp-json\/wp\/v2\/product\/47576","targetHints":{"allow":["GET"]}}],"collection":[{"href":"https:\/\/www.alternatievemiddelen.nl\/es\/wp-json\/wp\/v2\/product"}],"about":[{"href":"https:\/\/www.alternatievemiddelen.nl\/es\/wp-json\/wp\/v2\/types\/product"}],"replies":[{"embeddable":true,"href":"https:\/\/www.alternatievemiddelen.nl\/es\/wp-json\/wp\/v2\/comments?post=47576"}],"wp:featuredmedia":[{"embeddable":true,"href":"https:\/\/www.alternatievemiddelen.nl\/es\/wp-json\/wp\/v2\/media\/48021"}],"wp:attachment":[{"href":"https:\/\/www.alternatievemiddelen.nl\/es\/wp-json\/wp\/v2\/media?parent=47576"}],"wp:term":[{"taxonomy":"product_brand","embeddable":true,"href":"https:\/\/www.alternatievemiddelen.nl\/es\/wp-json\/wp\/v2\/product_brand?post=47576"},{"taxonomy":"product_cat","embeddable":true,"href":"https:\/\/www.alternatievemiddelen.nl\/es\/wp-json\/wp\/v2\/product_cat?post=47576"},{"taxonomy":"product_tag","embeddable":true,"href":"https:\/\/www.alternatievemiddelen.nl\/es\/wp-json\/wp\/v2\/product_tag?post=47576"},{"taxonomy":"merk","embeddable":true,"href":"https:\/\/www.alternatievemiddelen.nl\/es\/wp-json\/wp\/v2\/merk?post=47576"}],"curies":[{"name":"wp","href":"https:\/\/api.w.org\/{rel}","templated":true}]}}