{"id":48232,"date":"2025-06-26T06:04:06","date_gmt":"2025-06-26T04:04:06","guid":{"rendered":"https:\/\/www.alternatievemiddelen.nl\/?post_type=product&#038;p=48232"},"modified":"2026-01-19T11:22:34","modified_gmt":"2026-01-19T10:22:34","slug":"kijkglaskraantje-rvs-voor-boroux-legacy-compact-waterfilter-zwart","status":"publish","type":"product","link":"https:\/\/www.alternatievemiddelen.nl\/es\/productos\/mirilla-grifo-acero-inoxidable-para-boroux-legacy-compact-filtro-de-agua-negro\/","title":{"rendered":"Grifo visor BOROUX acero inoxidable para filtro de agua BOROUX Legacy\u2122 Compact negro"},"content":{"rendered":"<p>\u00a1El grifo de mirilla de acero inoxidable para filtro de agua BOROUX Legacy\u2122 Compact negro! Este grifo visor de acero inoxidable negro ofrece una soluci\u00f3n sencilla y elegante para ver cu\u00e1nta agua queda en el recipiente inferior de su filtro de agua BOROUX negro. Incorpora una bolita, que encaja perfectamente en el tubo de cristal. La bolita flota en el agua, permiti\u00e9ndole ver claramente el nivel de agua a distancia.<\/p>\n<p>La mirilla grifo de acero inoxidable para <a href=\"https:\/\/www.alternatievemiddelen.nl\/es\/productos\/boroux-legacy-compact-filtro-de-agua-negro\/\">BOROUX Legacy\u2122 Filtro de agua compacto negro<\/a> es una mejora de primera calidad para su sistema de filtraci\u00f3n de agua de acero inoxidable. Completamente libre de pl\u00e1stico y fabricado en acero inoxidable 304 de alta calidad con anillos de silicona aprobados (aptos para alimentos) y revestimiento negro de alta calidad. Esta variante de mirilla de acero inoxidable est\u00e1 disponible en dos tama\u00f1os para garantizar que una se adapte a cada modelo de filtro de agua de acero inoxidable BOROUX. As\u00ed, adem\u00e1s de este modelo, tambi\u00e9n puede conseguir uno para el <a href=\"https:\/\/www.alternatievemiddelen.nl\/es\/productos\/grifo-mirilla-acero-inoxidable-para-filtro-de-agua-boroux-legacy-negro\/\">BOROUX Legacy\u2122 negro<\/a>. Adem\u00e1s, tambi\u00e9n puede elegir el <a href=\"https:\/\/www.alternatievemiddelen.nl\/es\/productos\/visor-de-acero-inoxidable-para-el-filtro-de-agua-boroux-legacy-compact-travel-berkey-y-big-berkey\/\">ACERO INOXIDABLE<\/a>, <a href=\"https:\/\/www.alternatievemiddelen.nl\/es\/productos\/mirilla-grifo-acero-inoxidable-para-boroux-legacy-compact-filtro-de-agua-blanco\/\">versi\u00f3n en blanco<\/a> o <a href=\"https:\/\/www.alternatievemiddelen.nl\/es\/productos\/grifo-con-mirilla-de-acero-inoxidable-para-filtro-de-agua-boroux-legacy-compact-verde-salvia\/\">versi\u00f3n verde salvia<\/a>, ya que el filtro de agua BOROUX Legacy\u2122 Compact tambi\u00e9n <a href=\"https:\/\/www.alternatievemiddelen.nl\/es\/productos\/filtro-de-agua-boroux-legacy-compact\/\">en acero inoxidable<\/a>, <a href=\"https:\/\/www.alternatievemiddelen.nl\/es\/productos\/boroux-legacy-compact-filtro-de-agua-blanco\/\">en blanco<\/a> o <a href=\"https:\/\/www.alternatievemiddelen.nl\/es\/productos\/boroux-legacy-filtro-de-agua-compacto-verde-salvia\/\">en verde salvia<\/a> para conseguirlo.<\/p>\n<p>El grifo se extiende unos 7,5 cent\u00edmetros desde el filtro de agua cuando est\u00e1 instalado.<br \/>\n&nbsp;<\/p>\n<h4>Especificaciones del producto grifo con mirilla de acero inoxidable para filtro de agua BOROUX Legacy\u2122 Compact negro<\/h4>\n<ul>\n<li>Adecuado para el <a href=\"https:\/\/www.alternatievemiddelen.nl\/es\/productos\/boroux-legacy-compact-filtro-de-agua-negro\/\">BOROUX Legacy\u2122 Filtro de agua compacto negro<\/a><\/li>\n<li>Altura total: 24,5 cm<\/li>\n<li>Longitud del tubo: aprox. 18 cm<\/li>\n<\/ul>\n<p>&nbsp;<\/p>\n<h4>Material del grifo con mirilla de acero inoxidable<\/h4>\n<ul>\n<li>Grifo, tuerca, placas de cubierta y camisa: acero inoxidable 304<\/li>\n<li>Revestimiento de alta calidad (s\u00f3lo exterior)<\/li>\n<li>Mirilla (tubo): Vidrio<\/li>\n<li>Juntas de estanqueidad: Silicona (apta para alimentos)<\/li>\n<li>Mecanismo del grifo: cer\u00e1mica<\/li>\n<\/ul>\n<p>&nbsp;<\/p>\n<h4>Incluido en la caja:<\/h4>\n<ul>\n<li>Grifo de mirilla de acero inoxidable para <a href=\"https:\/\/www.alternatievemiddelen.nl\/es\/productos\/boroux-legacy-compact-filtro-de-agua-negro\/\">BOROUX Legacy\u2122 Filtro de agua compacto negro<\/a><\/li>\n<li>Tuerca de acero inoxidable<\/li>\n<li>2x placas de cubierta de acero inoxidable<\/li>\n<li>2 juntas de silicona<\/li>\n<li>Bola azul (flotante)<\/li>\n<\/ul>","protected":false},"excerpt":{"rendered":"<p>Compruebe el nivel de agua en el recipiente inferior de su filtro de agua BOROUX negro con el grifo mirilla de acero inoxidable para filtro de agua BOROUX Legacy\u2122 Compact negro.<\/p>","protected":false},"featured_media":48234,"comment_status":"open","ping_status":"closed","template":"","meta":[],"product_brand":[],"product_cat":[2971,3013],"product_tag":[3230,3231,3706,3715,3228,3033,3034,3009,2879,2880,2885,2979,3012,3229,2980],"merk":[3702],"class_list":{"0":"post-48232","1":"product","2":"type-product","3":"status-publish","4":"has-post-thumbnail","6":"product_cat-waterfilters","7":"product_cat-waterfilter-accessoires","8":"product_tag-accessoire","9":"product_tag-accessoires","10":"product_tag-boroux","11":"product_tag-boroux-legacy-compact","12":"product_tag-kijkglas","13":"product_tag-kijkglaskraantje","14":"product_tag-kijkglaskraantje-rvs","15":"product_tag-kraantje","16":"product_tag-roestvrij-staal","17":"product_tag-rvs","18":"product_tag-water","19":"product_tag-waterfilter","20":"product_tag-waterfilters","21":"product_tag-waterniveau","22":"product_tag-waterzuivering","23":"merk-boroux","25":"first","26":"instock","27":"taxable","28":"shipping-taxable","29":"purchasable","30":"product-type-simple"},"bundled_by":[],"bundle_stock_status":"instock","bundle_stock_quantity":null,"bundle_virtual":false,"bundle_layout":"","bundle_add_to_cart_form_location":"","bundle_editable_in_cart":false,"bundle_sold_individually_context":"","bundle_item_grouping":"","bundle_min_size":"","bundle_max_size":"","bundle_price":[],"bundled_items":[],"bundle_sell_ids":[44176,48036],"yoast_head":"<!-- This site is optimized with the Yoast SEO plugin v26.1 - https:\/\/yoast.com\/wordpress\/plugins\/seo\/ -->\n<title>BOROUX kijkglaskraantje RVS voor BOROUX Legacy\u2122 Compact waterfilter zwart - Alternatievemiddelen.nl<\/title>\n<meta name=\"description\" content=\"Bekijk het waterniveau in de onderste bak van jouw zwarte BOROUX waterfilter met het kijkglaskraantje RVS voor BOROUX Legacy\u2122 Compact waterfilter zwart.\" \/>\n<meta name=\"robots\" content=\"index, follow, max-snippet:-1, max-image-preview:large, max-video-preview:-1\" \/>\n<link rel=\"canonical\" href=\"https:\/\/www.alternatievemiddelen.nl\/es\/wp-json\/wp\/v2\/product\/48232\" \/>\n<meta property=\"og:locale\" content=\"es_ES\" \/>\n<meta property=\"og:type\" content=\"article\" \/>\n<meta property=\"og:title\" content=\"BOROUX kijkglaskraantje RVS voor BOROUX Legacy\u2122 Compact waterfilter zwart - Alternatievemiddelen.nl\" \/>\n<meta property=\"og:description\" content=\"Bekijk het waterniveau in de onderste bak van jouw zwarte BOROUX waterfilter met het kijkglaskraantje RVS voor BOROUX Legacy\u2122 Compact waterfilter zwart.\" \/>\n<meta property=\"og:url\" content=\"https:\/\/www.alternatievemiddelen.nl\/es\/productos\/mirilla-grifo-acero-inoxidable-para-boroux-legacy-compact-filtro-de-agua-negro\/\" \/>\n<meta property=\"og:site_name\" content=\"Alternatievemiddelen.nl\" \/>\n<meta property=\"article:modified_time\" content=\"2026-01-19T10:22:34+00:00\" \/>\n<meta property=\"og:image\" content=\"\/wp-content\/uploads\/2025\/06\/Kijkglaskraantje-RVS-BOROUX-zwart.jpg\" \/>\n\t<meta property=\"og:image:width\" content=\"1200\" \/>\n\t<meta property=\"og:image:height\" content=\"1600\" \/>\n\t<meta property=\"og:image:type\" content=\"image\/jpeg\" \/>\n<meta name=\"twitter:card\" content=\"summary_large_image\" \/>\n<meta name=\"twitter:label1\" content=\"Tiempo de lectura\" \/>\n\t<meta name=\"twitter:data1\" content=\"2 minutos\" \/>\n<script type=\"application\/ld+json\" class=\"yoast-schema-graph\">{\"@context\":\"https:\/\/schema.org\",\"@graph\":[{\"@type\":[\"WebPage\",\"ItemPage\"],\"@id\":\"https:\/\/www.alternatievemiddelen.nl\/producten\/kijkglaskraantje-rvs-voor-boroux-legacy-compact-waterfilter-zwart\/\",\"url\":\"https:\/\/www.alternatievemiddelen.nl\/producten\/kijkglaskraantje-rvs-voor-boroux-legacy-compact-waterfilter-zwart\/\",\"name\":\"BOROUX kijkglaskraantje RVS voor BOROUX Legacy\u2122 Compact waterfilter zwart - Alternatievemiddelen.nl\",\"isPartOf\":{\"@id\":\"https:\/\/www.alternatievemiddelen.nl\/#website\"},\"primaryImageOfPage\":{\"@id\":\"https:\/\/www.alternatievemiddelen.nl\/producten\/kijkglaskraantje-rvs-voor-boroux-legacy-compact-waterfilter-zwart\/#primaryimage\"},\"image\":{\"@id\":\"https:\/\/www.alternatievemiddelen.nl\/producten\/kijkglaskraantje-rvs-voor-boroux-legacy-compact-waterfilter-zwart\/#primaryimage\"},\"thumbnailUrl\":\"https:\/\/www.alternatievemiddelen.nl\/wp-content\/uploads\/2025\/06\/Kijkglaskraantje-RVS-BOROUX-zwart.jpg\",\"datePublished\":\"2025-06-26T04:04:06+00:00\",\"dateModified\":\"2026-01-19T10:22:34+00:00\",\"description\":\"Bekijk het waterniveau in de onderste bak van jouw zwarte BOROUX waterfilter met het kijkglaskraantje RVS voor BOROUX Legacy\u2122 Compact waterfilter zwart.\",\"breadcrumb\":{\"@id\":\"https:\/\/www.alternatievemiddelen.nl\/producten\/kijkglaskraantje-rvs-voor-boroux-legacy-compact-waterfilter-zwart\/#breadcrumb\"},\"inLanguage\":\"es\",\"potentialAction\":[{\"@type\":\"ReadAction\",\"target\":[\"https:\/\/www.alternatievemiddelen.nl\/producten\/kijkglaskraantje-rvs-voor-boroux-legacy-compact-waterfilter-zwart\/\"]}]},{\"@type\":\"ImageObject\",\"inLanguage\":\"es\",\"@id\":\"https:\/\/www.alternatievemiddelen.nl\/producten\/kijkglaskraantje-rvs-voor-boroux-legacy-compact-waterfilter-zwart\/#primaryimage\",\"url\":\"https:\/\/www.alternatievemiddelen.nl\/wp-content\/uploads\/2025\/06\/Kijkglaskraantje-RVS-BOROUX-zwart.jpg\",\"contentUrl\":\"https:\/\/www.alternatievemiddelen.nl\/wp-content\/uploads\/2025\/06\/Kijkglaskraantje-RVS-BOROUX-zwart.jpg\",\"width\":1200,\"height\":1600,\"caption\":\"Kijkglaskraantje RVS BOROUX zwart\"},{\"@type\":\"BreadcrumbList\",\"@id\":\"https:\/\/www.alternatievemiddelen.nl\/producten\/kijkglaskraantje-rvs-voor-boroux-legacy-compact-waterfilter-zwart\/#breadcrumb\",\"itemListElement\":[{\"@type\":\"ListItem\",\"position\":1,\"name\":\"Home\",\"item\":\"https:\/\/www.alternatievemiddelen.nl\/\"},{\"@type\":\"ListItem\",\"position\":2,\"name\":\"Producten\",\"item\":\"https:\/\/www.alternatievemiddelen.nl\/producten\/\"},{\"@type\":\"ListItem\",\"position\":3,\"name\":\"BOROUX kijkglaskraantje RVS voor BOROUX Legacy\u2122 Compact waterfilter zwart\"}]},{\"@type\":\"WebSite\",\"@id\":\"https:\/\/www.alternatievemiddelen.nl\/#website\",\"url\":\"https:\/\/www.alternatievemiddelen.nl\/\",\"name\":\"Alternatievemiddelen.nl\",\"description\":\"Webshop met gezonde, duurzame en ecologische alternatieve mogelijkheden in de hedendaagse levenstijl. Alles uit eigen ervaring.\",\"publisher\":{\"@id\":\"https:\/\/www.alternatievemiddelen.nl\/#organization\"},\"potentialAction\":[{\"@type\":\"SearchAction\",\"target\":{\"@type\":\"EntryPoint\",\"urlTemplate\":\"https:\/\/www.alternatievemiddelen.nl\/?s={search_term_string}\"},\"query-input\":{\"@type\":\"PropertyValueSpecification\",\"valueRequired\":true,\"valueName\":\"search_term_string\"}}],\"inLanguage\":\"es\"},{\"@type\":\"Organization\",\"@id\":\"https:\/\/www.alternatievemiddelen.nl\/#organization\",\"name\":\"Alternatievemiddelen.nl\",\"url\":\"https:\/\/www.alternatievemiddelen.nl\/\",\"logo\":{\"@type\":\"ImageObject\",\"inLanguage\":\"es\",\"@id\":\"https:\/\/www.alternatievemiddelen.nl\/#\/schema\/logo\/image\/\",\"url\":\"https:\/\/www.alternatievemiddelen.nl\/wp-content\/uploads\/2023\/10\/alternatievemiddelen-PNG-logo.png\",\"contentUrl\":\"https:\/\/www.alternatievemiddelen.nl\/wp-content\/uploads\/2023\/10\/alternatievemiddelen-PNG-logo.png\",\"width\":6400,\"height\":3062,\"caption\":\"Alternatievemiddelen.nl\"},\"image\":{\"@id\":\"https:\/\/www.alternatievemiddelen.nl\/#\/schema\/logo\/image\/\"}}]}<\/script>\n<!-- \/ Yoast SEO plugin. -->","yoast_head_json":{"title":"BOROUX kijkglaskraantje RVS voor BOROUX Legacy\u2122 Compact waterfilter zwart - Alternatievemiddelen.nl","description":"Bekijk het waterniveau in de onderste bak van jouw zwarte BOROUX waterfilter met het kijkglaskraantje RVS voor BOROUX Legacy\u2122 Compact waterfilter zwart.","robots":{"index":"index","follow":"follow","max-snippet":"max-snippet:-1","max-image-preview":"max-image-preview:large","max-video-preview":"max-video-preview:-1"},"canonical":"https:\/\/www.alternatievemiddelen.nl\/es\/wp-json\/wp\/v2\/product\/48232","og_locale":"es_ES","og_type":"article","og_title":"BOROUX kijkglaskraantje RVS voor BOROUX Legacy\u2122 Compact waterfilter zwart - Alternatievemiddelen.nl","og_description":"Bekijk het waterniveau in de onderste bak van jouw zwarte BOROUX waterfilter met het kijkglaskraantje RVS voor BOROUX Legacy\u2122 Compact waterfilter zwart.","og_url":"https:\/\/www.alternatievemiddelen.nl\/es\/productos\/mirilla-grifo-acero-inoxidable-para-boroux-legacy-compact-filtro-de-agua-negro\/","og_site_name":"Alternatievemiddelen.nl","article_modified_time":"2026-01-19T10:22:34+00:00","og_image":[{"width":1200,"height":1600,"url":"\/wp-content\/uploads\/2025\/06\/Kijkglaskraantje-RVS-BOROUX-zwart.jpg","type":"image\/jpeg"}],"twitter_card":"summary_large_image","twitter_misc":{"Tiempo de lectura":"2 minutos"},"schema":{"@context":"https:\/\/schema.org","@graph":[{"@type":["WebPage","ItemPage"],"@id":"https:\/\/www.alternatievemiddelen.nl\/producten\/kijkglaskraantje-rvs-voor-boroux-legacy-compact-waterfilter-zwart\/","url":"https:\/\/www.alternatievemiddelen.nl\/producten\/kijkglaskraantje-rvs-voor-boroux-legacy-compact-waterfilter-zwart\/","name":"BOROUX kijkglaskraantje RVS voor BOROUX Legacy\u2122 Compact waterfilter zwart - Alternatievemiddelen.nl","isPartOf":{"@id":"https:\/\/www.alternatievemiddelen.nl\/#website"},"primaryImageOfPage":{"@id":"https:\/\/www.alternatievemiddelen.nl\/producten\/kijkglaskraantje-rvs-voor-boroux-legacy-compact-waterfilter-zwart\/#primaryimage"},"image":{"@id":"https:\/\/www.alternatievemiddelen.nl\/producten\/kijkglaskraantje-rvs-voor-boroux-legacy-compact-waterfilter-zwart\/#primaryimage"},"thumbnailUrl":"https:\/\/www.alternatievemiddelen.nl\/wp-content\/uploads\/2025\/06\/Kijkglaskraantje-RVS-BOROUX-zwart.jpg","datePublished":"2025-06-26T04:04:06+00:00","dateModified":"2026-01-19T10:22:34+00:00","description":"Bekijk het waterniveau in de onderste bak van jouw zwarte BOROUX waterfilter met het kijkglaskraantje RVS voor BOROUX Legacy\u2122 Compact waterfilter zwart.","breadcrumb":{"@id":"https:\/\/www.alternatievemiddelen.nl\/producten\/kijkglaskraantje-rvs-voor-boroux-legacy-compact-waterfilter-zwart\/#breadcrumb"},"inLanguage":"es","potentialAction":[{"@type":"ReadAction","target":["https:\/\/www.alternatievemiddelen.nl\/producten\/kijkglaskraantje-rvs-voor-boroux-legacy-compact-waterfilter-zwart\/"]}]},{"@type":"ImageObject","inLanguage":"es","@id":"https:\/\/www.alternatievemiddelen.nl\/producten\/kijkglaskraantje-rvs-voor-boroux-legacy-compact-waterfilter-zwart\/#primaryimage","url":"https:\/\/www.alternatievemiddelen.nl\/wp-content\/uploads\/2025\/06\/Kijkglaskraantje-RVS-BOROUX-zwart.jpg","contentUrl":"https:\/\/www.alternatievemiddelen.nl\/wp-content\/uploads\/2025\/06\/Kijkglaskraantje-RVS-BOROUX-zwart.jpg","width":1200,"height":1600,"caption":"Kijkglaskraantje RVS BOROUX zwart"},{"@type":"BreadcrumbList","@id":"https:\/\/www.alternatievemiddelen.nl\/producten\/kijkglaskraantje-rvs-voor-boroux-legacy-compact-waterfilter-zwart\/#breadcrumb","itemListElement":[{"@type":"ListItem","position":1,"name":"Home","item":"https:\/\/www.alternatievemiddelen.nl\/"},{"@type":"ListItem","position":2,"name":"Producten","item":"https:\/\/www.alternatievemiddelen.nl\/producten\/"},{"@type":"ListItem","position":3,"name":"BOROUX kijkglaskraantje RVS voor BOROUX Legacy\u2122 Compact waterfilter zwart"}]},{"@type":"WebSite","@id":"https:\/\/www.alternatievemiddelen.nl\/#website","url":"https:\/\/www.alternatievemiddelen.nl\/","name":"Alternatievemiddelen.nl","description":"Webshop met gezonde, duurzame en ecologische alternatieve mogelijkheden in de hedendaagse levenstijl. Alles uit eigen ervaring.","publisher":{"@id":"https:\/\/www.alternatievemiddelen.nl\/#organization"},"potentialAction":[{"@type":"SearchAction","target":{"@type":"EntryPoint","urlTemplate":"https:\/\/www.alternatievemiddelen.nl\/?s={search_term_string}"},"query-input":{"@type":"PropertyValueSpecification","valueRequired":true,"valueName":"search_term_string"}}],"inLanguage":"es"},{"@type":"Organization","@id":"https:\/\/www.alternatievemiddelen.nl\/#organization","name":"Alternatievemiddelen.nl","url":"https:\/\/www.alternatievemiddelen.nl\/","logo":{"@type":"ImageObject","inLanguage":"es","@id":"https:\/\/www.alternatievemiddelen.nl\/#\/schema\/logo\/image\/","url":"https:\/\/www.alternatievemiddelen.nl\/wp-content\/uploads\/2023\/10\/alternatievemiddelen-PNG-logo.png","contentUrl":"https:\/\/www.alternatievemiddelen.nl\/wp-content\/uploads\/2023\/10\/alternatievemiddelen-PNG-logo.png","width":6400,"height":3062,"caption":"Alternatievemiddelen.nl"},"image":{"@id":"https:\/\/www.alternatievemiddelen.nl\/#\/schema\/logo\/image\/"}}]}},"_links":{"self":[{"href":"https:\/\/www.alternatievemiddelen.nl\/es\/wp-json\/wp\/v2\/product\/48232","targetHints":{"allow":["GET"]}}],"collection":[{"href":"https:\/\/www.alternatievemiddelen.nl\/es\/wp-json\/wp\/v2\/product"}],"about":[{"href":"https:\/\/www.alternatievemiddelen.nl\/es\/wp-json\/wp\/v2\/types\/product"}],"replies":[{"embeddable":true,"href":"https:\/\/www.alternatievemiddelen.nl\/es\/wp-json\/wp\/v2\/comments?post=48232"}],"wp:featuredmedia":[{"embeddable":true,"href":"https:\/\/www.alternatievemiddelen.nl\/es\/wp-json\/wp\/v2\/media\/48234"}],"wp:attachment":[{"href":"https:\/\/www.alternatievemiddelen.nl\/es\/wp-json\/wp\/v2\/media?parent=48232"}],"wp:term":[{"taxonomy":"product_brand","embeddable":true,"href":"https:\/\/www.alternatievemiddelen.nl\/es\/wp-json\/wp\/v2\/product_brand?post=48232"},{"taxonomy":"product_cat","embeddable":true,"href":"https:\/\/www.alternatievemiddelen.nl\/es\/wp-json\/wp\/v2\/product_cat?post=48232"},{"taxonomy":"product_tag","embeddable":true,"href":"https:\/\/www.alternatievemiddelen.nl\/es\/wp-json\/wp\/v2\/product_tag?post=48232"},{"taxonomy":"merk","embeddable":true,"href":"https:\/\/www.alternatievemiddelen.nl\/es\/wp-json\/wp\/v2\/merk?post=48232"}],"curies":[{"name":"wp","href":"https:\/\/api.w.org\/{rel}","templated":true}]}}