{"id":48400,"date":"2025-08-09T08:32:53","date_gmt":"2025-08-09T06:32:53","guid":{"rendered":"https:\/\/www.alternatievemiddelen.nl\/?post_type=product&#038;p=48400"},"modified":"2025-12-15T10:24:29","modified_gmt":"2025-12-15T09:24:29","slug":"simply-more-gezichtsreinigingsemulsie","status":"publish","type":"product","link":"https:\/\/www.alternatievemiddelen.nl\/es\/productos\/simplemente-mas-emulsion-limpiadora-facial\/","title":{"rendered":"SIMPLY MORE Emulsi\u00f3n limpiadora facial 150ml"},"content":{"rendered":"<p>SIMPLY MORE Emulsi\u00f3n limpiadora facial - 100% natural <b>emulsi\u00f3n limpiadora facial<\/b> hecho de <b>10 ingredientes<\/b>. <b>Limpieza<\/b> y <b>desmaquillado<\/b> en un solo cosm\u00e9tico. Nuestra delicada emulsi\u00f3n limpiadora:<\/p>\n<ul>\n<li>es <b>ultrasuave<\/b> y <b>inodoro<\/b>,<\/li>\n<li>tiene un <b>cremoso<\/b> y <b>lechoso<\/b> coherencia,<\/li>\n<li>Limpia en profundidad sin alterar la barrera hidrolip\u00eddica,<\/li>\n<li><b>hidrata<\/b> durante el lavado - deja la piel <b>aterciopelado<\/b> y <b>suavizar<\/b>,<\/li>\n<li><b>no desnudar<\/b> la piel,<\/li>\n<li>es perfecto para <b>piel sensible<\/b> y las personas propensas a las alergias,<\/li>\n<li>no perturba la naturaleza <b>pH<\/b> de la piel.<\/li>\n<\/ul>\n<p><img decoding=\"async\" src=\"\/wp-content\/uploads\/2025\/07\/SIMPLY-MORE-keurmerken-300x78.jpg\" alt=\"Etiquetas SIMPLY MORE\" width=\"300\" height=\"78\" class=\"size-medium wp-image-48623\" srcset=\"https:\/\/www.alternatievemiddelen.nl\/wp-content\/uploads\/2025\/07\/SIMPLY-MORE-keurmerken-300x78.jpg 300w, https:\/\/www.alternatievemiddelen.nl\/wp-content\/uploads\/2025\/07\/SIMPLY-MORE-keurmerken-18x5.jpg 18w, https:\/\/www.alternatievemiddelen.nl\/wp-content\/uploads\/2025\/07\/SIMPLY-MORE-keurmerken.jpg 441w\" sizes=\"(max-width: 300px) 100vw, 300px\" \/><br \/>\n&nbsp;<\/p>\n<h3>\u00bfPARA QU\u00c9 SIRVE LA EMULSI\u00d3N LIMPIADORA FACIAL SIMPLY MORE?<\/h3>\n<p>1. Limpieza suave<br \/>\n2. Desmaquilla<br \/>\n3. Hidrata y suaviza durante el lavado<\/p>\n<p>Su composici\u00f3n minimalista, el uso de un ingrediente limpiador suave y natural y emolientes que protegen la barrera natural de la piel hacen de esta emulsi\u00f3n uno de los productos de limpieza facial m\u00e1s delicados. Esta Emulsi\u00f3n Limpiadora Facial SIMPLY MORE no contiene fragancias.<br \/>\n&nbsp;<\/p>\n<h3>\u00bfQU\u00c9 HACE QUE ESTE PRODUCTO SEA \u00daNICO?<\/h3>\n<ul>\n<li>S\u00f3lo <b>10 ingredientes certificados<\/b><\/li>\n<li><b>100% origen natural<\/b> (ni 98%, ni 99% - \u00a1en realidad 100%!)<\/li>\n<li><b>Sin perfume<\/b><\/li>\n<li>Desmaquillado y limpieza en <b>un producto<\/b><\/li>\n<li><b>No altera el equilibrio del pH de la piel<\/b> (el t\u00f3ner no es necesario)<\/li>\n<li><b>Sin sensaci\u00f3n de tirantez<\/b> en caso de uso<\/li>\n<li><b>Limpia suavemente la piel<\/b> y a fondo sin alterar la barrera hidrolip\u00eddica<\/li>\n<li><b>No contiene agentes espumantes<\/b> que puedan irritar la piel<\/li>\n<li><b>Hidrata y restaura<\/b> ya durante la limpieza<\/li>\n<\/ul>\n<p>&nbsp;<\/p>\n<h3>\u00bfPARA QUI\u00c9N?<\/h3>\n<ul>\n<li>Pieles secas, mixtas, grasas y sensibles<\/li>\n<li>Piel propensa a las alergias<\/li>\n<li>Piel con eczema at\u00f3pico<\/li>\n<li>Piel propensa al acn\u00e9<\/li>\n<li>Piel con una barrera hidrolip\u00eddica da\u00f1ada<\/li>\n<\/ul>\n<p>&nbsp;<br \/>\nEl producto es <b>dermatol\u00f3gicamente probado<\/b> en un grupo de personas con piel sensible propensa a <b>reacciones al\u00e9rgicas e irritaciones<\/b>.<\/p>\n<p>Producto inodoro.<br \/>\n&nbsp;<\/p>\n<h3>INGREDIENTES Y EXPLICACIONES<\/h3>\n<p><b>INCI<\/b>: Aqua, Caprylyl Capryl Glucoside, Pentylene Glycol, Macadamia Integrifolia Seed Oil, Cetearyl Olivate, Sorbitan Olivate, Canola Oil, Vaccinium Myrtillus Seed Oil, Acacia Senegal Gum, Xanthan Gum.<\/p>\n<p><b>AGUA<\/b> - Al fin y al cabo, 60% estamos hechos de agua.<br \/>\nFunci\u00f3n: Hidrataci\u00f3n y disolvente para otros ingredientes.<br \/>\n<b>GLUC\u00d3SIDO CAPR\u00cdLICO DE CAPRILILO<\/b> - Detergente no i\u00f3nico de origen vegetal. Tiene un efecto excepcionalmente suave y es un derivado del az\u00facar. No contiene sulfatos.<br \/>\nFunci\u00f3n: Limpieza suave sin resecar la piel.<br \/>\n<b>GLICOL DE PENTILO<\/b> - Humectante natural. Se obtiene de la ca\u00f1a de az\u00facar. Proporciona una piel suave y aterciopelada.<br \/>\nFunci\u00f3n: Hidratar y suavizar la piel.<br \/>\n<b>ACEITE DE SEMILLA DE MACADAMIA INTEGRIFOLIA<\/b> - Aceite de nuez de macadamia, contiene una gran cantidad de \u00e1cidos grasos monoinsaturados, entre ellos el \u00e1cido palm\u00edtico. Proporciona hidrataci\u00f3n, restaura la suavidad de la piel y acelera su regeneraci\u00f3n. Tiene propiedades antimicrobianas y antiinflamatorias, acelera la cicatrizaci\u00f3n de heridas y estimula la producci\u00f3n de col\u00e1geno.<br \/>\nFunci\u00f3n: Hidrataci\u00f3n, regeneraci\u00f3n y protecci\u00f3n contra la inflamaci\u00f3n.<br \/>\n<b>OLIVATO DE CETEARILO<\/b> - Emulsionante no i\u00f3nico, sustancia que forma una emulsi\u00f3n. Derivado del aceite de oliva. Tiene un fuerte efecto hidratante y acondicionador de la piel. Act\u00faa como un \"vendaje oclusivo\" que protege la piel de la p\u00e9rdida de humedad. Suaviza y alisa la piel. Evita el desengrasado excesivo de la piel.<br \/>\nFunci\u00f3n: Hidratar, proteger y suavizar la piel.<br \/>\n<b>OLIVATO DE SORBIT\u00c1N<\/b> - Emulsionante no i\u00f3nico, derivado naturalmente del aceite de oliva. La estructura de este ingrediente es similar a la del estrato c\u00f3rneo de la piel. Adem\u00e1s de formar una emulsi\u00f3n, tiene un fuerte efecto hidratante y suavizante. Crea cristales l\u00edquidos con una estructura similar al cemento intercelular natural de la piel, mejorando la elasticidad y la hidrataci\u00f3n.<br \/>\nFunci\u00f3n: Hidrataci\u00f3n, suavizaci\u00f3n de la piel y protecci\u00f3n de la barrera cut\u00e1nea.<br \/>\n<b>ACEITE DE CANOLA<\/b> - Aceite de colza bioactivo procedente de cultivos no modificados gen\u00e9ticamente en Suecia. Naturalmente rico en antioxidantes como tocoferoles y fitoesteroles, que protegen y refuerzan la barrera cut\u00e1nea. Se ha demostrado cl\u00ednicamente que restaura la barrera cut\u00e1nea, especialmente tras la exposici\u00f3n a limpiadores.<br \/>\nFunci\u00f3n: Hidrataci\u00f3n, protecci\u00f3n y calmante de la piel.<br \/>\n<b>ACEITE DE SEMILLA DE VACCINIUM MYRTILLUS<\/b> - Aceite de ar\u00e1ndano reciclado, un potente antioxidante, rico en \u00e1cidos grasos Omega-3,6,9. Contiene betacaroteno (provitamina A), una fuente natural de retinol. Favorece la barrera cut\u00e1nea y garantiza una piel hidratada y nutrida.<br \/>\nFunci\u00f3n: Acci\u00f3n antioxidante, cuidado de la piel y protecci\u00f3n de la barrera.<br \/>\n<b>GOMA DE ACACIA SENEGAL<\/b> - Goma ar\u00e1biga, un espesante totalmente natural e innovador elaborado mediante la combinaci\u00f3n de dos tipos de goma. Proporciona un fuerte efecto hidratante a la piel. Crea una emulsi\u00f3n suave y no pegajosa.<br \/>\nFunci\u00f3n: Hidrataci\u00f3n y mejora de la textura.<br \/>\n<b>XANTHAN GUM<\/b> - Espesante de origen natural. Junto con la goma de acacia, forma un ingrediente que regula la viscosidad de la emulsi\u00f3n. Crea una capa protectora sobre la piel y evita la p\u00e9rdida de humedad transepid\u00e9rmica.<br \/>\nFunci\u00f3n: Hidrataci\u00f3n, espesamiento y protecci\u00f3n contra la deshidrataci\u00f3n.<br \/>\n&nbsp;<\/p>\n<h3>\u00bfC\u00d3MO UTILIZAR LA EMULSI\u00d3N LIMPIADORA FACIAL SIMPLY MORE?<\/h3>\n<p><b>Buenos d\u00edas<\/b><br \/>\nAplicar una peque\u00f1a cantidad de emulsi\u00f3n sobre el rostro h\u00famedo y masajear suavemente. Aclarar abundantemente con agua.<\/p>\n<p><b>Por la noche<\/b><br \/>\n<b>Primer paso<\/b>: Aplicar la emulsi\u00f3n sobre la piel seca, masajear y aclarar con agua para desmaquillar.<br \/>\n<b>Paso 2<\/b>: Reaplicar sobre el rostro h\u00famedo, masajear suavemente y aclarar.<\/p>\n<p>\u00bfNo te maquillas? S\u00e1ltate el paso 1 y ve directamente al paso 2.<\/p>\n<p>La Emulsi\u00f3n Limpiadora Facial SIMPLY MORE tiene un pH pr\u00f3ximo al de la piel, por lo que no es necesario tonificar.<br \/>\n&nbsp;<\/p>\n<h3>EMBALAJE<\/h3>\n<p>Contenido: 150 ml<\/p>\n<p>Una botella ecol\u00f3gica con disctop es la soluci\u00f3n perfecta sobre la marcha. Es ligera y de tama\u00f1o compacto. El cierre evita que la botella se abra accidentalmente en el neceser.<\/p>\n<ul>\n<li>Fabricaron la botella con material HDPE VERDE procedente de la ca\u00f1a de az\u00facar.<\/li>\n<li>La botella se fabric\u00f3 en Polonia, no se envi\u00f3 desde Asia.<\/li>\n<li>Imprimieron la etiqueta en material reciclable.<\/li>\n<\/ul>","protected":false},"excerpt":{"rendered":"<p>La Emulsi\u00f3n Limpiadora Facial SIMPLY MORE es 100% natural y est\u00e1 compuesta por 10 ingredientes. Limpieza y desmaquillado en un solo cosm\u00e9tico.<\/p>\n<p>Aproveche los descuentos por cantidad o fije <a href=\"https:\/\/www.alternatievemiddelen.nl\/es\/productos\/set-de-regalo-simply-more-skincare\/\">aqu\u00ed<\/a> componer su propio conjunto de productos SIMPLY MORE y beneficiarse tambi\u00e9n de descuentos.<\/p>","protected":false},"featured_media":48407,"comment_status":"open","ping_status":"closed","template":"","meta":[],"product_brand":[],"product_cat":[2945,3730],"product_tag":[3736,3734,3735,3737,3732,3733],"merk":[3729],"class_list":{"0":"post-48400","1":"product","2":"type-product","3":"status-publish","4":"has-post-thumbnail","6":"product_cat-natuurlijke-verzorging","7":"product_cat-simply-more-huidverzorging","8":"product_tag-100-natuurlijk","9":"product_tag-gezichtsreinigingsemulsie","10":"product_tag-huidverzorging","11":"product_tag-natuurlijke-ingredienten","12":"product_tag-simply-more","13":"product_tag-simply-more-gezichtsreinigingsemulsie","14":"merk-simply-more","16":"first","17":"instock","18":"taxable","19":"shipping-taxable","20":"purchasable","21":"product-type-simple"},"bundled_by":["48629"],"bundle_stock_status":"instock","bundle_stock_quantity":null,"bundle_virtual":false,"bundle_layout":"","bundle_add_to_cart_form_location":"","bundle_editable_in_cart":false,"bundle_sold_individually_context":"","bundle_item_grouping":"","bundle_min_size":"","bundle_max_size":"","bundle_price":[],"bundled_items":[],"bundle_sell_ids":[44176,48413,48426,48421,48434],"yoast_head":"<!-- This site is optimized with the Yoast SEO plugin v26.1 - https:\/\/yoast.com\/wordpress\/plugins\/seo\/ -->\n<title>SIMPLY MORE Gezichtsreinigingsemulsie 150ml - Alternatievemiddelen.nl<\/title>\n<meta name=\"description\" content=\"SIMPLY MORE Gezichtsreinigingsemulsie is 100% natuurlijk en gemaakt van 10 ingredi\u00ebnten. Reinigen en make-up verwijdering in \u00e9\u00e9n cosmetica.\" \/>\n<meta name=\"robots\" content=\"index, follow, max-snippet:-1, max-image-preview:large, max-video-preview:-1\" \/>\n<link rel=\"canonical\" href=\"https:\/\/www.alternatievemiddelen.nl\/es\/wp-json\/wp\/v2\/product\/48400\" \/>\n<meta property=\"og:locale\" content=\"es_ES\" \/>\n<meta property=\"og:type\" content=\"article\" \/>\n<meta property=\"og:title\" content=\"SIMPLY MORE Gezichtsreinigingsemulsie 150ml - Alternatievemiddelen.nl\" \/>\n<meta property=\"og:description\" content=\"SIMPLY MORE Gezichtsreinigingsemulsie is 100% natuurlijk en gemaakt van 10 ingredi\u00ebnten. Reinigen en make-up verwijdering in \u00e9\u00e9n cosmetica.\" \/>\n<meta property=\"og:url\" content=\"https:\/\/www.alternatievemiddelen.nl\/es\/productos\/simplemente-mas-emulsion-limpiadora-facial\/\" \/>\n<meta property=\"og:site_name\" content=\"Alternatievemiddelen.nl\" \/>\n<meta property=\"article:modified_time\" content=\"2025-12-15T09:24:29+00:00\" \/>\n<meta property=\"og:image\" content=\"\/wp-content\/uploads\/2025\/07\/SIMPLY-MORE-Gezichtsreinigingsemulsie.jpg\" \/>\n\t<meta property=\"og:image:width\" content=\"600\" \/>\n\t<meta property=\"og:image:height\" content=\"800\" \/>\n\t<meta property=\"og:image:type\" content=\"image\/jpeg\" \/>\n<meta name=\"twitter:card\" content=\"summary_large_image\" \/>\n<meta name=\"twitter:label1\" content=\"Tiempo de lectura\" \/>\n\t<meta name=\"twitter:data1\" content=\"5 minutos\" \/>\n<script type=\"application\/ld+json\" class=\"yoast-schema-graph\">{\"@context\":\"https:\/\/schema.org\",\"@graph\":[{\"@type\":[\"WebPage\",\"ItemPage\"],\"@id\":\"https:\/\/www.alternatievemiddelen.nl\/producten\/simply-more-gezichtsreinigingsemulsie\/\",\"url\":\"https:\/\/www.alternatievemiddelen.nl\/producten\/simply-more-gezichtsreinigingsemulsie\/\",\"name\":\"SIMPLY MORE Gezichtsreinigingsemulsie 150ml - Alternatievemiddelen.nl\",\"isPartOf\":{\"@id\":\"https:\/\/www.alternatievemiddelen.nl\/#website\"},\"primaryImageOfPage\":{\"@id\":\"https:\/\/www.alternatievemiddelen.nl\/producten\/simply-more-gezichtsreinigingsemulsie\/#primaryimage\"},\"image\":{\"@id\":\"https:\/\/www.alternatievemiddelen.nl\/producten\/simply-more-gezichtsreinigingsemulsie\/#primaryimage\"},\"thumbnailUrl\":\"https:\/\/www.alternatievemiddelen.nl\/wp-content\/uploads\/2025\/07\/SIMPLY-MORE-Gezichtsreinigingsemulsie.jpg\",\"datePublished\":\"2025-08-09T06:32:53+00:00\",\"dateModified\":\"2025-12-15T09:24:29+00:00\",\"description\":\"SIMPLY MORE Gezichtsreinigingsemulsie is 100% natuurlijk en gemaakt van 10 ingredi\u00ebnten. Reinigen en make-up verwijdering in \u00e9\u00e9n cosmetica.\",\"breadcrumb\":{\"@id\":\"https:\/\/www.alternatievemiddelen.nl\/producten\/simply-more-gezichtsreinigingsemulsie\/#breadcrumb\"},\"inLanguage\":\"es\",\"potentialAction\":[{\"@type\":\"ReadAction\",\"target\":[\"https:\/\/www.alternatievemiddelen.nl\/producten\/simply-more-gezichtsreinigingsemulsie\/\"]}]},{\"@type\":\"ImageObject\",\"inLanguage\":\"es\",\"@id\":\"https:\/\/www.alternatievemiddelen.nl\/producten\/simply-more-gezichtsreinigingsemulsie\/#primaryimage\",\"url\":\"https:\/\/www.alternatievemiddelen.nl\/wp-content\/uploads\/2025\/07\/SIMPLY-MORE-Gezichtsreinigingsemulsie.jpg\",\"contentUrl\":\"https:\/\/www.alternatievemiddelen.nl\/wp-content\/uploads\/2025\/07\/SIMPLY-MORE-Gezichtsreinigingsemulsie.jpg\",\"width\":600,\"height\":800,\"caption\":\"SIMPLY MORE Gezichtsreinigingsemulsie\"},{\"@type\":\"BreadcrumbList\",\"@id\":\"https:\/\/www.alternatievemiddelen.nl\/producten\/simply-more-gezichtsreinigingsemulsie\/#breadcrumb\",\"itemListElement\":[{\"@type\":\"ListItem\",\"position\":1,\"name\":\"Home\",\"item\":\"https:\/\/www.alternatievemiddelen.nl\/\"},{\"@type\":\"ListItem\",\"position\":2,\"name\":\"Producten\",\"item\":\"https:\/\/www.alternatievemiddelen.nl\/producten\/\"},{\"@type\":\"ListItem\",\"position\":3,\"name\":\"SIMPLY MORE Gezichtsreinigingsemulsie 150ml\"}]},{\"@type\":\"WebSite\",\"@id\":\"https:\/\/www.alternatievemiddelen.nl\/#website\",\"url\":\"https:\/\/www.alternatievemiddelen.nl\/\",\"name\":\"Alternatievemiddelen.nl\",\"description\":\"Webshop met gezonde, duurzame en ecologische alternatieve mogelijkheden in de hedendaagse levenstijl. Alles uit eigen ervaring.\",\"publisher\":{\"@id\":\"https:\/\/www.alternatievemiddelen.nl\/#organization\"},\"potentialAction\":[{\"@type\":\"SearchAction\",\"target\":{\"@type\":\"EntryPoint\",\"urlTemplate\":\"https:\/\/www.alternatievemiddelen.nl\/?s={search_term_string}\"},\"query-input\":{\"@type\":\"PropertyValueSpecification\",\"valueRequired\":true,\"valueName\":\"search_term_string\"}}],\"inLanguage\":\"es\"},{\"@type\":\"Organization\",\"@id\":\"https:\/\/www.alternatievemiddelen.nl\/#organization\",\"name\":\"Alternatievemiddelen.nl\",\"url\":\"https:\/\/www.alternatievemiddelen.nl\/\",\"logo\":{\"@type\":\"ImageObject\",\"inLanguage\":\"es\",\"@id\":\"https:\/\/www.alternatievemiddelen.nl\/#\/schema\/logo\/image\/\",\"url\":\"https:\/\/www.alternatievemiddelen.nl\/wp-content\/uploads\/2023\/10\/alternatievemiddelen-PNG-logo.png\",\"contentUrl\":\"https:\/\/www.alternatievemiddelen.nl\/wp-content\/uploads\/2023\/10\/alternatievemiddelen-PNG-logo.png\",\"width\":6400,\"height\":3062,\"caption\":\"Alternatievemiddelen.nl\"},\"image\":{\"@id\":\"https:\/\/www.alternatievemiddelen.nl\/#\/schema\/logo\/image\/\"}}]}<\/script>\n<!-- \/ Yoast SEO plugin. -->","yoast_head_json":{"title":"SIMPLY MORE Gezichtsreinigingsemulsie 150ml - Alternatievemiddelen.nl","description":"SIMPLY MORE Gezichtsreinigingsemulsie is 100% natuurlijk en gemaakt van 10 ingredi\u00ebnten. Reinigen en make-up verwijdering in \u00e9\u00e9n cosmetica.","robots":{"index":"index","follow":"follow","max-snippet":"max-snippet:-1","max-image-preview":"max-image-preview:large","max-video-preview":"max-video-preview:-1"},"canonical":"https:\/\/www.alternatievemiddelen.nl\/es\/wp-json\/wp\/v2\/product\/48400","og_locale":"es_ES","og_type":"article","og_title":"SIMPLY MORE Gezichtsreinigingsemulsie 150ml - Alternatievemiddelen.nl","og_description":"SIMPLY MORE Gezichtsreinigingsemulsie is 100% natuurlijk en gemaakt van 10 ingredi\u00ebnten. Reinigen en make-up verwijdering in \u00e9\u00e9n cosmetica.","og_url":"https:\/\/www.alternatievemiddelen.nl\/es\/productos\/simplemente-mas-emulsion-limpiadora-facial\/","og_site_name":"Alternatievemiddelen.nl","article_modified_time":"2025-12-15T09:24:29+00:00","og_image":[{"width":600,"height":800,"url":"\/wp-content\/uploads\/2025\/07\/SIMPLY-MORE-Gezichtsreinigingsemulsie.jpg","type":"image\/jpeg"}],"twitter_card":"summary_large_image","twitter_misc":{"Tiempo de lectura":"5 minutos"},"schema":{"@context":"https:\/\/schema.org","@graph":[{"@type":["WebPage","ItemPage"],"@id":"https:\/\/www.alternatievemiddelen.nl\/producten\/simply-more-gezichtsreinigingsemulsie\/","url":"https:\/\/www.alternatievemiddelen.nl\/producten\/simply-more-gezichtsreinigingsemulsie\/","name":"SIMPLY MORE Gezichtsreinigingsemulsie 150ml - Alternatievemiddelen.nl","isPartOf":{"@id":"https:\/\/www.alternatievemiddelen.nl\/#website"},"primaryImageOfPage":{"@id":"https:\/\/www.alternatievemiddelen.nl\/producten\/simply-more-gezichtsreinigingsemulsie\/#primaryimage"},"image":{"@id":"https:\/\/www.alternatievemiddelen.nl\/producten\/simply-more-gezichtsreinigingsemulsie\/#primaryimage"},"thumbnailUrl":"https:\/\/www.alternatievemiddelen.nl\/wp-content\/uploads\/2025\/07\/SIMPLY-MORE-Gezichtsreinigingsemulsie.jpg","datePublished":"2025-08-09T06:32:53+00:00","dateModified":"2025-12-15T09:24:29+00:00","description":"SIMPLY MORE Gezichtsreinigingsemulsie is 100% natuurlijk en gemaakt van 10 ingredi\u00ebnten. Reinigen en make-up verwijdering in \u00e9\u00e9n cosmetica.","breadcrumb":{"@id":"https:\/\/www.alternatievemiddelen.nl\/producten\/simply-more-gezichtsreinigingsemulsie\/#breadcrumb"},"inLanguage":"es","potentialAction":[{"@type":"ReadAction","target":["https:\/\/www.alternatievemiddelen.nl\/producten\/simply-more-gezichtsreinigingsemulsie\/"]}]},{"@type":"ImageObject","inLanguage":"es","@id":"https:\/\/www.alternatievemiddelen.nl\/producten\/simply-more-gezichtsreinigingsemulsie\/#primaryimage","url":"https:\/\/www.alternatievemiddelen.nl\/wp-content\/uploads\/2025\/07\/SIMPLY-MORE-Gezichtsreinigingsemulsie.jpg","contentUrl":"https:\/\/www.alternatievemiddelen.nl\/wp-content\/uploads\/2025\/07\/SIMPLY-MORE-Gezichtsreinigingsemulsie.jpg","width":600,"height":800,"caption":"SIMPLY MORE Gezichtsreinigingsemulsie"},{"@type":"BreadcrumbList","@id":"https:\/\/www.alternatievemiddelen.nl\/producten\/simply-more-gezichtsreinigingsemulsie\/#breadcrumb","itemListElement":[{"@type":"ListItem","position":1,"name":"Home","item":"https:\/\/www.alternatievemiddelen.nl\/"},{"@type":"ListItem","position":2,"name":"Producten","item":"https:\/\/www.alternatievemiddelen.nl\/producten\/"},{"@type":"ListItem","position":3,"name":"SIMPLY MORE Gezichtsreinigingsemulsie 150ml"}]},{"@type":"WebSite","@id":"https:\/\/www.alternatievemiddelen.nl\/#website","url":"https:\/\/www.alternatievemiddelen.nl\/","name":"Alternatievemiddelen.nl","description":"Webshop met gezonde, duurzame en ecologische alternatieve mogelijkheden in de hedendaagse levenstijl. Alles uit eigen ervaring.","publisher":{"@id":"https:\/\/www.alternatievemiddelen.nl\/#organization"},"potentialAction":[{"@type":"SearchAction","target":{"@type":"EntryPoint","urlTemplate":"https:\/\/www.alternatievemiddelen.nl\/?s={search_term_string}"},"query-input":{"@type":"PropertyValueSpecification","valueRequired":true,"valueName":"search_term_string"}}],"inLanguage":"es"},{"@type":"Organization","@id":"https:\/\/www.alternatievemiddelen.nl\/#organization","name":"Alternatievemiddelen.nl","url":"https:\/\/www.alternatievemiddelen.nl\/","logo":{"@type":"ImageObject","inLanguage":"es","@id":"https:\/\/www.alternatievemiddelen.nl\/#\/schema\/logo\/image\/","url":"https:\/\/www.alternatievemiddelen.nl\/wp-content\/uploads\/2023\/10\/alternatievemiddelen-PNG-logo.png","contentUrl":"https:\/\/www.alternatievemiddelen.nl\/wp-content\/uploads\/2023\/10\/alternatievemiddelen-PNG-logo.png","width":6400,"height":3062,"caption":"Alternatievemiddelen.nl"},"image":{"@id":"https:\/\/www.alternatievemiddelen.nl\/#\/schema\/logo\/image\/"}}]}},"_links":{"self":[{"href":"https:\/\/www.alternatievemiddelen.nl\/es\/wp-json\/wp\/v2\/product\/48400","targetHints":{"allow":["GET"]}}],"collection":[{"href":"https:\/\/www.alternatievemiddelen.nl\/es\/wp-json\/wp\/v2\/product"}],"about":[{"href":"https:\/\/www.alternatievemiddelen.nl\/es\/wp-json\/wp\/v2\/types\/product"}],"replies":[{"embeddable":true,"href":"https:\/\/www.alternatievemiddelen.nl\/es\/wp-json\/wp\/v2\/comments?post=48400"}],"wp:featuredmedia":[{"embeddable":true,"href":"https:\/\/www.alternatievemiddelen.nl\/es\/wp-json\/wp\/v2\/media\/48407"}],"wp:attachment":[{"href":"https:\/\/www.alternatievemiddelen.nl\/es\/wp-json\/wp\/v2\/media?parent=48400"}],"wp:term":[{"taxonomy":"product_brand","embeddable":true,"href":"https:\/\/www.alternatievemiddelen.nl\/es\/wp-json\/wp\/v2\/product_brand?post=48400"},{"taxonomy":"product_cat","embeddable":true,"href":"https:\/\/www.alternatievemiddelen.nl\/es\/wp-json\/wp\/v2\/product_cat?post=48400"},{"taxonomy":"product_tag","embeddable":true,"href":"https:\/\/www.alternatievemiddelen.nl\/es\/wp-json\/wp\/v2\/product_tag?post=48400"},{"taxonomy":"merk","embeddable":true,"href":"https:\/\/www.alternatievemiddelen.nl\/es\/wp-json\/wp\/v2\/merk?post=48400"}],"curies":[{"name":"wp","href":"https:\/\/api.w.org\/{rel}","templated":true}]}}