{"id":48413,"date":"2025-07-06T08:34:12","date_gmt":"2025-07-06T06:34:12","guid":{"rendered":"https:\/\/www.alternatievemiddelen.nl\/?post_type=product&#038;p=48413"},"modified":"2025-12-15T10:22:26","modified_gmt":"2025-12-15T09:22:26","slug":"simply-more-hydraterende-gezichtscreme","status":"publish","type":"product","link":"https:\/\/www.alternatievemiddelen.nl\/es\/productos\/crema-facial-simplemente-mas-hidratante\/","title":{"rendered":"SIMPLY MORE Crema facial hidratante 50ml"},"content":{"rendered":"<p>Crema facial hidratante SIMPLY MORE - 100% natural <b>crema facial<\/b>Hecho de <b>10 ingredientes<\/b>. Un dermocosm\u00e9tico superventas que dar\u00e1 a su piel un efecto instant\u00e1neo <b>alivio y ultrahidrataci\u00f3n<\/b> ofrece. Esta crema facial ultrahidratante:<\/p>\n<ul>\n<li>tiene un <b>ligero, inodoro<\/b> coherencia,<\/li>\n<li>tarde <b>no fat movie<\/b> detr\u00e1s,<\/li>\n<li><b>se absorbe r\u00e1pidamente<\/b> (funciona perfectamente bajo el maquillaje),<\/li>\n<li>es ideal para <b>piel sensible<\/b> y las personas con <b>tendencia a las alergias<\/b>.<\/li>\n<\/ul>\n<p><img decoding=\"async\" src=\"\/wp-content\/uploads\/2025\/07\/SIMPLY-MORE-keurmerken-300x78.jpg\" alt=\"Etiquetas SIMPLY MORE\" width=\"300\" height=\"78\" class=\"size-medium wp-image-48623\" srcset=\"https:\/\/www.alternatievemiddelen.nl\/wp-content\/uploads\/2025\/07\/SIMPLY-MORE-keurmerken-300x78.jpg 300w, https:\/\/www.alternatievemiddelen.nl\/wp-content\/uploads\/2025\/07\/SIMPLY-MORE-keurmerken-18x5.jpg 18w, https:\/\/www.alternatievemiddelen.nl\/wp-content\/uploads\/2025\/07\/SIMPLY-MORE-keurmerken.jpg 441w\" sizes=\"(max-width: 300px) 100vw, 300px\" \/><br \/>\n&nbsp;<\/p>\n<h3>\u00bfQU\u00c9 HACE LA CREMA FACIAL SIMPLEMENTE M\u00c1S HIDRATANTE?<\/h3>\n<p><b><u>ATENCI\u00d3N INTEGRAL:<\/b><\/u><\/p>\n<p>\u2714 Hidrata y nutre<br \/>\n\u2714 Calma la piel<br \/>\n\u2714 Evita las impurezas<\/p>\n<p>Se han asegurado de que esta Crema Facial Hidratante SIMPLY MORE aporte a la piel un complejo de ingredientes esenciales para su equilibrio diario y una luminosidad saludable, sin apelmazar la piel.<br \/>\n&nbsp;<\/p>\n<h3>\u00bfQU\u00c9 HACE QUE ESTE PRODUCTO SEA \u00daNICO?<\/h3>\n<ul>\n<li>S\u00f3lo <b>10 ingredientes certificados<\/b><\/li>\n<li><b>100% origen natural<\/b> (ni 98%, ni 99% - \u00a1en realidad 100%!)<\/li>\n<li>Sin perfume<\/li>\n<li>Perfecto para un <b>pieles sensibles, propensas al acn\u00e9 y a las alergias<\/b><\/li>\n<li><b>Efecto calmante inmediato<\/b><\/li>\n<li>Ligero, pero <b>potente f\u00f3rmula hidratante<\/b><\/li>\n<li>Recoge r\u00e1pidamente (<b>ideal bajo maquillaje<\/b>)<\/li>\n<\/ul>\n<p>&nbsp;<\/p>\n<h3>\u00bfPARA QUI\u00c9N?<\/h3>\n<p>Esta crema es adecuada para:<\/p>\n<ul>\n<li>Pieles secas, mixtas y grasas<\/li>\n<li>Pieles sensibles y al\u00e9rgicas<\/li>\n<li>Piel con impurezas y acn\u00e9<\/li>\n<li>Una barrera cut\u00e1nea da\u00f1ada<\/li>\n<\/ul>\n<p>&nbsp;<br \/>\nPerfecto despu\u00e9s de tratamientos cosm\u00e9ticos: <b>alivia, reduce las rojeces y no obstruye los poros<\/b>.<\/p>\n<p>Seguro para mujeres embarazadas y lactantes.<br \/>\n&nbsp;<\/p>\n<h3>INGREDIENTES Y EXPLICACIONES<\/h3>\n<p><b>INCI<\/b>: Agua, aceite de semilla de Simmondsia Chinensis, pentilenglicol, alcohol cetear\u00edlico, escualeno, aceite de moringa\/\u00e9steres hidrogenados de aceite de moringa, cetearil gluc\u00f3sido, extracto de hoja de Embelia Concinna, tocoferol, glicerina.<\/p>\n<p><b>AGUA<\/b> - En definitiva, el 60% de nuestro cuerpo est\u00e1 formado por agua.<br \/>\n<b>ACEITE DE JOJOBA (aceite de semilla de Simmondsia Chinensis)<\/b> - Gracias a su alta compatibilidad biol\u00f3gica, refuerza la capa de cemento intercelular. Su estructura se asemeja mucho a la del propio sebo de la piel, regulando eficazmente la producci\u00f3n de sebo. Rico en vitaminas A, E, F y fitoesteroles.<br \/>\nFunci\u00f3n: regulaci\u00f3n del sebo | mantenimiento de los niveles adecuados de pH | acci\u00f3n antibacteriana<br \/>\n<b>GLICOL DE PENTILO<\/b> - Humectante de origen natural, sustancia que retiene el agua en la piel. Se obtiene de la ca\u00f1a de az\u00facar. Proporciona una piel suave como la seda y aumenta la eficacia de otros ingredientes. Funci\u00f3n: acci\u00f3n antimicrobiana | calmante<br \/>\n<b>ALCOHOL CETEAR\u00cdLICO<\/b> - no todo el alcohol es malo. \u00c9ste es uno de los buenos. Emulsionante natural derivado del aceite de coco. Proporciona la consistencia ligera de nuestra crema.<br \/>\nFunci\u00f3n: forma una capa protectora sobre la piel | altamente hidratante<br \/>\n<b>ESCUALANO (Squalane)<\/b> - aceite obtenido del aceite de oliva. \u00danico porque se encuentra de forma natural en nuestro sebo, la capa grasa protectora de la piel. Refuerza la barrera hidrolip\u00eddica y evita la p\u00e9rdida de humedad. Act\u00faa como antioxidante, al igual que las vitaminas C y D, y protege los l\u00edpidos de la oxidaci\u00f3n. Mejora la estructura de la barrera cut\u00e1nea y tiene propiedades antibacterianas.<br \/>\nFunci\u00f3n: antiinflamatorio | nutritivo | hidratante<br \/>\n<b>MANTECA DE MORINGA (aceite de moringa\/\u00e9steres hidrogenados del aceite de moringa)<\/b> - Derivado del \"\u00c1rbol de la Vida y de los Milagros\". Hidrata, suaviza y nutre intensamente. Contiene un alto contenido en \u00e1cido oleico, que imita los \u00e1cidos grasos de la piel.<br \/>\nFunci\u00f3n: restaurar la barrera cut\u00e1nea | ultrahidratar | calmar | iluminar | suavizar la piel<br \/>\n<b>CETEARIL GLUC\u00d3SIDO<\/b> - Emulsionante a base de glucosa y aceite de coco. Combina aceites naturales con agua para crear una emulsi\u00f3n. Mejora la consistencia y proporciona una agradable sensaci\u00f3n en la piel.<br \/>\nFunci\u00f3n: nutritiva | previene la deshidrataci\u00f3n<br \/>\n<b>EMBELIA (Extracto de hoja de Embelia Concinna)<\/b> - Extracto de una planta de Madagascar, conocida como el \"abrazo de la selva\". Tiene un fuerte efecto regenerador y calmante. Rico en flavonoides que mejoran la microcirculaci\u00f3n y favorecen la actividad enzim\u00e1tica, ralentizando el proceso de envejecimiento cut\u00e1neo.<br \/>\nFunci\u00f3n: reducir las rojeces | calmar las irritaciones<br \/>\n<b>TOCOFEROL<\/b> - simplemente vitamina E, tambi\u00e9n conocida como la vitamina de la juventud. Es un potente antioxidante que previene la oxidaci\u00f3n de los l\u00edpidos de la epidermis y la dermis. Penetra en las membranas celulares y en la capa de cemento intercelular, reforzando la barrera cut\u00e1nea y protegiendo contra la p\u00e9rdida de humedad.<br \/>\nFunci\u00f3n: retrasar el envejecimiento de la piel | aumentar la elasticidad<br \/>\n<b>GLICERINA<\/b> - tiene un amplio efecto acondicionador y es un excelente humectante. Funci\u00f3n: Ayuda a que otros ingredientes penetren mejor en la piel.<br \/>\n&nbsp;<\/p>\n<h3>\u00bfC\u00d3MO UTILIZAR LA CREMA FACIAL SIMPLEMENTE M\u00c1S HIDRATANTE?<\/h3>\n<p><b>Aplique una capa fina<\/b> sobre la piel limpia por la ma\u00f1ana (tambi\u00e9n como base de maquillaje) y por la noche.<\/p>\n<p><b>Uso muy econ\u00f3mico<\/b> - Una bomba es suficiente para la cara y el cuello.<\/p>\n<p><b>Tambi\u00e9n puede utilizarse en el contorno de los ojos y los p\u00e1rpados.<\/b><br \/>\n&nbsp;<\/p>\n<h3>EMBALAJE<\/h3>\n<p>Contenido: 50 ml<\/p>\n<p>El envase airless es <b>altamente higi\u00e9nico<\/b> (acceso limitado al ox\u00edgeno y a las bacterias), <b>c\u00f3modo y pr\u00e1ctico<\/b> (Puede utilizar la crema hasta el \u00faltimo bombeo).<\/p>\n<p>Envase airless fabricado en Alemania. La bomba no contiene resorte, por lo que el envase es totalmente reciclable.<\/p>\n<p>Etiqueta impresa en material reciclable.<\/p>","protected":false},"excerpt":{"rendered":"<p>Crema facial hidratante SIMPLY MORE - 100% natural y elaborada a partir de 10 ingredientes. Proporciona a tu piel un alivio instant\u00e1neo y ultrahidrataci\u00f3n. <\/p>\n<p>Aproveche los descuentos por cantidad o fije <a href=\"https:\/\/www.alternatievemiddelen.nl\/es\/productos\/set-de-regalo-simply-more-skincare\/\">aqu\u00ed<\/a> componer su propio conjunto de productos SIMPLY MORE y beneficiarse tambi\u00e9n de descuentos.<\/p>","protected":false},"featured_media":48420,"comment_status":"open","ping_status":"closed","template":"","meta":[],"product_brand":[],"product_cat":[2945,3730],"product_tag":[3736,3735,3739,3737,3732,3738],"merk":[3729],"class_list":{"0":"post-48413","1":"product","2":"type-product","3":"status-publish","4":"has-post-thumbnail","6":"product_cat-natuurlijke-verzorging","7":"product_cat-simply-more-huidverzorging","8":"product_tag-100-natuurlijk","9":"product_tag-huidverzorging","10":"product_tag-hydraterende-gezichtscreme","11":"product_tag-natuurlijke-ingredienten","12":"product_tag-simply-more","13":"product_tag-simply-more-hydraterende-gezichtscreme","14":"merk-simply-more","16":"first","17":"instock","18":"taxable","19":"shipping-taxable","20":"purchasable","21":"product-type-simple"},"bundled_by":["48629"],"bundle_stock_status":"instock","bundle_stock_quantity":null,"bundle_virtual":false,"bundle_layout":"","bundle_add_to_cart_form_location":"","bundle_editable_in_cart":false,"bundle_sold_individually_context":"","bundle_item_grouping":"","bundle_min_size":"","bundle_max_size":"","bundle_price":[],"bundled_items":[],"bundle_sell_ids":[44176,48426,48400,48421,48434],"yoast_head":"<!-- This site is optimized with the Yoast SEO plugin v26.1 - https:\/\/yoast.com\/wordpress\/plugins\/seo\/ -->\n<title>SIMPLY MORE Hydraterende gezichtscr\u00e8me 50ml - Alternatievemiddelen.nl<\/title>\n<meta name=\"description\" content=\"SIMPLY MORE Hydraterende gezichtscr\u00e8me - 100% natuurlijk en gemaakt van 10 ingredi\u00ebnten. Geeft jouw huid direct verlichting en ultra-hydratatie.\" \/>\n<meta name=\"robots\" content=\"index, follow, max-snippet:-1, max-image-preview:large, max-video-preview:-1\" \/>\n<link rel=\"canonical\" href=\"https:\/\/www.alternatievemiddelen.nl\/es\/wp-json\/wp\/v2\/product\/48413\" \/>\n<meta property=\"og:locale\" content=\"es_ES\" \/>\n<meta property=\"og:type\" content=\"article\" \/>\n<meta property=\"og:title\" content=\"SIMPLY MORE Hydraterende gezichtscr\u00e8me 50ml - Alternatievemiddelen.nl\" \/>\n<meta property=\"og:description\" content=\"SIMPLY MORE Hydraterende gezichtscr\u00e8me - 100% natuurlijk en gemaakt van 10 ingredi\u00ebnten. Geeft jouw huid direct verlichting en ultra-hydratatie.\" \/>\n<meta property=\"og:url\" content=\"https:\/\/www.alternatievemiddelen.nl\/es\/productos\/crema-facial-simplemente-mas-hidratante\/\" \/>\n<meta property=\"og:site_name\" content=\"Alternatievemiddelen.nl\" \/>\n<meta property=\"article:modified_time\" content=\"2025-12-15T09:22:26+00:00\" \/>\n<meta property=\"og:image\" content=\"\/wp-content\/uploads\/2025\/07\/SIMPLY-MORE-Hydraterende-gezichtscreme.jpg\" \/>\n\t<meta property=\"og:image:width\" content=\"600\" \/>\n\t<meta property=\"og:image:height\" content=\"800\" \/>\n\t<meta property=\"og:image:type\" content=\"image\/jpeg\" \/>\n<meta name=\"twitter:card\" content=\"summary_large_image\" \/>\n<meta name=\"twitter:label1\" content=\"Tiempo de lectura\" \/>\n\t<meta name=\"twitter:data1\" content=\"4 minutos\" \/>\n<script type=\"application\/ld+json\" class=\"yoast-schema-graph\">{\"@context\":\"https:\/\/schema.org\",\"@graph\":[{\"@type\":[\"WebPage\",\"ItemPage\"],\"@id\":\"https:\/\/www.alternatievemiddelen.nl\/producten\/simply-more-hydraterende-gezichtscreme\/\",\"url\":\"https:\/\/www.alternatievemiddelen.nl\/producten\/simply-more-hydraterende-gezichtscreme\/\",\"name\":\"SIMPLY MORE Hydraterende gezichtscr\u00e8me 50ml - Alternatievemiddelen.nl\",\"isPartOf\":{\"@id\":\"https:\/\/www.alternatievemiddelen.nl\/#website\"},\"primaryImageOfPage\":{\"@id\":\"https:\/\/www.alternatievemiddelen.nl\/producten\/simply-more-hydraterende-gezichtscreme\/#primaryimage\"},\"image\":{\"@id\":\"https:\/\/www.alternatievemiddelen.nl\/producten\/simply-more-hydraterende-gezichtscreme\/#primaryimage\"},\"thumbnailUrl\":\"https:\/\/www.alternatievemiddelen.nl\/wp-content\/uploads\/2025\/07\/SIMPLY-MORE-Hydraterende-gezichtscreme.jpg\",\"datePublished\":\"2025-07-06T06:34:12+00:00\",\"dateModified\":\"2025-12-15T09:22:26+00:00\",\"description\":\"SIMPLY MORE Hydraterende gezichtscr\u00e8me - 100% natuurlijk en gemaakt van 10 ingredi\u00ebnten. Geeft jouw huid direct verlichting en ultra-hydratatie.\",\"breadcrumb\":{\"@id\":\"https:\/\/www.alternatievemiddelen.nl\/producten\/simply-more-hydraterende-gezichtscreme\/#breadcrumb\"},\"inLanguage\":\"es\",\"potentialAction\":[{\"@type\":\"ReadAction\",\"target\":[\"https:\/\/www.alternatievemiddelen.nl\/producten\/simply-more-hydraterende-gezichtscreme\/\"]}]},{\"@type\":\"ImageObject\",\"inLanguage\":\"es\",\"@id\":\"https:\/\/www.alternatievemiddelen.nl\/producten\/simply-more-hydraterende-gezichtscreme\/#primaryimage\",\"url\":\"https:\/\/www.alternatievemiddelen.nl\/wp-content\/uploads\/2025\/07\/SIMPLY-MORE-Hydraterende-gezichtscreme.jpg\",\"contentUrl\":\"https:\/\/www.alternatievemiddelen.nl\/wp-content\/uploads\/2025\/07\/SIMPLY-MORE-Hydraterende-gezichtscreme.jpg\",\"width\":600,\"height\":800,\"caption\":\"SIMPLY MORE Hydraterende gezichtscreme\"},{\"@type\":\"BreadcrumbList\",\"@id\":\"https:\/\/www.alternatievemiddelen.nl\/producten\/simply-more-hydraterende-gezichtscreme\/#breadcrumb\",\"itemListElement\":[{\"@type\":\"ListItem\",\"position\":1,\"name\":\"Home\",\"item\":\"https:\/\/www.alternatievemiddelen.nl\/\"},{\"@type\":\"ListItem\",\"position\":2,\"name\":\"Producten\",\"item\":\"https:\/\/www.alternatievemiddelen.nl\/producten\/\"},{\"@type\":\"ListItem\",\"position\":3,\"name\":\"SIMPLY MORE Hydraterende gezichtscr\u00e8me 50ml\"}]},{\"@type\":\"WebSite\",\"@id\":\"https:\/\/www.alternatievemiddelen.nl\/#website\",\"url\":\"https:\/\/www.alternatievemiddelen.nl\/\",\"name\":\"Alternatievemiddelen.nl\",\"description\":\"Webshop met gezonde, duurzame en ecologische alternatieve mogelijkheden in de hedendaagse levenstijl. Alles uit eigen ervaring.\",\"publisher\":{\"@id\":\"https:\/\/www.alternatievemiddelen.nl\/#organization\"},\"potentialAction\":[{\"@type\":\"SearchAction\",\"target\":{\"@type\":\"EntryPoint\",\"urlTemplate\":\"https:\/\/www.alternatievemiddelen.nl\/?s={search_term_string}\"},\"query-input\":{\"@type\":\"PropertyValueSpecification\",\"valueRequired\":true,\"valueName\":\"search_term_string\"}}],\"inLanguage\":\"es\"},{\"@type\":\"Organization\",\"@id\":\"https:\/\/www.alternatievemiddelen.nl\/#organization\",\"name\":\"Alternatievemiddelen.nl\",\"url\":\"https:\/\/www.alternatievemiddelen.nl\/\",\"logo\":{\"@type\":\"ImageObject\",\"inLanguage\":\"es\",\"@id\":\"https:\/\/www.alternatievemiddelen.nl\/#\/schema\/logo\/image\/\",\"url\":\"https:\/\/www.alternatievemiddelen.nl\/wp-content\/uploads\/2023\/10\/alternatievemiddelen-PNG-logo.png\",\"contentUrl\":\"https:\/\/www.alternatievemiddelen.nl\/wp-content\/uploads\/2023\/10\/alternatievemiddelen-PNG-logo.png\",\"width\":6400,\"height\":3062,\"caption\":\"Alternatievemiddelen.nl\"},\"image\":{\"@id\":\"https:\/\/www.alternatievemiddelen.nl\/#\/schema\/logo\/image\/\"}}]}<\/script>\n<!-- \/ Yoast SEO plugin. -->","yoast_head_json":{"title":"SIMPLY MORE Hydraterende gezichtscr\u00e8me 50ml - Alternatievemiddelen.nl","description":"SIMPLY MORE Hydraterende gezichtscr\u00e8me - 100% natuurlijk en gemaakt van 10 ingredi\u00ebnten. Geeft jouw huid direct verlichting en ultra-hydratatie.","robots":{"index":"index","follow":"follow","max-snippet":"max-snippet:-1","max-image-preview":"max-image-preview:large","max-video-preview":"max-video-preview:-1"},"canonical":"https:\/\/www.alternatievemiddelen.nl\/es\/wp-json\/wp\/v2\/product\/48413","og_locale":"es_ES","og_type":"article","og_title":"SIMPLY MORE Hydraterende gezichtscr\u00e8me 50ml - Alternatievemiddelen.nl","og_description":"SIMPLY MORE Hydraterende gezichtscr\u00e8me - 100% natuurlijk en gemaakt van 10 ingredi\u00ebnten. Geeft jouw huid direct verlichting en ultra-hydratatie.","og_url":"https:\/\/www.alternatievemiddelen.nl\/es\/productos\/crema-facial-simplemente-mas-hidratante\/","og_site_name":"Alternatievemiddelen.nl","article_modified_time":"2025-12-15T09:22:26+00:00","og_image":[{"width":600,"height":800,"url":"\/wp-content\/uploads\/2025\/07\/SIMPLY-MORE-Hydraterende-gezichtscreme.jpg","type":"image\/jpeg"}],"twitter_card":"summary_large_image","twitter_misc":{"Tiempo de lectura":"4 minutos"},"schema":{"@context":"https:\/\/schema.org","@graph":[{"@type":["WebPage","ItemPage"],"@id":"https:\/\/www.alternatievemiddelen.nl\/producten\/simply-more-hydraterende-gezichtscreme\/","url":"https:\/\/www.alternatievemiddelen.nl\/producten\/simply-more-hydraterende-gezichtscreme\/","name":"SIMPLY MORE Hydraterende gezichtscr\u00e8me 50ml - Alternatievemiddelen.nl","isPartOf":{"@id":"https:\/\/www.alternatievemiddelen.nl\/#website"},"primaryImageOfPage":{"@id":"https:\/\/www.alternatievemiddelen.nl\/producten\/simply-more-hydraterende-gezichtscreme\/#primaryimage"},"image":{"@id":"https:\/\/www.alternatievemiddelen.nl\/producten\/simply-more-hydraterende-gezichtscreme\/#primaryimage"},"thumbnailUrl":"https:\/\/www.alternatievemiddelen.nl\/wp-content\/uploads\/2025\/07\/SIMPLY-MORE-Hydraterende-gezichtscreme.jpg","datePublished":"2025-07-06T06:34:12+00:00","dateModified":"2025-12-15T09:22:26+00:00","description":"SIMPLY MORE Hydraterende gezichtscr\u00e8me - 100% natuurlijk en gemaakt van 10 ingredi\u00ebnten. Geeft jouw huid direct verlichting en ultra-hydratatie.","breadcrumb":{"@id":"https:\/\/www.alternatievemiddelen.nl\/producten\/simply-more-hydraterende-gezichtscreme\/#breadcrumb"},"inLanguage":"es","potentialAction":[{"@type":"ReadAction","target":["https:\/\/www.alternatievemiddelen.nl\/producten\/simply-more-hydraterende-gezichtscreme\/"]}]},{"@type":"ImageObject","inLanguage":"es","@id":"https:\/\/www.alternatievemiddelen.nl\/producten\/simply-more-hydraterende-gezichtscreme\/#primaryimage","url":"https:\/\/www.alternatievemiddelen.nl\/wp-content\/uploads\/2025\/07\/SIMPLY-MORE-Hydraterende-gezichtscreme.jpg","contentUrl":"https:\/\/www.alternatievemiddelen.nl\/wp-content\/uploads\/2025\/07\/SIMPLY-MORE-Hydraterende-gezichtscreme.jpg","width":600,"height":800,"caption":"SIMPLY MORE Hydraterende gezichtscreme"},{"@type":"BreadcrumbList","@id":"https:\/\/www.alternatievemiddelen.nl\/producten\/simply-more-hydraterende-gezichtscreme\/#breadcrumb","itemListElement":[{"@type":"ListItem","position":1,"name":"Home","item":"https:\/\/www.alternatievemiddelen.nl\/"},{"@type":"ListItem","position":2,"name":"Producten","item":"https:\/\/www.alternatievemiddelen.nl\/producten\/"},{"@type":"ListItem","position":3,"name":"SIMPLY MORE Hydraterende gezichtscr\u00e8me 50ml"}]},{"@type":"WebSite","@id":"https:\/\/www.alternatievemiddelen.nl\/#website","url":"https:\/\/www.alternatievemiddelen.nl\/","name":"Alternatievemiddelen.nl","description":"Webshop met gezonde, duurzame en ecologische alternatieve mogelijkheden in de hedendaagse levenstijl. Alles uit eigen ervaring.","publisher":{"@id":"https:\/\/www.alternatievemiddelen.nl\/#organization"},"potentialAction":[{"@type":"SearchAction","target":{"@type":"EntryPoint","urlTemplate":"https:\/\/www.alternatievemiddelen.nl\/?s={search_term_string}"},"query-input":{"@type":"PropertyValueSpecification","valueRequired":true,"valueName":"search_term_string"}}],"inLanguage":"es"},{"@type":"Organization","@id":"https:\/\/www.alternatievemiddelen.nl\/#organization","name":"Alternatievemiddelen.nl","url":"https:\/\/www.alternatievemiddelen.nl\/","logo":{"@type":"ImageObject","inLanguage":"es","@id":"https:\/\/www.alternatievemiddelen.nl\/#\/schema\/logo\/image\/","url":"https:\/\/www.alternatievemiddelen.nl\/wp-content\/uploads\/2023\/10\/alternatievemiddelen-PNG-logo.png","contentUrl":"https:\/\/www.alternatievemiddelen.nl\/wp-content\/uploads\/2023\/10\/alternatievemiddelen-PNG-logo.png","width":6400,"height":3062,"caption":"Alternatievemiddelen.nl"},"image":{"@id":"https:\/\/www.alternatievemiddelen.nl\/#\/schema\/logo\/image\/"}}]}},"_links":{"self":[{"href":"https:\/\/www.alternatievemiddelen.nl\/es\/wp-json\/wp\/v2\/product\/48413","targetHints":{"allow":["GET"]}}],"collection":[{"href":"https:\/\/www.alternatievemiddelen.nl\/es\/wp-json\/wp\/v2\/product"}],"about":[{"href":"https:\/\/www.alternatievemiddelen.nl\/es\/wp-json\/wp\/v2\/types\/product"}],"replies":[{"embeddable":true,"href":"https:\/\/www.alternatievemiddelen.nl\/es\/wp-json\/wp\/v2\/comments?post=48413"}],"wp:featuredmedia":[{"embeddable":true,"href":"https:\/\/www.alternatievemiddelen.nl\/es\/wp-json\/wp\/v2\/media\/48420"}],"wp:attachment":[{"href":"https:\/\/www.alternatievemiddelen.nl\/es\/wp-json\/wp\/v2\/media?parent=48413"}],"wp:term":[{"taxonomy":"product_brand","embeddable":true,"href":"https:\/\/www.alternatievemiddelen.nl\/es\/wp-json\/wp\/v2\/product_brand?post=48413"},{"taxonomy":"product_cat","embeddable":true,"href":"https:\/\/www.alternatievemiddelen.nl\/es\/wp-json\/wp\/v2\/product_cat?post=48413"},{"taxonomy":"product_tag","embeddable":true,"href":"https:\/\/www.alternatievemiddelen.nl\/es\/wp-json\/wp\/v2\/product_tag?post=48413"},{"taxonomy":"merk","embeddable":true,"href":"https:\/\/www.alternatievemiddelen.nl\/es\/wp-json\/wp\/v2\/merk?post=48413"}],"curies":[{"name":"wp","href":"https:\/\/api.w.org\/{rel}","templated":true}]}}