{"id":48434,"date":"2025-07-06T09:12:03","date_gmt":"2025-07-06T07:12:03","guid":{"rendered":"https:\/\/www.alternatievemiddelen.nl\/?post_type=product&#038;p=48434"},"modified":"2025-12-15T10:23:27","modified_gmt":"2025-12-15T09:23:27","slug":"simply-more-zombie-serum-anti-aging-serum","status":"publish","type":"product","link":"https:\/\/www.alternatievemiddelen.nl\/es\/productos\/simply-more-zombie-serum-suero-antienvejecimiento\/","title":{"rendered":"SIMPLY MORE Zombie Serum (suero antiedad) 30ml"},"content":{"rendered":"<p>SIMPLY MORE Zombie Serum - un suero facial revolucionario con un ingrediente innovador que elimina las c\u00e9lulas envejecidas de la epidermis, llamado <b>\"c\u00e9lulas \"zombi<\/b>. Se trata de c\u00e9lulas que ya no son capaces de dividirse y regenerarse y que pueden causar inflamaci\u00f3n y acelerar el proceso de envejecimiento de la piel.<\/p>\n<p>El suero ralentiza el proceso de envejecimiento y reduce los signos de fatiga cut\u00e1nea. Proporciona a la piel un <b>efecto de relleno<\/b> y deja la piel <b>refresca<\/b> y <b>equipado<\/b> detr\u00e1s. Adem\u00e1s, reduce las rojeces y favorece los procesos regenerativos y protectores.<\/p>\n<p>SIMPLEMENTE M\u00c1S <b>Suero Zombie<\/b> es un <b>100% suero emulsionado natural<\/b> con un <b>envolvente<\/b> consistencia. Contiene:<\/p>\n<ul>\n<li><b>Extracto de rosa de los Alpes suizos<\/b> - un extracto innovador que <b>\"c\u00e9lulas \"zombi<\/b> elimina y rejuvenece las capas profundas de la epidermis,<\/li>\n<li><b>Ectoine<\/b> - protege la piel de los factores externos y favorece los procesos regenerativos,<\/li>\n<li><b>Extracto de seta de las nieves<\/b> - un equivalente natural de <b>\u00e1cido hialur\u00f3nico<\/b>que hidrata y suaviza la piel,<\/li>\n<li><b>Inositol<\/b> - uno <b>reciclado<\/b> Materia prima procedente de Finlandia, elaborada durante el procesado de la remolacha, que ayuda a combatir los s\u00edntomas de fatiga cut\u00e1nea y mejora la elasticidad de la piel.<\/li>\n<\/ul>\n<p><img decoding=\"async\" src=\"\/wp-content\/uploads\/2025\/07\/SIMPLY-MORE-keurmerken-300x78.jpg\" alt=\"Etiquetas SIMPLY MORE\" width=\"300\" height=\"78\" class=\"size-medium wp-image-48623\" srcset=\"https:\/\/www.alternatievemiddelen.nl\/wp-content\/uploads\/2025\/07\/SIMPLY-MORE-keurmerken-300x78.jpg 300w, https:\/\/www.alternatievemiddelen.nl\/wp-content\/uploads\/2025\/07\/SIMPLY-MORE-keurmerken-18x5.jpg 18w, https:\/\/www.alternatievemiddelen.nl\/wp-content\/uploads\/2025\/07\/SIMPLY-MORE-keurmerken.jpg 441w\" sizes=\"(max-width: 300px) 100vw, 300px\" \/><br \/>\n&nbsp;<\/p>\n<h3>\u00bfQU\u00c9 HACE EL SUERO SIMPLEMENTE M\u00c1S ZOMBI?<\/h3>\n<p><b><u>REJUVENECIMIENTO VISIBLE DE FORMA SUAVE:<\/b><\/u><\/p>\n<p>1. Elimina las c\u00e9lulas \"zombis \"* de la epidermis, dejando la piel m\u00e1s joven, m\u00e1s rellena y m\u00e1s descansada.<br \/>\n2. Reafirma e ilumina la piel gracias a su contenido en extracto de hongo de las nieves (un equivalente natural del \u00e1cido hialur\u00f3nico)<br \/>\n3. Protege y salvaguarda la piel frente a factores externos y favorece los procesos de regeneraci\u00f3n gracias a su contenido en ecto\u00edna.<br \/>\nZombie Serum reafirma, hidrata y rellena visiblemente la piel incluso despu\u00e9s del primer uso. Estimula la regeneraci\u00f3n de la piel y tiene efectos antiedad a nivel celular. Proporciona a la piel un aspecto visiblemente m\u00e1s joven, terso y descansado despu\u00e9s de s\u00f3lo 4 semanas.<\/p>\n<p><i>* Las c\u00e9lulas \"zombi\" son c\u00e9lulas que ya no se dividen y pueden acelerar el proceso de envejecimiento de la piel y causar inflamaci\u00f3n.<\/i><br \/>\n&nbsp;<\/p>\n<h3>\u00bfQU\u00c9 HACE QUE ESTE PRODUCTO SEA \u00daNICO?<\/h3>\n<ul>\n<li><b>100% origen natural<\/b> (ni 98%, ni 99% - \u00a1en realidad 100%!)<\/li>\n<li><b>Coherencia<\/b>: \u00a1como una nube! Delicada y emulsionante, envuelve agradablemente la piel y se absorbe r\u00e1pidamente (no deja un efecto pegajoso ni pesado).<\/li>\n<li><b>Extracto innovador de rosa alpina<\/b> que elimina las c\u00e9lulas \"zombis\" envejecidas de la epidermis<\/li>\n<li><b>Proporciona a la piel un aspecto visiblemente m\u00e1s joven y descansado<\/b><\/li>\n<li><b>Sin olores<\/b> (adecuado para pieles propensas a las alergias)<\/li>\n<\/ul>\n<p>&nbsp;<\/p>\n<h3>\u00bfPARA QUI\u00c9N?<\/h3>\n<p>Este suero es adecuado para:<\/p>\n<ul>\n<li>Piel seca y muy seca<\/li>\n<li>Piel mixta<\/li>\n<li>Piel grasa<\/li>\n<li>Piel propensa a las alergias<\/li>\n<li>Piel problem\u00e1tica<\/li>\n<li>Piel con acn\u00e9<\/li>\n<li>Piel con dermatitis at\u00f3pica<\/li>\n<li>Piel con una barrera hidrolip\u00eddica da\u00f1ada<\/li>\n<\/ul>\n<p>&nbsp;<br \/>\n<b>Una \"inyecci\u00f3n\" antienvejecimiento perfecta para pieles cansadas y maduras.<\/b><\/p>\n<p>El producto ha sido probado en pieles sensibles y sensibles a las alergias.<\/p>\n<p>Seguro para mujeres embarazadas y lactantes.<br \/>\n&nbsp;<\/p>\n<h3>INGREDIENTES Y EXPLICACIONES<\/h3>\n<p><b>INCI<\/b>: Agua, glicol pentileno, estearato de poliglicerilo 6, oleato de laurilo, tripelargonina, escualeno, laurato de isoamilo, glicerina, ecto\u00edna, inositol, extracto de esporocarpo de Tremella fuciformis, extracto de Rhododendron ferrugineum, tocoferol, behenato de poliglicerilo 6, goma xantana, aceite de semilla de Helianthus annuus.<\/p>\n<p><b>Aqua<\/b> - agua; al fin y al cabo, estamos formados por 60% de agua.<br \/>\n<b>Pentilenglicol<\/b> - Humectante natural: sustancia que retiene el agua en la piel. Se obtiene de la ca\u00f1a de az\u00facar. Proporciona una piel aterciopelada y aumenta la eficacia de otros ingredientes. Acci\u00f3n: antimicrobiana, emoliente.<br \/>\n<b>Estearato de poliglicerilo-6<\/b> - Emulsionante natural de origen vegetal, o sustancia que forma una emulsi\u00f3n de suero. Se obtiene del aceite de colza y de los \u00e1cidos grasos del aceite de coco. Estabiliza la masa del suero y suaviza la piel.<br \/>\n<b>Oleato de laurilo<\/b> - Emoliente natural de origen vegetal de nueva generaci\u00f3n. Acci\u00f3n: suaviza y alisa la piel.<br \/>\n<b>Tripelargonina<\/b> - Un delicado emoliente procedente del cardo mariano. Hidrata y reduce las irritaciones. Tiene un efecto emoliente y mejora la elasticidad de la piel. Favorece la microbiota cut\u00e1nea.<br \/>\n<b>Escualeno<\/b> - Aceite obtenido a partir del aceite de oliva. \u00danico porque se encuentra de forma natural en nuestro sebo, la capa grasa protectora de la piel. Sella la barrera hidrolip\u00eddica y evita la p\u00e9rdida de agua. Como antioxidante, similar a las vitaminas C y D, impide que nuestros l\u00edpidos (c\u00e9lulas grasas) se oxiden. Efecto: mejora la estructura de la capa lip\u00eddica de la piel. Acci\u00f3n: antiinflamatoria, nutritiva, retiene el agua.<br \/>\n<b>Laurato de isoamilo<\/b> - Emoliente natural, hidratante y emoliente a base de semillas de trigo y aceite de coco. Crea un \"vendaje oclusivo\" o protege contra la p\u00e9rdida de agua de la epidermis. Fabricado en Alemania, y el proceso de fabricaci\u00f3n se 100% alimenta con energ\u00eda renovable.<br \/>\n<b>Glicerina<\/b> - Tiene una amplia gama de efectos de cuidado, es un excelente humectante. Facilita la absorci\u00f3n de otras sustancias en la piel.<br \/>\n<b>Ectoine<\/b> - Protege la piel de factores externos, al\u00e9rgenos y microorganismos y favorece los procesos de regeneraci\u00f3n.<br \/>\n<b>Inositol<\/b> - Materia prima reciclada procedente de Finlandia, creada durante el procesado de la remolacha. Ayuda a combatir los signos de fatiga cut\u00e1nea y mejora la elasticidad.<br \/>\n<b>Extracto de esporocarpo de Tremella fuciformis<\/b> - Extracto de hongo de las nieves. Equivalente natural del \u00e1cido hialur\u00f3nico, que posee una capacidad \u00fanica para retener el agua. Hidrata y suaviza la piel.<br \/>\n<b>Extracto de Rhododendron ferrugineum<\/b> - Extracto de rosa alpina. Innovador extracto de rosa alpina suiza. Elimina las c\u00e9lulas \"zombi\" envejecidas, ralentiza el proceso de envejecimiento y rejuvenece las capas m\u00e1s profundas de la epidermis.<br \/>\n<b>Tocoferol<\/b> - Simplemente vitamina E, o la vitamina de la juventud. Acci\u00f3n: retrasa el envejecimiento cut\u00e1neo, aumenta la elasticidad de la piel.<br \/>\n<b>Behenato de poliglicerilo-6<\/b> - Emulsionante natural de origen vegetal. Estabiliza la masa del suero e hidrata la piel.<br \/>\n<b>Goma xantana<\/b> - espesante de origen natural. Acci\u00f3n: hidratante y emoliente.<br \/>\n<b>Aceite de semilla de Helianthus Annuus<\/b> - Aceite de semillas de girasol. Hidrata y protege.<br \/>\n&nbsp;<\/p>\n<h3>\u00bfC\u00d3MO UTILIZAR EL SUERO SIMPLY MORE ZOMBIE?<\/h3>\n<p>Aplicar cada ma\u00f1ana y\/o noche <b>2-4 gotas<\/b> Aplicar el suero sobre la piel limpia del rostro, cuello y escote. Masajear suavemente con movimientos circulares. A continuaci\u00f3n, aplicar una crema hidratante.<\/p>\n<p>En el <b>rutina matutina<\/b> recomendamos utilizar el s\u00e9rum despu\u00e9s de lavar el rostro con la emulsi\u00f3n y aplicar a continuaci\u00f3n la crema hidratante Face Cream.<\/p>\n<p>En el <b>rutina nocturna<\/b> aplicar el s\u00e9rum despu\u00e9s de limpiar el rostro y completar el cuidado con la Crema Facial Rica regeneradora.<\/p>\n<p>Para obtener mejores resultados, <b>Utilizar durante al menos 4 semanas.<\/b><br \/>\n&nbsp;<\/p>\n<h3>EMBALAJE<\/h3>\n<p>Contenido: 30 ml<\/p>\n<p>El Suero Zombie SIMPLY MORE se presenta en un frasco de cristal con pipeta para <b>aplicaci\u00f3n precisa y segura<\/b>.<\/p>\n<ul>\n<li>El envase es totalmente reciclable<\/li>\n<li>La etiqueta est\u00e1 impresa en material reciclado<\/li>\n<li>La caja est\u00e1 fabricada en Polonia con papel certificado FSC\u00ae procedente de bosques gestionados de forma sostenible<\/li>\n<\/ul>","protected":false},"excerpt":{"rendered":"<p>SIMPLY MORE Zombie Serum es un suero facial revolucionario con un ingrediente que elimina las c\u00e9lulas envejecidas (c\u00e9lulas \"zombi\") de la epidermis.<\/p>\n<p>Aproveche los descuentos por cantidad o fije <a href=\"https:\/\/www.alternatievemiddelen.nl\/es\/productos\/set-de-regalo-simply-more-skincare\/\">aqu\u00ed<\/a> componer su propio conjunto de productos SIMPLY MORE y beneficiarse tambi\u00e9n de descuentos.<\/p>","protected":false},"featured_media":48441,"comment_status":"open","ping_status":"closed","template":"","meta":[],"product_brand":[],"product_cat":[2945,3730],"product_tag":[3736,3746,3735,3737,3732,3745,3748,3747],"merk":[3729],"class_list":{"0":"post-48434","1":"product","2":"type-product","3":"status-publish","4":"has-post-thumbnail","6":"product_cat-natuurlijke-verzorging","7":"product_cat-simply-more-huidverzorging","8":"product_tag-100-natuurlijk","9":"product_tag-anti-aging-serum","10":"product_tag-huidverzorging","11":"product_tag-natuurlijke-ingredienten","12":"product_tag-simply-more","13":"product_tag-simply-more-zombie-serum-anti-aging-serum","14":"product_tag-zombie-serum","15":"product_tag-zombie-serum-anti-aging-serum","16":"merk-simply-more","18":"first","19":"instock","20":"taxable","21":"shipping-taxable","22":"purchasable","23":"product-type-simple"},"bundled_by":["48629"],"bundle_stock_status":"instock","bundle_stock_quantity":null,"bundle_virtual":false,"bundle_layout":"","bundle_add_to_cart_form_location":"","bundle_editable_in_cart":false,"bundle_sold_individually_context":"","bundle_item_grouping":"","bundle_min_size":"","bundle_max_size":"","bundle_price":[],"bundled_items":[],"bundle_sell_ids":[44176,48413,48426,48400,48421],"yoast_head":"<!-- This site is optimized with the Yoast SEO plugin v26.1 - https:\/\/yoast.com\/wordpress\/plugins\/seo\/ -->\n<title>SIMPLY MORE Zombie Serum (anti-aging serum) 30ml - Alternatievemiddelen.nl<\/title>\n<meta name=\"description\" content=\"SIMPLY MORE Zombie Serum is een revolutionair gezichtserum met een ingredi\u00ebnt dat verouderende cellen (&quot;zombie&quot; cellen) uit de opperhuid verwijdert.\" \/>\n<meta name=\"robots\" content=\"index, follow, max-snippet:-1, max-image-preview:large, max-video-preview:-1\" \/>\n<link rel=\"canonical\" href=\"https:\/\/www.alternatievemiddelen.nl\/es\/wp-json\/wp\/v2\/product\/48434\" \/>\n<meta property=\"og:locale\" content=\"es_ES\" \/>\n<meta property=\"og:type\" content=\"article\" \/>\n<meta property=\"og:title\" content=\"SIMPLY MORE Zombie Serum (anti-aging serum) 30ml - Alternatievemiddelen.nl\" \/>\n<meta property=\"og:description\" content=\"SIMPLY MORE Zombie Serum is een revolutionair gezichtserum met een ingredi\u00ebnt dat verouderende cellen (&quot;zombie&quot; cellen) uit de opperhuid verwijdert.\" \/>\n<meta property=\"og:url\" content=\"https:\/\/www.alternatievemiddelen.nl\/es\/productos\/simply-more-zombie-serum-suero-antienvejecimiento\/\" \/>\n<meta property=\"og:site_name\" content=\"Alternatievemiddelen.nl\" \/>\n<meta property=\"article:modified_time\" content=\"2025-12-15T09:23:27+00:00\" \/>\n<meta property=\"og:image\" content=\"\/wp-content\/uploads\/2025\/07\/SIMPLY-MORE-Zombie-Serum-anti-aging-serum.jpg\" \/>\n\t<meta property=\"og:image:width\" content=\"600\" \/>\n\t<meta property=\"og:image:height\" content=\"800\" \/>\n\t<meta property=\"og:image:type\" content=\"image\/jpeg\" \/>\n<meta name=\"twitter:card\" content=\"summary_large_image\" \/>\n<meta name=\"twitter:label1\" content=\"Tiempo de lectura\" \/>\n\t<meta name=\"twitter:data1\" content=\"6 minutos\" \/>\n<script type=\"application\/ld+json\" class=\"yoast-schema-graph\">{\"@context\":\"https:\/\/schema.org\",\"@graph\":[{\"@type\":[\"WebPage\",\"ItemPage\"],\"@id\":\"https:\/\/www.alternatievemiddelen.nl\/producten\/simply-more-zombie-serum-anti-aging-serum\/\",\"url\":\"https:\/\/www.alternatievemiddelen.nl\/producten\/simply-more-zombie-serum-anti-aging-serum\/\",\"name\":\"SIMPLY MORE Zombie Serum (anti-aging serum) 30ml - Alternatievemiddelen.nl\",\"isPartOf\":{\"@id\":\"https:\/\/www.alternatievemiddelen.nl\/#website\"},\"primaryImageOfPage\":{\"@id\":\"https:\/\/www.alternatievemiddelen.nl\/producten\/simply-more-zombie-serum-anti-aging-serum\/#primaryimage\"},\"image\":{\"@id\":\"https:\/\/www.alternatievemiddelen.nl\/producten\/simply-more-zombie-serum-anti-aging-serum\/#primaryimage\"},\"thumbnailUrl\":\"https:\/\/www.alternatievemiddelen.nl\/wp-content\/uploads\/2025\/07\/SIMPLY-MORE-Zombie-Serum-anti-aging-serum.jpg\",\"datePublished\":\"2025-07-06T07:12:03+00:00\",\"dateModified\":\"2025-12-15T09:23:27+00:00\",\"description\":\"SIMPLY MORE Zombie Serum is een revolutionair gezichtserum met een ingredi\u00ebnt dat verouderende cellen (\\\"zombie\\\" cellen) uit de opperhuid verwijdert.\",\"breadcrumb\":{\"@id\":\"https:\/\/www.alternatievemiddelen.nl\/producten\/simply-more-zombie-serum-anti-aging-serum\/#breadcrumb\"},\"inLanguage\":\"es\",\"potentialAction\":[{\"@type\":\"ReadAction\",\"target\":[\"https:\/\/www.alternatievemiddelen.nl\/producten\/simply-more-zombie-serum-anti-aging-serum\/\"]}]},{\"@type\":\"ImageObject\",\"inLanguage\":\"es\",\"@id\":\"https:\/\/www.alternatievemiddelen.nl\/producten\/simply-more-zombie-serum-anti-aging-serum\/#primaryimage\",\"url\":\"https:\/\/www.alternatievemiddelen.nl\/wp-content\/uploads\/2025\/07\/SIMPLY-MORE-Zombie-Serum-anti-aging-serum.jpg\",\"contentUrl\":\"https:\/\/www.alternatievemiddelen.nl\/wp-content\/uploads\/2025\/07\/SIMPLY-MORE-Zombie-Serum-anti-aging-serum.jpg\",\"width\":600,\"height\":800,\"caption\":\"SIMPLY MORE Zombie Serum anti-aging serum\"},{\"@type\":\"BreadcrumbList\",\"@id\":\"https:\/\/www.alternatievemiddelen.nl\/producten\/simply-more-zombie-serum-anti-aging-serum\/#breadcrumb\",\"itemListElement\":[{\"@type\":\"ListItem\",\"position\":1,\"name\":\"Home\",\"item\":\"https:\/\/www.alternatievemiddelen.nl\/\"},{\"@type\":\"ListItem\",\"position\":2,\"name\":\"Producten\",\"item\":\"https:\/\/www.alternatievemiddelen.nl\/producten\/\"},{\"@type\":\"ListItem\",\"position\":3,\"name\":\"SIMPLY MORE Zombie Serum (anti-aging serum) 30ml\"}]},{\"@type\":\"WebSite\",\"@id\":\"https:\/\/www.alternatievemiddelen.nl\/#website\",\"url\":\"https:\/\/www.alternatievemiddelen.nl\/\",\"name\":\"Alternatievemiddelen.nl\",\"description\":\"Webshop met gezonde, duurzame en ecologische alternatieve mogelijkheden in de hedendaagse levenstijl. Alles uit eigen ervaring.\",\"publisher\":{\"@id\":\"https:\/\/www.alternatievemiddelen.nl\/#organization\"},\"potentialAction\":[{\"@type\":\"SearchAction\",\"target\":{\"@type\":\"EntryPoint\",\"urlTemplate\":\"https:\/\/www.alternatievemiddelen.nl\/?s={search_term_string}\"},\"query-input\":{\"@type\":\"PropertyValueSpecification\",\"valueRequired\":true,\"valueName\":\"search_term_string\"}}],\"inLanguage\":\"es\"},{\"@type\":\"Organization\",\"@id\":\"https:\/\/www.alternatievemiddelen.nl\/#organization\",\"name\":\"Alternatievemiddelen.nl\",\"url\":\"https:\/\/www.alternatievemiddelen.nl\/\",\"logo\":{\"@type\":\"ImageObject\",\"inLanguage\":\"es\",\"@id\":\"https:\/\/www.alternatievemiddelen.nl\/#\/schema\/logo\/image\/\",\"url\":\"https:\/\/www.alternatievemiddelen.nl\/wp-content\/uploads\/2023\/10\/alternatievemiddelen-PNG-logo.png\",\"contentUrl\":\"https:\/\/www.alternatievemiddelen.nl\/wp-content\/uploads\/2023\/10\/alternatievemiddelen-PNG-logo.png\",\"width\":6400,\"height\":3062,\"caption\":\"Alternatievemiddelen.nl\"},\"image\":{\"@id\":\"https:\/\/www.alternatievemiddelen.nl\/#\/schema\/logo\/image\/\"}}]}<\/script>\n<!-- \/ Yoast SEO plugin. -->","yoast_head_json":{"title":"SIMPLY MORE Zombie Serum (anti-aging serum) 30ml - Alternatievemiddelen.nl","description":"SIMPLY MORE Zombie Serum is een revolutionair gezichtserum met een ingredi\u00ebnt dat verouderende cellen (\"zombie\" cellen) uit de opperhuid verwijdert.","robots":{"index":"index","follow":"follow","max-snippet":"max-snippet:-1","max-image-preview":"max-image-preview:large","max-video-preview":"max-video-preview:-1"},"canonical":"https:\/\/www.alternatievemiddelen.nl\/es\/wp-json\/wp\/v2\/product\/48434","og_locale":"es_ES","og_type":"article","og_title":"SIMPLY MORE Zombie Serum (anti-aging serum) 30ml - Alternatievemiddelen.nl","og_description":"SIMPLY MORE Zombie Serum is een revolutionair gezichtserum met een ingredi\u00ebnt dat verouderende cellen (\"zombie\" cellen) uit de opperhuid verwijdert.","og_url":"https:\/\/www.alternatievemiddelen.nl\/es\/productos\/simply-more-zombie-serum-suero-antienvejecimiento\/","og_site_name":"Alternatievemiddelen.nl","article_modified_time":"2025-12-15T09:23:27+00:00","og_image":[{"width":600,"height":800,"url":"\/wp-content\/uploads\/2025\/07\/SIMPLY-MORE-Zombie-Serum-anti-aging-serum.jpg","type":"image\/jpeg"}],"twitter_card":"summary_large_image","twitter_misc":{"Tiempo de lectura":"6 minutos"},"schema":{"@context":"https:\/\/schema.org","@graph":[{"@type":["WebPage","ItemPage"],"@id":"https:\/\/www.alternatievemiddelen.nl\/producten\/simply-more-zombie-serum-anti-aging-serum\/","url":"https:\/\/www.alternatievemiddelen.nl\/producten\/simply-more-zombie-serum-anti-aging-serum\/","name":"SIMPLY MORE Zombie Serum (anti-aging serum) 30ml - Alternatievemiddelen.nl","isPartOf":{"@id":"https:\/\/www.alternatievemiddelen.nl\/#website"},"primaryImageOfPage":{"@id":"https:\/\/www.alternatievemiddelen.nl\/producten\/simply-more-zombie-serum-anti-aging-serum\/#primaryimage"},"image":{"@id":"https:\/\/www.alternatievemiddelen.nl\/producten\/simply-more-zombie-serum-anti-aging-serum\/#primaryimage"},"thumbnailUrl":"https:\/\/www.alternatievemiddelen.nl\/wp-content\/uploads\/2025\/07\/SIMPLY-MORE-Zombie-Serum-anti-aging-serum.jpg","datePublished":"2025-07-06T07:12:03+00:00","dateModified":"2025-12-15T09:23:27+00:00","description":"SIMPLY MORE Zombie Serum is een revolutionair gezichtserum met een ingredi\u00ebnt dat verouderende cellen (\"zombie\" cellen) uit de opperhuid verwijdert.","breadcrumb":{"@id":"https:\/\/www.alternatievemiddelen.nl\/producten\/simply-more-zombie-serum-anti-aging-serum\/#breadcrumb"},"inLanguage":"es","potentialAction":[{"@type":"ReadAction","target":["https:\/\/www.alternatievemiddelen.nl\/producten\/simply-more-zombie-serum-anti-aging-serum\/"]}]},{"@type":"ImageObject","inLanguage":"es","@id":"https:\/\/www.alternatievemiddelen.nl\/producten\/simply-more-zombie-serum-anti-aging-serum\/#primaryimage","url":"https:\/\/www.alternatievemiddelen.nl\/wp-content\/uploads\/2025\/07\/SIMPLY-MORE-Zombie-Serum-anti-aging-serum.jpg","contentUrl":"https:\/\/www.alternatievemiddelen.nl\/wp-content\/uploads\/2025\/07\/SIMPLY-MORE-Zombie-Serum-anti-aging-serum.jpg","width":600,"height":800,"caption":"SIMPLY MORE Zombie Serum anti-aging serum"},{"@type":"BreadcrumbList","@id":"https:\/\/www.alternatievemiddelen.nl\/producten\/simply-more-zombie-serum-anti-aging-serum\/#breadcrumb","itemListElement":[{"@type":"ListItem","position":1,"name":"Home","item":"https:\/\/www.alternatievemiddelen.nl\/"},{"@type":"ListItem","position":2,"name":"Producten","item":"https:\/\/www.alternatievemiddelen.nl\/producten\/"},{"@type":"ListItem","position":3,"name":"SIMPLY MORE Zombie Serum (anti-aging serum) 30ml"}]},{"@type":"WebSite","@id":"https:\/\/www.alternatievemiddelen.nl\/#website","url":"https:\/\/www.alternatievemiddelen.nl\/","name":"Alternatievemiddelen.nl","description":"Webshop met gezonde, duurzame en ecologische alternatieve mogelijkheden in de hedendaagse levenstijl. Alles uit eigen ervaring.","publisher":{"@id":"https:\/\/www.alternatievemiddelen.nl\/#organization"},"potentialAction":[{"@type":"SearchAction","target":{"@type":"EntryPoint","urlTemplate":"https:\/\/www.alternatievemiddelen.nl\/?s={search_term_string}"},"query-input":{"@type":"PropertyValueSpecification","valueRequired":true,"valueName":"search_term_string"}}],"inLanguage":"es"},{"@type":"Organization","@id":"https:\/\/www.alternatievemiddelen.nl\/#organization","name":"Alternatievemiddelen.nl","url":"https:\/\/www.alternatievemiddelen.nl\/","logo":{"@type":"ImageObject","inLanguage":"es","@id":"https:\/\/www.alternatievemiddelen.nl\/#\/schema\/logo\/image\/","url":"https:\/\/www.alternatievemiddelen.nl\/wp-content\/uploads\/2023\/10\/alternatievemiddelen-PNG-logo.png","contentUrl":"https:\/\/www.alternatievemiddelen.nl\/wp-content\/uploads\/2023\/10\/alternatievemiddelen-PNG-logo.png","width":6400,"height":3062,"caption":"Alternatievemiddelen.nl"},"image":{"@id":"https:\/\/www.alternatievemiddelen.nl\/#\/schema\/logo\/image\/"}}]}},"_links":{"self":[{"href":"https:\/\/www.alternatievemiddelen.nl\/es\/wp-json\/wp\/v2\/product\/48434","targetHints":{"allow":["GET"]}}],"collection":[{"href":"https:\/\/www.alternatievemiddelen.nl\/es\/wp-json\/wp\/v2\/product"}],"about":[{"href":"https:\/\/www.alternatievemiddelen.nl\/es\/wp-json\/wp\/v2\/types\/product"}],"replies":[{"embeddable":true,"href":"https:\/\/www.alternatievemiddelen.nl\/es\/wp-json\/wp\/v2\/comments?post=48434"}],"wp:featuredmedia":[{"embeddable":true,"href":"https:\/\/www.alternatievemiddelen.nl\/es\/wp-json\/wp\/v2\/media\/48441"}],"wp:attachment":[{"href":"https:\/\/www.alternatievemiddelen.nl\/es\/wp-json\/wp\/v2\/media?parent=48434"}],"wp:term":[{"taxonomy":"product_brand","embeddable":true,"href":"https:\/\/www.alternatievemiddelen.nl\/es\/wp-json\/wp\/v2\/product_brand?post=48434"},{"taxonomy":"product_cat","embeddable":true,"href":"https:\/\/www.alternatievemiddelen.nl\/es\/wp-json\/wp\/v2\/product_cat?post=48434"},{"taxonomy":"product_tag","embeddable":true,"href":"https:\/\/www.alternatievemiddelen.nl\/es\/wp-json\/wp\/v2\/product_tag?post=48434"},{"taxonomy":"merk","embeddable":true,"href":"https:\/\/www.alternatievemiddelen.nl\/es\/wp-json\/wp\/v2\/merk?post=48434"}],"curies":[{"name":"wp","href":"https:\/\/api.w.org\/{rel}","templated":true}]}}