{"id":48629,"date":"2025-08-09T08:45:53","date_gmt":"2025-08-09T06:45:53","guid":{"rendered":"https:\/\/www.alternatievemiddelen.nl\/?post_type=product&#038;p=48629"},"modified":"2025-12-15T10:25:03","modified_gmt":"2025-12-15T09:25:03","slug":"simply-more-huidverzorging-voordeelset","status":"publish","type":"product","link":"https:\/\/www.alternatievemiddelen.nl\/es\/productos\/set-de-regalo-simply-more-skincare\/","title":{"rendered":"Conjunto de gangas SIMPLY MORE Skincare - cree su propio paquete y reciba 10% (a partir de 2) o 15% (a partir de 4) de descuento"},"content":{"rendered":"<p>SIMPLY MORE Skincare set de regalo - SIMPLY MORE es una marca de cosm\u00e9ticos completamente diferente a todas las dem\u00e1s. Han ido un paso m\u00e1s all\u00e1 de la belleza limpia y han creado la belleza clara: hablan abiertamente y con transparencia sobre los ingredientes, las materias primas, sus efectos y sus or\u00edgenes. Es una marca de cosm\u00e9ticos que te anima a comprar menos. Por el bien de tu piel, pero tambi\u00e9n por nuestro planeta.<\/p>\n<p>No 99%, no 98%, sino productos para el cuidado de la piel con 100% ingredientes naturales procedentes de materias primas certificadas de la m\u00e1xima calidad.<br \/>\n&nbsp;<\/p>\n<h3>Benef\u00edciese de un descuento por paquete<\/h3>\n<p>Pida ahora un lote de productos para el cuidado de la piel SIMPLY MORE muy baratos. <b><u>A partir de 2 productos, obtendr\u00e1 10% de descuento, a partir de 4 productos incluso 15% de descuento.<\/u><\/b> Puedes combinar todos los productos y n\u00fameros SIMPLY MORE, \u00a1as\u00ed que elige lo que m\u00e1s te guste!<\/p>\n<p>Con el conjunto de prestaciones, puede elegir entre los siguientes productos:<br \/>\n- <a href=\"https:\/\/www.alternatievemiddelen.nl\/es\/productos\/simplemente-mas-balsamo-labial\/\">SIMPLY MORE B\u00e1lsamo labial 15ml<\/a><br \/>\n- <a href=\"https:\/\/www.alternatievemiddelen.nl\/es\/productos\/simplemente-mas-emulsion-limpiadora-facial\/\">SIMPLY MORE Emulsi\u00f3n limpiadora facial 150ml<\/a><br \/>\n- <a href=\"https:\/\/www.alternatievemiddelen.nl\/es\/productos\/crema-facial-simplemente-mas-hidratante\/\">SIMPLY MORE Crema facial hidratante 50ml<\/a><br \/>\n- <a href=\"https:\/\/www.alternatievemiddelen.nl\/es\/productos\/simply-more-zombie-serum-suero-antienvejecimiento\/\">SIMPLY MORE Zombie Serum (suero antiedad) 30ml<\/a><br \/>\n- <a href=\"https:\/\/www.alternatievemiddelen.nl\/es\/productos\/crema-facial-simplemente-mas-rica\/\">Crema facial enriquecida SIMPLY MORE 50ml<\/a><br \/>\n&nbsp;<\/p>\n<h3>Todos los productos del set de tratamiento SIMPLY MORE<\/h3>\n<p>A continuaci\u00f3n encontrar\u00e1 m\u00e1s informaci\u00f3n sobre cada uno de los productos SIMPLY MORE. Para obtener m\u00e1s informaci\u00f3n (ingredientes, aplicaci\u00f3n, etc.), consulte las p\u00e1ginas de los productos.<br \/>\n<img decoding=\"async\" class=\"size-medium wp-image-48623\" src=\"\/wp-content\/uploads\/2025\/07\/SIMPLY-MORE-keurmerken-300x78.jpg\" alt=\"Etiquetas SIMPLY MORE\" width=\"300\" height=\"78\" srcset=\"https:\/\/www.alternatievemiddelen.nl\/wp-content\/uploads\/2025\/07\/SIMPLY-MORE-keurmerken-300x78.jpg 300w, https:\/\/www.alternatievemiddelen.nl\/wp-content\/uploads\/2025\/07\/SIMPLY-MORE-keurmerken-18x5.jpg 18w, https:\/\/www.alternatievemiddelen.nl\/wp-content\/uploads\/2025\/07\/SIMPLY-MORE-keurmerken.jpg 441w\" sizes=\"(max-width: 300px) 100vw, 300px\" \/><br \/>\n&nbsp;<br \/>\n<a href=\"https:\/\/www.alternatievemiddelen.nl\/es\/productos\/simplemente-mas-balsamo-labial\/\"><\/p>\n<h4><b>SIMPLY MORE B\u00e1lsamo labial 15ml<\/b><\/h4>\n<p><\/a><br \/>\nSIMPLY MORE B\u00e1lsamo labial - <b>100% natural<\/b> b\u00e1lsamo labial que proporciona una larga e intensa <b>hidrataci\u00f3n<\/b> y <b>regeneraci\u00f3n<\/b> ofertas. Gracias a la <b>fue<\/b> y <b>mantequillas<\/b> el b\u00e1lsamo forma una capa protectora en la superficie de los labios, protegi\u00e9ndolos de las inclemencias del tiempo.<\/p>\n<p>El b\u00e1lsamo tiene un incre\u00edble <b>aplicaci\u00f3n agradable<\/b>Sin sensaci\u00f3n pegajosa. Permanece en los labios m\u00e1s tiempo que otros productos similares. Es <b>inodoro<\/b> y <b>hortera<\/b>por lo que es perfecto para <b>piel sensible<\/b>. Deja un sutil <b>brillo<\/b> detr\u00e1s en los labios.<\/p>\n<p>S\u00f3lo contiene <b>9 ingredientes<\/b>incluyendo:<\/p>\n<ul>\n<li><b>Cera de ar\u00e1ndanos<\/b> - nutre en profundidad<\/li>\n<li><b>Manteca de karit\u00e9<\/b> - protege contra factores externos<\/li>\n<li><b>Cera de carnauba<\/b> - suaviza los labios<\/li>\n<li><b>Escualeno<\/b> - proporciona una hidrataci\u00f3n duradera<\/li>\n<li><b>Vitamina E<\/b> - regenera<\/li>\n<\/ul>\n<p>&nbsp;<br \/>\n<a href=\"https:\/\/www.alternatievemiddelen.nl\/es\/productos\/simplemente-mas-emulsion-limpiadora-facial\/\"><\/p>\n<h4><b>SIMPLY MORE Emulsi\u00f3n limpiadora facial 150ml<\/b><\/h4>\n<p><\/a><br \/>\nSIMPLY MORE Emulsi\u00f3n limpiadora facial - 100% natural <b>emulsi\u00f3n limpiadora facial<\/b> hecho de <b>10 ingredientes<\/b>. <b>Limpieza<\/b> y <b>desmaquillado<\/b> en un solo cosm\u00e9tico. Nuestra delicada emulsi\u00f3n limpiadora:<\/p>\n<ul>\n<li>es <b>ultrasuave<\/b> y <b>inodoro<\/b>,<\/li>\n<li>tiene un <b>cremoso<\/b> y <b>lechoso<\/b> coherencia,<\/li>\n<li>Limpia en profundidad sin alterar la barrera hidrolip\u00eddica,<\/li>\n<li><b>hidrata<\/b> durante el lavado - deja la piel <b>aterciopelado<\/b> y <b>suavizar<\/b>,<\/li>\n<li><b>no desnudar<\/b> la piel,<\/li>\n<li>es perfecto para <b>piel sensible<\/b> y las personas propensas a las alergias,<\/li>\n<li>no perturba la naturaleza <b>pH<\/b> de la piel.<\/li>\n<\/ul>\n<p>&nbsp;<br \/>\n<a href=\"https:\/\/www.alternatievemiddelen.nl\/es\/productos\/crema-facial-simplemente-mas-hidratante\/\"><\/p>\n<h4><b>SIMPLY MORE Crema facial hidratante 50ml<\/b><\/h4>\n<p><\/a><br \/>\nCrema facial hidratante SIMPLY MORE - 100% natural <b>crema facial<\/b>Hecho de <b>10 ingredientes<\/b>. Un dermocosm\u00e9tico superventas que dar\u00e1 a su piel un efecto instant\u00e1neo <b>alivio y ultrahidrataci\u00f3n<\/b> ofrece. Esta crema facial ultrahidratante:<\/p>\n<ul>\n<li>tiene un <b>ligero, inodoro<\/b> coherencia,<\/li>\n<li>tarde <b>no fat movie<\/b> detr\u00e1s,<\/li>\n<li><b>se absorbe r\u00e1pidamente<\/b> (funciona perfectamente bajo el maquillaje),<\/li>\n<li>es ideal para <b>piel sensible<\/b> y las personas con <b>tendencia a las alergias<\/b>.<\/li>\n<\/ul>\n<p>&nbsp;<br \/>\n<a href=\"https:\/\/www.alternatievemiddelen.nl\/es\/productos\/simply-more-zombie-serum-suero-antienvejecimiento\/\"><\/p>\n<h4><b>SIMPLY MORE Zombie Serum (suero antiedad) 30ml<\/b><\/h4>\n<p><\/a><br \/>\nSIMPLY MORE Zombie Serum - un suero facial revolucionario con un ingrediente innovador que elimina las c\u00e9lulas envejecidas de la epidermis, llamado <b>\"c\u00e9lulas \"zombi<\/b>. Se trata de c\u00e9lulas que ya no son capaces de dividirse y regenerarse y que pueden causar inflamaci\u00f3n y acelerar el proceso de envejecimiento de la piel.<\/p>\n<p>El suero ralentiza el proceso de envejecimiento y reduce los signos de fatiga cut\u00e1nea. Proporciona a la piel un <b>efecto de relleno<\/b> y deja la piel <b>refresca<\/b> y <b>equipado<\/b> detr\u00e1s. Adem\u00e1s, reduce las rojeces y favorece los procesos regenerativos y protectores.<\/p>\n<p>SIMPLEMENTE M\u00c1S <b>Suero Zombie<\/b> es un <b>100% suero emulsionado natural<\/b> con un <b>envolvente<\/b> consistencia. Contiene:<\/p>\n<ul>\n<li><b>Extracto de rosa de los Alpes suizos<\/b> - un extracto innovador que <b>\"c\u00e9lulas \"zombi<\/b> elimina y rejuvenece las capas profundas de la epidermis,<\/li>\n<li><b>Ectoine<\/b> - protege la piel de los factores externos y favorece los procesos regenerativos,<\/li>\n<li><b>Extracto de seta de las nieves<\/b> - un equivalente natural de <b>\u00e1cido hialur\u00f3nico<\/b>que hidrata y suaviza la piel,<\/li>\n<li><b>Inositol<\/b> - uno <b>reciclado<\/b> Materia prima procedente de Finlandia, elaborada durante el procesado de la remolacha, que ayuda a combatir los s\u00edntomas de fatiga cut\u00e1nea y mejora la elasticidad de la piel.<\/li>\n<\/ul>\n<p>&nbsp;<br \/>\n<a href=\"https:\/\/www.alternatievemiddelen.nl\/es\/productos\/crema-facial-simplemente-mas-rica\/\"><\/p>\n<h4><b>Crema facial enriquecida SIMPLY MORE 50ml<\/b><\/h4>\n<p><\/a><br \/>\nSIMPLY MORE Rich Face Cream - es una crema para tareas especiales. Han a\u00f1adido un complejo de ceramidas y potenciado su acci\u00f3n con tres principios activos adicionales.<\/p>\n<p>Gracias a su f\u00f3rmula avanzada, su origen natural 100% y su innovadora combinaci\u00f3n de ingredientes activos, la crema restaura perfectamente la barrera hidrolip\u00eddica y regenera la piel desde el primer uso. Tambi\u00e9n reduce la aparici\u00f3n de l\u00edneas de expresi\u00f3n, haciendo que la piel parezca m\u00e1s joven y descansada.<\/p>\n<p><b>Crema facial enriquecida SIMPLY MORE<\/b> es un producto dermocosm\u00e9tico que incluye:<\/p>\n<p>\u2714 <b>Complejo de ceramidas<\/b> - restaura y regenera<br \/>\n\u2714 <b>Probi\u00f3ticos<\/b> - equilibrar la microflora<br \/>\n\u2714 <b>Extracto de algas rojas<\/b> - hidrata intensamente<br \/>\n\u2714 <b>Complejo de az\u00facar<\/b> - evita la p\u00e9rdida de humedad<\/p>","protected":false},"excerpt":{"rendered":"<p>Conjunto de gangas SIMPLY MORE Skincare: no 99%, ni 98%, sino productos para el cuidado de la piel con 100% ingredientes naturales. \u00a1Aprovecha el descuento del lote!<\/p>\n<p><b>Elija los productos y obtenga 10% (a partir de 2) o 15% (a partir de 4) de descuento:<br \/>\nEl descuento se aplicar\u00e1 en la cesta.<\/b><\/p>","protected":false},"featured_media":49477,"comment_status":"open","ping_status":"closed","template":"","meta":[],"product_brand":[],"product_cat":[2945,3730],"product_tag":[3734,3735,3739,3742,3744,3732,3733,3738,3741,3743,3745,3748,3747],"merk":[3729],"class_list":{"0":"post-48629","1":"product","2":"type-product","3":"status-publish","4":"has-post-thumbnail","6":"product_cat-natuurlijke-verzorging","7":"product_cat-simply-more-huidverzorging","8":"product_tag-gezichtsreinigingsemulsie","9":"product_tag-huidverzorging","10":"product_tag-hydraterende-gezichtscreme","11":"product_tag-lipbalsem","12":"product_tag-rich-face-cream","13":"product_tag-simply-more","14":"product_tag-simply-more-gezichtsreinigingsemulsie","15":"product_tag-simply-more-hydraterende-gezichtscreme","16":"product_tag-simply-more-lipbalsem","17":"product_tag-simply-more-rich-face-cream","18":"product_tag-simply-more-zombie-serum-anti-aging-serum","19":"product_tag-zombie-serum","20":"product_tag-zombie-serum-anti-aging-serum","21":"merk-simply-more","23":"first","24":"instock","25":"taxable","26":"shipping-taxable","27":"purchasable","28":"product-type-bundle"},"bundled_by":[],"bundle_stock_status":"instock","bundle_stock_quantity":"","bundle_virtual":false,"bundle_layout":"tabular","bundle_add_to_cart_form_location":"default","bundle_editable_in_cart":true,"bundle_sold_individually_context":"product","bundle_item_grouping":"parent","bundle_min_size":1,"bundle_max_size":"","bundle_price":{"price":{"min":{"incl_tax":"10.99","excl_tax":"9.08"},"max":{"incl_tax":"","excl_tax":""}},"regular_price":{"min":{"incl_tax":"10.99","excl_tax":"9.08"},"max":{"incl_tax":"","excl_tax":""}}},"bundled_items":[{"bundled_item_id":193,"product_id":48413,"menu_order":0,"quantity_min":0,"quantity_max":"","quantity_default":0,"priced_individually":true,"shipped_individually":false,"override_title":false,"title":"SIMPLY MORE Hydraterende gezichtscr\u00e8me 50ml","override_description":true,"description":"","optional":false,"hide_thumbnail":false,"discount":"","override_variations":false,"allowed_variations":[],"override_default_variation_attributes":false,"default_variation_attributes":[],"single_product_visibility":"visible","cart_visibility":"hidden","order_visibility":"visible","single_product_price_visibility":"visible","cart_price_visibility":"visible","order_price_visibility":"visible","stock_status":"in_stock"},{"bundled_item_id":194,"product_id":48426,"menu_order":1,"quantity_min":0,"quantity_max":"","quantity_default":0,"priced_individually":true,"shipped_individually":false,"override_title":false,"title":"SIMPLY MORE Rich Face Cream 50ml","override_description":true,"description":"","optional":false,"hide_thumbnail":false,"discount":"","override_variations":false,"allowed_variations":[],"override_default_variation_attributes":false,"default_variation_attributes":[],"single_product_visibility":"visible","cart_visibility":"hidden","order_visibility":"visible","single_product_price_visibility":"visible","cart_price_visibility":"visible","order_price_visibility":"visible","stock_status":"in_stock"},{"bundled_item_id":195,"product_id":48400,"menu_order":2,"quantity_min":0,"quantity_max":"","quantity_default":0,"priced_individually":true,"shipped_individually":false,"override_title":false,"title":"SIMPLY MORE Gezichtsreinigingsemulsie 150ml","override_description":true,"description":"","optional":false,"hide_thumbnail":false,"discount":"","override_variations":false,"allowed_variations":[],"override_default_variation_attributes":false,"default_variation_attributes":[],"single_product_visibility":"visible","cart_visibility":"hidden","order_visibility":"visible","single_product_price_visibility":"visible","cart_price_visibility":"visible","order_price_visibility":"visible","stock_status":"in_stock"},{"bundled_item_id":196,"product_id":48421,"menu_order":3,"quantity_min":0,"quantity_max":"","quantity_default":0,"priced_individually":true,"shipped_individually":false,"override_title":false,"title":"SIMPLY MORE Lipbalsem 15ml","override_description":true,"description":"","optional":false,"hide_thumbnail":false,"discount":"","override_variations":false,"allowed_variations":[],"override_default_variation_attributes":false,"default_variation_attributes":[],"single_product_visibility":"visible","cart_visibility":"hidden","order_visibility":"visible","single_product_price_visibility":"visible","cart_price_visibility":"visible","order_price_visibility":"visible","stock_status":"in_stock"},{"bundled_item_id":197,"product_id":48434,"menu_order":4,"quantity_min":0,"quantity_max":"","quantity_default":0,"priced_individually":true,"shipped_individually":false,"override_title":false,"title":"SIMPLY MORE Zombie Serum (anti-aging serum) 30ml","override_description":true,"description":"","optional":false,"hide_thumbnail":false,"discount":"","override_variations":false,"allowed_variations":[],"override_default_variation_attributes":false,"default_variation_attributes":[],"single_product_visibility":"visible","cart_visibility":"hidden","order_visibility":"visible","single_product_price_visibility":"visible","cart_price_visibility":"visible","order_price_visibility":"visible","stock_status":"in_stock"}],"bundle_sell_ids":[],"yoast_head":"<!-- This site is optimized with the Yoast SEO plugin v26.1 - https:\/\/yoast.com\/wordpress\/plugins\/seo\/ -->\n<title>SIMPLY MORE Huidverzorging voordeelset - stel jouw eigen bundel samen en ontvang 10% (vanaf 2) of 15% (vanaf 4) korting - Alternatievemiddelen.nl<\/title>\n<meta name=\"description\" content=\"SIMPLY MORE Huidverzorging voordeelset - niet 99%, niet 98%, maar huidverzorgingsproducten met 100% natuurlijke ingredi\u00ebnten. Profiteer van bundelkorting!\" \/>\n<meta name=\"robots\" content=\"index, follow, max-snippet:-1, max-image-preview:large, max-video-preview:-1\" \/>\n<link rel=\"canonical\" href=\"https:\/\/www.alternatievemiddelen.nl\/es\/wp-json\/wp\/v2\/product\/48629\" \/>\n<meta property=\"og:locale\" content=\"es_ES\" \/>\n<meta property=\"og:type\" content=\"article\" \/>\n<meta property=\"og:title\" content=\"SIMPLY MORE Huidverzorging voordeelset - stel jouw eigen bundel samen en ontvang 10% (vanaf 2) of 15% (vanaf 4) korting - Alternatievemiddelen.nl\" \/>\n<meta property=\"og:description\" content=\"SIMPLY MORE Huidverzorging voordeelset - niet 99%, niet 98%, maar huidverzorgingsproducten met 100% natuurlijke ingredi\u00ebnten. Profiteer van bundelkorting!\" \/>\n<meta property=\"og:url\" content=\"https:\/\/www.alternatievemiddelen.nl\/es\/productos\/set-de-regalo-simply-more-skincare\/\" \/>\n<meta property=\"og:site_name\" content=\"Alternatievemiddelen.nl\" \/>\n<meta property=\"article:modified_time\" content=\"2025-12-15T09:25:03+00:00\" \/>\n<meta property=\"og:image\" content=\"\/wp-content\/uploads\/2025\/08\/SIMPLY-MORE-Huidverzorging-voordeelset-met-korting.jpg\" \/>\n\t<meta property=\"og:image:width\" content=\"600\" \/>\n\t<meta property=\"og:image:height\" content=\"800\" \/>\n\t<meta property=\"og:image:type\" content=\"image\/jpeg\" \/>\n<meta name=\"twitter:card\" content=\"summary_large_image\" \/>\n<meta name=\"twitter:label1\" content=\"Tiempo de lectura\" \/>\n\t<meta name=\"twitter:data1\" content=\"4 minutos\" \/>\n<script type=\"application\/ld+json\" class=\"yoast-schema-graph\">{\"@context\":\"https:\/\/schema.org\",\"@graph\":[{\"@type\":[\"WebPage\",\"ItemPage\"],\"@id\":\"https:\/\/www.alternatievemiddelen.nl\/producten\/simply-more-huidverzorging-voordeelset\/\",\"url\":\"https:\/\/www.alternatievemiddelen.nl\/producten\/simply-more-huidverzorging-voordeelset\/\",\"name\":\"SIMPLY MORE Huidverzorging voordeelset - stel jouw eigen bundel samen en ontvang 10% (vanaf 2) of 15% (vanaf 4) korting - Alternatievemiddelen.nl\",\"isPartOf\":{\"@id\":\"https:\/\/www.alternatievemiddelen.nl\/#website\"},\"primaryImageOfPage\":{\"@id\":\"https:\/\/www.alternatievemiddelen.nl\/producten\/simply-more-huidverzorging-voordeelset\/#primaryimage\"},\"image\":{\"@id\":\"https:\/\/www.alternatievemiddelen.nl\/producten\/simply-more-huidverzorging-voordeelset\/#primaryimage\"},\"thumbnailUrl\":\"https:\/\/www.alternatievemiddelen.nl\/wp-content\/uploads\/2025\/08\/SIMPLY-MORE-Huidverzorging-voordeelset-met-korting.jpg\",\"datePublished\":\"2025-08-09T06:45:53+00:00\",\"dateModified\":\"2025-12-15T09:25:03+00:00\",\"description\":\"SIMPLY MORE Huidverzorging voordeelset - niet 99%, niet 98%, maar huidverzorgingsproducten met 100% natuurlijke ingredi\u00ebnten. Profiteer van bundelkorting!\",\"breadcrumb\":{\"@id\":\"https:\/\/www.alternatievemiddelen.nl\/producten\/simply-more-huidverzorging-voordeelset\/#breadcrumb\"},\"inLanguage\":\"es\",\"potentialAction\":[{\"@type\":\"ReadAction\",\"target\":[\"https:\/\/www.alternatievemiddelen.nl\/producten\/simply-more-huidverzorging-voordeelset\/\"]}]},{\"@type\":\"ImageObject\",\"inLanguage\":\"es\",\"@id\":\"https:\/\/www.alternatievemiddelen.nl\/producten\/simply-more-huidverzorging-voordeelset\/#primaryimage\",\"url\":\"https:\/\/www.alternatievemiddelen.nl\/wp-content\/uploads\/2025\/08\/SIMPLY-MORE-Huidverzorging-voordeelset-met-korting.jpg\",\"contentUrl\":\"https:\/\/www.alternatievemiddelen.nl\/wp-content\/uploads\/2025\/08\/SIMPLY-MORE-Huidverzorging-voordeelset-met-korting.jpg\",\"width\":600,\"height\":800,\"caption\":\"SIMPLY MORE Huidverzorging voordeelset\"},{\"@type\":\"BreadcrumbList\",\"@id\":\"https:\/\/www.alternatievemiddelen.nl\/producten\/simply-more-huidverzorging-voordeelset\/#breadcrumb\",\"itemListElement\":[{\"@type\":\"ListItem\",\"position\":1,\"name\":\"Home\",\"item\":\"https:\/\/www.alternatievemiddelen.nl\/\"},{\"@type\":\"ListItem\",\"position\":2,\"name\":\"Producten\",\"item\":\"https:\/\/www.alternatievemiddelen.nl\/producten\/\"},{\"@type\":\"ListItem\",\"position\":3,\"name\":\"SIMPLY MORE Huidverzorging voordeelset &#8211; stel jouw eigen bundel samen en ontvang 10% (vanaf 2) of 15% (vanaf 4) korting\"}]},{\"@type\":\"WebSite\",\"@id\":\"https:\/\/www.alternatievemiddelen.nl\/#website\",\"url\":\"https:\/\/www.alternatievemiddelen.nl\/\",\"name\":\"Alternatievemiddelen.nl\",\"description\":\"Webshop met gezonde, duurzame en ecologische alternatieve mogelijkheden in de hedendaagse levenstijl. Alles uit eigen ervaring.\",\"publisher\":{\"@id\":\"https:\/\/www.alternatievemiddelen.nl\/#organization\"},\"potentialAction\":[{\"@type\":\"SearchAction\",\"target\":{\"@type\":\"EntryPoint\",\"urlTemplate\":\"https:\/\/www.alternatievemiddelen.nl\/?s={search_term_string}\"},\"query-input\":{\"@type\":\"PropertyValueSpecification\",\"valueRequired\":true,\"valueName\":\"search_term_string\"}}],\"inLanguage\":\"es\"},{\"@type\":\"Organization\",\"@id\":\"https:\/\/www.alternatievemiddelen.nl\/#organization\",\"name\":\"Alternatievemiddelen.nl\",\"url\":\"https:\/\/www.alternatievemiddelen.nl\/\",\"logo\":{\"@type\":\"ImageObject\",\"inLanguage\":\"es\",\"@id\":\"https:\/\/www.alternatievemiddelen.nl\/#\/schema\/logo\/image\/\",\"url\":\"https:\/\/www.alternatievemiddelen.nl\/wp-content\/uploads\/2023\/10\/alternatievemiddelen-PNG-logo.png\",\"contentUrl\":\"https:\/\/www.alternatievemiddelen.nl\/wp-content\/uploads\/2023\/10\/alternatievemiddelen-PNG-logo.png\",\"width\":6400,\"height\":3062,\"caption\":\"Alternatievemiddelen.nl\"},\"image\":{\"@id\":\"https:\/\/www.alternatievemiddelen.nl\/#\/schema\/logo\/image\/\"}}]}<\/script>\n<!-- \/ Yoast SEO plugin. -->","yoast_head_json":{"title":"SIMPLY MORE Huidverzorging voordeelset - stel jouw eigen bundel samen en ontvang 10% (vanaf 2) of 15% (vanaf 4) korting - Alternatievemiddelen.nl","description":"SIMPLY MORE Huidverzorging voordeelset - niet 99%, niet 98%, maar huidverzorgingsproducten met 100% natuurlijke ingredi\u00ebnten. Profiteer van bundelkorting!","robots":{"index":"index","follow":"follow","max-snippet":"max-snippet:-1","max-image-preview":"max-image-preview:large","max-video-preview":"max-video-preview:-1"},"canonical":"https:\/\/www.alternatievemiddelen.nl\/es\/wp-json\/wp\/v2\/product\/48629","og_locale":"es_ES","og_type":"article","og_title":"SIMPLY MORE Huidverzorging voordeelset - stel jouw eigen bundel samen en ontvang 10% (vanaf 2) of 15% (vanaf 4) korting - Alternatievemiddelen.nl","og_description":"SIMPLY MORE Huidverzorging voordeelset - niet 99%, niet 98%, maar huidverzorgingsproducten met 100% natuurlijke ingredi\u00ebnten. Profiteer van bundelkorting!","og_url":"https:\/\/www.alternatievemiddelen.nl\/es\/productos\/set-de-regalo-simply-more-skincare\/","og_site_name":"Alternatievemiddelen.nl","article_modified_time":"2025-12-15T09:25:03+00:00","og_image":[{"width":600,"height":800,"url":"\/wp-content\/uploads\/2025\/08\/SIMPLY-MORE-Huidverzorging-voordeelset-met-korting.jpg","type":"image\/jpeg"}],"twitter_card":"summary_large_image","twitter_misc":{"Tiempo de lectura":"4 minutos"},"schema":{"@context":"https:\/\/schema.org","@graph":[{"@type":["WebPage","ItemPage"],"@id":"https:\/\/www.alternatievemiddelen.nl\/producten\/simply-more-huidverzorging-voordeelset\/","url":"https:\/\/www.alternatievemiddelen.nl\/producten\/simply-more-huidverzorging-voordeelset\/","name":"SIMPLY MORE Huidverzorging voordeelset - stel jouw eigen bundel samen en ontvang 10% (vanaf 2) of 15% (vanaf 4) korting - Alternatievemiddelen.nl","isPartOf":{"@id":"https:\/\/www.alternatievemiddelen.nl\/#website"},"primaryImageOfPage":{"@id":"https:\/\/www.alternatievemiddelen.nl\/producten\/simply-more-huidverzorging-voordeelset\/#primaryimage"},"image":{"@id":"https:\/\/www.alternatievemiddelen.nl\/producten\/simply-more-huidverzorging-voordeelset\/#primaryimage"},"thumbnailUrl":"https:\/\/www.alternatievemiddelen.nl\/wp-content\/uploads\/2025\/08\/SIMPLY-MORE-Huidverzorging-voordeelset-met-korting.jpg","datePublished":"2025-08-09T06:45:53+00:00","dateModified":"2025-12-15T09:25:03+00:00","description":"SIMPLY MORE Huidverzorging voordeelset - niet 99%, niet 98%, maar huidverzorgingsproducten met 100% natuurlijke ingredi\u00ebnten. Profiteer van bundelkorting!","breadcrumb":{"@id":"https:\/\/www.alternatievemiddelen.nl\/producten\/simply-more-huidverzorging-voordeelset\/#breadcrumb"},"inLanguage":"es","potentialAction":[{"@type":"ReadAction","target":["https:\/\/www.alternatievemiddelen.nl\/producten\/simply-more-huidverzorging-voordeelset\/"]}]},{"@type":"ImageObject","inLanguage":"es","@id":"https:\/\/www.alternatievemiddelen.nl\/producten\/simply-more-huidverzorging-voordeelset\/#primaryimage","url":"https:\/\/www.alternatievemiddelen.nl\/wp-content\/uploads\/2025\/08\/SIMPLY-MORE-Huidverzorging-voordeelset-met-korting.jpg","contentUrl":"https:\/\/www.alternatievemiddelen.nl\/wp-content\/uploads\/2025\/08\/SIMPLY-MORE-Huidverzorging-voordeelset-met-korting.jpg","width":600,"height":800,"caption":"SIMPLY MORE Huidverzorging voordeelset"},{"@type":"BreadcrumbList","@id":"https:\/\/www.alternatievemiddelen.nl\/producten\/simply-more-huidverzorging-voordeelset\/#breadcrumb","itemListElement":[{"@type":"ListItem","position":1,"name":"Home","item":"https:\/\/www.alternatievemiddelen.nl\/"},{"@type":"ListItem","position":2,"name":"Producten","item":"https:\/\/www.alternatievemiddelen.nl\/producten\/"},{"@type":"ListItem","position":3,"name":"SIMPLY MORE Huidverzorging voordeelset &#8211; stel jouw eigen bundel samen en ontvang 10% (vanaf 2) of 15% (vanaf 4) korting"}]},{"@type":"WebSite","@id":"https:\/\/www.alternatievemiddelen.nl\/#website","url":"https:\/\/www.alternatievemiddelen.nl\/","name":"Alternatievemiddelen.nl","description":"Webshop met gezonde, duurzame en ecologische alternatieve mogelijkheden in de hedendaagse levenstijl. Alles uit eigen ervaring.","publisher":{"@id":"https:\/\/www.alternatievemiddelen.nl\/#organization"},"potentialAction":[{"@type":"SearchAction","target":{"@type":"EntryPoint","urlTemplate":"https:\/\/www.alternatievemiddelen.nl\/?s={search_term_string}"},"query-input":{"@type":"PropertyValueSpecification","valueRequired":true,"valueName":"search_term_string"}}],"inLanguage":"es"},{"@type":"Organization","@id":"https:\/\/www.alternatievemiddelen.nl\/#organization","name":"Alternatievemiddelen.nl","url":"https:\/\/www.alternatievemiddelen.nl\/","logo":{"@type":"ImageObject","inLanguage":"es","@id":"https:\/\/www.alternatievemiddelen.nl\/#\/schema\/logo\/image\/","url":"https:\/\/www.alternatievemiddelen.nl\/wp-content\/uploads\/2023\/10\/alternatievemiddelen-PNG-logo.png","contentUrl":"https:\/\/www.alternatievemiddelen.nl\/wp-content\/uploads\/2023\/10\/alternatievemiddelen-PNG-logo.png","width":6400,"height":3062,"caption":"Alternatievemiddelen.nl"},"image":{"@id":"https:\/\/www.alternatievemiddelen.nl\/#\/schema\/logo\/image\/"}}]}},"_links":{"self":[{"href":"https:\/\/www.alternatievemiddelen.nl\/es\/wp-json\/wp\/v2\/product\/48629","targetHints":{"allow":["GET"]}}],"collection":[{"href":"https:\/\/www.alternatievemiddelen.nl\/es\/wp-json\/wp\/v2\/product"}],"about":[{"href":"https:\/\/www.alternatievemiddelen.nl\/es\/wp-json\/wp\/v2\/types\/product"}],"replies":[{"embeddable":true,"href":"https:\/\/www.alternatievemiddelen.nl\/es\/wp-json\/wp\/v2\/comments?post=48629"}],"wp:featuredmedia":[{"embeddable":true,"href":"https:\/\/www.alternatievemiddelen.nl\/es\/wp-json\/wp\/v2\/media\/49477"}],"wp:attachment":[{"href":"https:\/\/www.alternatievemiddelen.nl\/es\/wp-json\/wp\/v2\/media?parent=48629"}],"wp:term":[{"taxonomy":"product_brand","embeddable":true,"href":"https:\/\/www.alternatievemiddelen.nl\/es\/wp-json\/wp\/v2\/product_brand?post=48629"},{"taxonomy":"product_cat","embeddable":true,"href":"https:\/\/www.alternatievemiddelen.nl\/es\/wp-json\/wp\/v2\/product_cat?post=48629"},{"taxonomy":"product_tag","embeddable":true,"href":"https:\/\/www.alternatievemiddelen.nl\/es\/wp-json\/wp\/v2\/product_tag?post=48629"},{"taxonomy":"merk","embeddable":true,"href":"https:\/\/www.alternatievemiddelen.nl\/es\/wp-json\/wp\/v2\/merk?post=48629"}],"curies":[{"name":"wp","href":"https:\/\/api.w.org\/{rel}","templated":true}]}}