{"id":48699,"date":"2025-08-14T14:50:54","date_gmt":"2025-08-14T12:50:54","guid":{"rendered":"https:\/\/www.alternatievemiddelen.nl\/?post_type=product&#038;p=48699"},"modified":"2026-04-01T03:28:37","modified_gmt":"2026-04-01T01:28:37","slug":"blokkeerplug-voor-waterfilters-bout-en-moer","status":"publish","type":"product","link":"https:\/\/www.alternatievemiddelen.nl\/es\/productos\/tapon-de-bloqueo-para-filtros-de-agua-tornillo-y-tuerca\/","title":{"rendered":"Tap\u00f3n de bloqueo para filtros de agua Berkey, BOROUX y Pure Filters (tornillo y tuerca)"},"content":{"rendered":"<p>Tap\u00f3n de bloqueo para filtros de agua Berkey, BOROUX y Pure Filters caracter\u00edsticas:<\/p>\n<ul>\n<li>Tap\u00f3n de bloqueo para bloquear las aberturas no utilizadas del filtro en la c\u00e1mara superior de todos los filtros de agua Berkey, BOROUX, Pure Filters.<\/li>\n<li>Apto para todos <a href=\"https:\/\/www.alternatievemiddelen.nl\/es\/categoria-de-productos\/filtros-de-agua\/filtro-de-agua\/filtrar-resultados\/berkey-3\/\">Filtros de agua Berkey<\/a>, <a href=\"https:\/\/www.alternatievemiddelen.nl\/es\/categoria-de-productos\/filtros-de-agua\/filtro-de-agua\/filtrar-resultados\/boroux\/\">Filtros de agua BOROUX<\/a> y <a href=\"https:\/\/www.alternatievemiddelen.nl\/es\/categoria-de-productos\/filtros-de-agua\/filtro-de-agua\/filtrar-resultados\/filtros-puros\/\">Filtros de agua Pure Filters<\/a>si es necesario.<\/li>\n<li>Todos los filtros de agua Berkey-, BOROUX-, Pure Filters vienen de serie con la cantidad adecuada de tapones de bloqueo; en caso de p\u00e9rdida o da\u00f1o, los tapones se pueden comprar por separado. Incluso si se opta por filtrar con s\u00f3lo 1 elemento filtrante, por ejemplo, este tap\u00f3n de bloqueo es necesario.<\/li>\n<li>Este duradero tap\u00f3n de bloqueo est\u00e1 fabricado en pl\u00e1stico sin BPA.<\/li>\n<li>El tap\u00f3n de bloqueo se suministra por separado (es decir, cada uno).<\/li>\n<\/ul>","protected":false},"excerpt":{"rendered":"<p>Tap\u00f3n de bloqueo (tornillo y tuerca) para filtros de agua Berkey-, BOROUX-, Pure Filters para bloquear las aberturas no utilizadas en el recipiente superior del filtro de agua.<\/p>","protected":false},"featured_media":48700,"comment_status":"open","ping_status":"closed","template":"","meta":[],"product_brand":[],"product_cat":[2971,3013],"product_tag":[2961,3102,3103,3706,3753,3107,3008,2890,3104,3632,2879,3106,2979,3012,2980],"merk":[3432,3702,3630],"class_list":{"0":"post-48699","1":"product","2":"type-product","3":"status-publish","4":"has-post-thumbnail","6":"product_cat-waterfilters","7":"product_cat-waterfilter-accessoires","8":"product_tag-berkey","9":"product_tag-berkey-systemen","10":"product_tag-blokkeerplug","11":"product_tag-boroux","12":"product_tag-bout-en-moer","13":"product_tag-british-berkefeld","14":"product_tag-drinkwater","15":"product_tag-kraan","16":"product_tag-plastic","17":"product_tag-pure-filters","18":"product_tag-roestvrij-staal","19":"product_tag-standaard","20":"product_tag-waterfilter","21":"product_tag-waterfilters","22":"product_tag-waterzuivering","23":"product_shipping_class-briefpost","24":"merk-berkey","25":"merk-boroux","26":"merk-pure-filters","28":"first","29":"instock","30":"taxable","31":"shipping-taxable","32":"purchasable","33":"product-type-simple"},"bundled_by":[],"bundle_stock_status":"instock","bundle_stock_quantity":null,"bundle_virtual":false,"bundle_layout":"","bundle_add_to_cart_form_location":"","bundle_editable_in_cart":false,"bundle_sold_individually_context":"","bundle_item_grouping":"","bundle_min_size":"","bundle_max_size":"","bundle_price":[],"bundled_items":[],"bundle_sell_ids":[44176],"yoast_head":"<!-- This site is optimized with the Yoast SEO plugin v26.1 - https:\/\/yoast.com\/wordpress\/plugins\/seo\/ -->\n<title>Blokkeerplug voor Berkey-, BOROUX- en Pure Filters waterfilters (bout en moer) - Alternatievemiddelen.nl<\/title>\n<meta name=\"description\" content=\"Blokkeerplug (bout en moer) voor Berkey-, BOROUX-, Pure Filters waterfilters om ongebruikte openingen in de bovenste bak van de waterfilter te blokkeren.\" \/>\n<meta name=\"robots\" content=\"index, follow, max-snippet:-1, max-image-preview:large, max-video-preview:-1\" \/>\n<link rel=\"canonical\" href=\"https:\/\/www.alternatievemiddelen.nl\/es\/wp-json\/wp\/v2\/product\/48699\" \/>\n<meta property=\"og:locale\" content=\"es_ES\" \/>\n<meta property=\"og:type\" content=\"article\" \/>\n<meta property=\"og:title\" content=\"Blokkeerplug voor Berkey-, BOROUX- en Pure Filters waterfilters (bout en moer) - Alternatievemiddelen.nl\" \/>\n<meta property=\"og:description\" content=\"Blokkeerplug (bout en moer) voor Berkey-, BOROUX-, Pure Filters waterfilters om ongebruikte openingen in de bovenste bak van de waterfilter te blokkeren.\" \/>\n<meta property=\"og:url\" content=\"https:\/\/www.alternatievemiddelen.nl\/es\/productos\/tapon-de-bloqueo-para-filtros-de-agua-tornillo-y-tuerca\/\" \/>\n<meta property=\"og:site_name\" content=\"Alternatievemiddelen.nl\" \/>\n<meta property=\"article:modified_time\" content=\"2026-04-01T01:28:37+00:00\" \/>\n<meta property=\"og:image\" content=\"\/wp-content\/uploads\/2025\/08\/Blokkeerplug_bout-en-moer.jpg\" \/>\n\t<meta property=\"og:image:width\" content=\"600\" \/>\n\t<meta property=\"og:image:height\" content=\"800\" \/>\n\t<meta property=\"og:image:type\" content=\"image\/jpeg\" \/>\n<meta name=\"twitter:card\" content=\"summary_large_image\" \/>\n<meta name=\"twitter:label1\" content=\"Tiempo de lectura\" \/>\n\t<meta name=\"twitter:data1\" content=\"1 minuto\" \/>\n<script type=\"application\/ld+json\" class=\"yoast-schema-graph\">{\"@context\":\"https:\/\/schema.org\",\"@graph\":[{\"@type\":[\"WebPage\",\"ItemPage\"],\"@id\":\"https:\/\/www.alternatievemiddelen.nl\/producten\/blokkeerplug-voor-waterfilters-bout-en-moer\/\",\"url\":\"https:\/\/www.alternatievemiddelen.nl\/producten\/blokkeerplug-voor-waterfilters-bout-en-moer\/\",\"name\":\"Blokkeerplug voor Berkey-, BOROUX- en Pure Filters waterfilters (bout en moer) - Alternatievemiddelen.nl\",\"isPartOf\":{\"@id\":\"https:\/\/www.alternatievemiddelen.nl\/#website\"},\"primaryImageOfPage\":{\"@id\":\"https:\/\/www.alternatievemiddelen.nl\/producten\/blokkeerplug-voor-waterfilters-bout-en-moer\/#primaryimage\"},\"image\":{\"@id\":\"https:\/\/www.alternatievemiddelen.nl\/producten\/blokkeerplug-voor-waterfilters-bout-en-moer\/#primaryimage\"},\"thumbnailUrl\":\"https:\/\/www.alternatievemiddelen.nl\/wp-content\/uploads\/2025\/08\/Blokkeerplug_bout-en-moer.jpg\",\"datePublished\":\"2025-08-14T12:50:54+00:00\",\"dateModified\":\"2026-04-01T01:28:37+00:00\",\"description\":\"Blokkeerplug (bout en moer) voor Berkey-, BOROUX-, Pure Filters waterfilters om ongebruikte openingen in de bovenste bak van de waterfilter te blokkeren.\",\"breadcrumb\":{\"@id\":\"https:\/\/www.alternatievemiddelen.nl\/producten\/blokkeerplug-voor-waterfilters-bout-en-moer\/#breadcrumb\"},\"inLanguage\":\"es\",\"potentialAction\":[{\"@type\":\"ReadAction\",\"target\":[\"https:\/\/www.alternatievemiddelen.nl\/producten\/blokkeerplug-voor-waterfilters-bout-en-moer\/\"]}]},{\"@type\":\"ImageObject\",\"inLanguage\":\"es\",\"@id\":\"https:\/\/www.alternatievemiddelen.nl\/producten\/blokkeerplug-voor-waterfilters-bout-en-moer\/#primaryimage\",\"url\":\"https:\/\/www.alternatievemiddelen.nl\/wp-content\/uploads\/2025\/08\/Blokkeerplug_bout-en-moer.jpg\",\"contentUrl\":\"https:\/\/www.alternatievemiddelen.nl\/wp-content\/uploads\/2025\/08\/Blokkeerplug_bout-en-moer.jpg\",\"width\":600,\"height\":800,\"caption\":\"Blokkeerplug bout en moer voor RVS waterfilters\"},{\"@type\":\"BreadcrumbList\",\"@id\":\"https:\/\/www.alternatievemiddelen.nl\/producten\/blokkeerplug-voor-waterfilters-bout-en-moer\/#breadcrumb\",\"itemListElement\":[{\"@type\":\"ListItem\",\"position\":1,\"name\":\"Home\",\"item\":\"https:\/\/www.alternatievemiddelen.nl\/\"},{\"@type\":\"ListItem\",\"position\":2,\"name\":\"Producten\",\"item\":\"https:\/\/www.alternatievemiddelen.nl\/producten\/\"},{\"@type\":\"ListItem\",\"position\":3,\"name\":\"Blokkeerplug voor Berkey-, BOROUX- en Pure Filters waterfilters (bout en moer)\"}]},{\"@type\":\"WebSite\",\"@id\":\"https:\/\/www.alternatievemiddelen.nl\/#website\",\"url\":\"https:\/\/www.alternatievemiddelen.nl\/\",\"name\":\"Alternatievemiddelen.nl\",\"description\":\"Webshop met gezonde, duurzame en ecologische alternatieve mogelijkheden in de hedendaagse levenstijl. Alles uit eigen ervaring.\",\"publisher\":{\"@id\":\"https:\/\/www.alternatievemiddelen.nl\/#organization\"},\"potentialAction\":[{\"@type\":\"SearchAction\",\"target\":{\"@type\":\"EntryPoint\",\"urlTemplate\":\"https:\/\/www.alternatievemiddelen.nl\/?s={search_term_string}\"},\"query-input\":{\"@type\":\"PropertyValueSpecification\",\"valueRequired\":true,\"valueName\":\"search_term_string\"}}],\"inLanguage\":\"es\"},{\"@type\":\"Organization\",\"@id\":\"https:\/\/www.alternatievemiddelen.nl\/#organization\",\"name\":\"Alternatievemiddelen.nl\",\"url\":\"https:\/\/www.alternatievemiddelen.nl\/\",\"logo\":{\"@type\":\"ImageObject\",\"inLanguage\":\"es\",\"@id\":\"https:\/\/www.alternatievemiddelen.nl\/#\/schema\/logo\/image\/\",\"url\":\"https:\/\/www.alternatievemiddelen.nl\/wp-content\/uploads\/2023\/10\/alternatievemiddelen-PNG-logo.png\",\"contentUrl\":\"https:\/\/www.alternatievemiddelen.nl\/wp-content\/uploads\/2023\/10\/alternatievemiddelen-PNG-logo.png\",\"width\":6400,\"height\":3062,\"caption\":\"Alternatievemiddelen.nl\"},\"image\":{\"@id\":\"https:\/\/www.alternatievemiddelen.nl\/#\/schema\/logo\/image\/\"}}]}<\/script>\n<!-- \/ Yoast SEO plugin. -->","yoast_head_json":{"title":"Blokkeerplug voor Berkey-, BOROUX- en Pure Filters waterfilters (bout en moer) - Alternatievemiddelen.nl","description":"Blokkeerplug (bout en moer) voor Berkey-, BOROUX-, Pure Filters waterfilters om ongebruikte openingen in de bovenste bak van de waterfilter te blokkeren.","robots":{"index":"index","follow":"follow","max-snippet":"max-snippet:-1","max-image-preview":"max-image-preview:large","max-video-preview":"max-video-preview:-1"},"canonical":"https:\/\/www.alternatievemiddelen.nl\/es\/wp-json\/wp\/v2\/product\/48699","og_locale":"es_ES","og_type":"article","og_title":"Blokkeerplug voor Berkey-, BOROUX- en Pure Filters waterfilters (bout en moer) - Alternatievemiddelen.nl","og_description":"Blokkeerplug (bout en moer) voor Berkey-, BOROUX-, Pure Filters waterfilters om ongebruikte openingen in de bovenste bak van de waterfilter te blokkeren.","og_url":"https:\/\/www.alternatievemiddelen.nl\/es\/productos\/tapon-de-bloqueo-para-filtros-de-agua-tornillo-y-tuerca\/","og_site_name":"Alternatievemiddelen.nl","article_modified_time":"2026-04-01T01:28:37+00:00","og_image":[{"width":600,"height":800,"url":"\/wp-content\/uploads\/2025\/08\/Blokkeerplug_bout-en-moer.jpg","type":"image\/jpeg"}],"twitter_card":"summary_large_image","twitter_misc":{"Tiempo de lectura":"1 minuto"},"schema":{"@context":"https:\/\/schema.org","@graph":[{"@type":["WebPage","ItemPage"],"@id":"https:\/\/www.alternatievemiddelen.nl\/producten\/blokkeerplug-voor-waterfilters-bout-en-moer\/","url":"https:\/\/www.alternatievemiddelen.nl\/producten\/blokkeerplug-voor-waterfilters-bout-en-moer\/","name":"Blokkeerplug voor Berkey-, BOROUX- en Pure Filters waterfilters (bout en moer) - Alternatievemiddelen.nl","isPartOf":{"@id":"https:\/\/www.alternatievemiddelen.nl\/#website"},"primaryImageOfPage":{"@id":"https:\/\/www.alternatievemiddelen.nl\/producten\/blokkeerplug-voor-waterfilters-bout-en-moer\/#primaryimage"},"image":{"@id":"https:\/\/www.alternatievemiddelen.nl\/producten\/blokkeerplug-voor-waterfilters-bout-en-moer\/#primaryimage"},"thumbnailUrl":"https:\/\/www.alternatievemiddelen.nl\/wp-content\/uploads\/2025\/08\/Blokkeerplug_bout-en-moer.jpg","datePublished":"2025-08-14T12:50:54+00:00","dateModified":"2026-04-01T01:28:37+00:00","description":"Blokkeerplug (bout en moer) voor Berkey-, BOROUX-, Pure Filters waterfilters om ongebruikte openingen in de bovenste bak van de waterfilter te blokkeren.","breadcrumb":{"@id":"https:\/\/www.alternatievemiddelen.nl\/producten\/blokkeerplug-voor-waterfilters-bout-en-moer\/#breadcrumb"},"inLanguage":"es","potentialAction":[{"@type":"ReadAction","target":["https:\/\/www.alternatievemiddelen.nl\/producten\/blokkeerplug-voor-waterfilters-bout-en-moer\/"]}]},{"@type":"ImageObject","inLanguage":"es","@id":"https:\/\/www.alternatievemiddelen.nl\/producten\/blokkeerplug-voor-waterfilters-bout-en-moer\/#primaryimage","url":"https:\/\/www.alternatievemiddelen.nl\/wp-content\/uploads\/2025\/08\/Blokkeerplug_bout-en-moer.jpg","contentUrl":"https:\/\/www.alternatievemiddelen.nl\/wp-content\/uploads\/2025\/08\/Blokkeerplug_bout-en-moer.jpg","width":600,"height":800,"caption":"Blokkeerplug bout en moer voor RVS waterfilters"},{"@type":"BreadcrumbList","@id":"https:\/\/www.alternatievemiddelen.nl\/producten\/blokkeerplug-voor-waterfilters-bout-en-moer\/#breadcrumb","itemListElement":[{"@type":"ListItem","position":1,"name":"Home","item":"https:\/\/www.alternatievemiddelen.nl\/"},{"@type":"ListItem","position":2,"name":"Producten","item":"https:\/\/www.alternatievemiddelen.nl\/producten\/"},{"@type":"ListItem","position":3,"name":"Blokkeerplug voor Berkey-, BOROUX- en Pure Filters waterfilters (bout en moer)"}]},{"@type":"WebSite","@id":"https:\/\/www.alternatievemiddelen.nl\/#website","url":"https:\/\/www.alternatievemiddelen.nl\/","name":"Alternatievemiddelen.nl","description":"Webshop met gezonde, duurzame en ecologische alternatieve mogelijkheden in de hedendaagse levenstijl. Alles uit eigen ervaring.","publisher":{"@id":"https:\/\/www.alternatievemiddelen.nl\/#organization"},"potentialAction":[{"@type":"SearchAction","target":{"@type":"EntryPoint","urlTemplate":"https:\/\/www.alternatievemiddelen.nl\/?s={search_term_string}"},"query-input":{"@type":"PropertyValueSpecification","valueRequired":true,"valueName":"search_term_string"}}],"inLanguage":"es"},{"@type":"Organization","@id":"https:\/\/www.alternatievemiddelen.nl\/#organization","name":"Alternatievemiddelen.nl","url":"https:\/\/www.alternatievemiddelen.nl\/","logo":{"@type":"ImageObject","inLanguage":"es","@id":"https:\/\/www.alternatievemiddelen.nl\/#\/schema\/logo\/image\/","url":"https:\/\/www.alternatievemiddelen.nl\/wp-content\/uploads\/2023\/10\/alternatievemiddelen-PNG-logo.png","contentUrl":"https:\/\/www.alternatievemiddelen.nl\/wp-content\/uploads\/2023\/10\/alternatievemiddelen-PNG-logo.png","width":6400,"height":3062,"caption":"Alternatievemiddelen.nl"},"image":{"@id":"https:\/\/www.alternatievemiddelen.nl\/#\/schema\/logo\/image\/"}}]}},"_links":{"self":[{"href":"https:\/\/www.alternatievemiddelen.nl\/es\/wp-json\/wp\/v2\/product\/48699","targetHints":{"allow":["GET"]}}],"collection":[{"href":"https:\/\/www.alternatievemiddelen.nl\/es\/wp-json\/wp\/v2\/product"}],"about":[{"href":"https:\/\/www.alternatievemiddelen.nl\/es\/wp-json\/wp\/v2\/types\/product"}],"replies":[{"embeddable":true,"href":"https:\/\/www.alternatievemiddelen.nl\/es\/wp-json\/wp\/v2\/comments?post=48699"}],"wp:featuredmedia":[{"embeddable":true,"href":"https:\/\/www.alternatievemiddelen.nl\/es\/wp-json\/wp\/v2\/media\/48700"}],"wp:attachment":[{"href":"https:\/\/www.alternatievemiddelen.nl\/es\/wp-json\/wp\/v2\/media?parent=48699"}],"wp:term":[{"taxonomy":"product_brand","embeddable":true,"href":"https:\/\/www.alternatievemiddelen.nl\/es\/wp-json\/wp\/v2\/product_brand?post=48699"},{"taxonomy":"product_cat","embeddable":true,"href":"https:\/\/www.alternatievemiddelen.nl\/es\/wp-json\/wp\/v2\/product_cat?post=48699"},{"taxonomy":"product_tag","embeddable":true,"href":"https:\/\/www.alternatievemiddelen.nl\/es\/wp-json\/wp\/v2\/product_tag?post=48699"},{"taxonomy":"merk","embeddable":true,"href":"https:\/\/www.alternatievemiddelen.nl\/es\/wp-json\/wp\/v2\/merk?post=48699"}],"curies":[{"name":"wp","href":"https:\/\/api.w.org\/{rel}","templated":true}]}}