{"id":48794,"date":"2025-08-28T11:41:25","date_gmt":"2025-08-28T09:41:25","guid":{"rendered":"https:\/\/www.alternatievemiddelen.nl\/?post_type=product&#038;p=48794"},"modified":"2025-09-03T16:35:11","modified_gmt":"2025-09-03T14:35:11","slug":"boroux-proactive-fluoride-filters-starterkit","status":"publish","type":"product","link":"https:\/\/www.alternatievemiddelen.nl\/es\/productos\/boroux-proactive-fluoruro-filtros-starter-kit\/","title":{"rendered":"BOROUX Proactive\u2122 Filtros de fl\u00faor (2 piezas) - Kit de inicio (2 filtros + 2 soportes de acero inoxidable)"},"content":{"rendered":"<p>Conozca la \u00faltima innovaci\u00f3n en el sector de los filtros de agua: los filtros BOROUX Proactive\u2122 Fluoride.<br \/>\nBOROUX se enorgullece de su \u00faltima tecnolog\u00eda patentada para eliminar el fl\u00faor del agua potable. Una soluci\u00f3n de alto rendimiento sin aluminio que elimina hasta 99% de fl\u00faor. Utilizando un material h\u00edbrido de dos capas de gr\u00e1nulos y nanocarbono, el filtro proporciona agua limpia y segura con un rendimiento a largo plazo. Este nuevo m\u00e9todo prolonga el tiempo de contacto del agua con los materiales filtrantes, lo que mejora la filtraci\u00f3n. Estos filtros de fl\u00faor son compatibles con el <a href=\"https:\/\/www.alternatievemiddelen.nl\/es\/productos\/elementos-de-filtro-de-agua-boroux-foundation-black\/\">BOROUX Foundation\u2122 Filtros negros<\/a> y el <a href=\"https:\/\/www.alternatievemiddelen.nl\/es\/productos\/elementos-filtrantes-de-agua-black-berkey\/\">Filtros negros Berkey<\/a>.<br \/>\n&nbsp;<\/p>\n<h3>Pruebas y resultados de los filtros de fl\u00faor<\/h3>\n<p>Esto es quiz\u00e1s lo m\u00e1s importante para empezar a conocer mejor estos filtros. De hecho, los nuevos filtros BOROUX Proactive\u2122 Fluoride se probaron hasta 3.750 litros (por juego de 2). El agua de prueba entrante ten\u00eda una concentraci\u00f3n de fl\u00faor de 0,7 ppm (partes por mill\u00f3n).<\/p>\n<p>El rendimiento de los filtros BOROUX Proactive\u2122 Fluoride en pruebas de laboratorio independientes se muestra en verde en el siguiente gr\u00e1fico. Tres filtros de fl\u00faor de la competencia se muestran en diferentes tonos de gris.<\/p>\n<p>Los tres filtros de la competencia que se muestran a continuaci\u00f3n utilizan al\u00famina en sus filtros para la reducci\u00f3n de fluoruros.<\/p>\n<img fetchpriority=\"high\" decoding=\"async\" src=\"\/wp-content\/uploads\/2025\/08\/Fluoride-filters-vergelijk.jpg\" alt=\"Comparaci\u00f3n de filtros de fl\u00faor\" width=\"1029\" height=\"598\" class=\"size-medium wp-image-48803\" srcset=\"https:\/\/www.alternatievemiddelen.nl\/wp-content\/uploads\/2025\/08\/Fluoride-filters-vergelijk.jpg 2058w, https:\/\/www.alternatievemiddelen.nl\/wp-content\/uploads\/2025\/08\/Fluoride-filters-vergelijk-300x174.jpg 300w, https:\/\/www.alternatievemiddelen.nl\/wp-content\/uploads\/2025\/08\/Fluoride-filters-vergelijk-1024x595.jpg 1024w, https:\/\/www.alternatievemiddelen.nl\/wp-content\/uploads\/2025\/08\/Fluoride-filters-vergelijk-768x446.jpg 768w, https:\/\/www.alternatievemiddelen.nl\/wp-content\/uploads\/2025\/08\/Fluoride-filters-vergelijk-1536x893.jpg 1536w, https:\/\/www.alternatievemiddelen.nl\/wp-content\/uploads\/2025\/08\/Fluoride-filters-vergelijk-2048x1190.jpg 2048w, https:\/\/www.alternatievemiddelen.nl\/wp-content\/uploads\/2025\/08\/Fluoride-filters-vergelijk-18x10.jpg 18w, https:\/\/www.alternatievemiddelen.nl\/wp-content\/uploads\/2025\/08\/Fluoride-filters-vergelijk-600x349.jpg 600w\" sizes=\"(max-width: 1029px) 100vw, 1029px\" \/>\n<p><b><u>Datos clave de rendimiento:<\/u><\/b><br \/>\n\u2714 M\u00e1s de 99% de reducci\u00f3n de fl\u00faor en los primeros 1.050 litros<br \/>\n\u2714 Mantiene una reducci\u00f3n media de 78,9% a 3.750 litros<br \/>\n\u2714 Reducci\u00f3n m\u00ednima de 47,4% a 3.750 litros<br \/>\n\u2714 Mejor rendimiento que los filtros de competidores conocidos<br \/>\n&nbsp;<\/p>\n<h3>C\u00f3mo funcionan los filtros BOROUX Proactive\u2122 Fluoruro?<\/h3>\n<p>Los filtros BOROUX Proactive\u2122 Fluoride combinan a la perfecci\u00f3n con la <a href=\"https:\/\/www.alternatievemiddelen.nl\/es\/productos\/elementos-de-filtro-de-agua-boroux-foundation-black\/\">BOROUX Foundation\u2122 Filtros negros<\/a> o <a href=\"https:\/\/www.alternatievemiddelen.nl\/es\/productos\/elementos-filtrantes-de-agua-black-berkey\/\">Filtros negros Berkey<\/a>. Juntos, los filtros eliminan pr\u00e1cticamente todos los contaminantes no deseados. <\/p>\n<p>La primera etapa de filtraci\u00f3n (ver imagen inferior) tiene lugar cuando el agua fluye a trav\u00e9s del filtro BOROUX Foundation\u2122 Negro o del filtro Negro Berkey hacia el dep\u00f3sito superior. El cloro, los sedimentos y muchos otros contaminantes se reducen, el sabor y el olor mejoran y el agua se prepara para la eliminaci\u00f3n de fl\u00faor. El filtro BOROUX Proactive\u2122 Fluoruro se enrosca y se fija al v\u00e1stago del filtro en el dep\u00f3sito superior. <\/p>\n<p>La segunda etapa de filtraci\u00f3n (ver imagen inferior) tiene lugar cuando el agua pasa por el filtro BOROUX Proactive\u2122 Fluoruro de doble capa. Aqu\u00ed, el agua prefiltrada fluye a trav\u00e9s de carb\u00f3n granulado avanzado para el primer pulido (capa 1). A continuaci\u00f3n, pasa a trav\u00e9s de un nanocarbono h\u00edbrido para la captura final de fl\u00faor (capa 2).<\/p>\n<p>Gracias al dise\u00f1o de flujo ascendente patentado de la carcasa de acero inoxidable, el agua permanece mucho tiempo en contacto con la capa exterior de los filtros de fl\u00faor, lo que garantiza una filtraci\u00f3n superior. El agua filtrada sale de la carcasa a trav\u00e9s de los orificios de salida situados en la parte superior de la carcasa (soportes de acero inoxidable). Esto garantiza una utilizaci\u00f3n casi uniforme de toda la superficie de los filtros de fl\u00faor, desde abajo hacia arriba.<\/p>\n<p><img decoding=\"async\" src=\"\/wp-content\/uploads\/2025\/08\/BOROUX-Proactive-Fluoride-filters-werking.jpg\" alt=\"Funcionamiento de los filtros BOROUX Proactive Fluoride\" width=\"1244\" height=\"491\" class=\"size-medium wp-image-48819\" srcset=\"https:\/\/www.alternatievemiddelen.nl\/wp-content\/uploads\/2025\/08\/BOROUX-Proactive-Fluoride-filters-werking.jpg 1244w, https:\/\/www.alternatievemiddelen.nl\/wp-content\/uploads\/2025\/08\/BOROUX-Proactive-Fluoride-filters-werking-300x118.jpg 300w, https:\/\/www.alternatievemiddelen.nl\/wp-content\/uploads\/2025\/08\/BOROUX-Proactive-Fluoride-filters-werking-1024x404.jpg 1024w, https:\/\/www.alternatievemiddelen.nl\/wp-content\/uploads\/2025\/08\/BOROUX-Proactive-Fluoride-filters-werking-768x303.jpg 768w, https:\/\/www.alternatievemiddelen.nl\/wp-content\/uploads\/2025\/08\/BOROUX-Proactive-Fluoride-filters-werking-18x7.jpg 18w, https:\/\/www.alternatievemiddelen.nl\/wp-content\/uploads\/2025\/08\/BOROUX-Proactive-Fluoride-filters-werking-600x237.jpg 600w\" sizes=\"(max-width: 1244px) 100vw, 1244px\" \/><br \/>\n&nbsp;<\/p>\n<h3>Qu\u00e9 materiales contienen los filtros BOROUX Proactive\u2122 Fluoruro?<\/h3>\n<p>El filtro de fluoruro BOROUX consta de dos capas de filtraci\u00f3n separadas que recogen el fluoruro conjuntamente. La capa interior est\u00e1 formada por carb\u00f3n granulado, un m\u00e9todo bien conocido para evitar los contaminantes no deseados. En el centro del filtro cil\u00edndrico se colocan peque\u00f1os gr\u00e1nulos sueltos de una mezcla de distintos tipos de carb\u00f3n.<\/p>\n<p>La capa exterior del filtro est\u00e1 hecha de nanocarbono. Esta mezcla especial de carbono se moldea y mantiene el carbono granulado en su interior. Los microporos del nanocarbono en el exterior impiden el paso de las mol\u00e9culas contaminantes. Las mol\u00e9culas de fl\u00faor son especialmente peque\u00f1as, por lo que el nanocarbono especialmente formulado constituye una barrera eficaz.<\/p>\n<p>El filtro BOROUX Proactive\u2122 Fluoride est\u00e1 encerrado en una carcasa (soporte) de acero inoxidable de calidad quir\u00fargica. La carcasa es de acero inoxidable que cumple con la seguridad alimentaria (304). Por lo tanto, est\u00e1 aprobada para el contacto con alimentos y ofrece seguridad y durabilidad. El acero inoxidable reduce el riesgo de lixiviaci\u00f3n del pl\u00e1stico. La carcasa es la parte principal del dise\u00f1o patentado aguas arriba, que ofrece una protecci\u00f3n adicional contra las toxinas en el agua.<br \/>\n&nbsp;<\/p>\n<h3>Sin al\u00famina activada<\/h3>\n<p>Otros filtros utilizan al\u00famina como ingrediente para reducir el fl\u00faor. BOROUX se niega a utilizar \u00f3xido de aluminio por la atenci\u00f3n negativa que recibe a veces. Los filtros de \u00f3xido de aluminio activado a veces pueden dejar restos de aluminio en el agua. Aunque la al\u00famina puede ser eficaz para reducir el fluoruro, funciona mejor cuando hay una cantidad relativamente grande de al\u00famina presente. De lo contrario, el rendimiento empieza a disminuir casi de inmediato. BOROUX decidi\u00f3 evitar esta posible exposici\u00f3n desarrollando un filtro con ingredientes que no contienen aluminio (\u00f3xido).<br \/>\n&nbsp;<\/p>\n<h3>Cu\u00e1nto duran los filtros BOROUX Proactive\u2122 Fluoruro?<\/h3>\n<p>Cada juego filtra hasta 3.800 litros de agua, con una vida media de 6 a 12 meses, dependiendo del uso y de la calidad del agua. Los resultados de las pruebas realizadas con el filtro BOROUX Proactive Fluoride Filter muestran una reducci\u00f3n de m\u00e1s de 99% en 1.050 litros de agua, una media de casi 80% en 3.750 litros de agua y una reducci\u00f3n m\u00ednima de 47,4% en 3.750 litros de agua.<br \/>\n&nbsp;<\/p>\n<h3>Caracter\u00edsticas principales Filtros BOROUX Proactive\u2122 Fluoruro:<\/h3>\n<ul>\n<li>Hasta m\u00e1s de 99% de reducci\u00f3n de fl\u00faor<\/li>\n<li>Capacidad de 3.750 litros<\/li>\n<li>Filtrado de doble capa<\/li>\n<li>100% sin aluminio - Filtraci\u00f3n segura sin riesgos de aluminio, garantizado.<\/li>\n<li>Carcasa de acero inoxidable (304)<\/li>\n<li>Probado y verificado de forma independiente<\/li>\n<li>Para combinar con el <a href=\"https:\/\/www.alternatievemiddelen.nl\/es\/productos\/elementos-de-filtro-de-agua-boroux-foundation-black\/\">BOROUX Foundation\u2122 Filtros negros<\/a> y <a href=\"https:\/\/www.alternatievemiddelen.nl\/es\/productos\/elementos-filtrantes-de-agua-black-berkey\/\">Filtros negros Berkey<\/a><\/li>\n<li>El filtro BOROUX Proactive\u2122 Fluoride es un filtro adicional en el recipiente inferior y debe acoplarse a un filtro en el recipiente superior.<\/li>\n<\/ul>\n<p>&nbsp;<\/p>\n<h4>La caja contiene las siguientes piezas:<\/h4>\n<p>\u25cf 2x filtros BOROUX Proactive\u2122 Fluoruro<br \/>\n\u25cf 2x <a href=\"https:\/\/www.alternatievemiddelen.nl\/es\/productos\/anillo-para-elementos-filtrantes-black-berkey\/\">Anillos de goma negros<\/a>para entre el elemento filtrante y el recipiente de acero inoxidable<br \/>\n\u25cf 2x Soportes de acero inoxidable (s\u00f3lo en el kit de inicio)<br \/>\n\u25cf 1x <a href=\"https:\/\/www.alternatievemiddelen.nl\/es\/productos\/berkey-primerrite-universal-primer-pf-2-adapter\/\">Herramienta Blue Prime<\/a>Grifo de goma azul para cebar los elementos filtrantes<br \/>\n\u25cf 1x Adaptador de cebado azul con rosca<br \/>\n\u25cf 1x Anillo de cebado azul<br \/>\n\u25cf 1x manual en ingl\u00e9s (se puede descargar un manual en holand\u00e9s en <a href=\"https:\/\/www.alternatievemiddelen.nl\/es\/la-biblioteca\/\"> nuestra biblioteca<\/a> y tambi\u00e9n se env\u00eda por correo electr\u00f3nico despu\u00e9s de hacer el pedido)<br \/>\n&nbsp;<\/p>\n<h4>Preparaci\u00f3n para su uso<\/h4>\n<p>El primer paso es cebar los filtros BOROUX Proactive\u2122 Fluoride. Es importante hacerlo correctamente. Para obtener ayuda con la instalaci\u00f3n, las preguntas m\u00e1s frecuentes y los v\u00eddeos de instrucciones, consulte <a href=\"https:\/\/www.alternatievemiddelen.nl\/es\/la-biblioteca\/\">nuestra biblioteca<\/a>. Si falla el cebado, se <a href=\"https:\/\/www.alternatievemiddelen.nl\/es\/productos\/bomba-automatica-de-cebado-de-filtro-boroux\/\">BOROUX Filtro autom\u00e1tico Primer<\/a> nos haga un pedido.<br \/>\n&nbsp;<\/p>\n<h4>-&gt; Tambi\u00e9n puede colocar estos filtros BOROUX Proactive\u2122 Fluoride en filtros de agua por gravedad de otras marcas y tambi\u00e9n se adaptan a los filtros Black Berkey. Pero RECUERDE \u00a1as\u00ed que tenga cuidado! \u00a1S\u00f3lo en combinaci\u00f3n con los elementos filtrantes BOROUX Foundation\u2122 o Black Berkey!<\/h4>","protected":false},"excerpt":{"rendered":"<p>El kit de inicio de filtros BOROUX Proactive\u2122 Fluoruro con 2 filtros y 2 soportes de acero inoxidable para reducir el fluoruro del agua potable, sin al\u00famina.<\/p>","protected":false},"featured_media":48808,"comment_status":"open","ping_status":"closed","template":"","meta":[],"product_brand":[],"product_cat":[2971,3099,3013],"product_tag":[3706,3708,3704,3756,2964,2976,3216,3217,3757,3758,3759,2979,3012],"merk":[3432,3702],"class_list":{"0":"post-48794","1":"product","2":"type-product","3":"status-publish","4":"has-post-thumbnail","6":"product_cat-waterfilters","7":"product_cat-waterfilter-elementen","8":"product_cat-waterfilter-accessoires","9":"product_tag-boroux","10":"product_tag-boroux-foundation-black","11":"product_tag-boroux-foundation-black-filters","12":"product_tag-boroux-proactive-fluoride-filters","13":"product_tag-filter","14":"product_tag-filterelement","15":"product_tag-filterelementen","16":"product_tag-fluoride","17":"product_tag-proactive-fluoride-filters","18":"product_tag-rvs-houders","19":"product_tag-starterkit","20":"product_tag-waterfilter","21":"product_tag-waterfilters","22":"merk-berkey","23":"merk-boroux","25":"first","26":"instock","27":"taxable","28":"shipping-taxable","29":"purchasable","30":"product-type-simple"},"bundled_by":[],"bundle_stock_status":"instock","bundle_stock_quantity":null,"bundle_virtual":false,"bundle_layout":"","bundle_add_to_cart_form_location":"","bundle_editable_in_cart":false,"bundle_sold_individually_context":"","bundle_item_grouping":"","bundle_min_size":"","bundle_max_size":"","bundle_price":[],"bundled_items":[],"bundle_sell_ids":[44176,47576,47890,34341,34462,48825,48681,34416],"yoast_head":"<!-- This site is optimized with the Yoast SEO plugin v26.1 - https:\/\/yoast.com\/wordpress\/plugins\/seo\/ -->\n<title>BOROUX Proactive\u2122 Fluoride filters (2 stuks) - Starterkit (2 filters + 2 RVS houders) - Alternatievemiddelen.nl<\/title>\n<meta name=\"description\" content=\"De BOROUX Proactive\u2122 Fluoride filters starterkit met 2 filters en 2 RVS houders voor het reduceren van fluoride uit drinkwater, zonder aluminiumoxide.\" \/>\n<meta name=\"robots\" content=\"index, follow, max-snippet:-1, max-image-preview:large, max-video-preview:-1\" \/>\n<link rel=\"canonical\" href=\"https:\/\/www.alternatievemiddelen.nl\/es\/wp-json\/wp\/v2\/product\/48794\" \/>\n<meta property=\"og:locale\" content=\"es_ES\" \/>\n<meta property=\"og:type\" content=\"article\" \/>\n<meta property=\"og:title\" content=\"BOROUX Proactive\u2122 Fluoride filters (2 stuks) - Starterkit (2 filters + 2 RVS houders) - Alternatievemiddelen.nl\" \/>\n<meta property=\"og:description\" content=\"De BOROUX Proactive\u2122 Fluoride filters starterkit met 2 filters en 2 RVS houders voor het reduceren van fluoride uit drinkwater, zonder aluminiumoxide.\" \/>\n<meta property=\"og:url\" content=\"https:\/\/www.alternatievemiddelen.nl\/es\/productos\/boroux-proactive-fluoruro-filtros-starter-kit\/\" \/>\n<meta property=\"og:site_name\" content=\"Alternatievemiddelen.nl\" \/>\n<meta property=\"article:publisher\" content=\"https:\/\/www.facebook.com\/alternatievemiddelen\" \/>\n<meta property=\"article:modified_time\" content=\"2025-09-03T14:35:11+00:00\" \/>\n<meta property=\"og:image\" content=\"\/wp-content\/uploads\/2025\/08\/BOROUX-Proactive-Fluoride-filters.jpg\" \/>\n\t<meta property=\"og:image:width\" content=\"1200\" \/>\n\t<meta property=\"og:image:height\" content=\"1600\" \/>\n\t<meta property=\"og:image:type\" content=\"image\/jpeg\" \/>\n<meta name=\"twitter:card\" content=\"summary_large_image\" \/>\n<meta name=\"twitter:label1\" content=\"Tiempo de lectura\" \/>\n\t<meta name=\"twitter:data1\" content=\"6 minutos\" \/>\n<script type=\"application\/ld+json\" class=\"yoast-schema-graph\">{\"@context\":\"https:\/\/schema.org\",\"@graph\":[{\"@type\":[\"WebPage\",\"ItemPage\"],\"@id\":\"https:\/\/www.alternatievemiddelen.nl\/producten\/boroux-proactive-fluoride-filters-starterkit\/\",\"url\":\"https:\/\/www.alternatievemiddelen.nl\/producten\/boroux-proactive-fluoride-filters-starterkit\/\",\"name\":\"BOROUX Proactive\u2122 Fluoride filters (2 stuks) - Starterkit (2 filters + 2 RVS houders) - Alternatievemiddelen.nl\",\"isPartOf\":{\"@id\":\"https:\/\/www.alternatievemiddelen.nl\/#website\"},\"primaryImageOfPage\":{\"@id\":\"https:\/\/www.alternatievemiddelen.nl\/producten\/boroux-proactive-fluoride-filters-starterkit\/#primaryimage\"},\"image\":{\"@id\":\"https:\/\/www.alternatievemiddelen.nl\/producten\/boroux-proactive-fluoride-filters-starterkit\/#primaryimage\"},\"thumbnailUrl\":\"https:\/\/www.alternatievemiddelen.nl\/wp-content\/uploads\/2025\/08\/BOROUX-Proactive-Fluoride-filters.jpg\",\"datePublished\":\"2025-08-28T09:41:25+00:00\",\"dateModified\":\"2025-09-03T14:35:11+00:00\",\"description\":\"De BOROUX Proactive\u2122 Fluoride filters starterkit met 2 filters en 2 RVS houders voor het reduceren van fluoride uit drinkwater, zonder aluminiumoxide.\",\"breadcrumb\":{\"@id\":\"https:\/\/www.alternatievemiddelen.nl\/producten\/boroux-proactive-fluoride-filters-starterkit\/#breadcrumb\"},\"inLanguage\":\"es\",\"potentialAction\":[{\"@type\":\"ReadAction\",\"target\":[\"https:\/\/www.alternatievemiddelen.nl\/producten\/boroux-proactive-fluoride-filters-starterkit\/\"]}]},{\"@type\":\"ImageObject\",\"inLanguage\":\"es\",\"@id\":\"https:\/\/www.alternatievemiddelen.nl\/producten\/boroux-proactive-fluoride-filters-starterkit\/#primaryimage\",\"url\":\"https:\/\/www.alternatievemiddelen.nl\/wp-content\/uploads\/2025\/08\/BOROUX-Proactive-Fluoride-filters.jpg\",\"contentUrl\":\"https:\/\/www.alternatievemiddelen.nl\/wp-content\/uploads\/2025\/08\/BOROUX-Proactive-Fluoride-filters.jpg\",\"width\":1200,\"height\":1600,\"caption\":\"BOROUX Proactive Fluoride filters\"},{\"@type\":\"BreadcrumbList\",\"@id\":\"https:\/\/www.alternatievemiddelen.nl\/producten\/boroux-proactive-fluoride-filters-starterkit\/#breadcrumb\",\"itemListElement\":[{\"@type\":\"ListItem\",\"position\":1,\"name\":\"Home\",\"item\":\"https:\/\/www.alternatievemiddelen.nl\/\"},{\"@type\":\"ListItem\",\"position\":2,\"name\":\"Producten\",\"item\":\"https:\/\/www.alternatievemiddelen.nl\/producten\/\"},{\"@type\":\"ListItem\",\"position\":3,\"name\":\"BOROUX Proactive\u2122 Fluoride filters (2 stuks) &#8211; Starterkit (2 filters + 2 RVS houders)\"}]},{\"@type\":\"WebSite\",\"@id\":\"https:\/\/www.alternatievemiddelen.nl\/#website\",\"url\":\"https:\/\/www.alternatievemiddelen.nl\/\",\"name\":\"Alternatievemiddelen.nl\",\"description\":\"Webshop met gezonde, duurzame en ecologische alternatieve mogelijkheden in de hedendaagse levenstijl. Alles uit eigen ervaring.\",\"publisher\":{\"@id\":\"https:\/\/www.alternatievemiddelen.nl\/#organization\"},\"alternateName\":\"Alternatieve Middelen\",\"potentialAction\":[{\"@type\":\"SearchAction\",\"target\":{\"@type\":\"EntryPoint\",\"urlTemplate\":\"https:\/\/www.alternatievemiddelen.nl\/?s={search_term_string}\"},\"query-input\":{\"@type\":\"PropertyValueSpecification\",\"valueRequired\":true,\"valueName\":\"search_term_string\"}}],\"inLanguage\":\"es\"},{\"@type\":\"Organization\",\"@id\":\"https:\/\/www.alternatievemiddelen.nl\/#organization\",\"name\":\"Alternatievemiddelen.nl\",\"alternateName\":\"Alternatieve Middelen\",\"url\":\"https:\/\/www.alternatievemiddelen.nl\/\",\"logo\":{\"@type\":\"ImageObject\",\"inLanguage\":\"es\",\"@id\":\"https:\/\/www.alternatievemiddelen.nl\/#\/schema\/logo\/image\/\",\"url\":\"https:\/\/www.alternatievemiddelen.nl\/wp-content\/uploads\/2023\/10\/alternatievemiddelen-PNG-logo.png\",\"contentUrl\":\"https:\/\/www.alternatievemiddelen.nl\/wp-content\/uploads\/2023\/10\/alternatievemiddelen-PNG-logo.png\",\"width\":6400,\"height\":3062,\"caption\":\"Alternatievemiddelen.nl\"},\"image\":{\"@id\":\"https:\/\/www.alternatievemiddelen.nl\/#\/schema\/logo\/image\/\"},\"sameAs\":[\"https:\/\/www.facebook.com\/alternatievemiddelen\",\"https:\/\/www.instagram.com\/alternatievemiddelen.nl\/\"]}]}<\/script>\n<!-- \/ Yoast SEO plugin. -->","yoast_head_json":{"title":"BOROUX Proactive\u2122 Fluoride filters (2 stuks) - Starterkit (2 filters + 2 RVS houders) - Alternatievemiddelen.nl","description":"De BOROUX Proactive\u2122 Fluoride filters starterkit met 2 filters en 2 RVS houders voor het reduceren van fluoride uit drinkwater, zonder aluminiumoxide.","robots":{"index":"index","follow":"follow","max-snippet":"max-snippet:-1","max-image-preview":"max-image-preview:large","max-video-preview":"max-video-preview:-1"},"canonical":"https:\/\/www.alternatievemiddelen.nl\/es\/wp-json\/wp\/v2\/product\/48794","og_locale":"es_ES","og_type":"article","og_title":"BOROUX Proactive\u2122 Fluoride filters (2 stuks) - Starterkit (2 filters + 2 RVS houders) - Alternatievemiddelen.nl","og_description":"De BOROUX Proactive\u2122 Fluoride filters starterkit met 2 filters en 2 RVS houders voor het reduceren van fluoride uit drinkwater, zonder aluminiumoxide.","og_url":"https:\/\/www.alternatievemiddelen.nl\/es\/productos\/boroux-proactive-fluoruro-filtros-starter-kit\/","og_site_name":"Alternatievemiddelen.nl","article_publisher":"https:\/\/www.facebook.com\/alternatievemiddelen","article_modified_time":"2025-09-03T14:35:11+00:00","og_image":[{"width":1200,"height":1600,"url":"\/wp-content\/uploads\/2025\/08\/BOROUX-Proactive-Fluoride-filters.jpg","type":"image\/jpeg"}],"twitter_card":"summary_large_image","twitter_misc":{"Tiempo de lectura":"6 minutos"},"schema":{"@context":"https:\/\/schema.org","@graph":[{"@type":["WebPage","ItemPage"],"@id":"https:\/\/www.alternatievemiddelen.nl\/producten\/boroux-proactive-fluoride-filters-starterkit\/","url":"https:\/\/www.alternatievemiddelen.nl\/producten\/boroux-proactive-fluoride-filters-starterkit\/","name":"BOROUX Proactive\u2122 Fluoride filters (2 stuks) - Starterkit (2 filters + 2 RVS houders) - Alternatievemiddelen.nl","isPartOf":{"@id":"https:\/\/www.alternatievemiddelen.nl\/#website"},"primaryImageOfPage":{"@id":"https:\/\/www.alternatievemiddelen.nl\/producten\/boroux-proactive-fluoride-filters-starterkit\/#primaryimage"},"image":{"@id":"https:\/\/www.alternatievemiddelen.nl\/producten\/boroux-proactive-fluoride-filters-starterkit\/#primaryimage"},"thumbnailUrl":"https:\/\/www.alternatievemiddelen.nl\/wp-content\/uploads\/2025\/08\/BOROUX-Proactive-Fluoride-filters.jpg","datePublished":"2025-08-28T09:41:25+00:00","dateModified":"2025-09-03T14:35:11+00:00","description":"De BOROUX Proactive\u2122 Fluoride filters starterkit met 2 filters en 2 RVS houders voor het reduceren van fluoride uit drinkwater, zonder aluminiumoxide.","breadcrumb":{"@id":"https:\/\/www.alternatievemiddelen.nl\/producten\/boroux-proactive-fluoride-filters-starterkit\/#breadcrumb"},"inLanguage":"es","potentialAction":[{"@type":"ReadAction","target":["https:\/\/www.alternatievemiddelen.nl\/producten\/boroux-proactive-fluoride-filters-starterkit\/"]}]},{"@type":"ImageObject","inLanguage":"es","@id":"https:\/\/www.alternatievemiddelen.nl\/producten\/boroux-proactive-fluoride-filters-starterkit\/#primaryimage","url":"https:\/\/www.alternatievemiddelen.nl\/wp-content\/uploads\/2025\/08\/BOROUX-Proactive-Fluoride-filters.jpg","contentUrl":"https:\/\/www.alternatievemiddelen.nl\/wp-content\/uploads\/2025\/08\/BOROUX-Proactive-Fluoride-filters.jpg","width":1200,"height":1600,"caption":"BOROUX Proactive Fluoride filters"},{"@type":"BreadcrumbList","@id":"https:\/\/www.alternatievemiddelen.nl\/producten\/boroux-proactive-fluoride-filters-starterkit\/#breadcrumb","itemListElement":[{"@type":"ListItem","position":1,"name":"Home","item":"https:\/\/www.alternatievemiddelen.nl\/"},{"@type":"ListItem","position":2,"name":"Producten","item":"https:\/\/www.alternatievemiddelen.nl\/producten\/"},{"@type":"ListItem","position":3,"name":"BOROUX Proactive\u2122 Fluoride filters (2 stuks) &#8211; Starterkit (2 filters + 2 RVS houders)"}]},{"@type":"WebSite","@id":"https:\/\/www.alternatievemiddelen.nl\/#website","url":"https:\/\/www.alternatievemiddelen.nl\/","name":"Alternatievemiddelen.nl","description":"Webshop met gezonde, duurzame en ecologische alternatieve mogelijkheden in de hedendaagse levenstijl. Alles uit eigen ervaring.","publisher":{"@id":"https:\/\/www.alternatievemiddelen.nl\/#organization"},"alternateName":"Alternatieve Middelen","potentialAction":[{"@type":"SearchAction","target":{"@type":"EntryPoint","urlTemplate":"https:\/\/www.alternatievemiddelen.nl\/?s={search_term_string}"},"query-input":{"@type":"PropertyValueSpecification","valueRequired":true,"valueName":"search_term_string"}}],"inLanguage":"es"},{"@type":"Organization","@id":"https:\/\/www.alternatievemiddelen.nl\/#organization","name":"Alternatievemiddelen.nl","alternateName":"Alternatieve Middelen","url":"https:\/\/www.alternatievemiddelen.nl\/","logo":{"@type":"ImageObject","inLanguage":"es","@id":"https:\/\/www.alternatievemiddelen.nl\/#\/schema\/logo\/image\/","url":"https:\/\/www.alternatievemiddelen.nl\/wp-content\/uploads\/2023\/10\/alternatievemiddelen-PNG-logo.png","contentUrl":"https:\/\/www.alternatievemiddelen.nl\/wp-content\/uploads\/2023\/10\/alternatievemiddelen-PNG-logo.png","width":6400,"height":3062,"caption":"Alternatievemiddelen.nl"},"image":{"@id":"https:\/\/www.alternatievemiddelen.nl\/#\/schema\/logo\/image\/"},"sameAs":["https:\/\/www.facebook.com\/alternatievemiddelen","https:\/\/www.instagram.com\/alternatievemiddelen.nl\/"]}]}},"_links":{"self":[{"href":"https:\/\/www.alternatievemiddelen.nl\/es\/wp-json\/wp\/v2\/product\/48794","targetHints":{"allow":["GET"]}}],"collection":[{"href":"https:\/\/www.alternatievemiddelen.nl\/es\/wp-json\/wp\/v2\/product"}],"about":[{"href":"https:\/\/www.alternatievemiddelen.nl\/es\/wp-json\/wp\/v2\/types\/product"}],"replies":[{"embeddable":true,"href":"https:\/\/www.alternatievemiddelen.nl\/es\/wp-json\/wp\/v2\/comments?post=48794"}],"wp:featuredmedia":[{"embeddable":true,"href":"https:\/\/www.alternatievemiddelen.nl\/es\/wp-json\/wp\/v2\/media\/48808"}],"wp:attachment":[{"href":"https:\/\/www.alternatievemiddelen.nl\/es\/wp-json\/wp\/v2\/media?parent=48794"}],"wp:term":[{"taxonomy":"product_brand","embeddable":true,"href":"https:\/\/www.alternatievemiddelen.nl\/es\/wp-json\/wp\/v2\/product_brand?post=48794"},{"taxonomy":"product_cat","embeddable":true,"href":"https:\/\/www.alternatievemiddelen.nl\/es\/wp-json\/wp\/v2\/product_cat?post=48794"},{"taxonomy":"product_tag","embeddable":true,"href":"https:\/\/www.alternatievemiddelen.nl\/es\/wp-json\/wp\/v2\/product_tag?post=48794"},{"taxonomy":"merk","embeddable":true,"href":"https:\/\/www.alternatievemiddelen.nl\/es\/wp-json\/wp\/v2\/merk?post=48794"}],"curies":[{"name":"wp","href":"https:\/\/api.w.org\/{rel}","templated":true}]}}