{"id":48872,"date":"2025-09-07T08:06:27","date_gmt":"2025-09-07T06:06:27","guid":{"rendered":"https:\/\/www.alternatievemiddelen.nl\/?post_type=product&#038;p=48872"},"modified":"2026-01-12T18:29:11","modified_gmt":"2026-01-12T17:29:11","slug":"boroux-move-sleeve","status":"publish","type":"product","link":"https:\/\/www.alternatievemiddelen.nl\/es\/productos\/manga-boroux-move\/","title":{"rendered":"Funda BOROUX Move para botella de vidrio BOROUX"},"content":{"rendered":"<p>Mejore su hidrataci\u00f3n sobre la marcha con la funda Move Sleeve de BOROUX: una funda de acero inoxidable de alta calidad y doble pared dise\u00f1ada para proteger su botella y mantener sus bebidas calientes o fr\u00edas durante horas. Mantiene el hielo congelado todo el d\u00eda. Fabricada en acero inoxidable 304 apto para uso alimentario con un ajuste perfecto para la <a href=\"https:\/\/www.alternatievemiddelen.nl\/es\/productos\/botella-de-vidrio-boroux\/\">BOROUX botella de vidrio de 500 ml<\/a>combina un dise\u00f1o elegante con un potente aislamiento. Tanto si est\u00e1s de viaje, de acampada o trabajando en tu cafeter\u00eda favorita, la funda Move Sleeve ofrece una protecci\u00f3n sofisticada para tu bebida y tu botella.<\/p>\n<p><b>Este producto se refiere \u00fanicamente al manguito BOROUX Move. El <a href=\"https:\/\/www.alternatievemiddelen.nl\/es\/productos\/botella-de-vidrio-boroux\/\">Botella de cristal BOROUX<\/a> debe adquirirse por separado u optar por el <a href=\"https:\/\/www.alternatievemiddelen.nl\/es\/productos\/juego-de-botellas-de-vidrio-boroux\/\">Set econ\u00f3mico con la botella para beber y la funda Move Sleeve<\/a>.<\/b><br \/>\n&nbsp;<\/p>\n<h3>Rendimiento t\u00e9rmico, est\u00e9tica refinada<\/h3>\n<p>Disfrute durante horas de bebidas perfectamente fr\u00edas o al rojo vivo con nuestra funda de acero inoxidable aislada al vac\u00edo. Su dise\u00f1o minimalista y su acabado satinado la hacen tan elegante como funcional: una declaraci\u00f3n de elegancia cotidiana.<br \/>\n&nbsp;<\/p>\n<h3>Protege lo que importa con la funda BOROUX Move Sleeve<\/h3>\n<p>Dise\u00f1ada para proteger tu botella de vidrio de grietas y golpes, la funda Move Sleeve tiene un dise\u00f1o ajustado con un anillo de goma blanca para mayor estabilidad (en la parte inferior). Tanto si vas al gimnasio, a la oficina o a la naturaleza, mantendr\u00e1 tu botella a salvo y tu bebida a la temperatura perfecta.<br \/>\n&nbsp;<\/p>\n<h3>Su compa\u00f1ero diario<\/h3>\n<p>Dise\u00f1ado para un estilo de vida din\u00e1mico - el Move Sleeve transforma tu <a href=\"https:\/\/www.alternatievemiddelen.nl\/es\/productos\/botella-de-vidrio-boroux\/\">Botella de cristal BOROUX<\/a> f\u00e1cilmente en una taza de viaje o termo y mantiene tus bebidas fr\u00edas fr\u00edas y tus bebidas calientes calientes. Es tu compa\u00f1ero de hidrataci\u00f3n definitivo dondequiera que te lleve la vida.<br \/>\n&nbsp;<\/p>\n<h3>Caracter\u00edsticas principales del manguito BOROUX Move<\/h3>\n<p>\u2714 Adecuado para el <a href=\"https:\/\/www.alternatievemiddelen.nl\/es\/productos\/botella-de-vidrio-boroux\/\">BOROUX botella de vidrio de 500 ml<\/a><br \/>\n\u2714 Apto para bebidas fr\u00edas o hirviendo (en la botella de cristal)<br \/>\n\u2714 Aislamiento al vac\u00edo de doble pared<br \/>\n\u2714 Dimensiones: altura de 20,8 cm y un di\u00e1metro de \u00d8 7,9 cm<br \/>\n\u2714 Resistencia al choque t\u00e9rmico (resistente a los cambios de temperatura)<br \/>\n\u2714 Amplia abertura para facilitar la limpieza<br \/>\nAcero inoxidable de calidad alimentaria (304)<br \/>\n\u2714 Resistente al sudor y a los pinchazos<br \/>\n\u2714 Incluye anillo de goma antideslizante para en la parte inferior<br \/>\n\u2714 El BOROUX Move Sleeve s\u00f3lo debe lavarse a mano<br \/>\n\u2714 Tambi\u00e9n disponible en <a href=\"https:\/\/www.alternatievemiddelen.nl\/es\/productos\/juego-de-botellas-de-vidrio-boroux\/\">conjunto ventajoso<\/a>incluyendo la botella de vidrio BOROUX<br \/>\n&nbsp;<\/p>\n<h4><u>Puesta en servicio:<\/u><\/h4>\n<p>1. Desenrosque el anillo roscado.<br \/>\n2. Coloque su <a href=\"https:\/\/www.alternatievemiddelen.nl\/es\/productos\/botella-de-vidrio-boroux\/\">Botella de cristal BOROUX<\/a> en la manga.<br \/>\n3. Vuelva a enroscar el anillo roscado.<br \/>\n4. Si el anillo roscado no se aprieta completamente, basta con retirar la botella para beber y, a continuaci\u00f3n, retirar el anillo de silicona de la parte inferior del manguito. Vuelva a colocar la botella de bebida en el manguito y enrosque de nuevo el anillo roscado.<\/p>\n<p>Consulte nuestra <a href=\"https:\/\/www.alternatievemiddelen.nl\/es\/la-biblioteca\/\">biblioteca<\/a>que incluye manuales y respuestas a las preguntas m\u00e1s frecuentes.<\/p>","protected":false},"excerpt":{"rendered":"<p>La funda BOROUX Move Sleeve es una funda de acero inoxidable de alta calidad y doble pared que protege su botella y mantiene sus bebidas calientes o fr\u00edas durante horas.<\/p>","protected":false},"featured_media":48878,"comment_status":"open","ping_status":"closed","template":"","meta":[],"product_brand":[],"product_cat":[2983,2984,2924,3569],"product_tag":[3137,3760,3766,3115,3255,3706,2975,2987,2929,3116,3117,2875,3118,3119,3120,3121,3765,3004,2989,3122,2921,2879,2990,2880,2991,2967,2992,3142,2885,2995],"merk":[3702],"class_list":{"0":"post-48872","1":"product","2":"type-product","3":"status-publish","4":"has-post-thumbnail","6":"product_cat-drinkflessen","7":"product_cat-drinkfles","8":"product_cat-duurzame-huishoudelijke-producten","9":"product_cat-overige-duurzame-huishoudelijke-producten","10":"product_tag-0-5l","11":"product_tag-500-ml","12":"product_tag-bescherming","13":"product_tag-borosilicaat-glas","14":"product_tag-borosilicaatglas","15":"product_tag-boroux","16":"product_tag-bpa-vrij","17":"product_tag-drinkfles","18":"product_tag-duurzaam","19":"product_tag-fruit","20":"product_tag-gezond","21":"product_tag-gezondheid","22":"product_tag-glas","23":"product_tag-glazen-drinkfles","24":"product_tag-glazen-fles","25":"product_tag-lekvrij","26":"product_tag-move-sleeve","27":"product_tag-onderweg","28":"product_tag-outdoor","29":"product_tag-plasticreductie","30":"product_tag-reizen","31":"product_tag-roestvrij-staal","32":"product_tag-roestvrijstalen-waterfles","33":"product_tag-rvs","34":"product_tag-school","35":"product_tag-schoon","36":"product_tag-sport","37":"product_tag-thermisch","38":"product_tag-water","39":"product_tag-werk","40":"merk-boroux","42":"first","43":"instock","44":"taxable","45":"shipping-taxable","46":"purchasable","47":"product-type-simple"},"bundled_by":[],"bundle_stock_status":"instock","bundle_stock_quantity":null,"bundle_virtual":false,"bundle_layout":"","bundle_add_to_cart_form_location":"","bundle_editable_in_cart":false,"bundle_sold_individually_context":"","bundle_item_grouping":"","bundle_min_size":"","bundle_max_size":"","bundle_price":[],"bundled_items":[],"bundle_sell_ids":[44176,48859],"yoast_head":"<!-- This site is optimized with the Yoast SEO plugin v26.1 - https:\/\/yoast.com\/wordpress\/plugins\/seo\/ -->\n<title>BOROUX Move Sleeve t.b.v. BOROUX glazen drinkfles - Alternatievemiddelen.nl<\/title>\n<meta name=\"description\" content=\"De BOROUX Move Sleeve is een hoogwaardige, dubbelwandige roestvrijstalen sleeve die jouw fles beschermt en jouw drankjes urenlang warm of koud te houdt.\" \/>\n<meta name=\"robots\" content=\"index, follow, max-snippet:-1, max-image-preview:large, max-video-preview:-1\" \/>\n<link rel=\"canonical\" href=\"https:\/\/www.alternatievemiddelen.nl\/es\/wp-json\/wp\/v2\/product\/48872\" \/>\n<meta property=\"og:locale\" content=\"es_ES\" \/>\n<meta property=\"og:type\" content=\"article\" \/>\n<meta property=\"og:title\" content=\"BOROUX Move Sleeve t.b.v. BOROUX glazen drinkfles - Alternatievemiddelen.nl\" \/>\n<meta property=\"og:description\" content=\"De BOROUX Move Sleeve is een hoogwaardige, dubbelwandige roestvrijstalen sleeve die jouw fles beschermt en jouw drankjes urenlang warm of koud te houdt.\" \/>\n<meta property=\"og:url\" content=\"https:\/\/www.alternatievemiddelen.nl\/es\/productos\/manga-boroux-move\/\" \/>\n<meta property=\"og:site_name\" content=\"Alternatievemiddelen.nl\" \/>\n<meta property=\"article:modified_time\" content=\"2026-01-12T17:29:11+00:00\" \/>\n<meta property=\"og:image\" content=\"\/wp-content\/uploads\/2025\/09\/BOROUX-move-sleeve.jpg\" \/>\n\t<meta property=\"og:image:width\" content=\"1200\" \/>\n\t<meta property=\"og:image:height\" content=\"1600\" \/>\n\t<meta property=\"og:image:type\" content=\"image\/jpeg\" \/>\n<meta name=\"twitter:card\" content=\"summary_large_image\" \/>\n<meta name=\"twitter:label1\" content=\"Tiempo de lectura\" \/>\n\t<meta name=\"twitter:data1\" content=\"3 minutos\" \/>\n<script type=\"application\/ld+json\" class=\"yoast-schema-graph\">{\"@context\":\"https:\/\/schema.org\",\"@graph\":[{\"@type\":[\"WebPage\",\"ItemPage\"],\"@id\":\"https:\/\/www.alternatievemiddelen.nl\/producten\/boroux-move-sleeve\/\",\"url\":\"https:\/\/www.alternatievemiddelen.nl\/producten\/boroux-move-sleeve\/\",\"name\":\"BOROUX Move Sleeve t.b.v. BOROUX glazen drinkfles - Alternatievemiddelen.nl\",\"isPartOf\":{\"@id\":\"https:\/\/www.alternatievemiddelen.nl\/#website\"},\"primaryImageOfPage\":{\"@id\":\"https:\/\/www.alternatievemiddelen.nl\/producten\/boroux-move-sleeve\/#primaryimage\"},\"image\":{\"@id\":\"https:\/\/www.alternatievemiddelen.nl\/producten\/boroux-move-sleeve\/#primaryimage\"},\"thumbnailUrl\":\"https:\/\/www.alternatievemiddelen.nl\/wp-content\/uploads\/2025\/09\/BOROUX-move-sleeve.jpg\",\"datePublished\":\"2025-09-07T06:06:27+00:00\",\"dateModified\":\"2026-01-12T17:29:11+00:00\",\"description\":\"De BOROUX Move Sleeve is een hoogwaardige, dubbelwandige roestvrijstalen sleeve die jouw fles beschermt en jouw drankjes urenlang warm of koud te houdt.\",\"breadcrumb\":{\"@id\":\"https:\/\/www.alternatievemiddelen.nl\/producten\/boroux-move-sleeve\/#breadcrumb\"},\"inLanguage\":\"es\",\"potentialAction\":[{\"@type\":\"ReadAction\",\"target\":[\"https:\/\/www.alternatievemiddelen.nl\/producten\/boroux-move-sleeve\/\"]}]},{\"@type\":\"ImageObject\",\"inLanguage\":\"es\",\"@id\":\"https:\/\/www.alternatievemiddelen.nl\/producten\/boroux-move-sleeve\/#primaryimage\",\"url\":\"https:\/\/www.alternatievemiddelen.nl\/wp-content\/uploads\/2025\/09\/BOROUX-move-sleeve.jpg\",\"contentUrl\":\"https:\/\/www.alternatievemiddelen.nl\/wp-content\/uploads\/2025\/09\/BOROUX-move-sleeve.jpg\",\"width\":1200,\"height\":1600,\"caption\":\"BOROUX Move Sleeve\"},{\"@type\":\"BreadcrumbList\",\"@id\":\"https:\/\/www.alternatievemiddelen.nl\/producten\/boroux-move-sleeve\/#breadcrumb\",\"itemListElement\":[{\"@type\":\"ListItem\",\"position\":1,\"name\":\"Home\",\"item\":\"https:\/\/www.alternatievemiddelen.nl\/\"},{\"@type\":\"ListItem\",\"position\":2,\"name\":\"Producten\",\"item\":\"https:\/\/www.alternatievemiddelen.nl\/producten\/\"},{\"@type\":\"ListItem\",\"position\":3,\"name\":\"BOROUX Move Sleeve t.b.v. BOROUX glazen drinkfles\"}]},{\"@type\":\"WebSite\",\"@id\":\"https:\/\/www.alternatievemiddelen.nl\/#website\",\"url\":\"https:\/\/www.alternatievemiddelen.nl\/\",\"name\":\"Alternatievemiddelen.nl\",\"description\":\"Webshop met gezonde, duurzame en ecologische alternatieve mogelijkheden in de hedendaagse levenstijl. Alles uit eigen ervaring.\",\"publisher\":{\"@id\":\"https:\/\/www.alternatievemiddelen.nl\/#organization\"},\"potentialAction\":[{\"@type\":\"SearchAction\",\"target\":{\"@type\":\"EntryPoint\",\"urlTemplate\":\"https:\/\/www.alternatievemiddelen.nl\/?s={search_term_string}\"},\"query-input\":{\"@type\":\"PropertyValueSpecification\",\"valueRequired\":true,\"valueName\":\"search_term_string\"}}],\"inLanguage\":\"es\"},{\"@type\":\"Organization\",\"@id\":\"https:\/\/www.alternatievemiddelen.nl\/#organization\",\"name\":\"Alternatievemiddelen.nl\",\"url\":\"https:\/\/www.alternatievemiddelen.nl\/\",\"logo\":{\"@type\":\"ImageObject\",\"inLanguage\":\"es\",\"@id\":\"https:\/\/www.alternatievemiddelen.nl\/#\/schema\/logo\/image\/\",\"url\":\"https:\/\/www.alternatievemiddelen.nl\/wp-content\/uploads\/2023\/10\/alternatievemiddelen-PNG-logo.png\",\"contentUrl\":\"https:\/\/www.alternatievemiddelen.nl\/wp-content\/uploads\/2023\/10\/alternatievemiddelen-PNG-logo.png\",\"width\":6400,\"height\":3062,\"caption\":\"Alternatievemiddelen.nl\"},\"image\":{\"@id\":\"https:\/\/www.alternatievemiddelen.nl\/#\/schema\/logo\/image\/\"}}]}<\/script>\n<!-- \/ Yoast SEO plugin. -->","yoast_head_json":{"title":"BOROUX Move Sleeve t.b.v. BOROUX glazen drinkfles - Alternatievemiddelen.nl","description":"De BOROUX Move Sleeve is een hoogwaardige, dubbelwandige roestvrijstalen sleeve die jouw fles beschermt en jouw drankjes urenlang warm of koud te houdt.","robots":{"index":"index","follow":"follow","max-snippet":"max-snippet:-1","max-image-preview":"max-image-preview:large","max-video-preview":"max-video-preview:-1"},"canonical":"https:\/\/www.alternatievemiddelen.nl\/es\/wp-json\/wp\/v2\/product\/48872","og_locale":"es_ES","og_type":"article","og_title":"BOROUX Move Sleeve t.b.v. BOROUX glazen drinkfles - Alternatievemiddelen.nl","og_description":"De BOROUX Move Sleeve is een hoogwaardige, dubbelwandige roestvrijstalen sleeve die jouw fles beschermt en jouw drankjes urenlang warm of koud te houdt.","og_url":"https:\/\/www.alternatievemiddelen.nl\/es\/productos\/manga-boroux-move\/","og_site_name":"Alternatievemiddelen.nl","article_modified_time":"2026-01-12T17:29:11+00:00","og_image":[{"width":1200,"height":1600,"url":"\/wp-content\/uploads\/2025\/09\/BOROUX-move-sleeve.jpg","type":"image\/jpeg"}],"twitter_card":"summary_large_image","twitter_misc":{"Tiempo de lectura":"3 minutos"},"schema":{"@context":"https:\/\/schema.org","@graph":[{"@type":["WebPage","ItemPage"],"@id":"https:\/\/www.alternatievemiddelen.nl\/producten\/boroux-move-sleeve\/","url":"https:\/\/www.alternatievemiddelen.nl\/producten\/boroux-move-sleeve\/","name":"BOROUX Move Sleeve t.b.v. BOROUX glazen drinkfles - Alternatievemiddelen.nl","isPartOf":{"@id":"https:\/\/www.alternatievemiddelen.nl\/#website"},"primaryImageOfPage":{"@id":"https:\/\/www.alternatievemiddelen.nl\/producten\/boroux-move-sleeve\/#primaryimage"},"image":{"@id":"https:\/\/www.alternatievemiddelen.nl\/producten\/boroux-move-sleeve\/#primaryimage"},"thumbnailUrl":"https:\/\/www.alternatievemiddelen.nl\/wp-content\/uploads\/2025\/09\/BOROUX-move-sleeve.jpg","datePublished":"2025-09-07T06:06:27+00:00","dateModified":"2026-01-12T17:29:11+00:00","description":"De BOROUX Move Sleeve is een hoogwaardige, dubbelwandige roestvrijstalen sleeve die jouw fles beschermt en jouw drankjes urenlang warm of koud te houdt.","breadcrumb":{"@id":"https:\/\/www.alternatievemiddelen.nl\/producten\/boroux-move-sleeve\/#breadcrumb"},"inLanguage":"es","potentialAction":[{"@type":"ReadAction","target":["https:\/\/www.alternatievemiddelen.nl\/producten\/boroux-move-sleeve\/"]}]},{"@type":"ImageObject","inLanguage":"es","@id":"https:\/\/www.alternatievemiddelen.nl\/producten\/boroux-move-sleeve\/#primaryimage","url":"https:\/\/www.alternatievemiddelen.nl\/wp-content\/uploads\/2025\/09\/BOROUX-move-sleeve.jpg","contentUrl":"https:\/\/www.alternatievemiddelen.nl\/wp-content\/uploads\/2025\/09\/BOROUX-move-sleeve.jpg","width":1200,"height":1600,"caption":"BOROUX Move Sleeve"},{"@type":"BreadcrumbList","@id":"https:\/\/www.alternatievemiddelen.nl\/producten\/boroux-move-sleeve\/#breadcrumb","itemListElement":[{"@type":"ListItem","position":1,"name":"Home","item":"https:\/\/www.alternatievemiddelen.nl\/"},{"@type":"ListItem","position":2,"name":"Producten","item":"https:\/\/www.alternatievemiddelen.nl\/producten\/"},{"@type":"ListItem","position":3,"name":"BOROUX Move Sleeve t.b.v. BOROUX glazen drinkfles"}]},{"@type":"WebSite","@id":"https:\/\/www.alternatievemiddelen.nl\/#website","url":"https:\/\/www.alternatievemiddelen.nl\/","name":"Alternatievemiddelen.nl","description":"Webshop met gezonde, duurzame en ecologische alternatieve mogelijkheden in de hedendaagse levenstijl. Alles uit eigen ervaring.","publisher":{"@id":"https:\/\/www.alternatievemiddelen.nl\/#organization"},"potentialAction":[{"@type":"SearchAction","target":{"@type":"EntryPoint","urlTemplate":"https:\/\/www.alternatievemiddelen.nl\/?s={search_term_string}"},"query-input":{"@type":"PropertyValueSpecification","valueRequired":true,"valueName":"search_term_string"}}],"inLanguage":"es"},{"@type":"Organization","@id":"https:\/\/www.alternatievemiddelen.nl\/#organization","name":"Alternatievemiddelen.nl","url":"https:\/\/www.alternatievemiddelen.nl\/","logo":{"@type":"ImageObject","inLanguage":"es","@id":"https:\/\/www.alternatievemiddelen.nl\/#\/schema\/logo\/image\/","url":"https:\/\/www.alternatievemiddelen.nl\/wp-content\/uploads\/2023\/10\/alternatievemiddelen-PNG-logo.png","contentUrl":"https:\/\/www.alternatievemiddelen.nl\/wp-content\/uploads\/2023\/10\/alternatievemiddelen-PNG-logo.png","width":6400,"height":3062,"caption":"Alternatievemiddelen.nl"},"image":{"@id":"https:\/\/www.alternatievemiddelen.nl\/#\/schema\/logo\/image\/"}}]}},"_links":{"self":[{"href":"https:\/\/www.alternatievemiddelen.nl\/es\/wp-json\/wp\/v2\/product\/48872","targetHints":{"allow":["GET"]}}],"collection":[{"href":"https:\/\/www.alternatievemiddelen.nl\/es\/wp-json\/wp\/v2\/product"}],"about":[{"href":"https:\/\/www.alternatievemiddelen.nl\/es\/wp-json\/wp\/v2\/types\/product"}],"replies":[{"embeddable":true,"href":"https:\/\/www.alternatievemiddelen.nl\/es\/wp-json\/wp\/v2\/comments?post=48872"}],"wp:featuredmedia":[{"embeddable":true,"href":"https:\/\/www.alternatievemiddelen.nl\/es\/wp-json\/wp\/v2\/media\/48878"}],"wp:attachment":[{"href":"https:\/\/www.alternatievemiddelen.nl\/es\/wp-json\/wp\/v2\/media?parent=48872"}],"wp:term":[{"taxonomy":"product_brand","embeddable":true,"href":"https:\/\/www.alternatievemiddelen.nl\/es\/wp-json\/wp\/v2\/product_brand?post=48872"},{"taxonomy":"product_cat","embeddable":true,"href":"https:\/\/www.alternatievemiddelen.nl\/es\/wp-json\/wp\/v2\/product_cat?post=48872"},{"taxonomy":"product_tag","embeddable":true,"href":"https:\/\/www.alternatievemiddelen.nl\/es\/wp-json\/wp\/v2\/product_tag?post=48872"},{"taxonomy":"merk","embeddable":true,"href":"https:\/\/www.alternatievemiddelen.nl\/es\/wp-json\/wp\/v2\/merk?post=48872"}],"curies":[{"name":"wp","href":"https:\/\/api.w.org\/{rel}","templated":true}]}}