{"id":49077,"date":"2025-09-22T10:24:07","date_gmt":"2025-09-22T08:24:07","guid":{"rendered":"https:\/\/www.alternatievemiddelen.nl\/?post_type=product&#038;p=49077"},"modified":"2026-03-28T02:28:32","modified_gmt":"2026-03-28T01:28:32","slug":"baby-flow-thee","status":"publish","type":"product","link":"https:\/\/www.alternatievemiddelen.nl\/es\/productos\/te-baby-flow\/","title":{"rendered":"T\u00e9 Baby Flow | T\u00e9 de la ovulaci\u00f3n - 75 gr"},"content":{"rendered":"<p>Experimenta el poder del t\u00e9 Baby Flow con hierbas cuidadosamente seleccionadas inspiradas en el viaje hacia una nueva vida.<br \/>\n- Favorece el equilibrio natural durante momentos especiales del ciclo<br \/>\n- Mezcla de especias, mezclada a mano<br \/>\n- Contenido: 75 gramos<br \/>\n- 100% descafeinado<br \/>\n&nbsp;<\/p>\n<h3>Ingredientes:<\/h3>\n<p>Manto de mujer, hojas de frambuesa, melisa, ortiga, pasiflora, tr\u00e9bol rojo, jengibre, ang\u00e9lica, berro de plata, bayas de goji, menta piperita, granada<br \/>\n&nbsp;<\/p>\n<h3>\u00bfQu\u00e9 es el t\u00e9 Baby Flow?<\/h3>\n<p>El t\u00e9 Baby Flow es una mezcla de hierbas org\u00e1nicas que contiene la exclusiva mezcla New Life. Esta infusi\u00f3n ha sido cuidadosamente formulada para ayudar a las mujeres en momentos especiales de su ciclo y en su viaje hacia una nueva etapa. La infusi\u00f3n a granel facilita la preparaci\u00f3n de una deliciosa taza o tetera y permite disfrutar plenamente de este ritual relajante.<br \/>\n&nbsp;<\/p>\n<h3>\u00bfC\u00f3mo funciona el t\u00e9 Baby Flow?<\/h3>\n<p>El t\u00e9 Baby Flow contiene algunas hierbas que pueden contribuir a tu equilibrio hormonal.<\/p>\n<ul>\n<li>Ortiga: Rica en minerales como el hierro y el calcio, que pueden contribuir a una circulaci\u00f3n sangu\u00ednea sana y al equilibrio hormonal*.<\/li>\n<li>Melisa: Conocida por su efecto calmante, ayuda a reducir el estr\u00e9s, lo que es importante para un ciclo regular y una ovulaci\u00f3n sana.*<\/li>\n<li>Manto de mujer: Tradicionalmente utilizado para fortalecer el \u00fatero y favorecer las fluctuaciones hormonales, lo que puede ser beneficioso para un ciclo regular*.<\/li>\n<li>Hoja de frambuesa: Ayuda a fortalecer la pared uterina y puede contribuir a equilibrar el ciclo*.<\/li>\n<li>Pasiflora (hierba): Favorece la relajaci\u00f3n y reduce el estr\u00e9s, lo que puede tener un efecto positivo en los procesos hormonales.*<\/li>\n<li>Tr\u00e9bol rojo: Contiene fitoestr\u00f3genos vegetales que pueden favorecer el equilibrio hormonal, lo que puede contribuir a un ciclo regular*.<\/li>\n<li>Jengibre: conocido por estimular la circulaci\u00f3n sangu\u00ednea, lo que puede favorecer la funci\u00f3n uterina y la ovulaci\u00f3n*.<\/li>\n<li>Menta piperita: Puede ayudar a regular las hormonas y favorecer una digesti\u00f3n sana, lo que indirectamente puede favorecer el equilibrio hormonal*.<\/li>\n<li>Ra\u00edz de ang\u00e9lica: A menudo utilizada en la herborister\u00eda tradicional para favorecer el flujo sangu\u00edneo a la regi\u00f3n p\u00e9lvica y apoyar el ciclo*.<\/li>\n<li>Bayas de Goji: Ricas en antioxidantes y nutrientes que pueden favorecer la fertilidad en general*.<\/li>\n<li>Granada: Contiene sustancias naturales que pueden favorecer el flujo sangu\u00edneo y la mucosa del \u00fatero, lo que es beneficioso para el ciclo y la ovulaci\u00f3n*.<\/li>\n<li>Silverspur: Conocido por su efecto regulador sobre el sistema hormonal femenino, que puede ayudar a mantener un ciclo regular y una ovulaci\u00f3n sana.<\/li>\n<\/ul>\n<p>&nbsp;<br \/>\nEstas hierbas se utilizan a menudo en la medicina tradicional como parte de un enfoque hol\u00edstico para apoyar la salud reproductiva femenina.<br \/>\n&nbsp;<br \/>\n<i>* Debido a la legislaci\u00f3n vigente, s\u00f3lo puede compartirse informaci\u00f3n limitada sobre los usos potenciales de las hierbas de este t\u00e9. Las declaraciones de propiedades saludables est\u00e1n pendientes de aprobaci\u00f3n por la Comisi\u00f3n Europea.<\/i><br \/>\n&nbsp;<\/p>\n<h4>Contenido:<\/h4>\n<p>Un paquete de t\u00e9 Baby Flow contiene 75 gramos de t\u00e9 de hierbas a granel. Esto es m\u00e1s que suficiente para un mes, si bebieras una o dos tazas de t\u00e9 al d\u00eda.<br \/>\nEl producto es vegano y no contiene cafe\u00edna, por lo que tambi\u00e9n es ideal para tomar por la noche.<br \/>\n&nbsp;<\/p>\n<h4>Consejos de ajuste<\/h4>\n<p>C\u00f3mo utilizar y preparar el t\u00e9 Moon Flow se puede leer en <a href=\"https:\/\/www.alternatievemiddelen.nl\/es\/como-utilizar-y-preparar-el-te-moon-flow\/\">nuestra p\u00e1gina dedicada en nuestra biblioteca<\/a>. O lea las respuestas en <a href=\"https:\/\/www.alternatievemiddelen.nl\/es\/preguntas-frecuentes-moon-flow-tea\/\">preguntas frecuentes T\u00e9 Moon Flow<\/a>.<br \/>\n&nbsp;<br \/>\n&nbsp;<br \/>\n<b>\u00a1Atenci\u00f3n!<\/b><br \/>\n- La tisana no sustituye el consejo ni el tratamiento m\u00e9dico; consulte siempre a su m\u00e9dico si tiene alguna duda.<\/p>\n<p>- Si padece alguna enfermedad, toma medicaci\u00f3n, est\u00e1 embarazada o en per\u00edodo de lactancia, consulte a su m\u00e9dico o matrona antes de tomar esta infusi\u00f3n.<\/p>\n<p>- Este t\u00e9 est\u00e1 especialmente dise\u00f1ado para adultos.<\/p>","protected":false},"excerpt":{"rendered":"<p>La infusi\u00f3n Baby Flow se ha formulado cuidadosamente para ayudar a las mujeres en momentos especiales de su ciclo (ovulaci\u00f3n) y en su viaje hacia una nueva fase.<\/p>\n<p><b>\u00bfAprovecha los descuentos de los paquetes? Configure su <a href=\"https:\/\/www.alternatievemiddelen.nl\/es\/productos\/kit-de-iniciacion-al-te-moon-flow\/\"><b>Crea tu propio paquete de productos de t\u00e9 Moon Flow<\/b><\/a> y reciba un descuento.<\/b>\t<\/p>","protected":false},"featured_media":49084,"comment_status":"open","ping_status":"closed","template":"","meta":[],"product_brand":[],"product_cat":[3042,3770],"product_tag":[3791,3792,2951,3086,2875,3780,3779,3776,3794,3793,3786,3784,3089],"merk":[3768],"class_list":{"0":"post-49077","1":"product","2":"type-product","3":"status-publish","4":"has-post-thumbnail","6":"product_cat-gezonde-voedingsmiddelen","7":"product_cat-baby-flow-thee-ovulatie-thee","8":"product_tag-baby-flow","9":"product_tag-baby-flow-thee","10":"product_tag-biologisch","11":"product_tag-cafeinevrij","12":"product_tag-gezondheid","13":"product_tag-hormoonbalans","14":"product_tag-kruidenthee","15":"product_tag-moon-flow","16":"product_tag-ovulatie","17":"product_tag-ovulatie-thee","18":"product_tag-ovulaties","19":"product_tag-rugpijn","20":"product_tag-thee","21":"merk-moon-flow-thee","23":"first","24":"instock","25":"taxable","26":"shipping-taxable","27":"purchasable","28":"product-type-simple"},"bundled_by":["49136"],"bundle_stock_status":"instock","bundle_stock_quantity":null,"bundle_virtual":false,"bundle_layout":"","bundle_add_to_cart_form_location":"","bundle_editable_in_cart":false,"bundle_sold_individually_context":"","bundle_item_grouping":"","bundle_min_size":"","bundle_max_size":"","bundle_price":[],"bundled_items":[],"bundle_sell_ids":[44176,48986,49050,49058],"yoast_head":"<!-- This site is optimized with the Yoast SEO plugin v26.1 - https:\/\/yoast.com\/wordpress\/plugins\/seo\/ -->\n<title>Baby Flow thee | Ovulatie thee - 75 gr - Alternatievemiddelen.nl<\/title>\n<meta name=\"description\" content=\"Baby Flow thee is zorgvuldig samengesteld om vrouwen te ondersteunen tijdens bijzondere momenten in hun cyclus (ovulatie) en hun reis naar een nieuwe fase.\" \/>\n<meta name=\"robots\" content=\"index, follow, max-snippet:-1, max-image-preview:large, max-video-preview:-1\" \/>\n<link rel=\"canonical\" href=\"https:\/\/www.alternatievemiddelen.nl\/es\/wp-json\/wp\/v2\/product\/49077\" \/>\n<meta property=\"og:locale\" content=\"es_ES\" \/>\n<meta property=\"og:type\" content=\"article\" \/>\n<meta property=\"og:title\" content=\"Baby Flow thee | Ovulatie thee - 75 gr - Alternatievemiddelen.nl\" \/>\n<meta property=\"og:description\" content=\"Baby Flow thee is zorgvuldig samengesteld om vrouwen te ondersteunen tijdens bijzondere momenten in hun cyclus (ovulatie) en hun reis naar een nieuwe fase.\" \/>\n<meta property=\"og:url\" content=\"https:\/\/www.alternatievemiddelen.nl\/es\/productos\/te-baby-flow\/\" \/>\n<meta property=\"og:site_name\" content=\"Alternatievemiddelen.nl\" \/>\n<meta property=\"article:modified_time\" content=\"2026-03-28T01:28:32+00:00\" \/>\n<meta property=\"og:image\" content=\"\/wp-content\/uploads\/2025\/09\/Baby-Flow-thee-1.jpg\" \/>\n\t<meta property=\"og:image:width\" content=\"1200\" \/>\n\t<meta property=\"og:image:height\" content=\"1600\" \/>\n\t<meta property=\"og:image:type\" content=\"image\/jpeg\" \/>\n<meta name=\"twitter:card\" content=\"summary_large_image\" \/>\n<meta name=\"twitter:label1\" content=\"Tiempo de lectura\" \/>\n\t<meta name=\"twitter:data1\" content=\"3 minutos\" \/>\n<script type=\"application\/ld+json\" class=\"yoast-schema-graph\">{\"@context\":\"https:\/\/schema.org\",\"@graph\":[{\"@type\":[\"WebPage\",\"ItemPage\"],\"@id\":\"https:\/\/www.alternatievemiddelen.nl\/producten\/baby-flow-thee\/\",\"url\":\"https:\/\/www.alternatievemiddelen.nl\/producten\/baby-flow-thee\/\",\"name\":\"Baby Flow thee | Ovulatie thee - 75 gr - Alternatievemiddelen.nl\",\"isPartOf\":{\"@id\":\"https:\/\/www.alternatievemiddelen.nl\/#website\"},\"primaryImageOfPage\":{\"@id\":\"https:\/\/www.alternatievemiddelen.nl\/producten\/baby-flow-thee\/#primaryimage\"},\"image\":{\"@id\":\"https:\/\/www.alternatievemiddelen.nl\/producten\/baby-flow-thee\/#primaryimage\"},\"thumbnailUrl\":\"https:\/\/www.alternatievemiddelen.nl\/wp-content\/uploads\/2025\/09\/Baby-Flow-thee-1.jpg\",\"datePublished\":\"2025-09-22T08:24:07+00:00\",\"dateModified\":\"2026-03-28T01:28:32+00:00\",\"description\":\"Baby Flow thee is zorgvuldig samengesteld om vrouwen te ondersteunen tijdens bijzondere momenten in hun cyclus (ovulatie) en hun reis naar een nieuwe fase.\",\"breadcrumb\":{\"@id\":\"https:\/\/www.alternatievemiddelen.nl\/producten\/baby-flow-thee\/#breadcrumb\"},\"inLanguage\":\"es\",\"potentialAction\":[{\"@type\":\"ReadAction\",\"target\":[\"https:\/\/www.alternatievemiddelen.nl\/producten\/baby-flow-thee\/\"]}]},{\"@type\":\"ImageObject\",\"inLanguage\":\"es\",\"@id\":\"https:\/\/www.alternatievemiddelen.nl\/producten\/baby-flow-thee\/#primaryimage\",\"url\":\"https:\/\/www.alternatievemiddelen.nl\/wp-content\/uploads\/2025\/09\/Baby-Flow-thee-1.jpg\",\"contentUrl\":\"https:\/\/www.alternatievemiddelen.nl\/wp-content\/uploads\/2025\/09\/Baby-Flow-thee-1.jpg\",\"width\":1200,\"height\":1600,\"caption\":\"Baby Flow thee\"},{\"@type\":\"BreadcrumbList\",\"@id\":\"https:\/\/www.alternatievemiddelen.nl\/producten\/baby-flow-thee\/#breadcrumb\",\"itemListElement\":[{\"@type\":\"ListItem\",\"position\":1,\"name\":\"Home\",\"item\":\"https:\/\/www.alternatievemiddelen.nl\/\"},{\"@type\":\"ListItem\",\"position\":2,\"name\":\"Producten\",\"item\":\"https:\/\/www.alternatievemiddelen.nl\/producten\/\"},{\"@type\":\"ListItem\",\"position\":3,\"name\":\"Baby Flow thee | Ovulatie thee &#8211; 75 gr\"}]},{\"@type\":\"WebSite\",\"@id\":\"https:\/\/www.alternatievemiddelen.nl\/#website\",\"url\":\"https:\/\/www.alternatievemiddelen.nl\/\",\"name\":\"Alternatievemiddelen.nl\",\"description\":\"Webshop met gezonde, duurzame en ecologische alternatieve mogelijkheden in de hedendaagse levenstijl. Alles uit eigen ervaring.\",\"publisher\":{\"@id\":\"https:\/\/www.alternatievemiddelen.nl\/#organization\"},\"potentialAction\":[{\"@type\":\"SearchAction\",\"target\":{\"@type\":\"EntryPoint\",\"urlTemplate\":\"https:\/\/www.alternatievemiddelen.nl\/?s={search_term_string}\"},\"query-input\":{\"@type\":\"PropertyValueSpecification\",\"valueRequired\":true,\"valueName\":\"search_term_string\"}}],\"inLanguage\":\"es\"},{\"@type\":\"Organization\",\"@id\":\"https:\/\/www.alternatievemiddelen.nl\/#organization\",\"name\":\"Alternatievemiddelen.nl\",\"url\":\"https:\/\/www.alternatievemiddelen.nl\/\",\"logo\":{\"@type\":\"ImageObject\",\"inLanguage\":\"es\",\"@id\":\"https:\/\/www.alternatievemiddelen.nl\/#\/schema\/logo\/image\/\",\"url\":\"https:\/\/www.alternatievemiddelen.nl\/wp-content\/uploads\/2023\/10\/alternatievemiddelen-PNG-logo.png\",\"contentUrl\":\"https:\/\/www.alternatievemiddelen.nl\/wp-content\/uploads\/2023\/10\/alternatievemiddelen-PNG-logo.png\",\"width\":6400,\"height\":3062,\"caption\":\"Alternatievemiddelen.nl\"},\"image\":{\"@id\":\"https:\/\/www.alternatievemiddelen.nl\/#\/schema\/logo\/image\/\"}}]}<\/script>\n<!-- \/ Yoast SEO plugin. -->","yoast_head_json":{"title":"Baby Flow thee | Ovulatie thee - 75 gr - Alternatievemiddelen.nl","description":"Baby Flow thee is zorgvuldig samengesteld om vrouwen te ondersteunen tijdens bijzondere momenten in hun cyclus (ovulatie) en hun reis naar een nieuwe fase.","robots":{"index":"index","follow":"follow","max-snippet":"max-snippet:-1","max-image-preview":"max-image-preview:large","max-video-preview":"max-video-preview:-1"},"canonical":"https:\/\/www.alternatievemiddelen.nl\/es\/wp-json\/wp\/v2\/product\/49077","og_locale":"es_ES","og_type":"article","og_title":"Baby Flow thee | Ovulatie thee - 75 gr - Alternatievemiddelen.nl","og_description":"Baby Flow thee is zorgvuldig samengesteld om vrouwen te ondersteunen tijdens bijzondere momenten in hun cyclus (ovulatie) en hun reis naar een nieuwe fase.","og_url":"https:\/\/www.alternatievemiddelen.nl\/es\/productos\/te-baby-flow\/","og_site_name":"Alternatievemiddelen.nl","article_modified_time":"2026-03-28T01:28:32+00:00","og_image":[{"width":1200,"height":1600,"url":"\/wp-content\/uploads\/2025\/09\/Baby-Flow-thee-1.jpg","type":"image\/jpeg"}],"twitter_card":"summary_large_image","twitter_misc":{"Tiempo de lectura":"3 minutos"},"schema":{"@context":"https:\/\/schema.org","@graph":[{"@type":["WebPage","ItemPage"],"@id":"https:\/\/www.alternatievemiddelen.nl\/producten\/baby-flow-thee\/","url":"https:\/\/www.alternatievemiddelen.nl\/producten\/baby-flow-thee\/","name":"Baby Flow thee | Ovulatie thee - 75 gr - Alternatievemiddelen.nl","isPartOf":{"@id":"https:\/\/www.alternatievemiddelen.nl\/#website"},"primaryImageOfPage":{"@id":"https:\/\/www.alternatievemiddelen.nl\/producten\/baby-flow-thee\/#primaryimage"},"image":{"@id":"https:\/\/www.alternatievemiddelen.nl\/producten\/baby-flow-thee\/#primaryimage"},"thumbnailUrl":"https:\/\/www.alternatievemiddelen.nl\/wp-content\/uploads\/2025\/09\/Baby-Flow-thee-1.jpg","datePublished":"2025-09-22T08:24:07+00:00","dateModified":"2026-03-28T01:28:32+00:00","description":"Baby Flow thee is zorgvuldig samengesteld om vrouwen te ondersteunen tijdens bijzondere momenten in hun cyclus (ovulatie) en hun reis naar een nieuwe fase.","breadcrumb":{"@id":"https:\/\/www.alternatievemiddelen.nl\/producten\/baby-flow-thee\/#breadcrumb"},"inLanguage":"es","potentialAction":[{"@type":"ReadAction","target":["https:\/\/www.alternatievemiddelen.nl\/producten\/baby-flow-thee\/"]}]},{"@type":"ImageObject","inLanguage":"es","@id":"https:\/\/www.alternatievemiddelen.nl\/producten\/baby-flow-thee\/#primaryimage","url":"https:\/\/www.alternatievemiddelen.nl\/wp-content\/uploads\/2025\/09\/Baby-Flow-thee-1.jpg","contentUrl":"https:\/\/www.alternatievemiddelen.nl\/wp-content\/uploads\/2025\/09\/Baby-Flow-thee-1.jpg","width":1200,"height":1600,"caption":"Baby Flow thee"},{"@type":"BreadcrumbList","@id":"https:\/\/www.alternatievemiddelen.nl\/producten\/baby-flow-thee\/#breadcrumb","itemListElement":[{"@type":"ListItem","position":1,"name":"Home","item":"https:\/\/www.alternatievemiddelen.nl\/"},{"@type":"ListItem","position":2,"name":"Producten","item":"https:\/\/www.alternatievemiddelen.nl\/producten\/"},{"@type":"ListItem","position":3,"name":"Baby Flow thee | Ovulatie thee &#8211; 75 gr"}]},{"@type":"WebSite","@id":"https:\/\/www.alternatievemiddelen.nl\/#website","url":"https:\/\/www.alternatievemiddelen.nl\/","name":"Alternatievemiddelen.nl","description":"Webshop met gezonde, duurzame en ecologische alternatieve mogelijkheden in de hedendaagse levenstijl. Alles uit eigen ervaring.","publisher":{"@id":"https:\/\/www.alternatievemiddelen.nl\/#organization"},"potentialAction":[{"@type":"SearchAction","target":{"@type":"EntryPoint","urlTemplate":"https:\/\/www.alternatievemiddelen.nl\/?s={search_term_string}"},"query-input":{"@type":"PropertyValueSpecification","valueRequired":true,"valueName":"search_term_string"}}],"inLanguage":"es"},{"@type":"Organization","@id":"https:\/\/www.alternatievemiddelen.nl\/#organization","name":"Alternatievemiddelen.nl","url":"https:\/\/www.alternatievemiddelen.nl\/","logo":{"@type":"ImageObject","inLanguage":"es","@id":"https:\/\/www.alternatievemiddelen.nl\/#\/schema\/logo\/image\/","url":"https:\/\/www.alternatievemiddelen.nl\/wp-content\/uploads\/2023\/10\/alternatievemiddelen-PNG-logo.png","contentUrl":"https:\/\/www.alternatievemiddelen.nl\/wp-content\/uploads\/2023\/10\/alternatievemiddelen-PNG-logo.png","width":6400,"height":3062,"caption":"Alternatievemiddelen.nl"},"image":{"@id":"https:\/\/www.alternatievemiddelen.nl\/#\/schema\/logo\/image\/"}}]}},"_links":{"self":[{"href":"https:\/\/www.alternatievemiddelen.nl\/es\/wp-json\/wp\/v2\/product\/49077","targetHints":{"allow":["GET"]}}],"collection":[{"href":"https:\/\/www.alternatievemiddelen.nl\/es\/wp-json\/wp\/v2\/product"}],"about":[{"href":"https:\/\/www.alternatievemiddelen.nl\/es\/wp-json\/wp\/v2\/types\/product"}],"replies":[{"embeddable":true,"href":"https:\/\/www.alternatievemiddelen.nl\/es\/wp-json\/wp\/v2\/comments?post=49077"}],"wp:featuredmedia":[{"embeddable":true,"href":"https:\/\/www.alternatievemiddelen.nl\/es\/wp-json\/wp\/v2\/media\/49084"}],"wp:attachment":[{"href":"https:\/\/www.alternatievemiddelen.nl\/es\/wp-json\/wp\/v2\/media?parent=49077"}],"wp:term":[{"taxonomy":"product_brand","embeddable":true,"href":"https:\/\/www.alternatievemiddelen.nl\/es\/wp-json\/wp\/v2\/product_brand?post=49077"},{"taxonomy":"product_cat","embeddable":true,"href":"https:\/\/www.alternatievemiddelen.nl\/es\/wp-json\/wp\/v2\/product_cat?post=49077"},{"taxonomy":"product_tag","embeddable":true,"href":"https:\/\/www.alternatievemiddelen.nl\/es\/wp-json\/wp\/v2\/product_tag?post=49077"},{"taxonomy":"merk","embeddable":true,"href":"https:\/\/www.alternatievemiddelen.nl\/es\/wp-json\/wp\/v2\/merk?post=49077"}],"curies":[{"name":"wp","href":"https:\/\/api.w.org\/{rel}","templated":true}]}}